{"id":8235,"date":"2021-08-19T18:30:50","date_gmt":"2021-08-19T18:30:50","guid":{"rendered":"http:\/\/techmastermx.ddns.net\/producto\/luz-de-trabajo-de-microlitio-de-144-v-con-laser-solo-herramienta\/"},"modified":"2021-12-28T22:26:16","modified_gmt":"2021-12-28T22:26:16","slug":"luz-de-trabajo-de-microlitio-de-144-v-con-laser-solo-herramienta","status":"publish","type":"product","link":"https:\/\/techmasterdemexico.com\/en\/producto\/luz-de-trabajo-de-microlitio-de-144-v-con-laser-solo-herramienta\/","title":{"rendered":"Luz de trabajo de microlitio de 14,4 V con l\u00e1ser (solo herramienta)"},"content":{"rendered":"<p>Luz de trabajo de microlitio de 14,4 V con l\u00e1ser (solo herramienta) (rojo)<\/p>\n","protected":false},"excerpt":{"rendered":"<ul>\n<li>Salida de 200 lm<\/li>\n<li>Indicador de bater\u00eda baja (10 minutos)<\/li>\n<li>Tiempo de ejecuci\u00f3n de 4 horas<\/li>\n<li>Puntero l\u00e1ser<\/li>\n<li>Resiste los fluidos automotrices<\/li>\n<li>Carcasa de nailon modificado contra impactos<\/li>\n<li>Lente de vidrio templado<\/li>\n<li>Funciona con bater\u00edas CTB6172, CTB7172, CTB8172, CTB8172BK y CTB8174<\/li>\n<li>Bater\u00eda y cargador no incluidos<\/li>\n<\/ul>\n","protected":false},"featured_media":9440,"template":"","meta":{"_acf_changed":false},"pwb-brand":[98],"product_brand":[],"product_cat":[366,111,285,48],"product_tag":[],"class_list":{"0":"post-8235","1":"product","2":"type-product","3":"status-publish","4":"has-post-thumbnail","6":"pwb-brand-snap-on","7":"product_cat-todos-los-productos","8":"product_cat-herramientas-electricas","9":"product_cat-herramientas-electricas-e-inalambricas","10":"product_cat-snap-on","12":"first","13":"instock","14":"taxable","15":"shipping-taxable","16":"product-type-simple"},"acf":[],"yoast_head":"<!-- This site is optimized with the Yoast SEO plugin v27.4 - https:\/\/yoast.com\/product\/yoast-seo-wordpress\/ -->\n<title>Luz de trabajo de microlitio de 14,4 V con l\u00e1ser (solo herramienta) - Techmaster de Mexico<\/title>\n<meta name=\"robots\" content=\"index, follow, max-snippet:-1, max-image-preview:large, max-video-preview:-1\" \/>\n<link rel=\"canonical\" href=\"https:\/\/techmasterdemexico.com\/producto\/luz-de-trabajo-de-microlitio-de-144-v-con-laser-solo-herramienta\/\" \/>\n<meta property=\"og:locale\" content=\"en_US\" \/>\n<meta property=\"og:type\" content=\"article\" \/>\n<meta property=\"og:title\" content=\"Luz de trabajo de microlitio de 14,4 V con l\u00e1ser (solo herramienta) - Techmaster de Mexico\" \/>\n<meta property=\"og:description\" content=\"Salida de 200 lm   Indicador de bater\u00eda baja (10 minutos)   Tiempo de ejecuci\u00f3n de 4 horas   Puntero l\u00e1ser   Resiste los fluidos automotrices   Carcasa de nailon modificado contra impactos   Lente de vidrio templado   Funciona con bater\u00edas CTB6172, CTB7172, CTB8172, CTB8172BK y CTB8174   Bater\u00eda y cargador no incluidos\" \/>\n<meta property=\"og:url\" content=\"https:\/\/techmasterdemexico.com\/producto\/luz-de-trabajo-de-microlitio-de-144-v-con-laser-solo-herramienta\/\" \/>\n<meta property=\"og:site_name\" content=\"Techmaster de Mexico\" \/>\n<meta property=\"article:modified_time\" content=\"2021-12-28T22:26:16+00:00\" \/>\n<meta property=\"og:image\" content=\"https:\/\/techmasterdemexico.com\/wp-content\/uploads\/2021\/08\/CTLZ761.png\" \/>\n\t<meta property=\"og:image:width\" content=\"500\" \/>\n\t<meta property=\"og:image:height\" content=\"500\" \/>\n\t<meta property=\"og:image:type\" content=\"image\/png\" \/>\n<meta name=\"twitter:card\" content=\"summary_large_image\" \/>\n<script type=\"application\/ld+json\" class=\"yoast-schema-graph\">{\"@context\":\"https:\\\/\\\/schema.org\",\"@graph\":[{\"@type\":\"WebPage\",\"@id\":\"https:\\\/\\\/techmasterdemexico.com\\\/producto\\\/luz-de-trabajo-de-microlitio-de-144-v-con-laser-solo-herramienta\\\/\",\"url\":\"https:\\\/\\\/techmasterdemexico.com\\\/producto\\\/luz-de-trabajo-de-microlitio-de-144-v-con-laser-solo-herramienta\\\/\",\"name\":\"Luz de trabajo de microlitio de 14,4 V con l\u00e1ser (solo herramienta) - Techmaster de Mexico\",\"isPartOf\":{\"@id\":\"https:\\\/\\\/techmasterdemexico.com\\\/#website\"},\"primaryImageOfPage\":{\"@id\":\"https:\\\/\\\/techmasterdemexico.com\\\/producto\\\/luz-de-trabajo-de-microlitio-de-144-v-con-laser-solo-herramienta\\\/#primaryimage\"},\"image\":{\"@id\":\"https:\\\/\\\/techmasterdemexico.com\\\/producto\\\/luz-de-trabajo-de-microlitio-de-144-v-con-laser-solo-herramienta\\\/#primaryimage\"},\"thumbnailUrl\":\"https:\\\/\\\/techmasterdemexico.com\\\/wp-content\\\/uploads\\\/2021\\\/08\\\/CTLZ761.png\",\"datePublished\":\"2021-08-19T18:30:50+00:00\",\"dateModified\":\"2021-12-28T22:26:16+00:00\",\"breadcrumb\":{\"@id\":\"https:\\\/\\\/techmasterdemexico.com\\\/producto\\\/luz-de-trabajo-de-microlitio-de-144-v-con-laser-solo-herramienta\\\/#breadcrumb\"},\"inLanguage\":\"en-US\",\"potentialAction\":[{\"@type\":\"ReadAction\",\"target\":[\"https:\\\/\\\/techmasterdemexico.com\\\/producto\\\/luz-de-trabajo-de-microlitio-de-144-v-con-laser-solo-herramienta\\\/\"]}]},{\"@type\":\"ImageObject\",\"inLanguage\":\"en-US\",\"@id\":\"https:\\\/\\\/techmasterdemexico.com\\\/producto\\\/luz-de-trabajo-de-microlitio-de-144-v-con-laser-solo-herramienta\\\/#primaryimage\",\"url\":\"https:\\\/\\\/techmasterdemexico.com\\\/wp-content\\\/uploads\\\/2021\\\/08\\\/CTLZ761.png\",\"contentUrl\":\"https:\\\/\\\/techmasterdemexico.com\\\/wp-content\\\/uploads\\\/2021\\\/08\\\/CTLZ761.png\",\"width\":500,\"height\":500},{\"@type\":\"BreadcrumbList\",\"@id\":\"https:\\\/\\\/techmasterdemexico.com\\\/producto\\\/luz-de-trabajo-de-microlitio-de-144-v-con-laser-solo-herramienta\\\/#breadcrumb\",\"itemListElement\":[{\"@type\":\"ListItem\",\"position\":1,\"name\":\"Portada\",\"item\":\"https:\\\/\\\/techmasterdemexico.com\\\/\"},{\"@type\":\"ListItem\",\"position\":2,\"name\":\"Luz de trabajo de microlitio de 14,4 V con l\u00e1ser (solo herramienta)\"}]},{\"@type\":\"WebSite\",\"@id\":\"https:\\\/\\\/techmasterdemexico.com\\\/#website\",\"url\":\"https:\\\/\\\/techmasterdemexico.com\\\/\",\"name\":\"Techmaster de Mexico\",\"description\":\"\",\"potentialAction\":[{\"@type\":\"SearchAction\",\"target\":{\"@type\":\"EntryPoint\",\"urlTemplate\":\"https:\\\/\\\/techmasterdemexico.com\\\/?s={search_term_string}\"},\"query-input\":{\"@type\":\"PropertyValueSpecification\",\"valueRequired\":true,\"valueName\":\"search_term_string\"}}],\"inLanguage\":\"en-US\"}]}<\/script>\n<!-- \/ Yoast SEO plugin. -->","yoast_head_json":{"title":"Luz de trabajo de microlitio de 14,4 V con l\u00e1ser (solo herramienta) - Techmaster de Mexico","robots":{"index":"index","follow":"follow","max-snippet":"max-snippet:-1","max-image-preview":"max-image-preview:large","max-video-preview":"max-video-preview:-1"},"canonical":"https:\/\/techmasterdemexico.com\/producto\/luz-de-trabajo-de-microlitio-de-144-v-con-laser-solo-herramienta\/","og_locale":"en_US","og_type":"article","og_title":"Luz de trabajo de microlitio de 14,4 V con l\u00e1ser (solo herramienta) - Techmaster de Mexico","og_description":"Salida de 200 lm   Indicador de bater\u00eda baja (10 minutos)   Tiempo de ejecuci\u00f3n de 4 horas   Puntero l\u00e1ser   Resiste los fluidos automotrices   Carcasa de nailon modificado contra impactos   Lente de vidrio templado   Funciona con bater\u00edas CTB6172, CTB7172, CTB8172, CTB8172BK y CTB8174   Bater\u00eda y cargador no incluidos","og_url":"https:\/\/techmasterdemexico.com\/producto\/luz-de-trabajo-de-microlitio-de-144-v-con-laser-solo-herramienta\/","og_site_name":"Techmaster de Mexico","article_modified_time":"2021-12-28T22:26:16+00:00","og_image":[{"width":500,"height":500,"url":"https:\/\/techmasterdemexico.com\/wp-content\/uploads\/2021\/08\/CTLZ761.png","type":"image\/png"}],"twitter_card":"summary_large_image","schema":{"@context":"https:\/\/schema.org","@graph":[{"@type":"WebPage","@id":"https:\/\/techmasterdemexico.com\/producto\/luz-de-trabajo-de-microlitio-de-144-v-con-laser-solo-herramienta\/","url":"https:\/\/techmasterdemexico.com\/producto\/luz-de-trabajo-de-microlitio-de-144-v-con-laser-solo-herramienta\/","name":"Luz de trabajo de microlitio de 14,4 V con l\u00e1ser (solo herramienta) - Techmaster de Mexico","isPartOf":{"@id":"https:\/\/techmasterdemexico.com\/#website"},"primaryImageOfPage":{"@id":"https:\/\/techmasterdemexico.com\/producto\/luz-de-trabajo-de-microlitio-de-144-v-con-laser-solo-herramienta\/#primaryimage"},"image":{"@id":"https:\/\/techmasterdemexico.com\/producto\/luz-de-trabajo-de-microlitio-de-144-v-con-laser-solo-herramienta\/#primaryimage"},"thumbnailUrl":"https:\/\/techmasterdemexico.com\/wp-content\/uploads\/2021\/08\/CTLZ761.png","datePublished":"2021-08-19T18:30:50+00:00","dateModified":"2021-12-28T22:26:16+00:00","breadcrumb":{"@id":"https:\/\/techmasterdemexico.com\/producto\/luz-de-trabajo-de-microlitio-de-144-v-con-laser-solo-herramienta\/#breadcrumb"},"inLanguage":"en-US","potentialAction":[{"@type":"ReadAction","target":["https:\/\/techmasterdemexico.com\/producto\/luz-de-trabajo-de-microlitio-de-144-v-con-laser-solo-herramienta\/"]}]},{"@type":"ImageObject","inLanguage":"en-US","@id":"https:\/\/techmasterdemexico.com\/producto\/luz-de-trabajo-de-microlitio-de-144-v-con-laser-solo-herramienta\/#primaryimage","url":"https:\/\/techmasterdemexico.com\/wp-content\/uploads\/2021\/08\/CTLZ761.png","contentUrl":"https:\/\/techmasterdemexico.com\/wp-content\/uploads\/2021\/08\/CTLZ761.png","width":500,"height":500},{"@type":"BreadcrumbList","@id":"https:\/\/techmasterdemexico.com\/producto\/luz-de-trabajo-de-microlitio-de-144-v-con-laser-solo-herramienta\/#breadcrumb","itemListElement":[{"@type":"ListItem","position":1,"name":"Portada","item":"https:\/\/techmasterdemexico.com\/"},{"@type":"ListItem","position":2,"name":"Luz de trabajo de microlitio de 14,4 V con l\u00e1ser (solo herramienta)"}]},{"@type":"WebSite","@id":"https:\/\/techmasterdemexico.com\/#website","url":"https:\/\/techmasterdemexico.com\/","name":"Techmaster de Mexico","description":"","potentialAction":[{"@type":"SearchAction","target":{"@type":"EntryPoint","urlTemplate":"https:\/\/techmasterdemexico.com\/?s={search_term_string}"},"query-input":{"@type":"PropertyValueSpecification","valueRequired":true,"valueName":"search_term_string"}}],"inLanguage":"en-US"}]}},"brands":[{"id":98,"name":"Snap On","slug":"snap-on"}],"_links":{"self":[{"href":"https:\/\/techmasterdemexico.com\/en\/wp-json\/wp\/v2\/product\/8235","targetHints":{"allow":["GET"]}}],"collection":[{"href":"https:\/\/techmasterdemexico.com\/en\/wp-json\/wp\/v2\/product"}],"about":[{"href":"https:\/\/techmasterdemexico.com\/en\/wp-json\/wp\/v2\/types\/product"}],"wp:featuredmedia":[{"embeddable":true,"href":"https:\/\/techmasterdemexico.com\/en\/wp-json\/wp\/v2\/media\/9440"}],"wp:attachment":[{"href":"https:\/\/techmasterdemexico.com\/en\/wp-json\/wp\/v2\/media?parent=8235"}],"wp:term":[{"taxonomy":"pwb-brand","embeddable":true,"href":"https:\/\/techmasterdemexico.com\/en\/wp-json\/wp\/v2\/pwb-brand?post=8235"},{"taxonomy":"product_brand","embeddable":true,"href":"https:\/\/techmasterdemexico.com\/en\/wp-json\/wp\/v2\/product_brand?post=8235"},{"taxonomy":"product_cat","embeddable":true,"href":"https:\/\/techmasterdemexico.com\/en\/wp-json\/wp\/v2\/product_cat?post=8235"},{"taxonomy":"product_tag","embeddable":true,"href":"https:\/\/techmasterdemexico.com\/en\/wp-json\/wp\/v2\/product_tag?post=8235"}],"curies":[{"name":"wp","href":"https:\/\/api.w.org\/{rel}","templated":true}]}}