{"id":8234,"date":"2021-08-19T18:30:50","date_gmt":"2021-08-19T18:30:50","guid":{"rendered":"http:\/\/techmastermx.ddns.net\/producto\/monsterlithium-recargable-de-18-v-luz-de-trabajo-inalambrica-solo-herramienta\/"},"modified":"2021-12-28T22:26:16","modified_gmt":"2021-12-28T22:26:16","slug":"monsterlithium-recargable-de-18-v-luz-de-trabajo-inalambrica-solo-herramienta","status":"publish","type":"product","link":"https:\/\/techmasterdemexico.com\/en\/producto\/monsterlithium-recargable-de-18-v-luz-de-trabajo-inalambrica-solo-herramienta\/","title":{"rendered":"MonsterLithium recargable de 18 V luz de trabajo inal\u00e1mbrica (solo herramienta)"},"content":{"rendered":"<p>MonsterLithium recargable de 18 V<\/p>\n","protected":false},"excerpt":{"rendered":"<ul>\n<li>Luz de alto rendimiento; 800 lm<\/li>\n<li>El sistema de reflector doble cambia f\u00e1cilmente de inundaci\u00f3n a haz<\/li>\n<li>Cabezal giratorio de 120 \u00b0<\/li>\n<li>Vida \u00fatil de la bombilla de 50.000 horas<\/li>\n<li>Tiempo de ejecuci\u00f3n de 11 horas<\/li>\n<li>La lente de vidrio templado resiste el agrietamiento y el amarilleo<\/li>\n<li>Resiste la mayor\u00eda de los fluidos automotrices<\/li>\n<li>La luz de bater\u00eda baja indica cuando la bater\u00eda necesita cargarse<\/li>\n<li>El interruptor alto \/ bajo permite al usuario reducir la salida de luz en un 50%<\/li>\n<li>Bater\u00eda y cargador no incluidos<\/li>\n<\/ul>\n","protected":false},"featured_media":9439,"template":"","meta":{"_acf_changed":false},"pwb-brand":[98],"product_brand":[],"product_cat":[366,111,285,48],"product_tag":[297,295,296],"class_list":{"0":"post-8234","1":"product","2":"type-product","3":"status-publish","4":"has-post-thumbnail","6":"pwb-brand-snap-on","7":"product_cat-todos-los-productos","8":"product_cat-herramientas-electricas","9":"product_cat-herramientas-electricas-e-inalambricas","10":"product_cat-snap-on","11":"product_tag-snap-on","12":"product_tag-snap-on-herramientas-electricas","13":"product_tag-snap-on-herramientas-electricas-herramientas-electricas-e-inalambricas","15":"first","16":"instock","17":"taxable","18":"shipping-taxable","19":"product-type-simple"},"acf":[],"yoast_head":"<!-- This site is optimized with the Yoast SEO plugin v27.4 - https:\/\/yoast.com\/product\/yoast-seo-wordpress\/ -->\n<title>MonsterLithium recargable de 18 V luz de trabajo inal\u00e1mbrica (solo herramienta) - Techmaster de Mexico<\/title>\n<meta name=\"robots\" content=\"index, follow, max-snippet:-1, max-image-preview:large, max-video-preview:-1\" \/>\n<link rel=\"canonical\" href=\"https:\/\/techmasterdemexico.com\/producto\/monsterlithium-recargable-de-18-v-luz-de-trabajo-inalambrica-solo-herramienta\/\" \/>\n<meta property=\"og:locale\" content=\"en_US\" \/>\n<meta property=\"og:type\" content=\"article\" \/>\n<meta property=\"og:title\" content=\"MonsterLithium recargable de 18 V luz de trabajo inal\u00e1mbrica (solo herramienta) - Techmaster de Mexico\" \/>\n<meta property=\"og:description\" content=\"[:es]  Luz de alto rendimiento; 800 lm  El sistema de reflector doble cambia f\u00e1cilmente de inundaci\u00f3n a haz  Cabezal giratorio de 120 \u00b0  Vida \u00fatil de la bombilla de 50.000 horas  Tiempo de ejecuci\u00f3n de 11 horas  La lente de vidrio templado resiste el agrietamiento y el amarilleo  Resiste la mayor\u00eda de los fluidos automotrices  La luz de bater\u00eda baja indica cuando la bater\u00eda necesita cargarse  El interruptor alto \/ bajo permite al usuario reducir la salida de luz en un 50%  Bater\u00eda y cargador no incluidos [:en]       Luz de alto rendimiento; 800 lm     El sistema de reflector doble cambia f\u00e1cilmente de inundaci\u00f3n a haz     Cabezal giratorio de 120 \u00b0     Vida \u00fatil de la bombilla de 50.000 horas     Tiempo de ejecuci\u00f3n de 11 horas     La lente de vidrio templado resiste el agrietamiento y el amarilleo     Resiste la mayor\u00eda de los fluidos automotrices     La luz de bater\u00eda baja indica cuando la bater\u00eda necesita cargarse     El interruptor alto \/ bajo permite al usuario reducir la salida de luz en un 50%     Bater\u00eda y cargador no incluidos      [:]\" \/>\n<meta property=\"og:url\" content=\"https:\/\/techmasterdemexico.com\/producto\/monsterlithium-recargable-de-18-v-luz-de-trabajo-inalambrica-solo-herramienta\/\" \/>\n<meta property=\"og:site_name\" content=\"Techmaster de Mexico\" \/>\n<meta property=\"article:modified_time\" content=\"2021-12-28T22:26:16+00:00\" \/>\n<meta property=\"og:image\" content=\"https:\/\/techmasterdemexico.com\/wp-content\/uploads\/2021\/08\/CTLED9050.png\" \/>\n\t<meta property=\"og:image:width\" content=\"500\" \/>\n\t<meta property=\"og:image:height\" content=\"500\" \/>\n\t<meta property=\"og:image:type\" content=\"image\/png\" \/>\n<meta name=\"twitter:card\" content=\"summary_large_image\" \/>\n<script type=\"application\/ld+json\" class=\"yoast-schema-graph\">{\"@context\":\"https:\\\/\\\/schema.org\",\"@graph\":[{\"@type\":\"WebPage\",\"@id\":\"https:\\\/\\\/techmasterdemexico.com\\\/producto\\\/monsterlithium-recargable-de-18-v-luz-de-trabajo-inalambrica-solo-herramienta\\\/\",\"url\":\"https:\\\/\\\/techmasterdemexico.com\\\/producto\\\/monsterlithium-recargable-de-18-v-luz-de-trabajo-inalambrica-solo-herramienta\\\/\",\"name\":\"MonsterLithium recargable de 18 V luz de trabajo inal\u00e1mbrica (solo herramienta) - Techmaster de Mexico\",\"isPartOf\":{\"@id\":\"https:\\\/\\\/techmasterdemexico.com\\\/#website\"},\"primaryImageOfPage\":{\"@id\":\"https:\\\/\\\/techmasterdemexico.com\\\/producto\\\/monsterlithium-recargable-de-18-v-luz-de-trabajo-inalambrica-solo-herramienta\\\/#primaryimage\"},\"image\":{\"@id\":\"https:\\\/\\\/techmasterdemexico.com\\\/producto\\\/monsterlithium-recargable-de-18-v-luz-de-trabajo-inalambrica-solo-herramienta\\\/#primaryimage\"},\"thumbnailUrl\":\"https:\\\/\\\/techmasterdemexico.com\\\/wp-content\\\/uploads\\\/2021\\\/08\\\/CTLED9050.png\",\"datePublished\":\"2021-08-19T18:30:50+00:00\",\"dateModified\":\"2021-12-28T22:26:16+00:00\",\"breadcrumb\":{\"@id\":\"https:\\\/\\\/techmasterdemexico.com\\\/producto\\\/monsterlithium-recargable-de-18-v-luz-de-trabajo-inalambrica-solo-herramienta\\\/#breadcrumb\"},\"inLanguage\":\"en-US\",\"potentialAction\":[{\"@type\":\"ReadAction\",\"target\":[\"https:\\\/\\\/techmasterdemexico.com\\\/producto\\\/monsterlithium-recargable-de-18-v-luz-de-trabajo-inalambrica-solo-herramienta\\\/\"]}]},{\"@type\":\"ImageObject\",\"inLanguage\":\"en-US\",\"@id\":\"https:\\\/\\\/techmasterdemexico.com\\\/producto\\\/monsterlithium-recargable-de-18-v-luz-de-trabajo-inalambrica-solo-herramienta\\\/#primaryimage\",\"url\":\"https:\\\/\\\/techmasterdemexico.com\\\/wp-content\\\/uploads\\\/2021\\\/08\\\/CTLED9050.png\",\"contentUrl\":\"https:\\\/\\\/techmasterdemexico.com\\\/wp-content\\\/uploads\\\/2021\\\/08\\\/CTLED9050.png\",\"width\":500,\"height\":500},{\"@type\":\"BreadcrumbList\",\"@id\":\"https:\\\/\\\/techmasterdemexico.com\\\/producto\\\/monsterlithium-recargable-de-18-v-luz-de-trabajo-inalambrica-solo-herramienta\\\/#breadcrumb\",\"itemListElement\":[{\"@type\":\"ListItem\",\"position\":1,\"name\":\"Portada\",\"item\":\"https:\\\/\\\/techmasterdemexico.com\\\/\"},{\"@type\":\"ListItem\",\"position\":2,\"name\":\"MonsterLithium recargable de 18 V luz de trabajo inal\u00e1mbrica (solo herramienta)\"}]},{\"@type\":\"WebSite\",\"@id\":\"https:\\\/\\\/techmasterdemexico.com\\\/#website\",\"url\":\"https:\\\/\\\/techmasterdemexico.com\\\/\",\"name\":\"Techmaster de Mexico\",\"description\":\"\",\"potentialAction\":[{\"@type\":\"SearchAction\",\"target\":{\"@type\":\"EntryPoint\",\"urlTemplate\":\"https:\\\/\\\/techmasterdemexico.com\\\/?s={search_term_string}\"},\"query-input\":{\"@type\":\"PropertyValueSpecification\",\"valueRequired\":true,\"valueName\":\"search_term_string\"}}],\"inLanguage\":\"en-US\"}]}<\/script>\n<!-- \/ Yoast SEO plugin. -->","yoast_head_json":{"title":"MonsterLithium recargable de 18 V luz de trabajo inal\u00e1mbrica (solo herramienta) - Techmaster de Mexico","robots":{"index":"index","follow":"follow","max-snippet":"max-snippet:-1","max-image-preview":"max-image-preview:large","max-video-preview":"max-video-preview:-1"},"canonical":"https:\/\/techmasterdemexico.com\/producto\/monsterlithium-recargable-de-18-v-luz-de-trabajo-inalambrica-solo-herramienta\/","og_locale":"en_US","og_type":"article","og_title":"MonsterLithium recargable de 18 V luz de trabajo inal\u00e1mbrica (solo herramienta) - Techmaster de Mexico","og_description":"[:es]  Luz de alto rendimiento; 800 lm  El sistema de reflector doble cambia f\u00e1cilmente de inundaci\u00f3n a haz  Cabezal giratorio de 120 \u00b0  Vida \u00fatil de la bombilla de 50.000 horas  Tiempo de ejecuci\u00f3n de 11 horas  La lente de vidrio templado resiste el agrietamiento y el amarilleo  Resiste la mayor\u00eda de los fluidos automotrices  La luz de bater\u00eda baja indica cuando la bater\u00eda necesita cargarse  El interruptor alto \/ bajo permite al usuario reducir la salida de luz en un 50%  Bater\u00eda y cargador no incluidos [:en]       Luz de alto rendimiento; 800 lm     El sistema de reflector doble cambia f\u00e1cilmente de inundaci\u00f3n a haz     Cabezal giratorio de 120 \u00b0     Vida \u00fatil de la bombilla de 50.000 horas     Tiempo de ejecuci\u00f3n de 11 horas     La lente de vidrio templado resiste el agrietamiento y el amarilleo     Resiste la mayor\u00eda de los fluidos automotrices     La luz de bater\u00eda baja indica cuando la bater\u00eda necesita cargarse     El interruptor alto \/ bajo permite al usuario reducir la salida de luz en un 50%     Bater\u00eda y cargador no incluidos      [:]","og_url":"https:\/\/techmasterdemexico.com\/producto\/monsterlithium-recargable-de-18-v-luz-de-trabajo-inalambrica-solo-herramienta\/","og_site_name":"Techmaster de Mexico","article_modified_time":"2021-12-28T22:26:16+00:00","og_image":[{"width":500,"height":500,"url":"https:\/\/techmasterdemexico.com\/wp-content\/uploads\/2021\/08\/CTLED9050.png","type":"image\/png"}],"twitter_card":"summary_large_image","schema":{"@context":"https:\/\/schema.org","@graph":[{"@type":"WebPage","@id":"https:\/\/techmasterdemexico.com\/producto\/monsterlithium-recargable-de-18-v-luz-de-trabajo-inalambrica-solo-herramienta\/","url":"https:\/\/techmasterdemexico.com\/producto\/monsterlithium-recargable-de-18-v-luz-de-trabajo-inalambrica-solo-herramienta\/","name":"MonsterLithium recargable de 18 V luz de trabajo inal\u00e1mbrica (solo herramienta) - Techmaster de Mexico","isPartOf":{"@id":"https:\/\/techmasterdemexico.com\/#website"},"primaryImageOfPage":{"@id":"https:\/\/techmasterdemexico.com\/producto\/monsterlithium-recargable-de-18-v-luz-de-trabajo-inalambrica-solo-herramienta\/#primaryimage"},"image":{"@id":"https:\/\/techmasterdemexico.com\/producto\/monsterlithium-recargable-de-18-v-luz-de-trabajo-inalambrica-solo-herramienta\/#primaryimage"},"thumbnailUrl":"https:\/\/techmasterdemexico.com\/wp-content\/uploads\/2021\/08\/CTLED9050.png","datePublished":"2021-08-19T18:30:50+00:00","dateModified":"2021-12-28T22:26:16+00:00","breadcrumb":{"@id":"https:\/\/techmasterdemexico.com\/producto\/monsterlithium-recargable-de-18-v-luz-de-trabajo-inalambrica-solo-herramienta\/#breadcrumb"},"inLanguage":"en-US","potentialAction":[{"@type":"ReadAction","target":["https:\/\/techmasterdemexico.com\/producto\/monsterlithium-recargable-de-18-v-luz-de-trabajo-inalambrica-solo-herramienta\/"]}]},{"@type":"ImageObject","inLanguage":"en-US","@id":"https:\/\/techmasterdemexico.com\/producto\/monsterlithium-recargable-de-18-v-luz-de-trabajo-inalambrica-solo-herramienta\/#primaryimage","url":"https:\/\/techmasterdemexico.com\/wp-content\/uploads\/2021\/08\/CTLED9050.png","contentUrl":"https:\/\/techmasterdemexico.com\/wp-content\/uploads\/2021\/08\/CTLED9050.png","width":500,"height":500},{"@type":"BreadcrumbList","@id":"https:\/\/techmasterdemexico.com\/producto\/monsterlithium-recargable-de-18-v-luz-de-trabajo-inalambrica-solo-herramienta\/#breadcrumb","itemListElement":[{"@type":"ListItem","position":1,"name":"Portada","item":"https:\/\/techmasterdemexico.com\/"},{"@type":"ListItem","position":2,"name":"MonsterLithium recargable de 18 V luz de trabajo inal\u00e1mbrica (solo herramienta)"}]},{"@type":"WebSite","@id":"https:\/\/techmasterdemexico.com\/#website","url":"https:\/\/techmasterdemexico.com\/","name":"Techmaster de Mexico","description":"","potentialAction":[{"@type":"SearchAction","target":{"@type":"EntryPoint","urlTemplate":"https:\/\/techmasterdemexico.com\/?s={search_term_string}"},"query-input":{"@type":"PropertyValueSpecification","valueRequired":true,"valueName":"search_term_string"}}],"inLanguage":"en-US"}]}},"brands":[{"id":98,"name":"Snap On","slug":"snap-on"}],"_links":{"self":[{"href":"https:\/\/techmasterdemexico.com\/en\/wp-json\/wp\/v2\/product\/8234","targetHints":{"allow":["GET"]}}],"collection":[{"href":"https:\/\/techmasterdemexico.com\/en\/wp-json\/wp\/v2\/product"}],"about":[{"href":"https:\/\/techmasterdemexico.com\/en\/wp-json\/wp\/v2\/types\/product"}],"wp:featuredmedia":[{"embeddable":true,"href":"https:\/\/techmasterdemexico.com\/en\/wp-json\/wp\/v2\/media\/9439"}],"wp:attachment":[{"href":"https:\/\/techmasterdemexico.com\/en\/wp-json\/wp\/v2\/media?parent=8234"}],"wp:term":[{"taxonomy":"pwb-brand","embeddable":true,"href":"https:\/\/techmasterdemexico.com\/en\/wp-json\/wp\/v2\/pwb-brand?post=8234"},{"taxonomy":"product_brand","embeddable":true,"href":"https:\/\/techmasterdemexico.com\/en\/wp-json\/wp\/v2\/product_brand?post=8234"},{"taxonomy":"product_cat","embeddable":true,"href":"https:\/\/techmasterdemexico.com\/en\/wp-json\/wp\/v2\/product_cat?post=8234"},{"taxonomy":"product_tag","embeddable":true,"href":"https:\/\/techmasterdemexico.com\/en\/wp-json\/wp\/v2\/product_tag?post=8234"}],"curies":[{"name":"wp","href":"https:\/\/api.w.org\/{rel}","templated":true}]}}