{"id":8232,"date":"2021-08-19T18:30:49","date_gmt":"2021-08-19T18:30:49","guid":{"rendered":"http:\/\/techmastermx.ddns.net\/producto\/cargador-de-doble-bahia-de-144-y-18-v\/"},"modified":"2021-12-28T22:26:17","modified_gmt":"2021-12-28T22:26:17","slug":"cargador-de-doble-bahia-de-144-y-18-v","status":"publish","type":"product","link":"https:\/\/techmasterdemexico.com\/en\/producto\/cargador-de-doble-bahia-de-144-y-18-v\/","title":{"rendered":"Cargador de doble bah\u00eda de 14,4 y 18 V"},"content":{"rendered":"<p>Cargador de doble bah\u00eda de 14,4 y 18 V<\/p>\n<p>&nbsp;<\/p>\n","protected":false},"excerpt":{"rendered":"<ul>\n<li>Compartimento doble: carga bater\u00edas de micropitio de 14,4 V y de litio de 18 V de forma consecutiva<\/li>\n<li>Puerto USB integrado: carga tel\u00e9fonos y peque\u00f1os dispositivos electr\u00f3nicos<\/li>\n<li>Indicador LED de combustible: indica el estado de carga de la bater\u00eda.<\/li>\n<li>Perfil bajo: ideal para el almacenamiento de herramientas<\/li>\n<li>Se puede montar en la pared: f\u00e1cil de colgar para un uso apartado<\/li>\n<li>Cable de alta resistencia con enchufe en cadena: permite que otros dispositivos electr\u00f3nicos permanezcan enchufados<\/li>\n<li>Garant\u00eda de un a\u00f1o<\/li>\n<li>Marca FCC, CE, BC, Square D<\/li>\n<li>Las bater\u00edas se venden por separado<\/li>\n<\/ul>\n","protected":false},"featured_media":9441,"template":"","meta":{"_acf_changed":false},"pwb-brand":[98],"product_brand":[],"product_cat":[366,111,285,48],"product_tag":[],"class_list":{"0":"post-8232","1":"product","2":"type-product","3":"status-publish","4":"has-post-thumbnail","6":"pwb-brand-snap-on","7":"product_cat-todos-los-productos","8":"product_cat-herramientas-electricas","9":"product_cat-herramientas-electricas-e-inalambricas","10":"product_cat-snap-on","12":"first","13":"instock","14":"taxable","15":"shipping-taxable","16":"product-type-simple"},"acf":[],"yoast_head":"<!-- This site is optimized with the Yoast SEO plugin v27.4 - https:\/\/yoast.com\/product\/yoast-seo-wordpress\/ -->\n<title>Cargador de doble bah\u00eda de 14,4 y 18 V - Techmaster de Mexico<\/title>\n<meta name=\"robots\" content=\"index, follow, max-snippet:-1, max-image-preview:large, max-video-preview:-1\" \/>\n<link rel=\"canonical\" href=\"https:\/\/techmasterdemexico.com\/producto\/cargador-de-doble-bahia-de-144-y-18-v\/\" \/>\n<meta property=\"og:locale\" content=\"en_US\" \/>\n<meta property=\"og:type\" content=\"article\" \/>\n<meta property=\"og:title\" content=\"Cargador de doble bah\u00eda de 14,4 y 18 V - Techmaster de Mexico\" \/>\n<meta property=\"og:description\" content=\"Compartimento doble: carga bater\u00edas de micropitio de 14,4 V y de litio de 18 V de forma consecutiva   Puerto USB integrado: carga tel\u00e9fonos y peque\u00f1os dispositivos electr\u00f3nicos   Indicador LED de combustible: indica el estado de carga de la bater\u00eda.   Perfil bajo: ideal para el almacenamiento de herramientas   Se puede montar en la pared: f\u00e1cil de colgar para un uso apartado   Cable de alta resistencia con enchufe en cadena: permite que otros dispositivos electr\u00f3nicos permanezcan enchufados   Garant\u00eda de un a\u00f1o   Marca FCC, CE, BC, Square D   Las bater\u00edas se venden por separado\" \/>\n<meta property=\"og:url\" content=\"https:\/\/techmasterdemexico.com\/producto\/cargador-de-doble-bahia-de-144-y-18-v\/\" \/>\n<meta property=\"og:site_name\" content=\"Techmaster de Mexico\" \/>\n<meta property=\"article:modified_time\" content=\"2021-12-28T22:26:17+00:00\" \/>\n<meta property=\"og:image\" content=\"https:\/\/techmasterdemexico.com\/wp-content\/uploads\/2021\/08\/CTC131.png\" \/>\n\t<meta property=\"og:image:width\" content=\"500\" \/>\n\t<meta property=\"og:image:height\" content=\"500\" \/>\n\t<meta property=\"og:image:type\" content=\"image\/png\" \/>\n<meta name=\"twitter:card\" content=\"summary_large_image\" \/>\n<script type=\"application\/ld+json\" class=\"yoast-schema-graph\">{\"@context\":\"https:\\\/\\\/schema.org\",\"@graph\":[{\"@type\":\"WebPage\",\"@id\":\"https:\\\/\\\/techmasterdemexico.com\\\/producto\\\/cargador-de-doble-bahia-de-144-y-18-v\\\/\",\"url\":\"https:\\\/\\\/techmasterdemexico.com\\\/producto\\\/cargador-de-doble-bahia-de-144-y-18-v\\\/\",\"name\":\"Cargador de doble bah\u00eda de 14,4 y 18 V - Techmaster de Mexico\",\"isPartOf\":{\"@id\":\"https:\\\/\\\/techmasterdemexico.com\\\/#website\"},\"primaryImageOfPage\":{\"@id\":\"https:\\\/\\\/techmasterdemexico.com\\\/producto\\\/cargador-de-doble-bahia-de-144-y-18-v\\\/#primaryimage\"},\"image\":{\"@id\":\"https:\\\/\\\/techmasterdemexico.com\\\/producto\\\/cargador-de-doble-bahia-de-144-y-18-v\\\/#primaryimage\"},\"thumbnailUrl\":\"https:\\\/\\\/techmasterdemexico.com\\\/wp-content\\\/uploads\\\/2021\\\/08\\\/CTC131.png\",\"datePublished\":\"2021-08-19T18:30:49+00:00\",\"dateModified\":\"2021-12-28T22:26:17+00:00\",\"breadcrumb\":{\"@id\":\"https:\\\/\\\/techmasterdemexico.com\\\/producto\\\/cargador-de-doble-bahia-de-144-y-18-v\\\/#breadcrumb\"},\"inLanguage\":\"en-US\",\"potentialAction\":[{\"@type\":\"ReadAction\",\"target\":[\"https:\\\/\\\/techmasterdemexico.com\\\/producto\\\/cargador-de-doble-bahia-de-144-y-18-v\\\/\"]}]},{\"@type\":\"ImageObject\",\"inLanguage\":\"en-US\",\"@id\":\"https:\\\/\\\/techmasterdemexico.com\\\/producto\\\/cargador-de-doble-bahia-de-144-y-18-v\\\/#primaryimage\",\"url\":\"https:\\\/\\\/techmasterdemexico.com\\\/wp-content\\\/uploads\\\/2021\\\/08\\\/CTC131.png\",\"contentUrl\":\"https:\\\/\\\/techmasterdemexico.com\\\/wp-content\\\/uploads\\\/2021\\\/08\\\/CTC131.png\",\"width\":500,\"height\":500},{\"@type\":\"BreadcrumbList\",\"@id\":\"https:\\\/\\\/techmasterdemexico.com\\\/producto\\\/cargador-de-doble-bahia-de-144-y-18-v\\\/#breadcrumb\",\"itemListElement\":[{\"@type\":\"ListItem\",\"position\":1,\"name\":\"Portada\",\"item\":\"https:\\\/\\\/techmasterdemexico.com\\\/\"},{\"@type\":\"ListItem\",\"position\":2,\"name\":\"Cargador de doble bah\u00eda de 14,4 y 18 V\"}]},{\"@type\":\"WebSite\",\"@id\":\"https:\\\/\\\/techmasterdemexico.com\\\/#website\",\"url\":\"https:\\\/\\\/techmasterdemexico.com\\\/\",\"name\":\"Techmaster de Mexico\",\"description\":\"\",\"potentialAction\":[{\"@type\":\"SearchAction\",\"target\":{\"@type\":\"EntryPoint\",\"urlTemplate\":\"https:\\\/\\\/techmasterdemexico.com\\\/?s={search_term_string}\"},\"query-input\":{\"@type\":\"PropertyValueSpecification\",\"valueRequired\":true,\"valueName\":\"search_term_string\"}}],\"inLanguage\":\"en-US\"}]}<\/script>\n<!-- \/ Yoast SEO plugin. -->","yoast_head_json":{"title":"Cargador de doble bah\u00eda de 14,4 y 18 V - Techmaster de Mexico","robots":{"index":"index","follow":"follow","max-snippet":"max-snippet:-1","max-image-preview":"max-image-preview:large","max-video-preview":"max-video-preview:-1"},"canonical":"https:\/\/techmasterdemexico.com\/producto\/cargador-de-doble-bahia-de-144-y-18-v\/","og_locale":"en_US","og_type":"article","og_title":"Cargador de doble bah\u00eda de 14,4 y 18 V - Techmaster de Mexico","og_description":"Compartimento doble: carga bater\u00edas de micropitio de 14,4 V y de litio de 18 V de forma consecutiva   Puerto USB integrado: carga tel\u00e9fonos y peque\u00f1os dispositivos electr\u00f3nicos   Indicador LED de combustible: indica el estado de carga de la bater\u00eda.   Perfil bajo: ideal para el almacenamiento de herramientas   Se puede montar en la pared: f\u00e1cil de colgar para un uso apartado   Cable de alta resistencia con enchufe en cadena: permite que otros dispositivos electr\u00f3nicos permanezcan enchufados   Garant\u00eda de un a\u00f1o   Marca FCC, CE, BC, Square D   Las bater\u00edas se venden por separado","og_url":"https:\/\/techmasterdemexico.com\/producto\/cargador-de-doble-bahia-de-144-y-18-v\/","og_site_name":"Techmaster de Mexico","article_modified_time":"2021-12-28T22:26:17+00:00","og_image":[{"width":500,"height":500,"url":"https:\/\/techmasterdemexico.com\/wp-content\/uploads\/2021\/08\/CTC131.png","type":"image\/png"}],"twitter_card":"summary_large_image","schema":{"@context":"https:\/\/schema.org","@graph":[{"@type":"WebPage","@id":"https:\/\/techmasterdemexico.com\/producto\/cargador-de-doble-bahia-de-144-y-18-v\/","url":"https:\/\/techmasterdemexico.com\/producto\/cargador-de-doble-bahia-de-144-y-18-v\/","name":"Cargador de doble bah\u00eda de 14,4 y 18 V - Techmaster de Mexico","isPartOf":{"@id":"https:\/\/techmasterdemexico.com\/#website"},"primaryImageOfPage":{"@id":"https:\/\/techmasterdemexico.com\/producto\/cargador-de-doble-bahia-de-144-y-18-v\/#primaryimage"},"image":{"@id":"https:\/\/techmasterdemexico.com\/producto\/cargador-de-doble-bahia-de-144-y-18-v\/#primaryimage"},"thumbnailUrl":"https:\/\/techmasterdemexico.com\/wp-content\/uploads\/2021\/08\/CTC131.png","datePublished":"2021-08-19T18:30:49+00:00","dateModified":"2021-12-28T22:26:17+00:00","breadcrumb":{"@id":"https:\/\/techmasterdemexico.com\/producto\/cargador-de-doble-bahia-de-144-y-18-v\/#breadcrumb"},"inLanguage":"en-US","potentialAction":[{"@type":"ReadAction","target":["https:\/\/techmasterdemexico.com\/producto\/cargador-de-doble-bahia-de-144-y-18-v\/"]}]},{"@type":"ImageObject","inLanguage":"en-US","@id":"https:\/\/techmasterdemexico.com\/producto\/cargador-de-doble-bahia-de-144-y-18-v\/#primaryimage","url":"https:\/\/techmasterdemexico.com\/wp-content\/uploads\/2021\/08\/CTC131.png","contentUrl":"https:\/\/techmasterdemexico.com\/wp-content\/uploads\/2021\/08\/CTC131.png","width":500,"height":500},{"@type":"BreadcrumbList","@id":"https:\/\/techmasterdemexico.com\/producto\/cargador-de-doble-bahia-de-144-y-18-v\/#breadcrumb","itemListElement":[{"@type":"ListItem","position":1,"name":"Portada","item":"https:\/\/techmasterdemexico.com\/"},{"@type":"ListItem","position":2,"name":"Cargador de doble bah\u00eda de 14,4 y 18 V"}]},{"@type":"WebSite","@id":"https:\/\/techmasterdemexico.com\/#website","url":"https:\/\/techmasterdemexico.com\/","name":"Techmaster de Mexico","description":"","potentialAction":[{"@type":"SearchAction","target":{"@type":"EntryPoint","urlTemplate":"https:\/\/techmasterdemexico.com\/?s={search_term_string}"},"query-input":{"@type":"PropertyValueSpecification","valueRequired":true,"valueName":"search_term_string"}}],"inLanguage":"en-US"}]}},"brands":[{"id":98,"name":"Snap On","slug":"snap-on"}],"_links":{"self":[{"href":"https:\/\/techmasterdemexico.com\/en\/wp-json\/wp\/v2\/product\/8232","targetHints":{"allow":["GET"]}}],"collection":[{"href":"https:\/\/techmasterdemexico.com\/en\/wp-json\/wp\/v2\/product"}],"about":[{"href":"https:\/\/techmasterdemexico.com\/en\/wp-json\/wp\/v2\/types\/product"}],"wp:featuredmedia":[{"embeddable":true,"href":"https:\/\/techmasterdemexico.com\/en\/wp-json\/wp\/v2\/media\/9441"}],"wp:attachment":[{"href":"https:\/\/techmasterdemexico.com\/en\/wp-json\/wp\/v2\/media?parent=8232"}],"wp:term":[{"taxonomy":"pwb-brand","embeddable":true,"href":"https:\/\/techmasterdemexico.com\/en\/wp-json\/wp\/v2\/pwb-brand?post=8232"},{"taxonomy":"product_brand","embeddable":true,"href":"https:\/\/techmasterdemexico.com\/en\/wp-json\/wp\/v2\/product_brand?post=8232"},{"taxonomy":"product_cat","embeddable":true,"href":"https:\/\/techmasterdemexico.com\/en\/wp-json\/wp\/v2\/product_cat?post=8232"},{"taxonomy":"product_tag","embeddable":true,"href":"https:\/\/techmasterdemexico.com\/en\/wp-json\/wp\/v2\/product_tag?post=8232"}],"curies":[{"name":"wp","href":"https:\/\/api.w.org\/{rel}","templated":true}]}}