{"id":8227,"date":"2021-08-19T18:30:47","date_gmt":"2021-08-19T18:30:47","guid":{"rendered":"http:\/\/techmastermx.ddns.net\/producto\/kit-de-taladro-sin-escobillas-de-microlitio-de-144-v-y-3-8-rojo\/"},"modified":"2021-12-28T22:26:19","modified_gmt":"2021-12-28T22:26:19","slug":"kit-de-taladro-sin-escobillas-de-microlitio-de-144-v-y-3-8-rojo","status":"publish","type":"product","link":"https:\/\/techmasterdemexico.com\/en\/producto\/kit-de-taladro-sin-escobillas-de-microlitio-de-144-v-y-3-8-rojo\/","title":{"rendered":"Kit de taladro sin escobillas de microlitio de 14,4 V y 3\/8 &#8220;(rojo)"},"content":{"rendered":"<p>Kit de taladro sin escobillas de microlitio de 14,4 V y 3\/8 &#8220;(rojo)<\/p>\n","protected":false},"excerpt":{"rendered":"<ul>\n<li>200 pulg-lb de salida de torsi\u00f3n maneja una amplia variedad de aplicaciones<\/li>\n<li>Caja de cambios de dos velocidades (450\/1550 RPM) para perforaci\u00f3n de baja y alta velocidad<\/li>\n<li>El gatillo de velocidad variable es funcional, lo que permite al usuario marcar las RPM adecuadas para una aplicaci\u00f3n en particular<\/li>\n<li>El embrague de nueve posiciones permite configuraciones de torque opcionales basadas en el trabajo<\/li>\n<li>Ligero y f\u00e1cil de maniobrar<\/li>\n<li>Mandril de acero de una sola manga sin llave de 3\/8 &#8220;que facilita el cambio de brocas<\/li>\n<li>Mango c\u00f3modo antideslizante con agarre acolchado que proporciona un control positivo de la herramienta, lo que reduce la fatiga del usuario<\/li>\n<li>Excelente para \u00e1reas de acceso estrecho como debajo del tablero, cortafuegos, etc.<\/li>\n<li>El indicador de bater\u00eda muestra la energ\u00eda restante<\/li>\n<li>El kit incluye herramienta, (2) bater\u00edas y un cargador<\/li>\n<\/ul>\n","protected":false},"featured_media":9447,"template":"","meta":{"_acf_changed":false},"pwb-brand":[98],"product_brand":[],"product_cat":[366,111,285,48],"product_tag":[],"class_list":{"0":"post-8227","1":"product","2":"type-product","3":"status-publish","4":"has-post-thumbnail","6":"pwb-brand-snap-on","7":"product_cat-todos-los-productos","8":"product_cat-herramientas-electricas","9":"product_cat-herramientas-electricas-e-inalambricas","10":"product_cat-snap-on","12":"first","13":"instock","14":"taxable","15":"shipping-taxable","16":"product-type-simple"},"acf":[],"yoast_head":"<!-- This site is optimized with the Yoast SEO plugin v27.4 - https:\/\/yoast.com\/product\/yoast-seo-wordpress\/ -->\n<title>Kit de taladro sin escobillas de microlitio de 14,4 V y 3\/8 &quot;(rojo) - Techmaster de Mexico<\/title>\n<meta name=\"robots\" content=\"index, follow, max-snippet:-1, max-image-preview:large, max-video-preview:-1\" \/>\n<link rel=\"canonical\" href=\"https:\/\/techmasterdemexico.com\/producto\/kit-de-taladro-sin-escobillas-de-microlitio-de-144-v-y-3-8-rojo\/\" \/>\n<meta property=\"og:locale\" content=\"en_US\" \/>\n<meta property=\"og:type\" content=\"article\" \/>\n<meta property=\"og:title\" content=\"Kit de taladro sin escobillas de microlitio de 14,4 V y 3\/8 &quot;(rojo) - Techmaster de Mexico\" \/>\n<meta property=\"og:description\" content=\"200 pulg-lb de salida de torsi\u00f3n maneja una amplia variedad de aplicaciones   Caja de cambios de dos velocidades (450\/1550 RPM) para perforaci\u00f3n de baja y alta velocidad   El gatillo de velocidad variable es funcional, lo que permite al usuario marcar las RPM adecuadas para una aplicaci\u00f3n en particular   El embrague de nueve posiciones permite configuraciones de torque opcionales basadas en el trabajo   Ligero y f\u00e1cil de maniobrar   Mandril de acero de una sola manga sin llave de 3\/8 &quot;que facilita el cambio de brocas   Mango c\u00f3modo antideslizante con agarre acolchado que proporciona un control positivo de la herramienta, lo que reduce la fatiga del usuario   Excelente para \u00e1reas de acceso estrecho como debajo del tablero, cortafuegos, etc.   El indicador de bater\u00eda muestra la energ\u00eda restante   El kit incluye herramienta, (2) bater\u00edas y un cargador\" \/>\n<meta property=\"og:url\" content=\"https:\/\/techmasterdemexico.com\/producto\/kit-de-taladro-sin-escobillas-de-microlitio-de-144-v-y-3-8-rojo\/\" \/>\n<meta property=\"og:site_name\" content=\"Techmaster de Mexico\" \/>\n<meta property=\"article:modified_time\" content=\"2021-12-28T22:26:19+00:00\" \/>\n<meta property=\"og:image\" content=\"https:\/\/techmasterdemexico.com\/wp-content\/uploads\/2021\/08\/CDR861K2.png\" \/>\n\t<meta property=\"og:image:width\" content=\"500\" \/>\n\t<meta property=\"og:image:height\" content=\"500\" \/>\n\t<meta property=\"og:image:type\" content=\"image\/png\" \/>\n<meta name=\"twitter:card\" content=\"summary_large_image\" \/>\n<script type=\"application\/ld+json\" class=\"yoast-schema-graph\">{\"@context\":\"https:\\\/\\\/schema.org\",\"@graph\":[{\"@type\":\"WebPage\",\"@id\":\"https:\\\/\\\/techmasterdemexico.com\\\/producto\\\/kit-de-taladro-sin-escobillas-de-microlitio-de-144-v-y-3-8-rojo\\\/\",\"url\":\"https:\\\/\\\/techmasterdemexico.com\\\/producto\\\/kit-de-taladro-sin-escobillas-de-microlitio-de-144-v-y-3-8-rojo\\\/\",\"name\":\"Kit de taladro sin escobillas de microlitio de 14,4 V y 3\\\/8 \\\"(rojo) - Techmaster de Mexico\",\"isPartOf\":{\"@id\":\"https:\\\/\\\/techmasterdemexico.com\\\/#website\"},\"primaryImageOfPage\":{\"@id\":\"https:\\\/\\\/techmasterdemexico.com\\\/producto\\\/kit-de-taladro-sin-escobillas-de-microlitio-de-144-v-y-3-8-rojo\\\/#primaryimage\"},\"image\":{\"@id\":\"https:\\\/\\\/techmasterdemexico.com\\\/producto\\\/kit-de-taladro-sin-escobillas-de-microlitio-de-144-v-y-3-8-rojo\\\/#primaryimage\"},\"thumbnailUrl\":\"https:\\\/\\\/techmasterdemexico.com\\\/wp-content\\\/uploads\\\/2021\\\/08\\\/CDR861K2.png\",\"datePublished\":\"2021-08-19T18:30:47+00:00\",\"dateModified\":\"2021-12-28T22:26:19+00:00\",\"breadcrumb\":{\"@id\":\"https:\\\/\\\/techmasterdemexico.com\\\/producto\\\/kit-de-taladro-sin-escobillas-de-microlitio-de-144-v-y-3-8-rojo\\\/#breadcrumb\"},\"inLanguage\":\"en-US\",\"potentialAction\":[{\"@type\":\"ReadAction\",\"target\":[\"https:\\\/\\\/techmasterdemexico.com\\\/producto\\\/kit-de-taladro-sin-escobillas-de-microlitio-de-144-v-y-3-8-rojo\\\/\"]}]},{\"@type\":\"ImageObject\",\"inLanguage\":\"en-US\",\"@id\":\"https:\\\/\\\/techmasterdemexico.com\\\/producto\\\/kit-de-taladro-sin-escobillas-de-microlitio-de-144-v-y-3-8-rojo\\\/#primaryimage\",\"url\":\"https:\\\/\\\/techmasterdemexico.com\\\/wp-content\\\/uploads\\\/2021\\\/08\\\/CDR861K2.png\",\"contentUrl\":\"https:\\\/\\\/techmasterdemexico.com\\\/wp-content\\\/uploads\\\/2021\\\/08\\\/CDR861K2.png\",\"width\":500,\"height\":500},{\"@type\":\"BreadcrumbList\",\"@id\":\"https:\\\/\\\/techmasterdemexico.com\\\/producto\\\/kit-de-taladro-sin-escobillas-de-microlitio-de-144-v-y-3-8-rojo\\\/#breadcrumb\",\"itemListElement\":[{\"@type\":\"ListItem\",\"position\":1,\"name\":\"Portada\",\"item\":\"https:\\\/\\\/techmasterdemexico.com\\\/\"},{\"@type\":\"ListItem\",\"position\":2,\"name\":\"Kit de taladro sin escobillas de microlitio de 14,4 V y 3\\\/8 \u00ab(rojo)\"}]},{\"@type\":\"WebSite\",\"@id\":\"https:\\\/\\\/techmasterdemexico.com\\\/#website\",\"url\":\"https:\\\/\\\/techmasterdemexico.com\\\/\",\"name\":\"Techmaster de Mexico\",\"description\":\"\",\"potentialAction\":[{\"@type\":\"SearchAction\",\"target\":{\"@type\":\"EntryPoint\",\"urlTemplate\":\"https:\\\/\\\/techmasterdemexico.com\\\/?s={search_term_string}\"},\"query-input\":{\"@type\":\"PropertyValueSpecification\",\"valueRequired\":true,\"valueName\":\"search_term_string\"}}],\"inLanguage\":\"en-US\"}]}<\/script>\n<!-- \/ Yoast SEO plugin. -->","yoast_head_json":{"title":"Kit de taladro sin escobillas de microlitio de 14,4 V y 3\/8 \"(rojo) - Techmaster de Mexico","robots":{"index":"index","follow":"follow","max-snippet":"max-snippet:-1","max-image-preview":"max-image-preview:large","max-video-preview":"max-video-preview:-1"},"canonical":"https:\/\/techmasterdemexico.com\/producto\/kit-de-taladro-sin-escobillas-de-microlitio-de-144-v-y-3-8-rojo\/","og_locale":"en_US","og_type":"article","og_title":"Kit de taladro sin escobillas de microlitio de 14,4 V y 3\/8 \"(rojo) - Techmaster de Mexico","og_description":"200 pulg-lb de salida de torsi\u00f3n maneja una amplia variedad de aplicaciones   Caja de cambios de dos velocidades (450\/1550 RPM) para perforaci\u00f3n de baja y alta velocidad   El gatillo de velocidad variable es funcional, lo que permite al usuario marcar las RPM adecuadas para una aplicaci\u00f3n en particular   El embrague de nueve posiciones permite configuraciones de torque opcionales basadas en el trabajo   Ligero y f\u00e1cil de maniobrar   Mandril de acero de una sola manga sin llave de 3\/8 \"que facilita el cambio de brocas   Mango c\u00f3modo antideslizante con agarre acolchado que proporciona un control positivo de la herramienta, lo que reduce la fatiga del usuario   Excelente para \u00e1reas de acceso estrecho como debajo del tablero, cortafuegos, etc.   El indicador de bater\u00eda muestra la energ\u00eda restante   El kit incluye herramienta, (2) bater\u00edas y un cargador","og_url":"https:\/\/techmasterdemexico.com\/producto\/kit-de-taladro-sin-escobillas-de-microlitio-de-144-v-y-3-8-rojo\/","og_site_name":"Techmaster de Mexico","article_modified_time":"2021-12-28T22:26:19+00:00","og_image":[{"width":500,"height":500,"url":"https:\/\/techmasterdemexico.com\/wp-content\/uploads\/2021\/08\/CDR861K2.png","type":"image\/png"}],"twitter_card":"summary_large_image","schema":{"@context":"https:\/\/schema.org","@graph":[{"@type":"WebPage","@id":"https:\/\/techmasterdemexico.com\/producto\/kit-de-taladro-sin-escobillas-de-microlitio-de-144-v-y-3-8-rojo\/","url":"https:\/\/techmasterdemexico.com\/producto\/kit-de-taladro-sin-escobillas-de-microlitio-de-144-v-y-3-8-rojo\/","name":"Kit de taladro sin escobillas de microlitio de 14,4 V y 3\/8 \"(rojo) - Techmaster de Mexico","isPartOf":{"@id":"https:\/\/techmasterdemexico.com\/#website"},"primaryImageOfPage":{"@id":"https:\/\/techmasterdemexico.com\/producto\/kit-de-taladro-sin-escobillas-de-microlitio-de-144-v-y-3-8-rojo\/#primaryimage"},"image":{"@id":"https:\/\/techmasterdemexico.com\/producto\/kit-de-taladro-sin-escobillas-de-microlitio-de-144-v-y-3-8-rojo\/#primaryimage"},"thumbnailUrl":"https:\/\/techmasterdemexico.com\/wp-content\/uploads\/2021\/08\/CDR861K2.png","datePublished":"2021-08-19T18:30:47+00:00","dateModified":"2021-12-28T22:26:19+00:00","breadcrumb":{"@id":"https:\/\/techmasterdemexico.com\/producto\/kit-de-taladro-sin-escobillas-de-microlitio-de-144-v-y-3-8-rojo\/#breadcrumb"},"inLanguage":"en-US","potentialAction":[{"@type":"ReadAction","target":["https:\/\/techmasterdemexico.com\/producto\/kit-de-taladro-sin-escobillas-de-microlitio-de-144-v-y-3-8-rojo\/"]}]},{"@type":"ImageObject","inLanguage":"en-US","@id":"https:\/\/techmasterdemexico.com\/producto\/kit-de-taladro-sin-escobillas-de-microlitio-de-144-v-y-3-8-rojo\/#primaryimage","url":"https:\/\/techmasterdemexico.com\/wp-content\/uploads\/2021\/08\/CDR861K2.png","contentUrl":"https:\/\/techmasterdemexico.com\/wp-content\/uploads\/2021\/08\/CDR861K2.png","width":500,"height":500},{"@type":"BreadcrumbList","@id":"https:\/\/techmasterdemexico.com\/producto\/kit-de-taladro-sin-escobillas-de-microlitio-de-144-v-y-3-8-rojo\/#breadcrumb","itemListElement":[{"@type":"ListItem","position":1,"name":"Portada","item":"https:\/\/techmasterdemexico.com\/"},{"@type":"ListItem","position":2,"name":"Kit de taladro sin escobillas de microlitio de 14,4 V y 3\/8 \u00ab(rojo)"}]},{"@type":"WebSite","@id":"https:\/\/techmasterdemexico.com\/#website","url":"https:\/\/techmasterdemexico.com\/","name":"Techmaster de Mexico","description":"","potentialAction":[{"@type":"SearchAction","target":{"@type":"EntryPoint","urlTemplate":"https:\/\/techmasterdemexico.com\/?s={search_term_string}"},"query-input":{"@type":"PropertyValueSpecification","valueRequired":true,"valueName":"search_term_string"}}],"inLanguage":"en-US"}]}},"brands":[{"id":98,"name":"Snap On","slug":"snap-on"}],"_links":{"self":[{"href":"https:\/\/techmasterdemexico.com\/en\/wp-json\/wp\/v2\/product\/8227","targetHints":{"allow":["GET"]}}],"collection":[{"href":"https:\/\/techmasterdemexico.com\/en\/wp-json\/wp\/v2\/product"}],"about":[{"href":"https:\/\/techmasterdemexico.com\/en\/wp-json\/wp\/v2\/types\/product"}],"wp:featuredmedia":[{"embeddable":true,"href":"https:\/\/techmasterdemexico.com\/en\/wp-json\/wp\/v2\/media\/9447"}],"wp:attachment":[{"href":"https:\/\/techmasterdemexico.com\/en\/wp-json\/wp\/v2\/media?parent=8227"}],"wp:term":[{"taxonomy":"pwb-brand","embeddable":true,"href":"https:\/\/techmasterdemexico.com\/en\/wp-json\/wp\/v2\/pwb-brand?post=8227"},{"taxonomy":"product_brand","embeddable":true,"href":"https:\/\/techmasterdemexico.com\/en\/wp-json\/wp\/v2\/product_brand?post=8227"},{"taxonomy":"product_cat","embeddable":true,"href":"https:\/\/techmasterdemexico.com\/en\/wp-json\/wp\/v2\/product_cat?post=8227"},{"taxonomy":"product_tag","embeddable":true,"href":"https:\/\/techmasterdemexico.com\/en\/wp-json\/wp\/v2\/product_tag?post=8227"}],"curies":[{"name":"wp","href":"https:\/\/api.w.org\/{rel}","templated":true}]}}