{"id":8220,"date":"2021-08-19T18:30:43","date_gmt":"2021-08-19T18:30:43","guid":{"rendered":"http:\/\/techmastermx.ddns.net\/producto\/llave-de-impacto-inalambrica-monsterlithium-sin-escobillas-con-accionamiento-de-18-v-y-1-2-roja-solo-herramienta\/"},"modified":"2021-12-28T22:25:41","modified_gmt":"2021-12-28T22:25:41","slug":"llave-de-impacto-inalambrica-monsterlithium-sin-escobillas-con-accionamiento-de-18-v-y-1-2-roja-solo-herramienta","status":"publish","type":"product","link":"https:\/\/techmasterdemexico.com\/en\/producto\/llave-de-impacto-inalambrica-monsterlithium-sin-escobillas-con-accionamiento-de-18-v-y-1-2-roja-solo-herramienta\/","title":{"rendered":"Llave de impacto inal\u00e1mbrica MonsterLithium sin escobillas con accionamiento de 18 V y 1\/2 &#8220;(roja) (solo herramienta"},"content":{"rendered":"<p>Llave de impacto inal\u00e1mbrica MonsterLithium sin escobillas con accionamiento de 18 V y 1\/2 &#8220;(roja) (solo herramienta)<\/p>\n","protected":false},"excerpt":{"rendered":"<ul>\n<li>900 pies-lb de salida de torsi\u00f3n suelta los sujetadores rebeldes<\/li>\n<li>El interruptor digital controlado por microprocesador maximiza el rendimiento, el tiempo de ejecuci\u00f3n y la durabilidad<\/li>\n<li>Tres configuraciones de torque en avance y tres en retroceso para adaptarse a diversas aplicaciones<\/li>\n<li>El freno incorporado evita que la herramienta arroje sujetadores y enchufes<\/li>\n<li>LED superbrillante que ilumina el \u00e1rea de trabajo<\/li>\n<li>8.7 lb con bater\u00eda<\/li>\n<li>El kit incluye herramienta, (2) bater\u00edas y un cargador<\/li>\n<\/ul>\n","protected":false},"featured_media":9455,"template":"","meta":{"_acf_changed":false},"pwb-brand":[98],"product_brand":[],"product_cat":[366,111,285,48],"product_tag":[],"class_list":{"0":"post-8220","1":"product","2":"type-product","3":"status-publish","4":"has-post-thumbnail","6":"pwb-brand-snap-on","7":"product_cat-todos-los-productos","8":"product_cat-herramientas-electricas","9":"product_cat-herramientas-electricas-e-inalambricas","10":"product_cat-snap-on","12":"first","13":"instock","14":"taxable","15":"shipping-taxable","16":"product-type-simple"},"acf":[],"yoast_head":"<!-- This site is optimized with the Yoast SEO plugin v27.4 - https:\/\/yoast.com\/product\/yoast-seo-wordpress\/ -->\n<title>Llave de impacto inal\u00e1mbrica MonsterLithium sin escobillas con accionamiento de 18 V y 1\/2 &quot;(roja) (solo herramienta - Techmaster de Mexico<\/title>\n<meta name=\"robots\" content=\"index, follow, max-snippet:-1, max-image-preview:large, max-video-preview:-1\" \/>\n<link rel=\"canonical\" href=\"https:\/\/techmasterdemexico.com\/en\/producto\/llave-de-impacto-inalambrica-monsterlithium-sin-escobillas-con-accionamiento-de-18-v-y-1-2-roja-solo-herramienta\/\" \/>\n<meta property=\"og:locale\" content=\"en_US\" \/>\n<meta property=\"og:type\" content=\"article\" \/>\n<meta property=\"og:title\" content=\"Llave de impacto inal\u00e1mbrica MonsterLithium sin escobillas con accionamiento de 18 V y 1\/2 &quot;(roja) (solo herramienta - Techmaster de Mexico\" \/>\n<meta property=\"og:description\" content=\"900 pies-lb de salida de torsi\u00f3n suelta los sujetadores rebeldes  El interruptor digital controlado por microprocesador maximiza el rendimiento, el tiempo de ejecuci\u00f3n y la durabilidad  Tres configuraciones de torque en avance y tres en retroceso para adaptarse a diversas aplicaciones  El freno incorporado evita que la herramienta arroje sujetadores y enchufes  LED superbrillante que ilumina el \u00e1rea de trabajo  8.7 lb con bater\u00eda  El kit incluye herramienta, (2) bater\u00edas y un cargador\" \/>\n<meta property=\"og:url\" content=\"https:\/\/techmasterdemexico.com\/en\/producto\/llave-de-impacto-inalambrica-monsterlithium-sin-escobillas-con-accionamiento-de-18-v-y-1-2-roja-solo-herramienta\/\" \/>\n<meta property=\"og:site_name\" content=\"Techmaster de Mexico\" \/>\n<meta property=\"article:modified_time\" content=\"2021-12-28T22:25:41+00:00\" \/>\n<meta property=\"og:image\" content=\"https:\/\/techmasterdemexico.com\/wp-content\/uploads\/2021\/08\/CT9015DB.png\" \/>\n\t<meta property=\"og:image:width\" content=\"500\" \/>\n\t<meta property=\"og:image:height\" content=\"500\" \/>\n\t<meta property=\"og:image:type\" content=\"image\/png\" \/>\n<meta name=\"twitter:card\" content=\"summary_large_image\" \/>\n<script type=\"application\/ld+json\" class=\"yoast-schema-graph\">{\"@context\":\"https:\\\/\\\/schema.org\",\"@graph\":[{\"@type\":\"WebPage\",\"@id\":\"https:\\\/\\\/techmasterdemexico.com\\\/en\\\/producto\\\/llave-de-impacto-inalambrica-monsterlithium-sin-escobillas-con-accionamiento-de-18-v-y-1-2-roja-solo-herramienta\\\/\",\"url\":\"https:\\\/\\\/techmasterdemexico.com\\\/en\\\/producto\\\/llave-de-impacto-inalambrica-monsterlithium-sin-escobillas-con-accionamiento-de-18-v-y-1-2-roja-solo-herramienta\\\/\",\"name\":\"Llave de impacto inal\u00e1mbrica MonsterLithium sin escobillas con accionamiento de 18 V y 1\\\/2 \\\"(roja) (solo herramienta - Techmaster de Mexico\",\"isPartOf\":{\"@id\":\"https:\\\/\\\/techmasterdemexico.com\\\/#website\"},\"primaryImageOfPage\":{\"@id\":\"https:\\\/\\\/techmasterdemexico.com\\\/en\\\/producto\\\/llave-de-impacto-inalambrica-monsterlithium-sin-escobillas-con-accionamiento-de-18-v-y-1-2-roja-solo-herramienta\\\/#primaryimage\"},\"image\":{\"@id\":\"https:\\\/\\\/techmasterdemexico.com\\\/en\\\/producto\\\/llave-de-impacto-inalambrica-monsterlithium-sin-escobillas-con-accionamiento-de-18-v-y-1-2-roja-solo-herramienta\\\/#primaryimage\"},\"thumbnailUrl\":\"https:\\\/\\\/techmasterdemexico.com\\\/wp-content\\\/uploads\\\/2021\\\/08\\\/CT9015DB.png\",\"datePublished\":\"2021-08-19T18:30:43+00:00\",\"dateModified\":\"2021-12-28T22:25:41+00:00\",\"breadcrumb\":{\"@id\":\"https:\\\/\\\/techmasterdemexico.com\\\/en\\\/producto\\\/llave-de-impacto-inalambrica-monsterlithium-sin-escobillas-con-accionamiento-de-18-v-y-1-2-roja-solo-herramienta\\\/#breadcrumb\"},\"inLanguage\":\"en-US\",\"potentialAction\":[{\"@type\":\"ReadAction\",\"target\":[\"https:\\\/\\\/techmasterdemexico.com\\\/en\\\/producto\\\/llave-de-impacto-inalambrica-monsterlithium-sin-escobillas-con-accionamiento-de-18-v-y-1-2-roja-solo-herramienta\\\/\"]}]},{\"@type\":\"ImageObject\",\"inLanguage\":\"en-US\",\"@id\":\"https:\\\/\\\/techmasterdemexico.com\\\/en\\\/producto\\\/llave-de-impacto-inalambrica-monsterlithium-sin-escobillas-con-accionamiento-de-18-v-y-1-2-roja-solo-herramienta\\\/#primaryimage\",\"url\":\"https:\\\/\\\/techmasterdemexico.com\\\/wp-content\\\/uploads\\\/2021\\\/08\\\/CT9015DB.png\",\"contentUrl\":\"https:\\\/\\\/techmasterdemexico.com\\\/wp-content\\\/uploads\\\/2021\\\/08\\\/CT9015DB.png\",\"width\":500,\"height\":500},{\"@type\":\"BreadcrumbList\",\"@id\":\"https:\\\/\\\/techmasterdemexico.com\\\/en\\\/producto\\\/llave-de-impacto-inalambrica-monsterlithium-sin-escobillas-con-accionamiento-de-18-v-y-1-2-roja-solo-herramienta\\\/#breadcrumb\",\"itemListElement\":[{\"@type\":\"ListItem\",\"position\":1,\"name\":\"Portada\",\"item\":\"https:\\\/\\\/techmasterdemexico.com\\\/\"},{\"@type\":\"ListItem\",\"position\":2,\"name\":\"Llave de impacto inal\u00e1mbrica MonsterLithium sin escobillas con accionamiento de 18 V y 1\\\/2 &#8220;(roja) (solo herramienta\"}]},{\"@type\":\"WebSite\",\"@id\":\"https:\\\/\\\/techmasterdemexico.com\\\/#website\",\"url\":\"https:\\\/\\\/techmasterdemexico.com\\\/\",\"name\":\"Techmaster de Mexico\",\"description\":\"\",\"potentialAction\":[{\"@type\":\"SearchAction\",\"target\":{\"@type\":\"EntryPoint\",\"urlTemplate\":\"https:\\\/\\\/techmasterdemexico.com\\\/?s={search_term_string}\"},\"query-input\":{\"@type\":\"PropertyValueSpecification\",\"valueRequired\":true,\"valueName\":\"search_term_string\"}}],\"inLanguage\":\"en-US\"}]}<\/script>\n<!-- \/ Yoast SEO plugin. -->","yoast_head_json":{"title":"Llave de impacto inal\u00e1mbrica MonsterLithium sin escobillas con accionamiento de 18 V y 1\/2 \"(roja) (solo herramienta - Techmaster de Mexico","robots":{"index":"index","follow":"follow","max-snippet":"max-snippet:-1","max-image-preview":"max-image-preview:large","max-video-preview":"max-video-preview:-1"},"canonical":"https:\/\/techmasterdemexico.com\/en\/producto\/llave-de-impacto-inalambrica-monsterlithium-sin-escobillas-con-accionamiento-de-18-v-y-1-2-roja-solo-herramienta\/","og_locale":"en_US","og_type":"article","og_title":"Llave de impacto inal\u00e1mbrica MonsterLithium sin escobillas con accionamiento de 18 V y 1\/2 \"(roja) (solo herramienta - Techmaster de Mexico","og_description":"900 pies-lb de salida de torsi\u00f3n suelta los sujetadores rebeldes  El interruptor digital controlado por microprocesador maximiza el rendimiento, el tiempo de ejecuci\u00f3n y la durabilidad  Tres configuraciones de torque en avance y tres en retroceso para adaptarse a diversas aplicaciones  El freno incorporado evita que la herramienta arroje sujetadores y enchufes  LED superbrillante que ilumina el \u00e1rea de trabajo  8.7 lb con bater\u00eda  El kit incluye herramienta, (2) bater\u00edas y un cargador","og_url":"https:\/\/techmasterdemexico.com\/en\/producto\/llave-de-impacto-inalambrica-monsterlithium-sin-escobillas-con-accionamiento-de-18-v-y-1-2-roja-solo-herramienta\/","og_site_name":"Techmaster de Mexico","article_modified_time":"2021-12-28T22:25:41+00:00","og_image":[{"width":500,"height":500,"url":"https:\/\/techmasterdemexico.com\/wp-content\/uploads\/2021\/08\/CT9015DB.png","type":"image\/png"}],"twitter_card":"summary_large_image","schema":{"@context":"https:\/\/schema.org","@graph":[{"@type":"WebPage","@id":"https:\/\/techmasterdemexico.com\/en\/producto\/llave-de-impacto-inalambrica-monsterlithium-sin-escobillas-con-accionamiento-de-18-v-y-1-2-roja-solo-herramienta\/","url":"https:\/\/techmasterdemexico.com\/en\/producto\/llave-de-impacto-inalambrica-monsterlithium-sin-escobillas-con-accionamiento-de-18-v-y-1-2-roja-solo-herramienta\/","name":"Llave de impacto inal\u00e1mbrica MonsterLithium sin escobillas con accionamiento de 18 V y 1\/2 \"(roja) (solo herramienta - Techmaster de Mexico","isPartOf":{"@id":"https:\/\/techmasterdemexico.com\/#website"},"primaryImageOfPage":{"@id":"https:\/\/techmasterdemexico.com\/en\/producto\/llave-de-impacto-inalambrica-monsterlithium-sin-escobillas-con-accionamiento-de-18-v-y-1-2-roja-solo-herramienta\/#primaryimage"},"image":{"@id":"https:\/\/techmasterdemexico.com\/en\/producto\/llave-de-impacto-inalambrica-monsterlithium-sin-escobillas-con-accionamiento-de-18-v-y-1-2-roja-solo-herramienta\/#primaryimage"},"thumbnailUrl":"https:\/\/techmasterdemexico.com\/wp-content\/uploads\/2021\/08\/CT9015DB.png","datePublished":"2021-08-19T18:30:43+00:00","dateModified":"2021-12-28T22:25:41+00:00","breadcrumb":{"@id":"https:\/\/techmasterdemexico.com\/en\/producto\/llave-de-impacto-inalambrica-monsterlithium-sin-escobillas-con-accionamiento-de-18-v-y-1-2-roja-solo-herramienta\/#breadcrumb"},"inLanguage":"en-US","potentialAction":[{"@type":"ReadAction","target":["https:\/\/techmasterdemexico.com\/en\/producto\/llave-de-impacto-inalambrica-monsterlithium-sin-escobillas-con-accionamiento-de-18-v-y-1-2-roja-solo-herramienta\/"]}]},{"@type":"ImageObject","inLanguage":"en-US","@id":"https:\/\/techmasterdemexico.com\/en\/producto\/llave-de-impacto-inalambrica-monsterlithium-sin-escobillas-con-accionamiento-de-18-v-y-1-2-roja-solo-herramienta\/#primaryimage","url":"https:\/\/techmasterdemexico.com\/wp-content\/uploads\/2021\/08\/CT9015DB.png","contentUrl":"https:\/\/techmasterdemexico.com\/wp-content\/uploads\/2021\/08\/CT9015DB.png","width":500,"height":500},{"@type":"BreadcrumbList","@id":"https:\/\/techmasterdemexico.com\/en\/producto\/llave-de-impacto-inalambrica-monsterlithium-sin-escobillas-con-accionamiento-de-18-v-y-1-2-roja-solo-herramienta\/#breadcrumb","itemListElement":[{"@type":"ListItem","position":1,"name":"Portada","item":"https:\/\/techmasterdemexico.com\/"},{"@type":"ListItem","position":2,"name":"Llave de impacto inal\u00e1mbrica MonsterLithium sin escobillas con accionamiento de 18 V y 1\/2 &#8220;(roja) (solo herramienta"}]},{"@type":"WebSite","@id":"https:\/\/techmasterdemexico.com\/#website","url":"https:\/\/techmasterdemexico.com\/","name":"Techmaster de Mexico","description":"","potentialAction":[{"@type":"SearchAction","target":{"@type":"EntryPoint","urlTemplate":"https:\/\/techmasterdemexico.com\/?s={search_term_string}"},"query-input":{"@type":"PropertyValueSpecification","valueRequired":true,"valueName":"search_term_string"}}],"inLanguage":"en-US"}]}},"brands":[{"id":98,"name":"Snap On","slug":"snap-on"}],"_links":{"self":[{"href":"https:\/\/techmasterdemexico.com\/en\/wp-json\/wp\/v2\/product\/8220","targetHints":{"allow":["GET"]}}],"collection":[{"href":"https:\/\/techmasterdemexico.com\/en\/wp-json\/wp\/v2\/product"}],"about":[{"href":"https:\/\/techmasterdemexico.com\/en\/wp-json\/wp\/v2\/types\/product"}],"wp:featuredmedia":[{"embeddable":true,"href":"https:\/\/techmasterdemexico.com\/en\/wp-json\/wp\/v2\/media\/9455"}],"wp:attachment":[{"href":"https:\/\/techmasterdemexico.com\/en\/wp-json\/wp\/v2\/media?parent=8220"}],"wp:term":[{"taxonomy":"pwb-brand","embeddable":true,"href":"https:\/\/techmasterdemexico.com\/en\/wp-json\/wp\/v2\/pwb-brand?post=8220"},{"taxonomy":"product_brand","embeddable":true,"href":"https:\/\/techmasterdemexico.com\/en\/wp-json\/wp\/v2\/product_brand?post=8220"},{"taxonomy":"product_cat","embeddable":true,"href":"https:\/\/techmasterdemexico.com\/en\/wp-json\/wp\/v2\/product_cat?post=8220"},{"taxonomy":"product_tag","embeddable":true,"href":"https:\/\/techmasterdemexico.com\/en\/wp-json\/wp\/v2\/product_tag?post=8220"}],"curies":[{"name":"wp","href":"https:\/\/api.w.org\/{rel}","templated":true}]}}