{"id":8218,"date":"2021-08-19T18:30:42","date_gmt":"2021-08-19T18:30:42","guid":{"rendered":"http:\/\/techmastermx.ddns.net\/producto\/llave-dinamometrica-neumatica\/"},"modified":"2021-12-28T22:25:43","modified_gmt":"2021-12-28T22:25:43","slug":"llave-dinamometrica-neumatica","status":"publish","type":"product","link":"https:\/\/techmasterdemexico.com\/en\/producto\/llave-dinamometrica-neumatica\/","title":{"rendered":"Llave dinamom\u00e9trica neum\u00e1tica"},"content":{"rendered":"<p>Llave dinamom\u00e9trica neum\u00e1tica<\/p>\n","protected":false},"excerpt":{"rendered":"<ul>\n<li>La tecnolog\u00eda de motor doble permite que el PTM sea ligero y r\u00e1pido<\/li>\n<li>Compacto y potente, que permite un excelente acceso a una variedad de sujetadores con rosca.<\/li>\n<li>El gatillo secundario asegura que las manos est\u00e9n alejadas de los puntos de pellizco durante la operaci\u00f3n<\/li>\n<li>Compacto y potente, que permite un excelente acceso a una variedad de sujetadores con rosca.<\/li>\n<li>Hay disponible una amplia variedad de dispositivos de reacci\u00f3n, lo que la convierte en una herramienta extremadamente vers\u00e1til.<\/li>\n<li>Estas son herramientas sin impacto con bajos niveles de vibraci\u00f3n.<\/li>\n<li>Opere a niveles de ruido por debajo de 85 dB (bajo carga)<\/li>\n<li>La caja de engranajes gira independientemente del mango para que las fuerzas de reacci\u00f3n nunca se transfieran al operador<\/li>\n<li>Todas las herramientas se suministran con certificado de calibraci\u00f3n y tabla de par vs. presi\u00f3n<\/li>\n<li>La serie PTM ofrece una amplia gama de salida de toque, de 74 a 4500 pies-lb<\/li>\n<li>Precisi\u00f3n de \u00b1 5%<\/li>\n<li>Incluye estuche, dispositivo de reacci\u00f3n con manivela, colgador de herramientas, mango secundario y conexi\u00f3n r\u00e1pida macho<\/li>\n<\/ul>\n","protected":false},"featured_media":9458,"template":"","meta":{"_acf_changed":false},"pwb-brand":[98],"product_brand":[],"product_cat":[366,68,284,48],"product_tag":[],"class_list":{"0":"post-8218","1":"product","2":"type-product","3":"status-publish","4":"has-post-thumbnail","6":"pwb-brand-snap-on","7":"product_cat-todos-los-productos","8":"product_cat-herramientas-de-torsion","9":"product_cat-llaves-de-torque-neumaticas","10":"product_cat-snap-on","12":"first","13":"instock","14":"taxable","15":"shipping-taxable","16":"product-type-simple"},"acf":[],"yoast_head":"<!-- This site is optimized with the Yoast SEO plugin v27.4 - https:\/\/yoast.com\/product\/yoast-seo-wordpress\/ -->\n<title>Llave dinamom\u00e9trica neum\u00e1tica - Techmaster de Mexico<\/title>\n<meta name=\"robots\" content=\"index, follow, max-snippet:-1, max-image-preview:large, max-video-preview:-1\" \/>\n<link rel=\"canonical\" href=\"https:\/\/techmasterdemexico.com\/producto\/llave-dinamometrica-neumatica\/\" \/>\n<meta property=\"og:locale\" content=\"en_US\" \/>\n<meta property=\"og:type\" content=\"article\" \/>\n<meta property=\"og:title\" content=\"Llave dinamom\u00e9trica neum\u00e1tica - Techmaster de Mexico\" \/>\n<meta property=\"og:description\" content=\"[:es]  La tecnolog\u00eda de motor doble permite que el PTM sea ligero y r\u00e1pido  Compacto y potente, que permite un excelente acceso a una variedad de sujetadores con rosca.  El gatillo secundario asegura que las manos est\u00e9n alejadas de los puntos de pellizco durante la operaci\u00f3n  Compacto y potente, que permite un excelente acceso a una variedad de sujetadores con rosca.  Hay disponible una amplia variedad de dispositivos de reacci\u00f3n, lo que la convierte en una herramienta extremadamente vers\u00e1til.  Estas son herramientas sin impacto con bajos niveles de vibraci\u00f3n.  Opere a niveles de ruido por debajo de 85 dB (bajo carga)  La caja de engranajes gira independientemente del mango para que las fuerzas de reacci\u00f3n nunca se transfieran al operador  Todas las herramientas se suministran con certificado de calibraci\u00f3n y tabla de par vs. presi\u00f3n  La serie PTM ofrece una amplia gama de salida de toque, de 74 a 4500 pies-lb  Precisi\u00f3n de \u00b1 5%  Incluye estuche, dispositivo de reacci\u00f3n con manivela, colgador de herramientas, mango secundario y conexi\u00f3n r\u00e1pida macho  [:en]    La tecnolog\u00eda de motor doble permite que el PTM sea ligero y r\u00e1pido   Compacto y potente, que permite un excelente acceso a una variedad de sujetadores con rosca.   El gatillo secundario asegura que las manos est\u00e9n alejadas de los puntos de pellizco durante la operaci\u00f3n   Compacto y potente, que permite un excelente acceso a una variedad de sujetadores con rosca.   Hay disponible una amplia variedad de dispositivos de reacci\u00f3n, lo que la convierte en una herramienta extremadamente vers\u00e1til.   Estas son herramientas sin impacto con bajos niveles de vibraci\u00f3n.   Opere a niveles de ruido por debajo de 85 dB (bajo carga)   La caja de engranajes gira independientemente del mango para que las fuerzas de reacci\u00f3n nunca se transfieran al operador   Todas las herramientas se suministran con certificado de calibraci\u00f3n y tabla de par vs. presi\u00f3n   La serie PTM ofrece una amplia gama de salida de toque, de 74 a 4500 pies-lb   Precisi\u00f3n de \u00b1 5%   Incluye estuche, dispositivo de reacci\u00f3n con manivela, colgador de herramientas, mango secundario y conexi\u00f3n r\u00e1pida macho    [:]\" \/>\n<meta property=\"og:url\" content=\"https:\/\/techmasterdemexico.com\/producto\/llave-dinamometrica-neumatica\/\" \/>\n<meta property=\"og:site_name\" content=\"Techmaster de Mexico\" \/>\n<meta property=\"article:modified_time\" content=\"2021-12-28T22:25:43+00:00\" \/>\n<meta property=\"og:image\" content=\"https:\/\/techmasterdemexico.com\/wp-content\/uploads\/2021\/08\/PTM1000.png\" \/>\n\t<meta property=\"og:image:width\" content=\"500\" \/>\n\t<meta property=\"og:image:height\" content=\"500\" \/>\n\t<meta property=\"og:image:type\" content=\"image\/png\" \/>\n<meta name=\"twitter:card\" content=\"summary_large_image\" \/>\n<script type=\"application\/ld+json\" class=\"yoast-schema-graph\">{\"@context\":\"https:\\\/\\\/schema.org\",\"@graph\":[{\"@type\":\"WebPage\",\"@id\":\"https:\\\/\\\/techmasterdemexico.com\\\/producto\\\/llave-dinamometrica-neumatica\\\/\",\"url\":\"https:\\\/\\\/techmasterdemexico.com\\\/producto\\\/llave-dinamometrica-neumatica\\\/\",\"name\":\"Llave dinamom\u00e9trica neum\u00e1tica - Techmaster de Mexico\",\"isPartOf\":{\"@id\":\"https:\\\/\\\/techmasterdemexico.com\\\/#website\"},\"primaryImageOfPage\":{\"@id\":\"https:\\\/\\\/techmasterdemexico.com\\\/producto\\\/llave-dinamometrica-neumatica\\\/#primaryimage\"},\"image\":{\"@id\":\"https:\\\/\\\/techmasterdemexico.com\\\/producto\\\/llave-dinamometrica-neumatica\\\/#primaryimage\"},\"thumbnailUrl\":\"https:\\\/\\\/techmasterdemexico.com\\\/wp-content\\\/uploads\\\/2021\\\/08\\\/PTM1000.png\",\"datePublished\":\"2021-08-19T18:30:42+00:00\",\"dateModified\":\"2021-12-28T22:25:43+00:00\",\"breadcrumb\":{\"@id\":\"https:\\\/\\\/techmasterdemexico.com\\\/producto\\\/llave-dinamometrica-neumatica\\\/#breadcrumb\"},\"inLanguage\":\"en-US\",\"potentialAction\":[{\"@type\":\"ReadAction\",\"target\":[\"https:\\\/\\\/techmasterdemexico.com\\\/producto\\\/llave-dinamometrica-neumatica\\\/\"]}]},{\"@type\":\"ImageObject\",\"inLanguage\":\"en-US\",\"@id\":\"https:\\\/\\\/techmasterdemexico.com\\\/producto\\\/llave-dinamometrica-neumatica\\\/#primaryimage\",\"url\":\"https:\\\/\\\/techmasterdemexico.com\\\/wp-content\\\/uploads\\\/2021\\\/08\\\/PTM1000.png\",\"contentUrl\":\"https:\\\/\\\/techmasterdemexico.com\\\/wp-content\\\/uploads\\\/2021\\\/08\\\/PTM1000.png\",\"width\":500,\"height\":500},{\"@type\":\"BreadcrumbList\",\"@id\":\"https:\\\/\\\/techmasterdemexico.com\\\/producto\\\/llave-dinamometrica-neumatica\\\/#breadcrumb\",\"itemListElement\":[{\"@type\":\"ListItem\",\"position\":1,\"name\":\"Portada\",\"item\":\"https:\\\/\\\/techmasterdemexico.com\\\/\"},{\"@type\":\"ListItem\",\"position\":2,\"name\":\"Llave dinamom\u00e9trica neum\u00e1tica\"}]},{\"@type\":\"WebSite\",\"@id\":\"https:\\\/\\\/techmasterdemexico.com\\\/#website\",\"url\":\"https:\\\/\\\/techmasterdemexico.com\\\/\",\"name\":\"Techmaster de Mexico\",\"description\":\"\",\"potentialAction\":[{\"@type\":\"SearchAction\",\"target\":{\"@type\":\"EntryPoint\",\"urlTemplate\":\"https:\\\/\\\/techmasterdemexico.com\\\/?s={search_term_string}\"},\"query-input\":{\"@type\":\"PropertyValueSpecification\",\"valueRequired\":true,\"valueName\":\"search_term_string\"}}],\"inLanguage\":\"en-US\"}]}<\/script>\n<!-- \/ Yoast SEO plugin. -->","yoast_head_json":{"title":"Llave dinamom\u00e9trica neum\u00e1tica - Techmaster de Mexico","robots":{"index":"index","follow":"follow","max-snippet":"max-snippet:-1","max-image-preview":"max-image-preview:large","max-video-preview":"max-video-preview:-1"},"canonical":"https:\/\/techmasterdemexico.com\/producto\/llave-dinamometrica-neumatica\/","og_locale":"en_US","og_type":"article","og_title":"Llave dinamom\u00e9trica neum\u00e1tica - Techmaster de Mexico","og_description":"[:es]  La tecnolog\u00eda de motor doble permite que el PTM sea ligero y r\u00e1pido  Compacto y potente, que permite un excelente acceso a una variedad de sujetadores con rosca.  El gatillo secundario asegura que las manos est\u00e9n alejadas de los puntos de pellizco durante la operaci\u00f3n  Compacto y potente, que permite un excelente acceso a una variedad de sujetadores con rosca.  Hay disponible una amplia variedad de dispositivos de reacci\u00f3n, lo que la convierte en una herramienta extremadamente vers\u00e1til.  Estas son herramientas sin impacto con bajos niveles de vibraci\u00f3n.  Opere a niveles de ruido por debajo de 85 dB (bajo carga)  La caja de engranajes gira independientemente del mango para que las fuerzas de reacci\u00f3n nunca se transfieran al operador  Todas las herramientas se suministran con certificado de calibraci\u00f3n y tabla de par vs. presi\u00f3n  La serie PTM ofrece una amplia gama de salida de toque, de 74 a 4500 pies-lb  Precisi\u00f3n de \u00b1 5%  Incluye estuche, dispositivo de reacci\u00f3n con manivela, colgador de herramientas, mango secundario y conexi\u00f3n r\u00e1pida macho  [:en]    La tecnolog\u00eda de motor doble permite que el PTM sea ligero y r\u00e1pido   Compacto y potente, que permite un excelente acceso a una variedad de sujetadores con rosca.   El gatillo secundario asegura que las manos est\u00e9n alejadas de los puntos de pellizco durante la operaci\u00f3n   Compacto y potente, que permite un excelente acceso a una variedad de sujetadores con rosca.   Hay disponible una amplia variedad de dispositivos de reacci\u00f3n, lo que la convierte en una herramienta extremadamente vers\u00e1til.   Estas son herramientas sin impacto con bajos niveles de vibraci\u00f3n.   Opere a niveles de ruido por debajo de 85 dB (bajo carga)   La caja de engranajes gira independientemente del mango para que las fuerzas de reacci\u00f3n nunca se transfieran al operador   Todas las herramientas se suministran con certificado de calibraci\u00f3n y tabla de par vs. presi\u00f3n   La serie PTM ofrece una amplia gama de salida de toque, de 74 a 4500 pies-lb   Precisi\u00f3n de \u00b1 5%   Incluye estuche, dispositivo de reacci\u00f3n con manivela, colgador de herramientas, mango secundario y conexi\u00f3n r\u00e1pida macho    [:]","og_url":"https:\/\/techmasterdemexico.com\/producto\/llave-dinamometrica-neumatica\/","og_site_name":"Techmaster de Mexico","article_modified_time":"2021-12-28T22:25:43+00:00","og_image":[{"width":500,"height":500,"url":"https:\/\/techmasterdemexico.com\/wp-content\/uploads\/2021\/08\/PTM1000.png","type":"image\/png"}],"twitter_card":"summary_large_image","schema":{"@context":"https:\/\/schema.org","@graph":[{"@type":"WebPage","@id":"https:\/\/techmasterdemexico.com\/producto\/llave-dinamometrica-neumatica\/","url":"https:\/\/techmasterdemexico.com\/producto\/llave-dinamometrica-neumatica\/","name":"Llave dinamom\u00e9trica neum\u00e1tica - Techmaster de Mexico","isPartOf":{"@id":"https:\/\/techmasterdemexico.com\/#website"},"primaryImageOfPage":{"@id":"https:\/\/techmasterdemexico.com\/producto\/llave-dinamometrica-neumatica\/#primaryimage"},"image":{"@id":"https:\/\/techmasterdemexico.com\/producto\/llave-dinamometrica-neumatica\/#primaryimage"},"thumbnailUrl":"https:\/\/techmasterdemexico.com\/wp-content\/uploads\/2021\/08\/PTM1000.png","datePublished":"2021-08-19T18:30:42+00:00","dateModified":"2021-12-28T22:25:43+00:00","breadcrumb":{"@id":"https:\/\/techmasterdemexico.com\/producto\/llave-dinamometrica-neumatica\/#breadcrumb"},"inLanguage":"en-US","potentialAction":[{"@type":"ReadAction","target":["https:\/\/techmasterdemexico.com\/producto\/llave-dinamometrica-neumatica\/"]}]},{"@type":"ImageObject","inLanguage":"en-US","@id":"https:\/\/techmasterdemexico.com\/producto\/llave-dinamometrica-neumatica\/#primaryimage","url":"https:\/\/techmasterdemexico.com\/wp-content\/uploads\/2021\/08\/PTM1000.png","contentUrl":"https:\/\/techmasterdemexico.com\/wp-content\/uploads\/2021\/08\/PTM1000.png","width":500,"height":500},{"@type":"BreadcrumbList","@id":"https:\/\/techmasterdemexico.com\/producto\/llave-dinamometrica-neumatica\/#breadcrumb","itemListElement":[{"@type":"ListItem","position":1,"name":"Portada","item":"https:\/\/techmasterdemexico.com\/"},{"@type":"ListItem","position":2,"name":"Llave dinamom\u00e9trica neum\u00e1tica"}]},{"@type":"WebSite","@id":"https:\/\/techmasterdemexico.com\/#website","url":"https:\/\/techmasterdemexico.com\/","name":"Techmaster de Mexico","description":"","potentialAction":[{"@type":"SearchAction","target":{"@type":"EntryPoint","urlTemplate":"https:\/\/techmasterdemexico.com\/?s={search_term_string}"},"query-input":{"@type":"PropertyValueSpecification","valueRequired":true,"valueName":"search_term_string"}}],"inLanguage":"en-US"}]}},"brands":[{"id":98,"name":"Snap On","slug":"snap-on"}],"_links":{"self":[{"href":"https:\/\/techmasterdemexico.com\/en\/wp-json\/wp\/v2\/product\/8218","targetHints":{"allow":["GET"]}}],"collection":[{"href":"https:\/\/techmasterdemexico.com\/en\/wp-json\/wp\/v2\/product"}],"about":[{"href":"https:\/\/techmasterdemexico.com\/en\/wp-json\/wp\/v2\/types\/product"}],"wp:featuredmedia":[{"embeddable":true,"href":"https:\/\/techmasterdemexico.com\/en\/wp-json\/wp\/v2\/media\/9458"}],"wp:attachment":[{"href":"https:\/\/techmasterdemexico.com\/en\/wp-json\/wp\/v2\/media?parent=8218"}],"wp:term":[{"taxonomy":"pwb-brand","embeddable":true,"href":"https:\/\/techmasterdemexico.com\/en\/wp-json\/wp\/v2\/pwb-brand?post=8218"},{"taxonomy":"product_brand","embeddable":true,"href":"https:\/\/techmasterdemexico.com\/en\/wp-json\/wp\/v2\/product_brand?post=8218"},{"taxonomy":"product_cat","embeddable":true,"href":"https:\/\/techmasterdemexico.com\/en\/wp-json\/wp\/v2\/product_cat?post=8218"},{"taxonomy":"product_tag","embeddable":true,"href":"https:\/\/techmasterdemexico.com\/en\/wp-json\/wp\/v2\/product_tag?post=8218"}],"curies":[{"name":"wp","href":"https:\/\/api.w.org\/{rel}","templated":true}]}}