{"id":8216,"date":"2021-08-19T18:30:42","date_gmt":"2021-08-19T18:30:42","guid":{"rendered":"http:\/\/techmastermx.ddns.net\/producto\/torqometer-us-basico\/"},"modified":"2021-12-28T22:25:42","modified_gmt":"2021-12-28T22:25:42","slug":"torqometer-us-basico","status":"publish","type":"product","link":"https:\/\/techmasterdemexico.com\/en\/producto\/torqometer-us-basico\/","title":{"rendered":"TORQOMETER\u00ae US B\u00e1sico"},"content":{"rendered":"<p>TORQOMETER\u00ae US B\u00e1sico<\/p>\n","protected":false},"excerpt":{"rendered":"<ul>\n<li>Pa\u00eds de origen Estados Unidos<\/li>\n<li>Estuche de almacenamiento PB9<\/li>\n<li>Modelo B\u00e1sico<\/li>\n<li>Ancho, pulgadas 2-11 \/ 16<\/li>\n<li>Longitud (Pulgadas) 29\/9\/32<\/li>\n<li>Profundidad de la cabeza *, pulgadas 1-1 \/ 4<\/li>\n<li>Incrementos 2-1 \/ 2 pulg-lb<\/li>\n<li>Distancia 150 pulg-lb<\/li>\n<li>Square Drive, pulgadas 3\/8<\/li>\n<\/ul>\n<p>&nbsp;<\/p>\n<p>&nbsp;<\/p>\n","protected":false},"featured_media":9456,"template":"","meta":{"_acf_changed":false},"pwb-brand":[98],"product_brand":[],"product_cat":[366,68,283,48],"product_tag":[],"class_list":{"0":"post-8216","1":"product","2":"type-product","3":"status-publish","4":"has-post-thumbnail","6":"pwb-brand-snap-on","7":"product_cat-todos-los-productos","8":"product_cat-herramientas-de-torsion","9":"product_cat-llave-dinanometrica-torqometer","10":"product_cat-snap-on","12":"first","13":"instock","14":"taxable","15":"shipping-taxable","16":"product-type-simple"},"acf":[],"yoast_head":"<!-- This site is optimized with the Yoast SEO plugin v27.4 - https:\/\/yoast.com\/product\/yoast-seo-wordpress\/ -->\n<title>TORQOMETER\u00ae US B\u00e1sico - Techmaster de Mexico<\/title>\n<meta name=\"robots\" content=\"index, follow, max-snippet:-1, max-image-preview:large, max-video-preview:-1\" \/>\n<link rel=\"canonical\" href=\"https:\/\/techmasterdemexico.com\/producto\/torqometer-us-basico\/\" \/>\n<meta property=\"og:locale\" content=\"en_US\" \/>\n<meta property=\"og:type\" content=\"article\" \/>\n<meta property=\"og:title\" content=\"TORQOMETER\u00ae US B\u00e1sico - Techmaster de Mexico\" \/>\n<meta property=\"og:description\" content=\"Pa\u00eds de origen Estados Unidos   Estuche de almacenamiento PB9   Modelo B\u00e1sico   Ancho, pulgadas 2-11 \/ 16   Longitud (Pulgadas) 29\/9\/32   Profundidad de la cabeza *, pulgadas 1-1 \/ 4   Incrementos 2-1 \/ 2 pulg-lb   Distancia 150 pulg-lb   Square Drive, pulgadas 3\/8    &nbsp;    &nbsp;\" \/>\n<meta property=\"og:url\" content=\"https:\/\/techmasterdemexico.com\/producto\/torqometer-us-basico\/\" \/>\n<meta property=\"og:site_name\" content=\"Techmaster de Mexico\" \/>\n<meta property=\"article:modified_time\" content=\"2021-12-28T22:25:42+00:00\" \/>\n<meta property=\"og:image\" content=\"https:\/\/techmasterdemexico.com\/wp-content\/uploads\/2021\/08\/TE12A.png\" \/>\n\t<meta property=\"og:image:width\" content=\"500\" \/>\n\t<meta property=\"og:image:height\" content=\"500\" \/>\n\t<meta property=\"og:image:type\" content=\"image\/png\" \/>\n<meta name=\"twitter:card\" content=\"summary_large_image\" \/>\n<script type=\"application\/ld+json\" class=\"yoast-schema-graph\">{\"@context\":\"https:\\\/\\\/schema.org\",\"@graph\":[{\"@type\":\"WebPage\",\"@id\":\"https:\\\/\\\/techmasterdemexico.com\\\/producto\\\/torqometer-us-basico\\\/\",\"url\":\"https:\\\/\\\/techmasterdemexico.com\\\/producto\\\/torqometer-us-basico\\\/\",\"name\":\"TORQOMETER\u00ae US B\u00e1sico - Techmaster de Mexico\",\"isPartOf\":{\"@id\":\"https:\\\/\\\/techmasterdemexico.com\\\/#website\"},\"primaryImageOfPage\":{\"@id\":\"https:\\\/\\\/techmasterdemexico.com\\\/producto\\\/torqometer-us-basico\\\/#primaryimage\"},\"image\":{\"@id\":\"https:\\\/\\\/techmasterdemexico.com\\\/producto\\\/torqometer-us-basico\\\/#primaryimage\"},\"thumbnailUrl\":\"https:\\\/\\\/techmasterdemexico.com\\\/wp-content\\\/uploads\\\/2021\\\/08\\\/TE12A.png\",\"datePublished\":\"2021-08-19T18:30:42+00:00\",\"dateModified\":\"2021-12-28T22:25:42+00:00\",\"breadcrumb\":{\"@id\":\"https:\\\/\\\/techmasterdemexico.com\\\/producto\\\/torqometer-us-basico\\\/#breadcrumb\"},\"inLanguage\":\"en-US\",\"potentialAction\":[{\"@type\":\"ReadAction\",\"target\":[\"https:\\\/\\\/techmasterdemexico.com\\\/producto\\\/torqometer-us-basico\\\/\"]}]},{\"@type\":\"ImageObject\",\"inLanguage\":\"en-US\",\"@id\":\"https:\\\/\\\/techmasterdemexico.com\\\/producto\\\/torqometer-us-basico\\\/#primaryimage\",\"url\":\"https:\\\/\\\/techmasterdemexico.com\\\/wp-content\\\/uploads\\\/2021\\\/08\\\/TE12A.png\",\"contentUrl\":\"https:\\\/\\\/techmasterdemexico.com\\\/wp-content\\\/uploads\\\/2021\\\/08\\\/TE12A.png\",\"width\":500,\"height\":500},{\"@type\":\"BreadcrumbList\",\"@id\":\"https:\\\/\\\/techmasterdemexico.com\\\/producto\\\/torqometer-us-basico\\\/#breadcrumb\",\"itemListElement\":[{\"@type\":\"ListItem\",\"position\":1,\"name\":\"Portada\",\"item\":\"https:\\\/\\\/techmasterdemexico.com\\\/\"},{\"@type\":\"ListItem\",\"position\":2,\"name\":\"TORQOMETER\u00ae US B\u00e1sico\"}]},{\"@type\":\"WebSite\",\"@id\":\"https:\\\/\\\/techmasterdemexico.com\\\/#website\",\"url\":\"https:\\\/\\\/techmasterdemexico.com\\\/\",\"name\":\"Techmaster de Mexico\",\"description\":\"\",\"potentialAction\":[{\"@type\":\"SearchAction\",\"target\":{\"@type\":\"EntryPoint\",\"urlTemplate\":\"https:\\\/\\\/techmasterdemexico.com\\\/?s={search_term_string}\"},\"query-input\":{\"@type\":\"PropertyValueSpecification\",\"valueRequired\":true,\"valueName\":\"search_term_string\"}}],\"inLanguage\":\"en-US\"}]}<\/script>\n<!-- \/ Yoast SEO plugin. -->","yoast_head_json":{"title":"TORQOMETER\u00ae US B\u00e1sico - Techmaster de Mexico","robots":{"index":"index","follow":"follow","max-snippet":"max-snippet:-1","max-image-preview":"max-image-preview:large","max-video-preview":"max-video-preview:-1"},"canonical":"https:\/\/techmasterdemexico.com\/producto\/torqometer-us-basico\/","og_locale":"en_US","og_type":"article","og_title":"TORQOMETER\u00ae US B\u00e1sico - Techmaster de Mexico","og_description":"Pa\u00eds de origen Estados Unidos   Estuche de almacenamiento PB9   Modelo B\u00e1sico   Ancho, pulgadas 2-11 \/ 16   Longitud (Pulgadas) 29\/9\/32   Profundidad de la cabeza *, pulgadas 1-1 \/ 4   Incrementos 2-1 \/ 2 pulg-lb   Distancia 150 pulg-lb   Square Drive, pulgadas 3\/8    &nbsp;    &nbsp;","og_url":"https:\/\/techmasterdemexico.com\/producto\/torqometer-us-basico\/","og_site_name":"Techmaster de Mexico","article_modified_time":"2021-12-28T22:25:42+00:00","og_image":[{"width":500,"height":500,"url":"https:\/\/techmasterdemexico.com\/wp-content\/uploads\/2021\/08\/TE12A.png","type":"image\/png"}],"twitter_card":"summary_large_image","schema":{"@context":"https:\/\/schema.org","@graph":[{"@type":"WebPage","@id":"https:\/\/techmasterdemexico.com\/producto\/torqometer-us-basico\/","url":"https:\/\/techmasterdemexico.com\/producto\/torqometer-us-basico\/","name":"TORQOMETER\u00ae US B\u00e1sico - Techmaster de Mexico","isPartOf":{"@id":"https:\/\/techmasterdemexico.com\/#website"},"primaryImageOfPage":{"@id":"https:\/\/techmasterdemexico.com\/producto\/torqometer-us-basico\/#primaryimage"},"image":{"@id":"https:\/\/techmasterdemexico.com\/producto\/torqometer-us-basico\/#primaryimage"},"thumbnailUrl":"https:\/\/techmasterdemexico.com\/wp-content\/uploads\/2021\/08\/TE12A.png","datePublished":"2021-08-19T18:30:42+00:00","dateModified":"2021-12-28T22:25:42+00:00","breadcrumb":{"@id":"https:\/\/techmasterdemexico.com\/producto\/torqometer-us-basico\/#breadcrumb"},"inLanguage":"en-US","potentialAction":[{"@type":"ReadAction","target":["https:\/\/techmasterdemexico.com\/producto\/torqometer-us-basico\/"]}]},{"@type":"ImageObject","inLanguage":"en-US","@id":"https:\/\/techmasterdemexico.com\/producto\/torqometer-us-basico\/#primaryimage","url":"https:\/\/techmasterdemexico.com\/wp-content\/uploads\/2021\/08\/TE12A.png","contentUrl":"https:\/\/techmasterdemexico.com\/wp-content\/uploads\/2021\/08\/TE12A.png","width":500,"height":500},{"@type":"BreadcrumbList","@id":"https:\/\/techmasterdemexico.com\/producto\/torqometer-us-basico\/#breadcrumb","itemListElement":[{"@type":"ListItem","position":1,"name":"Portada","item":"https:\/\/techmasterdemexico.com\/"},{"@type":"ListItem","position":2,"name":"TORQOMETER\u00ae US B\u00e1sico"}]},{"@type":"WebSite","@id":"https:\/\/techmasterdemexico.com\/#website","url":"https:\/\/techmasterdemexico.com\/","name":"Techmaster de Mexico","description":"","potentialAction":[{"@type":"SearchAction","target":{"@type":"EntryPoint","urlTemplate":"https:\/\/techmasterdemexico.com\/?s={search_term_string}"},"query-input":{"@type":"PropertyValueSpecification","valueRequired":true,"valueName":"search_term_string"}}],"inLanguage":"en-US"}]}},"brands":[{"id":98,"name":"Snap On","slug":"snap-on"}],"_links":{"self":[{"href":"https:\/\/techmasterdemexico.com\/en\/wp-json\/wp\/v2\/product\/8216","targetHints":{"allow":["GET"]}}],"collection":[{"href":"https:\/\/techmasterdemexico.com\/en\/wp-json\/wp\/v2\/product"}],"about":[{"href":"https:\/\/techmasterdemexico.com\/en\/wp-json\/wp\/v2\/types\/product"}],"wp:featuredmedia":[{"embeddable":true,"href":"https:\/\/techmasterdemexico.com\/en\/wp-json\/wp\/v2\/media\/9456"}],"wp:attachment":[{"href":"https:\/\/techmasterdemexico.com\/en\/wp-json\/wp\/v2\/media?parent=8216"}],"wp:term":[{"taxonomy":"pwb-brand","embeddable":true,"href":"https:\/\/techmasterdemexico.com\/en\/wp-json\/wp\/v2\/pwb-brand?post=8216"},{"taxonomy":"product_brand","embeddable":true,"href":"https:\/\/techmasterdemexico.com\/en\/wp-json\/wp\/v2\/product_brand?post=8216"},{"taxonomy":"product_cat","embeddable":true,"href":"https:\/\/techmasterdemexico.com\/en\/wp-json\/wp\/v2\/product_cat?post=8216"},{"taxonomy":"product_tag","embeddable":true,"href":"https:\/\/techmasterdemexico.com\/en\/wp-json\/wp\/v2\/product_tag?post=8216"}],"curies":[{"name":"wp","href":"https:\/\/api.w.org\/{rel}","templated":true}]}}