{"id":8210,"date":"2021-08-19T18:30:39","date_gmt":"2021-08-19T18:30:39","guid":{"rendered":"http:\/\/techmastermx.ddns.net\/producto\/llave-dinamometrica-de-cabeza-flexible-techwrench-de-3-8-5-100-ft-lb\/"},"modified":"2021-12-28T22:25:45","modified_gmt":"2021-12-28T22:25:45","slug":"llave-dinamometrica-de-cabeza-flexible-techwrench-de-3-8-5-100-ft-lb","status":"publish","type":"product","link":"https:\/\/techmasterdemexico.com\/en\/producto\/llave-dinamometrica-de-cabeza-flexible-techwrench-de-3-8-5-100-ft-lb\/","title":{"rendered":"Llave dinamom\u00e9trica de cabeza flexible Techwrench\u00ae de 3\/8 &#8220;(5-100 ft-lb)"},"content":{"rendered":"<p>Llave dinamom\u00e9trica de cabeza flexible Techwrench\u00ae de 3\/8 &#8220;(5-100 ft-lb)<\/p>\n","protected":false},"excerpt":{"rendered":"<ul>\n<li>Par de torsi\u00f3n: 5\u2013100 ft-lb<\/li>\n<li>Precisi\u00f3n de torque: +\/- 2% CW y +\/- 3% CCW, 20-100% de la escala completa; +\/- 4% CW y +\/- 6% CCW, 10-19% de escala completa; +\/- 4% CW y +\/- 6% CCW, 10-19% de escala completa; 10% CCW desde 5-9% de escala completa (TECH Z solamente)<\/li>\n<li>Modos preestablecidos manual y autom\u00e1tico de seguimiento y retenci\u00f3n de picos<\/li>\n<li>Conversi\u00f3n de unidades de torque: N \u2022 m, ft-lb, in-lb<\/li>\n<li>Alertas preestablecidas audibles (tono) y t\u00e1ctiles (mango vibratorio)<\/li>\n<li>Resoluci\u00f3n de pantalla: 0,1 ft-lb, 0,1 N \u2022 m, 1 in-lb<\/li>\n<li>Cada bot\u00f3n tiene solo una funci\u00f3n (encendido, aumento preestablecido, disminuci\u00f3n preestablecida, selecci\u00f3n de unidad de medida)<\/li>\n<li>Agarre c\u00f3modo y antideslizante<\/li>\n<li>El soporte en la parte inferior del mango evita que la herramienta se salga de una superficie plana.<\/li>\n<li>Los trinquetes sellados de cabeza flexible se mueven \u00b1 15 \u00b0<\/li>\n<li>Indicador de bater\u00eda baja y apagado autom\u00e1tico (despu\u00e9s de dos minutos inactivo)<\/li>\n<li>Utiliza (3) pilas de litio AA (incluidas)<\/li>\n<li>Incluye estuche de almacenamiento<\/li>\n<\/ul>\n","protected":false},"featured_media":9463,"template":"","meta":{"_acf_changed":false},"pwb-brand":[98],"product_brand":[],"product_cat":[366,68,150,48],"product_tag":[],"class_list":{"0":"post-8210","1":"product","2":"type-product","3":"status-publish","4":"has-post-thumbnail","6":"pwb-brand-snap-on","7":"product_cat-todos-los-productos","8":"product_cat-herramientas-de-torsion","9":"product_cat-llave-dinanometricas-techwrench","10":"product_cat-snap-on","12":"first","13":"instock","14":"taxable","15":"shipping-taxable","16":"product-type-simple"},"acf":[],"yoast_head":"<!-- This site is optimized with the Yoast SEO plugin v27.4 - https:\/\/yoast.com\/product\/yoast-seo-wordpress\/ -->\n<title>Llave dinamom\u00e9trica de cabeza flexible Techwrench\u00ae de 3\/8 &quot;(5-100 ft-lb) - Techmaster de Mexico<\/title>\n<meta name=\"robots\" content=\"index, follow, max-snippet:-1, max-image-preview:large, max-video-preview:-1\" \/>\n<link rel=\"canonical\" href=\"https:\/\/techmasterdemexico.com\/producto\/llave-dinamometrica-de-cabeza-flexible-techwrench-de-3-8-5-100-ft-lb\/\" \/>\n<meta property=\"og:locale\" content=\"en_US\" \/>\n<meta property=\"og:type\" content=\"article\" \/>\n<meta property=\"og:title\" content=\"Llave dinamom\u00e9trica de cabeza flexible Techwrench\u00ae de 3\/8 &quot;(5-100 ft-lb) - Techmaster de Mexico\" \/>\n<meta property=\"og:description\" content=\"Par de torsi\u00f3n: 5\u2013100 ft-lb   Precisi\u00f3n de torque: +\/- 2% CW y +\/- 3% CCW, 20-100% de la escala completa; +\/- 4% CW y +\/- 6% CCW, 10-19% de escala completa; +\/- 4% CW y +\/- 6% CCW, 10-19% de escala completa; 10% CCW desde 5-9% de escala completa (TECH Z solamente)   Modos preestablecidos manual y autom\u00e1tico de seguimiento y retenci\u00f3n de picos   Conversi\u00f3n de unidades de torque: N \u2022 m, ft-lb, in-lb   Alertas preestablecidas audibles (tono) y t\u00e1ctiles (mango vibratorio)   Resoluci\u00f3n de pantalla: 0,1 ft-lb, 0,1 N \u2022 m, 1 in-lb   Cada bot\u00f3n tiene solo una funci\u00f3n (encendido, aumento preestablecido, disminuci\u00f3n preestablecida, selecci\u00f3n de unidad de medida)   Agarre c\u00f3modo y antideslizante   El soporte en la parte inferior del mango evita que la herramienta se salga de una superficie plana.   Los trinquetes sellados de cabeza flexible se mueven \u00b1 15 \u00b0   Indicador de bater\u00eda baja y apagado autom\u00e1tico (despu\u00e9s de dos minutos inactivo)   Utiliza (3) pilas de litio AA (incluidas)   Incluye estuche de almacenamiento\" \/>\n<meta property=\"og:url\" content=\"https:\/\/techmasterdemexico.com\/producto\/llave-dinamometrica-de-cabeza-flexible-techwrench-de-3-8-5-100-ft-lb\/\" \/>\n<meta property=\"og:site_name\" content=\"Techmaster de Mexico\" \/>\n<meta property=\"article:modified_time\" content=\"2021-12-28T22:25:45+00:00\" \/>\n<meta property=\"og:image\" content=\"https:\/\/techmasterdemexico.com\/wp-content\/uploads\/2021\/08\/TECH2FR100.png\" \/>\n\t<meta property=\"og:image:width\" content=\"500\" \/>\n\t<meta property=\"og:image:height\" content=\"500\" \/>\n\t<meta property=\"og:image:type\" content=\"image\/png\" \/>\n<meta name=\"twitter:card\" content=\"summary_large_image\" \/>\n<script type=\"application\/ld+json\" class=\"yoast-schema-graph\">{\"@context\":\"https:\\\/\\\/schema.org\",\"@graph\":[{\"@type\":\"WebPage\",\"@id\":\"https:\\\/\\\/techmasterdemexico.com\\\/producto\\\/llave-dinamometrica-de-cabeza-flexible-techwrench-de-3-8-5-100-ft-lb\\\/\",\"url\":\"https:\\\/\\\/techmasterdemexico.com\\\/producto\\\/llave-dinamometrica-de-cabeza-flexible-techwrench-de-3-8-5-100-ft-lb\\\/\",\"name\":\"Llave dinamom\u00e9trica de cabeza flexible Techwrench\u00ae de 3\\\/8 \\\"(5-100 ft-lb) - Techmaster de Mexico\",\"isPartOf\":{\"@id\":\"https:\\\/\\\/techmasterdemexico.com\\\/#website\"},\"primaryImageOfPage\":{\"@id\":\"https:\\\/\\\/techmasterdemexico.com\\\/producto\\\/llave-dinamometrica-de-cabeza-flexible-techwrench-de-3-8-5-100-ft-lb\\\/#primaryimage\"},\"image\":{\"@id\":\"https:\\\/\\\/techmasterdemexico.com\\\/producto\\\/llave-dinamometrica-de-cabeza-flexible-techwrench-de-3-8-5-100-ft-lb\\\/#primaryimage\"},\"thumbnailUrl\":\"https:\\\/\\\/techmasterdemexico.com\\\/wp-content\\\/uploads\\\/2021\\\/08\\\/TECH2FR100.png\",\"datePublished\":\"2021-08-19T18:30:39+00:00\",\"dateModified\":\"2021-12-28T22:25:45+00:00\",\"breadcrumb\":{\"@id\":\"https:\\\/\\\/techmasterdemexico.com\\\/producto\\\/llave-dinamometrica-de-cabeza-flexible-techwrench-de-3-8-5-100-ft-lb\\\/#breadcrumb\"},\"inLanguage\":\"en-US\",\"potentialAction\":[{\"@type\":\"ReadAction\",\"target\":[\"https:\\\/\\\/techmasterdemexico.com\\\/producto\\\/llave-dinamometrica-de-cabeza-flexible-techwrench-de-3-8-5-100-ft-lb\\\/\"]}]},{\"@type\":\"ImageObject\",\"inLanguage\":\"en-US\",\"@id\":\"https:\\\/\\\/techmasterdemexico.com\\\/producto\\\/llave-dinamometrica-de-cabeza-flexible-techwrench-de-3-8-5-100-ft-lb\\\/#primaryimage\",\"url\":\"https:\\\/\\\/techmasterdemexico.com\\\/wp-content\\\/uploads\\\/2021\\\/08\\\/TECH2FR100.png\",\"contentUrl\":\"https:\\\/\\\/techmasterdemexico.com\\\/wp-content\\\/uploads\\\/2021\\\/08\\\/TECH2FR100.png\",\"width\":500,\"height\":500},{\"@type\":\"BreadcrumbList\",\"@id\":\"https:\\\/\\\/techmasterdemexico.com\\\/producto\\\/llave-dinamometrica-de-cabeza-flexible-techwrench-de-3-8-5-100-ft-lb\\\/#breadcrumb\",\"itemListElement\":[{\"@type\":\"ListItem\",\"position\":1,\"name\":\"Portada\",\"item\":\"https:\\\/\\\/techmasterdemexico.com\\\/\"},{\"@type\":\"ListItem\",\"position\":2,\"name\":\"Llave dinamom\u00e9trica de cabeza flexible Techwrench\u00ae de 3\\\/8 \u00ab(5-100 ft-lb)\"}]},{\"@type\":\"WebSite\",\"@id\":\"https:\\\/\\\/techmasterdemexico.com\\\/#website\",\"url\":\"https:\\\/\\\/techmasterdemexico.com\\\/\",\"name\":\"Techmaster de Mexico\",\"description\":\"\",\"potentialAction\":[{\"@type\":\"SearchAction\",\"target\":{\"@type\":\"EntryPoint\",\"urlTemplate\":\"https:\\\/\\\/techmasterdemexico.com\\\/?s={search_term_string}\"},\"query-input\":{\"@type\":\"PropertyValueSpecification\",\"valueRequired\":true,\"valueName\":\"search_term_string\"}}],\"inLanguage\":\"en-US\"}]}<\/script>\n<!-- \/ Yoast SEO plugin. -->","yoast_head_json":{"title":"Llave dinamom\u00e9trica de cabeza flexible Techwrench\u00ae de 3\/8 \"(5-100 ft-lb) - Techmaster de Mexico","robots":{"index":"index","follow":"follow","max-snippet":"max-snippet:-1","max-image-preview":"max-image-preview:large","max-video-preview":"max-video-preview:-1"},"canonical":"https:\/\/techmasterdemexico.com\/producto\/llave-dinamometrica-de-cabeza-flexible-techwrench-de-3-8-5-100-ft-lb\/","og_locale":"en_US","og_type":"article","og_title":"Llave dinamom\u00e9trica de cabeza flexible Techwrench\u00ae de 3\/8 \"(5-100 ft-lb) - Techmaster de Mexico","og_description":"Par de torsi\u00f3n: 5\u2013100 ft-lb   Precisi\u00f3n de torque: +\/- 2% CW y +\/- 3% CCW, 20-100% de la escala completa; +\/- 4% CW y +\/- 6% CCW, 10-19% de escala completa; +\/- 4% CW y +\/- 6% CCW, 10-19% de escala completa; 10% CCW desde 5-9% de escala completa (TECH Z solamente)   Modos preestablecidos manual y autom\u00e1tico de seguimiento y retenci\u00f3n de picos   Conversi\u00f3n de unidades de torque: N \u2022 m, ft-lb, in-lb   Alertas preestablecidas audibles (tono) y t\u00e1ctiles (mango vibratorio)   Resoluci\u00f3n de pantalla: 0,1 ft-lb, 0,1 N \u2022 m, 1 in-lb   Cada bot\u00f3n tiene solo una funci\u00f3n (encendido, aumento preestablecido, disminuci\u00f3n preestablecida, selecci\u00f3n de unidad de medida)   Agarre c\u00f3modo y antideslizante   El soporte en la parte inferior del mango evita que la herramienta se salga de una superficie plana.   Los trinquetes sellados de cabeza flexible se mueven \u00b1 15 \u00b0   Indicador de bater\u00eda baja y apagado autom\u00e1tico (despu\u00e9s de dos minutos inactivo)   Utiliza (3) pilas de litio AA (incluidas)   Incluye estuche de almacenamiento","og_url":"https:\/\/techmasterdemexico.com\/producto\/llave-dinamometrica-de-cabeza-flexible-techwrench-de-3-8-5-100-ft-lb\/","og_site_name":"Techmaster de Mexico","article_modified_time":"2021-12-28T22:25:45+00:00","og_image":[{"width":500,"height":500,"url":"https:\/\/techmasterdemexico.com\/wp-content\/uploads\/2021\/08\/TECH2FR100.png","type":"image\/png"}],"twitter_card":"summary_large_image","schema":{"@context":"https:\/\/schema.org","@graph":[{"@type":"WebPage","@id":"https:\/\/techmasterdemexico.com\/producto\/llave-dinamometrica-de-cabeza-flexible-techwrench-de-3-8-5-100-ft-lb\/","url":"https:\/\/techmasterdemexico.com\/producto\/llave-dinamometrica-de-cabeza-flexible-techwrench-de-3-8-5-100-ft-lb\/","name":"Llave dinamom\u00e9trica de cabeza flexible Techwrench\u00ae de 3\/8 \"(5-100 ft-lb) - Techmaster de Mexico","isPartOf":{"@id":"https:\/\/techmasterdemexico.com\/#website"},"primaryImageOfPage":{"@id":"https:\/\/techmasterdemexico.com\/producto\/llave-dinamometrica-de-cabeza-flexible-techwrench-de-3-8-5-100-ft-lb\/#primaryimage"},"image":{"@id":"https:\/\/techmasterdemexico.com\/producto\/llave-dinamometrica-de-cabeza-flexible-techwrench-de-3-8-5-100-ft-lb\/#primaryimage"},"thumbnailUrl":"https:\/\/techmasterdemexico.com\/wp-content\/uploads\/2021\/08\/TECH2FR100.png","datePublished":"2021-08-19T18:30:39+00:00","dateModified":"2021-12-28T22:25:45+00:00","breadcrumb":{"@id":"https:\/\/techmasterdemexico.com\/producto\/llave-dinamometrica-de-cabeza-flexible-techwrench-de-3-8-5-100-ft-lb\/#breadcrumb"},"inLanguage":"en-US","potentialAction":[{"@type":"ReadAction","target":["https:\/\/techmasterdemexico.com\/producto\/llave-dinamometrica-de-cabeza-flexible-techwrench-de-3-8-5-100-ft-lb\/"]}]},{"@type":"ImageObject","inLanguage":"en-US","@id":"https:\/\/techmasterdemexico.com\/producto\/llave-dinamometrica-de-cabeza-flexible-techwrench-de-3-8-5-100-ft-lb\/#primaryimage","url":"https:\/\/techmasterdemexico.com\/wp-content\/uploads\/2021\/08\/TECH2FR100.png","contentUrl":"https:\/\/techmasterdemexico.com\/wp-content\/uploads\/2021\/08\/TECH2FR100.png","width":500,"height":500},{"@type":"BreadcrumbList","@id":"https:\/\/techmasterdemexico.com\/producto\/llave-dinamometrica-de-cabeza-flexible-techwrench-de-3-8-5-100-ft-lb\/#breadcrumb","itemListElement":[{"@type":"ListItem","position":1,"name":"Portada","item":"https:\/\/techmasterdemexico.com\/"},{"@type":"ListItem","position":2,"name":"Llave dinamom\u00e9trica de cabeza flexible Techwrench\u00ae de 3\/8 \u00ab(5-100 ft-lb)"}]},{"@type":"WebSite","@id":"https:\/\/techmasterdemexico.com\/#website","url":"https:\/\/techmasterdemexico.com\/","name":"Techmaster de Mexico","description":"","potentialAction":[{"@type":"SearchAction","target":{"@type":"EntryPoint","urlTemplate":"https:\/\/techmasterdemexico.com\/?s={search_term_string}"},"query-input":{"@type":"PropertyValueSpecification","valueRequired":true,"valueName":"search_term_string"}}],"inLanguage":"en-US"}]}},"brands":[{"id":98,"name":"Snap On","slug":"snap-on"}],"_links":{"self":[{"href":"https:\/\/techmasterdemexico.com\/en\/wp-json\/wp\/v2\/product\/8210","targetHints":{"allow":["GET"]}}],"collection":[{"href":"https:\/\/techmasterdemexico.com\/en\/wp-json\/wp\/v2\/product"}],"about":[{"href":"https:\/\/techmasterdemexico.com\/en\/wp-json\/wp\/v2\/types\/product"}],"wp:featuredmedia":[{"embeddable":true,"href":"https:\/\/techmasterdemexico.com\/en\/wp-json\/wp\/v2\/media\/9463"}],"wp:attachment":[{"href":"https:\/\/techmasterdemexico.com\/en\/wp-json\/wp\/v2\/media?parent=8210"}],"wp:term":[{"taxonomy":"pwb-brand","embeddable":true,"href":"https:\/\/techmasterdemexico.com\/en\/wp-json\/wp\/v2\/pwb-brand?post=8210"},{"taxonomy":"product_brand","embeddable":true,"href":"https:\/\/techmasterdemexico.com\/en\/wp-json\/wp\/v2\/product_brand?post=8210"},{"taxonomy":"product_cat","embeddable":true,"href":"https:\/\/techmasterdemexico.com\/en\/wp-json\/wp\/v2\/product_cat?post=8210"},{"taxonomy":"product_tag","embeddable":true,"href":"https:\/\/techmasterdemexico.com\/en\/wp-json\/wp\/v2\/product_tag?post=8210"}],"curies":[{"name":"wp","href":"https:\/\/api.w.org\/{rel}","templated":true}]}}