{"id":8209,"date":"2021-08-19T18:30:38","date_gmt":"2021-08-19T18:30:38","guid":{"rendered":"http:\/\/techmastermx.ddns.net\/producto\/llave-dinamometrica-de-cabeza-flexible-serie-tq-con-accionamiento-de-3-8-20-100-ft-lb\/"},"modified":"2021-12-28T22:25:46","modified_gmt":"2021-12-28T22:25:46","slug":"llave-dinamometrica-de-cabeza-flexible-serie-tq-con-accionamiento-de-3-8-20-100-ft-lb","status":"publish","type":"product","link":"https:\/\/techmasterdemexico.com\/en\/producto\/llave-dinamometrica-de-cabeza-flexible-serie-tq-con-accionamiento-de-3-8-20-100-ft-lb\/","title":{"rendered":"Llave dinamom\u00e9trica de cabeza flexible serie TQ con accionamiento de 3\/8 &#8220;(20-100 ft-lb)"},"content":{"rendered":"<p>Llave dinamom\u00e9trica de cabeza flexible serie TQ con accionamiento de 3\/8 &#8220;(20-100 ft-lb)<\/p>\n","protected":false},"excerpt":{"rendered":"<ul>\n<li>Par de torsi\u00f3n: 20\u2013100 ft-lb<\/li>\n<li>Precisi\u00f3n de par: +\/- 4% CW, 20-100% de la escala completa<\/li>\n<li>Los modelos de cabezal flexible ofrecen trinquetes Snap-on\u00ae resistentes y duraderos, que se pueden flexionar hasta 15 \u00b0 para proporcionar espacio libre para los nudillos y las obstrucciones<\/li>\n<li>La llave cuenta con un dise\u00f1o innovador que proporciona lecturas precisas de forma constante y un rendimiento resistente y sin problemas<\/li>\n<li>La cabeza de trinquete sellada de 36 dientes pr\u00e1cticamente no necesita mantenimiento<\/li>\n<li>El ajuste de tipo tornillo de pulgar es m\u00e1s r\u00e1pido que el ciclo a trav\u00e9s de una llave dinamom\u00e9trica de estilo microm\u00e9trico<\/li>\n<li>El cuello sellado mantiene el polvo y la arena alejados del mecanismo de torsi\u00f3n para prolongar la vida \u00fatil de la herramienta<\/li>\n<li>Mango de agarre acolchado que brinda comodidad y control, y resiste la mayor\u00eda de los fluidos automotrices<\/li>\n<li>El exclusivo elemento de medici\u00f3n de haz dividido proporciona precisi\u00f3n y elimina el pesado resorte helicoidal que se usa en las llaves convencionales de tipo clic, lo que resulta en menos partes m\u00f3viles para reducir la fricci\u00f3n y mantener el desgaste al m\u00ednimo.<\/li>\n<li>El ajuste del par es r\u00e1pido y f\u00e1cil girando la perilla de ajuste estilo micr\u00f3metro hasta que se muestre el valor requerido en la ventana de par.<\/li>\n<li>Dise\u00f1ado para medir el par en el sentido de las agujas del reloj \u00fanicamente; la llave no es reversible<\/li>\n<li>El protector de pulgar evita que la configuraci\u00f3n se cambie accidentalmente<\/li>\n<li>Tabla de conversi\u00f3n a N \u2022 m mostrada en el mango<\/li>\n<li>Empu\u00f1adura de compuesto bi-molde para mejorar la ergonom\u00eda<\/li>\n<li>Incluye un estuche moldeado por soplado para almacenamiento<\/li>\n<\/ul>\n","protected":false},"featured_media":9466,"template":"","meta":{"_acf_changed":false},"pwb-brand":[98],"product_brand":[],"product_cat":[366,68,280,48],"product_tag":[],"class_list":{"0":"post-8209","1":"product","2":"type-product","3":"status-publish","4":"has-post-thumbnail","6":"pwb-brand-snap-on","7":"product_cat-todos-los-productos","8":"product_cat-herramientas-de-torsion","9":"product_cat-llave-dinanometricas-ajustables-tipo-clic","10":"product_cat-snap-on","12":"first","13":"instock","14":"taxable","15":"shipping-taxable","16":"product-type-simple"},"acf":[],"yoast_head":"<!-- This site is optimized with the Yoast SEO plugin v27.4 - https:\/\/yoast.com\/product\/yoast-seo-wordpress\/ -->\n<title>Llave dinamom\u00e9trica de cabeza flexible serie TQ con accionamiento de 3\/8 &quot;(20-100 ft-lb) - Techmaster de Mexico<\/title>\n<meta name=\"robots\" content=\"index, follow, max-snippet:-1, max-image-preview:large, max-video-preview:-1\" \/>\n<link rel=\"canonical\" href=\"https:\/\/techmasterdemexico.com\/producto\/llave-dinamometrica-de-cabeza-flexible-serie-tq-con-accionamiento-de-3-8-20-100-ft-lb\/\" \/>\n<meta property=\"og:locale\" content=\"en_US\" \/>\n<meta property=\"og:type\" content=\"article\" \/>\n<meta property=\"og:title\" content=\"Llave dinamom\u00e9trica de cabeza flexible serie TQ con accionamiento de 3\/8 &quot;(20-100 ft-lb) - Techmaster de Mexico\" \/>\n<meta property=\"og:description\" content=\"[:es]  Par de torsi\u00f3n: 20\u2013100 ft-lb  Precisi\u00f3n de par: +\/- 4% CW, 20-100% de la escala completa  Los modelos de cabezal flexible ofrecen trinquetes Snap-on\u00ae resistentes y duraderos, que se pueden flexionar hasta 15 \u00b0 para proporcionar espacio libre para los nudillos y las obstrucciones  La llave cuenta con un dise\u00f1o innovador que proporciona lecturas precisas de forma constante y un rendimiento resistente y sin problemas  La cabeza de trinquete sellada de 36 dientes pr\u00e1cticamente no necesita mantenimiento  El ajuste de tipo tornillo de pulgar es m\u00e1s r\u00e1pido que el ciclo a trav\u00e9s de una llave dinamom\u00e9trica de estilo microm\u00e9trico  El cuello sellado mantiene el polvo y la arena alejados del mecanismo de torsi\u00f3n para prolongar la vida \u00fatil de la herramienta  Mango de agarre acolchado que brinda comodidad y control, y resiste la mayor\u00eda de los fluidos automotrices  El exclusivo elemento de medici\u00f3n de haz dividido proporciona precisi\u00f3n y elimina el pesado resorte helicoidal que se usa en las llaves convencionales de tipo clic, lo que resulta en menos partes m\u00f3viles para reducir la fricci\u00f3n y mantener el desgaste al m\u00ednimo.  El ajuste del par es r\u00e1pido y f\u00e1cil girando la perilla de ajuste estilo micr\u00f3metro hasta que se muestre el valor requerido en la ventana de par.  Dise\u00f1ado para medir el par en el sentido de las agujas del reloj \u00fanicamente; la llave no es reversible  El protector de pulgar evita que la configuraci\u00f3n se cambie accidentalmente  Tabla de conversi\u00f3n a N \u2022 m mostrada en el mango  Empu\u00f1adura de compuesto bi-molde para mejorar la ergonom\u00eda  Incluye un estuche moldeado por soplado para almacenamiento   &nbsp;[:en]    Par de torsi\u00f3n: 20\u2013100 ft-lb   Precisi\u00f3n de par: +\/- 4% CW, 20-100% de la escala completa   Los modelos de cabezal flexible ofrecen trinquetes Snap-on\u00ae resistentes y duraderos, que se pueden flexionar hasta 15 \u00b0 para proporcionar espacio libre para los nudillos y las obstrucciones   La llave cuenta con un dise\u00f1o innovador que proporciona lecturas precisas de forma constante y un rendimiento resistente y sin problemas   La cabeza de trinquete sellada de 36 dientes pr\u00e1cticamente no necesita mantenimiento   El ajuste de tipo tornillo de pulgar es m\u00e1s r\u00e1pido que el ciclo a trav\u00e9s de una llave dinamom\u00e9trica de estilo microm\u00e9trico   El cuello sellado mantiene el polvo y la arena alejados del mecanismo de torsi\u00f3n para prolongar la vida \u00fatil de la herramienta   Mango de agarre acolchado que brinda comodidad y control, y resiste la mayor\u00eda de los fluidos automotrices   El exclusivo elemento de medici\u00f3n de haz dividido proporciona precisi\u00f3n y elimina el pesado resorte helicoidal que se usa en las llaves convencionales de tipo clic, lo que resulta en menos partes m\u00f3viles para reducir la fricci\u00f3n y mantener el desgaste al m\u00ednimo.   El ajuste del par es r\u00e1pido y f\u00e1cil girando la perilla de ajuste estilo micr\u00f3metro hasta que se muestre el valor requerido en la ventana de par.   Dise\u00f1ado para medir el par en el sentido de las agujas del reloj \u00fanicamente; la llave no es reversible   El protector de pulgar evita que la configuraci\u00f3n se cambie accidentalmente   Tabla de conversi\u00f3n a N \u2022 m mostrada en el mango   Empu\u00f1adura de compuesto bi-molde para mejorar la ergonom\u00eda   Incluye un estuche moldeado por soplado para almacenamiento    [:]\" \/>\n<meta property=\"og:url\" content=\"https:\/\/techmasterdemexico.com\/producto\/llave-dinamometrica-de-cabeza-flexible-serie-tq-con-accionamiento-de-3-8-20-100-ft-lb\/\" \/>\n<meta property=\"og:site_name\" content=\"Techmaster de Mexico\" \/>\n<meta property=\"article:modified_time\" content=\"2021-12-28T22:25:46+00:00\" \/>\n<meta property=\"og:image\" content=\"https:\/\/techmasterdemexico.com\/wp-content\/uploads\/2021\/08\/TQFR100C.png\" \/>\n\t<meta property=\"og:image:width\" content=\"500\" \/>\n\t<meta property=\"og:image:height\" content=\"500\" \/>\n\t<meta property=\"og:image:type\" content=\"image\/png\" \/>\n<meta name=\"twitter:card\" content=\"summary_large_image\" \/>\n<script type=\"application\/ld+json\" class=\"yoast-schema-graph\">{\"@context\":\"https:\\\/\\\/schema.org\",\"@graph\":[{\"@type\":\"WebPage\",\"@id\":\"https:\\\/\\\/techmasterdemexico.com\\\/producto\\\/llave-dinamometrica-de-cabeza-flexible-serie-tq-con-accionamiento-de-3-8-20-100-ft-lb\\\/\",\"url\":\"https:\\\/\\\/techmasterdemexico.com\\\/producto\\\/llave-dinamometrica-de-cabeza-flexible-serie-tq-con-accionamiento-de-3-8-20-100-ft-lb\\\/\",\"name\":\"Llave dinamom\u00e9trica de cabeza flexible serie TQ con accionamiento de 3\\\/8 \\\"(20-100 ft-lb) - Techmaster de Mexico\",\"isPartOf\":{\"@id\":\"https:\\\/\\\/techmasterdemexico.com\\\/#website\"},\"primaryImageOfPage\":{\"@id\":\"https:\\\/\\\/techmasterdemexico.com\\\/producto\\\/llave-dinamometrica-de-cabeza-flexible-serie-tq-con-accionamiento-de-3-8-20-100-ft-lb\\\/#primaryimage\"},\"image\":{\"@id\":\"https:\\\/\\\/techmasterdemexico.com\\\/producto\\\/llave-dinamometrica-de-cabeza-flexible-serie-tq-con-accionamiento-de-3-8-20-100-ft-lb\\\/#primaryimage\"},\"thumbnailUrl\":\"https:\\\/\\\/techmasterdemexico.com\\\/wp-content\\\/uploads\\\/2021\\\/08\\\/TQFR100C.png\",\"datePublished\":\"2021-08-19T18:30:38+00:00\",\"dateModified\":\"2021-12-28T22:25:46+00:00\",\"breadcrumb\":{\"@id\":\"https:\\\/\\\/techmasterdemexico.com\\\/producto\\\/llave-dinamometrica-de-cabeza-flexible-serie-tq-con-accionamiento-de-3-8-20-100-ft-lb\\\/#breadcrumb\"},\"inLanguage\":\"en-US\",\"potentialAction\":[{\"@type\":\"ReadAction\",\"target\":[\"https:\\\/\\\/techmasterdemexico.com\\\/producto\\\/llave-dinamometrica-de-cabeza-flexible-serie-tq-con-accionamiento-de-3-8-20-100-ft-lb\\\/\"]}]},{\"@type\":\"ImageObject\",\"inLanguage\":\"en-US\",\"@id\":\"https:\\\/\\\/techmasterdemexico.com\\\/producto\\\/llave-dinamometrica-de-cabeza-flexible-serie-tq-con-accionamiento-de-3-8-20-100-ft-lb\\\/#primaryimage\",\"url\":\"https:\\\/\\\/techmasterdemexico.com\\\/wp-content\\\/uploads\\\/2021\\\/08\\\/TQFR100C.png\",\"contentUrl\":\"https:\\\/\\\/techmasterdemexico.com\\\/wp-content\\\/uploads\\\/2021\\\/08\\\/TQFR100C.png\",\"width\":500,\"height\":500},{\"@type\":\"BreadcrumbList\",\"@id\":\"https:\\\/\\\/techmasterdemexico.com\\\/producto\\\/llave-dinamometrica-de-cabeza-flexible-serie-tq-con-accionamiento-de-3-8-20-100-ft-lb\\\/#breadcrumb\",\"itemListElement\":[{\"@type\":\"ListItem\",\"position\":1,\"name\":\"Portada\",\"item\":\"https:\\\/\\\/techmasterdemexico.com\\\/\"},{\"@type\":\"ListItem\",\"position\":2,\"name\":\"Llave dinamom\u00e9trica de cabeza flexible serie TQ con accionamiento de 3\\\/8 \u00ab(20-100 ft-lb)\"}]},{\"@type\":\"WebSite\",\"@id\":\"https:\\\/\\\/techmasterdemexico.com\\\/#website\",\"url\":\"https:\\\/\\\/techmasterdemexico.com\\\/\",\"name\":\"Techmaster de Mexico\",\"description\":\"\",\"potentialAction\":[{\"@type\":\"SearchAction\",\"target\":{\"@type\":\"EntryPoint\",\"urlTemplate\":\"https:\\\/\\\/techmasterdemexico.com\\\/?s={search_term_string}\"},\"query-input\":{\"@type\":\"PropertyValueSpecification\",\"valueRequired\":true,\"valueName\":\"search_term_string\"}}],\"inLanguage\":\"en-US\"}]}<\/script>\n<!-- \/ Yoast SEO plugin. -->","yoast_head_json":{"title":"Llave dinamom\u00e9trica de cabeza flexible serie TQ con accionamiento de 3\/8 \"(20-100 ft-lb) - Techmaster de Mexico","robots":{"index":"index","follow":"follow","max-snippet":"max-snippet:-1","max-image-preview":"max-image-preview:large","max-video-preview":"max-video-preview:-1"},"canonical":"https:\/\/techmasterdemexico.com\/producto\/llave-dinamometrica-de-cabeza-flexible-serie-tq-con-accionamiento-de-3-8-20-100-ft-lb\/","og_locale":"en_US","og_type":"article","og_title":"Llave dinamom\u00e9trica de cabeza flexible serie TQ con accionamiento de 3\/8 \"(20-100 ft-lb) - Techmaster de Mexico","og_description":"[:es]  Par de torsi\u00f3n: 20\u2013100 ft-lb  Precisi\u00f3n de par: +\/- 4% CW, 20-100% de la escala completa  Los modelos de cabezal flexible ofrecen trinquetes Snap-on\u00ae resistentes y duraderos, que se pueden flexionar hasta 15 \u00b0 para proporcionar espacio libre para los nudillos y las obstrucciones  La llave cuenta con un dise\u00f1o innovador que proporciona lecturas precisas de forma constante y un rendimiento resistente y sin problemas  La cabeza de trinquete sellada de 36 dientes pr\u00e1cticamente no necesita mantenimiento  El ajuste de tipo tornillo de pulgar es m\u00e1s r\u00e1pido que el ciclo a trav\u00e9s de una llave dinamom\u00e9trica de estilo microm\u00e9trico  El cuello sellado mantiene el polvo y la arena alejados del mecanismo de torsi\u00f3n para prolongar la vida \u00fatil de la herramienta  Mango de agarre acolchado que brinda comodidad y control, y resiste la mayor\u00eda de los fluidos automotrices  El exclusivo elemento de medici\u00f3n de haz dividido proporciona precisi\u00f3n y elimina el pesado resorte helicoidal que se usa en las llaves convencionales de tipo clic, lo que resulta en menos partes m\u00f3viles para reducir la fricci\u00f3n y mantener el desgaste al m\u00ednimo.  El ajuste del par es r\u00e1pido y f\u00e1cil girando la perilla de ajuste estilo micr\u00f3metro hasta que se muestre el valor requerido en la ventana de par.  Dise\u00f1ado para medir el par en el sentido de las agujas del reloj \u00fanicamente; la llave no es reversible  El protector de pulgar evita que la configuraci\u00f3n se cambie accidentalmente  Tabla de conversi\u00f3n a N \u2022 m mostrada en el mango  Empu\u00f1adura de compuesto bi-molde para mejorar la ergonom\u00eda  Incluye un estuche moldeado por soplado para almacenamiento   &nbsp;[:en]    Par de torsi\u00f3n: 20\u2013100 ft-lb   Precisi\u00f3n de par: +\/- 4% CW, 20-100% de la escala completa   Los modelos de cabezal flexible ofrecen trinquetes Snap-on\u00ae resistentes y duraderos, que se pueden flexionar hasta 15 \u00b0 para proporcionar espacio libre para los nudillos y las obstrucciones   La llave cuenta con un dise\u00f1o innovador que proporciona lecturas precisas de forma constante y un rendimiento resistente y sin problemas   La cabeza de trinquete sellada de 36 dientes pr\u00e1cticamente no necesita mantenimiento   El ajuste de tipo tornillo de pulgar es m\u00e1s r\u00e1pido que el ciclo a trav\u00e9s de una llave dinamom\u00e9trica de estilo microm\u00e9trico   El cuello sellado mantiene el polvo y la arena alejados del mecanismo de torsi\u00f3n para prolongar la vida \u00fatil de la herramienta   Mango de agarre acolchado que brinda comodidad y control, y resiste la mayor\u00eda de los fluidos automotrices   El exclusivo elemento de medici\u00f3n de haz dividido proporciona precisi\u00f3n y elimina el pesado resorte helicoidal que se usa en las llaves convencionales de tipo clic, lo que resulta en menos partes m\u00f3viles para reducir la fricci\u00f3n y mantener el desgaste al m\u00ednimo.   El ajuste del par es r\u00e1pido y f\u00e1cil girando la perilla de ajuste estilo micr\u00f3metro hasta que se muestre el valor requerido en la ventana de par.   Dise\u00f1ado para medir el par en el sentido de las agujas del reloj \u00fanicamente; la llave no es reversible   El protector de pulgar evita que la configuraci\u00f3n se cambie accidentalmente   Tabla de conversi\u00f3n a N \u2022 m mostrada en el mango   Empu\u00f1adura de compuesto bi-molde para mejorar la ergonom\u00eda   Incluye un estuche moldeado por soplado para almacenamiento    [:]","og_url":"https:\/\/techmasterdemexico.com\/producto\/llave-dinamometrica-de-cabeza-flexible-serie-tq-con-accionamiento-de-3-8-20-100-ft-lb\/","og_site_name":"Techmaster de Mexico","article_modified_time":"2021-12-28T22:25:46+00:00","og_image":[{"width":500,"height":500,"url":"https:\/\/techmasterdemexico.com\/wp-content\/uploads\/2021\/08\/TQFR100C.png","type":"image\/png"}],"twitter_card":"summary_large_image","schema":{"@context":"https:\/\/schema.org","@graph":[{"@type":"WebPage","@id":"https:\/\/techmasterdemexico.com\/producto\/llave-dinamometrica-de-cabeza-flexible-serie-tq-con-accionamiento-de-3-8-20-100-ft-lb\/","url":"https:\/\/techmasterdemexico.com\/producto\/llave-dinamometrica-de-cabeza-flexible-serie-tq-con-accionamiento-de-3-8-20-100-ft-lb\/","name":"Llave dinamom\u00e9trica de cabeza flexible serie TQ con accionamiento de 3\/8 \"(20-100 ft-lb) - Techmaster de Mexico","isPartOf":{"@id":"https:\/\/techmasterdemexico.com\/#website"},"primaryImageOfPage":{"@id":"https:\/\/techmasterdemexico.com\/producto\/llave-dinamometrica-de-cabeza-flexible-serie-tq-con-accionamiento-de-3-8-20-100-ft-lb\/#primaryimage"},"image":{"@id":"https:\/\/techmasterdemexico.com\/producto\/llave-dinamometrica-de-cabeza-flexible-serie-tq-con-accionamiento-de-3-8-20-100-ft-lb\/#primaryimage"},"thumbnailUrl":"https:\/\/techmasterdemexico.com\/wp-content\/uploads\/2021\/08\/TQFR100C.png","datePublished":"2021-08-19T18:30:38+00:00","dateModified":"2021-12-28T22:25:46+00:00","breadcrumb":{"@id":"https:\/\/techmasterdemexico.com\/producto\/llave-dinamometrica-de-cabeza-flexible-serie-tq-con-accionamiento-de-3-8-20-100-ft-lb\/#breadcrumb"},"inLanguage":"en-US","potentialAction":[{"@type":"ReadAction","target":["https:\/\/techmasterdemexico.com\/producto\/llave-dinamometrica-de-cabeza-flexible-serie-tq-con-accionamiento-de-3-8-20-100-ft-lb\/"]}]},{"@type":"ImageObject","inLanguage":"en-US","@id":"https:\/\/techmasterdemexico.com\/producto\/llave-dinamometrica-de-cabeza-flexible-serie-tq-con-accionamiento-de-3-8-20-100-ft-lb\/#primaryimage","url":"https:\/\/techmasterdemexico.com\/wp-content\/uploads\/2021\/08\/TQFR100C.png","contentUrl":"https:\/\/techmasterdemexico.com\/wp-content\/uploads\/2021\/08\/TQFR100C.png","width":500,"height":500},{"@type":"BreadcrumbList","@id":"https:\/\/techmasterdemexico.com\/producto\/llave-dinamometrica-de-cabeza-flexible-serie-tq-con-accionamiento-de-3-8-20-100-ft-lb\/#breadcrumb","itemListElement":[{"@type":"ListItem","position":1,"name":"Portada","item":"https:\/\/techmasterdemexico.com\/"},{"@type":"ListItem","position":2,"name":"Llave dinamom\u00e9trica de cabeza flexible serie TQ con accionamiento de 3\/8 \u00ab(20-100 ft-lb)"}]},{"@type":"WebSite","@id":"https:\/\/techmasterdemexico.com\/#website","url":"https:\/\/techmasterdemexico.com\/","name":"Techmaster de Mexico","description":"","potentialAction":[{"@type":"SearchAction","target":{"@type":"EntryPoint","urlTemplate":"https:\/\/techmasterdemexico.com\/?s={search_term_string}"},"query-input":{"@type":"PropertyValueSpecification","valueRequired":true,"valueName":"search_term_string"}}],"inLanguage":"en-US"}]}},"brands":[{"id":98,"name":"Snap On","slug":"snap-on"}],"_links":{"self":[{"href":"https:\/\/techmasterdemexico.com\/en\/wp-json\/wp\/v2\/product\/8209","targetHints":{"allow":["GET"]}}],"collection":[{"href":"https:\/\/techmasterdemexico.com\/en\/wp-json\/wp\/v2\/product"}],"about":[{"href":"https:\/\/techmasterdemexico.com\/en\/wp-json\/wp\/v2\/types\/product"}],"wp:featuredmedia":[{"embeddable":true,"href":"https:\/\/techmasterdemexico.com\/en\/wp-json\/wp\/v2\/media\/9466"}],"wp:attachment":[{"href":"https:\/\/techmasterdemexico.com\/en\/wp-json\/wp\/v2\/media?parent=8209"}],"wp:term":[{"taxonomy":"pwb-brand","embeddable":true,"href":"https:\/\/techmasterdemexico.com\/en\/wp-json\/wp\/v2\/pwb-brand?post=8209"},{"taxonomy":"product_brand","embeddable":true,"href":"https:\/\/techmasterdemexico.com\/en\/wp-json\/wp\/v2\/product_brand?post=8209"},{"taxonomy":"product_cat","embeddable":true,"href":"https:\/\/techmasterdemexico.com\/en\/wp-json\/wp\/v2\/product_cat?post=8209"},{"taxonomy":"product_tag","embeddable":true,"href":"https:\/\/techmasterdemexico.com\/en\/wp-json\/wp\/v2\/product_tag?post=8209"}],"curies":[{"name":"wp","href":"https:\/\/api.w.org\/{rel}","templated":true}]}}