{"id":8208,"date":"2021-08-19T18:30:38","date_gmt":"2021-08-19T18:30:38","guid":{"rendered":"http:\/\/techmastermx.ddns.net\/producto\/llave-dinamometrica-ajustable-tipo-clic-con-accionamiento-de-3-4-200-600-ft-lb\/"},"modified":"2021-12-28T22:25:46","modified_gmt":"2021-12-28T22:25:46","slug":"llave-dinamometrica-ajustable-tipo-clic-con-accionamiento-de-3-4-200-600-ft-lb","status":"publish","type":"product","link":"https:\/\/techmasterdemexico.com\/en\/producto\/llave-dinamometrica-ajustable-tipo-clic-con-accionamiento-de-3-4-200-600-ft-lb\/","title":{"rendered":"Llave dinamom\u00e9trica ajustable tipo clic con accionamiento de 3\/4 &#8220;(200-600 ft-lb)"},"content":{"rendered":"<p>Llave dinamom\u00e9trica ajustable tipo clic con accionamiento de 3\/4 &#8220;(200-600 ft-lb)<\/p>\n","protected":false},"excerpt":{"rendered":"<ul>\n<li>Par de torsi\u00f3n: 200\u2013600 ft-lb<\/li>\n<li>El trinquete fijo ofrece un trinquete Snap-on\u00ae sellado que se fija r\u00edgidamente en l\u00ednea con el cuerpo de torsi\u00f3n<\/li>\n<li>La cabeza de trinquete sellada Snap-on\u00ae pr\u00e1cticamente no necesita mantenimiento; Dedique m\u00e1s tiempo a trabajar con la herramienta y menos tiempo al mantenimiento de la herramienta.<\/li>\n<li>El ajuste del tipo de tornillo de pulgar es m\u00e1s r\u00e1pido que el ciclo a trav\u00e9s de una llave dinamom\u00e9trica estilo micr\u00f3metro; un protector evita que la configuraci\u00f3n se cambie accidentalmente y la configuraci\u00f3n se muestra en la ventana y una tabla de conversi\u00f3n a N \u2022 m se muestra en el mango<\/li>\n<li>El cuello sellado mantiene el polvo y la arena alejados del mecanismo de torsi\u00f3n para prolongar la vida \u00fatil de la herramienta<\/li>\n<li>Un elemento de medici\u00f3n de haz dividido \u00fanico proporciona la precisi\u00f3n y elimina el resorte helicoidal pesado que se usa en las llaves convencionales de tipo clic, lo que hace que haya menos partes m\u00f3viles, lo que reduce la fricci\u00f3n y el desgaste al m\u00ednimo.<\/li>\n<li>Mango de agarre acolchado que brinda comodidad, control y resiste la mayor\u00eda de los fluidos automotrices<\/li>\n<li>Dise\u00f1ado para medir el par en el sentido de las agujas del reloj \u00fanicamente; la llave no es reversible<\/li>\n<\/ul>\n","protected":false},"featured_media":9465,"template":"","meta":{"_acf_changed":false},"pwb-brand":[98],"product_brand":[],"product_cat":[366,68,148,48],"product_tag":[],"class_list":{"0":"post-8208","1":"product","2":"type-product","3":"status-publish","4":"has-post-thumbnail","6":"pwb-brand-snap-on","7":"product_cat-todos-los-productos","8":"product_cat-herramientas-de-torsion","9":"product_cat-llaves-dinamometricas-tipo-clic-ajustable","10":"product_cat-snap-on","12":"first","13":"instock","14":"taxable","15":"shipping-taxable","16":"product-type-simple"},"acf":[],"yoast_head":"<!-- This site is optimized with the Yoast SEO plugin v27.4 - https:\/\/yoast.com\/product\/yoast-seo-wordpress\/ -->\n<title>Llave dinamom\u00e9trica ajustable tipo clic con accionamiento de 3\/4 &quot;(200-600 ft-lb) - Techmaster de Mexico<\/title>\n<meta name=\"robots\" content=\"index, follow, max-snippet:-1, max-image-preview:large, max-video-preview:-1\" \/>\n<link rel=\"canonical\" href=\"https:\/\/techmasterdemexico.com\/producto\/llave-dinamometrica-ajustable-tipo-clic-con-accionamiento-de-3-4-200-600-ft-lb\/\" \/>\n<meta property=\"og:locale\" content=\"en_US\" \/>\n<meta property=\"og:type\" content=\"article\" \/>\n<meta property=\"og:title\" content=\"Llave dinamom\u00e9trica ajustable tipo clic con accionamiento de 3\/4 &quot;(200-600 ft-lb) - Techmaster de Mexico\" \/>\n<meta property=\"og:description\" content=\"[:es]    Par de torsi\u00f3n: 200\u2013600 ft-lb   El trinquete fijo ofrece un trinquete Snap-on\u00ae sellado que se fija r\u00edgidamente en l\u00ednea con el cuerpo de torsi\u00f3n   La cabeza de trinquete sellada Snap-on\u00ae pr\u00e1cticamente no necesita mantenimiento; Dedique m\u00e1s tiempo a trabajar con la herramienta y menos tiempo al mantenimiento de la herramienta.   El ajuste del tipo de tornillo de pulgar es m\u00e1s r\u00e1pido que el ciclo a trav\u00e9s de una llave dinamom\u00e9trica estilo micr\u00f3metro; un protector evita que la configuraci\u00f3n se cambie accidentalmente y la configuraci\u00f3n se muestra en la ventana y una tabla de conversi\u00f3n a N \u2022 m se muestra en el mango   El cuello sellado mantiene el polvo y la arena alejados del mecanismo de torsi\u00f3n para prolongar la vida \u00fatil de la herramienta   Un elemento de medici\u00f3n de haz dividido \u00fanico proporciona la precisi\u00f3n y elimina el resorte helicoidal pesado que se usa en las llaves convencionales de tipo clic, lo que hace que haya menos partes m\u00f3viles, lo que reduce la fricci\u00f3n y el desgaste al m\u00ednimo.   Mango de agarre acolchado que brinda comodidad, control y resiste la mayor\u00eda de los fluidos automotrices   Dise\u00f1ado para medir el par en el sentido de las agujas del reloj \u00fanicamente; la llave no es reversible   [:en]  Par de torsi\u00f3n: 200\u2013600 ft-lb  El trinquete fijo ofrece un trinquete Snap-on\u00ae sellado que se fija r\u00edgidamente en l\u00ednea con el cuerpo de torsi\u00f3n  La cabeza de trinquete sellada Snap-on\u00ae pr\u00e1cticamente no necesita mantenimiento; Dedique m\u00e1s tiempo a trabajar con la herramienta y menos tiempo al mantenimiento de la herramienta.  El ajuste del tipo de tornillo de pulgar es m\u00e1s r\u00e1pido que el ciclo a trav\u00e9s de una llave dinamom\u00e9trica estilo micr\u00f3metro; un protector evita que la configuraci\u00f3n se cambie accidentalmente y la configuraci\u00f3n se muestra en la ventana y una tabla de conversi\u00f3n a N \u2022 m se muestra en el mango  El cuello sellado mantiene el polvo y la arena alejados del mecanismo de torsi\u00f3n para prolongar la vida \u00fatil de la herramienta  Un elemento de medici\u00f3n de haz dividido \u00fanico proporciona la precisi\u00f3n y elimina el resorte helicoidal pesado que se usa en las llaves convencionales de tipo clic, lo que hace que haya menos partes m\u00f3viles, lo que reduce la fricci\u00f3n y el desgaste al m\u00ednimo.  Mango de agarre acolchado que brinda comodidad, control y resiste la mayor\u00eda de los fluidos automotrices  Dise\u00f1ado para medir el par en el sentido de las agujas del reloj \u00fanicamente; la llave no es reversible  [:]\" \/>\n<meta property=\"og:url\" content=\"https:\/\/techmasterdemexico.com\/producto\/llave-dinamometrica-ajustable-tipo-clic-con-accionamiento-de-3-4-200-600-ft-lb\/\" \/>\n<meta property=\"og:site_name\" content=\"Techmaster de Mexico\" \/>\n<meta property=\"article:modified_time\" content=\"2021-12-28T22:25:46+00:00\" \/>\n<meta property=\"og:image\" content=\"https:\/\/techmasterdemexico.com\/wp-content\/uploads\/2021\/08\/TQR600E.png\" \/>\n\t<meta property=\"og:image:width\" content=\"500\" \/>\n\t<meta property=\"og:image:height\" content=\"500\" \/>\n\t<meta property=\"og:image:type\" content=\"image\/png\" \/>\n<meta name=\"twitter:card\" content=\"summary_large_image\" \/>\n<script type=\"application\/ld+json\" class=\"yoast-schema-graph\">{\"@context\":\"https:\\\/\\\/schema.org\",\"@graph\":[{\"@type\":\"WebPage\",\"@id\":\"https:\\\/\\\/techmasterdemexico.com\\\/producto\\\/llave-dinamometrica-ajustable-tipo-clic-con-accionamiento-de-3-4-200-600-ft-lb\\\/\",\"url\":\"https:\\\/\\\/techmasterdemexico.com\\\/producto\\\/llave-dinamometrica-ajustable-tipo-clic-con-accionamiento-de-3-4-200-600-ft-lb\\\/\",\"name\":\"Llave dinamom\u00e9trica ajustable tipo clic con accionamiento de 3\\\/4 \\\"(200-600 ft-lb) - Techmaster de Mexico\",\"isPartOf\":{\"@id\":\"https:\\\/\\\/techmasterdemexico.com\\\/#website\"},\"primaryImageOfPage\":{\"@id\":\"https:\\\/\\\/techmasterdemexico.com\\\/producto\\\/llave-dinamometrica-ajustable-tipo-clic-con-accionamiento-de-3-4-200-600-ft-lb\\\/#primaryimage\"},\"image\":{\"@id\":\"https:\\\/\\\/techmasterdemexico.com\\\/producto\\\/llave-dinamometrica-ajustable-tipo-clic-con-accionamiento-de-3-4-200-600-ft-lb\\\/#primaryimage\"},\"thumbnailUrl\":\"https:\\\/\\\/techmasterdemexico.com\\\/wp-content\\\/uploads\\\/2021\\\/08\\\/TQR600E.png\",\"datePublished\":\"2021-08-19T18:30:38+00:00\",\"dateModified\":\"2021-12-28T22:25:46+00:00\",\"breadcrumb\":{\"@id\":\"https:\\\/\\\/techmasterdemexico.com\\\/producto\\\/llave-dinamometrica-ajustable-tipo-clic-con-accionamiento-de-3-4-200-600-ft-lb\\\/#breadcrumb\"},\"inLanguage\":\"en-US\",\"potentialAction\":[{\"@type\":\"ReadAction\",\"target\":[\"https:\\\/\\\/techmasterdemexico.com\\\/producto\\\/llave-dinamometrica-ajustable-tipo-clic-con-accionamiento-de-3-4-200-600-ft-lb\\\/\"]}]},{\"@type\":\"ImageObject\",\"inLanguage\":\"en-US\",\"@id\":\"https:\\\/\\\/techmasterdemexico.com\\\/producto\\\/llave-dinamometrica-ajustable-tipo-clic-con-accionamiento-de-3-4-200-600-ft-lb\\\/#primaryimage\",\"url\":\"https:\\\/\\\/techmasterdemexico.com\\\/wp-content\\\/uploads\\\/2021\\\/08\\\/TQR600E.png\",\"contentUrl\":\"https:\\\/\\\/techmasterdemexico.com\\\/wp-content\\\/uploads\\\/2021\\\/08\\\/TQR600E.png\",\"width\":500,\"height\":500},{\"@type\":\"BreadcrumbList\",\"@id\":\"https:\\\/\\\/techmasterdemexico.com\\\/producto\\\/llave-dinamometrica-ajustable-tipo-clic-con-accionamiento-de-3-4-200-600-ft-lb\\\/#breadcrumb\",\"itemListElement\":[{\"@type\":\"ListItem\",\"position\":1,\"name\":\"Portada\",\"item\":\"https:\\\/\\\/techmasterdemexico.com\\\/\"},{\"@type\":\"ListItem\",\"position\":2,\"name\":\"Llave dinamom\u00e9trica ajustable tipo clic con accionamiento de 3\\\/4 \u00ab(200-600 ft-lb)\"}]},{\"@type\":\"WebSite\",\"@id\":\"https:\\\/\\\/techmasterdemexico.com\\\/#website\",\"url\":\"https:\\\/\\\/techmasterdemexico.com\\\/\",\"name\":\"Techmaster de Mexico\",\"description\":\"\",\"potentialAction\":[{\"@type\":\"SearchAction\",\"target\":{\"@type\":\"EntryPoint\",\"urlTemplate\":\"https:\\\/\\\/techmasterdemexico.com\\\/?s={search_term_string}\"},\"query-input\":{\"@type\":\"PropertyValueSpecification\",\"valueRequired\":true,\"valueName\":\"search_term_string\"}}],\"inLanguage\":\"en-US\"}]}<\/script>\n<!-- \/ Yoast SEO plugin. -->","yoast_head_json":{"title":"Llave dinamom\u00e9trica ajustable tipo clic con accionamiento de 3\/4 \"(200-600 ft-lb) - Techmaster de Mexico","robots":{"index":"index","follow":"follow","max-snippet":"max-snippet:-1","max-image-preview":"max-image-preview:large","max-video-preview":"max-video-preview:-1"},"canonical":"https:\/\/techmasterdemexico.com\/producto\/llave-dinamometrica-ajustable-tipo-clic-con-accionamiento-de-3-4-200-600-ft-lb\/","og_locale":"en_US","og_type":"article","og_title":"Llave dinamom\u00e9trica ajustable tipo clic con accionamiento de 3\/4 \"(200-600 ft-lb) - Techmaster de Mexico","og_description":"[:es]    Par de torsi\u00f3n: 200\u2013600 ft-lb   El trinquete fijo ofrece un trinquete Snap-on\u00ae sellado que se fija r\u00edgidamente en l\u00ednea con el cuerpo de torsi\u00f3n   La cabeza de trinquete sellada Snap-on\u00ae pr\u00e1cticamente no necesita mantenimiento; Dedique m\u00e1s tiempo a trabajar con la herramienta y menos tiempo al mantenimiento de la herramienta.   El ajuste del tipo de tornillo de pulgar es m\u00e1s r\u00e1pido que el ciclo a trav\u00e9s de una llave dinamom\u00e9trica estilo micr\u00f3metro; un protector evita que la configuraci\u00f3n se cambie accidentalmente y la configuraci\u00f3n se muestra en la ventana y una tabla de conversi\u00f3n a N \u2022 m se muestra en el mango   El cuello sellado mantiene el polvo y la arena alejados del mecanismo de torsi\u00f3n para prolongar la vida \u00fatil de la herramienta   Un elemento de medici\u00f3n de haz dividido \u00fanico proporciona la precisi\u00f3n y elimina el resorte helicoidal pesado que se usa en las llaves convencionales de tipo clic, lo que hace que haya menos partes m\u00f3viles, lo que reduce la fricci\u00f3n y el desgaste al m\u00ednimo.   Mango de agarre acolchado que brinda comodidad, control y resiste la mayor\u00eda de los fluidos automotrices   Dise\u00f1ado para medir el par en el sentido de las agujas del reloj \u00fanicamente; la llave no es reversible   [:en]  Par de torsi\u00f3n: 200\u2013600 ft-lb  El trinquete fijo ofrece un trinquete Snap-on\u00ae sellado que se fija r\u00edgidamente en l\u00ednea con el cuerpo de torsi\u00f3n  La cabeza de trinquete sellada Snap-on\u00ae pr\u00e1cticamente no necesita mantenimiento; Dedique m\u00e1s tiempo a trabajar con la herramienta y menos tiempo al mantenimiento de la herramienta.  El ajuste del tipo de tornillo de pulgar es m\u00e1s r\u00e1pido que el ciclo a trav\u00e9s de una llave dinamom\u00e9trica estilo micr\u00f3metro; un protector evita que la configuraci\u00f3n se cambie accidentalmente y la configuraci\u00f3n se muestra en la ventana y una tabla de conversi\u00f3n a N \u2022 m se muestra en el mango  El cuello sellado mantiene el polvo y la arena alejados del mecanismo de torsi\u00f3n para prolongar la vida \u00fatil de la herramienta  Un elemento de medici\u00f3n de haz dividido \u00fanico proporciona la precisi\u00f3n y elimina el resorte helicoidal pesado que se usa en las llaves convencionales de tipo clic, lo que hace que haya menos partes m\u00f3viles, lo que reduce la fricci\u00f3n y el desgaste al m\u00ednimo.  Mango de agarre acolchado que brinda comodidad, control y resiste la mayor\u00eda de los fluidos automotrices  Dise\u00f1ado para medir el par en el sentido de las agujas del reloj \u00fanicamente; la llave no es reversible  [:]","og_url":"https:\/\/techmasterdemexico.com\/producto\/llave-dinamometrica-ajustable-tipo-clic-con-accionamiento-de-3-4-200-600-ft-lb\/","og_site_name":"Techmaster de Mexico","article_modified_time":"2021-12-28T22:25:46+00:00","og_image":[{"width":500,"height":500,"url":"https:\/\/techmasterdemexico.com\/wp-content\/uploads\/2021\/08\/TQR600E.png","type":"image\/png"}],"twitter_card":"summary_large_image","schema":{"@context":"https:\/\/schema.org","@graph":[{"@type":"WebPage","@id":"https:\/\/techmasterdemexico.com\/producto\/llave-dinamometrica-ajustable-tipo-clic-con-accionamiento-de-3-4-200-600-ft-lb\/","url":"https:\/\/techmasterdemexico.com\/producto\/llave-dinamometrica-ajustable-tipo-clic-con-accionamiento-de-3-4-200-600-ft-lb\/","name":"Llave dinamom\u00e9trica ajustable tipo clic con accionamiento de 3\/4 \"(200-600 ft-lb) - Techmaster de Mexico","isPartOf":{"@id":"https:\/\/techmasterdemexico.com\/#website"},"primaryImageOfPage":{"@id":"https:\/\/techmasterdemexico.com\/producto\/llave-dinamometrica-ajustable-tipo-clic-con-accionamiento-de-3-4-200-600-ft-lb\/#primaryimage"},"image":{"@id":"https:\/\/techmasterdemexico.com\/producto\/llave-dinamometrica-ajustable-tipo-clic-con-accionamiento-de-3-4-200-600-ft-lb\/#primaryimage"},"thumbnailUrl":"https:\/\/techmasterdemexico.com\/wp-content\/uploads\/2021\/08\/TQR600E.png","datePublished":"2021-08-19T18:30:38+00:00","dateModified":"2021-12-28T22:25:46+00:00","breadcrumb":{"@id":"https:\/\/techmasterdemexico.com\/producto\/llave-dinamometrica-ajustable-tipo-clic-con-accionamiento-de-3-4-200-600-ft-lb\/#breadcrumb"},"inLanguage":"en-US","potentialAction":[{"@type":"ReadAction","target":["https:\/\/techmasterdemexico.com\/producto\/llave-dinamometrica-ajustable-tipo-clic-con-accionamiento-de-3-4-200-600-ft-lb\/"]}]},{"@type":"ImageObject","inLanguage":"en-US","@id":"https:\/\/techmasterdemexico.com\/producto\/llave-dinamometrica-ajustable-tipo-clic-con-accionamiento-de-3-4-200-600-ft-lb\/#primaryimage","url":"https:\/\/techmasterdemexico.com\/wp-content\/uploads\/2021\/08\/TQR600E.png","contentUrl":"https:\/\/techmasterdemexico.com\/wp-content\/uploads\/2021\/08\/TQR600E.png","width":500,"height":500},{"@type":"BreadcrumbList","@id":"https:\/\/techmasterdemexico.com\/producto\/llave-dinamometrica-ajustable-tipo-clic-con-accionamiento-de-3-4-200-600-ft-lb\/#breadcrumb","itemListElement":[{"@type":"ListItem","position":1,"name":"Portada","item":"https:\/\/techmasterdemexico.com\/"},{"@type":"ListItem","position":2,"name":"Llave dinamom\u00e9trica ajustable tipo clic con accionamiento de 3\/4 \u00ab(200-600 ft-lb)"}]},{"@type":"WebSite","@id":"https:\/\/techmasterdemexico.com\/#website","url":"https:\/\/techmasterdemexico.com\/","name":"Techmaster de Mexico","description":"","potentialAction":[{"@type":"SearchAction","target":{"@type":"EntryPoint","urlTemplate":"https:\/\/techmasterdemexico.com\/?s={search_term_string}"},"query-input":{"@type":"PropertyValueSpecification","valueRequired":true,"valueName":"search_term_string"}}],"inLanguage":"en-US"}]}},"brands":[{"id":98,"name":"Snap On","slug":"snap-on"}],"_links":{"self":[{"href":"https:\/\/techmasterdemexico.com\/en\/wp-json\/wp\/v2\/product\/8208","targetHints":{"allow":["GET"]}}],"collection":[{"href":"https:\/\/techmasterdemexico.com\/en\/wp-json\/wp\/v2\/product"}],"about":[{"href":"https:\/\/techmasterdemexico.com\/en\/wp-json\/wp\/v2\/types\/product"}],"wp:featuredmedia":[{"embeddable":true,"href":"https:\/\/techmasterdemexico.com\/en\/wp-json\/wp\/v2\/media\/9465"}],"wp:attachment":[{"href":"https:\/\/techmasterdemexico.com\/en\/wp-json\/wp\/v2\/media?parent=8208"}],"wp:term":[{"taxonomy":"pwb-brand","embeddable":true,"href":"https:\/\/techmasterdemexico.com\/en\/wp-json\/wp\/v2\/pwb-brand?post=8208"},{"taxonomy":"product_brand","embeddable":true,"href":"https:\/\/techmasterdemexico.com\/en\/wp-json\/wp\/v2\/product_brand?post=8208"},{"taxonomy":"product_cat","embeddable":true,"href":"https:\/\/techmasterdemexico.com\/en\/wp-json\/wp\/v2\/product_cat?post=8208"},{"taxonomy":"product_tag","embeddable":true,"href":"https:\/\/techmasterdemexico.com\/en\/wp-json\/wp\/v2\/product_tag?post=8208"}],"curies":[{"name":"wp","href":"https:\/\/api.w.org\/{rel}","templated":true}]}}