{"id":8199,"date":"2021-08-19T18:30:29","date_gmt":"2021-08-19T18:30:29","guid":{"rendered":"http:\/\/techmastermx.ddns.net\/producto\/llave-dinamometrica-tipo-break-over-de-3-4-150-600-ft-lb\/"},"modified":"2021-12-28T22:25:05","modified_gmt":"2021-12-28T22:25:05","slug":"llave-dinamometrica-tipo-break-over-de-3-4-150-600-ft-lb","status":"publish","type":"product","link":"https:\/\/techmasterdemexico.com\/en\/producto\/llave-dinamometrica-tipo-break-over-de-3-4-150-600-ft-lb\/","title":{"rendered":"Llave dinamom\u00e9trica tipo break-over de 3\/4 &#8220;(150-600 ft-lb)"},"content":{"rendered":"<p>Llave dinamom\u00e9trica tipo break-over de 3\/4 &#8220;(150-600 ft-lb)<\/p>\n","protected":false},"excerpt":{"rendered":"<ul>\n<li>El exclusivo mecanismo de ruptura proporciona una clara indicaci\u00f3n de que se ha alcanzado el objetivo de par y permite un gran \u00e1ngulo de ruptura, lo que hace que sea mucho menos probable que se sobrepase el par.<\/li>\n<li>F\u00e1cil ajuste con escala de f\u00e1cil lectura para reducir la posibilidad de errores<\/li>\n<li>El dise\u00f1o resistente y el acabado duradero con recubrimiento en polvo garantizan a\u00f1os de funcionamiento sin problemas en las aplicaciones m\u00e1s exigentes.<\/li>\n<li>El trinquete sellado Snap-on\u00ae es de alta resistencia y pr\u00e1cticamente no requiere mantenimiento, lo que brinda una vida \u00fatil prolongada y un tiempo de inactividad m\u00ednimo<\/li>\n<li>La empu\u00f1adura de pl\u00e1stico grande hace que la llave sea c\u00f3moda de usar y gu\u00eda la mano del operador a la posici\u00f3n correcta<\/li>\n<li>El mecanismo de liberaci\u00f3n r\u00e1pida permite que la herramienta se desmonte f\u00e1cilmente en dos piezas para un almacenamiento y portabilidad convenientes<\/li>\n<\/ul>\n","protected":false},"featured_media":9474,"template":"","meta":{"_acf_changed":false},"pwb-brand":[98],"product_brand":[],"product_cat":[366,68,148,48],"product_tag":[],"class_list":{"0":"post-8199","1":"product","2":"type-product","3":"status-publish","4":"has-post-thumbnail","6":"pwb-brand-snap-on","7":"product_cat-todos-los-productos","8":"product_cat-herramientas-de-torsion","9":"product_cat-llaves-dinamometricas-tipo-clic-ajustable","10":"product_cat-snap-on","12":"first","13":"instock","14":"taxable","15":"shipping-taxable","16":"product-type-simple"},"acf":[],"yoast_head":"<!-- This site is optimized with the Yoast SEO plugin v27.2 - https:\/\/yoast.com\/product\/yoast-seo-wordpress\/ -->\n<title>Llave dinamom\u00e9trica tipo break-over de 3\/4 &quot;(150-600 ft-lb) - Techmaster de Mexico<\/title>\n<meta name=\"robots\" content=\"index, follow, max-snippet:-1, max-image-preview:large, max-video-preview:-1\" \/>\n<link rel=\"canonical\" href=\"https:\/\/techmasterdemexico.com\/producto\/llave-dinamometrica-tipo-break-over-de-3-4-150-600-ft-lb\/\" \/>\n<meta property=\"og:locale\" content=\"en_US\" \/>\n<meta property=\"og:type\" content=\"article\" \/>\n<meta property=\"og:title\" content=\"Llave dinamom\u00e9trica tipo break-over de 3\/4 &quot;(150-600 ft-lb) - Techmaster de Mexico\" \/>\n<meta property=\"og:description\" content=\"[:es]    El exclusivo mecanismo de ruptura proporciona una clara indicaci\u00f3n de que se ha alcanzado el objetivo de par y permite un gran \u00e1ngulo de ruptura, lo que hace que sea mucho menos probable que se sobrepase el par.   F\u00e1cil ajuste con escala de f\u00e1cil lectura para reducir la posibilidad de errores   El dise\u00f1o resistente y el acabado duradero con recubrimiento en polvo garantizan a\u00f1os de funcionamiento sin problemas en las aplicaciones m\u00e1s exigentes.   El trinquete sellado Snap-on\u00ae es de alta resistencia y pr\u00e1cticamente no requiere mantenimiento, lo que brinda una vida \u00fatil prolongada y un tiempo de inactividad m\u00ednimo   La empu\u00f1adura de pl\u00e1stico grande hace que la llave sea c\u00f3moda de usar y gu\u00eda la mano del operador a la posici\u00f3n correcta   El mecanismo de liberaci\u00f3n r\u00e1pida permite que la herramienta se desmonte f\u00e1cilmente en dos piezas para un almacenamiento y portabilidad convenientes   [:en]  El exclusivo mecanismo de ruptura proporciona una clara indicaci\u00f3n de que se ha alcanzado el objetivo de par y permite un gran \u00e1ngulo de ruptura, lo que hace que sea mucho menos probable que se sobrepase el par.  F\u00e1cil ajuste con escala de f\u00e1cil lectura para reducir la posibilidad de errores  El dise\u00f1o resistente y el acabado duradero con recubrimiento en polvo garantizan a\u00f1os de funcionamiento sin problemas en las aplicaciones m\u00e1s exigentes.  El trinquete sellado Snap-on\u00ae es de alta resistencia y pr\u00e1cticamente no requiere mantenimiento, lo que brinda una vida \u00fatil prolongada y un tiempo de inactividad m\u00ednimo  La empu\u00f1adura de pl\u00e1stico grande hace que la llave sea c\u00f3moda de usar y gu\u00eda la mano del operador a la posici\u00f3n correcta  El mecanismo de liberaci\u00f3n r\u00e1pida permite que la herramienta se desmonte f\u00e1cilmente en dos piezas para un almacenamiento y portabilidad convenientes  [:]\" \/>\n<meta property=\"og:url\" content=\"https:\/\/techmasterdemexico.com\/producto\/llave-dinamometrica-tipo-break-over-de-3-4-150-600-ft-lb\/\" \/>\n<meta property=\"og:site_name\" content=\"Techmaster de Mexico\" \/>\n<meta property=\"article:modified_time\" content=\"2021-12-28T22:25:05+00:00\" \/>\n<meta property=\"og:image\" content=\"https:\/\/techmasterdemexico.com\/wp-content\/uploads\/2021\/08\/QB4R600.png\" \/>\n\t<meta property=\"og:image:width\" content=\"500\" \/>\n\t<meta property=\"og:image:height\" content=\"500\" \/>\n\t<meta property=\"og:image:type\" content=\"image\/png\" \/>\n<meta name=\"twitter:card\" content=\"summary_large_image\" \/>\n<script type=\"application\/ld+json\" class=\"yoast-schema-graph\">{\"@context\":\"https:\/\/schema.org\",\"@graph\":[{\"@type\":\"WebPage\",\"@id\":\"https:\/\/techmasterdemexico.com\/producto\/llave-dinamometrica-tipo-break-over-de-3-4-150-600-ft-lb\/\",\"url\":\"https:\/\/techmasterdemexico.com\/producto\/llave-dinamometrica-tipo-break-over-de-3-4-150-600-ft-lb\/\",\"name\":\"Llave dinamom\u00e9trica tipo break-over de 3\/4 \\\"(150-600 ft-lb) - Techmaster de Mexico\",\"isPartOf\":{\"@id\":\"https:\/\/techmasterdemexico.com\/#website\"},\"primaryImageOfPage\":{\"@id\":\"https:\/\/techmasterdemexico.com\/producto\/llave-dinamometrica-tipo-break-over-de-3-4-150-600-ft-lb\/#primaryimage\"},\"image\":{\"@id\":\"https:\/\/techmasterdemexico.com\/producto\/llave-dinamometrica-tipo-break-over-de-3-4-150-600-ft-lb\/#primaryimage\"},\"thumbnailUrl\":\"https:\/\/techmasterdemexico.com\/wp-content\/uploads\/2021\/08\/QB4R600.png\",\"datePublished\":\"2021-08-19T18:30:29+00:00\",\"dateModified\":\"2021-12-28T22:25:05+00:00\",\"breadcrumb\":{\"@id\":\"https:\/\/techmasterdemexico.com\/producto\/llave-dinamometrica-tipo-break-over-de-3-4-150-600-ft-lb\/#breadcrumb\"},\"inLanguage\":\"en-US\",\"potentialAction\":[{\"@type\":\"ReadAction\",\"target\":[\"https:\/\/techmasterdemexico.com\/producto\/llave-dinamometrica-tipo-break-over-de-3-4-150-600-ft-lb\/\"]}]},{\"@type\":\"ImageObject\",\"inLanguage\":\"en-US\",\"@id\":\"https:\/\/techmasterdemexico.com\/producto\/llave-dinamometrica-tipo-break-over-de-3-4-150-600-ft-lb\/#primaryimage\",\"url\":\"https:\/\/techmasterdemexico.com\/wp-content\/uploads\/2021\/08\/QB4R600.png\",\"contentUrl\":\"https:\/\/techmasterdemexico.com\/wp-content\/uploads\/2021\/08\/QB4R600.png\",\"width\":500,\"height\":500},{\"@type\":\"BreadcrumbList\",\"@id\":\"https:\/\/techmasterdemexico.com\/producto\/llave-dinamometrica-tipo-break-over-de-3-4-150-600-ft-lb\/#breadcrumb\",\"itemListElement\":[{\"@type\":\"ListItem\",\"position\":1,\"name\":\"Portada\",\"item\":\"https:\/\/techmasterdemexico.com\/\"},{\"@type\":\"ListItem\",\"position\":2,\"name\":\"Llave dinamom\u00e9trica tipo break-over de 3\/4 \u00ab(150-600 ft-lb)\"}]},{\"@type\":\"WebSite\",\"@id\":\"https:\/\/techmasterdemexico.com\/#website\",\"url\":\"https:\/\/techmasterdemexico.com\/\",\"name\":\"Techmaster de Mexico\",\"description\":\"\",\"potentialAction\":[{\"@type\":\"SearchAction\",\"target\":{\"@type\":\"EntryPoint\",\"urlTemplate\":\"https:\/\/techmasterdemexico.com\/?s={search_term_string}\"},\"query-input\":{\"@type\":\"PropertyValueSpecification\",\"valueRequired\":true,\"valueName\":\"search_term_string\"}}],\"inLanguage\":\"en-US\"}]}<\/script>\n<!-- \/ Yoast SEO plugin. -->","yoast_head_json":{"title":"Llave dinamom\u00e9trica tipo break-over de 3\/4 \"(150-600 ft-lb) - Techmaster de Mexico","robots":{"index":"index","follow":"follow","max-snippet":"max-snippet:-1","max-image-preview":"max-image-preview:large","max-video-preview":"max-video-preview:-1"},"canonical":"https:\/\/techmasterdemexico.com\/producto\/llave-dinamometrica-tipo-break-over-de-3-4-150-600-ft-lb\/","og_locale":"en_US","og_type":"article","og_title":"Llave dinamom\u00e9trica tipo break-over de 3\/4 \"(150-600 ft-lb) - Techmaster de Mexico","og_description":"[:es]    El exclusivo mecanismo de ruptura proporciona una clara indicaci\u00f3n de que se ha alcanzado el objetivo de par y permite un gran \u00e1ngulo de ruptura, lo que hace que sea mucho menos probable que se sobrepase el par.   F\u00e1cil ajuste con escala de f\u00e1cil lectura para reducir la posibilidad de errores   El dise\u00f1o resistente y el acabado duradero con recubrimiento en polvo garantizan a\u00f1os de funcionamiento sin problemas en las aplicaciones m\u00e1s exigentes.   El trinquete sellado Snap-on\u00ae es de alta resistencia y pr\u00e1cticamente no requiere mantenimiento, lo que brinda una vida \u00fatil prolongada y un tiempo de inactividad m\u00ednimo   La empu\u00f1adura de pl\u00e1stico grande hace que la llave sea c\u00f3moda de usar y gu\u00eda la mano del operador a la posici\u00f3n correcta   El mecanismo de liberaci\u00f3n r\u00e1pida permite que la herramienta se desmonte f\u00e1cilmente en dos piezas para un almacenamiento y portabilidad convenientes   [:en]  El exclusivo mecanismo de ruptura proporciona una clara indicaci\u00f3n de que se ha alcanzado el objetivo de par y permite un gran \u00e1ngulo de ruptura, lo que hace que sea mucho menos probable que se sobrepase el par.  F\u00e1cil ajuste con escala de f\u00e1cil lectura para reducir la posibilidad de errores  El dise\u00f1o resistente y el acabado duradero con recubrimiento en polvo garantizan a\u00f1os de funcionamiento sin problemas en las aplicaciones m\u00e1s exigentes.  El trinquete sellado Snap-on\u00ae es de alta resistencia y pr\u00e1cticamente no requiere mantenimiento, lo que brinda una vida \u00fatil prolongada y un tiempo de inactividad m\u00ednimo  La empu\u00f1adura de pl\u00e1stico grande hace que la llave sea c\u00f3moda de usar y gu\u00eda la mano del operador a la posici\u00f3n correcta  El mecanismo de liberaci\u00f3n r\u00e1pida permite que la herramienta se desmonte f\u00e1cilmente en dos piezas para un almacenamiento y portabilidad convenientes  [:]","og_url":"https:\/\/techmasterdemexico.com\/producto\/llave-dinamometrica-tipo-break-over-de-3-4-150-600-ft-lb\/","og_site_name":"Techmaster de Mexico","article_modified_time":"2021-12-28T22:25:05+00:00","og_image":[{"width":500,"height":500,"url":"https:\/\/techmasterdemexico.com\/wp-content\/uploads\/2021\/08\/QB4R600.png","type":"image\/png"}],"twitter_card":"summary_large_image","schema":{"@context":"https:\/\/schema.org","@graph":[{"@type":"WebPage","@id":"https:\/\/techmasterdemexico.com\/producto\/llave-dinamometrica-tipo-break-over-de-3-4-150-600-ft-lb\/","url":"https:\/\/techmasterdemexico.com\/producto\/llave-dinamometrica-tipo-break-over-de-3-4-150-600-ft-lb\/","name":"Llave dinamom\u00e9trica tipo break-over de 3\/4 \"(150-600 ft-lb) - Techmaster de Mexico","isPartOf":{"@id":"https:\/\/techmasterdemexico.com\/#website"},"primaryImageOfPage":{"@id":"https:\/\/techmasterdemexico.com\/producto\/llave-dinamometrica-tipo-break-over-de-3-4-150-600-ft-lb\/#primaryimage"},"image":{"@id":"https:\/\/techmasterdemexico.com\/producto\/llave-dinamometrica-tipo-break-over-de-3-4-150-600-ft-lb\/#primaryimage"},"thumbnailUrl":"https:\/\/techmasterdemexico.com\/wp-content\/uploads\/2021\/08\/QB4R600.png","datePublished":"2021-08-19T18:30:29+00:00","dateModified":"2021-12-28T22:25:05+00:00","breadcrumb":{"@id":"https:\/\/techmasterdemexico.com\/producto\/llave-dinamometrica-tipo-break-over-de-3-4-150-600-ft-lb\/#breadcrumb"},"inLanguage":"en-US","potentialAction":[{"@type":"ReadAction","target":["https:\/\/techmasterdemexico.com\/producto\/llave-dinamometrica-tipo-break-over-de-3-4-150-600-ft-lb\/"]}]},{"@type":"ImageObject","inLanguage":"en-US","@id":"https:\/\/techmasterdemexico.com\/producto\/llave-dinamometrica-tipo-break-over-de-3-4-150-600-ft-lb\/#primaryimage","url":"https:\/\/techmasterdemexico.com\/wp-content\/uploads\/2021\/08\/QB4R600.png","contentUrl":"https:\/\/techmasterdemexico.com\/wp-content\/uploads\/2021\/08\/QB4R600.png","width":500,"height":500},{"@type":"BreadcrumbList","@id":"https:\/\/techmasterdemexico.com\/producto\/llave-dinamometrica-tipo-break-over-de-3-4-150-600-ft-lb\/#breadcrumb","itemListElement":[{"@type":"ListItem","position":1,"name":"Portada","item":"https:\/\/techmasterdemexico.com\/"},{"@type":"ListItem","position":2,"name":"Llave dinamom\u00e9trica tipo break-over de 3\/4 \u00ab(150-600 ft-lb)"}]},{"@type":"WebSite","@id":"https:\/\/techmasterdemexico.com\/#website","url":"https:\/\/techmasterdemexico.com\/","name":"Techmaster de Mexico","description":"","potentialAction":[{"@type":"SearchAction","target":{"@type":"EntryPoint","urlTemplate":"https:\/\/techmasterdemexico.com\/?s={search_term_string}"},"query-input":{"@type":"PropertyValueSpecification","valueRequired":true,"valueName":"search_term_string"}}],"inLanguage":"en-US"}]}},"brands":[{"id":98,"name":"Snap On","slug":"snap-on"}],"_links":{"self":[{"href":"https:\/\/techmasterdemexico.com\/en\/wp-json\/wp\/v2\/product\/8199","targetHints":{"allow":["GET"]}}],"collection":[{"href":"https:\/\/techmasterdemexico.com\/en\/wp-json\/wp\/v2\/product"}],"about":[{"href":"https:\/\/techmasterdemexico.com\/en\/wp-json\/wp\/v2\/types\/product"}],"wp:featuredmedia":[{"embeddable":true,"href":"https:\/\/techmasterdemexico.com\/en\/wp-json\/wp\/v2\/media\/9474"}],"wp:attachment":[{"href":"https:\/\/techmasterdemexico.com\/en\/wp-json\/wp\/v2\/media?parent=8199"}],"wp:term":[{"taxonomy":"pwb-brand","embeddable":true,"href":"https:\/\/techmasterdemexico.com\/en\/wp-json\/wp\/v2\/pwb-brand?post=8199"},{"taxonomy":"product_brand","embeddable":true,"href":"https:\/\/techmasterdemexico.com\/en\/wp-json\/wp\/v2\/product_brand?post=8199"},{"taxonomy":"product_cat","embeddable":true,"href":"https:\/\/techmasterdemexico.com\/en\/wp-json\/wp\/v2\/product_cat?post=8199"},{"taxonomy":"product_tag","embeddable":true,"href":"https:\/\/techmasterdemexico.com\/en\/wp-json\/wp\/v2\/product_tag?post=8199"}],"curies":[{"name":"wp","href":"https:\/\/api.w.org\/{rel}","templated":true}]}}