{"id":8197,"date":"2021-08-19T18:30:28","date_gmt":"2021-08-19T18:30:28","guid":{"rendered":"http:\/\/techmastermx.ddns.net\/producto\/llave-dinamometrica-de-cabeza-flexible-techangle-de-3-8-5-125-ft-lb\/"},"modified":"2021-12-28T22:25:06","modified_gmt":"2021-12-28T22:25:06","slug":"llave-dinamometrica-de-cabeza-flexible-techangle-de-3-8-5-125-ft-lb","status":"publish","type":"product","link":"https:\/\/techmasterdemexico.com\/en\/producto\/llave-dinamometrica-de-cabeza-flexible-techangle-de-3-8-5-125-ft-lb\/","title":{"rendered":"Llave dinamom\u00e9trica de cabeza flexible TechAngle\u00ae de 3\/8 &#8220;(5-125 ft-lb)"},"content":{"rendered":"<p>Llave dinamom\u00e9trica de cabeza flexible TechAngle\u00ae de 3\/8 &#8220;(5-125 ft-lb)<\/p>\n","protected":false},"excerpt":{"rendered":"<ul>\n<li>Proporciona un amplio rango de trabajo (5-125 ft-lb), lo que permite a los t\u00e9cnicos trabajar en una gama m\u00e1s amplia de aplicaciones populares, incluidas las llantas de pasajeros.<\/li>\n<li>Yugo de servicio pesado dise\u00f1ado para una carga de par m\u00e1s alta<\/li>\n<li>La compensaci\u00f3n de giroscopio Snap-on\u00ae Multi Axis, pendiente de patente, proporciona un alto nivel de precisi\u00f3n incluso en una posici\u00f3n flexionada<\/li>\n<li>MAG COMP mide y compensa los cambios en la distancia de reacci\u00f3n debido al \u00e1ngulo de flexi\u00f3n de la llave dinamom\u00e9trica<\/li>\n<li>Trinquete Snap-on\u00ae de 80 dientes para una combinaci\u00f3n \u00f3ptima de fuerza y \u200b\u200barco de giro reducido a solo 4,5 \u00b0; la longitud m\u00e1s corta y el arco de giro m\u00ednimo funcionan extremadamente bien en compartimentos de motor reducidos<\/li>\n<li>Caracter\u00edsticas est\u00e1ndar de ATECH como LED progresivos duales, pantalla LCD con retroiluminaci\u00f3n, cuatro modos de alerta (LED, LCD, vibratorio, audible), seis escalas (ft-lb, in-lb, Nm, kg-cm, dNm, \u00e1ngulo), 10 preajustes, par y luego \u00e1ngulo, botones de perfil bajo, tecnolog\u00eda de interrupci\u00f3n de energ\u00eda, contador de ciclos, indicador de nivel de bater\u00eda y otras caracter\u00edsticas personalizables<\/li>\n<li>Cumple o supera el est\u00e1ndar ASME\u00ae B107.300-2010 (B107.28)<\/li>\n<li>Garant\u00eda de dos a\u00f1os<\/li>\n<li>Ensamblado en EE. UU.<\/li>\n<li>Dise\u00f1\u00f3 el yugo con m\u00e1s masa de acero, as\u00ed como un ajuste de trinquete a yugo de tolerancia extremadamente ajustada.<\/li>\n<li>Proporciona m\u00e1s resistencia a la torsi\u00f3n y, al mismo tiempo, permite un indexado \/ movimiento suave de la cabeza del trinquete (hasta 15 \u00b0)<\/li>\n<li>Espacio de yugo \/ trinquete m\u00e1s peque\u00f1o que reduce el potencial punto (s) de pellizco<\/li>\n<\/ul>\n","protected":false},"featured_media":9476,"template":"","meta":{"_acf_changed":false},"pwb-brand":[98],"product_brand":[],"product_cat":[366,68,48],"product_tag":[],"class_list":{"0":"post-8197","1":"product","2":"type-product","3":"status-publish","4":"has-post-thumbnail","6":"pwb-brand-snap-on","7":"product_cat-todos-los-productos","8":"product_cat-herramientas-de-torsion","9":"product_cat-snap-on","11":"first","12":"instock","13":"taxable","14":"shipping-taxable","15":"product-type-simple"},"acf":[],"yoast_head":"<!-- This site is optimized with the Yoast SEO plugin v27.5 - https:\/\/yoast.com\/product\/yoast-seo-wordpress\/ -->\n<title>Llave dinamom\u00e9trica de cabeza flexible TechAngle\u00ae de 3\/8 &quot;(5-125 ft-lb) - Techmaster de Mexico<\/title>\n<meta name=\"robots\" content=\"index, follow, max-snippet:-1, max-image-preview:large, max-video-preview:-1\" \/>\n<link rel=\"canonical\" href=\"https:\/\/techmasterdemexico.com\/producto\/llave-dinamometrica-de-cabeza-flexible-techangle-de-3-8-5-125-ft-lb\/\" \/>\n<meta property=\"og:locale\" content=\"en_US\" \/>\n<meta property=\"og:type\" content=\"article\" \/>\n<meta property=\"og:title\" content=\"Llave dinamom\u00e9trica de cabeza flexible TechAngle\u00ae de 3\/8 &quot;(5-125 ft-lb) - Techmaster de Mexico\" \/>\n<meta property=\"og:description\" content=\"Proporciona un amplio rango de trabajo (5-125 ft-lb), lo que permite a los t\u00e9cnicos trabajar en una gama m\u00e1s amplia de aplicaciones populares, incluidas las llantas de pasajeros.   Yugo de servicio pesado dise\u00f1ado para una carga de par m\u00e1s alta   La compensaci\u00f3n de giroscopio Snap-on\u00ae Multi Axis, pendiente de patente, proporciona un alto nivel de precisi\u00f3n incluso en una posici\u00f3n flexionada   MAG COMP mide y compensa los cambios en la distancia de reacci\u00f3n debido al \u00e1ngulo de flexi\u00f3n de la llave dinamom\u00e9trica   Trinquete Snap-on\u00ae de 80 dientes para una combinaci\u00f3n \u00f3ptima de fuerza y \u200b\u200barco de giro reducido a solo 4,5 \u00b0; la longitud m\u00e1s corta y el arco de giro m\u00ednimo funcionan extremadamente bien en compartimentos de motor reducidos   Caracter\u00edsticas est\u00e1ndar de ATECH como LED progresivos duales, pantalla LCD con retroiluminaci\u00f3n, cuatro modos de alerta (LED, LCD, vibratorio, audible), seis escalas (ft-lb, in-lb, Nm, kg-cm, dNm, \u00e1ngulo), 10 preajustes, par y luego \u00e1ngulo, botones de perfil bajo, tecnolog\u00eda de interrupci\u00f3n de energ\u00eda, contador de ciclos, indicador de nivel de bater\u00eda y otras caracter\u00edsticas personalizables   Cumple o supera el est\u00e1ndar ASME\u00ae B107.300-2010 (B107.28)   Garant\u00eda de dos a\u00f1os   Ensamblado en EE. UU.   Dise\u00f1\u00f3 el yugo con m\u00e1s masa de acero, as\u00ed como un ajuste de trinquete a yugo de tolerancia extremadamente ajustada.   Proporciona m\u00e1s resistencia a la torsi\u00f3n y, al mismo tiempo, permite un indexado \/ movimiento suave de la cabeza del trinquete (hasta 15 \u00b0)   Espacio de yugo \/ trinquete m\u00e1s peque\u00f1o que reduce el potencial punto (s) de pellizco\" \/>\n<meta property=\"og:url\" content=\"https:\/\/techmasterdemexico.com\/producto\/llave-dinamometrica-de-cabeza-flexible-techangle-de-3-8-5-125-ft-lb\/\" \/>\n<meta property=\"og:site_name\" content=\"Techmaster de Mexico\" \/>\n<meta property=\"article:modified_time\" content=\"2021-12-28T22:25:06+00:00\" \/>\n<meta property=\"og:image\" content=\"https:\/\/techmasterdemexico.com\/wp-content\/uploads\/2021\/08\/ATECH2FR125B.png\" \/>\n\t<meta property=\"og:image:width\" content=\"500\" \/>\n\t<meta property=\"og:image:height\" content=\"500\" \/>\n\t<meta property=\"og:image:type\" content=\"image\/png\" \/>\n<meta name=\"twitter:card\" content=\"summary_large_image\" \/>\n<script type=\"application\/ld+json\" class=\"yoast-schema-graph\">{\"@context\":\"https:\\\/\\\/schema.org\",\"@graph\":[{\"@type\":\"WebPage\",\"@id\":\"https:\\\/\\\/techmasterdemexico.com\\\/producto\\\/llave-dinamometrica-de-cabeza-flexible-techangle-de-3-8-5-125-ft-lb\\\/\",\"url\":\"https:\\\/\\\/techmasterdemexico.com\\\/producto\\\/llave-dinamometrica-de-cabeza-flexible-techangle-de-3-8-5-125-ft-lb\\\/\",\"name\":\"Llave dinamom\u00e9trica de cabeza flexible TechAngle\u00ae de 3\\\/8 \\\"(5-125 ft-lb) - Techmaster de Mexico\",\"isPartOf\":{\"@id\":\"https:\\\/\\\/techmasterdemexico.com\\\/#website\"},\"primaryImageOfPage\":{\"@id\":\"https:\\\/\\\/techmasterdemexico.com\\\/producto\\\/llave-dinamometrica-de-cabeza-flexible-techangle-de-3-8-5-125-ft-lb\\\/#primaryimage\"},\"image\":{\"@id\":\"https:\\\/\\\/techmasterdemexico.com\\\/producto\\\/llave-dinamometrica-de-cabeza-flexible-techangle-de-3-8-5-125-ft-lb\\\/#primaryimage\"},\"thumbnailUrl\":\"https:\\\/\\\/techmasterdemexico.com\\\/wp-content\\\/uploads\\\/2021\\\/08\\\/ATECH2FR125B.png\",\"datePublished\":\"2021-08-19T18:30:28+00:00\",\"dateModified\":\"2021-12-28T22:25:06+00:00\",\"breadcrumb\":{\"@id\":\"https:\\\/\\\/techmasterdemexico.com\\\/producto\\\/llave-dinamometrica-de-cabeza-flexible-techangle-de-3-8-5-125-ft-lb\\\/#breadcrumb\"},\"inLanguage\":\"en-US\",\"potentialAction\":[{\"@type\":\"ReadAction\",\"target\":[\"https:\\\/\\\/techmasterdemexico.com\\\/producto\\\/llave-dinamometrica-de-cabeza-flexible-techangle-de-3-8-5-125-ft-lb\\\/\"]}]},{\"@type\":\"ImageObject\",\"inLanguage\":\"en-US\",\"@id\":\"https:\\\/\\\/techmasterdemexico.com\\\/producto\\\/llave-dinamometrica-de-cabeza-flexible-techangle-de-3-8-5-125-ft-lb\\\/#primaryimage\",\"url\":\"https:\\\/\\\/techmasterdemexico.com\\\/wp-content\\\/uploads\\\/2021\\\/08\\\/ATECH2FR125B.png\",\"contentUrl\":\"https:\\\/\\\/techmasterdemexico.com\\\/wp-content\\\/uploads\\\/2021\\\/08\\\/ATECH2FR125B.png\",\"width\":500,\"height\":500},{\"@type\":\"BreadcrumbList\",\"@id\":\"https:\\\/\\\/techmasterdemexico.com\\\/producto\\\/llave-dinamometrica-de-cabeza-flexible-techangle-de-3-8-5-125-ft-lb\\\/#breadcrumb\",\"itemListElement\":[{\"@type\":\"ListItem\",\"position\":1,\"name\":\"Portada\",\"item\":\"https:\\\/\\\/techmasterdemexico.com\\\/\"},{\"@type\":\"ListItem\",\"position\":2,\"name\":\"Llave dinamom\u00e9trica de cabeza flexible TechAngle\u00ae de 3\\\/8 \u00ab(5-125 ft-lb)\"}]},{\"@type\":\"WebSite\",\"@id\":\"https:\\\/\\\/techmasterdemexico.com\\\/#website\",\"url\":\"https:\\\/\\\/techmasterdemexico.com\\\/\",\"name\":\"Techmaster de Mexico\",\"description\":\"\",\"potentialAction\":[{\"@type\":\"SearchAction\",\"target\":{\"@type\":\"EntryPoint\",\"urlTemplate\":\"https:\\\/\\\/techmasterdemexico.com\\\/?s={search_term_string}\"},\"query-input\":{\"@type\":\"PropertyValueSpecification\",\"valueRequired\":true,\"valueName\":\"search_term_string\"}}],\"inLanguage\":\"en-US\"}]}<\/script>\n<!-- \/ Yoast SEO plugin. -->","yoast_head_json":{"title":"Llave dinamom\u00e9trica de cabeza flexible TechAngle\u00ae de 3\/8 \"(5-125 ft-lb) - Techmaster de Mexico","robots":{"index":"index","follow":"follow","max-snippet":"max-snippet:-1","max-image-preview":"max-image-preview:large","max-video-preview":"max-video-preview:-1"},"canonical":"https:\/\/techmasterdemexico.com\/producto\/llave-dinamometrica-de-cabeza-flexible-techangle-de-3-8-5-125-ft-lb\/","og_locale":"en_US","og_type":"article","og_title":"Llave dinamom\u00e9trica de cabeza flexible TechAngle\u00ae de 3\/8 \"(5-125 ft-lb) - Techmaster de Mexico","og_description":"Proporciona un amplio rango de trabajo (5-125 ft-lb), lo que permite a los t\u00e9cnicos trabajar en una gama m\u00e1s amplia de aplicaciones populares, incluidas las llantas de pasajeros.   Yugo de servicio pesado dise\u00f1ado para una carga de par m\u00e1s alta   La compensaci\u00f3n de giroscopio Snap-on\u00ae Multi Axis, pendiente de patente, proporciona un alto nivel de precisi\u00f3n incluso en una posici\u00f3n flexionada   MAG COMP mide y compensa los cambios en la distancia de reacci\u00f3n debido al \u00e1ngulo de flexi\u00f3n de la llave dinamom\u00e9trica   Trinquete Snap-on\u00ae de 80 dientes para una combinaci\u00f3n \u00f3ptima de fuerza y \u200b\u200barco de giro reducido a solo 4,5 \u00b0; la longitud m\u00e1s corta y el arco de giro m\u00ednimo funcionan extremadamente bien en compartimentos de motor reducidos   Caracter\u00edsticas est\u00e1ndar de ATECH como LED progresivos duales, pantalla LCD con retroiluminaci\u00f3n, cuatro modos de alerta (LED, LCD, vibratorio, audible), seis escalas (ft-lb, in-lb, Nm, kg-cm, dNm, \u00e1ngulo), 10 preajustes, par y luego \u00e1ngulo, botones de perfil bajo, tecnolog\u00eda de interrupci\u00f3n de energ\u00eda, contador de ciclos, indicador de nivel de bater\u00eda y otras caracter\u00edsticas personalizables   Cumple o supera el est\u00e1ndar ASME\u00ae B107.300-2010 (B107.28)   Garant\u00eda de dos a\u00f1os   Ensamblado en EE. UU.   Dise\u00f1\u00f3 el yugo con m\u00e1s masa de acero, as\u00ed como un ajuste de trinquete a yugo de tolerancia extremadamente ajustada.   Proporciona m\u00e1s resistencia a la torsi\u00f3n y, al mismo tiempo, permite un indexado \/ movimiento suave de la cabeza del trinquete (hasta 15 \u00b0)   Espacio de yugo \/ trinquete m\u00e1s peque\u00f1o que reduce el potencial punto (s) de pellizco","og_url":"https:\/\/techmasterdemexico.com\/producto\/llave-dinamometrica-de-cabeza-flexible-techangle-de-3-8-5-125-ft-lb\/","og_site_name":"Techmaster de Mexico","article_modified_time":"2021-12-28T22:25:06+00:00","og_image":[{"width":500,"height":500,"url":"https:\/\/techmasterdemexico.com\/wp-content\/uploads\/2021\/08\/ATECH2FR125B.png","type":"image\/png"}],"twitter_card":"summary_large_image","schema":{"@context":"https:\/\/schema.org","@graph":[{"@type":"WebPage","@id":"https:\/\/techmasterdemexico.com\/producto\/llave-dinamometrica-de-cabeza-flexible-techangle-de-3-8-5-125-ft-lb\/","url":"https:\/\/techmasterdemexico.com\/producto\/llave-dinamometrica-de-cabeza-flexible-techangle-de-3-8-5-125-ft-lb\/","name":"Llave dinamom\u00e9trica de cabeza flexible TechAngle\u00ae de 3\/8 \"(5-125 ft-lb) - Techmaster de Mexico","isPartOf":{"@id":"https:\/\/techmasterdemexico.com\/#website"},"primaryImageOfPage":{"@id":"https:\/\/techmasterdemexico.com\/producto\/llave-dinamometrica-de-cabeza-flexible-techangle-de-3-8-5-125-ft-lb\/#primaryimage"},"image":{"@id":"https:\/\/techmasterdemexico.com\/producto\/llave-dinamometrica-de-cabeza-flexible-techangle-de-3-8-5-125-ft-lb\/#primaryimage"},"thumbnailUrl":"https:\/\/techmasterdemexico.com\/wp-content\/uploads\/2021\/08\/ATECH2FR125B.png","datePublished":"2021-08-19T18:30:28+00:00","dateModified":"2021-12-28T22:25:06+00:00","breadcrumb":{"@id":"https:\/\/techmasterdemexico.com\/producto\/llave-dinamometrica-de-cabeza-flexible-techangle-de-3-8-5-125-ft-lb\/#breadcrumb"},"inLanguage":"en-US","potentialAction":[{"@type":"ReadAction","target":["https:\/\/techmasterdemexico.com\/producto\/llave-dinamometrica-de-cabeza-flexible-techangle-de-3-8-5-125-ft-lb\/"]}]},{"@type":"ImageObject","inLanguage":"en-US","@id":"https:\/\/techmasterdemexico.com\/producto\/llave-dinamometrica-de-cabeza-flexible-techangle-de-3-8-5-125-ft-lb\/#primaryimage","url":"https:\/\/techmasterdemexico.com\/wp-content\/uploads\/2021\/08\/ATECH2FR125B.png","contentUrl":"https:\/\/techmasterdemexico.com\/wp-content\/uploads\/2021\/08\/ATECH2FR125B.png","width":500,"height":500},{"@type":"BreadcrumbList","@id":"https:\/\/techmasterdemexico.com\/producto\/llave-dinamometrica-de-cabeza-flexible-techangle-de-3-8-5-125-ft-lb\/#breadcrumb","itemListElement":[{"@type":"ListItem","position":1,"name":"Portada","item":"https:\/\/techmasterdemexico.com\/"},{"@type":"ListItem","position":2,"name":"Llave dinamom\u00e9trica de cabeza flexible TechAngle\u00ae de 3\/8 \u00ab(5-125 ft-lb)"}]},{"@type":"WebSite","@id":"https:\/\/techmasterdemexico.com\/#website","url":"https:\/\/techmasterdemexico.com\/","name":"Techmaster de Mexico","description":"","potentialAction":[{"@type":"SearchAction","target":{"@type":"EntryPoint","urlTemplate":"https:\/\/techmasterdemexico.com\/?s={search_term_string}"},"query-input":{"@type":"PropertyValueSpecification","valueRequired":true,"valueName":"search_term_string"}}],"inLanguage":"en-US"}]}},"brands":[{"id":98,"name":"Snap On","slug":"snap-on"}],"_links":{"self":[{"href":"https:\/\/techmasterdemexico.com\/en\/wp-json\/wp\/v2\/product\/8197","targetHints":{"allow":["GET"]}}],"collection":[{"href":"https:\/\/techmasterdemexico.com\/en\/wp-json\/wp\/v2\/product"}],"about":[{"href":"https:\/\/techmasterdemexico.com\/en\/wp-json\/wp\/v2\/types\/product"}],"wp:featuredmedia":[{"embeddable":true,"href":"https:\/\/techmasterdemexico.com\/en\/wp-json\/wp\/v2\/media\/9476"}],"wp:attachment":[{"href":"https:\/\/techmasterdemexico.com\/en\/wp-json\/wp\/v2\/media?parent=8197"}],"wp:term":[{"taxonomy":"pwb-brand","embeddable":true,"href":"https:\/\/techmasterdemexico.com\/en\/wp-json\/wp\/v2\/pwb-brand?post=8197"},{"taxonomy":"product_brand","embeddable":true,"href":"https:\/\/techmasterdemexico.com\/en\/wp-json\/wp\/v2\/product_brand?post=8197"},{"taxonomy":"product_cat","embeddable":true,"href":"https:\/\/techmasterdemexico.com\/en\/wp-json\/wp\/v2\/product_cat?post=8197"},{"taxonomy":"product_tag","embeddable":true,"href":"https:\/\/techmasterdemexico.com\/en\/wp-json\/wp\/v2\/product_tag?post=8197"}],"curies":[{"name":"wp","href":"https:\/\/api.w.org\/{rel}","templated":true}]}}