{"id":8196,"date":"2021-08-19T18:30:27","date_gmt":"2021-08-19T18:30:27","guid":{"rendered":"http:\/\/techmastermx.ddns.net\/producto\/llave-dinamometrica-electronica-techangle-con-accionamiento-de-1-2-15-300-ft-lb\/"},"modified":"2021-12-28T22:25:08","modified_gmt":"2021-12-28T22:25:08","slug":"llave-dinamometrica-electronica-techangle-con-accionamiento-de-1-2-15-300-ft-lb","status":"publish","type":"product","link":"https:\/\/techmasterdemexico.com\/en\/producto\/llave-dinamometrica-electronica-techangle-con-accionamiento-de-1-2-15-300-ft-lb\/","title":{"rendered":"Llave dinamom\u00e9trica electr\u00f3nica TechAngle\u00ae con accionamiento de 1\/2 &#8220;(15-300 ft-lb)"},"content":{"rendered":"<p>Llave dinamom\u00e9trica electr\u00f3nica TechAngle\u00ae con accionamiento de 1\/2 &#8220;(15-300 ft-lb)<\/p>\n","protected":false},"excerpt":{"rendered":"<ul>\n<li>Par de torsi\u00f3n: 15 a 300 pies-lb<\/li>\n<li>Precisi\u00f3n de par: \u00b1 2% CW y \u00b1 3% CCW, 20-100% de la escala completa<\/li>\n<li>Precisi\u00f3n de \u00e1ngulo: \u00b1 1% de lectura, \u00b1 1 \u00b0 a velocidad angular&gt; 10 \u00b0 \/ seg &lt;180 \u00b0 \/ seg<\/li>\n<li>Rango de \u00e1ngulo: 0-360 \u00b0<\/li>\n<li>Cinco modos de medici\u00f3n (ft-lb, in-lb, N m, kg-m, \u00e1ngulo)<\/li>\n<li>Los LED progresivos dobles permiten al usuario ver el par activo en varias posiciones de trabajo; permite al usuario anticipar el par y reducir la velocidad cuando se acerca al nivel de par deseado<\/li>\n<li>Torque-luego-\u00e1ngulo permite al usuario apretar los sujetadores y cambiar al \u00e1ngulo sin quitar la llave dinamom\u00e9trica del sujetador<\/li>\n<li>El agarre texturizado ofrece una superficie c\u00f3moda y antideslizante<\/li>\n<li>El extremo acampanado evita que la mano del usuario se resbale durante las aplicaciones de alto apalancamiento<\/li>\n<li>Dise\u00f1o de tecnolog\u00eda Dual 80\u00ae para solo 4.5 \u00b0 de arco de trinquete<\/li>\n<li>Contador de ciclos para asegurar cu\u00e1ntos sujetadores se han apretado.<\/li>\n<li>Mango estilo motocicleta con agarre texturizado sin costuras que ofrece una superficie c\u00f3moda y antideslizante<\/li>\n<li>Los botones de bajo perfil protegen contra la activaci\u00f3n accidental<\/li>\n<li>El dise\u00f1o de la tapa del extremo protegido con contactos de lat\u00f3n macizo evita que se aflojen accidentalmente y garantiza la continuidad<\/li>\n<li>Diez preajustes altamente configurables con la capacidad de personalizar numerosas funciones (modo de suspensi\u00f3n, pantalla LCD, calibraci\u00f3n, etc.) y almacenar hasta 50 registros<\/li>\n<li>Torque y luego \u00e1ngulo permite que el usuario apriete los sujetadores y luego cambie al \u00e1ngulo sin quitar la llave dinamom\u00e9trica del sujetador<\/li>\n<li>Los n\u00fameros grandes de la pantalla LCD se vuelven m\u00e1s grandes y audaces durante el par activo, lo que facilita la lectura durante el uso<\/li>\n<li>Cuatro modos de alerta (LCD, LED dual, audible, vibratorio)<\/li>\n<li>Cuenta con una funci\u00f3n de traducci\u00f3n interna que permite al usuario seleccionar un idioma para que se muestre en la pantalla LCD (ingl\u00e9s, franc\u00e9s, alem\u00e1n o espa\u00f1ol)<\/li>\n<li>Bater\u00eda de larga duraci\u00f3n: 80 horas de uso continuo<\/li>\n<li>Utiliza (3) pilas alcalinas AA (incluidas)<\/li>\n<li>Garant\u00eda de dos a\u00f1os<\/li>\n<\/ul>\n","protected":false},"featured_media":9478,"template":"","meta":{"_acf_changed":false},"pwb-brand":[98],"product_brand":[],"product_cat":[366,68,147,48],"product_tag":[],"class_list":{"0":"post-8196","1":"product","2":"type-product","3":"status-publish","4":"has-post-thumbnail","6":"pwb-brand-snap-on","7":"product_cat-todos-los-productos","8":"product_cat-herramientas-de-torsion","9":"product_cat-llaves-dinamometricas-techangle","10":"product_cat-snap-on","12":"first","13":"instock","14":"taxable","15":"shipping-taxable","16":"product-type-simple"},"acf":[],"yoast_head":"<!-- This site is optimized with the Yoast SEO plugin v27.5 - https:\/\/yoast.com\/product\/yoast-seo-wordpress\/ -->\n<title>Llave dinamom\u00e9trica electr\u00f3nica TechAngle\u00ae con accionamiento de 1\/2 &quot;(15-300 ft-lb) - Techmaster de Mexico<\/title>\n<meta name=\"robots\" content=\"index, follow, max-snippet:-1, max-image-preview:large, max-video-preview:-1\" \/>\n<link rel=\"canonical\" href=\"https:\/\/techmasterdemexico.com\/producto\/llave-dinamometrica-electronica-techangle-con-accionamiento-de-1-2-15-300-ft-lb\/\" \/>\n<meta property=\"og:locale\" content=\"en_US\" \/>\n<meta property=\"og:type\" content=\"article\" \/>\n<meta property=\"og:title\" content=\"Llave dinamom\u00e9trica electr\u00f3nica TechAngle\u00ae con accionamiento de 1\/2 &quot;(15-300 ft-lb) - Techmaster de Mexico\" \/>\n<meta property=\"og:description\" content=\"Par de torsi\u00f3n: 15 a 300 pies-lb   Precisi\u00f3n de par: \u00b1 2% CW y \u00b1 3% CCW, 20-100% de la escala completa   Precisi\u00f3n de \u00e1ngulo: \u00b1 1% de lectura, \u00b1 1 \u00b0 a velocidad angular&gt; 10 \u00b0 \/ seg &lt;180 \u00b0 \/ seg   Rango de \u00e1ngulo: 0-360 \u00b0   Cinco modos de medici\u00f3n (ft-lb, in-lb, N m, kg-m, \u00e1ngulo)   Los LED progresivos dobles permiten al usuario ver el par activo en varias posiciones de trabajo; permite al usuario anticipar el par y reducir la velocidad cuando se acerca al nivel de par deseado   Torque-luego-\u00e1ngulo permite al usuario apretar los sujetadores y cambiar al \u00e1ngulo sin quitar la llave dinamom\u00e9trica del sujetador   El agarre texturizado ofrece una superficie c\u00f3moda y antideslizante   El extremo acampanado evita que la mano del usuario se resbale durante las aplicaciones de alto apalancamiento   Dise\u00f1o de tecnolog\u00eda Dual 80\u00ae para solo 4.5 \u00b0 de arco de trinquete   Contador de ciclos para asegurar cu\u00e1ntos sujetadores se han apretado.   Mango estilo motocicleta con agarre texturizado sin costuras que ofrece una superficie c\u00f3moda y antideslizante   Los botones de bajo perfil protegen contra la activaci\u00f3n accidental   El dise\u00f1o de la tapa del extremo protegido con contactos de lat\u00f3n macizo evita que se aflojen accidentalmente y garantiza la continuidad   Diez preajustes altamente configurables con la capacidad de personalizar numerosas funciones (modo de suspensi\u00f3n, pantalla LCD, calibraci\u00f3n, etc.) y almacenar hasta 50 registros   Torque y luego \u00e1ngulo permite que el usuario apriete los sujetadores y luego cambie al \u00e1ngulo sin quitar la llave dinamom\u00e9trica del sujetador   Los n\u00fameros grandes de la pantalla LCD se vuelven m\u00e1s grandes y audaces durante el par activo, lo que facilita la lectura durante el uso   Cuatro modos de alerta (LCD, LED dual, audible, vibratorio)   Cuenta con una funci\u00f3n de traducci\u00f3n interna que permite al usuario seleccionar un idioma para que se muestre en la pantalla LCD (ingl\u00e9s, franc\u00e9s, alem\u00e1n o espa\u00f1ol)   Bater\u00eda de larga duraci\u00f3n: 80 horas de uso continuo   Utiliza (3) pilas alcalinas AA (incluidas)   Garant\u00eda de dos a\u00f1os\" \/>\n<meta property=\"og:url\" content=\"https:\/\/techmasterdemexico.com\/producto\/llave-dinamometrica-electronica-techangle-con-accionamiento-de-1-2-15-300-ft-lb\/\" \/>\n<meta property=\"og:site_name\" content=\"Techmaster de Mexico\" \/>\n<meta property=\"article:modified_time\" content=\"2021-12-28T22:25:08+00:00\" \/>\n<meta property=\"og:image\" content=\"https:\/\/techmasterdemexico.com\/wp-content\/uploads\/2021\/08\/ATECH3FR300B.png\" \/>\n\t<meta property=\"og:image:width\" content=\"500\" \/>\n\t<meta property=\"og:image:height\" content=\"500\" \/>\n\t<meta property=\"og:image:type\" content=\"image\/png\" \/>\n<meta name=\"twitter:card\" content=\"summary_large_image\" \/>\n<script type=\"application\/ld+json\" class=\"yoast-schema-graph\">{\"@context\":\"https:\\\/\\\/schema.org\",\"@graph\":[{\"@type\":\"WebPage\",\"@id\":\"https:\\\/\\\/techmasterdemexico.com\\\/producto\\\/llave-dinamometrica-electronica-techangle-con-accionamiento-de-1-2-15-300-ft-lb\\\/\",\"url\":\"https:\\\/\\\/techmasterdemexico.com\\\/producto\\\/llave-dinamometrica-electronica-techangle-con-accionamiento-de-1-2-15-300-ft-lb\\\/\",\"name\":\"Llave dinamom\u00e9trica electr\u00f3nica TechAngle\u00ae con accionamiento de 1\\\/2 \\\"(15-300 ft-lb) - Techmaster de Mexico\",\"isPartOf\":{\"@id\":\"https:\\\/\\\/techmasterdemexico.com\\\/#website\"},\"primaryImageOfPage\":{\"@id\":\"https:\\\/\\\/techmasterdemexico.com\\\/producto\\\/llave-dinamometrica-electronica-techangle-con-accionamiento-de-1-2-15-300-ft-lb\\\/#primaryimage\"},\"image\":{\"@id\":\"https:\\\/\\\/techmasterdemexico.com\\\/producto\\\/llave-dinamometrica-electronica-techangle-con-accionamiento-de-1-2-15-300-ft-lb\\\/#primaryimage\"},\"thumbnailUrl\":\"https:\\\/\\\/techmasterdemexico.com\\\/wp-content\\\/uploads\\\/2021\\\/08\\\/ATECH3FR300B.png\",\"datePublished\":\"2021-08-19T18:30:27+00:00\",\"dateModified\":\"2021-12-28T22:25:08+00:00\",\"breadcrumb\":{\"@id\":\"https:\\\/\\\/techmasterdemexico.com\\\/producto\\\/llave-dinamometrica-electronica-techangle-con-accionamiento-de-1-2-15-300-ft-lb\\\/#breadcrumb\"},\"inLanguage\":\"en-US\",\"potentialAction\":[{\"@type\":\"ReadAction\",\"target\":[\"https:\\\/\\\/techmasterdemexico.com\\\/producto\\\/llave-dinamometrica-electronica-techangle-con-accionamiento-de-1-2-15-300-ft-lb\\\/\"]}]},{\"@type\":\"ImageObject\",\"inLanguage\":\"en-US\",\"@id\":\"https:\\\/\\\/techmasterdemexico.com\\\/producto\\\/llave-dinamometrica-electronica-techangle-con-accionamiento-de-1-2-15-300-ft-lb\\\/#primaryimage\",\"url\":\"https:\\\/\\\/techmasterdemexico.com\\\/wp-content\\\/uploads\\\/2021\\\/08\\\/ATECH3FR300B.png\",\"contentUrl\":\"https:\\\/\\\/techmasterdemexico.com\\\/wp-content\\\/uploads\\\/2021\\\/08\\\/ATECH3FR300B.png\",\"width\":500,\"height\":500},{\"@type\":\"BreadcrumbList\",\"@id\":\"https:\\\/\\\/techmasterdemexico.com\\\/producto\\\/llave-dinamometrica-electronica-techangle-con-accionamiento-de-1-2-15-300-ft-lb\\\/#breadcrumb\",\"itemListElement\":[{\"@type\":\"ListItem\",\"position\":1,\"name\":\"Portada\",\"item\":\"https:\\\/\\\/techmasterdemexico.com\\\/\"},{\"@type\":\"ListItem\",\"position\":2,\"name\":\"Llave dinamom\u00e9trica electr\u00f3nica TechAngle\u00ae con accionamiento de 1\\\/2 \u00ab(15-300 ft-lb)\"}]},{\"@type\":\"WebSite\",\"@id\":\"https:\\\/\\\/techmasterdemexico.com\\\/#website\",\"url\":\"https:\\\/\\\/techmasterdemexico.com\\\/\",\"name\":\"Techmaster de Mexico\",\"description\":\"\",\"potentialAction\":[{\"@type\":\"SearchAction\",\"target\":{\"@type\":\"EntryPoint\",\"urlTemplate\":\"https:\\\/\\\/techmasterdemexico.com\\\/?s={search_term_string}\"},\"query-input\":{\"@type\":\"PropertyValueSpecification\",\"valueRequired\":true,\"valueName\":\"search_term_string\"}}],\"inLanguage\":\"en-US\"}]}<\/script>\n<!-- \/ Yoast SEO plugin. -->","yoast_head_json":{"title":"Llave dinamom\u00e9trica electr\u00f3nica TechAngle\u00ae con accionamiento de 1\/2 \"(15-300 ft-lb) - Techmaster de Mexico","robots":{"index":"index","follow":"follow","max-snippet":"max-snippet:-1","max-image-preview":"max-image-preview:large","max-video-preview":"max-video-preview:-1"},"canonical":"https:\/\/techmasterdemexico.com\/producto\/llave-dinamometrica-electronica-techangle-con-accionamiento-de-1-2-15-300-ft-lb\/","og_locale":"en_US","og_type":"article","og_title":"Llave dinamom\u00e9trica electr\u00f3nica TechAngle\u00ae con accionamiento de 1\/2 \"(15-300 ft-lb) - Techmaster de Mexico","og_description":"Par de torsi\u00f3n: 15 a 300 pies-lb   Precisi\u00f3n de par: \u00b1 2% CW y \u00b1 3% CCW, 20-100% de la escala completa   Precisi\u00f3n de \u00e1ngulo: \u00b1 1% de lectura, \u00b1 1 \u00b0 a velocidad angular&gt; 10 \u00b0 \/ seg &lt;180 \u00b0 \/ seg   Rango de \u00e1ngulo: 0-360 \u00b0   Cinco modos de medici\u00f3n (ft-lb, in-lb, N m, kg-m, \u00e1ngulo)   Los LED progresivos dobles permiten al usuario ver el par activo en varias posiciones de trabajo; permite al usuario anticipar el par y reducir la velocidad cuando se acerca al nivel de par deseado   Torque-luego-\u00e1ngulo permite al usuario apretar los sujetadores y cambiar al \u00e1ngulo sin quitar la llave dinamom\u00e9trica del sujetador   El agarre texturizado ofrece una superficie c\u00f3moda y antideslizante   El extremo acampanado evita que la mano del usuario se resbale durante las aplicaciones de alto apalancamiento   Dise\u00f1o de tecnolog\u00eda Dual 80\u00ae para solo 4.5 \u00b0 de arco de trinquete   Contador de ciclos para asegurar cu\u00e1ntos sujetadores se han apretado.   Mango estilo motocicleta con agarre texturizado sin costuras que ofrece una superficie c\u00f3moda y antideslizante   Los botones de bajo perfil protegen contra la activaci\u00f3n accidental   El dise\u00f1o de la tapa del extremo protegido con contactos de lat\u00f3n macizo evita que se aflojen accidentalmente y garantiza la continuidad   Diez preajustes altamente configurables con la capacidad de personalizar numerosas funciones (modo de suspensi\u00f3n, pantalla LCD, calibraci\u00f3n, etc.) y almacenar hasta 50 registros   Torque y luego \u00e1ngulo permite que el usuario apriete los sujetadores y luego cambie al \u00e1ngulo sin quitar la llave dinamom\u00e9trica del sujetador   Los n\u00fameros grandes de la pantalla LCD se vuelven m\u00e1s grandes y audaces durante el par activo, lo que facilita la lectura durante el uso   Cuatro modos de alerta (LCD, LED dual, audible, vibratorio)   Cuenta con una funci\u00f3n de traducci\u00f3n interna que permite al usuario seleccionar un idioma para que se muestre en la pantalla LCD (ingl\u00e9s, franc\u00e9s, alem\u00e1n o espa\u00f1ol)   Bater\u00eda de larga duraci\u00f3n: 80 horas de uso continuo   Utiliza (3) pilas alcalinas AA (incluidas)   Garant\u00eda de dos a\u00f1os","og_url":"https:\/\/techmasterdemexico.com\/producto\/llave-dinamometrica-electronica-techangle-con-accionamiento-de-1-2-15-300-ft-lb\/","og_site_name":"Techmaster de Mexico","article_modified_time":"2021-12-28T22:25:08+00:00","og_image":[{"width":500,"height":500,"url":"https:\/\/techmasterdemexico.com\/wp-content\/uploads\/2021\/08\/ATECH3FR300B.png","type":"image\/png"}],"twitter_card":"summary_large_image","schema":{"@context":"https:\/\/schema.org","@graph":[{"@type":"WebPage","@id":"https:\/\/techmasterdemexico.com\/producto\/llave-dinamometrica-electronica-techangle-con-accionamiento-de-1-2-15-300-ft-lb\/","url":"https:\/\/techmasterdemexico.com\/producto\/llave-dinamometrica-electronica-techangle-con-accionamiento-de-1-2-15-300-ft-lb\/","name":"Llave dinamom\u00e9trica electr\u00f3nica TechAngle\u00ae con accionamiento de 1\/2 \"(15-300 ft-lb) - Techmaster de Mexico","isPartOf":{"@id":"https:\/\/techmasterdemexico.com\/#website"},"primaryImageOfPage":{"@id":"https:\/\/techmasterdemexico.com\/producto\/llave-dinamometrica-electronica-techangle-con-accionamiento-de-1-2-15-300-ft-lb\/#primaryimage"},"image":{"@id":"https:\/\/techmasterdemexico.com\/producto\/llave-dinamometrica-electronica-techangle-con-accionamiento-de-1-2-15-300-ft-lb\/#primaryimage"},"thumbnailUrl":"https:\/\/techmasterdemexico.com\/wp-content\/uploads\/2021\/08\/ATECH3FR300B.png","datePublished":"2021-08-19T18:30:27+00:00","dateModified":"2021-12-28T22:25:08+00:00","breadcrumb":{"@id":"https:\/\/techmasterdemexico.com\/producto\/llave-dinamometrica-electronica-techangle-con-accionamiento-de-1-2-15-300-ft-lb\/#breadcrumb"},"inLanguage":"en-US","potentialAction":[{"@type":"ReadAction","target":["https:\/\/techmasterdemexico.com\/producto\/llave-dinamometrica-electronica-techangle-con-accionamiento-de-1-2-15-300-ft-lb\/"]}]},{"@type":"ImageObject","inLanguage":"en-US","@id":"https:\/\/techmasterdemexico.com\/producto\/llave-dinamometrica-electronica-techangle-con-accionamiento-de-1-2-15-300-ft-lb\/#primaryimage","url":"https:\/\/techmasterdemexico.com\/wp-content\/uploads\/2021\/08\/ATECH3FR300B.png","contentUrl":"https:\/\/techmasterdemexico.com\/wp-content\/uploads\/2021\/08\/ATECH3FR300B.png","width":500,"height":500},{"@type":"BreadcrumbList","@id":"https:\/\/techmasterdemexico.com\/producto\/llave-dinamometrica-electronica-techangle-con-accionamiento-de-1-2-15-300-ft-lb\/#breadcrumb","itemListElement":[{"@type":"ListItem","position":1,"name":"Portada","item":"https:\/\/techmasterdemexico.com\/"},{"@type":"ListItem","position":2,"name":"Llave dinamom\u00e9trica electr\u00f3nica TechAngle\u00ae con accionamiento de 1\/2 \u00ab(15-300 ft-lb)"}]},{"@type":"WebSite","@id":"https:\/\/techmasterdemexico.com\/#website","url":"https:\/\/techmasterdemexico.com\/","name":"Techmaster de Mexico","description":"","potentialAction":[{"@type":"SearchAction","target":{"@type":"EntryPoint","urlTemplate":"https:\/\/techmasterdemexico.com\/?s={search_term_string}"},"query-input":{"@type":"PropertyValueSpecification","valueRequired":true,"valueName":"search_term_string"}}],"inLanguage":"en-US"}]}},"brands":[{"id":98,"name":"Snap On","slug":"snap-on"}],"_links":{"self":[{"href":"https:\/\/techmasterdemexico.com\/en\/wp-json\/wp\/v2\/product\/8196","targetHints":{"allow":["GET"]}}],"collection":[{"href":"https:\/\/techmasterdemexico.com\/en\/wp-json\/wp\/v2\/product"}],"about":[{"href":"https:\/\/techmasterdemexico.com\/en\/wp-json\/wp\/v2\/types\/product"}],"wp:featuredmedia":[{"embeddable":true,"href":"https:\/\/techmasterdemexico.com\/en\/wp-json\/wp\/v2\/media\/9478"}],"wp:attachment":[{"href":"https:\/\/techmasterdemexico.com\/en\/wp-json\/wp\/v2\/media?parent=8196"}],"wp:term":[{"taxonomy":"pwb-brand","embeddable":true,"href":"https:\/\/techmasterdemexico.com\/en\/wp-json\/wp\/v2\/pwb-brand?post=8196"},{"taxonomy":"product_brand","embeddable":true,"href":"https:\/\/techmasterdemexico.com\/en\/wp-json\/wp\/v2\/product_brand?post=8196"},{"taxonomy":"product_cat","embeddable":true,"href":"https:\/\/techmasterdemexico.com\/en\/wp-json\/wp\/v2\/product_cat?post=8196"},{"taxonomy":"product_tag","embeddable":true,"href":"https:\/\/techmasterdemexico.com\/en\/wp-json\/wp\/v2\/product_tag?post=8196"}],"curies":[{"name":"wp","href":"https:\/\/api.w.org\/{rel}","templated":true}]}}