{"id":8186,"date":"2021-08-19T18:30:22","date_gmt":"2021-08-19T18:30:22","guid":{"rendered":"http:\/\/techmastermx.ddns.net\/producto\/gabinete-de-armario-electrico-del-lado-izquierdo-de-la-serie-epiq\/"},"modified":"2021-12-28T22:25:12","modified_gmt":"2021-12-28T22:25:12","slug":"gabinete-de-armario-electrico-del-lado-izquierdo-de-la-serie-epiq","status":"publish","type":"product","link":"https:\/\/techmasterdemexico.com\/en\/producto\/gabinete-de-armario-electrico-del-lado-izquierdo-de-la-serie-epiq\/","title":{"rendered":"Gabinete de armario el\u00e9ctrico del lado izquierdo de la serie EPIQ \u2122"},"content":{"rendered":"<p>Gabinete de armario el\u00e9ctrico del lado izquierdo de la serie EPIQ \u2122 (negro brillante)<\/p>\n","protected":false},"excerpt":{"rendered":"<ul>\n<li>El gabinete del casillero lateral requiere conexi\u00f3n a un gabinete rodante o gabinete lateral EPIQ \u2122<\/li>\n<li>No se puede utilizar como una unidad independiente<\/li>\n<li>Capacidad de almacenamiento: m\u00e1s de 3700 in\u00b2, m\u00e1s de 33,000 in\u00b3<\/li>\n<li>Presenta un dise\u00f1o de refuerzo de esquina y costura alzada Snap-on\u00ae<\/li>\n<li>Incluye (5) compartimentos extra\u00edbles con (1) compartimento el\u00e9ctrico extra\u00edble; expandible a (10) contenedores<\/li>\n<li>Coloque el casillero en el casillero y agregue un techo EPIQ \u2122 en la parte superior para obtener a\u00fan m\u00e1s capacidad de almacenamiento<\/li>\n<li>Incluye (2) ruedas ISO-Ride + \u2122 de 7 x 2 &#8220;<\/li>\n<li>El estante tiene capacidad para ocho herramientas el\u00e9ctricas<\/li>\n<li>Regleta de enchufes: conecte c\u00f3modamente todos sus cargadores en un solo lugar<\/li>\n<li>Libere un valioso espacio en los cajones de su cabina rodante<\/li>\n<li>Dos enchufes ubicados dentro del casillero junto al estante del medio, ideal para un microondas o un refrigerador.<\/li>\n<li>Las rejillas de ventilaci\u00f3n ubicadas en la pared trasera proporcionan flujo de aire<\/li>\n<li>Capacidad de carga de 4,000 lb<\/li>\n<\/ul>\n","protected":false},"featured_media":9490,"template":"","meta":{"_acf_changed":false},"pwb-brand":[98],"product_brand":[],"product_cat":[366,54,273,48],"product_tag":[],"class_list":{"0":"post-8186","1":"product","2":"type-product","3":"status-publish","4":"has-post-thumbnail","6":"pwb-brand-snap-on","7":"product_cat-todos-los-productos","8":"product_cat-almacenamiento-de-herramientas","9":"product_cat-gabinetes-tipo-armario","10":"product_cat-snap-on","12":"first","13":"instock","14":"taxable","15":"shipping-taxable","16":"product-type-simple"},"acf":[],"yoast_head":"<!-- This site is optimized with the Yoast SEO plugin v27.4 - https:\/\/yoast.com\/product\/yoast-seo-wordpress\/ -->\n<title>Gabinete de armario el\u00e9ctrico del lado izquierdo de la serie EPIQ \u2122 - Techmaster de Mexico<\/title>\n<meta name=\"robots\" content=\"index, follow, max-snippet:-1, max-image-preview:large, max-video-preview:-1\" \/>\n<link rel=\"canonical\" href=\"https:\/\/techmasterdemexico.com\/producto\/gabinete-de-armario-electrico-del-lado-izquierdo-de-la-serie-epiq\/\" \/>\n<meta property=\"og:locale\" content=\"en_US\" \/>\n<meta property=\"og:type\" content=\"article\" \/>\n<meta property=\"og:title\" content=\"Gabinete de armario el\u00e9ctrico del lado izquierdo de la serie EPIQ \u2122 - Techmaster de Mexico\" \/>\n<meta property=\"og:description\" content=\"[:es]  El gabinete del casillero lateral requiere conexi\u00f3n a un gabinete rodante o gabinete lateral EPIQ \u2122  No se puede utilizar como una unidad independiente  Capacidad de almacenamiento: m\u00e1s de 3700 in\u00b2, m\u00e1s de 33,000 in\u00b3  Presenta un dise\u00f1o de refuerzo de esquina y costura alzada Snap-on\u00ae  Incluye (5) compartimentos extra\u00edbles con (1) compartimento el\u00e9ctrico extra\u00edble; expandible a (10) contenedores  Coloque el casillero en el casillero y agregue un techo EPIQ \u2122 en la parte superior para obtener a\u00fan m\u00e1s capacidad de almacenamiento  Incluye (2) ruedas ISO-Ride + \u2122 de 7 x 2 &quot;  El estante tiene capacidad para ocho herramientas el\u00e9ctricas  Regleta de enchufes: conecte c\u00f3modamente todos sus cargadores en un solo lugar  Libere un valioso espacio en los cajones de su cabina rodante  Dos enchufes ubicados dentro del casillero junto al estante del medio, ideal para un microondas o un refrigerador.  Las rejillas de ventilaci\u00f3n ubicadas en la pared trasera proporcionan flujo de aire  Capacidad de carga de 4,000 lb [:en]      El gabinete del casillero lateral requiere conexi\u00f3n a un gabinete rodante o gabinete lateral EPIQ \u2122    No se puede utilizar como una unidad independiente    Capacidad de almacenamiento: m\u00e1s de 3700 in\u00b2, m\u00e1s de 33,000 in\u00b3    Presenta un dise\u00f1o de refuerzo de esquina y costura alzada Snap-on\u00ae    Incluye (5) compartimentos extra\u00edbles con (1) compartimento el\u00e9ctrico extra\u00edble; expandible a (10) contenedores    Coloque el casillero en el casillero y agregue un techo EPIQ \u2122 en la parte superior para obtener a\u00fan m\u00e1s capacidad de almacenamiento    Incluye (2) ruedas ISO-Ride + \u2122 de 7 x 2 &quot;    El estante tiene capacidad para ocho herramientas el\u00e9ctricas    Regleta de enchufes: conecte c\u00f3modamente todos sus cargadores en un solo lugar    Libere un valioso espacio en los cajones de su cabina rodante    Dos enchufes ubicados dentro del casillero junto al estante del medio, ideal para un microondas o un refrigerador.    Las rejillas de ventilaci\u00f3n ubicadas en la pared trasera proporcionan flujo de aire    Capacidad de carga de 4,000 lb   [:]\" \/>\n<meta property=\"og:url\" content=\"https:\/\/techmasterdemexico.com\/producto\/gabinete-de-armario-electrico-del-lado-izquierdo-de-la-serie-epiq\/\" \/>\n<meta property=\"og:site_name\" content=\"Techmaster de Mexico\" \/>\n<meta property=\"article:modified_time\" content=\"2021-12-28T22:25:12+00:00\" \/>\n<meta property=\"og:image\" content=\"https:\/\/techmasterdemexico.com\/wp-content\/uploads\/2021\/08\/KELP301BLPC.jpg\" \/>\n\t<meta property=\"og:image:width\" content=\"600\" \/>\n\t<meta property=\"og:image:height\" content=\"600\" \/>\n\t<meta property=\"og:image:type\" content=\"image\/jpeg\" \/>\n<meta name=\"twitter:card\" content=\"summary_large_image\" \/>\n<script type=\"application\/ld+json\" class=\"yoast-schema-graph\">{\"@context\":\"https:\\\/\\\/schema.org\",\"@graph\":[{\"@type\":\"WebPage\",\"@id\":\"https:\\\/\\\/techmasterdemexico.com\\\/producto\\\/gabinete-de-armario-electrico-del-lado-izquierdo-de-la-serie-epiq\\\/\",\"url\":\"https:\\\/\\\/techmasterdemexico.com\\\/producto\\\/gabinete-de-armario-electrico-del-lado-izquierdo-de-la-serie-epiq\\\/\",\"name\":\"Gabinete de armario el\u00e9ctrico del lado izquierdo de la serie EPIQ \u2122 - Techmaster de Mexico\",\"isPartOf\":{\"@id\":\"https:\\\/\\\/techmasterdemexico.com\\\/#website\"},\"primaryImageOfPage\":{\"@id\":\"https:\\\/\\\/techmasterdemexico.com\\\/producto\\\/gabinete-de-armario-electrico-del-lado-izquierdo-de-la-serie-epiq\\\/#primaryimage\"},\"image\":{\"@id\":\"https:\\\/\\\/techmasterdemexico.com\\\/producto\\\/gabinete-de-armario-electrico-del-lado-izquierdo-de-la-serie-epiq\\\/#primaryimage\"},\"thumbnailUrl\":\"https:\\\/\\\/techmasterdemexico.com\\\/wp-content\\\/uploads\\\/2021\\\/08\\\/KELP301BLPC.jpg\",\"datePublished\":\"2021-08-19T18:30:22+00:00\",\"dateModified\":\"2021-12-28T22:25:12+00:00\",\"breadcrumb\":{\"@id\":\"https:\\\/\\\/techmasterdemexico.com\\\/producto\\\/gabinete-de-armario-electrico-del-lado-izquierdo-de-la-serie-epiq\\\/#breadcrumb\"},\"inLanguage\":\"en-US\",\"potentialAction\":[{\"@type\":\"ReadAction\",\"target\":[\"https:\\\/\\\/techmasterdemexico.com\\\/producto\\\/gabinete-de-armario-electrico-del-lado-izquierdo-de-la-serie-epiq\\\/\"]}]},{\"@type\":\"ImageObject\",\"inLanguage\":\"en-US\",\"@id\":\"https:\\\/\\\/techmasterdemexico.com\\\/producto\\\/gabinete-de-armario-electrico-del-lado-izquierdo-de-la-serie-epiq\\\/#primaryimage\",\"url\":\"https:\\\/\\\/techmasterdemexico.com\\\/wp-content\\\/uploads\\\/2021\\\/08\\\/KELP301BLPC.jpg\",\"contentUrl\":\"https:\\\/\\\/techmasterdemexico.com\\\/wp-content\\\/uploads\\\/2021\\\/08\\\/KELP301BLPC.jpg\",\"width\":600,\"height\":600},{\"@type\":\"BreadcrumbList\",\"@id\":\"https:\\\/\\\/techmasterdemexico.com\\\/producto\\\/gabinete-de-armario-electrico-del-lado-izquierdo-de-la-serie-epiq\\\/#breadcrumb\",\"itemListElement\":[{\"@type\":\"ListItem\",\"position\":1,\"name\":\"Portada\",\"item\":\"https:\\\/\\\/techmasterdemexico.com\\\/\"},{\"@type\":\"ListItem\",\"position\":2,\"name\":\"Gabinete de armario el\u00e9ctrico del lado izquierdo de la serie EPIQ \u2122\"}]},{\"@type\":\"WebSite\",\"@id\":\"https:\\\/\\\/techmasterdemexico.com\\\/#website\",\"url\":\"https:\\\/\\\/techmasterdemexico.com\\\/\",\"name\":\"Techmaster de Mexico\",\"description\":\"\",\"potentialAction\":[{\"@type\":\"SearchAction\",\"target\":{\"@type\":\"EntryPoint\",\"urlTemplate\":\"https:\\\/\\\/techmasterdemexico.com\\\/?s={search_term_string}\"},\"query-input\":{\"@type\":\"PropertyValueSpecification\",\"valueRequired\":true,\"valueName\":\"search_term_string\"}}],\"inLanguage\":\"en-US\"}]}<\/script>\n<!-- \/ Yoast SEO plugin. -->","yoast_head_json":{"title":"Gabinete de armario el\u00e9ctrico del lado izquierdo de la serie EPIQ \u2122 - Techmaster de Mexico","robots":{"index":"index","follow":"follow","max-snippet":"max-snippet:-1","max-image-preview":"max-image-preview:large","max-video-preview":"max-video-preview:-1"},"canonical":"https:\/\/techmasterdemexico.com\/producto\/gabinete-de-armario-electrico-del-lado-izquierdo-de-la-serie-epiq\/","og_locale":"en_US","og_type":"article","og_title":"Gabinete de armario el\u00e9ctrico del lado izquierdo de la serie EPIQ \u2122 - Techmaster de Mexico","og_description":"[:es]  El gabinete del casillero lateral requiere conexi\u00f3n a un gabinete rodante o gabinete lateral EPIQ \u2122  No se puede utilizar como una unidad independiente  Capacidad de almacenamiento: m\u00e1s de 3700 in\u00b2, m\u00e1s de 33,000 in\u00b3  Presenta un dise\u00f1o de refuerzo de esquina y costura alzada Snap-on\u00ae  Incluye (5) compartimentos extra\u00edbles con (1) compartimento el\u00e9ctrico extra\u00edble; expandible a (10) contenedores  Coloque el casillero en el casillero y agregue un techo EPIQ \u2122 en la parte superior para obtener a\u00fan m\u00e1s capacidad de almacenamiento  Incluye (2) ruedas ISO-Ride + \u2122 de 7 x 2 \"  El estante tiene capacidad para ocho herramientas el\u00e9ctricas  Regleta de enchufes: conecte c\u00f3modamente todos sus cargadores en un solo lugar  Libere un valioso espacio en los cajones de su cabina rodante  Dos enchufes ubicados dentro del casillero junto al estante del medio, ideal para un microondas o un refrigerador.  Las rejillas de ventilaci\u00f3n ubicadas en la pared trasera proporcionan flujo de aire  Capacidad de carga de 4,000 lb [:en]      El gabinete del casillero lateral requiere conexi\u00f3n a un gabinete rodante o gabinete lateral EPIQ \u2122    No se puede utilizar como una unidad independiente    Capacidad de almacenamiento: m\u00e1s de 3700 in\u00b2, m\u00e1s de 33,000 in\u00b3    Presenta un dise\u00f1o de refuerzo de esquina y costura alzada Snap-on\u00ae    Incluye (5) compartimentos extra\u00edbles con (1) compartimento el\u00e9ctrico extra\u00edble; expandible a (10) contenedores    Coloque el casillero en el casillero y agregue un techo EPIQ \u2122 en la parte superior para obtener a\u00fan m\u00e1s capacidad de almacenamiento    Incluye (2) ruedas ISO-Ride + \u2122 de 7 x 2 \"    El estante tiene capacidad para ocho herramientas el\u00e9ctricas    Regleta de enchufes: conecte c\u00f3modamente todos sus cargadores en un solo lugar    Libere un valioso espacio en los cajones de su cabina rodante    Dos enchufes ubicados dentro del casillero junto al estante del medio, ideal para un microondas o un refrigerador.    Las rejillas de ventilaci\u00f3n ubicadas en la pared trasera proporcionan flujo de aire    Capacidad de carga de 4,000 lb   [:]","og_url":"https:\/\/techmasterdemexico.com\/producto\/gabinete-de-armario-electrico-del-lado-izquierdo-de-la-serie-epiq\/","og_site_name":"Techmaster de Mexico","article_modified_time":"2021-12-28T22:25:12+00:00","og_image":[{"width":600,"height":600,"url":"https:\/\/techmasterdemexico.com\/wp-content\/uploads\/2021\/08\/KELP301BLPC.jpg","type":"image\/jpeg"}],"twitter_card":"summary_large_image","schema":{"@context":"https:\/\/schema.org","@graph":[{"@type":"WebPage","@id":"https:\/\/techmasterdemexico.com\/producto\/gabinete-de-armario-electrico-del-lado-izquierdo-de-la-serie-epiq\/","url":"https:\/\/techmasterdemexico.com\/producto\/gabinete-de-armario-electrico-del-lado-izquierdo-de-la-serie-epiq\/","name":"Gabinete de armario el\u00e9ctrico del lado izquierdo de la serie EPIQ \u2122 - Techmaster de Mexico","isPartOf":{"@id":"https:\/\/techmasterdemexico.com\/#website"},"primaryImageOfPage":{"@id":"https:\/\/techmasterdemexico.com\/producto\/gabinete-de-armario-electrico-del-lado-izquierdo-de-la-serie-epiq\/#primaryimage"},"image":{"@id":"https:\/\/techmasterdemexico.com\/producto\/gabinete-de-armario-electrico-del-lado-izquierdo-de-la-serie-epiq\/#primaryimage"},"thumbnailUrl":"https:\/\/techmasterdemexico.com\/wp-content\/uploads\/2021\/08\/KELP301BLPC.jpg","datePublished":"2021-08-19T18:30:22+00:00","dateModified":"2021-12-28T22:25:12+00:00","breadcrumb":{"@id":"https:\/\/techmasterdemexico.com\/producto\/gabinete-de-armario-electrico-del-lado-izquierdo-de-la-serie-epiq\/#breadcrumb"},"inLanguage":"en-US","potentialAction":[{"@type":"ReadAction","target":["https:\/\/techmasterdemexico.com\/producto\/gabinete-de-armario-electrico-del-lado-izquierdo-de-la-serie-epiq\/"]}]},{"@type":"ImageObject","inLanguage":"en-US","@id":"https:\/\/techmasterdemexico.com\/producto\/gabinete-de-armario-electrico-del-lado-izquierdo-de-la-serie-epiq\/#primaryimage","url":"https:\/\/techmasterdemexico.com\/wp-content\/uploads\/2021\/08\/KELP301BLPC.jpg","contentUrl":"https:\/\/techmasterdemexico.com\/wp-content\/uploads\/2021\/08\/KELP301BLPC.jpg","width":600,"height":600},{"@type":"BreadcrumbList","@id":"https:\/\/techmasterdemexico.com\/producto\/gabinete-de-armario-electrico-del-lado-izquierdo-de-la-serie-epiq\/#breadcrumb","itemListElement":[{"@type":"ListItem","position":1,"name":"Portada","item":"https:\/\/techmasterdemexico.com\/"},{"@type":"ListItem","position":2,"name":"Gabinete de armario el\u00e9ctrico del lado izquierdo de la serie EPIQ \u2122"}]},{"@type":"WebSite","@id":"https:\/\/techmasterdemexico.com\/#website","url":"https:\/\/techmasterdemexico.com\/","name":"Techmaster de Mexico","description":"","potentialAction":[{"@type":"SearchAction","target":{"@type":"EntryPoint","urlTemplate":"https:\/\/techmasterdemexico.com\/?s={search_term_string}"},"query-input":{"@type":"PropertyValueSpecification","valueRequired":true,"valueName":"search_term_string"}}],"inLanguage":"en-US"}]}},"brands":[{"id":98,"name":"Snap On","slug":"snap-on"}],"_links":{"self":[{"href":"https:\/\/techmasterdemexico.com\/en\/wp-json\/wp\/v2\/product\/8186","targetHints":{"allow":["GET"]}}],"collection":[{"href":"https:\/\/techmasterdemexico.com\/en\/wp-json\/wp\/v2\/product"}],"about":[{"href":"https:\/\/techmasterdemexico.com\/en\/wp-json\/wp\/v2\/types\/product"}],"wp:featuredmedia":[{"embeddable":true,"href":"https:\/\/techmasterdemexico.com\/en\/wp-json\/wp\/v2\/media\/9490"}],"wp:attachment":[{"href":"https:\/\/techmasterdemexico.com\/en\/wp-json\/wp\/v2\/media?parent=8186"}],"wp:term":[{"taxonomy":"pwb-brand","embeddable":true,"href":"https:\/\/techmasterdemexico.com\/en\/wp-json\/wp\/v2\/pwb-brand?post=8186"},{"taxonomy":"product_brand","embeddable":true,"href":"https:\/\/techmasterdemexico.com\/en\/wp-json\/wp\/v2\/product_brand?post=8186"},{"taxonomy":"product_cat","embeddable":true,"href":"https:\/\/techmasterdemexico.com\/en\/wp-json\/wp\/v2\/product_cat?post=8186"},{"taxonomy":"product_tag","embeddable":true,"href":"https:\/\/techmasterdemexico.com\/en\/wp-json\/wp\/v2\/product_tag?post=8186"}],"curies":[{"name":"wp","href":"https:\/\/api.w.org\/{rel}","templated":true}]}}