{"id":8185,"date":"2021-08-19T18:30:22","date_gmt":"2021-08-19T18:30:22","guid":{"rendered":"http:\/\/techmastermx.ddns.net\/producto\/caja-rodante-de-la-serie-epiq-144-con-cajon-electrico\/"},"modified":"2021-12-28T22:25:12","modified_gmt":"2021-12-28T22:25:12","slug":"caja-rodante-de-la-serie-epiq-144-con-cajon-electrico","status":"publish","type":"product","link":"https:\/\/techmasterdemexico.com\/en\/producto\/caja-rodante-de-la-serie-epiq-144-con-cajon-electrico\/","title":{"rendered":"Caja rodante de la serie EPIQ \u2122 144 &#8221; con caj\u00f3n el\u00e9ctrico"},"content":{"rendered":"<p>Caja rodante de la serie EPIQ \u2122 de cinco bancos y 144 &#8220;y 26 cajones con caj\u00f3n el\u00e9ctrico (rojo)<\/p>\n","protected":false},"excerpt":{"rendered":"<ul>\n<li>Sistema de cajones Super Cab: (3) cajones extra anchos en la parte superior de la cabina rodante que brindan acceso a las herramientas m\u00e1s utilizadas<\/li>\n<li>Resistencia EPIQ \u2122: Dise\u00f1ado con m\u00e1s capacidad de carga y presenta una combinaci\u00f3n de nuestros refuerzos de esquina tradicionales y construcci\u00f3n de costura alzada con soporte superior, inferior y lateral adicional para crear nuestro dise\u00f1o de cabina rodante m\u00e1s fuerte<\/li>\n<li>Acci\u00f3n del caj\u00f3n InPulse \u2122: los cajones con acabado al ras con una resistencia sin concesiones son m\u00e1s f\u00e1ciles de abrir, m\u00e1s f\u00e1ciles de cerrar y no se abren a la deriva<\/li>\n<li>ISO-Ride + \u2122: ruedas magn\u00e9ticas de bloqueo giratorio de 7 x 2 &#8220;con suspensi\u00f3n de compresi\u00f3n para una conducci\u00f3n suave sobre superficies irregulares; palanca de freno doble y cada rueda puede soportar hasta una tonelada<\/li>\n<li>PowerDrawer: caj\u00f3n dedicado para la organizaci\u00f3n de herramientas el\u00e9ctricas y la carga. Powerstrip incluye (5) salidas y (2) USB<\/li>\n<\/ul>\n","protected":false},"featured_media":9489,"template":"","meta":{"_acf_changed":false},"pwb-brand":[98],"product_brand":[],"product_cat":[366,54,270,48],"product_tag":[],"class_list":{"0":"post-8185","1":"product","2":"type-product","3":"status-publish","4":"has-post-thumbnail","6":"pwb-brand-snap-on","7":"product_cat-todos-los-productos","8":"product_cat-almacenamiento-de-herramientas","9":"product_cat-cabinas-rodantes","10":"product_cat-snap-on","12":"first","13":"instock","14":"taxable","15":"shipping-taxable","16":"product-type-simple"},"acf":[],"yoast_head":"<!-- This site is optimized with the Yoast SEO plugin v27.4 - https:\/\/yoast.com\/product\/yoast-seo-wordpress\/ -->\n<title>Caja rodante de la serie EPIQ \u2122 144 &quot; con caj\u00f3n el\u00e9ctrico - Techmaster de Mexico<\/title>\n<meta name=\"robots\" content=\"index, follow, max-snippet:-1, max-image-preview:large, max-video-preview:-1\" \/>\n<link rel=\"canonical\" href=\"https:\/\/techmasterdemexico.com\/producto\/caja-rodante-de-la-serie-epiq-144-con-cajon-electrico\/\" \/>\n<meta property=\"og:locale\" content=\"en_US\" \/>\n<meta property=\"og:type\" content=\"article\" \/>\n<meta property=\"og:title\" content=\"Caja rodante de la serie EPIQ \u2122 144 &quot; con caj\u00f3n el\u00e9ctrico - Techmaster de Mexico\" \/>\n<meta property=\"og:description\" content=\"[:es]  Sistema de cajones Super Cab: (3) cajones extra anchos en la parte superior de la cabina rodante que brindan acceso a las herramientas m\u00e1s utilizadas  Resistencia EPIQ \u2122: Dise\u00f1ado con m\u00e1s capacidad de carga y presenta una combinaci\u00f3n de nuestros refuerzos de esquina tradicionales y construcci\u00f3n de costura alzada con soporte superior, inferior y lateral adicional para crear nuestro dise\u00f1o de cabina rodante m\u00e1s fuerte  Acci\u00f3n del caj\u00f3n InPulse \u2122: los cajones con acabado al ras con una resistencia sin concesiones son m\u00e1s f\u00e1ciles de abrir, m\u00e1s f\u00e1ciles de cerrar y no se abren a la deriva  ISO-Ride + \u2122: ruedas magn\u00e9ticas de bloqueo giratorio de 7 x 2 &quot;con suspensi\u00f3n de compresi\u00f3n para una conducci\u00f3n suave sobre superficies irregulares; palanca de freno doble y cada rueda puede soportar hasta una tonelada  PowerDrawer: caj\u00f3n dedicado para la organizaci\u00f3n de herramientas el\u00e9ctricas y la carga. Powerstrip incluye (5) salidas y (2) USB [:en]    Sistema de cajones Super Cab: (3) cajones extra anchos en la parte superior de la cabina rodante que brindan acceso a las herramientas m\u00e1s utilizadas   Resistencia EPIQ \u2122: Dise\u00f1ado con m\u00e1s capacidad de carga y presenta una combinaci\u00f3n de nuestros refuerzos de esquina tradicionales y construcci\u00f3n de costura alzada con soporte superior, inferior y lateral adicional para crear nuestro dise\u00f1o de cabina rodante m\u00e1s fuerte   Acci\u00f3n del caj\u00f3n InPulse \u2122: los cajones con acabado al ras con una resistencia sin concesiones son m\u00e1s f\u00e1ciles de abrir, m\u00e1s f\u00e1ciles de cerrar y no se abren a la deriva   ISO-Ride + \u2122: ruedas magn\u00e9ticas de bloqueo giratorio de 7 x 2 &quot;con suspensi\u00f3n de compresi\u00f3n para una conducci\u00f3n suave sobre superficies irregulares; palanca de freno doble y cada rueda puede soportar hasta una tonelada   PowerDrawer: caj\u00f3n dedicado para la organizaci\u00f3n de herramientas el\u00e9ctricas y la carga. Powerstrip incluye (5) salidas y (2) USB   [:]\" \/>\n<meta property=\"og:url\" content=\"https:\/\/techmasterdemexico.com\/producto\/caja-rodante-de-la-serie-epiq-144-con-cajon-electrico\/\" \/>\n<meta property=\"og:site_name\" content=\"Techmaster de Mexico\" \/>\n<meta property=\"article:modified_time\" content=\"2021-12-28T22:25:12+00:00\" \/>\n<meta property=\"og:image\" content=\"https:\/\/techmasterdemexico.com\/wp-content\/uploads\/2021\/08\/KEXP725D0PBO.jpg\" \/>\n\t<meta property=\"og:image:width\" content=\"600\" \/>\n\t<meta property=\"og:image:height\" content=\"600\" \/>\n\t<meta property=\"og:image:type\" content=\"image\/jpeg\" \/>\n<meta name=\"twitter:card\" content=\"summary_large_image\" \/>\n<script type=\"application\/ld+json\" class=\"yoast-schema-graph\">{\"@context\":\"https:\\\/\\\/schema.org\",\"@graph\":[{\"@type\":\"WebPage\",\"@id\":\"https:\\\/\\\/techmasterdemexico.com\\\/producto\\\/caja-rodante-de-la-serie-epiq-144-con-cajon-electrico\\\/\",\"url\":\"https:\\\/\\\/techmasterdemexico.com\\\/producto\\\/caja-rodante-de-la-serie-epiq-144-con-cajon-electrico\\\/\",\"name\":\"Caja rodante de la serie EPIQ \u2122 144 \\\" con caj\u00f3n el\u00e9ctrico - Techmaster de Mexico\",\"isPartOf\":{\"@id\":\"https:\\\/\\\/techmasterdemexico.com\\\/#website\"},\"primaryImageOfPage\":{\"@id\":\"https:\\\/\\\/techmasterdemexico.com\\\/producto\\\/caja-rodante-de-la-serie-epiq-144-con-cajon-electrico\\\/#primaryimage\"},\"image\":{\"@id\":\"https:\\\/\\\/techmasterdemexico.com\\\/producto\\\/caja-rodante-de-la-serie-epiq-144-con-cajon-electrico\\\/#primaryimage\"},\"thumbnailUrl\":\"https:\\\/\\\/techmasterdemexico.com\\\/wp-content\\\/uploads\\\/2021\\\/08\\\/KEXP725D0PBO.jpg\",\"datePublished\":\"2021-08-19T18:30:22+00:00\",\"dateModified\":\"2021-12-28T22:25:12+00:00\",\"breadcrumb\":{\"@id\":\"https:\\\/\\\/techmasterdemexico.com\\\/producto\\\/caja-rodante-de-la-serie-epiq-144-con-cajon-electrico\\\/#breadcrumb\"},\"inLanguage\":\"en-US\",\"potentialAction\":[{\"@type\":\"ReadAction\",\"target\":[\"https:\\\/\\\/techmasterdemexico.com\\\/producto\\\/caja-rodante-de-la-serie-epiq-144-con-cajon-electrico\\\/\"]}]},{\"@type\":\"ImageObject\",\"inLanguage\":\"en-US\",\"@id\":\"https:\\\/\\\/techmasterdemexico.com\\\/producto\\\/caja-rodante-de-la-serie-epiq-144-con-cajon-electrico\\\/#primaryimage\",\"url\":\"https:\\\/\\\/techmasterdemexico.com\\\/wp-content\\\/uploads\\\/2021\\\/08\\\/KEXP725D0PBO.jpg\",\"contentUrl\":\"https:\\\/\\\/techmasterdemexico.com\\\/wp-content\\\/uploads\\\/2021\\\/08\\\/KEXP725D0PBO.jpg\",\"width\":600,\"height\":600},{\"@type\":\"BreadcrumbList\",\"@id\":\"https:\\\/\\\/techmasterdemexico.com\\\/producto\\\/caja-rodante-de-la-serie-epiq-144-con-cajon-electrico\\\/#breadcrumb\",\"itemListElement\":[{\"@type\":\"ListItem\",\"position\":1,\"name\":\"Portada\",\"item\":\"https:\\\/\\\/techmasterdemexico.com\\\/\"},{\"@type\":\"ListItem\",\"position\":2,\"name\":\"Caja rodante de la serie EPIQ \u2122 144 \u00bb con caj\u00f3n el\u00e9ctrico\"}]},{\"@type\":\"WebSite\",\"@id\":\"https:\\\/\\\/techmasterdemexico.com\\\/#website\",\"url\":\"https:\\\/\\\/techmasterdemexico.com\\\/\",\"name\":\"Techmaster de Mexico\",\"description\":\"\",\"potentialAction\":[{\"@type\":\"SearchAction\",\"target\":{\"@type\":\"EntryPoint\",\"urlTemplate\":\"https:\\\/\\\/techmasterdemexico.com\\\/?s={search_term_string}\"},\"query-input\":{\"@type\":\"PropertyValueSpecification\",\"valueRequired\":true,\"valueName\":\"search_term_string\"}}],\"inLanguage\":\"en-US\"}]}<\/script>\n<!-- \/ Yoast SEO plugin. -->","yoast_head_json":{"title":"Caja rodante de la serie EPIQ \u2122 144 \" con caj\u00f3n el\u00e9ctrico - Techmaster de Mexico","robots":{"index":"index","follow":"follow","max-snippet":"max-snippet:-1","max-image-preview":"max-image-preview:large","max-video-preview":"max-video-preview:-1"},"canonical":"https:\/\/techmasterdemexico.com\/producto\/caja-rodante-de-la-serie-epiq-144-con-cajon-electrico\/","og_locale":"en_US","og_type":"article","og_title":"Caja rodante de la serie EPIQ \u2122 144 \" con caj\u00f3n el\u00e9ctrico - Techmaster de Mexico","og_description":"[:es]  Sistema de cajones Super Cab: (3) cajones extra anchos en la parte superior de la cabina rodante que brindan acceso a las herramientas m\u00e1s utilizadas  Resistencia EPIQ \u2122: Dise\u00f1ado con m\u00e1s capacidad de carga y presenta una combinaci\u00f3n de nuestros refuerzos de esquina tradicionales y construcci\u00f3n de costura alzada con soporte superior, inferior y lateral adicional para crear nuestro dise\u00f1o de cabina rodante m\u00e1s fuerte  Acci\u00f3n del caj\u00f3n InPulse \u2122: los cajones con acabado al ras con una resistencia sin concesiones son m\u00e1s f\u00e1ciles de abrir, m\u00e1s f\u00e1ciles de cerrar y no se abren a la deriva  ISO-Ride + \u2122: ruedas magn\u00e9ticas de bloqueo giratorio de 7 x 2 \"con suspensi\u00f3n de compresi\u00f3n para una conducci\u00f3n suave sobre superficies irregulares; palanca de freno doble y cada rueda puede soportar hasta una tonelada  PowerDrawer: caj\u00f3n dedicado para la organizaci\u00f3n de herramientas el\u00e9ctricas y la carga. Powerstrip incluye (5) salidas y (2) USB [:en]    Sistema de cajones Super Cab: (3) cajones extra anchos en la parte superior de la cabina rodante que brindan acceso a las herramientas m\u00e1s utilizadas   Resistencia EPIQ \u2122: Dise\u00f1ado con m\u00e1s capacidad de carga y presenta una combinaci\u00f3n de nuestros refuerzos de esquina tradicionales y construcci\u00f3n de costura alzada con soporte superior, inferior y lateral adicional para crear nuestro dise\u00f1o de cabina rodante m\u00e1s fuerte   Acci\u00f3n del caj\u00f3n InPulse \u2122: los cajones con acabado al ras con una resistencia sin concesiones son m\u00e1s f\u00e1ciles de abrir, m\u00e1s f\u00e1ciles de cerrar y no se abren a la deriva   ISO-Ride + \u2122: ruedas magn\u00e9ticas de bloqueo giratorio de 7 x 2 \"con suspensi\u00f3n de compresi\u00f3n para una conducci\u00f3n suave sobre superficies irregulares; palanca de freno doble y cada rueda puede soportar hasta una tonelada   PowerDrawer: caj\u00f3n dedicado para la organizaci\u00f3n de herramientas el\u00e9ctricas y la carga. Powerstrip incluye (5) salidas y (2) USB   [:]","og_url":"https:\/\/techmasterdemexico.com\/producto\/caja-rodante-de-la-serie-epiq-144-con-cajon-electrico\/","og_site_name":"Techmaster de Mexico","article_modified_time":"2021-12-28T22:25:12+00:00","og_image":[{"width":600,"height":600,"url":"https:\/\/techmasterdemexico.com\/wp-content\/uploads\/2021\/08\/KEXP725D0PBO.jpg","type":"image\/jpeg"}],"twitter_card":"summary_large_image","schema":{"@context":"https:\/\/schema.org","@graph":[{"@type":"WebPage","@id":"https:\/\/techmasterdemexico.com\/producto\/caja-rodante-de-la-serie-epiq-144-con-cajon-electrico\/","url":"https:\/\/techmasterdemexico.com\/producto\/caja-rodante-de-la-serie-epiq-144-con-cajon-electrico\/","name":"Caja rodante de la serie EPIQ \u2122 144 \" con caj\u00f3n el\u00e9ctrico - Techmaster de Mexico","isPartOf":{"@id":"https:\/\/techmasterdemexico.com\/#website"},"primaryImageOfPage":{"@id":"https:\/\/techmasterdemexico.com\/producto\/caja-rodante-de-la-serie-epiq-144-con-cajon-electrico\/#primaryimage"},"image":{"@id":"https:\/\/techmasterdemexico.com\/producto\/caja-rodante-de-la-serie-epiq-144-con-cajon-electrico\/#primaryimage"},"thumbnailUrl":"https:\/\/techmasterdemexico.com\/wp-content\/uploads\/2021\/08\/KEXP725D0PBO.jpg","datePublished":"2021-08-19T18:30:22+00:00","dateModified":"2021-12-28T22:25:12+00:00","breadcrumb":{"@id":"https:\/\/techmasterdemexico.com\/producto\/caja-rodante-de-la-serie-epiq-144-con-cajon-electrico\/#breadcrumb"},"inLanguage":"en-US","potentialAction":[{"@type":"ReadAction","target":["https:\/\/techmasterdemexico.com\/producto\/caja-rodante-de-la-serie-epiq-144-con-cajon-electrico\/"]}]},{"@type":"ImageObject","inLanguage":"en-US","@id":"https:\/\/techmasterdemexico.com\/producto\/caja-rodante-de-la-serie-epiq-144-con-cajon-electrico\/#primaryimage","url":"https:\/\/techmasterdemexico.com\/wp-content\/uploads\/2021\/08\/KEXP725D0PBO.jpg","contentUrl":"https:\/\/techmasterdemexico.com\/wp-content\/uploads\/2021\/08\/KEXP725D0PBO.jpg","width":600,"height":600},{"@type":"BreadcrumbList","@id":"https:\/\/techmasterdemexico.com\/producto\/caja-rodante-de-la-serie-epiq-144-con-cajon-electrico\/#breadcrumb","itemListElement":[{"@type":"ListItem","position":1,"name":"Portada","item":"https:\/\/techmasterdemexico.com\/"},{"@type":"ListItem","position":2,"name":"Caja rodante de la serie EPIQ \u2122 144 \u00bb con caj\u00f3n el\u00e9ctrico"}]},{"@type":"WebSite","@id":"https:\/\/techmasterdemexico.com\/#website","url":"https:\/\/techmasterdemexico.com\/","name":"Techmaster de Mexico","description":"","potentialAction":[{"@type":"SearchAction","target":{"@type":"EntryPoint","urlTemplate":"https:\/\/techmasterdemexico.com\/?s={search_term_string}"},"query-input":{"@type":"PropertyValueSpecification","valueRequired":true,"valueName":"search_term_string"}}],"inLanguage":"en-US"}]}},"brands":[{"id":98,"name":"Snap On","slug":"snap-on"}],"_links":{"self":[{"href":"https:\/\/techmasterdemexico.com\/en\/wp-json\/wp\/v2\/product\/8185","targetHints":{"allow":["GET"]}}],"collection":[{"href":"https:\/\/techmasterdemexico.com\/en\/wp-json\/wp\/v2\/product"}],"about":[{"href":"https:\/\/techmasterdemexico.com\/en\/wp-json\/wp\/v2\/types\/product"}],"wp:featuredmedia":[{"embeddable":true,"href":"https:\/\/techmasterdemexico.com\/en\/wp-json\/wp\/v2\/media\/9489"}],"wp:attachment":[{"href":"https:\/\/techmasterdemexico.com\/en\/wp-json\/wp\/v2\/media?parent=8185"}],"wp:term":[{"taxonomy":"pwb-brand","embeddable":true,"href":"https:\/\/techmasterdemexico.com\/en\/wp-json\/wp\/v2\/pwb-brand?post=8185"},{"taxonomy":"product_brand","embeddable":true,"href":"https:\/\/techmasterdemexico.com\/en\/wp-json\/wp\/v2\/product_brand?post=8185"},{"taxonomy":"product_cat","embeddable":true,"href":"https:\/\/techmasterdemexico.com\/en\/wp-json\/wp\/v2\/product_cat?post=8185"},{"taxonomy":"product_tag","embeddable":true,"href":"https:\/\/techmasterdemexico.com\/en\/wp-json\/wp\/v2\/product_tag?post=8185"}],"curies":[{"name":"wp","href":"https:\/\/api.w.org\/{rel}","templated":true}]}}