{"id":8183,"date":"2021-08-19T18:30:21","date_gmt":"2021-08-19T18:30:21","guid":{"rendered":"http:\/\/techmastermx.ddns.net\/producto\/gabinete-superior-de-la-serie-epiq-de-30-con-bloqueo-remoto-ecko\/"},"modified":"2021-12-28T22:24:36","modified_gmt":"2021-12-28T22:24:36","slug":"gabinete-superior-de-la-serie-epiq-de-30-con-bloqueo-remoto-ecko","status":"publish","type":"product","link":"https:\/\/techmasterdemexico.com\/en\/producto\/gabinete-superior-de-la-serie-epiq-de-30-con-bloqueo-remoto-ecko\/","title":{"rendered":"Gabinete superior de la serie EPIQ \u2122 de 30 &#8220;con bloqueo remoto ECKO"},"content":{"rendered":"<p>Gabinete superior de la serie EPIQ \u2122 de 30 &#8220;con bloqueo remoto ECKO (rojo)<\/p>\n","protected":false},"excerpt":{"rendered":"<ul>\n<li>Dise\u00f1o de puerta f\u00e1cil de operar con resortes de gas<\/li>\n<li>Los gastos generales a granel cuentan con costura vertical Snap-on\u00ae y dise\u00f1o de escudete en las esquinas<\/li>\n<li>Los gastos generales a granel son una gran adici\u00f3n a su sistema modular EPIQ \u2122<\/li>\n<li>Gabinete de almacenamiento superior perfecto para quienes necesitan espacio en el gabinete o un estante bien abierto<\/li>\n<li>El nuevo gabinete superior a granel de 30 &#8220;es una gran adici\u00f3n para colocar encima de su casillero EPIQ \u2122<\/li>\n<li>El sistema de bloqueo remoto viene instalado de f\u00e1brica e incluye dos llaveros y dos llaves normales<\/li>\n<li>La \u00faltima caracter\u00edstica hace que las unidades de almacenamiento de herramientas EPIQ \u2122 sean m\u00e1s vers\u00e1tiles<\/li>\n<li>La caja de herramientas emite sonidos de audio cuando se usa el llavero: una unidad de pitido est\u00e1 bloqueada y la unidad de dos pitidos est\u00e1 desbloqueada<\/li>\n<li>El llavero se puede emparejar con varias unidades de almacenamiento de herramientas<\/li>\n<li>La unidad debe estar enchufada y requiere una toma de corriente est\u00e1ndar de 110 V<\/li>\n<li>El llavero es alimentado por una bater\u00eda est\u00e1ndar del llavero (CR2032)<\/li>\n<li>El alcance es de hasta 75 pies sin obst\u00e1culos<\/li>\n<\/ul>\n","protected":false},"featured_media":9492,"template":"","meta":{"_acf_changed":false},"pwb-brand":[98],"product_brand":[],"product_cat":[366,54,272,48],"product_tag":[],"class_list":{"0":"post-8183","1":"product","2":"type-product","3":"status-publish","4":"has-post-thumbnail","6":"pwb-brand-snap-on","7":"product_cat-todos-los-productos","8":"product_cat-almacenamiento-de-herramientas","9":"product_cat-gabinetes-elevados","10":"product_cat-snap-on","12":"first","13":"instock","14":"taxable","15":"shipping-taxable","16":"product-type-simple"},"acf":[],"yoast_head":"<!-- This site is optimized with the Yoast SEO plugin v27.4 - https:\/\/yoast.com\/product\/yoast-seo-wordpress\/ -->\n<title>Gabinete superior de la serie EPIQ \u2122 de 30 &quot;con bloqueo remoto ECKO - Techmaster de Mexico<\/title>\n<meta name=\"robots\" content=\"index, follow, max-snippet:-1, max-image-preview:large, max-video-preview:-1\" \/>\n<link rel=\"canonical\" href=\"https:\/\/techmasterdemexico.com\/producto\/gabinete-superior-de-la-serie-epiq-de-30-con-bloqueo-remoto-ecko\/\" \/>\n<meta property=\"og:locale\" content=\"en_US\" \/>\n<meta property=\"og:type\" content=\"article\" \/>\n<meta property=\"og:title\" content=\"Gabinete superior de la serie EPIQ \u2122 de 30 &quot;con bloqueo remoto ECKO - Techmaster de Mexico\" \/>\n<meta property=\"og:description\" content=\"[:es]  Dise\u00f1o de puerta f\u00e1cil de operar con resortes de gas  Los gastos generales a granel cuentan con costura vertical Snap-on\u00ae y dise\u00f1o de escudete en las esquinas  Los gastos generales a granel son una gran adici\u00f3n a su sistema modular EPIQ \u2122  Gabinete de almacenamiento superior perfecto para quienes necesitan espacio en el gabinete o un estante bien abierto  El nuevo gabinete superior a granel de 30 &quot;es una gran adici\u00f3n para colocar encima de su casillero EPIQ \u2122  El sistema de bloqueo remoto viene instalado de f\u00e1brica e incluye dos llaveros y dos llaves normales  La \u00faltima caracter\u00edstica hace que las unidades de almacenamiento de herramientas EPIQ \u2122 sean m\u00e1s vers\u00e1tiles  La caja de herramientas emite sonidos de audio cuando se usa el llavero: una unidad de pitido est\u00e1 bloqueada y la unidad de dos pitidos est\u00e1 desbloqueada  El llavero se puede emparejar con varias unidades de almacenamiento de herramientas  La unidad debe estar enchufada y requiere una toma de corriente est\u00e1ndar de 110 V  El llavero es alimentado por una bater\u00eda est\u00e1ndar del llavero (CR2032)  El alcance es de hasta 75 pies sin obst\u00e1culos  [:en]    Dise\u00f1o de puerta f\u00e1cil de operar con resortes de gas   Los gastos generales a granel cuentan con costura vertical Snap-on\u00ae y dise\u00f1o de escudete en las esquinas   Los gastos generales a granel son una gran adici\u00f3n a su sistema modular EPIQ \u2122   Gabinete de almacenamiento superior perfecto para quienes necesitan espacio en el gabinete o un estante bien abierto   El nuevo gabinete superior a granel de 30 &quot;es una gran adici\u00f3n para colocar encima de su casillero EPIQ \u2122   El sistema de bloqueo remoto viene instalado de f\u00e1brica e incluye dos llaveros y dos llaves normales   La \u00faltima caracter\u00edstica hace que las unidades de almacenamiento de herramientas EPIQ \u2122 sean m\u00e1s vers\u00e1tiles   La caja de herramientas emite sonidos de audio cuando se usa el llavero: una unidad de pitido est\u00e1 bloqueada y la unidad de dos pitidos est\u00e1 desbloqueada   El llavero se puede emparejar con varias unidades de almacenamiento de herramientas   La unidad debe estar enchufada y requiere una toma de corriente est\u00e1ndar de 110 V   El llavero es alimentado por una bater\u00eda est\u00e1ndar del llavero (CR2032)   El alcance es de hasta 75 pies sin obst\u00e1culos   [:]\" \/>\n<meta property=\"og:url\" content=\"https:\/\/techmasterdemexico.com\/producto\/gabinete-superior-de-la-serie-epiq-de-30-con-bloqueo-remoto-ecko\/\" \/>\n<meta property=\"og:site_name\" content=\"Techmaster de Mexico\" \/>\n<meta property=\"article:modified_time\" content=\"2021-12-28T22:24:36+00:00\" \/>\n<meta property=\"og:image\" content=\"https:\/\/techmasterdemexico.com\/wp-content\/uploads\/2021\/08\/krn.jpg\" \/>\n\t<meta property=\"og:image:width\" content=\"1200\" \/>\n\t<meta property=\"og:image:height\" content=\"1200\" \/>\n\t<meta property=\"og:image:type\" content=\"image\/jpeg\" \/>\n<meta name=\"twitter:card\" content=\"summary_large_image\" \/>\n<script type=\"application\/ld+json\" class=\"yoast-schema-graph\">{\"@context\":\"https:\\\/\\\/schema.org\",\"@graph\":[{\"@type\":\"WebPage\",\"@id\":\"https:\\\/\\\/techmasterdemexico.com\\\/producto\\\/gabinete-superior-de-la-serie-epiq-de-30-con-bloqueo-remoto-ecko\\\/\",\"url\":\"https:\\\/\\\/techmasterdemexico.com\\\/producto\\\/gabinete-superior-de-la-serie-epiq-de-30-con-bloqueo-remoto-ecko\\\/\",\"name\":\"Gabinete superior de la serie EPIQ \u2122 de 30 \\\"con bloqueo remoto ECKO - Techmaster de Mexico\",\"isPartOf\":{\"@id\":\"https:\\\/\\\/techmasterdemexico.com\\\/#website\"},\"primaryImageOfPage\":{\"@id\":\"https:\\\/\\\/techmasterdemexico.com\\\/producto\\\/gabinete-superior-de-la-serie-epiq-de-30-con-bloqueo-remoto-ecko\\\/#primaryimage\"},\"image\":{\"@id\":\"https:\\\/\\\/techmasterdemexico.com\\\/producto\\\/gabinete-superior-de-la-serie-epiq-de-30-con-bloqueo-remoto-ecko\\\/#primaryimage\"},\"thumbnailUrl\":\"https:\\\/\\\/techmasterdemexico.com\\\/wp-content\\\/uploads\\\/2021\\\/08\\\/krn.jpg\",\"datePublished\":\"2021-08-19T18:30:21+00:00\",\"dateModified\":\"2021-12-28T22:24:36+00:00\",\"breadcrumb\":{\"@id\":\"https:\\\/\\\/techmasterdemexico.com\\\/producto\\\/gabinete-superior-de-la-serie-epiq-de-30-con-bloqueo-remoto-ecko\\\/#breadcrumb\"},\"inLanguage\":\"en-US\",\"potentialAction\":[{\"@type\":\"ReadAction\",\"target\":[\"https:\\\/\\\/techmasterdemexico.com\\\/producto\\\/gabinete-superior-de-la-serie-epiq-de-30-con-bloqueo-remoto-ecko\\\/\"]}]},{\"@type\":\"ImageObject\",\"inLanguage\":\"en-US\",\"@id\":\"https:\\\/\\\/techmasterdemexico.com\\\/producto\\\/gabinete-superior-de-la-serie-epiq-de-30-con-bloqueo-remoto-ecko\\\/#primaryimage\",\"url\":\"https:\\\/\\\/techmasterdemexico.com\\\/wp-content\\\/uploads\\\/2021\\\/08\\\/krn.jpg\",\"contentUrl\":\"https:\\\/\\\/techmasterdemexico.com\\\/wp-content\\\/uploads\\\/2021\\\/08\\\/krn.jpg\",\"width\":1200,\"height\":1200},{\"@type\":\"BreadcrumbList\",\"@id\":\"https:\\\/\\\/techmasterdemexico.com\\\/producto\\\/gabinete-superior-de-la-serie-epiq-de-30-con-bloqueo-remoto-ecko\\\/#breadcrumb\",\"itemListElement\":[{\"@type\":\"ListItem\",\"position\":1,\"name\":\"Portada\",\"item\":\"https:\\\/\\\/techmasterdemexico.com\\\/\"},{\"@type\":\"ListItem\",\"position\":2,\"name\":\"Gabinete superior de la serie EPIQ \u2122 de 30 \u00abcon bloqueo remoto ECKO\"}]},{\"@type\":\"WebSite\",\"@id\":\"https:\\\/\\\/techmasterdemexico.com\\\/#website\",\"url\":\"https:\\\/\\\/techmasterdemexico.com\\\/\",\"name\":\"Techmaster de Mexico\",\"description\":\"\",\"potentialAction\":[{\"@type\":\"SearchAction\",\"target\":{\"@type\":\"EntryPoint\",\"urlTemplate\":\"https:\\\/\\\/techmasterdemexico.com\\\/?s={search_term_string}\"},\"query-input\":{\"@type\":\"PropertyValueSpecification\",\"valueRequired\":true,\"valueName\":\"search_term_string\"}}],\"inLanguage\":\"en-US\"}]}<\/script>\n<!-- \/ Yoast SEO plugin. -->","yoast_head_json":{"title":"Gabinete superior de la serie EPIQ \u2122 de 30 \"con bloqueo remoto ECKO - Techmaster de Mexico","robots":{"index":"index","follow":"follow","max-snippet":"max-snippet:-1","max-image-preview":"max-image-preview:large","max-video-preview":"max-video-preview:-1"},"canonical":"https:\/\/techmasterdemexico.com\/producto\/gabinete-superior-de-la-serie-epiq-de-30-con-bloqueo-remoto-ecko\/","og_locale":"en_US","og_type":"article","og_title":"Gabinete superior de la serie EPIQ \u2122 de 30 \"con bloqueo remoto ECKO - Techmaster de Mexico","og_description":"[:es]  Dise\u00f1o de puerta f\u00e1cil de operar con resortes de gas  Los gastos generales a granel cuentan con costura vertical Snap-on\u00ae y dise\u00f1o de escudete en las esquinas  Los gastos generales a granel son una gran adici\u00f3n a su sistema modular EPIQ \u2122  Gabinete de almacenamiento superior perfecto para quienes necesitan espacio en el gabinete o un estante bien abierto  El nuevo gabinete superior a granel de 30 \"es una gran adici\u00f3n para colocar encima de su casillero EPIQ \u2122  El sistema de bloqueo remoto viene instalado de f\u00e1brica e incluye dos llaveros y dos llaves normales  La \u00faltima caracter\u00edstica hace que las unidades de almacenamiento de herramientas EPIQ \u2122 sean m\u00e1s vers\u00e1tiles  La caja de herramientas emite sonidos de audio cuando se usa el llavero: una unidad de pitido est\u00e1 bloqueada y la unidad de dos pitidos est\u00e1 desbloqueada  El llavero se puede emparejar con varias unidades de almacenamiento de herramientas  La unidad debe estar enchufada y requiere una toma de corriente est\u00e1ndar de 110 V  El llavero es alimentado por una bater\u00eda est\u00e1ndar del llavero (CR2032)  El alcance es de hasta 75 pies sin obst\u00e1culos  [:en]    Dise\u00f1o de puerta f\u00e1cil de operar con resortes de gas   Los gastos generales a granel cuentan con costura vertical Snap-on\u00ae y dise\u00f1o de escudete en las esquinas   Los gastos generales a granel son una gran adici\u00f3n a su sistema modular EPIQ \u2122   Gabinete de almacenamiento superior perfecto para quienes necesitan espacio en el gabinete o un estante bien abierto   El nuevo gabinete superior a granel de 30 \"es una gran adici\u00f3n para colocar encima de su casillero EPIQ \u2122   El sistema de bloqueo remoto viene instalado de f\u00e1brica e incluye dos llaveros y dos llaves normales   La \u00faltima caracter\u00edstica hace que las unidades de almacenamiento de herramientas EPIQ \u2122 sean m\u00e1s vers\u00e1tiles   La caja de herramientas emite sonidos de audio cuando se usa el llavero: una unidad de pitido est\u00e1 bloqueada y la unidad de dos pitidos est\u00e1 desbloqueada   El llavero se puede emparejar con varias unidades de almacenamiento de herramientas   La unidad debe estar enchufada y requiere una toma de corriente est\u00e1ndar de 110 V   El llavero es alimentado por una bater\u00eda est\u00e1ndar del llavero (CR2032)   El alcance es de hasta 75 pies sin obst\u00e1culos   [:]","og_url":"https:\/\/techmasterdemexico.com\/producto\/gabinete-superior-de-la-serie-epiq-de-30-con-bloqueo-remoto-ecko\/","og_site_name":"Techmaster de Mexico","article_modified_time":"2021-12-28T22:24:36+00:00","og_image":[{"width":1200,"height":1200,"url":"https:\/\/techmasterdemexico.com\/wp-content\/uploads\/2021\/08\/krn.jpg","type":"image\/jpeg"}],"twitter_card":"summary_large_image","schema":{"@context":"https:\/\/schema.org","@graph":[{"@type":"WebPage","@id":"https:\/\/techmasterdemexico.com\/producto\/gabinete-superior-de-la-serie-epiq-de-30-con-bloqueo-remoto-ecko\/","url":"https:\/\/techmasterdemexico.com\/producto\/gabinete-superior-de-la-serie-epiq-de-30-con-bloqueo-remoto-ecko\/","name":"Gabinete superior de la serie EPIQ \u2122 de 30 \"con bloqueo remoto ECKO - Techmaster de Mexico","isPartOf":{"@id":"https:\/\/techmasterdemexico.com\/#website"},"primaryImageOfPage":{"@id":"https:\/\/techmasterdemexico.com\/producto\/gabinete-superior-de-la-serie-epiq-de-30-con-bloqueo-remoto-ecko\/#primaryimage"},"image":{"@id":"https:\/\/techmasterdemexico.com\/producto\/gabinete-superior-de-la-serie-epiq-de-30-con-bloqueo-remoto-ecko\/#primaryimage"},"thumbnailUrl":"https:\/\/techmasterdemexico.com\/wp-content\/uploads\/2021\/08\/krn.jpg","datePublished":"2021-08-19T18:30:21+00:00","dateModified":"2021-12-28T22:24:36+00:00","breadcrumb":{"@id":"https:\/\/techmasterdemexico.com\/producto\/gabinete-superior-de-la-serie-epiq-de-30-con-bloqueo-remoto-ecko\/#breadcrumb"},"inLanguage":"en-US","potentialAction":[{"@type":"ReadAction","target":["https:\/\/techmasterdemexico.com\/producto\/gabinete-superior-de-la-serie-epiq-de-30-con-bloqueo-remoto-ecko\/"]}]},{"@type":"ImageObject","inLanguage":"en-US","@id":"https:\/\/techmasterdemexico.com\/producto\/gabinete-superior-de-la-serie-epiq-de-30-con-bloqueo-remoto-ecko\/#primaryimage","url":"https:\/\/techmasterdemexico.com\/wp-content\/uploads\/2021\/08\/krn.jpg","contentUrl":"https:\/\/techmasterdemexico.com\/wp-content\/uploads\/2021\/08\/krn.jpg","width":1200,"height":1200},{"@type":"BreadcrumbList","@id":"https:\/\/techmasterdemexico.com\/producto\/gabinete-superior-de-la-serie-epiq-de-30-con-bloqueo-remoto-ecko\/#breadcrumb","itemListElement":[{"@type":"ListItem","position":1,"name":"Portada","item":"https:\/\/techmasterdemexico.com\/"},{"@type":"ListItem","position":2,"name":"Gabinete superior de la serie EPIQ \u2122 de 30 \u00abcon bloqueo remoto ECKO"}]},{"@type":"WebSite","@id":"https:\/\/techmasterdemexico.com\/#website","url":"https:\/\/techmasterdemexico.com\/","name":"Techmaster de Mexico","description":"","potentialAction":[{"@type":"SearchAction","target":{"@type":"EntryPoint","urlTemplate":"https:\/\/techmasterdemexico.com\/?s={search_term_string}"},"query-input":{"@type":"PropertyValueSpecification","valueRequired":true,"valueName":"search_term_string"}}],"inLanguage":"en-US"}]}},"brands":[{"id":98,"name":"Snap On","slug":"snap-on"}],"_links":{"self":[{"href":"https:\/\/techmasterdemexico.com\/en\/wp-json\/wp\/v2\/product\/8183","targetHints":{"allow":["GET"]}}],"collection":[{"href":"https:\/\/techmasterdemexico.com\/en\/wp-json\/wp\/v2\/product"}],"about":[{"href":"https:\/\/techmasterdemexico.com\/en\/wp-json\/wp\/v2\/types\/product"}],"wp:featuredmedia":[{"embeddable":true,"href":"https:\/\/techmasterdemexico.com\/en\/wp-json\/wp\/v2\/media\/9492"}],"wp:attachment":[{"href":"https:\/\/techmasterdemexico.com\/en\/wp-json\/wp\/v2\/media?parent=8183"}],"wp:term":[{"taxonomy":"pwb-brand","embeddable":true,"href":"https:\/\/techmasterdemexico.com\/en\/wp-json\/wp\/v2\/pwb-brand?post=8183"},{"taxonomy":"product_brand","embeddable":true,"href":"https:\/\/techmasterdemexico.com\/en\/wp-json\/wp\/v2\/product_brand?post=8183"},{"taxonomy":"product_cat","embeddable":true,"href":"https:\/\/techmasterdemexico.com\/en\/wp-json\/wp\/v2\/product_cat?post=8183"},{"taxonomy":"product_tag","embeddable":true,"href":"https:\/\/techmasterdemexico.com\/en\/wp-json\/wp\/v2\/product_tag?post=8183"}],"curies":[{"name":"wp","href":"https:\/\/api.w.org\/{rel}","templated":true}]}}