{"id":8182,"date":"2021-08-19T18:30:21","date_gmt":"2021-08-19T18:30:21","guid":{"rendered":"http:\/\/techmastermx.ddns.net\/producto\/comoda-superior-de-la-serie-epiq-de-doble-banco-y-10-cajones-de-60\/"},"modified":"2021-12-28T22:24:35","modified_gmt":"2021-12-28T22:24:35","slug":"comoda-superior-de-la-serie-epiq-de-doble-banco-y-10-cajones-de-60","status":"publish","type":"product","link":"https:\/\/techmasterdemexico.com\/en\/producto\/comoda-superior-de-la-serie-epiq-de-doble-banco-y-10-cajones-de-60\/","title":{"rendered":"C\u00f3moda superior de la serie EPIQ \u2122 de doble banco y 10 cajones de 60 &#8220;"},"content":{"rendered":"<p>C\u00f3moda superior de la serie EPIQ \u2122 de doble banco y 10 cajones de 60 &#8220;(negro brillante)<\/p>\n","protected":false},"excerpt":{"rendered":"<ul>\n<li>\u00a0Acci\u00f3n del caj\u00f3n InPulse \u2122: los cajones con acabado al ras con una resistencia sin concesiones son m\u00e1s f\u00e1ciles de abrir, m\u00e1s f\u00e1ciles de cerrar y no se abren a la deriva<\/li>\n<li>El nuevo estilo incluye frentes y molduras al ras para reducir los puntos de enganche y proporciona un aspecto nuevo y fresco<\/li>\n<\/ul>\n","protected":false},"featured_media":9491,"template":"","meta":{"_acf_changed":false},"pwb-brand":[98],"product_brand":[],"product_cat":[366,54,271,48],"product_tag":[],"class_list":{"0":"post-8182","1":"product","2":"type-product","3":"status-publish","4":"has-post-thumbnail","6":"pwb-brand-snap-on","7":"product_cat-todos-los-productos","8":"product_cat-almacenamiento-de-herramientas","9":"product_cat-cofres-superiores","10":"product_cat-snap-on","12":"first","13":"instock","14":"taxable","15":"shipping-taxable","16":"product-type-simple"},"acf":[],"yoast_head":"<!-- This site is optimized with the Yoast SEO plugin v27.4 - https:\/\/yoast.com\/product\/yoast-seo-wordpress\/ -->\n<title>C\u00f3moda superior de la serie EPIQ \u2122 de doble banco y 10 cajones de 60 &quot; - Techmaster de Mexico<\/title>\n<meta name=\"robots\" content=\"index, follow, max-snippet:-1, max-image-preview:large, max-video-preview:-1\" \/>\n<link rel=\"canonical\" href=\"https:\/\/techmasterdemexico.com\/producto\/comoda-superior-de-la-serie-epiq-de-doble-banco-y-10-cajones-de-60\/\" \/>\n<meta property=\"og:locale\" content=\"en_US\" \/>\n<meta property=\"og:type\" content=\"article\" \/>\n<meta property=\"og:title\" content=\"C\u00f3moda superior de la serie EPIQ \u2122 de doble banco y 10 cajones de 60 &quot; - Techmaster de Mexico\" \/>\n<meta property=\"og:description\" content=\"[:es]    \u00a0Acci\u00f3n del caj\u00f3n InPulse \u2122: los cajones con acabado al ras con una resistencia sin concesiones son m\u00e1s f\u00e1ciles de abrir, m\u00e1s f\u00e1ciles de cerrar y no se abren a la deriva   El nuevo estilo incluye frentes y molduras al ras para reducir los puntos de enganche y proporciona un aspecto nuevo y fresco   [:en]  \u00a0Acci\u00f3n del caj\u00f3n InPulse \u2122: los cajones con acabado al ras con una resistencia sin concesiones son m\u00e1s f\u00e1ciles de abrir, m\u00e1s f\u00e1ciles de cerrar y no se abren a la deriva  El nuevo estilo incluye frentes y molduras al ras para reducir los puntos de enganche y proporciona un aspecto nuevo y fresco  [:]\" \/>\n<meta property=\"og:url\" content=\"https:\/\/techmasterdemexico.com\/producto\/comoda-superior-de-la-serie-epiq-de-doble-banco-y-10-cajones-de-60\/\" \/>\n<meta property=\"og:site_name\" content=\"Techmaster de Mexico\" \/>\n<meta property=\"article:modified_time\" content=\"2021-12-28T22:24:35+00:00\" \/>\n<meta property=\"og:image\" content=\"https:\/\/techmasterdemexico.com\/wp-content\/uploads\/2021\/08\/KECN602A0PC.png\" \/>\n\t<meta property=\"og:image:width\" content=\"500\" \/>\n\t<meta property=\"og:image:height\" content=\"500\" \/>\n\t<meta property=\"og:image:type\" content=\"image\/png\" \/>\n<meta name=\"twitter:card\" content=\"summary_large_image\" \/>\n<script type=\"application\/ld+json\" class=\"yoast-schema-graph\">{\"@context\":\"https:\\\/\\\/schema.org\",\"@graph\":[{\"@type\":\"WebPage\",\"@id\":\"https:\\\/\\\/techmasterdemexico.com\\\/producto\\\/comoda-superior-de-la-serie-epiq-de-doble-banco-y-10-cajones-de-60\\\/\",\"url\":\"https:\\\/\\\/techmasterdemexico.com\\\/producto\\\/comoda-superior-de-la-serie-epiq-de-doble-banco-y-10-cajones-de-60\\\/\",\"name\":\"C\u00f3moda superior de la serie EPIQ \u2122 de doble banco y 10 cajones de 60 \\\" - Techmaster de Mexico\",\"isPartOf\":{\"@id\":\"https:\\\/\\\/techmasterdemexico.com\\\/#website\"},\"primaryImageOfPage\":{\"@id\":\"https:\\\/\\\/techmasterdemexico.com\\\/producto\\\/comoda-superior-de-la-serie-epiq-de-doble-banco-y-10-cajones-de-60\\\/#primaryimage\"},\"image\":{\"@id\":\"https:\\\/\\\/techmasterdemexico.com\\\/producto\\\/comoda-superior-de-la-serie-epiq-de-doble-banco-y-10-cajones-de-60\\\/#primaryimage\"},\"thumbnailUrl\":\"https:\\\/\\\/techmasterdemexico.com\\\/wp-content\\\/uploads\\\/2021\\\/08\\\/KECN602A0PC.png\",\"datePublished\":\"2021-08-19T18:30:21+00:00\",\"dateModified\":\"2021-12-28T22:24:35+00:00\",\"breadcrumb\":{\"@id\":\"https:\\\/\\\/techmasterdemexico.com\\\/producto\\\/comoda-superior-de-la-serie-epiq-de-doble-banco-y-10-cajones-de-60\\\/#breadcrumb\"},\"inLanguage\":\"en-US\",\"potentialAction\":[{\"@type\":\"ReadAction\",\"target\":[\"https:\\\/\\\/techmasterdemexico.com\\\/producto\\\/comoda-superior-de-la-serie-epiq-de-doble-banco-y-10-cajones-de-60\\\/\"]}]},{\"@type\":\"ImageObject\",\"inLanguage\":\"en-US\",\"@id\":\"https:\\\/\\\/techmasterdemexico.com\\\/producto\\\/comoda-superior-de-la-serie-epiq-de-doble-banco-y-10-cajones-de-60\\\/#primaryimage\",\"url\":\"https:\\\/\\\/techmasterdemexico.com\\\/wp-content\\\/uploads\\\/2021\\\/08\\\/KECN602A0PC.png\",\"contentUrl\":\"https:\\\/\\\/techmasterdemexico.com\\\/wp-content\\\/uploads\\\/2021\\\/08\\\/KECN602A0PC.png\",\"width\":500,\"height\":500},{\"@type\":\"BreadcrumbList\",\"@id\":\"https:\\\/\\\/techmasterdemexico.com\\\/producto\\\/comoda-superior-de-la-serie-epiq-de-doble-banco-y-10-cajones-de-60\\\/#breadcrumb\",\"itemListElement\":[{\"@type\":\"ListItem\",\"position\":1,\"name\":\"Portada\",\"item\":\"https:\\\/\\\/techmasterdemexico.com\\\/\"},{\"@type\":\"ListItem\",\"position\":2,\"name\":\"C\u00f3moda superior de la serie EPIQ \u2122 de doble banco y 10 cajones de 60 \u00ab\"}]},{\"@type\":\"WebSite\",\"@id\":\"https:\\\/\\\/techmasterdemexico.com\\\/#website\",\"url\":\"https:\\\/\\\/techmasterdemexico.com\\\/\",\"name\":\"Techmaster de Mexico\",\"description\":\"\",\"potentialAction\":[{\"@type\":\"SearchAction\",\"target\":{\"@type\":\"EntryPoint\",\"urlTemplate\":\"https:\\\/\\\/techmasterdemexico.com\\\/?s={search_term_string}\"},\"query-input\":{\"@type\":\"PropertyValueSpecification\",\"valueRequired\":true,\"valueName\":\"search_term_string\"}}],\"inLanguage\":\"en-US\"}]}<\/script>\n<!-- \/ Yoast SEO plugin. -->","yoast_head_json":{"title":"C\u00f3moda superior de la serie EPIQ \u2122 de doble banco y 10 cajones de 60 \" - Techmaster de Mexico","robots":{"index":"index","follow":"follow","max-snippet":"max-snippet:-1","max-image-preview":"max-image-preview:large","max-video-preview":"max-video-preview:-1"},"canonical":"https:\/\/techmasterdemexico.com\/producto\/comoda-superior-de-la-serie-epiq-de-doble-banco-y-10-cajones-de-60\/","og_locale":"en_US","og_type":"article","og_title":"C\u00f3moda superior de la serie EPIQ \u2122 de doble banco y 10 cajones de 60 \" - Techmaster de Mexico","og_description":"[:es]    \u00a0Acci\u00f3n del caj\u00f3n InPulse \u2122: los cajones con acabado al ras con una resistencia sin concesiones son m\u00e1s f\u00e1ciles de abrir, m\u00e1s f\u00e1ciles de cerrar y no se abren a la deriva   El nuevo estilo incluye frentes y molduras al ras para reducir los puntos de enganche y proporciona un aspecto nuevo y fresco   [:en]  \u00a0Acci\u00f3n del caj\u00f3n InPulse \u2122: los cajones con acabado al ras con una resistencia sin concesiones son m\u00e1s f\u00e1ciles de abrir, m\u00e1s f\u00e1ciles de cerrar y no se abren a la deriva  El nuevo estilo incluye frentes y molduras al ras para reducir los puntos de enganche y proporciona un aspecto nuevo y fresco  [:]","og_url":"https:\/\/techmasterdemexico.com\/producto\/comoda-superior-de-la-serie-epiq-de-doble-banco-y-10-cajones-de-60\/","og_site_name":"Techmaster de Mexico","article_modified_time":"2021-12-28T22:24:35+00:00","og_image":[{"width":500,"height":500,"url":"https:\/\/techmasterdemexico.com\/wp-content\/uploads\/2021\/08\/KECN602A0PC.png","type":"image\/png"}],"twitter_card":"summary_large_image","schema":{"@context":"https:\/\/schema.org","@graph":[{"@type":"WebPage","@id":"https:\/\/techmasterdemexico.com\/producto\/comoda-superior-de-la-serie-epiq-de-doble-banco-y-10-cajones-de-60\/","url":"https:\/\/techmasterdemexico.com\/producto\/comoda-superior-de-la-serie-epiq-de-doble-banco-y-10-cajones-de-60\/","name":"C\u00f3moda superior de la serie EPIQ \u2122 de doble banco y 10 cajones de 60 \" - Techmaster de Mexico","isPartOf":{"@id":"https:\/\/techmasterdemexico.com\/#website"},"primaryImageOfPage":{"@id":"https:\/\/techmasterdemexico.com\/producto\/comoda-superior-de-la-serie-epiq-de-doble-banco-y-10-cajones-de-60\/#primaryimage"},"image":{"@id":"https:\/\/techmasterdemexico.com\/producto\/comoda-superior-de-la-serie-epiq-de-doble-banco-y-10-cajones-de-60\/#primaryimage"},"thumbnailUrl":"https:\/\/techmasterdemexico.com\/wp-content\/uploads\/2021\/08\/KECN602A0PC.png","datePublished":"2021-08-19T18:30:21+00:00","dateModified":"2021-12-28T22:24:35+00:00","breadcrumb":{"@id":"https:\/\/techmasterdemexico.com\/producto\/comoda-superior-de-la-serie-epiq-de-doble-banco-y-10-cajones-de-60\/#breadcrumb"},"inLanguage":"en-US","potentialAction":[{"@type":"ReadAction","target":["https:\/\/techmasterdemexico.com\/producto\/comoda-superior-de-la-serie-epiq-de-doble-banco-y-10-cajones-de-60\/"]}]},{"@type":"ImageObject","inLanguage":"en-US","@id":"https:\/\/techmasterdemexico.com\/producto\/comoda-superior-de-la-serie-epiq-de-doble-banco-y-10-cajones-de-60\/#primaryimage","url":"https:\/\/techmasterdemexico.com\/wp-content\/uploads\/2021\/08\/KECN602A0PC.png","contentUrl":"https:\/\/techmasterdemexico.com\/wp-content\/uploads\/2021\/08\/KECN602A0PC.png","width":500,"height":500},{"@type":"BreadcrumbList","@id":"https:\/\/techmasterdemexico.com\/producto\/comoda-superior-de-la-serie-epiq-de-doble-banco-y-10-cajones-de-60\/#breadcrumb","itemListElement":[{"@type":"ListItem","position":1,"name":"Portada","item":"https:\/\/techmasterdemexico.com\/"},{"@type":"ListItem","position":2,"name":"C\u00f3moda superior de la serie EPIQ \u2122 de doble banco y 10 cajones de 60 \u00ab"}]},{"@type":"WebSite","@id":"https:\/\/techmasterdemexico.com\/#website","url":"https:\/\/techmasterdemexico.com\/","name":"Techmaster de Mexico","description":"","potentialAction":[{"@type":"SearchAction","target":{"@type":"EntryPoint","urlTemplate":"https:\/\/techmasterdemexico.com\/?s={search_term_string}"},"query-input":{"@type":"PropertyValueSpecification","valueRequired":true,"valueName":"search_term_string"}}],"inLanguage":"en-US"}]}},"brands":[{"id":98,"name":"Snap On","slug":"snap-on"}],"_links":{"self":[{"href":"https:\/\/techmasterdemexico.com\/en\/wp-json\/wp\/v2\/product\/8182","targetHints":{"allow":["GET"]}}],"collection":[{"href":"https:\/\/techmasterdemexico.com\/en\/wp-json\/wp\/v2\/product"}],"about":[{"href":"https:\/\/techmasterdemexico.com\/en\/wp-json\/wp\/v2\/types\/product"}],"wp:featuredmedia":[{"embeddable":true,"href":"https:\/\/techmasterdemexico.com\/en\/wp-json\/wp\/v2\/media\/9491"}],"wp:attachment":[{"href":"https:\/\/techmasterdemexico.com\/en\/wp-json\/wp\/v2\/media?parent=8182"}],"wp:term":[{"taxonomy":"pwb-brand","embeddable":true,"href":"https:\/\/techmasterdemexico.com\/en\/wp-json\/wp\/v2\/pwb-brand?post=8182"},{"taxonomy":"product_brand","embeddable":true,"href":"https:\/\/techmasterdemexico.com\/en\/wp-json\/wp\/v2\/product_brand?post=8182"},{"taxonomy":"product_cat","embeddable":true,"href":"https:\/\/techmasterdemexico.com\/en\/wp-json\/wp\/v2\/product_cat?post=8182"},{"taxonomy":"product_tag","embeddable":true,"href":"https:\/\/techmasterdemexico.com\/en\/wp-json\/wp\/v2\/product_tag?post=8182"}],"curies":[{"name":"wp","href":"https:\/\/api.w.org\/{rel}","templated":true}]}}