{"id":8178,"date":"2021-08-19T18:30:16","date_gmt":"2021-08-19T18:30:16","guid":{"rendered":"http:\/\/techmastermx.ddns.net\/producto\/medidor-laser-de-distancia-fluke-417d\/"},"modified":"2021-12-28T22:24:38","modified_gmt":"2021-12-28T22:24:38","slug":"medidor-laser-de-distancia-fluke-417d","status":"publish","type":"product","link":"https:\/\/techmasterdemexico.com\/en\/producto\/medidor-laser-de-distancia-fluke-417d\/","title":{"rendered":"Medidor l\u00e1ser de distancia Fluke 417D"},"content":{"rendered":"<p>Medidor l\u00e1ser de distancia Fluke 417D<\/p>\n<p>El Fluke 417D es preciso, duradero y f\u00e1cil de manejar: basta con apuntar y hacer clic. Su dise\u00f1o simple y su f\u00e1cil manejo con un solo bot\u00f3n permiten ahorrar tiempo al tomar medidas y maximizar la fiabilidad de las medidas que necesita. El medidor l\u00e1ser de distancia Fluke 417D est\u00e1 dise\u00f1ado para aplicaciones interiores y exteriores. El 417D ofrece la durabilidad y calidad que cabe esperar de un producto Fluke; y, gracias a los sencillos botones de funci\u00f3n, puede realizar diferentes tareas de manera r\u00e1pida y sencilla. El l\u00e1ser de alto brillo es claramente visible, de manera que siempre puede visualizar el punto objetivo, incluso si el objetivo se encuentra en un lugar de dif\u00edcil acceso o a gran distancia. El 417D tiene una gran pantalla LCD iluminada de 2 l\u00edneas y tres botones para tomar medidas f\u00e1cilmente con una sola mano.<\/p>\n<p>El 417D ofrece adem\u00e1s:<\/p>\n<ul>\n<li>Distancia de medida de 40 m (131 pies)<\/li>\n<li>Controles t\u00e1ctiles<\/li>\n<li>Pantalla iluminada de 2 l\u00edneas<\/li>\n<li>Extremadamente port\u00e1til<\/li>\n<li>Sometidos a pruebas de ca\u00edda desde 1 m.<\/li>\n<li>Clasificaci\u00f3n IP54, resiste polvo y agua<\/li>\n<li>3 a\u00f1os de garant\u00eda<\/li>\n<\/ul>\n","protected":false},"excerpt":{"rendered":"<ul>\n<li>El medidor l\u00e1ser Fluke 417D es preciso, duradero y f\u00e1cil de manejar: basta con apuntar y hacer clic.<\/li>\n<li>Mida de forma instant\u00e1nea hasta 40 m apuntando y haciendo clic<\/li>\n<li>Puede realizar medidas continuas; se ajusta a medida que se acerca y se aleja del objeto a medir.<\/li>\n<li>Calcule r\u00e1pidamente el \u00e1rea (metros cuadrados\/pies cuadrados)<\/li>\n<li>Sometidos a pruebas de ca\u00eddas desde 1 m y con certificaci\u00f3n IP54, dise\u00f1ados para soportar lluvia y polvo<\/li>\n<li>Ideal para aplicaciones interiores y exteriores.<\/li>\n<\/ul>\n","protected":false},"featured_media":9776,"template":"","meta":{"_acf_changed":false},"pwb-brand":[31],"product_brand":[],"product_cat":[366,30,144],"product_tag":[],"class_list":{"0":"post-8178","1":"product","2":"type-product","3":"status-publish","4":"has-post-thumbnail","6":"pwb-brand-fluke","7":"product_cat-todos-los-productos","8":"product_cat-fluke","9":"product_cat-medidores-laser-de-distancia","11":"first","12":"instock","13":"taxable","14":"shipping-taxable","15":"product-type-simple"},"acf":[],"yoast_head":"<!-- This site is optimized with the Yoast SEO plugin v27.4 - https:\/\/yoast.com\/product\/yoast-seo-wordpress\/ -->\n<title>Medidor l\u00e1ser de distancia Fluke 417D - Techmaster de Mexico<\/title>\n<meta name=\"robots\" content=\"index, follow, max-snippet:-1, max-image-preview:large, max-video-preview:-1\" \/>\n<link rel=\"canonical\" href=\"https:\/\/techmasterdemexico.com\/producto\/medidor-laser-de-distancia-fluke-417d\/\" \/>\n<meta property=\"og:locale\" content=\"en_US\" \/>\n<meta property=\"og:type\" content=\"article\" \/>\n<meta property=\"og:title\" content=\"Medidor l\u00e1ser de distancia Fluke 417D - Techmaster de Mexico\" \/>\n<meta property=\"og:description\" content=\"El medidor l\u00e1ser Fluke 417D es preciso, duradero y f\u00e1cil de manejar: basta con apuntar y hacer clic.   Mida de forma instant\u00e1nea hasta 40 m apuntando y haciendo clic   Puede realizar medidas continuas; se ajusta a medida que se acerca y se aleja del objeto a medir.   Calcule r\u00e1pidamente el \u00e1rea (metros cuadrados\/pies cuadrados)   Sometidos a pruebas de ca\u00eddas desde 1 m y con certificaci\u00f3n IP54, dise\u00f1ados para soportar lluvia y polvo   Ideal para aplicaciones interiores y exteriores.\" \/>\n<meta property=\"og:url\" content=\"https:\/\/techmasterdemexico.com\/producto\/medidor-laser-de-distancia-fluke-417d\/\" \/>\n<meta property=\"og:site_name\" content=\"Techmaster de Mexico\" \/>\n<meta property=\"article:modified_time\" content=\"2021-12-28T22:24:38+00:00\" \/>\n<meta property=\"og:image\" content=\"https:\/\/techmasterdemexico.com\/wp-content\/uploads\/2021\/08\/medidor-laser-distancia-fluke-417d.jpg\" \/>\n\t<meta property=\"og:image:width\" content=\"500\" \/>\n\t<meta property=\"og:image:height\" content=\"500\" \/>\n\t<meta property=\"og:image:type\" content=\"image\/jpeg\" \/>\n<meta name=\"twitter:card\" content=\"summary_large_image\" \/>\n<meta name=\"twitter:label1\" content=\"Est. reading time\" \/>\n\t<meta name=\"twitter:data1\" content=\"1 minute\" \/>\n<script type=\"application\/ld+json\" class=\"yoast-schema-graph\">{\"@context\":\"https:\\\/\\\/schema.org\",\"@graph\":[{\"@type\":\"WebPage\",\"@id\":\"https:\\\/\\\/techmasterdemexico.com\\\/producto\\\/medidor-laser-de-distancia-fluke-417d\\\/\",\"url\":\"https:\\\/\\\/techmasterdemexico.com\\\/producto\\\/medidor-laser-de-distancia-fluke-417d\\\/\",\"name\":\"Medidor l\u00e1ser de distancia Fluke 417D - Techmaster de Mexico\",\"isPartOf\":{\"@id\":\"https:\\\/\\\/techmasterdemexico.com\\\/#website\"},\"primaryImageOfPage\":{\"@id\":\"https:\\\/\\\/techmasterdemexico.com\\\/producto\\\/medidor-laser-de-distancia-fluke-417d\\\/#primaryimage\"},\"image\":{\"@id\":\"https:\\\/\\\/techmasterdemexico.com\\\/producto\\\/medidor-laser-de-distancia-fluke-417d\\\/#primaryimage\"},\"thumbnailUrl\":\"https:\\\/\\\/techmasterdemexico.com\\\/wp-content\\\/uploads\\\/2021\\\/08\\\/medidor-laser-distancia-fluke-417d.jpg\",\"datePublished\":\"2021-08-19T18:30:16+00:00\",\"dateModified\":\"2021-12-28T22:24:38+00:00\",\"breadcrumb\":{\"@id\":\"https:\\\/\\\/techmasterdemexico.com\\\/producto\\\/medidor-laser-de-distancia-fluke-417d\\\/#breadcrumb\"},\"inLanguage\":\"en-US\",\"potentialAction\":[{\"@type\":\"ReadAction\",\"target\":[\"https:\\\/\\\/techmasterdemexico.com\\\/producto\\\/medidor-laser-de-distancia-fluke-417d\\\/\"]}]},{\"@type\":\"ImageObject\",\"inLanguage\":\"en-US\",\"@id\":\"https:\\\/\\\/techmasterdemexico.com\\\/producto\\\/medidor-laser-de-distancia-fluke-417d\\\/#primaryimage\",\"url\":\"https:\\\/\\\/techmasterdemexico.com\\\/wp-content\\\/uploads\\\/2021\\\/08\\\/medidor-laser-distancia-fluke-417d.jpg\",\"contentUrl\":\"https:\\\/\\\/techmasterdemexico.com\\\/wp-content\\\/uploads\\\/2021\\\/08\\\/medidor-laser-distancia-fluke-417d.jpg\",\"width\":500,\"height\":500},{\"@type\":\"BreadcrumbList\",\"@id\":\"https:\\\/\\\/techmasterdemexico.com\\\/producto\\\/medidor-laser-de-distancia-fluke-417d\\\/#breadcrumb\",\"itemListElement\":[{\"@type\":\"ListItem\",\"position\":1,\"name\":\"Portada\",\"item\":\"https:\\\/\\\/techmasterdemexico.com\\\/\"},{\"@type\":\"ListItem\",\"position\":2,\"name\":\"Medidor l\u00e1ser de distancia Fluke 417D\"}]},{\"@type\":\"WebSite\",\"@id\":\"https:\\\/\\\/techmasterdemexico.com\\\/#website\",\"url\":\"https:\\\/\\\/techmasterdemexico.com\\\/\",\"name\":\"Techmaster de Mexico\",\"description\":\"\",\"potentialAction\":[{\"@type\":\"SearchAction\",\"target\":{\"@type\":\"EntryPoint\",\"urlTemplate\":\"https:\\\/\\\/techmasterdemexico.com\\\/?s={search_term_string}\"},\"query-input\":{\"@type\":\"PropertyValueSpecification\",\"valueRequired\":true,\"valueName\":\"search_term_string\"}}],\"inLanguage\":\"en-US\"}]}<\/script>\n<!-- \/ Yoast SEO plugin. -->","yoast_head_json":{"title":"Medidor l\u00e1ser de distancia Fluke 417D - Techmaster de Mexico","robots":{"index":"index","follow":"follow","max-snippet":"max-snippet:-1","max-image-preview":"max-image-preview:large","max-video-preview":"max-video-preview:-1"},"canonical":"https:\/\/techmasterdemexico.com\/producto\/medidor-laser-de-distancia-fluke-417d\/","og_locale":"en_US","og_type":"article","og_title":"Medidor l\u00e1ser de distancia Fluke 417D - Techmaster de Mexico","og_description":"El medidor l\u00e1ser Fluke 417D es preciso, duradero y f\u00e1cil de manejar: basta con apuntar y hacer clic.   Mida de forma instant\u00e1nea hasta 40 m apuntando y haciendo clic   Puede realizar medidas continuas; se ajusta a medida que se acerca y se aleja del objeto a medir.   Calcule r\u00e1pidamente el \u00e1rea (metros cuadrados\/pies cuadrados)   Sometidos a pruebas de ca\u00eddas desde 1 m y con certificaci\u00f3n IP54, dise\u00f1ados para soportar lluvia y polvo   Ideal para aplicaciones interiores y exteriores.","og_url":"https:\/\/techmasterdemexico.com\/producto\/medidor-laser-de-distancia-fluke-417d\/","og_site_name":"Techmaster de Mexico","article_modified_time":"2021-12-28T22:24:38+00:00","og_image":[{"width":500,"height":500,"url":"https:\/\/techmasterdemexico.com\/wp-content\/uploads\/2021\/08\/medidor-laser-distancia-fluke-417d.jpg","type":"image\/jpeg"}],"twitter_card":"summary_large_image","twitter_misc":{"Est. reading time":"1 minute"},"schema":{"@context":"https:\/\/schema.org","@graph":[{"@type":"WebPage","@id":"https:\/\/techmasterdemexico.com\/producto\/medidor-laser-de-distancia-fluke-417d\/","url":"https:\/\/techmasterdemexico.com\/producto\/medidor-laser-de-distancia-fluke-417d\/","name":"Medidor l\u00e1ser de distancia Fluke 417D - Techmaster de Mexico","isPartOf":{"@id":"https:\/\/techmasterdemexico.com\/#website"},"primaryImageOfPage":{"@id":"https:\/\/techmasterdemexico.com\/producto\/medidor-laser-de-distancia-fluke-417d\/#primaryimage"},"image":{"@id":"https:\/\/techmasterdemexico.com\/producto\/medidor-laser-de-distancia-fluke-417d\/#primaryimage"},"thumbnailUrl":"https:\/\/techmasterdemexico.com\/wp-content\/uploads\/2021\/08\/medidor-laser-distancia-fluke-417d.jpg","datePublished":"2021-08-19T18:30:16+00:00","dateModified":"2021-12-28T22:24:38+00:00","breadcrumb":{"@id":"https:\/\/techmasterdemexico.com\/producto\/medidor-laser-de-distancia-fluke-417d\/#breadcrumb"},"inLanguage":"en-US","potentialAction":[{"@type":"ReadAction","target":["https:\/\/techmasterdemexico.com\/producto\/medidor-laser-de-distancia-fluke-417d\/"]}]},{"@type":"ImageObject","inLanguage":"en-US","@id":"https:\/\/techmasterdemexico.com\/producto\/medidor-laser-de-distancia-fluke-417d\/#primaryimage","url":"https:\/\/techmasterdemexico.com\/wp-content\/uploads\/2021\/08\/medidor-laser-distancia-fluke-417d.jpg","contentUrl":"https:\/\/techmasterdemexico.com\/wp-content\/uploads\/2021\/08\/medidor-laser-distancia-fluke-417d.jpg","width":500,"height":500},{"@type":"BreadcrumbList","@id":"https:\/\/techmasterdemexico.com\/producto\/medidor-laser-de-distancia-fluke-417d\/#breadcrumb","itemListElement":[{"@type":"ListItem","position":1,"name":"Portada","item":"https:\/\/techmasterdemexico.com\/"},{"@type":"ListItem","position":2,"name":"Medidor l\u00e1ser de distancia Fluke 417D"}]},{"@type":"WebSite","@id":"https:\/\/techmasterdemexico.com\/#website","url":"https:\/\/techmasterdemexico.com\/","name":"Techmaster de Mexico","description":"","potentialAction":[{"@type":"SearchAction","target":{"@type":"EntryPoint","urlTemplate":"https:\/\/techmasterdemexico.com\/?s={search_term_string}"},"query-input":{"@type":"PropertyValueSpecification","valueRequired":true,"valueName":"search_term_string"}}],"inLanguage":"en-US"}]}},"brands":[{"id":31,"name":"Fluke","slug":"fluke"}],"_links":{"self":[{"href":"https:\/\/techmasterdemexico.com\/en\/wp-json\/wp\/v2\/product\/8178","targetHints":{"allow":["GET"]}}],"collection":[{"href":"https:\/\/techmasterdemexico.com\/en\/wp-json\/wp\/v2\/product"}],"about":[{"href":"https:\/\/techmasterdemexico.com\/en\/wp-json\/wp\/v2\/types\/product"}],"wp:featuredmedia":[{"embeddable":true,"href":"https:\/\/techmasterdemexico.com\/en\/wp-json\/wp\/v2\/media\/9776"}],"wp:attachment":[{"href":"https:\/\/techmasterdemexico.com\/en\/wp-json\/wp\/v2\/media?parent=8178"}],"wp:term":[{"taxonomy":"pwb-brand","embeddable":true,"href":"https:\/\/techmasterdemexico.com\/en\/wp-json\/wp\/v2\/pwb-brand?post=8178"},{"taxonomy":"product_brand","embeddable":true,"href":"https:\/\/techmasterdemexico.com\/en\/wp-json\/wp\/v2\/product_brand?post=8178"},{"taxonomy":"product_cat","embeddable":true,"href":"https:\/\/techmasterdemexico.com\/en\/wp-json\/wp\/v2\/product_cat?post=8178"},{"taxonomy":"product_tag","embeddable":true,"href":"https:\/\/techmasterdemexico.com\/en\/wp-json\/wp\/v2\/product_tag?post=8178"}],"curies":[{"name":"wp","href":"https:\/\/api.w.org\/{rel}","templated":true}]}}