{"id":8177,"date":"2021-08-19T18:30:16","date_gmt":"2021-08-19T18:30:16","guid":{"rendered":"http:\/\/techmastermx.ddns.net\/producto\/medidor-laser-de-distancia-fluke-414d\/"},"modified":"2021-12-28T22:24:37","modified_gmt":"2021-12-28T22:24:37","slug":"medidor-laser-de-distancia-fluke-414d","status":"publish","type":"product","link":"https:\/\/techmasterdemexico.com\/en\/producto\/medidor-laser-de-distancia-fluke-414d\/","title":{"rendered":"Medidor l\u00e1ser de distancia Fluke 414D"},"content":{"rendered":"<p>Medidor l\u00e1ser de distancia Fluke 414D<\/p>\n<p>Coloque el Fluke 414D en su cintur\u00f3n de herramientas y llegue m\u00e1s all\u00e1 que con la cinta m\u00e9trica com\u00fan. Mediciones de hasta 50 m (165 ft). Este medidor de distancia l\u00e1ser de nivel profesional es r\u00e1pido y f\u00e1cil de usar, mejora la exactitud y reduce los errores de medici\u00f3n. Ahorrar\u00e1 tiempo y dinero en cada medida.<\/p>\n","protected":false},"excerpt":{"rendered":"<p>El 414D reduce errores, ahorra tiempo y dinero.<\/p>\n<ul>\n<li>La tecnolog\u00eda l\u00e1ser m\u00e1s avanzada para la medici\u00f3n de distancias<\/li>\n<li>Sencillo funcionamiento de un bot\u00f3n para medir instant\u00e1neamente la distancia entre dos objetos<\/li>\n<li>Mide hasta 50 m (165 ft), con una exactitud de 2 mm (0.08 in)<\/li>\n<li>L\u00e1ser brillante para una f\u00e1cil ubicaci\u00f3n del objetivo a distancias m\u00e1s largas<\/li>\n<li>R\u00e1pidos c\u00e1lculos del \u00e1rea (pies\/metros cuadrados) y del volumen<\/li>\n<li>Sencilla funci\u00f3n de suma y resta<\/li>\n<li>La funci\u00f3n Pit\u00e1goras permite realizar una medici\u00f3n indirecta de la altura a trav\u00e9s de otras dos mediciones<\/li>\n<li>Almacena hasta cinco resultados de medici\u00f3n<\/li>\n<li>Autonom\u00eda de la bater\u00eda para realizar 3000 mediciones, con funci\u00f3n de apagado autom\u00e1tico<\/li>\n<li>Pantalla de dos l\u00edneas con retenci\u00f3n de valores en pantalla (hasta que se presione el bot\u00f3n siguiente)<\/li>\n<li>La bolsa de transporte se asegura al cintur\u00f3n de herramientas<\/li>\n<li>Se alimenta de dos bater\u00edas AAA<\/li>\n<\/ul>\n<p>Todos los medidores ofrecen:<\/p>\n<ul>\n<li>Reducci\u00f3n de los errores de estimaci\u00f3n, ahorrando tanto tiempo como dinero<\/li>\n<li>La tecnolog\u00eda l\u00e1ser 2 m\u00e1s avanzada para la medici\u00f3n de distancias<\/li>\n<li>Mediciones instant\u00e1neas con una sola operaci\u00f3n de bot\u00f3n<\/li>\n<li>Sencilla funci\u00f3n de suma y resta<\/li>\n<li>C\u00e1lculo r\u00e1pido del \u00e1rea (pies cuadrados) y del volumen<\/li>\n<li>Suma y resta de mediciones de forma sencilla<\/li>\n<li>Funci\u00f3n m\u00ednimo\/m\u00e1ximo<\/li>\n<li>Mayor vida \u00fatil de la bater\u00eda gracias a la funci\u00f3n de apagado autom\u00e1tico<\/li>\n<li>C\u00e1lculo de Pit\u00e1goras para determinar distancias de manera indirecta a partir de otras dos mediciones<\/li>\n<li>Bolsa con el logo de Fluke<\/li>\n<li>Tres a\u00f1os de garant\u00eda<\/li>\n<\/ul>\n","protected":false},"featured_media":9773,"template":"","meta":{"_acf_changed":false},"pwb-brand":[31],"product_brand":[],"product_cat":[366,30,144],"product_tag":[],"class_list":{"0":"post-8177","1":"product","2":"type-product","3":"status-publish","4":"has-post-thumbnail","6":"pwb-brand-fluke","7":"product_cat-todos-los-productos","8":"product_cat-fluke","9":"product_cat-medidores-laser-de-distancia","11":"first","12":"instock","13":"taxable","14":"shipping-taxable","15":"product-type-simple"},"acf":[],"yoast_head":"<!-- This site is optimized with the Yoast SEO plugin v27.4 - https:\/\/yoast.com\/product\/yoast-seo-wordpress\/ -->\n<title>Medidor l\u00e1ser de distancia Fluke 414D - Techmaster de Mexico<\/title>\n<meta name=\"robots\" content=\"index, follow, max-snippet:-1, max-image-preview:large, max-video-preview:-1\" \/>\n<link rel=\"canonical\" href=\"https:\/\/techmasterdemexico.com\/producto\/medidor-laser-de-distancia-fluke-414d\/\" \/>\n<meta property=\"og:locale\" content=\"en_US\" \/>\n<meta property=\"og:type\" content=\"article\" \/>\n<meta property=\"og:title\" content=\"Medidor l\u00e1ser de distancia Fluke 414D - Techmaster de Mexico\" \/>\n<meta property=\"og:description\" content=\"El 414D reduce errores, ahorra tiempo y dinero.    La tecnolog\u00eda l\u00e1ser m\u00e1s avanzada para la medici\u00f3n de distancias   Sencillo funcionamiento de un bot\u00f3n para medir instant\u00e1neamente la distancia entre dos objetos   Mide hasta 50 m (165 ft), con una exactitud de 2 mm (0.08 in)   L\u00e1ser brillante para una f\u00e1cil ubicaci\u00f3n del objetivo a distancias m\u00e1s largas   R\u00e1pidos c\u00e1lculos del \u00e1rea (pies\/metros cuadrados) y del volumen   Sencilla funci\u00f3n de suma y resta   La funci\u00f3n Pit\u00e1goras permite realizar una medici\u00f3n indirecta de la altura a trav\u00e9s de otras dos mediciones   Almacena hasta cinco resultados de medici\u00f3n   Autonom\u00eda de la bater\u00eda para realizar 3000 mediciones, con funci\u00f3n de apagado autom\u00e1tico   Pantalla de dos l\u00edneas con retenci\u00f3n de valores en pantalla (hasta que se presione el bot\u00f3n siguiente)   La bolsa de transporte se asegura al cintur\u00f3n de herramientas   Se alimenta de dos bater\u00edas AAA   Todos los medidores ofrecen:    Reducci\u00f3n de los errores de estimaci\u00f3n, ahorrando tanto tiempo como dinero   La tecnolog\u00eda l\u00e1ser 2 m\u00e1s avanzada para la medici\u00f3n de distancias   Mediciones instant\u00e1neas con una sola operaci\u00f3n de bot\u00f3n   Sencilla funci\u00f3n de suma y resta   C\u00e1lculo r\u00e1pido del \u00e1rea (pies cuadrados) y del volumen   Suma y resta de mediciones de forma sencilla   Funci\u00f3n m\u00ednimo\/m\u00e1ximo   Mayor vida \u00fatil de la bater\u00eda gracias a la funci\u00f3n de apagado autom\u00e1tico   C\u00e1lculo de Pit\u00e1goras para determinar distancias de manera indirecta a partir de otras dos mediciones   Bolsa con el logo de Fluke   Tres a\u00f1os de garant\u00eda\" \/>\n<meta property=\"og:url\" content=\"https:\/\/techmasterdemexico.com\/producto\/medidor-laser-de-distancia-fluke-414d\/\" \/>\n<meta property=\"og:site_name\" content=\"Techmaster de Mexico\" \/>\n<meta property=\"article:modified_time\" content=\"2021-12-28T22:24:37+00:00\" \/>\n<meta property=\"og:image\" content=\"https:\/\/techmasterdemexico.com\/wp-content\/uploads\/2021\/08\/1-107.jpg\" \/>\n\t<meta property=\"og:image:width\" content=\"410\" \/>\n\t<meta property=\"og:image:height\" content=\"410\" \/>\n\t<meta property=\"og:image:type\" content=\"image\/jpeg\" \/>\n<meta name=\"twitter:card\" content=\"summary_large_image\" \/>\n<script type=\"application\/ld+json\" class=\"yoast-schema-graph\">{\"@context\":\"https:\\\/\\\/schema.org\",\"@graph\":[{\"@type\":\"WebPage\",\"@id\":\"https:\\\/\\\/techmasterdemexico.com\\\/producto\\\/medidor-laser-de-distancia-fluke-414d\\\/\",\"url\":\"https:\\\/\\\/techmasterdemexico.com\\\/producto\\\/medidor-laser-de-distancia-fluke-414d\\\/\",\"name\":\"Medidor l\u00e1ser de distancia Fluke 414D - Techmaster de Mexico\",\"isPartOf\":{\"@id\":\"https:\\\/\\\/techmasterdemexico.com\\\/#website\"},\"primaryImageOfPage\":{\"@id\":\"https:\\\/\\\/techmasterdemexico.com\\\/producto\\\/medidor-laser-de-distancia-fluke-414d\\\/#primaryimage\"},\"image\":{\"@id\":\"https:\\\/\\\/techmasterdemexico.com\\\/producto\\\/medidor-laser-de-distancia-fluke-414d\\\/#primaryimage\"},\"thumbnailUrl\":\"https:\\\/\\\/techmasterdemexico.com\\\/wp-content\\\/uploads\\\/2021\\\/08\\\/1-107.jpg\",\"datePublished\":\"2021-08-19T18:30:16+00:00\",\"dateModified\":\"2021-12-28T22:24:37+00:00\",\"breadcrumb\":{\"@id\":\"https:\\\/\\\/techmasterdemexico.com\\\/producto\\\/medidor-laser-de-distancia-fluke-414d\\\/#breadcrumb\"},\"inLanguage\":\"en-US\",\"potentialAction\":[{\"@type\":\"ReadAction\",\"target\":[\"https:\\\/\\\/techmasterdemexico.com\\\/producto\\\/medidor-laser-de-distancia-fluke-414d\\\/\"]}]},{\"@type\":\"ImageObject\",\"inLanguage\":\"en-US\",\"@id\":\"https:\\\/\\\/techmasterdemexico.com\\\/producto\\\/medidor-laser-de-distancia-fluke-414d\\\/#primaryimage\",\"url\":\"https:\\\/\\\/techmasterdemexico.com\\\/wp-content\\\/uploads\\\/2021\\\/08\\\/1-107.jpg\",\"contentUrl\":\"https:\\\/\\\/techmasterdemexico.com\\\/wp-content\\\/uploads\\\/2021\\\/08\\\/1-107.jpg\",\"width\":410,\"height\":410},{\"@type\":\"BreadcrumbList\",\"@id\":\"https:\\\/\\\/techmasterdemexico.com\\\/producto\\\/medidor-laser-de-distancia-fluke-414d\\\/#breadcrumb\",\"itemListElement\":[{\"@type\":\"ListItem\",\"position\":1,\"name\":\"Portada\",\"item\":\"https:\\\/\\\/techmasterdemexico.com\\\/\"},{\"@type\":\"ListItem\",\"position\":2,\"name\":\"Medidor l\u00e1ser de distancia Fluke 414D\"}]},{\"@type\":\"WebSite\",\"@id\":\"https:\\\/\\\/techmasterdemexico.com\\\/#website\",\"url\":\"https:\\\/\\\/techmasterdemexico.com\\\/\",\"name\":\"Techmaster de Mexico\",\"description\":\"\",\"potentialAction\":[{\"@type\":\"SearchAction\",\"target\":{\"@type\":\"EntryPoint\",\"urlTemplate\":\"https:\\\/\\\/techmasterdemexico.com\\\/?s={search_term_string}\"},\"query-input\":{\"@type\":\"PropertyValueSpecification\",\"valueRequired\":true,\"valueName\":\"search_term_string\"}}],\"inLanguage\":\"en-US\"}]}<\/script>\n<!-- \/ Yoast SEO plugin. -->","yoast_head_json":{"title":"Medidor l\u00e1ser de distancia Fluke 414D - Techmaster de Mexico","robots":{"index":"index","follow":"follow","max-snippet":"max-snippet:-1","max-image-preview":"max-image-preview:large","max-video-preview":"max-video-preview:-1"},"canonical":"https:\/\/techmasterdemexico.com\/producto\/medidor-laser-de-distancia-fluke-414d\/","og_locale":"en_US","og_type":"article","og_title":"Medidor l\u00e1ser de distancia Fluke 414D - Techmaster de Mexico","og_description":"El 414D reduce errores, ahorra tiempo y dinero.    La tecnolog\u00eda l\u00e1ser m\u00e1s avanzada para la medici\u00f3n de distancias   Sencillo funcionamiento de un bot\u00f3n para medir instant\u00e1neamente la distancia entre dos objetos   Mide hasta 50 m (165 ft), con una exactitud de 2 mm (0.08 in)   L\u00e1ser brillante para una f\u00e1cil ubicaci\u00f3n del objetivo a distancias m\u00e1s largas   R\u00e1pidos c\u00e1lculos del \u00e1rea (pies\/metros cuadrados) y del volumen   Sencilla funci\u00f3n de suma y resta   La funci\u00f3n Pit\u00e1goras permite realizar una medici\u00f3n indirecta de la altura a trav\u00e9s de otras dos mediciones   Almacena hasta cinco resultados de medici\u00f3n   Autonom\u00eda de la bater\u00eda para realizar 3000 mediciones, con funci\u00f3n de apagado autom\u00e1tico   Pantalla de dos l\u00edneas con retenci\u00f3n de valores en pantalla (hasta que se presione el bot\u00f3n siguiente)   La bolsa de transporte se asegura al cintur\u00f3n de herramientas   Se alimenta de dos bater\u00edas AAA   Todos los medidores ofrecen:    Reducci\u00f3n de los errores de estimaci\u00f3n, ahorrando tanto tiempo como dinero   La tecnolog\u00eda l\u00e1ser 2 m\u00e1s avanzada para la medici\u00f3n de distancias   Mediciones instant\u00e1neas con una sola operaci\u00f3n de bot\u00f3n   Sencilla funci\u00f3n de suma y resta   C\u00e1lculo r\u00e1pido del \u00e1rea (pies cuadrados) y del volumen   Suma y resta de mediciones de forma sencilla   Funci\u00f3n m\u00ednimo\/m\u00e1ximo   Mayor vida \u00fatil de la bater\u00eda gracias a la funci\u00f3n de apagado autom\u00e1tico   C\u00e1lculo de Pit\u00e1goras para determinar distancias de manera indirecta a partir de otras dos mediciones   Bolsa con el logo de Fluke   Tres a\u00f1os de garant\u00eda","og_url":"https:\/\/techmasterdemexico.com\/producto\/medidor-laser-de-distancia-fluke-414d\/","og_site_name":"Techmaster de Mexico","article_modified_time":"2021-12-28T22:24:37+00:00","og_image":[{"width":410,"height":410,"url":"https:\/\/techmasterdemexico.com\/wp-content\/uploads\/2021\/08\/1-107.jpg","type":"image\/jpeg"}],"twitter_card":"summary_large_image","schema":{"@context":"https:\/\/schema.org","@graph":[{"@type":"WebPage","@id":"https:\/\/techmasterdemexico.com\/producto\/medidor-laser-de-distancia-fluke-414d\/","url":"https:\/\/techmasterdemexico.com\/producto\/medidor-laser-de-distancia-fluke-414d\/","name":"Medidor l\u00e1ser de distancia Fluke 414D - Techmaster de Mexico","isPartOf":{"@id":"https:\/\/techmasterdemexico.com\/#website"},"primaryImageOfPage":{"@id":"https:\/\/techmasterdemexico.com\/producto\/medidor-laser-de-distancia-fluke-414d\/#primaryimage"},"image":{"@id":"https:\/\/techmasterdemexico.com\/producto\/medidor-laser-de-distancia-fluke-414d\/#primaryimage"},"thumbnailUrl":"https:\/\/techmasterdemexico.com\/wp-content\/uploads\/2021\/08\/1-107.jpg","datePublished":"2021-08-19T18:30:16+00:00","dateModified":"2021-12-28T22:24:37+00:00","breadcrumb":{"@id":"https:\/\/techmasterdemexico.com\/producto\/medidor-laser-de-distancia-fluke-414d\/#breadcrumb"},"inLanguage":"en-US","potentialAction":[{"@type":"ReadAction","target":["https:\/\/techmasterdemexico.com\/producto\/medidor-laser-de-distancia-fluke-414d\/"]}]},{"@type":"ImageObject","inLanguage":"en-US","@id":"https:\/\/techmasterdemexico.com\/producto\/medidor-laser-de-distancia-fluke-414d\/#primaryimage","url":"https:\/\/techmasterdemexico.com\/wp-content\/uploads\/2021\/08\/1-107.jpg","contentUrl":"https:\/\/techmasterdemexico.com\/wp-content\/uploads\/2021\/08\/1-107.jpg","width":410,"height":410},{"@type":"BreadcrumbList","@id":"https:\/\/techmasterdemexico.com\/producto\/medidor-laser-de-distancia-fluke-414d\/#breadcrumb","itemListElement":[{"@type":"ListItem","position":1,"name":"Portada","item":"https:\/\/techmasterdemexico.com\/"},{"@type":"ListItem","position":2,"name":"Medidor l\u00e1ser de distancia Fluke 414D"}]},{"@type":"WebSite","@id":"https:\/\/techmasterdemexico.com\/#website","url":"https:\/\/techmasterdemexico.com\/","name":"Techmaster de Mexico","description":"","potentialAction":[{"@type":"SearchAction","target":{"@type":"EntryPoint","urlTemplate":"https:\/\/techmasterdemexico.com\/?s={search_term_string}"},"query-input":{"@type":"PropertyValueSpecification","valueRequired":true,"valueName":"search_term_string"}}],"inLanguage":"en-US"}]}},"brands":[{"id":31,"name":"Fluke","slug":"fluke"}],"_links":{"self":[{"href":"https:\/\/techmasterdemexico.com\/en\/wp-json\/wp\/v2\/product\/8177","targetHints":{"allow":["GET"]}}],"collection":[{"href":"https:\/\/techmasterdemexico.com\/en\/wp-json\/wp\/v2\/product"}],"about":[{"href":"https:\/\/techmasterdemexico.com\/en\/wp-json\/wp\/v2\/types\/product"}],"wp:featuredmedia":[{"embeddable":true,"href":"https:\/\/techmasterdemexico.com\/en\/wp-json\/wp\/v2\/media\/9773"}],"wp:attachment":[{"href":"https:\/\/techmasterdemexico.com\/en\/wp-json\/wp\/v2\/media?parent=8177"}],"wp:term":[{"taxonomy":"pwb-brand","embeddable":true,"href":"https:\/\/techmasterdemexico.com\/en\/wp-json\/wp\/v2\/pwb-brand?post=8177"},{"taxonomy":"product_brand","embeddable":true,"href":"https:\/\/techmasterdemexico.com\/en\/wp-json\/wp\/v2\/product_brand?post=8177"},{"taxonomy":"product_cat","embeddable":true,"href":"https:\/\/techmasterdemexico.com\/en\/wp-json\/wp\/v2\/product_cat?post=8177"},{"taxonomy":"product_tag","embeddable":true,"href":"https:\/\/techmasterdemexico.com\/en\/wp-json\/wp\/v2\/product_tag?post=8177"}],"curies":[{"name":"wp","href":"https:\/\/api.w.org\/{rel}","templated":true}]}}