{"id":8176,"date":"2021-08-19T18:30:15","date_gmt":"2021-08-19T18:30:15","guid":{"rendered":"http:\/\/techmastermx.ddns.net\/producto\/medidor-laser-de-distancia-fluke-419d\/"},"modified":"2021-12-28T22:24:39","modified_gmt":"2021-12-28T22:24:39","slug":"medidor-laser-de-distancia-fluke-419d","status":"publish","type":"product","link":"https:\/\/techmasterdemexico.com\/en\/producto\/medidor-laser-de-distancia-fluke-419d\/","title":{"rendered":"Medidor l\u00e1ser de distancia Fluke 419D"},"content":{"rendered":"<p>Medidor l\u00e1ser de distancia Fluke 419D<\/p>\n<p>El medidor l\u00e1ser de distancia Fluke 419D extiende su alcance hasta 80 m (260 ft) con a\u00fan mayor exactitud. Le permite ahorrar tiempo y reduce los errores con funciones mejoradas como almacenamiento de 20 pantallas completas y un modo de tr\u00edpode para mediciones de larga distancia estables<\/p>\n","protected":false},"excerpt":{"rendered":"<p>Los medidores de distancia 419D ofrecen estas funciones mejoradas:<\/p>\n<ul>\n<li>Mediciones de hasta 80 m (260 ft)<\/li>\n<li>Mayor exactitud: \u00b11 mm (0.04 in)<\/li>\n<li>Visualizaci\u00f3n de m\u00e1s datos con la pantalla retroiluminada de tres l\u00edneas<\/li>\n<li>Funci\u00f3n de Pit\u00e1goras completa para mediciones de altura<\/li>\n<li>Almacenamiento de 20 visualizaciones completas para una r\u00e1pida recuperaci\u00f3n<\/li>\n<li>Respuesta audible al pulsar las teclas<\/li>\n<li>Funci\u00f3n m\u00ednimo\/m\u00e1ximo<\/li>\n<li>Modo tr\u00edpode para montar el dispositivo en un tr\u00edpode cuando necesite medir largas distancias<\/li>\n<li>La funci\u00f3n de estacado lo ayuda a marcar longitudes definidas, por ejemplo cuando construye marcos de madera<\/li>\n<li>Correcci\u00f3n autom\u00e1tica de extremo: para medir desde un borde o una esquina, un sensor integrado detecta la posici\u00f3n de esta escuadra y cambia autom\u00e1ticamente el punto de referencia.<\/li>\n<li>Protecci\u00f3n ambiental mejorada: clasificaci\u00f3n IP54, resistente al polvo y a las salpicaduras<\/li>\n<li>Duraci\u00f3n mejorada de la bater\u00eda que permite 5000 mediciones con la funci\u00f3n de l\u00e1ser autom\u00e1tico deshabilitada y la funci\u00f3n de apagado autom\u00e1tico.<\/li>\n<\/ul>\n<p>Como todos los medidores l\u00e1ser de distancia Fluke, el 419D ofrece mediciones instant\u00e1neas, con un solo bot\u00f3n, de la distancia entre dos objetos. Incluyen adem\u00e1s:<\/p>\n<ul>\n<li>L\u00e1ser brillante para f\u00e1cil ubicaci\u00f3n del objetivo<\/li>\n<li>R\u00e1pidos c\u00e1lculos del \u00e1rea (pies\/metros cuadrados) y del volumen<\/li>\n<li>Funci\u00f3n de suma y resta de f\u00e1cil uso<\/li>\n<li>La bolsa de transporte se asegura al cintur\u00f3n de herramientas<\/li>\n<\/ul>\n<p>Todos los medidores ofrecen:<\/p>\n<ul>\n<li>Reducci\u00f3n de los errores de estimaci\u00f3n, ahorrando tanto tiempo como dinero<\/li>\n<li>La tecnolog\u00eda l\u00e1ser 2 m\u00e1s avanzada para la medici\u00f3n de distancias<\/li>\n<li>Mediciones instant\u00e1neas con una sola operaci\u00f3n de bot\u00f3n<\/li>\n<li>Sencilla funci\u00f3n de suma y resta<\/li>\n<li>C\u00e1lculo r\u00e1pido del \u00e1rea (pies cuadrados) y del volumen<\/li>\n<li>Suma y resta de mediciones de forma sencilla<\/li>\n<li>Funci\u00f3n m\u00ednimo\/m\u00e1ximo<\/li>\n<li>Mayor vida \u00fatil de la bater\u00eda gracias a la funci\u00f3n de apagado autom\u00e1tico<\/li>\n<li>C\u00e1lculo de Pit\u00e1goras para determinar distancias de manera indirecta a partir de otras dos mediciones<\/li>\n<li>Bolsa con el logo de Fluke<\/li>\n<li>Tres a\u00f1os de garant\u00eda<\/li>\n<\/ul>\n<p>El 419D ofrece de forma adicional:<\/p>\n<ul>\n<li>Visibilidad mejorada con pantalla retroiluminada<\/li>\n<li>Capacidad de mediciones de hasta 80 m (260 ft) para el 419D<\/li>\n<li>Modo tr\u00edpode para permitirle montar el dispositivo en un tr\u00edpode cuando se miden largas distancias<\/li>\n<li>Funci\u00f3n de estacado<\/li>\n<li>C\u00e1lculo de Pit\u00e1goras mejorado para determinar distancias de manera indirecta a partir de otras tres mediciones<\/li>\n<li>Respuesta audible al pulsar las teclas<\/li>\n<li>Almacenamiento de las \u00faltimas veinte mediciones para una recuperaci\u00f3n r\u00e1pida de las distancias<\/li>\n<li>Gran protecci\u00f3n ambiental gracias a su estanquidad que cumple con la norma IP54 (contra el polvo y las salpicaduras)<\/li>\n<\/ul>\n","protected":false},"featured_media":9782,"template":"","meta":{"_acf_changed":false},"pwb-brand":[31],"product_brand":[],"product_cat":[366,30,144],"product_tag":[],"class_list":{"0":"post-8176","1":"product","2":"type-product","3":"status-publish","4":"has-post-thumbnail","6":"pwb-brand-fluke","7":"product_cat-todos-los-productos","8":"product_cat-fluke","9":"product_cat-medidores-laser-de-distancia","11":"first","12":"instock","13":"taxable","14":"shipping-taxable","15":"product-type-simple"},"acf":[],"yoast_head":"<!-- This site is optimized with the Yoast SEO plugin v27.4 - https:\/\/yoast.com\/product\/yoast-seo-wordpress\/ -->\n<title>Medidor l\u00e1ser de distancia Fluke 419D - Techmaster de Mexico<\/title>\n<meta name=\"robots\" content=\"index, follow, max-snippet:-1, max-image-preview:large, max-video-preview:-1\" \/>\n<link rel=\"canonical\" href=\"https:\/\/techmasterdemexico.com\/producto\/medidor-laser-de-distancia-fluke-419d\/\" \/>\n<meta property=\"og:locale\" content=\"en_US\" \/>\n<meta property=\"og:type\" content=\"article\" \/>\n<meta property=\"og:title\" content=\"Medidor l\u00e1ser de distancia Fluke 419D - Techmaster de Mexico\" \/>\n<meta property=\"og:description\" content=\"Los medidores de distancia 419D ofrecen estas funciones mejoradas:    Mediciones de hasta 80 m (260 ft)   Mayor exactitud: \u00b11 mm (0.04 in)   Visualizaci\u00f3n de m\u00e1s datos con la pantalla retroiluminada de tres l\u00edneas   Funci\u00f3n de Pit\u00e1goras completa para mediciones de altura   Almacenamiento de 20 visualizaciones completas para una r\u00e1pida recuperaci\u00f3n   Respuesta audible al pulsar las teclas   Funci\u00f3n m\u00ednimo\/m\u00e1ximo   Modo tr\u00edpode para montar el dispositivo en un tr\u00edpode cuando necesite medir largas distancias   La funci\u00f3n de estacado lo ayuda a marcar longitudes definidas, por ejemplo cuando construye marcos de madera   Correcci\u00f3n autom\u00e1tica de extremo: para medir desde un borde o una esquina, un sensor integrado detecta la posici\u00f3n de esta escuadra y cambia autom\u00e1ticamente el punto de referencia.   Protecci\u00f3n ambiental mejorada: clasificaci\u00f3n IP54, resistente al polvo y a las salpicaduras   Duraci\u00f3n mejorada de la bater\u00eda que permite 5000 mediciones con la funci\u00f3n de l\u00e1ser autom\u00e1tico deshabilitada y la funci\u00f3n de apagado autom\u00e1tico.   Como todos los medidores l\u00e1ser de distancia Fluke, el 419D ofrece mediciones instant\u00e1neas, con un solo bot\u00f3n, de la distancia entre dos objetos. Incluyen adem\u00e1s:    L\u00e1ser brillante para f\u00e1cil ubicaci\u00f3n del objetivo   R\u00e1pidos c\u00e1lculos del \u00e1rea (pies\/metros cuadrados) y del volumen   Funci\u00f3n de suma y resta de f\u00e1cil uso   La bolsa de transporte se asegura al cintur\u00f3n de herramientas   Todos los medidores ofrecen:    Reducci\u00f3n de los errores de estimaci\u00f3n, ahorrando tanto tiempo como dinero   La tecnolog\u00eda l\u00e1ser 2 m\u00e1s avanzada para la medici\u00f3n de distancias   Mediciones instant\u00e1neas con una sola operaci\u00f3n de bot\u00f3n   Sencilla funci\u00f3n de suma y resta   C\u00e1lculo r\u00e1pido del \u00e1rea (pies cuadrados) y del volumen   Suma y resta de mediciones de forma sencilla   Funci\u00f3n m\u00ednimo\/m\u00e1ximo   Mayor vida \u00fatil de la bater\u00eda gracias a la funci\u00f3n de apagado autom\u00e1tico   C\u00e1lculo de Pit\u00e1goras para determinar distancias de manera indirecta a partir de otras dos mediciones   Bolsa con el logo de Fluke   Tres a\u00f1os de garant\u00eda   El 419D ofrece de forma adicional:    Visibilidad mejorada con pantalla retroiluminada   Capacidad de mediciones de hasta 80 m (260 ft) para el 419D   Modo tr\u00edpode para permitirle montar el dispositivo en un tr\u00edpode cuando se miden largas distancias   Funci\u00f3n de estacado   C\u00e1lculo de Pit\u00e1goras mejorado para determinar distancias de manera indirecta a partir de otras tres mediciones   Respuesta audible al pulsar las teclas   Almacenamiento de las \u00faltimas veinte mediciones para una recuperaci\u00f3n r\u00e1pida de las distancias   Gran protecci\u00f3n ambiental gracias a su estanquidad que cumple con la norma IP54 (contra el polvo y las salpicaduras)\" \/>\n<meta property=\"og:url\" content=\"https:\/\/techmasterdemexico.com\/producto\/medidor-laser-de-distancia-fluke-419d\/\" \/>\n<meta property=\"og:site_name\" content=\"Techmaster de Mexico\" \/>\n<meta property=\"article:modified_time\" content=\"2021-12-28T22:24:39+00:00\" \/>\n<meta property=\"og:image\" content=\"https:\/\/techmasterdemexico.com\/wp-content\/uploads\/2021\/08\/419D.png\" \/>\n\t<meta property=\"og:image:width\" content=\"600\" \/>\n\t<meta property=\"og:image:height\" content=\"600\" \/>\n\t<meta property=\"og:image:type\" content=\"image\/png\" \/>\n<meta name=\"twitter:card\" content=\"summary_large_image\" \/>\n<script type=\"application\/ld+json\" class=\"yoast-schema-graph\">{\"@context\":\"https:\\\/\\\/schema.org\",\"@graph\":[{\"@type\":\"WebPage\",\"@id\":\"https:\\\/\\\/techmasterdemexico.com\\\/producto\\\/medidor-laser-de-distancia-fluke-419d\\\/\",\"url\":\"https:\\\/\\\/techmasterdemexico.com\\\/producto\\\/medidor-laser-de-distancia-fluke-419d\\\/\",\"name\":\"Medidor l\u00e1ser de distancia Fluke 419D - Techmaster de Mexico\",\"isPartOf\":{\"@id\":\"https:\\\/\\\/techmasterdemexico.com\\\/#website\"},\"primaryImageOfPage\":{\"@id\":\"https:\\\/\\\/techmasterdemexico.com\\\/producto\\\/medidor-laser-de-distancia-fluke-419d\\\/#primaryimage\"},\"image\":{\"@id\":\"https:\\\/\\\/techmasterdemexico.com\\\/producto\\\/medidor-laser-de-distancia-fluke-419d\\\/#primaryimage\"},\"thumbnailUrl\":\"https:\\\/\\\/techmasterdemexico.com\\\/wp-content\\\/uploads\\\/2021\\\/08\\\/419D.png\",\"datePublished\":\"2021-08-19T18:30:15+00:00\",\"dateModified\":\"2021-12-28T22:24:39+00:00\",\"breadcrumb\":{\"@id\":\"https:\\\/\\\/techmasterdemexico.com\\\/producto\\\/medidor-laser-de-distancia-fluke-419d\\\/#breadcrumb\"},\"inLanguage\":\"en-US\",\"potentialAction\":[{\"@type\":\"ReadAction\",\"target\":[\"https:\\\/\\\/techmasterdemexico.com\\\/producto\\\/medidor-laser-de-distancia-fluke-419d\\\/\"]}]},{\"@type\":\"ImageObject\",\"inLanguage\":\"en-US\",\"@id\":\"https:\\\/\\\/techmasterdemexico.com\\\/producto\\\/medidor-laser-de-distancia-fluke-419d\\\/#primaryimage\",\"url\":\"https:\\\/\\\/techmasterdemexico.com\\\/wp-content\\\/uploads\\\/2021\\\/08\\\/419D.png\",\"contentUrl\":\"https:\\\/\\\/techmasterdemexico.com\\\/wp-content\\\/uploads\\\/2021\\\/08\\\/419D.png\",\"width\":600,\"height\":600},{\"@type\":\"BreadcrumbList\",\"@id\":\"https:\\\/\\\/techmasterdemexico.com\\\/producto\\\/medidor-laser-de-distancia-fluke-419d\\\/#breadcrumb\",\"itemListElement\":[{\"@type\":\"ListItem\",\"position\":1,\"name\":\"Portada\",\"item\":\"https:\\\/\\\/techmasterdemexico.com\\\/\"},{\"@type\":\"ListItem\",\"position\":2,\"name\":\"Medidor l\u00e1ser de distancia Fluke 419D\"}]},{\"@type\":\"WebSite\",\"@id\":\"https:\\\/\\\/techmasterdemexico.com\\\/#website\",\"url\":\"https:\\\/\\\/techmasterdemexico.com\\\/\",\"name\":\"Techmaster de Mexico\",\"description\":\"\",\"potentialAction\":[{\"@type\":\"SearchAction\",\"target\":{\"@type\":\"EntryPoint\",\"urlTemplate\":\"https:\\\/\\\/techmasterdemexico.com\\\/?s={search_term_string}\"},\"query-input\":{\"@type\":\"PropertyValueSpecification\",\"valueRequired\":true,\"valueName\":\"search_term_string\"}}],\"inLanguage\":\"en-US\"}]}<\/script>\n<!-- \/ Yoast SEO plugin. -->","yoast_head_json":{"title":"Medidor l\u00e1ser de distancia Fluke 419D - Techmaster de Mexico","robots":{"index":"index","follow":"follow","max-snippet":"max-snippet:-1","max-image-preview":"max-image-preview:large","max-video-preview":"max-video-preview:-1"},"canonical":"https:\/\/techmasterdemexico.com\/producto\/medidor-laser-de-distancia-fluke-419d\/","og_locale":"en_US","og_type":"article","og_title":"Medidor l\u00e1ser de distancia Fluke 419D - Techmaster de Mexico","og_description":"Los medidores de distancia 419D ofrecen estas funciones mejoradas:    Mediciones de hasta 80 m (260 ft)   Mayor exactitud: \u00b11 mm (0.04 in)   Visualizaci\u00f3n de m\u00e1s datos con la pantalla retroiluminada de tres l\u00edneas   Funci\u00f3n de Pit\u00e1goras completa para mediciones de altura   Almacenamiento de 20 visualizaciones completas para una r\u00e1pida recuperaci\u00f3n   Respuesta audible al pulsar las teclas   Funci\u00f3n m\u00ednimo\/m\u00e1ximo   Modo tr\u00edpode para montar el dispositivo en un tr\u00edpode cuando necesite medir largas distancias   La funci\u00f3n de estacado lo ayuda a marcar longitudes definidas, por ejemplo cuando construye marcos de madera   Correcci\u00f3n autom\u00e1tica de extremo: para medir desde un borde o una esquina, un sensor integrado detecta la posici\u00f3n de esta escuadra y cambia autom\u00e1ticamente el punto de referencia.   Protecci\u00f3n ambiental mejorada: clasificaci\u00f3n IP54, resistente al polvo y a las salpicaduras   Duraci\u00f3n mejorada de la bater\u00eda que permite 5000 mediciones con la funci\u00f3n de l\u00e1ser autom\u00e1tico deshabilitada y la funci\u00f3n de apagado autom\u00e1tico.   Como todos los medidores l\u00e1ser de distancia Fluke, el 419D ofrece mediciones instant\u00e1neas, con un solo bot\u00f3n, de la distancia entre dos objetos. Incluyen adem\u00e1s:    L\u00e1ser brillante para f\u00e1cil ubicaci\u00f3n del objetivo   R\u00e1pidos c\u00e1lculos del \u00e1rea (pies\/metros cuadrados) y del volumen   Funci\u00f3n de suma y resta de f\u00e1cil uso   La bolsa de transporte se asegura al cintur\u00f3n de herramientas   Todos los medidores ofrecen:    Reducci\u00f3n de los errores de estimaci\u00f3n, ahorrando tanto tiempo como dinero   La tecnolog\u00eda l\u00e1ser 2 m\u00e1s avanzada para la medici\u00f3n de distancias   Mediciones instant\u00e1neas con una sola operaci\u00f3n de bot\u00f3n   Sencilla funci\u00f3n de suma y resta   C\u00e1lculo r\u00e1pido del \u00e1rea (pies cuadrados) y del volumen   Suma y resta de mediciones de forma sencilla   Funci\u00f3n m\u00ednimo\/m\u00e1ximo   Mayor vida \u00fatil de la bater\u00eda gracias a la funci\u00f3n de apagado autom\u00e1tico   C\u00e1lculo de Pit\u00e1goras para determinar distancias de manera indirecta a partir de otras dos mediciones   Bolsa con el logo de Fluke   Tres a\u00f1os de garant\u00eda   El 419D ofrece de forma adicional:    Visibilidad mejorada con pantalla retroiluminada   Capacidad de mediciones de hasta 80 m (260 ft) para el 419D   Modo tr\u00edpode para permitirle montar el dispositivo en un tr\u00edpode cuando se miden largas distancias   Funci\u00f3n de estacado   C\u00e1lculo de Pit\u00e1goras mejorado para determinar distancias de manera indirecta a partir de otras tres mediciones   Respuesta audible al pulsar las teclas   Almacenamiento de las \u00faltimas veinte mediciones para una recuperaci\u00f3n r\u00e1pida de las distancias   Gran protecci\u00f3n ambiental gracias a su estanquidad que cumple con la norma IP54 (contra el polvo y las salpicaduras)","og_url":"https:\/\/techmasterdemexico.com\/producto\/medidor-laser-de-distancia-fluke-419d\/","og_site_name":"Techmaster de Mexico","article_modified_time":"2021-12-28T22:24:39+00:00","og_image":[{"width":600,"height":600,"url":"https:\/\/techmasterdemexico.com\/wp-content\/uploads\/2021\/08\/419D.png","type":"image\/png"}],"twitter_card":"summary_large_image","schema":{"@context":"https:\/\/schema.org","@graph":[{"@type":"WebPage","@id":"https:\/\/techmasterdemexico.com\/producto\/medidor-laser-de-distancia-fluke-419d\/","url":"https:\/\/techmasterdemexico.com\/producto\/medidor-laser-de-distancia-fluke-419d\/","name":"Medidor l\u00e1ser de distancia Fluke 419D - Techmaster de Mexico","isPartOf":{"@id":"https:\/\/techmasterdemexico.com\/#website"},"primaryImageOfPage":{"@id":"https:\/\/techmasterdemexico.com\/producto\/medidor-laser-de-distancia-fluke-419d\/#primaryimage"},"image":{"@id":"https:\/\/techmasterdemexico.com\/producto\/medidor-laser-de-distancia-fluke-419d\/#primaryimage"},"thumbnailUrl":"https:\/\/techmasterdemexico.com\/wp-content\/uploads\/2021\/08\/419D.png","datePublished":"2021-08-19T18:30:15+00:00","dateModified":"2021-12-28T22:24:39+00:00","breadcrumb":{"@id":"https:\/\/techmasterdemexico.com\/producto\/medidor-laser-de-distancia-fluke-419d\/#breadcrumb"},"inLanguage":"en-US","potentialAction":[{"@type":"ReadAction","target":["https:\/\/techmasterdemexico.com\/producto\/medidor-laser-de-distancia-fluke-419d\/"]}]},{"@type":"ImageObject","inLanguage":"en-US","@id":"https:\/\/techmasterdemexico.com\/producto\/medidor-laser-de-distancia-fluke-419d\/#primaryimage","url":"https:\/\/techmasterdemexico.com\/wp-content\/uploads\/2021\/08\/419D.png","contentUrl":"https:\/\/techmasterdemexico.com\/wp-content\/uploads\/2021\/08\/419D.png","width":600,"height":600},{"@type":"BreadcrumbList","@id":"https:\/\/techmasterdemexico.com\/producto\/medidor-laser-de-distancia-fluke-419d\/#breadcrumb","itemListElement":[{"@type":"ListItem","position":1,"name":"Portada","item":"https:\/\/techmasterdemexico.com\/"},{"@type":"ListItem","position":2,"name":"Medidor l\u00e1ser de distancia Fluke 419D"}]},{"@type":"WebSite","@id":"https:\/\/techmasterdemexico.com\/#website","url":"https:\/\/techmasterdemexico.com\/","name":"Techmaster de Mexico","description":"","potentialAction":[{"@type":"SearchAction","target":{"@type":"EntryPoint","urlTemplate":"https:\/\/techmasterdemexico.com\/?s={search_term_string}"},"query-input":{"@type":"PropertyValueSpecification","valueRequired":true,"valueName":"search_term_string"}}],"inLanguage":"en-US"}]}},"brands":[{"id":31,"name":"Fluke","slug":"fluke"}],"_links":{"self":[{"href":"https:\/\/techmasterdemexico.com\/en\/wp-json\/wp\/v2\/product\/8176","targetHints":{"allow":["GET"]}}],"collection":[{"href":"https:\/\/techmasterdemexico.com\/en\/wp-json\/wp\/v2\/product"}],"about":[{"href":"https:\/\/techmasterdemexico.com\/en\/wp-json\/wp\/v2\/types\/product"}],"wp:featuredmedia":[{"embeddable":true,"href":"https:\/\/techmasterdemexico.com\/en\/wp-json\/wp\/v2\/media\/9782"}],"wp:attachment":[{"href":"https:\/\/techmasterdemexico.com\/en\/wp-json\/wp\/v2\/media?parent=8176"}],"wp:term":[{"taxonomy":"pwb-brand","embeddable":true,"href":"https:\/\/techmasterdemexico.com\/en\/wp-json\/wp\/v2\/pwb-brand?post=8176"},{"taxonomy":"product_brand","embeddable":true,"href":"https:\/\/techmasterdemexico.com\/en\/wp-json\/wp\/v2\/product_brand?post=8176"},{"taxonomy":"product_cat","embeddable":true,"href":"https:\/\/techmasterdemexico.com\/en\/wp-json\/wp\/v2\/product_cat?post=8176"},{"taxonomy":"product_tag","embeddable":true,"href":"https:\/\/techmasterdemexico.com\/en\/wp-json\/wp\/v2\/product_tag?post=8176"}],"curies":[{"name":"wp","href":"https:\/\/api.w.org\/{rel}","templated":true}]}}