{"id":8175,"date":"2021-08-19T18:30:15","date_gmt":"2021-08-19T18:30:15","guid":{"rendered":"http:\/\/techmastermx.ddns.net\/producto\/medidor-laser-de-distancia-fluke-424d\/"},"modified":"2021-12-28T22:24:38","modified_gmt":"2021-12-28T22:24:38","slug":"medidor-laser-de-distancia-fluke-424d","status":"publish","type":"product","link":"https:\/\/techmasterdemexico.com\/en\/producto\/medidor-laser-de-distancia-fluke-424d\/","title":{"rendered":"Medidor l\u00e1ser de distancia Fluke 424D"},"content":{"rendered":"<p>Medidor l\u00e1ser de distancia Fluke 424D<\/p>\n<p>El 424D de Fluke es nuestro medidor l\u00e1ser de distancia m\u00e1s sofisticado, que incluye distintas funciones que le permiten ahorrar m\u00e1s tiempo en m\u00e1s situaciones. Ampl\u00eda el alcance de medici\u00f3n a 100 metros (330 ft). Ofrece una pantalla m\u00e1s grande de 4 l\u00edneas, una br\u00fajula incorporada y un sensor de inclinaci\u00f3n de 180\u00ba para nivelaciones y monitoreo de altura.<\/p>\n","protected":false},"excerpt":{"rendered":"<ul>\n<li>Mide hasta 100 m (330 ft)<\/li>\n<li>Mayor exactitud: \u00b11 mm (0.04 in)<\/li>\n<li>La pantalla de 4 l\u00edneas le muestra incluso m\u00e1s datos de una sola vez<\/li>\n<li>El sensor de inclinaci\u00f3n lo ayuda con el seguimiento de la altura, la nivelaci\u00f3n y las mediciones de distancia horizontal indirecta cuando la visibilidad est\u00e1 bloqueada por un obst\u00e1culo.<\/li>\n<li>La funci\u00f3n de \u00e1ngulo de esquina le permite determinar el \u00e1ngulo de una esquina<\/li>\n<li>La br\u00fajula proporciona un &#8220;rumbo&#8221; para sus mediciones de distancias<\/li>\n<li>Almacena 20 visualizaciones completas para una r\u00e1pida recuperaci\u00f3n<\/li>\n<li>Retroiluminaci\u00f3n<\/li>\n<li>El modo tr\u00edpode le permite montar el dispositivo en un tr\u00edpode cuando necesita medir largas distancias<\/li>\n<li>Funci\u00f3n de Pit\u00e1goras completa para mediciones de altura<\/li>\n<li>Respuesta audible al pulsar las teclas<\/li>\n<li>La funci\u00f3n de estacado lo ayuda a marcar longitudes definidas, por ejemplo cuando construye marcos de madera<\/li>\n<li>Correcci\u00f3n autom\u00e1tica de extremo: para medir desde un borde o una esquina, un sensor integrado detecta la posici\u00f3n de esta escuadra y cambia autom\u00e1ticamente el punto de referencia.<\/li>\n<li>Funci\u00f3n m\u00ednimo\/m\u00e1ximo<\/li>\n<li>Protecci\u00f3n ambiental mejorada: clasificaci\u00f3n IP54, resistente al polvo y a las salpicaduras<\/li>\n<li>Autonom\u00eda mejorada de la bater\u00eda para realizar 5000 mediciones, con caracter\u00edstica de apagado autom\u00e1tico<\/li>\n<\/ul>\n<p>Como todos los medidores l\u00e1ser de distancia de Fluke, el 424D ofrece mediciones instant\u00e1neas, con un solo bot\u00f3n, de la distancia entre dos objetos con:<\/p>\n<ul>\n<li>Determinaci\u00f3n sencilla del objetivo con un l\u00e1ser brillante<\/li>\n<li>R\u00e1pidos c\u00e1lculos del \u00e1rea (pies\/metros cuadrados) y del volumen<\/li>\n<li>Funci\u00f3n de suma y resta de f\u00e1cil uso<\/li>\n<\/ul>\n<p>Todos los medidores ofrecen:<\/p>\n<ul>\n<li>Reducci\u00f3n de los errores de estimaci\u00f3n, ahorrando tanto tiempo como dinero<\/li>\n<li>La tecnolog\u00eda l\u00e1ser 2 m\u00e1s avanzada para la medici\u00f3n de distancias<\/li>\n<li>Mediciones instant\u00e1neas con una sola operaci\u00f3n de bot\u00f3n<\/li>\n<li>Sencilla funci\u00f3n de suma y resta<\/li>\n<li>C\u00e1lculo r\u00e1pido del \u00e1rea (pies cuadrados) y del volumen<\/li>\n<li>Suma y resta de mediciones de forma sencilla<\/li>\n<li>Funci\u00f3n m\u00ednimo\/m\u00e1ximo<\/li>\n<li>Mayor vida \u00fatil de la bater\u00eda gracias a la funci\u00f3n de apagado autom\u00e1tico<\/li>\n<li>C\u00e1lculo de Pit\u00e1goras para determinar distancias de manera indirecta a partir de otras dos mediciones<\/li>\n<li>Bolsa con el logo de Fluke<\/li>\n<li>Tres a\u00f1os de garant\u00eda<\/li>\n<\/ul>\n<p>El 424D ofrece de forma adicional:<\/p>\n<ul>\n<li>Visibilidad mejorada con pantalla retroiluminada<\/li>\n<li>Posibilidad de medir hasta 100 m (330 ft)<\/li>\n<li>Modo tr\u00edpode para permitirle montar el dispositivo en un tr\u00edpode cuando se miden largas distancias<\/li>\n<li>Funci\u00f3n de estacado<\/li>\n<li>C\u00e1lculo de Pit\u00e1goras mejorado para determinar distancias de manera indirecta a partir de otras tres mediciones<\/li>\n<li>Respuesta audible al pulsar las teclas<\/li>\n<li>Almacenamiento de las \u00faltimas veinte mediciones para una recuperaci\u00f3n r\u00e1pida de las distancias<\/li>\n<li>Gran protecci\u00f3n ambiental gracias a su estanquidad que cumple con la norma IP54 (contra el polvo y las salpicaduras)<\/li>\n<li>Sensor de inclinaci\u00f3n para realizar mediciones en \u00e1reas dif\u00edciles de alcanzar<\/li>\n<li>La br\u00fajula proporciona un &#8220;rumbo&#8221; para la medici\u00f3n de distancias<\/li>\n<li>Correcci\u00f3n autom\u00e1tica de extremo: al medir desde un borde o una esquina, un sensor integrado detecta la posici\u00f3n de esta escuadra y cambia autom\u00e1ticamente el punto de referencia.<\/li>\n<\/ul>\n","protected":false},"featured_media":9970,"template":"","meta":{"_acf_changed":false},"pwb-brand":[31],"product_brand":[],"product_cat":[366,30,144],"product_tag":[],"class_list":{"0":"post-8175","1":"product","2":"type-product","3":"status-publish","4":"has-post-thumbnail","6":"pwb-brand-fluke","7":"product_cat-todos-los-productos","8":"product_cat-fluke","9":"product_cat-medidores-laser-de-distancia","11":"first","12":"instock","13":"taxable","14":"shipping-taxable","15":"product-type-simple"},"acf":[],"yoast_head":"<!-- This site is optimized with the Yoast SEO plugin v27.4 - https:\/\/yoast.com\/product\/yoast-seo-wordpress\/ -->\n<title>Medidor l\u00e1ser de distancia Fluke 424D - Techmaster de Mexico<\/title>\n<meta name=\"robots\" content=\"index, follow, max-snippet:-1, max-image-preview:large, max-video-preview:-1\" \/>\n<link rel=\"canonical\" href=\"https:\/\/techmasterdemexico.com\/producto\/medidor-laser-de-distancia-fluke-424d\/\" \/>\n<meta property=\"og:locale\" content=\"en_US\" \/>\n<meta property=\"og:type\" content=\"article\" \/>\n<meta property=\"og:title\" content=\"Medidor l\u00e1ser de distancia Fluke 424D - Techmaster de Mexico\" \/>\n<meta property=\"og:description\" content=\"Mide hasta 100 m (330 ft)   Mayor exactitud: \u00b11 mm (0.04 in)   La pantalla de 4 l\u00edneas le muestra incluso m\u00e1s datos de una sola vez   El sensor de inclinaci\u00f3n lo ayuda con el seguimiento de la altura, la nivelaci\u00f3n y las mediciones de distancia horizontal indirecta cuando la visibilidad est\u00e1 bloqueada por un obst\u00e1culo.   La funci\u00f3n de \u00e1ngulo de esquina le permite determinar el \u00e1ngulo de una esquina   La br\u00fajula proporciona un &quot;rumbo&quot; para sus mediciones de distancias   Almacena 20 visualizaciones completas para una r\u00e1pida recuperaci\u00f3n   Retroiluminaci\u00f3n   El modo tr\u00edpode le permite montar el dispositivo en un tr\u00edpode cuando necesita medir largas distancias   Funci\u00f3n de Pit\u00e1goras completa para mediciones de altura   Respuesta audible al pulsar las teclas   La funci\u00f3n de estacado lo ayuda a marcar longitudes definidas, por ejemplo cuando construye marcos de madera   Correcci\u00f3n autom\u00e1tica de extremo: para medir desde un borde o una esquina, un sensor integrado detecta la posici\u00f3n de esta escuadra y cambia autom\u00e1ticamente el punto de referencia.   Funci\u00f3n m\u00ednimo\/m\u00e1ximo   Protecci\u00f3n ambiental mejorada: clasificaci\u00f3n IP54, resistente al polvo y a las salpicaduras   Autonom\u00eda mejorada de la bater\u00eda para realizar 5000 mediciones, con caracter\u00edstica de apagado autom\u00e1tico   Como todos los medidores l\u00e1ser de distancia de Fluke, el 424D ofrece mediciones instant\u00e1neas, con un solo bot\u00f3n, de la distancia entre dos objetos con:    Determinaci\u00f3n sencilla del objetivo con un l\u00e1ser brillante   R\u00e1pidos c\u00e1lculos del \u00e1rea (pies\/metros cuadrados) y del volumen   Funci\u00f3n de suma y resta de f\u00e1cil uso   Todos los medidores ofrecen:    Reducci\u00f3n de los errores de estimaci\u00f3n, ahorrando tanto tiempo como dinero   La tecnolog\u00eda l\u00e1ser 2 m\u00e1s avanzada para la medici\u00f3n de distancias   Mediciones instant\u00e1neas con una sola operaci\u00f3n de bot\u00f3n   Sencilla funci\u00f3n de suma y resta   C\u00e1lculo r\u00e1pido del \u00e1rea (pies cuadrados) y del volumen   Suma y resta de mediciones de forma sencilla   Funci\u00f3n m\u00ednimo\/m\u00e1ximo   Mayor vida \u00fatil de la bater\u00eda gracias a la funci\u00f3n de apagado autom\u00e1tico   C\u00e1lculo de Pit\u00e1goras para determinar distancias de manera indirecta a partir de otras dos mediciones   Bolsa con el logo de Fluke   Tres a\u00f1os de garant\u00eda   El 424D ofrece de forma adicional:    Visibilidad mejorada con pantalla retroiluminada   Posibilidad de medir hasta 100 m (330 ft)   Modo tr\u00edpode para permitirle montar el dispositivo en un tr\u00edpode cuando se miden largas distancias   Funci\u00f3n de estacado   C\u00e1lculo de Pit\u00e1goras mejorado para determinar distancias de manera indirecta a partir de otras tres mediciones   Respuesta audible al pulsar las teclas   Almacenamiento de las \u00faltimas veinte mediciones para una recuperaci\u00f3n r\u00e1pida de las distancias   Gran protecci\u00f3n ambiental gracias a su estanquidad que cumple con la norma IP54 (contra el polvo y las salpicaduras)   Sensor de inclinaci\u00f3n para realizar mediciones en \u00e1reas dif\u00edciles de alcanzar   La br\u00fajula proporciona un &quot;rumbo&quot; para la medici\u00f3n de distancias   Correcci\u00f3n autom\u00e1tica de extremo: al medir desde un borde o una esquina, un sensor integrado detecta la posici\u00f3n de esta escuadra y cambia autom\u00e1ticamente el punto de referencia.\" \/>\n<meta property=\"og:url\" content=\"https:\/\/techmasterdemexico.com\/producto\/medidor-laser-de-distancia-fluke-424d\/\" \/>\n<meta property=\"og:site_name\" content=\"Techmaster de Mexico\" \/>\n<meta property=\"article:modified_time\" content=\"2021-12-28T22:24:38+00:00\" \/>\n<meta property=\"og:image\" content=\"https:\/\/techmasterdemexico.com\/wp-content\/uploads\/2021\/08\/image.png\" \/>\n\t<meta property=\"og:image:width\" content=\"600\" \/>\n\t<meta property=\"og:image:height\" content=\"600\" \/>\n\t<meta property=\"og:image:type\" content=\"image\/png\" \/>\n<meta name=\"twitter:card\" content=\"summary_large_image\" \/>\n<script type=\"application\/ld+json\" class=\"yoast-schema-graph\">{\"@context\":\"https:\\\/\\\/schema.org\",\"@graph\":[{\"@type\":\"WebPage\",\"@id\":\"https:\\\/\\\/techmasterdemexico.com\\\/producto\\\/medidor-laser-de-distancia-fluke-424d\\\/\",\"url\":\"https:\\\/\\\/techmasterdemexico.com\\\/producto\\\/medidor-laser-de-distancia-fluke-424d\\\/\",\"name\":\"Medidor l\u00e1ser de distancia Fluke 424D - Techmaster de Mexico\",\"isPartOf\":{\"@id\":\"https:\\\/\\\/techmasterdemexico.com\\\/#website\"},\"primaryImageOfPage\":{\"@id\":\"https:\\\/\\\/techmasterdemexico.com\\\/producto\\\/medidor-laser-de-distancia-fluke-424d\\\/#primaryimage\"},\"image\":{\"@id\":\"https:\\\/\\\/techmasterdemexico.com\\\/producto\\\/medidor-laser-de-distancia-fluke-424d\\\/#primaryimage\"},\"thumbnailUrl\":\"https:\\\/\\\/techmasterdemexico.com\\\/wp-content\\\/uploads\\\/2021\\\/08\\\/image.png\",\"datePublished\":\"2021-08-19T18:30:15+00:00\",\"dateModified\":\"2021-12-28T22:24:38+00:00\",\"breadcrumb\":{\"@id\":\"https:\\\/\\\/techmasterdemexico.com\\\/producto\\\/medidor-laser-de-distancia-fluke-424d\\\/#breadcrumb\"},\"inLanguage\":\"en-US\",\"potentialAction\":[{\"@type\":\"ReadAction\",\"target\":[\"https:\\\/\\\/techmasterdemexico.com\\\/producto\\\/medidor-laser-de-distancia-fluke-424d\\\/\"]}]},{\"@type\":\"ImageObject\",\"inLanguage\":\"en-US\",\"@id\":\"https:\\\/\\\/techmasterdemexico.com\\\/producto\\\/medidor-laser-de-distancia-fluke-424d\\\/#primaryimage\",\"url\":\"https:\\\/\\\/techmasterdemexico.com\\\/wp-content\\\/uploads\\\/2021\\\/08\\\/image.png\",\"contentUrl\":\"https:\\\/\\\/techmasterdemexico.com\\\/wp-content\\\/uploads\\\/2021\\\/08\\\/image.png\",\"width\":600,\"height\":600},{\"@type\":\"BreadcrumbList\",\"@id\":\"https:\\\/\\\/techmasterdemexico.com\\\/producto\\\/medidor-laser-de-distancia-fluke-424d\\\/#breadcrumb\",\"itemListElement\":[{\"@type\":\"ListItem\",\"position\":1,\"name\":\"Portada\",\"item\":\"https:\\\/\\\/techmasterdemexico.com\\\/\"},{\"@type\":\"ListItem\",\"position\":2,\"name\":\"Medidor l\u00e1ser de distancia Fluke 424D\"}]},{\"@type\":\"WebSite\",\"@id\":\"https:\\\/\\\/techmasterdemexico.com\\\/#website\",\"url\":\"https:\\\/\\\/techmasterdemexico.com\\\/\",\"name\":\"Techmaster de Mexico\",\"description\":\"\",\"potentialAction\":[{\"@type\":\"SearchAction\",\"target\":{\"@type\":\"EntryPoint\",\"urlTemplate\":\"https:\\\/\\\/techmasterdemexico.com\\\/?s={search_term_string}\"},\"query-input\":{\"@type\":\"PropertyValueSpecification\",\"valueRequired\":true,\"valueName\":\"search_term_string\"}}],\"inLanguage\":\"en-US\"}]}<\/script>\n<!-- \/ Yoast SEO plugin. -->","yoast_head_json":{"title":"Medidor l\u00e1ser de distancia Fluke 424D - Techmaster de Mexico","robots":{"index":"index","follow":"follow","max-snippet":"max-snippet:-1","max-image-preview":"max-image-preview:large","max-video-preview":"max-video-preview:-1"},"canonical":"https:\/\/techmasterdemexico.com\/producto\/medidor-laser-de-distancia-fluke-424d\/","og_locale":"en_US","og_type":"article","og_title":"Medidor l\u00e1ser de distancia Fluke 424D - Techmaster de Mexico","og_description":"Mide hasta 100 m (330 ft)   Mayor exactitud: \u00b11 mm (0.04 in)   La pantalla de 4 l\u00edneas le muestra incluso m\u00e1s datos de una sola vez   El sensor de inclinaci\u00f3n lo ayuda con el seguimiento de la altura, la nivelaci\u00f3n y las mediciones de distancia horizontal indirecta cuando la visibilidad est\u00e1 bloqueada por un obst\u00e1culo.   La funci\u00f3n de \u00e1ngulo de esquina le permite determinar el \u00e1ngulo de una esquina   La br\u00fajula proporciona un \"rumbo\" para sus mediciones de distancias   Almacena 20 visualizaciones completas para una r\u00e1pida recuperaci\u00f3n   Retroiluminaci\u00f3n   El modo tr\u00edpode le permite montar el dispositivo en un tr\u00edpode cuando necesita medir largas distancias   Funci\u00f3n de Pit\u00e1goras completa para mediciones de altura   Respuesta audible al pulsar las teclas   La funci\u00f3n de estacado lo ayuda a marcar longitudes definidas, por ejemplo cuando construye marcos de madera   Correcci\u00f3n autom\u00e1tica de extremo: para medir desde un borde o una esquina, un sensor integrado detecta la posici\u00f3n de esta escuadra y cambia autom\u00e1ticamente el punto de referencia.   Funci\u00f3n m\u00ednimo\/m\u00e1ximo   Protecci\u00f3n ambiental mejorada: clasificaci\u00f3n IP54, resistente al polvo y a las salpicaduras   Autonom\u00eda mejorada de la bater\u00eda para realizar 5000 mediciones, con caracter\u00edstica de apagado autom\u00e1tico   Como todos los medidores l\u00e1ser de distancia de Fluke, el 424D ofrece mediciones instant\u00e1neas, con un solo bot\u00f3n, de la distancia entre dos objetos con:    Determinaci\u00f3n sencilla del objetivo con un l\u00e1ser brillante   R\u00e1pidos c\u00e1lculos del \u00e1rea (pies\/metros cuadrados) y del volumen   Funci\u00f3n de suma y resta de f\u00e1cil uso   Todos los medidores ofrecen:    Reducci\u00f3n de los errores de estimaci\u00f3n, ahorrando tanto tiempo como dinero   La tecnolog\u00eda l\u00e1ser 2 m\u00e1s avanzada para la medici\u00f3n de distancias   Mediciones instant\u00e1neas con una sola operaci\u00f3n de bot\u00f3n   Sencilla funci\u00f3n de suma y resta   C\u00e1lculo r\u00e1pido del \u00e1rea (pies cuadrados) y del volumen   Suma y resta de mediciones de forma sencilla   Funci\u00f3n m\u00ednimo\/m\u00e1ximo   Mayor vida \u00fatil de la bater\u00eda gracias a la funci\u00f3n de apagado autom\u00e1tico   C\u00e1lculo de Pit\u00e1goras para determinar distancias de manera indirecta a partir de otras dos mediciones   Bolsa con el logo de Fluke   Tres a\u00f1os de garant\u00eda   El 424D ofrece de forma adicional:    Visibilidad mejorada con pantalla retroiluminada   Posibilidad de medir hasta 100 m (330 ft)   Modo tr\u00edpode para permitirle montar el dispositivo en un tr\u00edpode cuando se miden largas distancias   Funci\u00f3n de estacado   C\u00e1lculo de Pit\u00e1goras mejorado para determinar distancias de manera indirecta a partir de otras tres mediciones   Respuesta audible al pulsar las teclas   Almacenamiento de las \u00faltimas veinte mediciones para una recuperaci\u00f3n r\u00e1pida de las distancias   Gran protecci\u00f3n ambiental gracias a su estanquidad que cumple con la norma IP54 (contra el polvo y las salpicaduras)   Sensor de inclinaci\u00f3n para realizar mediciones en \u00e1reas dif\u00edciles de alcanzar   La br\u00fajula proporciona un \"rumbo\" para la medici\u00f3n de distancias   Correcci\u00f3n autom\u00e1tica de extremo: al medir desde un borde o una esquina, un sensor integrado detecta la posici\u00f3n de esta escuadra y cambia autom\u00e1ticamente el punto de referencia.","og_url":"https:\/\/techmasterdemexico.com\/producto\/medidor-laser-de-distancia-fluke-424d\/","og_site_name":"Techmaster de Mexico","article_modified_time":"2021-12-28T22:24:38+00:00","og_image":[{"width":600,"height":600,"url":"https:\/\/techmasterdemexico.com\/wp-content\/uploads\/2021\/08\/image.png","type":"image\/png"}],"twitter_card":"summary_large_image","schema":{"@context":"https:\/\/schema.org","@graph":[{"@type":"WebPage","@id":"https:\/\/techmasterdemexico.com\/producto\/medidor-laser-de-distancia-fluke-424d\/","url":"https:\/\/techmasterdemexico.com\/producto\/medidor-laser-de-distancia-fluke-424d\/","name":"Medidor l\u00e1ser de distancia Fluke 424D - Techmaster de Mexico","isPartOf":{"@id":"https:\/\/techmasterdemexico.com\/#website"},"primaryImageOfPage":{"@id":"https:\/\/techmasterdemexico.com\/producto\/medidor-laser-de-distancia-fluke-424d\/#primaryimage"},"image":{"@id":"https:\/\/techmasterdemexico.com\/producto\/medidor-laser-de-distancia-fluke-424d\/#primaryimage"},"thumbnailUrl":"https:\/\/techmasterdemexico.com\/wp-content\/uploads\/2021\/08\/image.png","datePublished":"2021-08-19T18:30:15+00:00","dateModified":"2021-12-28T22:24:38+00:00","breadcrumb":{"@id":"https:\/\/techmasterdemexico.com\/producto\/medidor-laser-de-distancia-fluke-424d\/#breadcrumb"},"inLanguage":"en-US","potentialAction":[{"@type":"ReadAction","target":["https:\/\/techmasterdemexico.com\/producto\/medidor-laser-de-distancia-fluke-424d\/"]}]},{"@type":"ImageObject","inLanguage":"en-US","@id":"https:\/\/techmasterdemexico.com\/producto\/medidor-laser-de-distancia-fluke-424d\/#primaryimage","url":"https:\/\/techmasterdemexico.com\/wp-content\/uploads\/2021\/08\/image.png","contentUrl":"https:\/\/techmasterdemexico.com\/wp-content\/uploads\/2021\/08\/image.png","width":600,"height":600},{"@type":"BreadcrumbList","@id":"https:\/\/techmasterdemexico.com\/producto\/medidor-laser-de-distancia-fluke-424d\/#breadcrumb","itemListElement":[{"@type":"ListItem","position":1,"name":"Portada","item":"https:\/\/techmasterdemexico.com\/"},{"@type":"ListItem","position":2,"name":"Medidor l\u00e1ser de distancia Fluke 424D"}]},{"@type":"WebSite","@id":"https:\/\/techmasterdemexico.com\/#website","url":"https:\/\/techmasterdemexico.com\/","name":"Techmaster de Mexico","description":"","potentialAction":[{"@type":"SearchAction","target":{"@type":"EntryPoint","urlTemplate":"https:\/\/techmasterdemexico.com\/?s={search_term_string}"},"query-input":{"@type":"PropertyValueSpecification","valueRequired":true,"valueName":"search_term_string"}}],"inLanguage":"en-US"}]}},"brands":[{"id":31,"name":"Fluke","slug":"fluke"}],"_links":{"self":[{"href":"https:\/\/techmasterdemexico.com\/en\/wp-json\/wp\/v2\/product\/8175","targetHints":{"allow":["GET"]}}],"collection":[{"href":"https:\/\/techmasterdemexico.com\/en\/wp-json\/wp\/v2\/product"}],"about":[{"href":"https:\/\/techmasterdemexico.com\/en\/wp-json\/wp\/v2\/types\/product"}],"wp:featuredmedia":[{"embeddable":true,"href":"https:\/\/techmasterdemexico.com\/en\/wp-json\/wp\/v2\/media\/9970"}],"wp:attachment":[{"href":"https:\/\/techmasterdemexico.com\/en\/wp-json\/wp\/v2\/media?parent=8175"}],"wp:term":[{"taxonomy":"pwb-brand","embeddable":true,"href":"https:\/\/techmasterdemexico.com\/en\/wp-json\/wp\/v2\/pwb-brand?post=8175"},{"taxonomy":"product_brand","embeddable":true,"href":"https:\/\/techmasterdemexico.com\/en\/wp-json\/wp\/v2\/product_brand?post=8175"},{"taxonomy":"product_cat","embeddable":true,"href":"https:\/\/techmasterdemexico.com\/en\/wp-json\/wp\/v2\/product_cat?post=8175"},{"taxonomy":"product_tag","embeddable":true,"href":"https:\/\/techmasterdemexico.com\/en\/wp-json\/wp\/v2\/product_tag?post=8175"}],"curies":[{"name":"wp","href":"https:\/\/api.w.org\/{rel}","templated":true}]}}