{"id":8174,"date":"2021-08-19T18:30:14","date_gmt":"2021-08-19T18:30:14","guid":{"rendered":"http:\/\/techmastermx.ddns.net\/producto\/videoscopio-de-inspeccion-de-alta-resolucion-fluke-ds703-fc-con-fluke-connect\/"},"modified":"2021-12-28T22:24:39","modified_gmt":"2021-12-28T22:24:39","slug":"videoscopio-de-inspeccion-de-alta-resolucion-fluke-ds703-fc-con-fluke-connect","status":"publish","type":"product","link":"https:\/\/techmasterdemexico.com\/en\/producto\/videoscopio-de-inspeccion-de-alta-resolucion-fluke-ds703-fc-con-fluke-connect\/","title":{"rendered":"Videoscopio de inspecci\u00f3n de alta resoluci\u00f3n Fluke DS703 FC con Fluke Connect\u2122"},"content":{"rendered":"<p>Videoscopio de inspecci\u00f3n de alta resoluci\u00f3n Fluke DS703 FC con Fluke Connect\u2122<\/p>\n<p>Pantalla t\u00e1ctil capacitiva de 7 pulgadas para inspecciones precisas en lugares de dif\u00edcil acceso. C\u00e1mara de inspecci\u00f3n con grabaci\u00f3n de v\u00eddeo de 720p. Iluminaci\u00f3n LED ajustable y zoom digital para im\u00e1genes de calidad. La tecnolog\u00eda Up is Up\u2122 gira la pantalla de visualizaci\u00f3n para mostrar la imagen adecuadamente, con independencia de la orientaci\u00f3n de la sonda.<\/p>\n<p>Ahorre tiempo con el sistema Fluke Connect\u2122<\/p>\n<p>Sincronice las im\u00e1genes de forma inal\u00e1mbrica directamente entre su videoscopio de inspecci\u00f3n y el sistema Fluke Connect\u2122, y adj\u00fantelas a un registro de activos u orden de trabajo. Acceder a los registros de mantenimiento simult\u00e1neamente en el lugar de inspecci\u00f3n y desde la oficina o un lugar remoto permite agilizar la toma de decisiones y la colaboraci\u00f3n en tiempo real entre los miembros del equipo. Tambi\u00e9n puede transmitir en directo im\u00e1genes o v\u00eddeos desde el videoscopio de inspecci\u00f3n a un smartphone u ordenador.<\/p>\n","protected":false},"excerpt":{"rendered":"<ul>\n<li>Sonda de alta definici\u00f3n con doble c\u00e1mara<\/li>\n<li>Velocidades de procesamiento que proporcionan una imagen n\u00edtida y uniforme<\/li>\n<li>Pantalla LCD de 7 pulgadas para facilitar la visualizaci\u00f3n<\/li>\n<li>Funci\u00f3n zoom de macro a micro<\/li>\n<li>Iluminaci\u00f3n ajustable para capturar la mejor imagen<\/li>\n<li>Tecnolog\u00eda Up is Up\u00ae para una orientaci\u00f3n apropiada, independientemente de la posici\u00f3n de la sonda (solo sonda de 1,2 m)<\/li>\n<li>Fluke Connect\u2122 le permite guardar y compartir im\u00e1genes directamente desde la c\u00e1mara de inspecci\u00f3n<\/li>\n<\/ul>\n","protected":false},"featured_media":9788,"template":"","meta":{"_acf_changed":false},"pwb-brand":[31],"product_brand":[],"product_cat":[366,143,30],"product_tag":[],"class_list":{"0":"post-8174","1":"product","2":"type-product","3":"status-publish","4":"has-post-thumbnail","6":"pwb-brand-fluke","7":"product_cat-todos-los-productos","8":"product_cat-camaras-de-inspeccion-industrial","9":"product_cat-fluke","11":"first","12":"instock","13":"taxable","14":"shipping-taxable","15":"product-type-simple"},"acf":[],"yoast_head":"<!-- This site is optimized with the Yoast SEO plugin v27.4 - https:\/\/yoast.com\/product\/yoast-seo-wordpress\/ -->\n<title>Videoscopio de inspecci\u00f3n de alta resoluci\u00f3n Fluke DS703 FC con Fluke Connect\u2122 - Techmaster de Mexico<\/title>\n<meta name=\"robots\" content=\"index, follow, max-snippet:-1, max-image-preview:large, max-video-preview:-1\" \/>\n<link rel=\"canonical\" href=\"https:\/\/techmasterdemexico.com\/producto\/videoscopio-de-inspeccion-de-alta-resolucion-fluke-ds703-fc-con-fluke-connect\/\" \/>\n<meta property=\"og:locale\" content=\"en_US\" \/>\n<meta property=\"og:type\" content=\"article\" \/>\n<meta property=\"og:title\" content=\"Videoscopio de inspecci\u00f3n de alta resoluci\u00f3n Fluke DS703 FC con Fluke Connect\u2122 - Techmaster de Mexico\" \/>\n<meta property=\"og:description\" content=\"Sonda de alta definici\u00f3n con doble c\u00e1mara   Velocidades de procesamiento que proporcionan una imagen n\u00edtida y uniforme   Pantalla LCD de 7 pulgadas para facilitar la visualizaci\u00f3n   Funci\u00f3n zoom de macro a micro   Iluminaci\u00f3n ajustable para capturar la mejor imagen   Tecnolog\u00eda Up is Up\u00ae para una orientaci\u00f3n apropiada, independientemente de la posici\u00f3n de la sonda (solo sonda de 1,2 m)   Fluke Connect\u2122 le permite guardar y compartir im\u00e1genes directamente desde la c\u00e1mara de inspecci\u00f3n\" \/>\n<meta property=\"og:url\" content=\"https:\/\/techmasterdemexico.com\/producto\/videoscopio-de-inspeccion-de-alta-resolucion-fluke-ds703-fc-con-fluke-connect\/\" \/>\n<meta property=\"og:site_name\" content=\"Techmaster de Mexico\" \/>\n<meta property=\"article:modified_time\" content=\"2021-12-28T22:24:39+00:00\" \/>\n<meta property=\"og:image\" content=\"https:\/\/techmasterdemexico.com\/wp-content\/uploads\/2021\/08\/videoscopios.jpg\" \/>\n\t<meta property=\"og:image:width\" content=\"556\" \/>\n\t<meta property=\"og:image:height\" content=\"556\" \/>\n\t<meta property=\"og:image:type\" content=\"image\/jpeg\" \/>\n<meta name=\"twitter:card\" content=\"summary_large_image\" \/>\n<meta name=\"twitter:label1\" content=\"Est. reading time\" \/>\n\t<meta name=\"twitter:data1\" content=\"1 minute\" \/>\n<script type=\"application\/ld+json\" class=\"yoast-schema-graph\">{\"@context\":\"https:\\\/\\\/schema.org\",\"@graph\":[{\"@type\":\"WebPage\",\"@id\":\"https:\\\/\\\/techmasterdemexico.com\\\/producto\\\/videoscopio-de-inspeccion-de-alta-resolucion-fluke-ds703-fc-con-fluke-connect\\\/\",\"url\":\"https:\\\/\\\/techmasterdemexico.com\\\/producto\\\/videoscopio-de-inspeccion-de-alta-resolucion-fluke-ds703-fc-con-fluke-connect\\\/\",\"name\":\"Videoscopio de inspecci\u00f3n de alta resoluci\u00f3n Fluke DS703 FC con Fluke Connect\u2122 - Techmaster de Mexico\",\"isPartOf\":{\"@id\":\"https:\\\/\\\/techmasterdemexico.com\\\/#website\"},\"primaryImageOfPage\":{\"@id\":\"https:\\\/\\\/techmasterdemexico.com\\\/producto\\\/videoscopio-de-inspeccion-de-alta-resolucion-fluke-ds703-fc-con-fluke-connect\\\/#primaryimage\"},\"image\":{\"@id\":\"https:\\\/\\\/techmasterdemexico.com\\\/producto\\\/videoscopio-de-inspeccion-de-alta-resolucion-fluke-ds703-fc-con-fluke-connect\\\/#primaryimage\"},\"thumbnailUrl\":\"https:\\\/\\\/techmasterdemexico.com\\\/wp-content\\\/uploads\\\/2021\\\/08\\\/videoscopios.jpg\",\"datePublished\":\"2021-08-19T18:30:14+00:00\",\"dateModified\":\"2021-12-28T22:24:39+00:00\",\"breadcrumb\":{\"@id\":\"https:\\\/\\\/techmasterdemexico.com\\\/producto\\\/videoscopio-de-inspeccion-de-alta-resolucion-fluke-ds703-fc-con-fluke-connect\\\/#breadcrumb\"},\"inLanguage\":\"en-US\",\"potentialAction\":[{\"@type\":\"ReadAction\",\"target\":[\"https:\\\/\\\/techmasterdemexico.com\\\/producto\\\/videoscopio-de-inspeccion-de-alta-resolucion-fluke-ds703-fc-con-fluke-connect\\\/\"]}]},{\"@type\":\"ImageObject\",\"inLanguage\":\"en-US\",\"@id\":\"https:\\\/\\\/techmasterdemexico.com\\\/producto\\\/videoscopio-de-inspeccion-de-alta-resolucion-fluke-ds703-fc-con-fluke-connect\\\/#primaryimage\",\"url\":\"https:\\\/\\\/techmasterdemexico.com\\\/wp-content\\\/uploads\\\/2021\\\/08\\\/videoscopios.jpg\",\"contentUrl\":\"https:\\\/\\\/techmasterdemexico.com\\\/wp-content\\\/uploads\\\/2021\\\/08\\\/videoscopios.jpg\",\"width\":556,\"height\":556},{\"@type\":\"BreadcrumbList\",\"@id\":\"https:\\\/\\\/techmasterdemexico.com\\\/producto\\\/videoscopio-de-inspeccion-de-alta-resolucion-fluke-ds703-fc-con-fluke-connect\\\/#breadcrumb\",\"itemListElement\":[{\"@type\":\"ListItem\",\"position\":1,\"name\":\"Portada\",\"item\":\"https:\\\/\\\/techmasterdemexico.com\\\/\"},{\"@type\":\"ListItem\",\"position\":2,\"name\":\"Videoscopio de inspecci\u00f3n de alta resoluci\u00f3n Fluke DS703 FC con Fluke Connect\u2122\"}]},{\"@type\":\"WebSite\",\"@id\":\"https:\\\/\\\/techmasterdemexico.com\\\/#website\",\"url\":\"https:\\\/\\\/techmasterdemexico.com\\\/\",\"name\":\"Techmaster de Mexico\",\"description\":\"\",\"potentialAction\":[{\"@type\":\"SearchAction\",\"target\":{\"@type\":\"EntryPoint\",\"urlTemplate\":\"https:\\\/\\\/techmasterdemexico.com\\\/?s={search_term_string}\"},\"query-input\":{\"@type\":\"PropertyValueSpecification\",\"valueRequired\":true,\"valueName\":\"search_term_string\"}}],\"inLanguage\":\"en-US\"}]}<\/script>\n<!-- \/ Yoast SEO plugin. -->","yoast_head_json":{"title":"Videoscopio de inspecci\u00f3n de alta resoluci\u00f3n Fluke DS703 FC con Fluke Connect\u2122 - Techmaster de Mexico","robots":{"index":"index","follow":"follow","max-snippet":"max-snippet:-1","max-image-preview":"max-image-preview:large","max-video-preview":"max-video-preview:-1"},"canonical":"https:\/\/techmasterdemexico.com\/producto\/videoscopio-de-inspeccion-de-alta-resolucion-fluke-ds703-fc-con-fluke-connect\/","og_locale":"en_US","og_type":"article","og_title":"Videoscopio de inspecci\u00f3n de alta resoluci\u00f3n Fluke DS703 FC con Fluke Connect\u2122 - Techmaster de Mexico","og_description":"Sonda de alta definici\u00f3n con doble c\u00e1mara   Velocidades de procesamiento que proporcionan una imagen n\u00edtida y uniforme   Pantalla LCD de 7 pulgadas para facilitar la visualizaci\u00f3n   Funci\u00f3n zoom de macro a micro   Iluminaci\u00f3n ajustable para capturar la mejor imagen   Tecnolog\u00eda Up is Up\u00ae para una orientaci\u00f3n apropiada, independientemente de la posici\u00f3n de la sonda (solo sonda de 1,2 m)   Fluke Connect\u2122 le permite guardar y compartir im\u00e1genes directamente desde la c\u00e1mara de inspecci\u00f3n","og_url":"https:\/\/techmasterdemexico.com\/producto\/videoscopio-de-inspeccion-de-alta-resolucion-fluke-ds703-fc-con-fluke-connect\/","og_site_name":"Techmaster de Mexico","article_modified_time":"2021-12-28T22:24:39+00:00","og_image":[{"width":556,"height":556,"url":"https:\/\/techmasterdemexico.com\/wp-content\/uploads\/2021\/08\/videoscopios.jpg","type":"image\/jpeg"}],"twitter_card":"summary_large_image","twitter_misc":{"Est. reading time":"1 minute"},"schema":{"@context":"https:\/\/schema.org","@graph":[{"@type":"WebPage","@id":"https:\/\/techmasterdemexico.com\/producto\/videoscopio-de-inspeccion-de-alta-resolucion-fluke-ds703-fc-con-fluke-connect\/","url":"https:\/\/techmasterdemexico.com\/producto\/videoscopio-de-inspeccion-de-alta-resolucion-fluke-ds703-fc-con-fluke-connect\/","name":"Videoscopio de inspecci\u00f3n de alta resoluci\u00f3n Fluke DS703 FC con Fluke Connect\u2122 - Techmaster de Mexico","isPartOf":{"@id":"https:\/\/techmasterdemexico.com\/#website"},"primaryImageOfPage":{"@id":"https:\/\/techmasterdemexico.com\/producto\/videoscopio-de-inspeccion-de-alta-resolucion-fluke-ds703-fc-con-fluke-connect\/#primaryimage"},"image":{"@id":"https:\/\/techmasterdemexico.com\/producto\/videoscopio-de-inspeccion-de-alta-resolucion-fluke-ds703-fc-con-fluke-connect\/#primaryimage"},"thumbnailUrl":"https:\/\/techmasterdemexico.com\/wp-content\/uploads\/2021\/08\/videoscopios.jpg","datePublished":"2021-08-19T18:30:14+00:00","dateModified":"2021-12-28T22:24:39+00:00","breadcrumb":{"@id":"https:\/\/techmasterdemexico.com\/producto\/videoscopio-de-inspeccion-de-alta-resolucion-fluke-ds703-fc-con-fluke-connect\/#breadcrumb"},"inLanguage":"en-US","potentialAction":[{"@type":"ReadAction","target":["https:\/\/techmasterdemexico.com\/producto\/videoscopio-de-inspeccion-de-alta-resolucion-fluke-ds703-fc-con-fluke-connect\/"]}]},{"@type":"ImageObject","inLanguage":"en-US","@id":"https:\/\/techmasterdemexico.com\/producto\/videoscopio-de-inspeccion-de-alta-resolucion-fluke-ds703-fc-con-fluke-connect\/#primaryimage","url":"https:\/\/techmasterdemexico.com\/wp-content\/uploads\/2021\/08\/videoscopios.jpg","contentUrl":"https:\/\/techmasterdemexico.com\/wp-content\/uploads\/2021\/08\/videoscopios.jpg","width":556,"height":556},{"@type":"BreadcrumbList","@id":"https:\/\/techmasterdemexico.com\/producto\/videoscopio-de-inspeccion-de-alta-resolucion-fluke-ds703-fc-con-fluke-connect\/#breadcrumb","itemListElement":[{"@type":"ListItem","position":1,"name":"Portada","item":"https:\/\/techmasterdemexico.com\/"},{"@type":"ListItem","position":2,"name":"Videoscopio de inspecci\u00f3n de alta resoluci\u00f3n Fluke DS703 FC con Fluke Connect\u2122"}]},{"@type":"WebSite","@id":"https:\/\/techmasterdemexico.com\/#website","url":"https:\/\/techmasterdemexico.com\/","name":"Techmaster de Mexico","description":"","potentialAction":[{"@type":"SearchAction","target":{"@type":"EntryPoint","urlTemplate":"https:\/\/techmasterdemexico.com\/?s={search_term_string}"},"query-input":{"@type":"PropertyValueSpecification","valueRequired":true,"valueName":"search_term_string"}}],"inLanguage":"en-US"}]}},"brands":[{"id":31,"name":"Fluke","slug":"fluke"}],"_links":{"self":[{"href":"https:\/\/techmasterdemexico.com\/en\/wp-json\/wp\/v2\/product\/8174","targetHints":{"allow":["GET"]}}],"collection":[{"href":"https:\/\/techmasterdemexico.com\/en\/wp-json\/wp\/v2\/product"}],"about":[{"href":"https:\/\/techmasterdemexico.com\/en\/wp-json\/wp\/v2\/types\/product"}],"wp:featuredmedia":[{"embeddable":true,"href":"https:\/\/techmasterdemexico.com\/en\/wp-json\/wp\/v2\/media\/9788"}],"wp:attachment":[{"href":"https:\/\/techmasterdemexico.com\/en\/wp-json\/wp\/v2\/media?parent=8174"}],"wp:term":[{"taxonomy":"pwb-brand","embeddable":true,"href":"https:\/\/techmasterdemexico.com\/en\/wp-json\/wp\/v2\/pwb-brand?post=8174"},{"taxonomy":"product_brand","embeddable":true,"href":"https:\/\/techmasterdemexico.com\/en\/wp-json\/wp\/v2\/product_brand?post=8174"},{"taxonomy":"product_cat","embeddable":true,"href":"https:\/\/techmasterdemexico.com\/en\/wp-json\/wp\/v2\/product_cat?post=8174"},{"taxonomy":"product_tag","embeddable":true,"href":"https:\/\/techmasterdemexico.com\/en\/wp-json\/wp\/v2\/product_tag?post=8174"}],"curies":[{"name":"wp","href":"https:\/\/api.w.org\/{rel}","templated":true}]}}