{"id":8172,"date":"2021-08-19T18:30:13","date_gmt":"2021-08-19T18:30:13","guid":{"rendered":"http:\/\/techmastermx.ddns.net\/producto\/camara-acustica-industrial-fluke-ii900\/"},"modified":"2025-09-24T10:55:47","modified_gmt":"2025-09-24T17:55:47","slug":"camara-acustica-industrial-fluke-ii900","status":"publish","type":"product","link":"https:\/\/techmasterdemexico.com\/en\/producto\/camara-acustica-industrial-fluke-ii900\/","title":{"rendered":"C\u00e1mara ac\u00fastica industrial Fluke ii900"},"content":{"rendered":"<p><span style=\"color: red;\">Producto descontinuado.<\/span><br \/>\nConoce la nueva versi\u00f3n:<a href=\"https:\/\/techmasterdemexico.com\/producto\/camara-acustica-fluke-ii905-detecta-localiza-y-evalua-las-fugas-de-gas\/\">Fluke ii905<\/a><\/p>\n<p>C\u00e1mara ac\u00fastica industrial Fluke ii900<\/p>\n<p>La c\u00e1mara ac\u00fastica industrial Fluke ii900 es un equipo port\u00e1til que incorpora una matriz de micr\u00f3fonos que ampl\u00eda el campo de visi\u00f3n, lo que permite a los equipos de mantenimiento localizar de manera r\u00e1pida y precisa fugas de aire, gas y vac\u00edo en sistemas de aire comprimido, incluso en entornos ruidosos. Dise\u00f1ada en especial para centros de producci\u00f3n con altos niveles de ruido, la nueva tecnolog\u00eda SoundSight\u2122 es muy f\u00e1cil de manejar y de implementar. La pantalla t\u00e1ctil LCD de 7 pulgadas superpone un mapa SoundMap\u2122 sobre una imagen para identificar r\u00e1pidamente el punto donde se encuentra la fuga. La interfaz es sencilla e intuitiva, y permite a los t\u00e9cnicos aislar la frecuencia sonora de la fuga para filtrar el ruido de fondo. El equipo podr\u00e1 revisar toda la planta en cuesti\u00f3n de horas en periodos de m\u00e1xima actividad. Por primera vez, podr\u00e1 identificar las reparaciones necesarias para solucionar la fuga de aire de forma r\u00e1pida y sencilla con el fin de garantizar la eficacia de las operaciones y reducir los costes energ\u00e9ticos. Las im\u00e1genes se pueden guardar y exportar para generar informes. Preste a las fugas de aire la atenci\u00f3n que merecen.<\/p>\n","protected":false},"excerpt":{"rendered":"<p>Debido a la escasez global de bater\u00edas, la c\u00e1mara ac\u00fastica industrial ii900 se enviar\u00e1 con 1 (una) sola bater\u00eda recargable.* La segunda bater\u00eda se enviar\u00e1 m\u00e1s adelante. Lamentamos las molestias que esto pueda causarle.<\/p>\n<ul>\n<li>Aproveche al m\u00e1ximo sus compresores de aire y posponga la adquisici\u00f3n de un compresor adicional<\/li>\n<li>Garantice un nivel adecuado de presi\u00f3n de aire en su equipo neum\u00e1tico<\/li>\n<li>Reduzca los costes energ\u00e9ticos<\/li>\n<li>Reduzca el tiempo de detecci\u00f3n de fugas<\/li>\n<li>Mejore la fiabilidad de la l\u00ednea de producci\u00f3n<\/li>\n<\/ul>\n","protected":false},"featured_media":9790,"template":"","meta":{"_acf_changed":false},"pwb-brand":[31],"product_brand":[],"product_cat":[366,683,143,30],"product_tag":[],"class_list":{"0":"post-8172","1":"product","2":"type-product","3":"status-publish","4":"has-post-thumbnail","6":"pwb-brand-fluke","7":"product_cat-todos-los-productos","8":"product_cat-camaras-acusticas","9":"product_cat-camaras-de-inspeccion-industrial","10":"product_cat-fluke","12":"first","13":"instock","14":"taxable","15":"shipping-taxable","16":"product-type-simple"},"acf":[],"yoast_head":"<!-- This site is optimized with the Yoast SEO plugin v27.5 - https:\/\/yoast.com\/product\/yoast-seo-wordpress\/ -->\n<title>C\u00e1mara ac\u00fastica industrial Fluke ii900 - Techmaster de Mexico<\/title>\n<meta name=\"robots\" content=\"index, follow, max-snippet:-1, max-image-preview:large, max-video-preview:-1\" \/>\n<link rel=\"canonical\" href=\"https:\/\/techmasterdemexico.com\/producto\/camara-acustica-industrial-fluke-ii900\/\" \/>\n<meta property=\"og:locale\" content=\"en_US\" \/>\n<meta property=\"og:type\" content=\"article\" \/>\n<meta property=\"og:title\" content=\"C\u00e1mara ac\u00fastica industrial Fluke ii900 - Techmaster de Mexico\" \/>\n<meta property=\"og:description\" content=\"Debido a la escasez global de bater\u00edas, la c\u00e1mara ac\u00fastica industrial ii900 se enviar\u00e1 con 1 (una) sola bater\u00eda recargable.* La segunda bater\u00eda se enviar\u00e1 m\u00e1s adelante. Lamentamos las molestias que esto pueda causarle.       Aproveche al m\u00e1ximo sus compresores de aire y posponga la adquisici\u00f3n de un compresor adicional    Garantice un nivel adecuado de presi\u00f3n de aire en su equipo neum\u00e1tico    Reduzca los costes energ\u00e9ticos    Reduzca el tiempo de detecci\u00f3n de fugas    Mejore la fiabilidad de la l\u00ednea de producci\u00f3n\" \/>\n<meta property=\"og:url\" content=\"https:\/\/techmasterdemexico.com\/producto\/camara-acustica-industrial-fluke-ii900\/\" \/>\n<meta property=\"og:site_name\" content=\"Techmaster de Mexico\" \/>\n<meta property=\"article:modified_time\" content=\"2025-09-24T17:55:47+00:00\" \/>\n<meta property=\"og:image\" content=\"https:\/\/techmasterdemexico.com\/wp-content\/uploads\/2021\/08\/II900.png\" \/>\n\t<meta property=\"og:image:width\" content=\"600\" \/>\n\t<meta property=\"og:image:height\" content=\"600\" \/>\n\t<meta property=\"og:image:type\" content=\"image\/png\" \/>\n<meta name=\"twitter:card\" content=\"summary_large_image\" \/>\n<meta name=\"twitter:label1\" content=\"Est. reading time\" \/>\n\t<meta name=\"twitter:data1\" content=\"2 minutes\" \/>\n<script type=\"application\/ld+json\" class=\"yoast-schema-graph\">{\"@context\":\"https:\\\/\\\/schema.org\",\"@graph\":[{\"@type\":\"WebPage\",\"@id\":\"https:\\\/\\\/techmasterdemexico.com\\\/producto\\\/camara-acustica-industrial-fluke-ii900\\\/\",\"url\":\"https:\\\/\\\/techmasterdemexico.com\\\/producto\\\/camara-acustica-industrial-fluke-ii900\\\/\",\"name\":\"C\u00e1mara ac\u00fastica industrial Fluke ii900 - Techmaster de Mexico\",\"isPartOf\":{\"@id\":\"https:\\\/\\\/techmasterdemexico.com\\\/#website\"},\"primaryImageOfPage\":{\"@id\":\"https:\\\/\\\/techmasterdemexico.com\\\/producto\\\/camara-acustica-industrial-fluke-ii900\\\/#primaryimage\"},\"image\":{\"@id\":\"https:\\\/\\\/techmasterdemexico.com\\\/producto\\\/camara-acustica-industrial-fluke-ii900\\\/#primaryimage\"},\"thumbnailUrl\":\"https:\\\/\\\/techmasterdemexico.com\\\/wp-content\\\/uploads\\\/2021\\\/08\\\/II900.png\",\"datePublished\":\"2021-08-19T18:30:13+00:00\",\"dateModified\":\"2025-09-24T17:55:47+00:00\",\"breadcrumb\":{\"@id\":\"https:\\\/\\\/techmasterdemexico.com\\\/producto\\\/camara-acustica-industrial-fluke-ii900\\\/#breadcrumb\"},\"inLanguage\":\"en-US\",\"potentialAction\":[{\"@type\":\"ReadAction\",\"target\":[\"https:\\\/\\\/techmasterdemexico.com\\\/producto\\\/camara-acustica-industrial-fluke-ii900\\\/\"]}]},{\"@type\":\"ImageObject\",\"inLanguage\":\"en-US\",\"@id\":\"https:\\\/\\\/techmasterdemexico.com\\\/producto\\\/camara-acustica-industrial-fluke-ii900\\\/#primaryimage\",\"url\":\"https:\\\/\\\/techmasterdemexico.com\\\/wp-content\\\/uploads\\\/2021\\\/08\\\/II900.png\",\"contentUrl\":\"https:\\\/\\\/techmasterdemexico.com\\\/wp-content\\\/uploads\\\/2021\\\/08\\\/II900.png\",\"width\":600,\"height\":600},{\"@type\":\"BreadcrumbList\",\"@id\":\"https:\\\/\\\/techmasterdemexico.com\\\/producto\\\/camara-acustica-industrial-fluke-ii900\\\/#breadcrumb\",\"itemListElement\":[{\"@type\":\"ListItem\",\"position\":1,\"name\":\"Portada\",\"item\":\"https:\\\/\\\/techmasterdemexico.com\\\/\"},{\"@type\":\"ListItem\",\"position\":2,\"name\":\"C\u00e1mara ac\u00fastica industrial Fluke ii900\"}]},{\"@type\":\"WebSite\",\"@id\":\"https:\\\/\\\/techmasterdemexico.com\\\/#website\",\"url\":\"https:\\\/\\\/techmasterdemexico.com\\\/\",\"name\":\"Techmaster de Mexico\",\"description\":\"\",\"potentialAction\":[{\"@type\":\"SearchAction\",\"target\":{\"@type\":\"EntryPoint\",\"urlTemplate\":\"https:\\\/\\\/techmasterdemexico.com\\\/?s={search_term_string}\"},\"query-input\":{\"@type\":\"PropertyValueSpecification\",\"valueRequired\":true,\"valueName\":\"search_term_string\"}}],\"inLanguage\":\"en-US\"}]}<\/script>\n<!-- \/ Yoast SEO plugin. -->","yoast_head_json":{"title":"C\u00e1mara ac\u00fastica industrial Fluke ii900 - Techmaster de Mexico","robots":{"index":"index","follow":"follow","max-snippet":"max-snippet:-1","max-image-preview":"max-image-preview:large","max-video-preview":"max-video-preview:-1"},"canonical":"https:\/\/techmasterdemexico.com\/producto\/camara-acustica-industrial-fluke-ii900\/","og_locale":"en_US","og_type":"article","og_title":"C\u00e1mara ac\u00fastica industrial Fluke ii900 - Techmaster de Mexico","og_description":"Debido a la escasez global de bater\u00edas, la c\u00e1mara ac\u00fastica industrial ii900 se enviar\u00e1 con 1 (una) sola bater\u00eda recargable.* La segunda bater\u00eda se enviar\u00e1 m\u00e1s adelante. Lamentamos las molestias que esto pueda causarle.       Aproveche al m\u00e1ximo sus compresores de aire y posponga la adquisici\u00f3n de un compresor adicional    Garantice un nivel adecuado de presi\u00f3n de aire en su equipo neum\u00e1tico    Reduzca los costes energ\u00e9ticos    Reduzca el tiempo de detecci\u00f3n de fugas    Mejore la fiabilidad de la l\u00ednea de producci\u00f3n","og_url":"https:\/\/techmasterdemexico.com\/producto\/camara-acustica-industrial-fluke-ii900\/","og_site_name":"Techmaster de Mexico","article_modified_time":"2025-09-24T17:55:47+00:00","og_image":[{"width":600,"height":600,"url":"https:\/\/techmasterdemexico.com\/wp-content\/uploads\/2021\/08\/II900.png","type":"image\/png"}],"twitter_card":"summary_large_image","twitter_misc":{"Est. reading time":"2 minutes"},"schema":{"@context":"https:\/\/schema.org","@graph":[{"@type":"WebPage","@id":"https:\/\/techmasterdemexico.com\/producto\/camara-acustica-industrial-fluke-ii900\/","url":"https:\/\/techmasterdemexico.com\/producto\/camara-acustica-industrial-fluke-ii900\/","name":"C\u00e1mara ac\u00fastica industrial Fluke ii900 - Techmaster de Mexico","isPartOf":{"@id":"https:\/\/techmasterdemexico.com\/#website"},"primaryImageOfPage":{"@id":"https:\/\/techmasterdemexico.com\/producto\/camara-acustica-industrial-fluke-ii900\/#primaryimage"},"image":{"@id":"https:\/\/techmasterdemexico.com\/producto\/camara-acustica-industrial-fluke-ii900\/#primaryimage"},"thumbnailUrl":"https:\/\/techmasterdemexico.com\/wp-content\/uploads\/2021\/08\/II900.png","datePublished":"2021-08-19T18:30:13+00:00","dateModified":"2025-09-24T17:55:47+00:00","breadcrumb":{"@id":"https:\/\/techmasterdemexico.com\/producto\/camara-acustica-industrial-fluke-ii900\/#breadcrumb"},"inLanguage":"en-US","potentialAction":[{"@type":"ReadAction","target":["https:\/\/techmasterdemexico.com\/producto\/camara-acustica-industrial-fluke-ii900\/"]}]},{"@type":"ImageObject","inLanguage":"en-US","@id":"https:\/\/techmasterdemexico.com\/producto\/camara-acustica-industrial-fluke-ii900\/#primaryimage","url":"https:\/\/techmasterdemexico.com\/wp-content\/uploads\/2021\/08\/II900.png","contentUrl":"https:\/\/techmasterdemexico.com\/wp-content\/uploads\/2021\/08\/II900.png","width":600,"height":600},{"@type":"BreadcrumbList","@id":"https:\/\/techmasterdemexico.com\/producto\/camara-acustica-industrial-fluke-ii900\/#breadcrumb","itemListElement":[{"@type":"ListItem","position":1,"name":"Portada","item":"https:\/\/techmasterdemexico.com\/"},{"@type":"ListItem","position":2,"name":"C\u00e1mara ac\u00fastica industrial Fluke ii900"}]},{"@type":"WebSite","@id":"https:\/\/techmasterdemexico.com\/#website","url":"https:\/\/techmasterdemexico.com\/","name":"Techmaster de Mexico","description":"","potentialAction":[{"@type":"SearchAction","target":{"@type":"EntryPoint","urlTemplate":"https:\/\/techmasterdemexico.com\/?s={search_term_string}"},"query-input":{"@type":"PropertyValueSpecification","valueRequired":true,"valueName":"search_term_string"}}],"inLanguage":"en-US"}]}},"brands":[{"id":31,"name":"Fluke","slug":"fluke"}],"_links":{"self":[{"href":"https:\/\/techmasterdemexico.com\/en\/wp-json\/wp\/v2\/product\/8172","targetHints":{"allow":["GET"]}}],"collection":[{"href":"https:\/\/techmasterdemexico.com\/en\/wp-json\/wp\/v2\/product"}],"about":[{"href":"https:\/\/techmasterdemexico.com\/en\/wp-json\/wp\/v2\/types\/product"}],"wp:featuredmedia":[{"embeddable":true,"href":"https:\/\/techmasterdemexico.com\/en\/wp-json\/wp\/v2\/media\/9790"}],"wp:attachment":[{"href":"https:\/\/techmasterdemexico.com\/en\/wp-json\/wp\/v2\/media?parent=8172"}],"wp:term":[{"taxonomy":"pwb-brand","embeddable":true,"href":"https:\/\/techmasterdemexico.com\/en\/wp-json\/wp\/v2\/pwb-brand?post=8172"},{"taxonomy":"product_brand","embeddable":true,"href":"https:\/\/techmasterdemexico.com\/en\/wp-json\/wp\/v2\/product_brand?post=8172"},{"taxonomy":"product_cat","embeddable":true,"href":"https:\/\/techmasterdemexico.com\/en\/wp-json\/wp\/v2\/product_cat?post=8172"},{"taxonomy":"product_tag","embeddable":true,"href":"https:\/\/techmasterdemexico.com\/en\/wp-json\/wp\/v2\/product_tag?post=8172"}],"curies":[{"name":"wp","href":"https:\/\/api.w.org\/{rel}","templated":true}]}}