{"id":8171,"date":"2021-08-19T18:30:13","date_gmt":"2021-08-19T18:30:13","guid":{"rendered":"http:\/\/techmastermx.ddns.net\/producto\/camara-acustica-de-precision-fluke-ii910\/"},"modified":"2025-09-24T10:58:16","modified_gmt":"2025-09-24T17:58:16","slug":"camara-acustica-de-precision-fluke-ii910","status":"publish","type":"product","link":"https:\/\/techmasterdemexico.com\/en\/producto\/camara-acustica-de-precision-fluke-ii910\/","title":{"rendered":"C\u00e1mara ac\u00fastica de precisi\u00f3n Fluke ii910"},"content":{"rendered":"<p><span style=\"color: red;\">Producto descontinuado.<\/span><br \/>\nConoce la nueva versi\u00f3n:<a href=\"https:\/\/techmasterdemexico.com\/producto\/camara-acustica-ii915\/\">Fluke ii915<\/a><\/p>\n<p>C\u00e1mara ac\u00fastica de precisi\u00f3n Fluke ii910<\/p>\n<p>Por fin existe una manera sencilla de detectar, localizar y analizar descargas parciales con un solo instrumento<\/p>\n<p>\u00bfCansado de dedicar demasiado tiempo a localizar descargas parciales? Presentamos la c\u00e1mara ac\u00fastica de precisi\u00f3n ii910, dise\u00f1ada para localizar descargas parciales y de corona, as\u00ed como fugas de gas y vac\u00edo. La innovadora tecnolog\u00eda de la c\u00e1mara ac\u00fastica ii910 en un instrumento econ\u00f3mico, segura, eficaz y c\u00f3moda para los equipos que inspeccionan y mantienen redes de distribuci\u00f3n el\u00e9ctrica y equipos industriales de alta tensi\u00f3n.<\/p>\n<p>La amenaza invisible\u2026 ya es visible<\/p>\n<p>La descarga parcial es un problema grave que los equipos supervisan cada d\u00eda. Los problemas deben detectarse a tiempo al inspeccionar aisladores, transformadores, conmutadores o cables de alta tensi\u00f3n. Las descargas parciales que pasan inadvertidas pueden generar arcos el\u00e9ctricos que provoquen apagones, incendios, explosiones e incluso la muerte. Adem\u00e1s del peligro que esto puede suponer para el medio ambiente y la vida de las personas, el coste econ\u00f3mico tambi\u00e9n es muy elevado. Cada hora de inactividad por fallos en los equipos puede costar millones de euros. Los estudios tambi\u00e9n demuestran que un \u00fanico corte de suministro en un centro de datos podr\u00eda costar cerca de 9.000 \u20ac por minuto. El Departamento de Energ\u00eda de EE.UU. cifra en 150.000 millones de d\u00f3lares anuales el coste de los apagones para la econom\u00eda del pa\u00eds.<\/p>\n<p>Zonas clave para buscar descargas parciales<\/p>\n<ul>\n<li>Aisladores<\/li>\n<li>Transformadores<\/li>\n<li>Cables de alta tensi\u00f3n<\/li>\n<li>Conmutadores<\/li>\n<li>Pararrayos<\/li>\n<li>Barras colectoras<\/li>\n<li>Bobinas de alta tensi\u00f3n<\/li>\n<li>Disyuntores<\/li>\n<li>Condensadores<\/li>\n<\/ul>\n<p>Un proceso r\u00e1pido y seguro<\/p>\n<p>La ii910 es el instrumento todo en uno que estaba buscando para resolver todos los problemas de fugas y descargas parciales. Todo lo que necesita al alcance de la mano. Inspeccione r\u00e1pidamente una zona concreta o el entorno y utilice el sencillo bot\u00f3n de captura y la gran pantalla t\u00e1ctil LCD de 7&#8243; para hacer todos los v\u00eddeos o fotos que necesite. Sin necesidad de otros instrumentos o equipos. Al prescindir de aparatosos cables o aparatos dispondr\u00e1 de una gran movilidad y flexibilidad para poder arreglar la fuga o la descarga parcial tras detectarla.<\/p>\n<p>La seguridad de Fluke en la que conf\u00eda con el rendimiento que m\u00e1s valora<\/p>\n<p>La c\u00e1mara ac\u00fastica de precisi\u00f3n ii910 de Fluke es el instrumento perfecto para electricistas de alta tensi\u00f3n, ingenieros de pruebas de instalaciones el\u00e9ctricas y personal de mantenimiento de redes que inspeccionen y mantengan constantemente la distribuci\u00f3n el\u00e9ctrica y equipos industriales de alta tensi\u00f3n. La ii910 permite detectar y localizar descargas parciales de forma r\u00e1pida y segura para poder mantener los equipos de alta tensi\u00f3n y evitar accidentes catastr\u00f3ficos. Gracias a la tecnolog\u00eda SoundSight\u2122, la ii910 convierte los sonidos que recoge en una representaci\u00f3n visual para que pueda localizar r\u00e1pidamente las zonas con problemas. Adem\u00e1s es capaz de captar frecuencias m\u00e1s altas, lo que permite una detecci\u00f3n anticipada y facilita la planificaci\u00f3n del mantenimiento. Por esta raz\u00f3n la ii910 tiene un rango de frecuencia de 2 a 100 kHz.<\/p>\n<p>Localizaci\u00f3n y resoluci\u00f3n de problemas antes de produzcan una descarga el\u00e9ctrica<\/p>\n<p>Las descargas parciales pueden causar una serie de problemas muy graves y caros, desde fallos catastr\u00f3ficos en el equipo hasta la formaci\u00f3n de arcos el\u00e9ctricos letales. La \u00fanica manera de evitar que esto suceda es inspeccionar y mantener el equipo correctamente. La c\u00e1mara ac\u00fastica de precisi\u00f3n ii910 est\u00e1 dise\u00f1ada para que la b\u00fasqueda de las descargas parciales sea mucho m\u00e1s r\u00e1pida y c\u00f3moda. Usar auriculares para tratar de escuchar sonidos muy d\u00e9biles o escudri\u00f1ar una peque\u00f1a pantalla para localizar los problemas es cosa del pasado. La ii910 tiene todo lo necesario para localizar problemas a gran distancia, sin cables ni otros accesorios que cuelgan y se enredan. Solo tiene que encenderla y empezar a buscar fallos.<\/p>\n<p>La seguridad que espera con el resistente producto en el que conf\u00eda<\/p>\n<p>Cuando se trabaja con equipos de alta tensi\u00f3n, la seguridad es fundamental. Por eso, la seguridad es lo primordial en Fluke y todo lo dem\u00e1s viene a\u00f1adido. Gracias a la combinaci\u00f3n de determinadas posiciones del micr\u00f3fono y un sofisticado algoritmo, la c\u00e1mara ac\u00fastica de precisi\u00f3n ii910 puede detectar descargas parciales y de corona a una distancia de 120 m. Esto significa que podr\u00e1 explorar todas las zonas problem\u00e1ticas de forma eficaz y eficiente a una distancia superior incluso a la exigida por ley. La ii910 no tiene cables externos ni accesorios que cuelguen, por lo que no se enredar\u00e1 con ning\u00fan equipo mientras realiza sus medidas. Adem\u00e1s, gracias a la avanzada tecnolog\u00eda de la c\u00e1mara ac\u00fastica, que es capaz de captar los reflejos de los sonidos, ni siquiera es necesario tener una l\u00ednea de visi\u00f3n directa para localizar un problema. Por tanto, puede detectar las descargas parciales sin necesidad de abrir ni un solo armario.<\/p>\n<p>Detecci\u00f3n r\u00e1pida y sencilla sin necesidad de formaci\u00f3n<\/p>\n<p>La ii910 est\u00e1 espec\u00edficamente dise\u00f1ada para que cualquiera pueda utilizarla con poca o ninguna formaci\u00f3n. Olv\u00eddese de los certificados porque no necesita ninguno para utilizar este instrumento. Solo tiene que pulsar el bot\u00f3n de encendido de la ii910, seleccionar el rango de frecuencia o dejar que el instrumento lo haga autom\u00e1ticamente, y empezar a inspeccionar en busca de descargas parciales o fugas. Cuando encuentre un sonido con una imagen preocupante, puede grabar un v\u00eddeo o hacer una foto para utilizarlos m\u00e1s tarde, despu\u00e9s de haber a\u00f1adido alguna anotaci\u00f3n. Si desea obtener m\u00e1s informaci\u00f3n sobre una determinada fuga o descarga parcial, con\u00e9ctese a PDQ o LeakQ.<\/p>\n","protected":false},"excerpt":{"rendered":"<p>Debido a la escasez global de bater\u00edas, la c\u00e1mara ac\u00fastica de precisi\u00f3n ii910 se enviar\u00e1 con 1 (una) sola bater\u00eda recargable.* La segunda bater\u00eda se enviar\u00e1 m\u00e1s adelante. Lamentamos las molestias que esto pueda causarle.<\/p>\n<ul>\n<li>Detecci\u00f3n y comprobaci\u00f3n r\u00e1pida y f\u00e1cil de descarga parcial<\/li>\n<li>Reducir interrupciones y aumentar el tiempo de actividad<\/li>\n<li>Reduzca los costes y el consumo todos los d\u00edas mediante la b\u00fasqueda y correcci\u00f3n de descargas parciales<\/li>\n<li>Modo PDQ para capturar y analizar descargas parciales<\/li>\n<\/ul>\n","protected":false},"featured_media":9793,"template":"","meta":{"_acf_changed":false},"pwb-brand":[31],"product_brand":[],"product_cat":[366,683,143,30],"product_tag":[],"class_list":{"0":"post-8171","1":"product","2":"type-product","3":"status-publish","4":"has-post-thumbnail","6":"pwb-brand-fluke","7":"product_cat-todos-los-productos","8":"product_cat-camaras-acusticas","9":"product_cat-camaras-de-inspeccion-industrial","10":"product_cat-fluke","12":"first","13":"instock","14":"taxable","15":"shipping-taxable","16":"product-type-simple"},"acf":[],"yoast_head":"<!-- This site is optimized with the Yoast SEO plugin v27.5 - https:\/\/yoast.com\/product\/yoast-seo-wordpress\/ -->\n<title>C\u00e1mara ac\u00fastica de precisi\u00f3n Fluke ii910 - Techmaster de Mexico<\/title>\n<meta name=\"robots\" content=\"index, follow, max-snippet:-1, max-image-preview:large, max-video-preview:-1\" \/>\n<link rel=\"canonical\" href=\"https:\/\/techmasterdemexico.com\/producto\/camara-acustica-de-precision-fluke-ii910\/\" \/>\n<meta property=\"og:locale\" content=\"en_US\" \/>\n<meta property=\"og:type\" content=\"article\" \/>\n<meta property=\"og:title\" content=\"C\u00e1mara ac\u00fastica de precisi\u00f3n Fluke ii910 - Techmaster de Mexico\" \/>\n<meta property=\"og:description\" content=\"Debido a la escasez global de bater\u00edas, la c\u00e1mara ac\u00fastica de precisi\u00f3n ii910 se enviar\u00e1 con 1 (una) sola bater\u00eda recargable.* La segunda bater\u00eda se enviar\u00e1 m\u00e1s adelante. Lamentamos las molestias que esto pueda causarle.       Detecci\u00f3n y comprobaci\u00f3n r\u00e1pida y f\u00e1cil de descarga parcial    Reducir interrupciones y aumentar el tiempo de actividad    Reduzca los costes y el consumo todos los d\u00edas mediante la b\u00fasqueda y correcci\u00f3n de descargas parciales    Modo PDQ para capturar y analizar descargas parciales\" \/>\n<meta property=\"og:url\" content=\"https:\/\/techmasterdemexico.com\/producto\/camara-acustica-de-precision-fluke-ii910\/\" \/>\n<meta property=\"og:site_name\" content=\"Techmaster de Mexico\" \/>\n<meta property=\"article:modified_time\" content=\"2025-09-24T17:58:16+00:00\" \/>\n<meta property=\"og:image\" content=\"https:\/\/techmasterdemexico.com\/wp-content\/uploads\/2021\/08\/II910.png\" \/>\n\t<meta property=\"og:image:width\" content=\"600\" \/>\n\t<meta property=\"og:image:height\" content=\"600\" \/>\n\t<meta property=\"og:image:type\" content=\"image\/png\" \/>\n<meta name=\"twitter:card\" content=\"summary_large_image\" \/>\n<meta name=\"twitter:label1\" content=\"Est. reading time\" \/>\n\t<meta name=\"twitter:data1\" content=\"5 minutes\" \/>\n<script type=\"application\/ld+json\" class=\"yoast-schema-graph\">{\"@context\":\"https:\\\/\\\/schema.org\",\"@graph\":[{\"@type\":\"WebPage\",\"@id\":\"https:\\\/\\\/techmasterdemexico.com\\\/producto\\\/camara-acustica-de-precision-fluke-ii910\\\/\",\"url\":\"https:\\\/\\\/techmasterdemexico.com\\\/producto\\\/camara-acustica-de-precision-fluke-ii910\\\/\",\"name\":\"C\u00e1mara ac\u00fastica de precisi\u00f3n Fluke ii910 - Techmaster de Mexico\",\"isPartOf\":{\"@id\":\"https:\\\/\\\/techmasterdemexico.com\\\/#website\"},\"primaryImageOfPage\":{\"@id\":\"https:\\\/\\\/techmasterdemexico.com\\\/producto\\\/camara-acustica-de-precision-fluke-ii910\\\/#primaryimage\"},\"image\":{\"@id\":\"https:\\\/\\\/techmasterdemexico.com\\\/producto\\\/camara-acustica-de-precision-fluke-ii910\\\/#primaryimage\"},\"thumbnailUrl\":\"https:\\\/\\\/techmasterdemexico.com\\\/wp-content\\\/uploads\\\/2021\\\/08\\\/II910.png\",\"datePublished\":\"2021-08-19T18:30:13+00:00\",\"dateModified\":\"2025-09-24T17:58:16+00:00\",\"breadcrumb\":{\"@id\":\"https:\\\/\\\/techmasterdemexico.com\\\/producto\\\/camara-acustica-de-precision-fluke-ii910\\\/#breadcrumb\"},\"inLanguage\":\"en-US\",\"potentialAction\":[{\"@type\":\"ReadAction\",\"target\":[\"https:\\\/\\\/techmasterdemexico.com\\\/producto\\\/camara-acustica-de-precision-fluke-ii910\\\/\"]}]},{\"@type\":\"ImageObject\",\"inLanguage\":\"en-US\",\"@id\":\"https:\\\/\\\/techmasterdemexico.com\\\/producto\\\/camara-acustica-de-precision-fluke-ii910\\\/#primaryimage\",\"url\":\"https:\\\/\\\/techmasterdemexico.com\\\/wp-content\\\/uploads\\\/2021\\\/08\\\/II910.png\",\"contentUrl\":\"https:\\\/\\\/techmasterdemexico.com\\\/wp-content\\\/uploads\\\/2021\\\/08\\\/II910.png\",\"width\":600,\"height\":600},{\"@type\":\"BreadcrumbList\",\"@id\":\"https:\\\/\\\/techmasterdemexico.com\\\/producto\\\/camara-acustica-de-precision-fluke-ii910\\\/#breadcrumb\",\"itemListElement\":[{\"@type\":\"ListItem\",\"position\":1,\"name\":\"Portada\",\"item\":\"https:\\\/\\\/techmasterdemexico.com\\\/\"},{\"@type\":\"ListItem\",\"position\":2,\"name\":\"C\u00e1mara ac\u00fastica de precisi\u00f3n Fluke ii910\"}]},{\"@type\":\"WebSite\",\"@id\":\"https:\\\/\\\/techmasterdemexico.com\\\/#website\",\"url\":\"https:\\\/\\\/techmasterdemexico.com\\\/\",\"name\":\"Techmaster de Mexico\",\"description\":\"\",\"potentialAction\":[{\"@type\":\"SearchAction\",\"target\":{\"@type\":\"EntryPoint\",\"urlTemplate\":\"https:\\\/\\\/techmasterdemexico.com\\\/?s={search_term_string}\"},\"query-input\":{\"@type\":\"PropertyValueSpecification\",\"valueRequired\":true,\"valueName\":\"search_term_string\"}}],\"inLanguage\":\"en-US\"}]}<\/script>\n<!-- \/ Yoast SEO plugin. -->","yoast_head_json":{"title":"C\u00e1mara ac\u00fastica de precisi\u00f3n Fluke ii910 - Techmaster de Mexico","robots":{"index":"index","follow":"follow","max-snippet":"max-snippet:-1","max-image-preview":"max-image-preview:large","max-video-preview":"max-video-preview:-1"},"canonical":"https:\/\/techmasterdemexico.com\/producto\/camara-acustica-de-precision-fluke-ii910\/","og_locale":"en_US","og_type":"article","og_title":"C\u00e1mara ac\u00fastica de precisi\u00f3n Fluke ii910 - Techmaster de Mexico","og_description":"Debido a la escasez global de bater\u00edas, la c\u00e1mara ac\u00fastica de precisi\u00f3n ii910 se enviar\u00e1 con 1 (una) sola bater\u00eda recargable.* La segunda bater\u00eda se enviar\u00e1 m\u00e1s adelante. Lamentamos las molestias que esto pueda causarle.       Detecci\u00f3n y comprobaci\u00f3n r\u00e1pida y f\u00e1cil de descarga parcial    Reducir interrupciones y aumentar el tiempo de actividad    Reduzca los costes y el consumo todos los d\u00edas mediante la b\u00fasqueda y correcci\u00f3n de descargas parciales    Modo PDQ para capturar y analizar descargas parciales","og_url":"https:\/\/techmasterdemexico.com\/producto\/camara-acustica-de-precision-fluke-ii910\/","og_site_name":"Techmaster de Mexico","article_modified_time":"2025-09-24T17:58:16+00:00","og_image":[{"width":600,"height":600,"url":"https:\/\/techmasterdemexico.com\/wp-content\/uploads\/2021\/08\/II910.png","type":"image\/png"}],"twitter_card":"summary_large_image","twitter_misc":{"Est. reading time":"5 minutes"},"schema":{"@context":"https:\/\/schema.org","@graph":[{"@type":"WebPage","@id":"https:\/\/techmasterdemexico.com\/producto\/camara-acustica-de-precision-fluke-ii910\/","url":"https:\/\/techmasterdemexico.com\/producto\/camara-acustica-de-precision-fluke-ii910\/","name":"C\u00e1mara ac\u00fastica de precisi\u00f3n Fluke ii910 - Techmaster de Mexico","isPartOf":{"@id":"https:\/\/techmasterdemexico.com\/#website"},"primaryImageOfPage":{"@id":"https:\/\/techmasterdemexico.com\/producto\/camara-acustica-de-precision-fluke-ii910\/#primaryimage"},"image":{"@id":"https:\/\/techmasterdemexico.com\/producto\/camara-acustica-de-precision-fluke-ii910\/#primaryimage"},"thumbnailUrl":"https:\/\/techmasterdemexico.com\/wp-content\/uploads\/2021\/08\/II910.png","datePublished":"2021-08-19T18:30:13+00:00","dateModified":"2025-09-24T17:58:16+00:00","breadcrumb":{"@id":"https:\/\/techmasterdemexico.com\/producto\/camara-acustica-de-precision-fluke-ii910\/#breadcrumb"},"inLanguage":"en-US","potentialAction":[{"@type":"ReadAction","target":["https:\/\/techmasterdemexico.com\/producto\/camara-acustica-de-precision-fluke-ii910\/"]}]},{"@type":"ImageObject","inLanguage":"en-US","@id":"https:\/\/techmasterdemexico.com\/producto\/camara-acustica-de-precision-fluke-ii910\/#primaryimage","url":"https:\/\/techmasterdemexico.com\/wp-content\/uploads\/2021\/08\/II910.png","contentUrl":"https:\/\/techmasterdemexico.com\/wp-content\/uploads\/2021\/08\/II910.png","width":600,"height":600},{"@type":"BreadcrumbList","@id":"https:\/\/techmasterdemexico.com\/producto\/camara-acustica-de-precision-fluke-ii910\/#breadcrumb","itemListElement":[{"@type":"ListItem","position":1,"name":"Portada","item":"https:\/\/techmasterdemexico.com\/"},{"@type":"ListItem","position":2,"name":"C\u00e1mara ac\u00fastica de precisi\u00f3n Fluke ii910"}]},{"@type":"WebSite","@id":"https:\/\/techmasterdemexico.com\/#website","url":"https:\/\/techmasterdemexico.com\/","name":"Techmaster de Mexico","description":"","potentialAction":[{"@type":"SearchAction","target":{"@type":"EntryPoint","urlTemplate":"https:\/\/techmasterdemexico.com\/?s={search_term_string}"},"query-input":{"@type":"PropertyValueSpecification","valueRequired":true,"valueName":"search_term_string"}}],"inLanguage":"en-US"}]}},"brands":[{"id":31,"name":"Fluke","slug":"fluke"}],"_links":{"self":[{"href":"https:\/\/techmasterdemexico.com\/en\/wp-json\/wp\/v2\/product\/8171","targetHints":{"allow":["GET"]}}],"collection":[{"href":"https:\/\/techmasterdemexico.com\/en\/wp-json\/wp\/v2\/product"}],"about":[{"href":"https:\/\/techmasterdemexico.com\/en\/wp-json\/wp\/v2\/types\/product"}],"wp:featuredmedia":[{"embeddable":true,"href":"https:\/\/techmasterdemexico.com\/en\/wp-json\/wp\/v2\/media\/9793"}],"wp:attachment":[{"href":"https:\/\/techmasterdemexico.com\/en\/wp-json\/wp\/v2\/media?parent=8171"}],"wp:term":[{"taxonomy":"pwb-brand","embeddable":true,"href":"https:\/\/techmasterdemexico.com\/en\/wp-json\/wp\/v2\/pwb-brand?post=8171"},{"taxonomy":"product_brand","embeddable":true,"href":"https:\/\/techmasterdemexico.com\/en\/wp-json\/wp\/v2\/product_brand?post=8171"},{"taxonomy":"product_cat","embeddable":true,"href":"https:\/\/techmasterdemexico.com\/en\/wp-json\/wp\/v2\/product_cat?post=8171"},{"taxonomy":"product_tag","embeddable":true,"href":"https:\/\/techmasterdemexico.com\/en\/wp-json\/wp\/v2\/product_tag?post=8171"}],"curies":[{"name":"wp","href":"https:\/\/api.w.org\/{rel}","templated":true}]}}