{"id":8168,"date":"2021-08-19T18:30:12","date_gmt":"2021-08-19T18:30:12","guid":{"rendered":"http:\/\/techmastermx.ddns.net\/producto\/fluke-smartview\/"},"modified":"2021-12-28T22:24:41","modified_gmt":"2021-12-28T22:24:41","slug":"fluke-smartview","status":"publish","type":"product","link":"https:\/\/techmasterdemexico.com\/en\/producto\/fluke-smartview\/","title":{"rendered":"Fluke SmartView"},"content":{"rendered":"<p>Fluke SmartView<\/p>\n<p>Software potente para la realizaci\u00f3n de an\u00e1lisis e informes de manera simple<\/p>\n<p>Este potente software es una soluci\u00f3n modular de herramientas que le permite visualizar, optimizar y analizar im\u00e1genes infrarrojas o por IR. Puede generar informes completamente personalizables y con aspecto profesional en unos pocos y sencillos pasos. SmartView\u00ae es un software intuitivo y f\u00e1cil de usar ideal para clientes con necesidades b\u00e1sicas, que proporciona el rendimiento que necesitan los dispositivos termogr\u00e1ficos especializados para generar informes y an\u00e1lisis avanzados.<\/p>\n<p>Fluke Tecnolog\u00eda IR-Fusion\u00ae: Mezcla de im\u00e1genes digitales e infrarrojas en una \u00fanica imagen, lo que proporciona im\u00e1genes detalladas e incre\u00edblemente n\u00edtidas que hacen que la soluci\u00f3n de problemas sea extremadamente f\u00e1cil. SmartView permite usar esta tecnolog\u00eda patentada para capturar y anotar las im\u00e1genes e importarlas r\u00e1pidamente a sus informes.<\/p>\n<p>Lleve la oficina consigo hasta las inspecciones con la nueva aplicaci\u00f3n m\u00f3vil de SmartView<\/p>\n<p>Cree un informe de inspecci\u00f3n sobre el terreno y comun\u00edquelo directamente a su cliente o superior mediante su Apple\u00ae iPhone\u00ae o iPad\u00ae.<\/p>\n<p>Optimizaci\u00f3n: Ajuste la imagen para presentar los problemas del modo m\u00e1s eficaz.<\/p>\n<p>An\u00e1lisis: Use los marcadores y otras herramientas para cuantificar la gravedad de los problemas.<\/p>\n<p>Comunicaci\u00f3n: Comparta los resultados mediante el env\u00edo de las im\u00e1genes o los informes por correo electr\u00f3nico para:<\/p>\n<ul>\n<li>Planear los siguientes pasos u obtener aprobaci\u00f3n para los trabajos realizados incluso antes de abandonar el emplazamiento<\/li>\n<li>Si fuera necesario, obtenga ayuda para analizar el problema y resolverlo de forma inmediata<\/li>\n<\/ul>\n<p>Fluke SmartView Mobile aumentar\u00e1 el retorno de su inversi\u00f3n en c\u00e1maras infrarrojas.<\/p>\n<p>La descarga es gratuita. Visite el Tienda de aplicaciones y busque en SmartView.<\/p>\n<p>Actualizaci\u00f3n Fluke SmartView\u00ae<\/p>\n","protected":false},"excerpt":{"rendered":"<p>Optimizaci\u00f3n de im\u00e1genes<\/p>\n<p>Ajuste la imagen para comunicar problemas de la forma m\u00e1s efectiva para sus compa\u00f1eros o clientes<\/p>\n<ul>\n<li>Calibre sus im\u00e1genes con herramientas de optimizaci\u00f3n de im\u00e1genes para comunicar problemas con claridad o demostrar que los problemas se han resuelto<\/li>\n<li>Aprov\u00e9chese de las opciones de visualizaci\u00f3n de la tecnolog\u00eda Tecnolog\u00eda IR-Fusion\u00ae para obtener im\u00e1genes e informes m\u00e1s eficaces:<\/li>\n<li>Modo AutoBlend\u2122: combine im\u00e1genes infrarrojas parcialmente transparentes con im\u00e1genes visibles un una \u00fanica vista que le permitir\u00e1 identificar los problemas de manera simple<\/li>\n<li>Modo Imagen en imagen: proporciona un marco visible alrededor de la imagen por infrarrojos para orientar y hacer referencia a \u00e1reas de inter\u00e9s de manera simple<\/li>\n<li>Alarmas de color: a\u00edsle zonas problem\u00e1ticas para identificar y comunicar problemas de manera clara<\/li>\n<\/ul>\n<p>An\u00e1lisis de im\u00e1genes<\/p>\n<p>Inserte marcadores para cuantificar la gravedad de los problemas y beneficiarse de la conexi\u00f3n de herramienta m\u00faltiple que permite capturar mediciones adicionales mediante los m\u00f3dulos inal\u00e1mbricos CNX\u2122. Estos m\u00f3dulos inal\u00e1mbricos CNX le ayudan a identificar y solucionar problemas m\u00e1s r\u00e1pido. Use las herramientas de an\u00e1lisis gr\u00e1fico para caracterizar la gravedad del problema.<\/p>\n<ul>\n<li>Determine los niveles de gravedad y priorice los problemas detectados durante las inspecciones mediante el uso de marcadores y mediciones CNX y cuantifique las diferencias en caracter\u00edsticas operativas<\/li>\n<li>Resuelva los problemas m\u00e1s r\u00e1pido y cree informes m\u00e1s completos a\u00f1adiendo mediciones CNX a las im\u00e1genes t\u00e9rmicas<\/li>\n<li>Use 3D-IR\u2122 para ver im\u00e1genes desde perspectivas diferentes, identifique problemas adicionales y elimine falsos positivos\u2026 la herramienta de an\u00e1lisis de im\u00e1genes t\u00e9rmicas m\u00e1s avanzada<\/li>\n<\/ul>\n<p>Comunicaci\u00f3n de resultados<\/p>\n<p>Comparta los resultados enviando las im\u00e1genes o los informes por correo electr\u00f3nico con el fin de:<\/p>\n<ul>\n<li>Planear los siguientes pasos u obtener aprobaci\u00f3n para los trabajos realizados<\/li>\n<li>Si fuera necesario, obtener ayuda para analizar el problema<\/li>\n<li>Proporcionar detalles completos de sus inspecciones<\/li>\n<li>Finalice el trabajo enviando un informe a su cliente o superior con solo pulsar un bot\u00f3n, sin apenas m\u00e1s operaciones<\/li>\n<\/ul>\n<p>Generaci\u00f3n de informes simplificada<\/p>\n<ul>\n<li>Genere informes personalizados de aspecto profesional de forma r\u00e1pida<\/li>\n<li>Generaci\u00f3n de informes con un solo clic para un resultado r\u00e1pido<\/li>\n<li>La selecci\u00f3n de opciones incluye antes\/despu\u00e9s, imagen digital visible, anotaciones, datos y gr\u00e1ficos de apoyo<\/li>\n<li>El asistente de informes gu\u00eda a los usuarios en el proceso de generaci\u00f3n autom\u00e1tica de informes; no puede ser m\u00e1s simple<\/li>\n<\/ul>\n","protected":false},"featured_media":9799,"template":"","meta":{"_acf_changed":false},"pwb-brand":[31],"product_brand":[],"product_cat":[366,30,142],"product_tag":[],"class_list":{"0":"post-8168","1":"product","2":"type-product","3":"status-publish","4":"has-post-thumbnail","6":"pwb-brand-fluke","7":"product_cat-todos-los-productos","8":"product_cat-fluke","9":"product_cat-software-de-fluke","11":"first","12":"instock","13":"taxable","14":"shipping-taxable","15":"product-type-simple"},"acf":[],"yoast_head":"<!-- This site is optimized with the Yoast SEO plugin v27.4 - https:\/\/yoast.com\/product\/yoast-seo-wordpress\/ -->\n<title>Fluke SmartView - Techmaster de Mexico<\/title>\n<meta name=\"robots\" content=\"index, follow, max-snippet:-1, max-image-preview:large, max-video-preview:-1\" \/>\n<link rel=\"canonical\" href=\"https:\/\/techmasterdemexico.com\/producto\/fluke-smartview\/\" \/>\n<meta property=\"og:locale\" content=\"en_US\" \/>\n<meta property=\"og:type\" content=\"article\" \/>\n<meta property=\"og:title\" content=\"Fluke SmartView - Techmaster de Mexico\" \/>\n<meta property=\"og:description\" content=\"Optimizaci\u00f3n de im\u00e1genes   Ajuste la imagen para comunicar problemas de la forma m\u00e1s efectiva para sus compa\u00f1eros o clientes    Calibre sus im\u00e1genes con herramientas de optimizaci\u00f3n de im\u00e1genes para comunicar problemas con claridad o demostrar que los problemas se han resuelto   Aprov\u00e9chese de las opciones de visualizaci\u00f3n de la tecnolog\u00eda Tecnolog\u00eda IR-Fusion\u00ae para obtener im\u00e1genes e informes m\u00e1s eficaces:   Modo AutoBlend\u2122: combine im\u00e1genes infrarrojas parcialmente transparentes con im\u00e1genes visibles un una \u00fanica vista que le permitir\u00e1 identificar los problemas de manera simple   Modo Imagen en imagen: proporciona un marco visible alrededor de la imagen por infrarrojos para orientar y hacer referencia a \u00e1reas de inter\u00e9s de manera simple   Alarmas de color: a\u00edsle zonas problem\u00e1ticas para identificar y comunicar problemas de manera clara   An\u00e1lisis de im\u00e1genes  Inserte marcadores para cuantificar la gravedad de los problemas y beneficiarse de la conexi\u00f3n de herramienta m\u00faltiple que permite capturar mediciones adicionales mediante los m\u00f3dulos inal\u00e1mbricos CNX\u2122. Estos m\u00f3dulos inal\u00e1mbricos CNX le ayudan a identificar y solucionar problemas m\u00e1s r\u00e1pido. Use las herramientas de an\u00e1lisis gr\u00e1fico para caracterizar la gravedad del problema.    Determine los niveles de gravedad y priorice los problemas detectados durante las inspecciones mediante el uso de marcadores y mediciones CNX y cuantifique las diferencias en caracter\u00edsticas operativas   Resuelva los problemas m\u00e1s r\u00e1pido y cree informes m\u00e1s completos a\u00f1adiendo mediciones CNX a las im\u00e1genes t\u00e9rmicas   Use 3D-IR\u2122 para ver im\u00e1genes desde perspectivas diferentes, identifique problemas adicionales y elimine falsos positivos\u2026 la herramienta de an\u00e1lisis de im\u00e1genes t\u00e9rmicas m\u00e1s avanzada   Comunicaci\u00f3n de resultados  Comparta los resultados enviando las im\u00e1genes o los informes por correo electr\u00f3nico con el fin de:    Planear los siguientes pasos u obtener aprobaci\u00f3n para los trabajos realizados   Si fuera necesario, obtener ayuda para analizar el problema   Proporcionar detalles completos de sus inspecciones   Finalice el trabajo enviando un informe a su cliente o superior con solo pulsar un bot\u00f3n, sin apenas m\u00e1s operaciones   Generaci\u00f3n de informes simplificada    Genere informes personalizados de aspecto profesional de forma r\u00e1pida   Generaci\u00f3n de informes con un solo clic para un resultado r\u00e1pido   La selecci\u00f3n de opciones incluye antes\/despu\u00e9s, imagen digital visible, anotaciones, datos y gr\u00e1ficos de apoyo   El asistente de informes gu\u00eda a los usuarios en el proceso de generaci\u00f3n autom\u00e1tica de informes; no puede ser m\u00e1s simple\" \/>\n<meta property=\"og:url\" content=\"https:\/\/techmasterdemexico.com\/producto\/fluke-smartview\/\" \/>\n<meta property=\"og:site_name\" content=\"Techmaster de Mexico\" \/>\n<meta property=\"article:modified_time\" content=\"2021-12-28T22:24:41+00:00\" \/>\n<meta property=\"og:image\" content=\"https:\/\/techmasterdemexico.com\/wp-content\/uploads\/2021\/08\/1-108.jpg\" \/>\n\t<meta property=\"og:image:width\" content=\"410\" \/>\n\t<meta property=\"og:image:height\" content=\"410\" \/>\n\t<meta property=\"og:image:type\" content=\"image\/jpeg\" \/>\n<meta name=\"twitter:card\" content=\"summary_large_image\" \/>\n<meta name=\"twitter:label1\" content=\"Est. reading time\" \/>\n\t<meta name=\"twitter:data1\" content=\"2 minutes\" \/>\n<script type=\"application\/ld+json\" class=\"yoast-schema-graph\">{\"@context\":\"https:\\\/\\\/schema.org\",\"@graph\":[{\"@type\":\"WebPage\",\"@id\":\"https:\\\/\\\/techmasterdemexico.com\\\/producto\\\/fluke-smartview\\\/\",\"url\":\"https:\\\/\\\/techmasterdemexico.com\\\/producto\\\/fluke-smartview\\\/\",\"name\":\"Fluke SmartView - Techmaster de Mexico\",\"isPartOf\":{\"@id\":\"https:\\\/\\\/techmasterdemexico.com\\\/#website\"},\"primaryImageOfPage\":{\"@id\":\"https:\\\/\\\/techmasterdemexico.com\\\/producto\\\/fluke-smartview\\\/#primaryimage\"},\"image\":{\"@id\":\"https:\\\/\\\/techmasterdemexico.com\\\/producto\\\/fluke-smartview\\\/#primaryimage\"},\"thumbnailUrl\":\"https:\\\/\\\/techmasterdemexico.com\\\/wp-content\\\/uploads\\\/2021\\\/08\\\/1-108.jpg\",\"datePublished\":\"2021-08-19T18:30:12+00:00\",\"dateModified\":\"2021-12-28T22:24:41+00:00\",\"breadcrumb\":{\"@id\":\"https:\\\/\\\/techmasterdemexico.com\\\/producto\\\/fluke-smartview\\\/#breadcrumb\"},\"inLanguage\":\"en-US\",\"potentialAction\":[{\"@type\":\"ReadAction\",\"target\":[\"https:\\\/\\\/techmasterdemexico.com\\\/producto\\\/fluke-smartview\\\/\"]}]},{\"@type\":\"ImageObject\",\"inLanguage\":\"en-US\",\"@id\":\"https:\\\/\\\/techmasterdemexico.com\\\/producto\\\/fluke-smartview\\\/#primaryimage\",\"url\":\"https:\\\/\\\/techmasterdemexico.com\\\/wp-content\\\/uploads\\\/2021\\\/08\\\/1-108.jpg\",\"contentUrl\":\"https:\\\/\\\/techmasterdemexico.com\\\/wp-content\\\/uploads\\\/2021\\\/08\\\/1-108.jpg\",\"width\":410,\"height\":410},{\"@type\":\"BreadcrumbList\",\"@id\":\"https:\\\/\\\/techmasterdemexico.com\\\/producto\\\/fluke-smartview\\\/#breadcrumb\",\"itemListElement\":[{\"@type\":\"ListItem\",\"position\":1,\"name\":\"Portada\",\"item\":\"https:\\\/\\\/techmasterdemexico.com\\\/\"},{\"@type\":\"ListItem\",\"position\":2,\"name\":\"Fluke SmartView\"}]},{\"@type\":\"WebSite\",\"@id\":\"https:\\\/\\\/techmasterdemexico.com\\\/#website\",\"url\":\"https:\\\/\\\/techmasterdemexico.com\\\/\",\"name\":\"Techmaster de Mexico\",\"description\":\"\",\"potentialAction\":[{\"@type\":\"SearchAction\",\"target\":{\"@type\":\"EntryPoint\",\"urlTemplate\":\"https:\\\/\\\/techmasterdemexico.com\\\/?s={search_term_string}\"},\"query-input\":{\"@type\":\"PropertyValueSpecification\",\"valueRequired\":true,\"valueName\":\"search_term_string\"}}],\"inLanguage\":\"en-US\"}]}<\/script>\n<!-- \/ Yoast SEO plugin. -->","yoast_head_json":{"title":"Fluke SmartView - Techmaster de Mexico","robots":{"index":"index","follow":"follow","max-snippet":"max-snippet:-1","max-image-preview":"max-image-preview:large","max-video-preview":"max-video-preview:-1"},"canonical":"https:\/\/techmasterdemexico.com\/producto\/fluke-smartview\/","og_locale":"en_US","og_type":"article","og_title":"Fluke SmartView - Techmaster de Mexico","og_description":"Optimizaci\u00f3n de im\u00e1genes   Ajuste la imagen para comunicar problemas de la forma m\u00e1s efectiva para sus compa\u00f1eros o clientes    Calibre sus im\u00e1genes con herramientas de optimizaci\u00f3n de im\u00e1genes para comunicar problemas con claridad o demostrar que los problemas se han resuelto   Aprov\u00e9chese de las opciones de visualizaci\u00f3n de la tecnolog\u00eda Tecnolog\u00eda IR-Fusion\u00ae para obtener im\u00e1genes e informes m\u00e1s eficaces:   Modo AutoBlend\u2122: combine im\u00e1genes infrarrojas parcialmente transparentes con im\u00e1genes visibles un una \u00fanica vista que le permitir\u00e1 identificar los problemas de manera simple   Modo Imagen en imagen: proporciona un marco visible alrededor de la imagen por infrarrojos para orientar y hacer referencia a \u00e1reas de inter\u00e9s de manera simple   Alarmas de color: a\u00edsle zonas problem\u00e1ticas para identificar y comunicar problemas de manera clara   An\u00e1lisis de im\u00e1genes  Inserte marcadores para cuantificar la gravedad de los problemas y beneficiarse de la conexi\u00f3n de herramienta m\u00faltiple que permite capturar mediciones adicionales mediante los m\u00f3dulos inal\u00e1mbricos CNX\u2122. Estos m\u00f3dulos inal\u00e1mbricos CNX le ayudan a identificar y solucionar problemas m\u00e1s r\u00e1pido. Use las herramientas de an\u00e1lisis gr\u00e1fico para caracterizar la gravedad del problema.    Determine los niveles de gravedad y priorice los problemas detectados durante las inspecciones mediante el uso de marcadores y mediciones CNX y cuantifique las diferencias en caracter\u00edsticas operativas   Resuelva los problemas m\u00e1s r\u00e1pido y cree informes m\u00e1s completos a\u00f1adiendo mediciones CNX a las im\u00e1genes t\u00e9rmicas   Use 3D-IR\u2122 para ver im\u00e1genes desde perspectivas diferentes, identifique problemas adicionales y elimine falsos positivos\u2026 la herramienta de an\u00e1lisis de im\u00e1genes t\u00e9rmicas m\u00e1s avanzada   Comunicaci\u00f3n de resultados  Comparta los resultados enviando las im\u00e1genes o los informes por correo electr\u00f3nico con el fin de:    Planear los siguientes pasos u obtener aprobaci\u00f3n para los trabajos realizados   Si fuera necesario, obtener ayuda para analizar el problema   Proporcionar detalles completos de sus inspecciones   Finalice el trabajo enviando un informe a su cliente o superior con solo pulsar un bot\u00f3n, sin apenas m\u00e1s operaciones   Generaci\u00f3n de informes simplificada    Genere informes personalizados de aspecto profesional de forma r\u00e1pida   Generaci\u00f3n de informes con un solo clic para un resultado r\u00e1pido   La selecci\u00f3n de opciones incluye antes\/despu\u00e9s, imagen digital visible, anotaciones, datos y gr\u00e1ficos de apoyo   El asistente de informes gu\u00eda a los usuarios en el proceso de generaci\u00f3n autom\u00e1tica de informes; no puede ser m\u00e1s simple","og_url":"https:\/\/techmasterdemexico.com\/producto\/fluke-smartview\/","og_site_name":"Techmaster de Mexico","article_modified_time":"2021-12-28T22:24:41+00:00","og_image":[{"width":410,"height":410,"url":"https:\/\/techmasterdemexico.com\/wp-content\/uploads\/2021\/08\/1-108.jpg","type":"image\/jpeg"}],"twitter_card":"summary_large_image","twitter_misc":{"Est. reading time":"2 minutes"},"schema":{"@context":"https:\/\/schema.org","@graph":[{"@type":"WebPage","@id":"https:\/\/techmasterdemexico.com\/producto\/fluke-smartview\/","url":"https:\/\/techmasterdemexico.com\/producto\/fluke-smartview\/","name":"Fluke SmartView - Techmaster de Mexico","isPartOf":{"@id":"https:\/\/techmasterdemexico.com\/#website"},"primaryImageOfPage":{"@id":"https:\/\/techmasterdemexico.com\/producto\/fluke-smartview\/#primaryimage"},"image":{"@id":"https:\/\/techmasterdemexico.com\/producto\/fluke-smartview\/#primaryimage"},"thumbnailUrl":"https:\/\/techmasterdemexico.com\/wp-content\/uploads\/2021\/08\/1-108.jpg","datePublished":"2021-08-19T18:30:12+00:00","dateModified":"2021-12-28T22:24:41+00:00","breadcrumb":{"@id":"https:\/\/techmasterdemexico.com\/producto\/fluke-smartview\/#breadcrumb"},"inLanguage":"en-US","potentialAction":[{"@type":"ReadAction","target":["https:\/\/techmasterdemexico.com\/producto\/fluke-smartview\/"]}]},{"@type":"ImageObject","inLanguage":"en-US","@id":"https:\/\/techmasterdemexico.com\/producto\/fluke-smartview\/#primaryimage","url":"https:\/\/techmasterdemexico.com\/wp-content\/uploads\/2021\/08\/1-108.jpg","contentUrl":"https:\/\/techmasterdemexico.com\/wp-content\/uploads\/2021\/08\/1-108.jpg","width":410,"height":410},{"@type":"BreadcrumbList","@id":"https:\/\/techmasterdemexico.com\/producto\/fluke-smartview\/#breadcrumb","itemListElement":[{"@type":"ListItem","position":1,"name":"Portada","item":"https:\/\/techmasterdemexico.com\/"},{"@type":"ListItem","position":2,"name":"Fluke SmartView"}]},{"@type":"WebSite","@id":"https:\/\/techmasterdemexico.com\/#website","url":"https:\/\/techmasterdemexico.com\/","name":"Techmaster de Mexico","description":"","potentialAction":[{"@type":"SearchAction","target":{"@type":"EntryPoint","urlTemplate":"https:\/\/techmasterdemexico.com\/?s={search_term_string}"},"query-input":{"@type":"PropertyValueSpecification","valueRequired":true,"valueName":"search_term_string"}}],"inLanguage":"en-US"}]}},"brands":[{"id":31,"name":"Fluke","slug":"fluke"}],"_links":{"self":[{"href":"https:\/\/techmasterdemexico.com\/en\/wp-json\/wp\/v2\/product\/8168","targetHints":{"allow":["GET"]}}],"collection":[{"href":"https:\/\/techmasterdemexico.com\/en\/wp-json\/wp\/v2\/product"}],"about":[{"href":"https:\/\/techmasterdemexico.com\/en\/wp-json\/wp\/v2\/types\/product"}],"wp:featuredmedia":[{"embeddable":true,"href":"https:\/\/techmasterdemexico.com\/en\/wp-json\/wp\/v2\/media\/9799"}],"wp:attachment":[{"href":"https:\/\/techmasterdemexico.com\/en\/wp-json\/wp\/v2\/media?parent=8168"}],"wp:term":[{"taxonomy":"pwb-brand","embeddable":true,"href":"https:\/\/techmasterdemexico.com\/en\/wp-json\/wp\/v2\/pwb-brand?post=8168"},{"taxonomy":"product_brand","embeddable":true,"href":"https:\/\/techmasterdemexico.com\/en\/wp-json\/wp\/v2\/product_brand?post=8168"},{"taxonomy":"product_cat","embeddable":true,"href":"https:\/\/techmasterdemexico.com\/en\/wp-json\/wp\/v2\/product_cat?post=8168"},{"taxonomy":"product_tag","embeddable":true,"href":"https:\/\/techmasterdemexico.com\/en\/wp-json\/wp\/v2\/product_tag?post=8168"}],"curies":[{"name":"wp","href":"https:\/\/api.w.org\/{rel}","templated":true}]}}