{"id":8160,"date":"2021-08-19T18:30:08","date_gmt":"2021-08-19T18:30:08","guid":{"rendered":"http:\/\/techmastermx.ddns.net\/producto\/herramienta-de-comprobacion-scopemeter-fluke-190-504-de-500-mhz\/"},"modified":"2023-03-02T12:32:31","modified_gmt":"2023-03-02T19:32:31","slug":"herramienta-de-comprobacion-scopemeter-fluke-190-504-de-500-mhz","status":"publish","type":"product","link":"https:\/\/techmasterdemexico.com\/en\/producto\/herramienta-de-comprobacion-scopemeter-fluke-190-504-de-500-mhz\/","title":{"rendered":"Herramienta de comprobaci\u00f3n ScopeMeter\u00ae Fluke 190-504 de 500 MHz"},"content":{"rendered":"<p>Vea y repare m\u00e1s con el osciloscopio de cuatro canales Fluke ScopeMeter 190-504 de categor\u00eda CAT IV<\/p>\n<p>Los osciloscopios Fluke ScopeMeter 190 Serie II combinan las categor\u00edas de seguridad m\u00e1s exigentes, robustez y portabilidad con las altas prestaciones de un osciloscopio de banco. Dise\u00f1ados para t\u00e9cnicos e ingenieros de mantenimiento industrial, estos robustos instrumentos de medici\u00f3n ScopeMeter pueden usarse en los entornos industriales m\u00e1s exigentes, sucios y peligrosos para efectuar todo tipo de comprobaciones, desde aplicaciones microelectr\u00f3nicas hasta electr\u00f3nicas de alta potencia.<\/p>\n<p>La serie 190 II es la \u00fanica herramienta de prueba que usted usar\u00e1 para abordar cualquier tarea de resoluci\u00f3n de problemas. Incluyen un mult\u00edmetro, modos de grabaci\u00f3n TrendPlot\u2122 y ScopeRecord\u2122 sin papel, sistema de manos libres con activaci\u00f3n Connect-and-View\u2122 y mucho m\u00e1s:<\/p>\n","protected":false},"excerpt":{"rendered":"<p>Vea y repare m\u00e1s con el osciloscopio de cuatro canales Fluke ScopeMeter 190-504 de categor\u00eda CAT IV Los osciloscopios Fluke ScopeMeter 190 Serie II combinan las categor\u00edas de seguridad m\u00e1s exigentes, robustez y portabilidad con las altas prestaciones de un osciloscopio de banco. Dise\u00f1ados para t\u00e9cnicos e ingenieros de mantenimiento industrial, estos robustos instrumentos de [&hellip;]<\/p>\n","protected":false},"featured_media":20103,"template":"","meta":{"_acf_changed":false},"pwb-brand":[31],"product_brand":[],"product_cat":[366,30,141],"product_tag":[],"class_list":{"0":"post-8160","1":"product","2":"type-product","3":"status-publish","4":"has-post-thumbnail","6":"pwb-brand-fluke","7":"product_cat-todos-los-productos","8":"product_cat-fluke","9":"product_cat-osciloscopios-portatiles","11":"first","12":"instock","13":"taxable","14":"shipping-taxable","15":"product-type-simple"},"acf":[],"yoast_head":"<!-- This site is optimized with the Yoast SEO plugin v27.4 - https:\/\/yoast.com\/product\/yoast-seo-wordpress\/ -->\n<title>Herramienta de comprobaci\u00f3n ScopeMeter\u00ae Fluke 190-504 de 500 MHz - Techmaster de Mexico<\/title>\n<meta name=\"robots\" content=\"index, follow, max-snippet:-1, max-image-preview:large, max-video-preview:-1\" \/>\n<link rel=\"canonical\" href=\"https:\/\/techmasterdemexico.com\/producto\/herramienta-de-comprobacion-scopemeter-fluke-190-504-de-500-mhz\/\" \/>\n<meta property=\"og:locale\" content=\"en_US\" \/>\n<meta property=\"og:type\" content=\"article\" \/>\n<meta property=\"og:title\" content=\"Herramienta de comprobaci\u00f3n ScopeMeter\u00ae Fluke 190-504 de 500 MHz - Techmaster de Mexico\" \/>\n<meta property=\"og:description\" content=\"Vea y repare m\u00e1s con el osciloscopio de cuatro canales Fluke ScopeMeter 190-504 de categor\u00eda CAT IV Los osciloscopios Fluke ScopeMeter 190 Serie II combinan las categor\u00edas de seguridad m\u00e1s exigentes, robustez y portabilidad con las altas prestaciones de un osciloscopio de banco. Dise\u00f1ados para t\u00e9cnicos e ingenieros de mantenimiento industrial, estos robustos instrumentos de [&hellip;]\" \/>\n<meta property=\"og:url\" content=\"https:\/\/techmasterdemexico.com\/producto\/herramienta-de-comprobacion-scopemeter-fluke-190-504-de-500-mhz\/\" \/>\n<meta property=\"og:site_name\" content=\"Techmaster de Mexico\" \/>\n<meta property=\"article:modified_time\" content=\"2023-03-02T19:32:31+00:00\" \/>\n<meta property=\"og:image\" content=\"https:\/\/techmasterdemexico.com\/wp-content\/uploads\/190-504.jpg\" \/>\n\t<meta property=\"og:image:width\" content=\"1000\" \/>\n\t<meta property=\"og:image:height\" content=\"1000\" \/>\n\t<meta property=\"og:image:type\" content=\"image\/jpeg\" \/>\n<meta name=\"twitter:card\" content=\"summary_large_image\" \/>\n<meta name=\"twitter:label1\" content=\"Est. reading time\" \/>\n\t<meta name=\"twitter:data1\" content=\"1 minute\" \/>\n<script type=\"application\/ld+json\" class=\"yoast-schema-graph\">{\"@context\":\"https:\\\/\\\/schema.org\",\"@graph\":[{\"@type\":\"WebPage\",\"@id\":\"https:\\\/\\\/techmasterdemexico.com\\\/producto\\\/herramienta-de-comprobacion-scopemeter-fluke-190-504-de-500-mhz\\\/\",\"url\":\"https:\\\/\\\/techmasterdemexico.com\\\/producto\\\/herramienta-de-comprobacion-scopemeter-fluke-190-504-de-500-mhz\\\/\",\"name\":\"Herramienta de comprobaci\u00f3n ScopeMeter\u00ae Fluke 190-504 de 500 MHz - Techmaster de Mexico\",\"isPartOf\":{\"@id\":\"https:\\\/\\\/techmasterdemexico.com\\\/#website\"},\"primaryImageOfPage\":{\"@id\":\"https:\\\/\\\/techmasterdemexico.com\\\/producto\\\/herramienta-de-comprobacion-scopemeter-fluke-190-504-de-500-mhz\\\/#primaryimage\"},\"image\":{\"@id\":\"https:\\\/\\\/techmasterdemexico.com\\\/producto\\\/herramienta-de-comprobacion-scopemeter-fluke-190-504-de-500-mhz\\\/#primaryimage\"},\"thumbnailUrl\":\"https:\\\/\\\/techmasterdemexico.com\\\/wp-content\\\/uploads\\\/190-504.jpg\",\"datePublished\":\"2021-08-19T18:30:08+00:00\",\"dateModified\":\"2023-03-02T19:32:31+00:00\",\"breadcrumb\":{\"@id\":\"https:\\\/\\\/techmasterdemexico.com\\\/producto\\\/herramienta-de-comprobacion-scopemeter-fluke-190-504-de-500-mhz\\\/#breadcrumb\"},\"inLanguage\":\"en-US\",\"potentialAction\":[{\"@type\":\"ReadAction\",\"target\":[\"https:\\\/\\\/techmasterdemexico.com\\\/producto\\\/herramienta-de-comprobacion-scopemeter-fluke-190-504-de-500-mhz\\\/\"]}]},{\"@type\":\"ImageObject\",\"inLanguage\":\"en-US\",\"@id\":\"https:\\\/\\\/techmasterdemexico.com\\\/producto\\\/herramienta-de-comprobacion-scopemeter-fluke-190-504-de-500-mhz\\\/#primaryimage\",\"url\":\"https:\\\/\\\/techmasterdemexico.com\\\/wp-content\\\/uploads\\\/190-504.jpg\",\"contentUrl\":\"https:\\\/\\\/techmasterdemexico.com\\\/wp-content\\\/uploads\\\/190-504.jpg\",\"width\":1000,\"height\":1000},{\"@type\":\"BreadcrumbList\",\"@id\":\"https:\\\/\\\/techmasterdemexico.com\\\/producto\\\/herramienta-de-comprobacion-scopemeter-fluke-190-504-de-500-mhz\\\/#breadcrumb\",\"itemListElement\":[{\"@type\":\"ListItem\",\"position\":1,\"name\":\"Portada\",\"item\":\"https:\\\/\\\/techmasterdemexico.com\\\/\"},{\"@type\":\"ListItem\",\"position\":2,\"name\":\"Herramienta de comprobaci\u00f3n ScopeMeter\u00ae Fluke 190-504 de 500 MHz\"}]},{\"@type\":\"WebSite\",\"@id\":\"https:\\\/\\\/techmasterdemexico.com\\\/#website\",\"url\":\"https:\\\/\\\/techmasterdemexico.com\\\/\",\"name\":\"Techmaster de Mexico\",\"description\":\"\",\"potentialAction\":[{\"@type\":\"SearchAction\",\"target\":{\"@type\":\"EntryPoint\",\"urlTemplate\":\"https:\\\/\\\/techmasterdemexico.com\\\/?s={search_term_string}\"},\"query-input\":{\"@type\":\"PropertyValueSpecification\",\"valueRequired\":true,\"valueName\":\"search_term_string\"}}],\"inLanguage\":\"en-US\"}]}<\/script>\n<!-- \/ Yoast SEO plugin. -->","yoast_head_json":{"title":"Herramienta de comprobaci\u00f3n ScopeMeter\u00ae Fluke 190-504 de 500 MHz - Techmaster de Mexico","robots":{"index":"index","follow":"follow","max-snippet":"max-snippet:-1","max-image-preview":"max-image-preview:large","max-video-preview":"max-video-preview:-1"},"canonical":"https:\/\/techmasterdemexico.com\/producto\/herramienta-de-comprobacion-scopemeter-fluke-190-504-de-500-mhz\/","og_locale":"en_US","og_type":"article","og_title":"Herramienta de comprobaci\u00f3n ScopeMeter\u00ae Fluke 190-504 de 500 MHz - Techmaster de Mexico","og_description":"Vea y repare m\u00e1s con el osciloscopio de cuatro canales Fluke ScopeMeter 190-504 de categor\u00eda CAT IV Los osciloscopios Fluke ScopeMeter 190 Serie II combinan las categor\u00edas de seguridad m\u00e1s exigentes, robustez y portabilidad con las altas prestaciones de un osciloscopio de banco. Dise\u00f1ados para t\u00e9cnicos e ingenieros de mantenimiento industrial, estos robustos instrumentos de [&hellip;]","og_url":"https:\/\/techmasterdemexico.com\/producto\/herramienta-de-comprobacion-scopemeter-fluke-190-504-de-500-mhz\/","og_site_name":"Techmaster de Mexico","article_modified_time":"2023-03-02T19:32:31+00:00","og_image":[{"width":1000,"height":1000,"url":"https:\/\/techmasterdemexico.com\/wp-content\/uploads\/190-504.jpg","type":"image\/jpeg"}],"twitter_card":"summary_large_image","twitter_misc":{"Est. reading time":"1 minute"},"schema":{"@context":"https:\/\/schema.org","@graph":[{"@type":"WebPage","@id":"https:\/\/techmasterdemexico.com\/producto\/herramienta-de-comprobacion-scopemeter-fluke-190-504-de-500-mhz\/","url":"https:\/\/techmasterdemexico.com\/producto\/herramienta-de-comprobacion-scopemeter-fluke-190-504-de-500-mhz\/","name":"Herramienta de comprobaci\u00f3n ScopeMeter\u00ae Fluke 190-504 de 500 MHz - Techmaster de Mexico","isPartOf":{"@id":"https:\/\/techmasterdemexico.com\/#website"},"primaryImageOfPage":{"@id":"https:\/\/techmasterdemexico.com\/producto\/herramienta-de-comprobacion-scopemeter-fluke-190-504-de-500-mhz\/#primaryimage"},"image":{"@id":"https:\/\/techmasterdemexico.com\/producto\/herramienta-de-comprobacion-scopemeter-fluke-190-504-de-500-mhz\/#primaryimage"},"thumbnailUrl":"https:\/\/techmasterdemexico.com\/wp-content\/uploads\/190-504.jpg","datePublished":"2021-08-19T18:30:08+00:00","dateModified":"2023-03-02T19:32:31+00:00","breadcrumb":{"@id":"https:\/\/techmasterdemexico.com\/producto\/herramienta-de-comprobacion-scopemeter-fluke-190-504-de-500-mhz\/#breadcrumb"},"inLanguage":"en-US","potentialAction":[{"@type":"ReadAction","target":["https:\/\/techmasterdemexico.com\/producto\/herramienta-de-comprobacion-scopemeter-fluke-190-504-de-500-mhz\/"]}]},{"@type":"ImageObject","inLanguage":"en-US","@id":"https:\/\/techmasterdemexico.com\/producto\/herramienta-de-comprobacion-scopemeter-fluke-190-504-de-500-mhz\/#primaryimage","url":"https:\/\/techmasterdemexico.com\/wp-content\/uploads\/190-504.jpg","contentUrl":"https:\/\/techmasterdemexico.com\/wp-content\/uploads\/190-504.jpg","width":1000,"height":1000},{"@type":"BreadcrumbList","@id":"https:\/\/techmasterdemexico.com\/producto\/herramienta-de-comprobacion-scopemeter-fluke-190-504-de-500-mhz\/#breadcrumb","itemListElement":[{"@type":"ListItem","position":1,"name":"Portada","item":"https:\/\/techmasterdemexico.com\/"},{"@type":"ListItem","position":2,"name":"Herramienta de comprobaci\u00f3n ScopeMeter\u00ae Fluke 190-504 de 500 MHz"}]},{"@type":"WebSite","@id":"https:\/\/techmasterdemexico.com\/#website","url":"https:\/\/techmasterdemexico.com\/","name":"Techmaster de Mexico","description":"","potentialAction":[{"@type":"SearchAction","target":{"@type":"EntryPoint","urlTemplate":"https:\/\/techmasterdemexico.com\/?s={search_term_string}"},"query-input":{"@type":"PropertyValueSpecification","valueRequired":true,"valueName":"search_term_string"}}],"inLanguage":"en-US"}]}},"brands":[{"id":31,"name":"Fluke","slug":"fluke"}],"_links":{"self":[{"href":"https:\/\/techmasterdemexico.com\/en\/wp-json\/wp\/v2\/product\/8160","targetHints":{"allow":["GET"]}}],"collection":[{"href":"https:\/\/techmasterdemexico.com\/en\/wp-json\/wp\/v2\/product"}],"about":[{"href":"https:\/\/techmasterdemexico.com\/en\/wp-json\/wp\/v2\/types\/product"}],"wp:featuredmedia":[{"embeddable":true,"href":"https:\/\/techmasterdemexico.com\/en\/wp-json\/wp\/v2\/media\/20103"}],"wp:attachment":[{"href":"https:\/\/techmasterdemexico.com\/en\/wp-json\/wp\/v2\/media?parent=8160"}],"wp:term":[{"taxonomy":"pwb-brand","embeddable":true,"href":"https:\/\/techmasterdemexico.com\/en\/wp-json\/wp\/v2\/pwb-brand?post=8160"},{"taxonomy":"product_brand","embeddable":true,"href":"https:\/\/techmasterdemexico.com\/en\/wp-json\/wp\/v2\/product_brand?post=8160"},{"taxonomy":"product_cat","embeddable":true,"href":"https:\/\/techmasterdemexico.com\/en\/wp-json\/wp\/v2\/product_cat?post=8160"},{"taxonomy":"product_tag","embeddable":true,"href":"https:\/\/techmasterdemexico.com\/en\/wp-json\/wp\/v2\/product_tag?post=8160"}],"curies":[{"name":"wp","href":"https:\/\/api.w.org\/{rel}","templated":true}]}}