{"id":8158,"date":"2021-08-19T18:30:07","date_gmt":"2021-08-19T18:30:07","guid":{"rendered":"http:\/\/techmastermx.ddns.net\/producto\/herramienta-de-prueba-fluke-190-062-s-scopemeter\/"},"modified":"2023-08-31T16:51:16","modified_gmt":"2023-08-31T23:51:16","slug":"herramienta-de-prueba-fluke-190-062-s-scopemeter","status":"publish","type":"product","link":"https:\/\/techmasterdemexico.com\/en\/producto\/herramienta-de-prueba-fluke-190-062-s-scopemeter\/","title":{"rendered":"Herramienta de prueba Fluke 190-062\/S ScopeMeter\u00ae"},"content":{"rendered":"<p>Herramienta de prueba Fluke 190-062\/S ScopeMeter\u00ae<\/p>\n<p>Herramienta de comprobaci\u00f3n ScopeMeter\u00ae Fluke 190-062\/S: 20 a\u00f1os de innovaci\u00f3n<\/p>\n<p>El osciloscopio Fluke ScopeMeter 190-062\/S, el primer osciloscopio port\u00e1til de dos canales con la homologaci\u00f3n de seguridad CAT III 1000 V y CAT IV 600 V. Este dispositivo combina las m\u00e1s altas prestaciones, una alt\u00edsima resistencia y la portabilidad con un ancho de banda de 60 MHz, una velocidad de muestreo de hasta 625 MS\/s y una resoluci\u00f3n de 200 ps para capturar ruidos y otras perturbaciones. Este modelo incluye una memoria de gran capacidad (hasta 10 000 muestras por canal) para que pueda examinar con gran detalle peque\u00f1as porciones de la forma de onda. Adem\u00e1s, cuenta con el nivel de protecci\u00f3n IP-51 frente al polvo, las salpicaduras, las humedad y las variaciones amplias de temperatura. Las herramientas de prueba Fluke ScopeMeter son port\u00e1tiles y funcionan con bater\u00eda; est\u00e1n dise\u00f1adas para cumplir con las exigencias de los profesionales.<\/p>\n","protected":false},"excerpt":{"rendered":"<p>Herramienta de prueba Fluke 190-062\/S ScopeMeter\u00ae Herramienta de comprobaci\u00f3n ScopeMeter\u00ae Fluke 190-062\/S: 20 a\u00f1os de innovaci\u00f3n El osciloscopio Fluke ScopeMeter 190-062\/S, el primer osciloscopio port\u00e1til de dos canales con la homologaci\u00f3n de seguridad CAT III 1000 V y CAT IV 600 V. Este dispositivo combina las m\u00e1s altas prestaciones, una alt\u00edsima resistencia y la portabilidad [&hellip;]<\/p>\n","protected":false},"featured_media":20598,"template":"","meta":{"_acf_changed":false},"pwb-brand":[31],"product_brand":[],"product_cat":[366,30,141],"product_tag":[],"class_list":{"0":"post-8158","1":"product","2":"type-product","3":"status-publish","4":"has-post-thumbnail","6":"pwb-brand-fluke","7":"product_cat-todos-los-productos","8":"product_cat-fluke","9":"product_cat-osciloscopios-portatiles","11":"first","12":"instock","13":"taxable","14":"shipping-taxable","15":"product-type-simple"},"acf":[],"yoast_head":"<!-- This site is optimized with the Yoast SEO plugin v27.4 - https:\/\/yoast.com\/product\/yoast-seo-wordpress\/ -->\n<title>Herramienta de prueba Fluke 190-062\/S ScopeMeter\u00ae - Techmaster de Mexico<\/title>\n<meta name=\"robots\" content=\"index, follow, max-snippet:-1, max-image-preview:large, max-video-preview:-1\" \/>\n<link rel=\"canonical\" href=\"https:\/\/techmasterdemexico.com\/producto\/herramienta-de-prueba-fluke-190-062-s-scopemeter\/\" \/>\n<meta property=\"og:locale\" content=\"en_US\" \/>\n<meta property=\"og:type\" content=\"article\" \/>\n<meta property=\"og:title\" content=\"Herramienta de prueba Fluke 190-062\/S ScopeMeter\u00ae - Techmaster de Mexico\" \/>\n<meta property=\"og:description\" content=\"Herramienta de prueba Fluke 190-062\/S ScopeMeter\u00ae Herramienta de comprobaci\u00f3n ScopeMeter\u00ae Fluke 190-062\/S: 20 a\u00f1os de innovaci\u00f3n El osciloscopio Fluke ScopeMeter 190-062\/S, el primer osciloscopio port\u00e1til de dos canales con la homologaci\u00f3n de seguridad CAT III 1000 V y CAT IV 600 V. Este dispositivo combina las m\u00e1s altas prestaciones, una alt\u00edsima resistencia y la portabilidad [&hellip;]\" \/>\n<meta property=\"og:url\" content=\"https:\/\/techmasterdemexico.com\/producto\/herramienta-de-prueba-fluke-190-062-s-scopemeter\/\" \/>\n<meta property=\"og:site_name\" content=\"Techmaster de Mexico\" \/>\n<meta property=\"article:modified_time\" content=\"2023-08-31T23:51:16+00:00\" \/>\n<meta property=\"og:image\" content=\"https:\/\/techmasterdemexico.com\/wp-content\/uploads\/Fluke-190-062-s.png\" \/>\n\t<meta property=\"og:image:width\" content=\"1000\" \/>\n\t<meta property=\"og:image:height\" content=\"1000\" \/>\n\t<meta property=\"og:image:type\" content=\"image\/png\" \/>\n<meta name=\"twitter:card\" content=\"summary_large_image\" \/>\n<meta name=\"twitter:label1\" content=\"Est. reading time\" \/>\n\t<meta name=\"twitter:data1\" content=\"1 minute\" \/>\n<script type=\"application\/ld+json\" class=\"yoast-schema-graph\">{\"@context\":\"https:\\\/\\\/schema.org\",\"@graph\":[{\"@type\":\"WebPage\",\"@id\":\"https:\\\/\\\/techmasterdemexico.com\\\/producto\\\/herramienta-de-prueba-fluke-190-062-s-scopemeter\\\/\",\"url\":\"https:\\\/\\\/techmasterdemexico.com\\\/producto\\\/herramienta-de-prueba-fluke-190-062-s-scopemeter\\\/\",\"name\":\"Herramienta de prueba Fluke 190-062\\\/S ScopeMeter\u00ae - Techmaster de Mexico\",\"isPartOf\":{\"@id\":\"https:\\\/\\\/techmasterdemexico.com\\\/#website\"},\"primaryImageOfPage\":{\"@id\":\"https:\\\/\\\/techmasterdemexico.com\\\/producto\\\/herramienta-de-prueba-fluke-190-062-s-scopemeter\\\/#primaryimage\"},\"image\":{\"@id\":\"https:\\\/\\\/techmasterdemexico.com\\\/producto\\\/herramienta-de-prueba-fluke-190-062-s-scopemeter\\\/#primaryimage\"},\"thumbnailUrl\":\"https:\\\/\\\/techmasterdemexico.com\\\/wp-content\\\/uploads\\\/Fluke-190-062-s.png\",\"datePublished\":\"2021-08-19T18:30:07+00:00\",\"dateModified\":\"2023-08-31T23:51:16+00:00\",\"breadcrumb\":{\"@id\":\"https:\\\/\\\/techmasterdemexico.com\\\/producto\\\/herramienta-de-prueba-fluke-190-062-s-scopemeter\\\/#breadcrumb\"},\"inLanguage\":\"en-US\",\"potentialAction\":[{\"@type\":\"ReadAction\",\"target\":[\"https:\\\/\\\/techmasterdemexico.com\\\/producto\\\/herramienta-de-prueba-fluke-190-062-s-scopemeter\\\/\"]}]},{\"@type\":\"ImageObject\",\"inLanguage\":\"en-US\",\"@id\":\"https:\\\/\\\/techmasterdemexico.com\\\/producto\\\/herramienta-de-prueba-fluke-190-062-s-scopemeter\\\/#primaryimage\",\"url\":\"https:\\\/\\\/techmasterdemexico.com\\\/wp-content\\\/uploads\\\/Fluke-190-062-s.png\",\"contentUrl\":\"https:\\\/\\\/techmasterdemexico.com\\\/wp-content\\\/uploads\\\/Fluke-190-062-s.png\",\"width\":1000,\"height\":1000},{\"@type\":\"BreadcrumbList\",\"@id\":\"https:\\\/\\\/techmasterdemexico.com\\\/producto\\\/herramienta-de-prueba-fluke-190-062-s-scopemeter\\\/#breadcrumb\",\"itemListElement\":[{\"@type\":\"ListItem\",\"position\":1,\"name\":\"Portada\",\"item\":\"https:\\\/\\\/techmasterdemexico.com\\\/\"},{\"@type\":\"ListItem\",\"position\":2,\"name\":\"Herramienta de prueba Fluke 190-062\\\/S ScopeMeter\u00ae\"}]},{\"@type\":\"WebSite\",\"@id\":\"https:\\\/\\\/techmasterdemexico.com\\\/#website\",\"url\":\"https:\\\/\\\/techmasterdemexico.com\\\/\",\"name\":\"Techmaster de Mexico\",\"description\":\"\",\"potentialAction\":[{\"@type\":\"SearchAction\",\"target\":{\"@type\":\"EntryPoint\",\"urlTemplate\":\"https:\\\/\\\/techmasterdemexico.com\\\/?s={search_term_string}\"},\"query-input\":{\"@type\":\"PropertyValueSpecification\",\"valueRequired\":true,\"valueName\":\"search_term_string\"}}],\"inLanguage\":\"en-US\"}]}<\/script>\n<!-- \/ Yoast SEO plugin. -->","yoast_head_json":{"title":"Herramienta de prueba Fluke 190-062\/S ScopeMeter\u00ae - Techmaster de Mexico","robots":{"index":"index","follow":"follow","max-snippet":"max-snippet:-1","max-image-preview":"max-image-preview:large","max-video-preview":"max-video-preview:-1"},"canonical":"https:\/\/techmasterdemexico.com\/producto\/herramienta-de-prueba-fluke-190-062-s-scopemeter\/","og_locale":"en_US","og_type":"article","og_title":"Herramienta de prueba Fluke 190-062\/S ScopeMeter\u00ae - Techmaster de Mexico","og_description":"Herramienta de prueba Fluke 190-062\/S ScopeMeter\u00ae Herramienta de comprobaci\u00f3n ScopeMeter\u00ae Fluke 190-062\/S: 20 a\u00f1os de innovaci\u00f3n El osciloscopio Fluke ScopeMeter 190-062\/S, el primer osciloscopio port\u00e1til de dos canales con la homologaci\u00f3n de seguridad CAT III 1000 V y CAT IV 600 V. Este dispositivo combina las m\u00e1s altas prestaciones, una alt\u00edsima resistencia y la portabilidad [&hellip;]","og_url":"https:\/\/techmasterdemexico.com\/producto\/herramienta-de-prueba-fluke-190-062-s-scopemeter\/","og_site_name":"Techmaster de Mexico","article_modified_time":"2023-08-31T23:51:16+00:00","og_image":[{"width":1000,"height":1000,"url":"https:\/\/techmasterdemexico.com\/wp-content\/uploads\/Fluke-190-062-s.png","type":"image\/png"}],"twitter_card":"summary_large_image","twitter_misc":{"Est. reading time":"1 minute"},"schema":{"@context":"https:\/\/schema.org","@graph":[{"@type":"WebPage","@id":"https:\/\/techmasterdemexico.com\/producto\/herramienta-de-prueba-fluke-190-062-s-scopemeter\/","url":"https:\/\/techmasterdemexico.com\/producto\/herramienta-de-prueba-fluke-190-062-s-scopemeter\/","name":"Herramienta de prueba Fluke 190-062\/S ScopeMeter\u00ae - Techmaster de Mexico","isPartOf":{"@id":"https:\/\/techmasterdemexico.com\/#website"},"primaryImageOfPage":{"@id":"https:\/\/techmasterdemexico.com\/producto\/herramienta-de-prueba-fluke-190-062-s-scopemeter\/#primaryimage"},"image":{"@id":"https:\/\/techmasterdemexico.com\/producto\/herramienta-de-prueba-fluke-190-062-s-scopemeter\/#primaryimage"},"thumbnailUrl":"https:\/\/techmasterdemexico.com\/wp-content\/uploads\/Fluke-190-062-s.png","datePublished":"2021-08-19T18:30:07+00:00","dateModified":"2023-08-31T23:51:16+00:00","breadcrumb":{"@id":"https:\/\/techmasterdemexico.com\/producto\/herramienta-de-prueba-fluke-190-062-s-scopemeter\/#breadcrumb"},"inLanguage":"en-US","potentialAction":[{"@type":"ReadAction","target":["https:\/\/techmasterdemexico.com\/producto\/herramienta-de-prueba-fluke-190-062-s-scopemeter\/"]}]},{"@type":"ImageObject","inLanguage":"en-US","@id":"https:\/\/techmasterdemexico.com\/producto\/herramienta-de-prueba-fluke-190-062-s-scopemeter\/#primaryimage","url":"https:\/\/techmasterdemexico.com\/wp-content\/uploads\/Fluke-190-062-s.png","contentUrl":"https:\/\/techmasterdemexico.com\/wp-content\/uploads\/Fluke-190-062-s.png","width":1000,"height":1000},{"@type":"BreadcrumbList","@id":"https:\/\/techmasterdemexico.com\/producto\/herramienta-de-prueba-fluke-190-062-s-scopemeter\/#breadcrumb","itemListElement":[{"@type":"ListItem","position":1,"name":"Portada","item":"https:\/\/techmasterdemexico.com\/"},{"@type":"ListItem","position":2,"name":"Herramienta de prueba Fluke 190-062\/S ScopeMeter\u00ae"}]},{"@type":"WebSite","@id":"https:\/\/techmasterdemexico.com\/#website","url":"https:\/\/techmasterdemexico.com\/","name":"Techmaster de Mexico","description":"","potentialAction":[{"@type":"SearchAction","target":{"@type":"EntryPoint","urlTemplate":"https:\/\/techmasterdemexico.com\/?s={search_term_string}"},"query-input":{"@type":"PropertyValueSpecification","valueRequired":true,"valueName":"search_term_string"}}],"inLanguage":"en-US"}]}},"brands":[{"id":31,"name":"Fluke","slug":"fluke"}],"_links":{"self":[{"href":"https:\/\/techmasterdemexico.com\/en\/wp-json\/wp\/v2\/product\/8158","targetHints":{"allow":["GET"]}}],"collection":[{"href":"https:\/\/techmasterdemexico.com\/en\/wp-json\/wp\/v2\/product"}],"about":[{"href":"https:\/\/techmasterdemexico.com\/en\/wp-json\/wp\/v2\/types\/product"}],"wp:featuredmedia":[{"embeddable":true,"href":"https:\/\/techmasterdemexico.com\/en\/wp-json\/wp\/v2\/media\/20598"}],"wp:attachment":[{"href":"https:\/\/techmasterdemexico.com\/en\/wp-json\/wp\/v2\/media?parent=8158"}],"wp:term":[{"taxonomy":"pwb-brand","embeddable":true,"href":"https:\/\/techmasterdemexico.com\/en\/wp-json\/wp\/v2\/pwb-brand?post=8158"},{"taxonomy":"product_brand","embeddable":true,"href":"https:\/\/techmasterdemexico.com\/en\/wp-json\/wp\/v2\/product_brand?post=8158"},{"taxonomy":"product_cat","embeddable":true,"href":"https:\/\/techmasterdemexico.com\/en\/wp-json\/wp\/v2\/product_cat?post=8158"},{"taxonomy":"product_tag","embeddable":true,"href":"https:\/\/techmasterdemexico.com\/en\/wp-json\/wp\/v2\/product_tag?post=8158"}],"curies":[{"name":"wp","href":"https:\/\/api.w.org\/{rel}","templated":true}]}}