{"id":8150,"date":"2021-08-19T18:30:03","date_gmt":"2021-08-19T18:30:03","guid":{"rendered":"http:\/\/techmastermx.ddns.net\/producto\/pinza-de-resistencia-de-tierra-fluke-1630-2-fc\/"},"modified":"2022-08-04T22:07:58","modified_gmt":"2022-08-04T22:07:58","slug":"pinza-de-resistencia-de-tierra-fluke-1630-2-fc","status":"publish","type":"product","link":"https:\/\/techmasterdemexico.com\/en\/producto\/pinza-de-resistencia-de-tierra-fluke-1630-2-fc\/","title":{"rendered":"Pinza de resistencia de tierra Fluke 1630-2 FC"},"content":{"rendered":"<p>Compruebe la puesta a tierra de los componentes de equipos en espacios de dif\u00edcil acceso, incluidas \u00e1reas en interiores o completamente pavimentadas donde no se permiten picas en pruebas auxiliares de conducci\u00f3n. Permanezca en l\u00ednea: identifique la resistencia de bucle a tierra sin la necesidad de desconectar y volver a conectar al sistema el electrodo de puesta a tierra.<\/p>\n<p>La pinza de resistencia de tierra sin picas 1630-2 FC es el tipo de herramienta resistente y de alta calidad que espera de Fluke. La resistente mordaza de la pinza permanece alineada y calibrada aun en entornos industriales en servicio.<\/p>\n<p>Comprobaci\u00f3n sin picas<\/p>\n<p>La pinza 1630-2 FC mide las resistencias de los bucles de puesta a tierra para sistemas con m\u00faltiples puestas a tierra mediante la mordaza doble de la pinza. Esta t\u00e9cnica de prueba elimina la necesidad de realizar la peligrosa y engorrosa actividad de desconectar puestas a tierra paralelas, como as\u00ed tambi\u00e9n el proceso de encontrar ubicaciones adecuadas para picas de prueba auxiliares. Tambi\u00e9n puede llevar a cabo comprobaciones de puesta a tierra en lugares donde anteriormente era dif\u00edcil: en el interior de edificios, postes de electricidad o cualquier otro lugar en el que no pueda acceder al suelo para colocar picas de prueba auxiliares.<\/p>\n<p>Sistema inal\u00e1mbrico [14]\u00aeSistema inal\u00e1mbrico [16]<\/p>\n<p>La 1630-2 FC es compatible con el sistema inal\u00e1mbrico Fluke Connect (puede que no se encuentre disponible en todas las regiones). Fluke Connect conecta la pinza con una aplicaci\u00f3n de su smartphone o tableta de manera inal\u00e1mbrica. La aplicaci\u00f3n muestra las mediciones de resistencia de tierra en su pantalla de smartphone o tablet. Puede guardar estas mediciones, la ubicaci\u00f3n GPS de su tel\u00e9fono y las im\u00e1genes en el almacenamiento en la nube Fluke Connect y compartirlas con su equipo.<\/p>\n","protected":false},"excerpt":{"rendered":"<ul>\n<li>Medici\u00f3n de corriente CA de p\u00e9rdida de resistencia de tierra<br \/>\nIdentifique las corrientes de fuga de CA sin desconectar la pica de puesta a tierra del sistema de puesta a tierra:ideal para la soluci\u00f3n de problemas del sistema.<\/li>\n<li>Resistentes<br \/>\nLa mordaza para trabajo pesado de la pinza permanece alineada y calibrada aun en entornos industriales en servicio.<\/li>\n<li>Registro de mediciones<br \/>\nLa pinza de resistencia de tierra ahorra tiempo al registrar datos autom\u00e1ticamente en intervalos establecidos previamente y guarda hasta 32 760 mediciones en la memoria en el intervalo de registro establecido. Ahorra tiempo al registrar y almacenar valores medidos.<\/li>\n<li>Umbral de alarma<br \/>\nL\u00edmites de alarma altos\/bajos definidos por el usuario para obtener una evaluaci\u00f3n de medici\u00f3n r\u00e1pida.<\/li>\n<li>Filtro pasabanda<br \/>\nLa funci\u00f3n de filtro pasabanda seleccionable elimina el ruido no deseado de la corriente de fuga de CA.<\/li>\n<\/ul>\n","protected":false},"featured_media":19722,"template":"","meta":{"_acf_changed":false},"pwb-brand":[31],"product_brand":[],"product_cat":[366,140,30],"product_tag":[],"class_list":{"0":"post-8150","1":"product","2":"type-product","3":"status-publish","4":"has-post-thumbnail","6":"pwb-brand-fluke","7":"product_cat-todos-los-productos","8":"product_cat-conexion-a-tierra","9":"product_cat-fluke","11":"first","12":"instock","13":"taxable","14":"shipping-taxable","15":"product-type-simple"},"acf":[],"yoast_head":"<!-- This site is optimized with the Yoast SEO plugin v27.4 - https:\/\/yoast.com\/product\/yoast-seo-wordpress\/ -->\n<title>Pinza de resistencia de tierra Fluke 1630-2 FC - Techmaster de Mexico<\/title>\n<meta name=\"robots\" content=\"index, follow, max-snippet:-1, max-image-preview:large, max-video-preview:-1\" \/>\n<link rel=\"canonical\" href=\"https:\/\/techmasterdemexico.com\/producto\/pinza-de-resistencia-de-tierra-fluke-1630-2-fc\/\" \/>\n<meta property=\"og:locale\" content=\"en_US\" \/>\n<meta property=\"og:type\" content=\"article\" \/>\n<meta property=\"og:title\" content=\"Pinza de resistencia de tierra Fluke 1630-2 FC - Techmaster de Mexico\" \/>\n<meta property=\"og:description\" content=\"Medici\u00f3n de corriente CA de p\u00e9rdida de resistencia de tierra Identifique las corrientes de fuga de CA sin desconectar la pica de puesta a tierra del sistema de puesta a tierra:ideal para la soluci\u00f3n de problemas del sistema.  Resistentes La mordaza para trabajo pesado de la pinza permanece alineada y calibrada aun en entornos industriales en servicio.  Registro de mediciones La pinza de resistencia de tierra ahorra tiempo al registrar datos autom\u00e1ticamente en intervalos establecidos previamente y guarda hasta 32 760 mediciones en la memoria en el intervalo de registro establecido. Ahorra tiempo al registrar y almacenar valores medidos.  Umbral de alarma L\u00edmites de alarma altos\/bajos definidos por el usuario para obtener una evaluaci\u00f3n de medici\u00f3n r\u00e1pida.  Filtro pasabanda La funci\u00f3n de filtro pasabanda seleccionable elimina el ruido no deseado de la corriente de fuga de CA.\" \/>\n<meta property=\"og:url\" content=\"https:\/\/techmasterdemexico.com\/producto\/pinza-de-resistencia-de-tierra-fluke-1630-2-fc\/\" \/>\n<meta property=\"og:site_name\" content=\"Techmaster de Mexico\" \/>\n<meta property=\"article:modified_time\" content=\"2022-08-04T22:07:58+00:00\" \/>\n<meta property=\"og:image\" content=\"https:\/\/techmasterdemexico.com\/wp-content\/uploads\/2021\/08\/1630-2-FC.png\" \/>\n\t<meta property=\"og:image:width\" content=\"500\" \/>\n\t<meta property=\"og:image:height\" content=\"500\" \/>\n\t<meta property=\"og:image:type\" content=\"image\/png\" \/>\n<meta name=\"twitter:card\" content=\"summary_large_image\" \/>\n<meta name=\"twitter:label1\" content=\"Est. reading time\" \/>\n\t<meta name=\"twitter:data1\" content=\"2 minutes\" \/>\n<script type=\"application\/ld+json\" class=\"yoast-schema-graph\">{\"@context\":\"https:\\\/\\\/schema.org\",\"@graph\":[{\"@type\":\"WebPage\",\"@id\":\"https:\\\/\\\/techmasterdemexico.com\\\/producto\\\/pinza-de-resistencia-de-tierra-fluke-1630-2-fc\\\/\",\"url\":\"https:\\\/\\\/techmasterdemexico.com\\\/producto\\\/pinza-de-resistencia-de-tierra-fluke-1630-2-fc\\\/\",\"name\":\"Pinza de resistencia de tierra Fluke 1630-2 FC - Techmaster de Mexico\",\"isPartOf\":{\"@id\":\"https:\\\/\\\/techmasterdemexico.com\\\/#website\"},\"primaryImageOfPage\":{\"@id\":\"https:\\\/\\\/techmasterdemexico.com\\\/producto\\\/pinza-de-resistencia-de-tierra-fluke-1630-2-fc\\\/#primaryimage\"},\"image\":{\"@id\":\"https:\\\/\\\/techmasterdemexico.com\\\/producto\\\/pinza-de-resistencia-de-tierra-fluke-1630-2-fc\\\/#primaryimage\"},\"thumbnailUrl\":\"https:\\\/\\\/techmasterdemexico.com\\\/wp-content\\\/uploads\\\/2021\\\/08\\\/1630-2-FC.png\",\"datePublished\":\"2021-08-19T18:30:03+00:00\",\"dateModified\":\"2022-08-04T22:07:58+00:00\",\"breadcrumb\":{\"@id\":\"https:\\\/\\\/techmasterdemexico.com\\\/producto\\\/pinza-de-resistencia-de-tierra-fluke-1630-2-fc\\\/#breadcrumb\"},\"inLanguage\":\"en-US\",\"potentialAction\":[{\"@type\":\"ReadAction\",\"target\":[\"https:\\\/\\\/techmasterdemexico.com\\\/producto\\\/pinza-de-resistencia-de-tierra-fluke-1630-2-fc\\\/\"]}]},{\"@type\":\"ImageObject\",\"inLanguage\":\"en-US\",\"@id\":\"https:\\\/\\\/techmasterdemexico.com\\\/producto\\\/pinza-de-resistencia-de-tierra-fluke-1630-2-fc\\\/#primaryimage\",\"url\":\"https:\\\/\\\/techmasterdemexico.com\\\/wp-content\\\/uploads\\\/2021\\\/08\\\/1630-2-FC.png\",\"contentUrl\":\"https:\\\/\\\/techmasterdemexico.com\\\/wp-content\\\/uploads\\\/2021\\\/08\\\/1630-2-FC.png\",\"width\":500,\"height\":500},{\"@type\":\"BreadcrumbList\",\"@id\":\"https:\\\/\\\/techmasterdemexico.com\\\/producto\\\/pinza-de-resistencia-de-tierra-fluke-1630-2-fc\\\/#breadcrumb\",\"itemListElement\":[{\"@type\":\"ListItem\",\"position\":1,\"name\":\"Portada\",\"item\":\"https:\\\/\\\/techmasterdemexico.com\\\/\"},{\"@type\":\"ListItem\",\"position\":2,\"name\":\"Pinza de resistencia de tierra Fluke 1630-2 FC\"}]},{\"@type\":\"WebSite\",\"@id\":\"https:\\\/\\\/techmasterdemexico.com\\\/#website\",\"url\":\"https:\\\/\\\/techmasterdemexico.com\\\/\",\"name\":\"Techmaster de Mexico\",\"description\":\"\",\"potentialAction\":[{\"@type\":\"SearchAction\",\"target\":{\"@type\":\"EntryPoint\",\"urlTemplate\":\"https:\\\/\\\/techmasterdemexico.com\\\/?s={search_term_string}\"},\"query-input\":{\"@type\":\"PropertyValueSpecification\",\"valueRequired\":true,\"valueName\":\"search_term_string\"}}],\"inLanguage\":\"en-US\"}]}<\/script>\n<!-- \/ Yoast SEO plugin. -->","yoast_head_json":{"title":"Pinza de resistencia de tierra Fluke 1630-2 FC - Techmaster de Mexico","robots":{"index":"index","follow":"follow","max-snippet":"max-snippet:-1","max-image-preview":"max-image-preview:large","max-video-preview":"max-video-preview:-1"},"canonical":"https:\/\/techmasterdemexico.com\/producto\/pinza-de-resistencia-de-tierra-fluke-1630-2-fc\/","og_locale":"en_US","og_type":"article","og_title":"Pinza de resistencia de tierra Fluke 1630-2 FC - Techmaster de Mexico","og_description":"Medici\u00f3n de corriente CA de p\u00e9rdida de resistencia de tierra Identifique las corrientes de fuga de CA sin desconectar la pica de puesta a tierra del sistema de puesta a tierra:ideal para la soluci\u00f3n de problemas del sistema.  Resistentes La mordaza para trabajo pesado de la pinza permanece alineada y calibrada aun en entornos industriales en servicio.  Registro de mediciones La pinza de resistencia de tierra ahorra tiempo al registrar datos autom\u00e1ticamente en intervalos establecidos previamente y guarda hasta 32 760 mediciones en la memoria en el intervalo de registro establecido. Ahorra tiempo al registrar y almacenar valores medidos.  Umbral de alarma L\u00edmites de alarma altos\/bajos definidos por el usuario para obtener una evaluaci\u00f3n de medici\u00f3n r\u00e1pida.  Filtro pasabanda La funci\u00f3n de filtro pasabanda seleccionable elimina el ruido no deseado de la corriente de fuga de CA.","og_url":"https:\/\/techmasterdemexico.com\/producto\/pinza-de-resistencia-de-tierra-fluke-1630-2-fc\/","og_site_name":"Techmaster de Mexico","article_modified_time":"2022-08-04T22:07:58+00:00","og_image":[{"width":500,"height":500,"url":"https:\/\/techmasterdemexico.com\/wp-content\/uploads\/2021\/08\/1630-2-FC.png","type":"image\/png"}],"twitter_card":"summary_large_image","twitter_misc":{"Est. reading time":"2 minutes"},"schema":{"@context":"https:\/\/schema.org","@graph":[{"@type":"WebPage","@id":"https:\/\/techmasterdemexico.com\/producto\/pinza-de-resistencia-de-tierra-fluke-1630-2-fc\/","url":"https:\/\/techmasterdemexico.com\/producto\/pinza-de-resistencia-de-tierra-fluke-1630-2-fc\/","name":"Pinza de resistencia de tierra Fluke 1630-2 FC - Techmaster de Mexico","isPartOf":{"@id":"https:\/\/techmasterdemexico.com\/#website"},"primaryImageOfPage":{"@id":"https:\/\/techmasterdemexico.com\/producto\/pinza-de-resistencia-de-tierra-fluke-1630-2-fc\/#primaryimage"},"image":{"@id":"https:\/\/techmasterdemexico.com\/producto\/pinza-de-resistencia-de-tierra-fluke-1630-2-fc\/#primaryimage"},"thumbnailUrl":"https:\/\/techmasterdemexico.com\/wp-content\/uploads\/2021\/08\/1630-2-FC.png","datePublished":"2021-08-19T18:30:03+00:00","dateModified":"2022-08-04T22:07:58+00:00","breadcrumb":{"@id":"https:\/\/techmasterdemexico.com\/producto\/pinza-de-resistencia-de-tierra-fluke-1630-2-fc\/#breadcrumb"},"inLanguage":"en-US","potentialAction":[{"@type":"ReadAction","target":["https:\/\/techmasterdemexico.com\/producto\/pinza-de-resistencia-de-tierra-fluke-1630-2-fc\/"]}]},{"@type":"ImageObject","inLanguage":"en-US","@id":"https:\/\/techmasterdemexico.com\/producto\/pinza-de-resistencia-de-tierra-fluke-1630-2-fc\/#primaryimage","url":"https:\/\/techmasterdemexico.com\/wp-content\/uploads\/2021\/08\/1630-2-FC.png","contentUrl":"https:\/\/techmasterdemexico.com\/wp-content\/uploads\/2021\/08\/1630-2-FC.png","width":500,"height":500},{"@type":"BreadcrumbList","@id":"https:\/\/techmasterdemexico.com\/producto\/pinza-de-resistencia-de-tierra-fluke-1630-2-fc\/#breadcrumb","itemListElement":[{"@type":"ListItem","position":1,"name":"Portada","item":"https:\/\/techmasterdemexico.com\/"},{"@type":"ListItem","position":2,"name":"Pinza de resistencia de tierra Fluke 1630-2 FC"}]},{"@type":"WebSite","@id":"https:\/\/techmasterdemexico.com\/#website","url":"https:\/\/techmasterdemexico.com\/","name":"Techmaster de Mexico","description":"","potentialAction":[{"@type":"SearchAction","target":{"@type":"EntryPoint","urlTemplate":"https:\/\/techmasterdemexico.com\/?s={search_term_string}"},"query-input":{"@type":"PropertyValueSpecification","valueRequired":true,"valueName":"search_term_string"}}],"inLanguage":"en-US"}]}},"brands":[{"id":31,"name":"Fluke","slug":"fluke"}],"_links":{"self":[{"href":"https:\/\/techmasterdemexico.com\/en\/wp-json\/wp\/v2\/product\/8150","targetHints":{"allow":["GET"]}}],"collection":[{"href":"https:\/\/techmasterdemexico.com\/en\/wp-json\/wp\/v2\/product"}],"about":[{"href":"https:\/\/techmasterdemexico.com\/en\/wp-json\/wp\/v2\/types\/product"}],"wp:featuredmedia":[{"embeddable":true,"href":"https:\/\/techmasterdemexico.com\/en\/wp-json\/wp\/v2\/media\/19722"}],"wp:attachment":[{"href":"https:\/\/techmasterdemexico.com\/en\/wp-json\/wp\/v2\/media?parent=8150"}],"wp:term":[{"taxonomy":"pwb-brand","embeddable":true,"href":"https:\/\/techmasterdemexico.com\/en\/wp-json\/wp\/v2\/pwb-brand?post=8150"},{"taxonomy":"product_brand","embeddable":true,"href":"https:\/\/techmasterdemexico.com\/en\/wp-json\/wp\/v2\/product_brand?post=8150"},{"taxonomy":"product_cat","embeddable":true,"href":"https:\/\/techmasterdemexico.com\/en\/wp-json\/wp\/v2\/product_cat?post=8150"},{"taxonomy":"product_tag","embeddable":true,"href":"https:\/\/techmasterdemexico.com\/en\/wp-json\/wp\/v2\/product_tag?post=8150"}],"curies":[{"name":"wp","href":"https:\/\/api.w.org\/{rel}","templated":true}]}}