{"id":8148,"date":"2021-08-19T17:43:17","date_gmt":"2021-08-19T17:43:17","guid":{"rendered":"http:\/\/techmastermx.ddns.net\/producto\/comprobador-de-puesta-a-tierra-1625-2-geo-de-fluke\/"},"modified":"2022-08-04T22:04:24","modified_gmt":"2022-08-04T22:04:24","slug":"comprobador-de-puesta-a-tierra-1625-2-geo-de-fluke","status":"publish","type":"product","link":"https:\/\/techmasterdemexico.com\/en\/producto\/comprobador-de-puesta-a-tierra-1625-2-geo-de-fluke\/","title":{"rendered":"Comprobador de puesta a tierra 1625-2 GEO de Fluke"},"content":{"rendered":"<p>El comprobador de puesta a tierra 1625-2 de Fluke puede medir resistencias de bucle de tierra usando solo pinzas. Con este m\u00e9todo, se ubican dos pinzas alrededor de la varilla de conexi\u00f3n a tierra y cada una se conecta al comprobador. No se usa ninguna pica de puesta a tierra. Con una de las pinzas se induce un voltaje fijo conocido, mientras que con la otra se mide la corriente. Luego el comprobador determina autom\u00e1ticamente la resistencia de la varilla de puesta tierra. Este m\u00e9todo de medici\u00f3n solo funciona si el edificio o estructura en donde se realiza la medici\u00f3n cuenta con un sistema de puesta a tierra, aunque la mayor\u00eda lo tiene. Si existe solo una trayectoria a tierra, como sucede en muchas aplicaciones residenciales, el m\u00e9todo sin picas no proporcionar\u00e1 un valor fiable y se debe usar el m\u00e9todo de prueba de ca\u00edda de potencial.<\/p>\n","protected":false},"excerpt":{"rendered":"<ul>\n<li>Prueba de bucle de resistencia de tierra con el m\u00e9todo de ca\u00edda de potencial de 3 y 4 hilos<\/li>\n<li>Medici\u00f3n de la resistividad de suelos de 4 hilos<\/li>\n<li>Medici\u00f3n de resistencia de tierra de varilla selectiva con 1 pinza<\/li>\n<li>Medici\u00f3n de resistencia de tierra de varilla sin picas con 2 pinzas<\/li>\n<li>Con clasificaci\u00f3n IP56 para uso en exteriores<\/li>\n<li>Malet\u00edn de transporte r\u00edgido<\/li>\n<li>Transferencia y almacenamiento de datos a trav\u00e9s de USB<\/li>\n<\/ul>\n<p>Adem\u00e1s, el comprobador es muy f\u00e1cil de usar. Para cada medici\u00f3n, el comprobador le indica qu\u00e9 picas o pinzas se necesitan conectar y el interruptor giratorio se puede utilizar incluso con guantes.<\/p>\n<ul>\n<li>Ca\u00edda de potencial de 3 y 4 hilos (usando picas)<\/li>\n<li>Comprobaci\u00f3n de resistividad del terreno de 4 hilos (usando picas)<\/li>\n<li>Comprobaci\u00f3n selectiva (usando 1 pinza y picas)<\/li>\n<li>Comprobaci\u00f3n sin picas (usando solo 2 pinzas)<\/li>\n<\/ul>\n","protected":false},"featured_media":19719,"template":"","meta":{"_acf_changed":false},"pwb-brand":[31],"product_brand":[],"product_cat":[366,140,30],"product_tag":[],"class_list":{"0":"post-8148","1":"product","2":"type-product","3":"status-publish","4":"has-post-thumbnail","6":"pwb-brand-fluke","7":"product_cat-todos-los-productos","8":"product_cat-conexion-a-tierra","9":"product_cat-fluke","11":"first","12":"instock","13":"taxable","14":"shipping-taxable","15":"product-type-simple"},"acf":[],"yoast_head":"<!-- This site is optimized with the Yoast SEO plugin v27.4 - https:\/\/yoast.com\/product\/yoast-seo-wordpress\/ -->\n<title>Comprobador de puesta a tierra 1625-2 GEO de Fluke - Techmaster de Mexico<\/title>\n<meta name=\"robots\" content=\"index, follow, max-snippet:-1, max-image-preview:large, max-video-preview:-1\" \/>\n<link rel=\"canonical\" href=\"https:\/\/techmasterdemexico.com\/producto\/comprobador-de-puesta-a-tierra-1625-2-geo-de-fluke\/\" \/>\n<meta property=\"og:locale\" content=\"en_US\" \/>\n<meta property=\"og:type\" content=\"article\" \/>\n<meta property=\"og:title\" content=\"Comprobador de puesta a tierra 1625-2 GEO de Fluke - Techmaster de Mexico\" \/>\n<meta property=\"og:description\" content=\"Prueba de bucle de resistencia de tierra con el m\u00e9todo de ca\u00edda de potencial de 3 y 4 hilos  Medici\u00f3n de la resistividad de suelos de 4 hilos  Medici\u00f3n de resistencia de tierra de varilla selectiva con 1 pinza  Medici\u00f3n de resistencia de tierra de varilla sin picas con 2 pinzas  Con clasificaci\u00f3n IP56 para uso en exteriores  Malet\u00edn de transporte r\u00edgido  Transferencia y almacenamiento de datos a trav\u00e9s de USB  Adem\u00e1s, el comprobador es muy f\u00e1cil de usar. Para cada medici\u00f3n, el comprobador le indica qu\u00e9 picas o pinzas se necesitan conectar y el interruptor giratorio se puede utilizar incluso con guantes.   Ca\u00edda de potencial de 3 y 4 hilos (usando picas)  Comprobaci\u00f3n de resistividad del terreno de 4 hilos (usando picas)  Comprobaci\u00f3n selectiva (usando 1 pinza y picas)  Comprobaci\u00f3n sin picas (usando solo 2 pinzas)\" \/>\n<meta property=\"og:url\" content=\"https:\/\/techmasterdemexico.com\/producto\/comprobador-de-puesta-a-tierra-1625-2-geo-de-fluke\/\" \/>\n<meta property=\"og:site_name\" content=\"Techmaster de Mexico\" \/>\n<meta property=\"article:modified_time\" content=\"2022-08-04T22:04:24+00:00\" \/>\n<meta property=\"og:image\" content=\"https:\/\/techmasterdemexico.com\/wp-content\/uploads\/2021\/08\/FLUKE1625-2_Main-1.png\" \/>\n\t<meta property=\"og:image:width\" content=\"500\" \/>\n\t<meta property=\"og:image:height\" content=\"500\" \/>\n\t<meta property=\"og:image:type\" content=\"image\/png\" \/>\n<meta name=\"twitter:card\" content=\"summary_large_image\" \/>\n<meta name=\"twitter:label1\" content=\"Est. reading time\" \/>\n\t<meta name=\"twitter:data1\" content=\"1 minute\" \/>\n<script type=\"application\/ld+json\" class=\"yoast-schema-graph\">{\"@context\":\"https:\\\/\\\/schema.org\",\"@graph\":[{\"@type\":\"WebPage\",\"@id\":\"https:\\\/\\\/techmasterdemexico.com\\\/producto\\\/comprobador-de-puesta-a-tierra-1625-2-geo-de-fluke\\\/\",\"url\":\"https:\\\/\\\/techmasterdemexico.com\\\/producto\\\/comprobador-de-puesta-a-tierra-1625-2-geo-de-fluke\\\/\",\"name\":\"Comprobador de puesta a tierra 1625-2 GEO de Fluke - Techmaster de Mexico\",\"isPartOf\":{\"@id\":\"https:\\\/\\\/techmasterdemexico.com\\\/#website\"},\"primaryImageOfPage\":{\"@id\":\"https:\\\/\\\/techmasterdemexico.com\\\/producto\\\/comprobador-de-puesta-a-tierra-1625-2-geo-de-fluke\\\/#primaryimage\"},\"image\":{\"@id\":\"https:\\\/\\\/techmasterdemexico.com\\\/producto\\\/comprobador-de-puesta-a-tierra-1625-2-geo-de-fluke\\\/#primaryimage\"},\"thumbnailUrl\":\"https:\\\/\\\/techmasterdemexico.com\\\/wp-content\\\/uploads\\\/2021\\\/08\\\/FLUKE1625-2_Main-1.png\",\"datePublished\":\"2021-08-19T17:43:17+00:00\",\"dateModified\":\"2022-08-04T22:04:24+00:00\",\"breadcrumb\":{\"@id\":\"https:\\\/\\\/techmasterdemexico.com\\\/producto\\\/comprobador-de-puesta-a-tierra-1625-2-geo-de-fluke\\\/#breadcrumb\"},\"inLanguage\":\"en-US\",\"potentialAction\":[{\"@type\":\"ReadAction\",\"target\":[\"https:\\\/\\\/techmasterdemexico.com\\\/producto\\\/comprobador-de-puesta-a-tierra-1625-2-geo-de-fluke\\\/\"]}]},{\"@type\":\"ImageObject\",\"inLanguage\":\"en-US\",\"@id\":\"https:\\\/\\\/techmasterdemexico.com\\\/producto\\\/comprobador-de-puesta-a-tierra-1625-2-geo-de-fluke\\\/#primaryimage\",\"url\":\"https:\\\/\\\/techmasterdemexico.com\\\/wp-content\\\/uploads\\\/2021\\\/08\\\/FLUKE1625-2_Main-1.png\",\"contentUrl\":\"https:\\\/\\\/techmasterdemexico.com\\\/wp-content\\\/uploads\\\/2021\\\/08\\\/FLUKE1625-2_Main-1.png\",\"width\":500,\"height\":500},{\"@type\":\"BreadcrumbList\",\"@id\":\"https:\\\/\\\/techmasterdemexico.com\\\/producto\\\/comprobador-de-puesta-a-tierra-1625-2-geo-de-fluke\\\/#breadcrumb\",\"itemListElement\":[{\"@type\":\"ListItem\",\"position\":1,\"name\":\"Portada\",\"item\":\"https:\\\/\\\/techmasterdemexico.com\\\/\"},{\"@type\":\"ListItem\",\"position\":2,\"name\":\"Comprobador de puesta a tierra 1625-2 GEO de Fluke\"}]},{\"@type\":\"WebSite\",\"@id\":\"https:\\\/\\\/techmasterdemexico.com\\\/#website\",\"url\":\"https:\\\/\\\/techmasterdemexico.com\\\/\",\"name\":\"Techmaster de Mexico\",\"description\":\"\",\"potentialAction\":[{\"@type\":\"SearchAction\",\"target\":{\"@type\":\"EntryPoint\",\"urlTemplate\":\"https:\\\/\\\/techmasterdemexico.com\\\/?s={search_term_string}\"},\"query-input\":{\"@type\":\"PropertyValueSpecification\",\"valueRequired\":true,\"valueName\":\"search_term_string\"}}],\"inLanguage\":\"en-US\"}]}<\/script>\n<!-- \/ Yoast SEO plugin. -->","yoast_head_json":{"title":"Comprobador de puesta a tierra 1625-2 GEO de Fluke - Techmaster de Mexico","robots":{"index":"index","follow":"follow","max-snippet":"max-snippet:-1","max-image-preview":"max-image-preview:large","max-video-preview":"max-video-preview:-1"},"canonical":"https:\/\/techmasterdemexico.com\/producto\/comprobador-de-puesta-a-tierra-1625-2-geo-de-fluke\/","og_locale":"en_US","og_type":"article","og_title":"Comprobador de puesta a tierra 1625-2 GEO de Fluke - Techmaster de Mexico","og_description":"Prueba de bucle de resistencia de tierra con el m\u00e9todo de ca\u00edda de potencial de 3 y 4 hilos  Medici\u00f3n de la resistividad de suelos de 4 hilos  Medici\u00f3n de resistencia de tierra de varilla selectiva con 1 pinza  Medici\u00f3n de resistencia de tierra de varilla sin picas con 2 pinzas  Con clasificaci\u00f3n IP56 para uso en exteriores  Malet\u00edn de transporte r\u00edgido  Transferencia y almacenamiento de datos a trav\u00e9s de USB  Adem\u00e1s, el comprobador es muy f\u00e1cil de usar. Para cada medici\u00f3n, el comprobador le indica qu\u00e9 picas o pinzas se necesitan conectar y el interruptor giratorio se puede utilizar incluso con guantes.   Ca\u00edda de potencial de 3 y 4 hilos (usando picas)  Comprobaci\u00f3n de resistividad del terreno de 4 hilos (usando picas)  Comprobaci\u00f3n selectiva (usando 1 pinza y picas)  Comprobaci\u00f3n sin picas (usando solo 2 pinzas)","og_url":"https:\/\/techmasterdemexico.com\/producto\/comprobador-de-puesta-a-tierra-1625-2-geo-de-fluke\/","og_site_name":"Techmaster de Mexico","article_modified_time":"2022-08-04T22:04:24+00:00","og_image":[{"width":500,"height":500,"url":"https:\/\/techmasterdemexico.com\/wp-content\/uploads\/2021\/08\/FLUKE1625-2_Main-1.png","type":"image\/png"}],"twitter_card":"summary_large_image","twitter_misc":{"Est. reading time":"1 minute"},"schema":{"@context":"https:\/\/schema.org","@graph":[{"@type":"WebPage","@id":"https:\/\/techmasterdemexico.com\/producto\/comprobador-de-puesta-a-tierra-1625-2-geo-de-fluke\/","url":"https:\/\/techmasterdemexico.com\/producto\/comprobador-de-puesta-a-tierra-1625-2-geo-de-fluke\/","name":"Comprobador de puesta a tierra 1625-2 GEO de Fluke - Techmaster de Mexico","isPartOf":{"@id":"https:\/\/techmasterdemexico.com\/#website"},"primaryImageOfPage":{"@id":"https:\/\/techmasterdemexico.com\/producto\/comprobador-de-puesta-a-tierra-1625-2-geo-de-fluke\/#primaryimage"},"image":{"@id":"https:\/\/techmasterdemexico.com\/producto\/comprobador-de-puesta-a-tierra-1625-2-geo-de-fluke\/#primaryimage"},"thumbnailUrl":"https:\/\/techmasterdemexico.com\/wp-content\/uploads\/2021\/08\/FLUKE1625-2_Main-1.png","datePublished":"2021-08-19T17:43:17+00:00","dateModified":"2022-08-04T22:04:24+00:00","breadcrumb":{"@id":"https:\/\/techmasterdemexico.com\/producto\/comprobador-de-puesta-a-tierra-1625-2-geo-de-fluke\/#breadcrumb"},"inLanguage":"en-US","potentialAction":[{"@type":"ReadAction","target":["https:\/\/techmasterdemexico.com\/producto\/comprobador-de-puesta-a-tierra-1625-2-geo-de-fluke\/"]}]},{"@type":"ImageObject","inLanguage":"en-US","@id":"https:\/\/techmasterdemexico.com\/producto\/comprobador-de-puesta-a-tierra-1625-2-geo-de-fluke\/#primaryimage","url":"https:\/\/techmasterdemexico.com\/wp-content\/uploads\/2021\/08\/FLUKE1625-2_Main-1.png","contentUrl":"https:\/\/techmasterdemexico.com\/wp-content\/uploads\/2021\/08\/FLUKE1625-2_Main-1.png","width":500,"height":500},{"@type":"BreadcrumbList","@id":"https:\/\/techmasterdemexico.com\/producto\/comprobador-de-puesta-a-tierra-1625-2-geo-de-fluke\/#breadcrumb","itemListElement":[{"@type":"ListItem","position":1,"name":"Portada","item":"https:\/\/techmasterdemexico.com\/"},{"@type":"ListItem","position":2,"name":"Comprobador de puesta a tierra 1625-2 GEO de Fluke"}]},{"@type":"WebSite","@id":"https:\/\/techmasterdemexico.com\/#website","url":"https:\/\/techmasterdemexico.com\/","name":"Techmaster de Mexico","description":"","potentialAction":[{"@type":"SearchAction","target":{"@type":"EntryPoint","urlTemplate":"https:\/\/techmasterdemexico.com\/?s={search_term_string}"},"query-input":{"@type":"PropertyValueSpecification","valueRequired":true,"valueName":"search_term_string"}}],"inLanguage":"en-US"}]}},"brands":[{"id":31,"name":"Fluke","slug":"fluke"}],"_links":{"self":[{"href":"https:\/\/techmasterdemexico.com\/en\/wp-json\/wp\/v2\/product\/8148","targetHints":{"allow":["GET"]}}],"collection":[{"href":"https:\/\/techmasterdemexico.com\/en\/wp-json\/wp\/v2\/product"}],"about":[{"href":"https:\/\/techmasterdemexico.com\/en\/wp-json\/wp\/v2\/types\/product"}],"wp:featuredmedia":[{"embeddable":true,"href":"https:\/\/techmasterdemexico.com\/en\/wp-json\/wp\/v2\/media\/19719"}],"wp:attachment":[{"href":"https:\/\/techmasterdemexico.com\/en\/wp-json\/wp\/v2\/media?parent=8148"}],"wp:term":[{"taxonomy":"pwb-brand","embeddable":true,"href":"https:\/\/techmasterdemexico.com\/en\/wp-json\/wp\/v2\/pwb-brand?post=8148"},{"taxonomy":"product_brand","embeddable":true,"href":"https:\/\/techmasterdemexico.com\/en\/wp-json\/wp\/v2\/product_brand?post=8148"},{"taxonomy":"product_cat","embeddable":true,"href":"https:\/\/techmasterdemexico.com\/en\/wp-json\/wp\/v2\/product_cat?post=8148"},{"taxonomy":"product_tag","embeddable":true,"href":"https:\/\/techmasterdemexico.com\/en\/wp-json\/wp\/v2\/product_tag?post=8148"}],"curies":[{"name":"wp","href":"https:\/\/api.w.org\/{rel}","templated":true}]}}