{"id":8145,"date":"2021-08-19T17:43:16","date_gmt":"2021-08-19T17:43:16","guid":{"rendered":"http:\/\/techmastermx.ddns.net\/producto\/termometro-ir-para-alimentos-fluke-foodpro\/"},"modified":"2021-12-28T22:23:59","modified_gmt":"2021-12-28T22:23:59","slug":"termometro-ir-para-alimentos-fluke-foodpro","status":"publish","type":"product","link":"https:\/\/techmasterdemexico.com\/en\/producto\/termometro-ir-para-alimentos-fluke-foodpro\/","title":{"rendered":"Term\u00f3metro IR para alimentos Fluke FoodPro"},"content":{"rendered":"<p>Term\u00f3metro IR para alimentos Fluke FoodPro<\/p>\n<p>Fluke aporta su experiencia en materia de equipos de prueba y medida a la industria alimentaria con soluciones de medida de temperatura con y sin contacto. El term\u00f3metro Fluke FoodPro proporciona una soluci\u00f3n completa de medida y monitoreo para los profesionales del sector alimentario. Dispone de dos \u00fatiles herramientas de control, dise\u00f1adas para permitir a los profesionales de este sector realizar medidas r\u00e1pidas y precisas de la temperatura en alimentos, y evitar as\u00ed posibles problemas de seguridad en los mismos.<\/p>\n<p>El term\u00f3metro sin contacto Fluke FoodPro constituye la primera l\u00ednea de defensa contra las temperaturas de recepci\u00f3n, almacenamiento y mantenimiento incorrectas. Gracias a su tecnolog\u00eda de medida por infrarrojos, el term\u00f3metro FoodPro efect\u00faa precisas lecturas de las temperaturas de superficie, lo que permite a los trabajadores realizar frecuentes y r\u00e1pidas medidas de temperatura: m\u00e1s r\u00e1pidas que las medidas efectuadas con term\u00f3metros de contacto y sin peligro de contaminaci\u00f3n cruzada. El sistema de enfoque iluminado le facilita precisar el \u00e1rea de medida.<\/p>\n<p>Aplicaciones \u00fatiles<\/p>\n<ul>\n<li>Recepci\u00f3n de alimentos: Use los term\u00f3metro FoodPro para comprobar de forma r\u00e1pida la temperatura de los alimentos en el momento de su entrega o recepci\u00f3n seg\u00fan lo recomienda el programa APPCC.<\/li>\n<li>Conservaci\u00f3n de alimentos: Sencillo monitoreo de alimentos calientes y refrigerados. Las luces de comprobaci\u00f3n conformes a APPCC permiten un reconocimiento instant\u00e1neo de las temperaturas correctas o incorrectas.<\/li>\n<li>Inspecci\u00f3n: Realice inspecciones continuas en l\u00edneas de producci\u00f3n y compruebe que se cumplen los requisitos locales relativos a seguridad de producci\u00f3n, manipulaci\u00f3n y conservaci\u00f3n de los alimentos.<\/li>\n<li>Calibraci\u00f3n del equipo: Compruebe la temperatura de funcionamiento de refrigeradores, congeladores, parrillas, freidoras, calentadores de alimentos, as\u00ed como de las unidades de almacenamiento en fr\u00edo y en caliente, para evitar funcionamientos irregulares. De este modo evitar\u00e1 costos y p\u00e9rdidas innecesarias como consecuencia de alimentos en mal estado o equipos que funcionan de forma ineficiente.<\/li>\n<li>Comedores: Sencilla comprobaci\u00f3n de las temperaturas en todos los \u00e1mbitos del servicio de comidas para garantizar la seguridad, aumentar la calidad y reducir p\u00e9rdidas.<\/li>\n<\/ul>\n","protected":false},"excerpt":{"rendered":"<p>Term\u00f3metro de control de alimentos Fluke FoodPro<\/p>\n<p>Este preciso term\u00f3metro sin contacto Fluke FoodPro de sencillo uso mide al instante la temperatura de superficie y permite de este modo a los usuarios realizar r\u00e1pidas y frecuentes medidas de la temperatura sin contacto, sin que exista riesgo de contaminaci\u00f3n cruzada.<\/p>\n<ul>\n<li>Rango de temperaturas infrarrojas de -35 \u00b0C a 275 \u00b0C<\/li>\n<li>Luces de comprobaci\u00f3n (conformes a APPCC) para comprobaciones de tipo PASA\/NO PASA instant\u00e1neo de temperaturas correctas o incorrectas.<\/li>\n<li>La iluminaci\u00f3n LED del objetivo posibilita un enfoque preciso sobre el \u00e1rea de medida.<\/li>\n<li>Posibilidad de lavado a mano (sellado IP54)<\/li>\n<\/ul>\n","protected":false},"featured_media":8688,"template":"","meta":{"_acf_changed":false},"pwb-brand":[31],"product_brand":[],"product_cat":[366,30,51],"product_tag":[],"class_list":{"0":"post-8145","1":"product","2":"type-product","3":"status-publish","4":"has-post-thumbnail","6":"pwb-brand-fluke","7":"product_cat-todos-los-productos","8":"product_cat-fluke","9":"product_cat-termometros-infrarrojos","11":"first","12":"instock","13":"taxable","14":"shipping-taxable","15":"product-type-simple"},"acf":[],"yoast_head":"<!-- This site is optimized with the Yoast SEO plugin v27.4 - https:\/\/yoast.com\/product\/yoast-seo-wordpress\/ -->\n<title>Term\u00f3metro IR para alimentos Fluke FoodPro - Techmaster de Mexico<\/title>\n<meta name=\"robots\" content=\"index, follow, max-snippet:-1, max-image-preview:large, max-video-preview:-1\" \/>\n<link rel=\"canonical\" href=\"https:\/\/techmasterdemexico.com\/producto\/termometro-ir-para-alimentos-fluke-foodpro\/\" \/>\n<meta property=\"og:locale\" content=\"en_US\" \/>\n<meta property=\"og:type\" content=\"article\" \/>\n<meta property=\"og:title\" content=\"Term\u00f3metro IR para alimentos Fluke FoodPro - Techmaster de Mexico\" \/>\n<meta property=\"og:description\" content=\"Term\u00f3metro de control de alimentos Fluke FoodPro  Este preciso term\u00f3metro sin contacto Fluke FoodPro de sencillo uso mide al instante la temperatura de superficie y permite de este modo a los usuarios realizar r\u00e1pidas y frecuentes medidas de la temperatura sin contacto, sin que exista riesgo de contaminaci\u00f3n cruzada.    Rango de temperaturas infrarrojas de -35 \u00b0C a 275 \u00b0C   Luces de comprobaci\u00f3n (conformes a APPCC) para comprobaciones de tipo PASA\/NO PASA instant\u00e1neo de temperaturas correctas o incorrectas.   La iluminaci\u00f3n LED del objetivo posibilita un enfoque preciso sobre el \u00e1rea de medida.   Posibilidad de lavado a mano (sellado IP54)\" \/>\n<meta property=\"og:url\" content=\"https:\/\/techmasterdemexico.com\/producto\/termometro-ir-para-alimentos-fluke-foodpro\/\" \/>\n<meta property=\"og:site_name\" content=\"Techmaster de Mexico\" \/>\n<meta property=\"article:modified_time\" content=\"2021-12-28T22:23:59+00:00\" \/>\n<meta property=\"og:image\" content=\"https:\/\/techmasterdemexico.com\/wp-content\/uploads\/2021\/08\/1.jpg\" \/>\n\t<meta property=\"og:image:width\" content=\"500\" \/>\n\t<meta property=\"og:image:height\" content=\"500\" \/>\n\t<meta property=\"og:image:type\" content=\"image\/jpeg\" \/>\n<meta name=\"twitter:card\" content=\"summary_large_image\" \/>\n<meta name=\"twitter:label1\" content=\"Est. reading time\" \/>\n\t<meta name=\"twitter:data1\" content=\"2 minutes\" \/>\n<script type=\"application\/ld+json\" class=\"yoast-schema-graph\">{\"@context\":\"https:\\\/\\\/schema.org\",\"@graph\":[{\"@type\":\"WebPage\",\"@id\":\"https:\\\/\\\/techmasterdemexico.com\\\/producto\\\/termometro-ir-para-alimentos-fluke-foodpro\\\/\",\"url\":\"https:\\\/\\\/techmasterdemexico.com\\\/producto\\\/termometro-ir-para-alimentos-fluke-foodpro\\\/\",\"name\":\"Term\u00f3metro IR para alimentos Fluke FoodPro - Techmaster de Mexico\",\"isPartOf\":{\"@id\":\"https:\\\/\\\/techmasterdemexico.com\\\/#website\"},\"primaryImageOfPage\":{\"@id\":\"https:\\\/\\\/techmasterdemexico.com\\\/producto\\\/termometro-ir-para-alimentos-fluke-foodpro\\\/#primaryimage\"},\"image\":{\"@id\":\"https:\\\/\\\/techmasterdemexico.com\\\/producto\\\/termometro-ir-para-alimentos-fluke-foodpro\\\/#primaryimage\"},\"thumbnailUrl\":\"https:\\\/\\\/techmasterdemexico.com\\\/wp-content\\\/uploads\\\/2021\\\/08\\\/1.jpg\",\"datePublished\":\"2021-08-19T17:43:16+00:00\",\"dateModified\":\"2021-12-28T22:23:59+00:00\",\"breadcrumb\":{\"@id\":\"https:\\\/\\\/techmasterdemexico.com\\\/producto\\\/termometro-ir-para-alimentos-fluke-foodpro\\\/#breadcrumb\"},\"inLanguage\":\"en-US\",\"potentialAction\":[{\"@type\":\"ReadAction\",\"target\":[\"https:\\\/\\\/techmasterdemexico.com\\\/producto\\\/termometro-ir-para-alimentos-fluke-foodpro\\\/\"]}]},{\"@type\":\"ImageObject\",\"inLanguage\":\"en-US\",\"@id\":\"https:\\\/\\\/techmasterdemexico.com\\\/producto\\\/termometro-ir-para-alimentos-fluke-foodpro\\\/#primaryimage\",\"url\":\"https:\\\/\\\/techmasterdemexico.com\\\/wp-content\\\/uploads\\\/2021\\\/08\\\/1.jpg\",\"contentUrl\":\"https:\\\/\\\/techmasterdemexico.com\\\/wp-content\\\/uploads\\\/2021\\\/08\\\/1.jpg\",\"width\":500,\"height\":500},{\"@type\":\"BreadcrumbList\",\"@id\":\"https:\\\/\\\/techmasterdemexico.com\\\/producto\\\/termometro-ir-para-alimentos-fluke-foodpro\\\/#breadcrumb\",\"itemListElement\":[{\"@type\":\"ListItem\",\"position\":1,\"name\":\"Portada\",\"item\":\"https:\\\/\\\/techmasterdemexico.com\\\/\"},{\"@type\":\"ListItem\",\"position\":2,\"name\":\"Term\u00f3metro IR para alimentos Fluke FoodPro\"}]},{\"@type\":\"WebSite\",\"@id\":\"https:\\\/\\\/techmasterdemexico.com\\\/#website\",\"url\":\"https:\\\/\\\/techmasterdemexico.com\\\/\",\"name\":\"Techmaster de Mexico\",\"description\":\"\",\"potentialAction\":[{\"@type\":\"SearchAction\",\"target\":{\"@type\":\"EntryPoint\",\"urlTemplate\":\"https:\\\/\\\/techmasterdemexico.com\\\/?s={search_term_string}\"},\"query-input\":{\"@type\":\"PropertyValueSpecification\",\"valueRequired\":true,\"valueName\":\"search_term_string\"}}],\"inLanguage\":\"en-US\"}]}<\/script>\n<!-- \/ Yoast SEO plugin. -->","yoast_head_json":{"title":"Term\u00f3metro IR para alimentos Fluke FoodPro - Techmaster de Mexico","robots":{"index":"index","follow":"follow","max-snippet":"max-snippet:-1","max-image-preview":"max-image-preview:large","max-video-preview":"max-video-preview:-1"},"canonical":"https:\/\/techmasterdemexico.com\/producto\/termometro-ir-para-alimentos-fluke-foodpro\/","og_locale":"en_US","og_type":"article","og_title":"Term\u00f3metro IR para alimentos Fluke FoodPro - Techmaster de Mexico","og_description":"Term\u00f3metro de control de alimentos Fluke FoodPro  Este preciso term\u00f3metro sin contacto Fluke FoodPro de sencillo uso mide al instante la temperatura de superficie y permite de este modo a los usuarios realizar r\u00e1pidas y frecuentes medidas de la temperatura sin contacto, sin que exista riesgo de contaminaci\u00f3n cruzada.    Rango de temperaturas infrarrojas de -35 \u00b0C a 275 \u00b0C   Luces de comprobaci\u00f3n (conformes a APPCC) para comprobaciones de tipo PASA\/NO PASA instant\u00e1neo de temperaturas correctas o incorrectas.   La iluminaci\u00f3n LED del objetivo posibilita un enfoque preciso sobre el \u00e1rea de medida.   Posibilidad de lavado a mano (sellado IP54)","og_url":"https:\/\/techmasterdemexico.com\/producto\/termometro-ir-para-alimentos-fluke-foodpro\/","og_site_name":"Techmaster de Mexico","article_modified_time":"2021-12-28T22:23:59+00:00","og_image":[{"width":500,"height":500,"url":"https:\/\/techmasterdemexico.com\/wp-content\/uploads\/2021\/08\/1.jpg","type":"image\/jpeg"}],"twitter_card":"summary_large_image","twitter_misc":{"Est. reading time":"2 minutes"},"schema":{"@context":"https:\/\/schema.org","@graph":[{"@type":"WebPage","@id":"https:\/\/techmasterdemexico.com\/producto\/termometro-ir-para-alimentos-fluke-foodpro\/","url":"https:\/\/techmasterdemexico.com\/producto\/termometro-ir-para-alimentos-fluke-foodpro\/","name":"Term\u00f3metro IR para alimentos Fluke FoodPro - Techmaster de Mexico","isPartOf":{"@id":"https:\/\/techmasterdemexico.com\/#website"},"primaryImageOfPage":{"@id":"https:\/\/techmasterdemexico.com\/producto\/termometro-ir-para-alimentos-fluke-foodpro\/#primaryimage"},"image":{"@id":"https:\/\/techmasterdemexico.com\/producto\/termometro-ir-para-alimentos-fluke-foodpro\/#primaryimage"},"thumbnailUrl":"https:\/\/techmasterdemexico.com\/wp-content\/uploads\/2021\/08\/1.jpg","datePublished":"2021-08-19T17:43:16+00:00","dateModified":"2021-12-28T22:23:59+00:00","breadcrumb":{"@id":"https:\/\/techmasterdemexico.com\/producto\/termometro-ir-para-alimentos-fluke-foodpro\/#breadcrumb"},"inLanguage":"en-US","potentialAction":[{"@type":"ReadAction","target":["https:\/\/techmasterdemexico.com\/producto\/termometro-ir-para-alimentos-fluke-foodpro\/"]}]},{"@type":"ImageObject","inLanguage":"en-US","@id":"https:\/\/techmasterdemexico.com\/producto\/termometro-ir-para-alimentos-fluke-foodpro\/#primaryimage","url":"https:\/\/techmasterdemexico.com\/wp-content\/uploads\/2021\/08\/1.jpg","contentUrl":"https:\/\/techmasterdemexico.com\/wp-content\/uploads\/2021\/08\/1.jpg","width":500,"height":500},{"@type":"BreadcrumbList","@id":"https:\/\/techmasterdemexico.com\/producto\/termometro-ir-para-alimentos-fluke-foodpro\/#breadcrumb","itemListElement":[{"@type":"ListItem","position":1,"name":"Portada","item":"https:\/\/techmasterdemexico.com\/"},{"@type":"ListItem","position":2,"name":"Term\u00f3metro IR para alimentos Fluke FoodPro"}]},{"@type":"WebSite","@id":"https:\/\/techmasterdemexico.com\/#website","url":"https:\/\/techmasterdemexico.com\/","name":"Techmaster de Mexico","description":"","potentialAction":[{"@type":"SearchAction","target":{"@type":"EntryPoint","urlTemplate":"https:\/\/techmasterdemexico.com\/?s={search_term_string}"},"query-input":{"@type":"PropertyValueSpecification","valueRequired":true,"valueName":"search_term_string"}}],"inLanguage":"en-US"}]}},"brands":[{"id":31,"name":"Fluke","slug":"fluke"}],"_links":{"self":[{"href":"https:\/\/techmasterdemexico.com\/en\/wp-json\/wp\/v2\/product\/8145","targetHints":{"allow":["GET"]}}],"collection":[{"href":"https:\/\/techmasterdemexico.com\/en\/wp-json\/wp\/v2\/product"}],"about":[{"href":"https:\/\/techmasterdemexico.com\/en\/wp-json\/wp\/v2\/types\/product"}],"wp:featuredmedia":[{"embeddable":true,"href":"https:\/\/techmasterdemexico.com\/en\/wp-json\/wp\/v2\/media\/8688"}],"wp:attachment":[{"href":"https:\/\/techmasterdemexico.com\/en\/wp-json\/wp\/v2\/media?parent=8145"}],"wp:term":[{"taxonomy":"pwb-brand","embeddable":true,"href":"https:\/\/techmasterdemexico.com\/en\/wp-json\/wp\/v2\/pwb-brand?post=8145"},{"taxonomy":"product_brand","embeddable":true,"href":"https:\/\/techmasterdemexico.com\/en\/wp-json\/wp\/v2\/product_brand?post=8145"},{"taxonomy":"product_cat","embeddable":true,"href":"https:\/\/techmasterdemexico.com\/en\/wp-json\/wp\/v2\/product_cat?post=8145"},{"taxonomy":"product_tag","embeddable":true,"href":"https:\/\/techmasterdemexico.com\/en\/wp-json\/wp\/v2\/product_tag?post=8145"}],"curies":[{"name":"wp","href":"https:\/\/api.w.org\/{rel}","templated":true}]}}