{"id":8144,"date":"2021-08-19T17:43:15","date_gmt":"2021-08-19T17:43:15","guid":{"rendered":"http:\/\/techmastermx.ddns.net\/producto\/termometro-ir-fluke-63-mini\/"},"modified":"2021-12-28T22:24:01","modified_gmt":"2021-12-28T22:24:01","slug":"termometro-ir-fluke-63-mini","status":"publish","type":"product","link":"https:\/\/techmasterdemexico.com\/en\/producto\/termometro-ir-fluke-63-mini\/","title":{"rendered":"Term\u00f3metro IR Fluke 63 Mini"},"content":{"rendered":"<p>Term\u00f3metro IR Fluke 63 Mini<\/p>\n<p>Con m\u00e1s de dos d\u00e9cadas de experiencia en termometr\u00eda, Fluke entiende de temperatura. Por este motivo, hoy d\u00eda, somos capaces de ofrecerle lo \u00faltimo en accesorios, sondas e instrumentos de medida de temperatura por infrarrojos sin contacto, as\u00ed como nuestra gran experiencia en una amplia gama de aplicaciones. Todo ello respaldado por la seguridad que Fluke brinda en todas sus herramientas con las mejores garant\u00edas del sector y un excepcional servicio al cliente.<\/p>\n<p>Tenga a mano el resistente miniterm\u00f3metro IR Fluke 63 para trabajos que requieran la medici\u00f3n de la temperatura en zonas de acceso dif\u00edcil, calientes, giratorias o peligrosas. Obtenga mediciones precisas dentro de un amplio rango de temperaturas, que van de -40 \u00b0C a 535 \u00b0C (-40 \u00b0F a 999 \u00b0F). Adem\u00e1s, su \u00f3ptica avanzada le permitir\u00e1 medir objetos m\u00e1s peque\u00f1os y a mayor distancia. Todas con un dispositivo de mano confortable y f\u00e1cil de usar.<\/p>\n","protected":false},"excerpt":{"rendered":"<p>Este instrumento port\u00e1til permite a los profesionales supervisar el estado de motores y cuadros el\u00e9ctricos, investigar problemas en sistemas de calefacci\u00f3n o ventilaci\u00f3n y diagnosticar fallos en el funcionamiento de autom\u00f3viles con facilidad.<\/p>\n<ul>\n<li>\u00d3ptica de alta resoluci\u00f3n<\/li>\n<li>Gran precisi\u00f3n: 1 % y repetibilidad<\/li>\n<li>Visualizaci\u00f3n de temperatura m\u00e1xima.<\/li>\n<li>Determinaci\u00f3n de objetivos l\u00e1ser<\/li>\n<li>Pantalla retroiluminada<\/li>\n<li>Rango de medidas ampliado hasta 535 \u00b0C (999 \u00b0F)<\/li>\n<\/ul>\n","protected":false},"featured_media":8697,"template":"","meta":{"_acf_changed":false},"pwb-brand":[31],"product_brand":[],"product_cat":[366,30,119],"product_tag":[],"class_list":{"0":"post-8144","1":"product","2":"type-product","3":"status-publish","4":"has-post-thumbnail","6":"pwb-brand-fluke","7":"product_cat-todos-los-productos","8":"product_cat-fluke","9":"product_cat-termometros-de-contacto","11":"first","12":"instock","13":"taxable","14":"shipping-taxable","15":"product-type-simple"},"acf":[],"yoast_head":"<!-- This site is optimized with the Yoast SEO plugin v27.4 - https:\/\/yoast.com\/product\/yoast-seo-wordpress\/ -->\n<title>Term\u00f3metro IR Fluke 63 Mini - Techmaster de Mexico<\/title>\n<meta name=\"robots\" content=\"index, follow, max-snippet:-1, max-image-preview:large, max-video-preview:-1\" \/>\n<link rel=\"canonical\" href=\"https:\/\/techmasterdemexico.com\/producto\/termometro-ir-fluke-63-mini\/\" \/>\n<meta property=\"og:locale\" content=\"en_US\" \/>\n<meta property=\"og:type\" content=\"article\" \/>\n<meta property=\"og:title\" content=\"Term\u00f3metro IR Fluke 63 Mini - Techmaster de Mexico\" \/>\n<meta property=\"og:description\" content=\"Este instrumento port\u00e1til permite a los profesionales supervisar el estado de motores y cuadros el\u00e9ctricos, investigar problemas en sistemas de calefacci\u00f3n o ventilaci\u00f3n y diagnosticar fallos en el funcionamiento de autom\u00f3viles con facilidad.    \u00d3ptica de alta resoluci\u00f3n   Gran precisi\u00f3n: 1 % y repetibilidad   Visualizaci\u00f3n de temperatura m\u00e1xima.   Determinaci\u00f3n de objetivos l\u00e1ser   Pantalla retroiluminada   Rango de medidas ampliado hasta 535 \u00b0C (999 \u00b0F)\" \/>\n<meta property=\"og:url\" content=\"https:\/\/techmasterdemexico.com\/producto\/termometro-ir-fluke-63-mini\/\" \/>\n<meta property=\"og:site_name\" content=\"Techmaster de Mexico\" \/>\n<meta property=\"article:modified_time\" content=\"2021-12-28T22:24:01+00:00\" \/>\n<meta property=\"og:image\" content=\"https:\/\/techmasterdemexico.com\/wp-content\/uploads\/2021\/08\/1-2.jpg\" \/>\n\t<meta property=\"og:image:width\" content=\"500\" \/>\n\t<meta property=\"og:image:height\" content=\"500\" \/>\n\t<meta property=\"og:image:type\" content=\"image\/jpeg\" \/>\n<meta name=\"twitter:card\" content=\"summary_large_image\" \/>\n<meta name=\"twitter:label1\" content=\"Est. reading time\" \/>\n\t<meta name=\"twitter:data1\" content=\"1 minute\" \/>\n<script type=\"application\/ld+json\" class=\"yoast-schema-graph\">{\"@context\":\"https:\\\/\\\/schema.org\",\"@graph\":[{\"@type\":\"WebPage\",\"@id\":\"https:\\\/\\\/techmasterdemexico.com\\\/producto\\\/termometro-ir-fluke-63-mini\\\/\",\"url\":\"https:\\\/\\\/techmasterdemexico.com\\\/producto\\\/termometro-ir-fluke-63-mini\\\/\",\"name\":\"Term\u00f3metro IR Fluke 63 Mini - Techmaster de Mexico\",\"isPartOf\":{\"@id\":\"https:\\\/\\\/techmasterdemexico.com\\\/#website\"},\"primaryImageOfPage\":{\"@id\":\"https:\\\/\\\/techmasterdemexico.com\\\/producto\\\/termometro-ir-fluke-63-mini\\\/#primaryimage\"},\"image\":{\"@id\":\"https:\\\/\\\/techmasterdemexico.com\\\/producto\\\/termometro-ir-fluke-63-mini\\\/#primaryimage\"},\"thumbnailUrl\":\"https:\\\/\\\/techmasterdemexico.com\\\/wp-content\\\/uploads\\\/2021\\\/08\\\/1-2.jpg\",\"datePublished\":\"2021-08-19T17:43:15+00:00\",\"dateModified\":\"2021-12-28T22:24:01+00:00\",\"breadcrumb\":{\"@id\":\"https:\\\/\\\/techmasterdemexico.com\\\/producto\\\/termometro-ir-fluke-63-mini\\\/#breadcrumb\"},\"inLanguage\":\"en-US\",\"potentialAction\":[{\"@type\":\"ReadAction\",\"target\":[\"https:\\\/\\\/techmasterdemexico.com\\\/producto\\\/termometro-ir-fluke-63-mini\\\/\"]}]},{\"@type\":\"ImageObject\",\"inLanguage\":\"en-US\",\"@id\":\"https:\\\/\\\/techmasterdemexico.com\\\/producto\\\/termometro-ir-fluke-63-mini\\\/#primaryimage\",\"url\":\"https:\\\/\\\/techmasterdemexico.com\\\/wp-content\\\/uploads\\\/2021\\\/08\\\/1-2.jpg\",\"contentUrl\":\"https:\\\/\\\/techmasterdemexico.com\\\/wp-content\\\/uploads\\\/2021\\\/08\\\/1-2.jpg\",\"width\":500,\"height\":500},{\"@type\":\"BreadcrumbList\",\"@id\":\"https:\\\/\\\/techmasterdemexico.com\\\/producto\\\/termometro-ir-fluke-63-mini\\\/#breadcrumb\",\"itemListElement\":[{\"@type\":\"ListItem\",\"position\":1,\"name\":\"Portada\",\"item\":\"https:\\\/\\\/techmasterdemexico.com\\\/\"},{\"@type\":\"ListItem\",\"position\":2,\"name\":\"Term\u00f3metro IR Fluke 63 Mini\"}]},{\"@type\":\"WebSite\",\"@id\":\"https:\\\/\\\/techmasterdemexico.com\\\/#website\",\"url\":\"https:\\\/\\\/techmasterdemexico.com\\\/\",\"name\":\"Techmaster de Mexico\",\"description\":\"\",\"potentialAction\":[{\"@type\":\"SearchAction\",\"target\":{\"@type\":\"EntryPoint\",\"urlTemplate\":\"https:\\\/\\\/techmasterdemexico.com\\\/?s={search_term_string}\"},\"query-input\":{\"@type\":\"PropertyValueSpecification\",\"valueRequired\":true,\"valueName\":\"search_term_string\"}}],\"inLanguage\":\"en-US\"}]}<\/script>\n<!-- \/ Yoast SEO plugin. -->","yoast_head_json":{"title":"Term\u00f3metro IR Fluke 63 Mini - Techmaster de Mexico","robots":{"index":"index","follow":"follow","max-snippet":"max-snippet:-1","max-image-preview":"max-image-preview:large","max-video-preview":"max-video-preview:-1"},"canonical":"https:\/\/techmasterdemexico.com\/producto\/termometro-ir-fluke-63-mini\/","og_locale":"en_US","og_type":"article","og_title":"Term\u00f3metro IR Fluke 63 Mini - Techmaster de Mexico","og_description":"Este instrumento port\u00e1til permite a los profesionales supervisar el estado de motores y cuadros el\u00e9ctricos, investigar problemas en sistemas de calefacci\u00f3n o ventilaci\u00f3n y diagnosticar fallos en el funcionamiento de autom\u00f3viles con facilidad.    \u00d3ptica de alta resoluci\u00f3n   Gran precisi\u00f3n: 1 % y repetibilidad   Visualizaci\u00f3n de temperatura m\u00e1xima.   Determinaci\u00f3n de objetivos l\u00e1ser   Pantalla retroiluminada   Rango de medidas ampliado hasta 535 \u00b0C (999 \u00b0F)","og_url":"https:\/\/techmasterdemexico.com\/producto\/termometro-ir-fluke-63-mini\/","og_site_name":"Techmaster de Mexico","article_modified_time":"2021-12-28T22:24:01+00:00","og_image":[{"width":500,"height":500,"url":"https:\/\/techmasterdemexico.com\/wp-content\/uploads\/2021\/08\/1-2.jpg","type":"image\/jpeg"}],"twitter_card":"summary_large_image","twitter_misc":{"Est. reading time":"1 minute"},"schema":{"@context":"https:\/\/schema.org","@graph":[{"@type":"WebPage","@id":"https:\/\/techmasterdemexico.com\/producto\/termometro-ir-fluke-63-mini\/","url":"https:\/\/techmasterdemexico.com\/producto\/termometro-ir-fluke-63-mini\/","name":"Term\u00f3metro IR Fluke 63 Mini - Techmaster de Mexico","isPartOf":{"@id":"https:\/\/techmasterdemexico.com\/#website"},"primaryImageOfPage":{"@id":"https:\/\/techmasterdemexico.com\/producto\/termometro-ir-fluke-63-mini\/#primaryimage"},"image":{"@id":"https:\/\/techmasterdemexico.com\/producto\/termometro-ir-fluke-63-mini\/#primaryimage"},"thumbnailUrl":"https:\/\/techmasterdemexico.com\/wp-content\/uploads\/2021\/08\/1-2.jpg","datePublished":"2021-08-19T17:43:15+00:00","dateModified":"2021-12-28T22:24:01+00:00","breadcrumb":{"@id":"https:\/\/techmasterdemexico.com\/producto\/termometro-ir-fluke-63-mini\/#breadcrumb"},"inLanguage":"en-US","potentialAction":[{"@type":"ReadAction","target":["https:\/\/techmasterdemexico.com\/producto\/termometro-ir-fluke-63-mini\/"]}]},{"@type":"ImageObject","inLanguage":"en-US","@id":"https:\/\/techmasterdemexico.com\/producto\/termometro-ir-fluke-63-mini\/#primaryimage","url":"https:\/\/techmasterdemexico.com\/wp-content\/uploads\/2021\/08\/1-2.jpg","contentUrl":"https:\/\/techmasterdemexico.com\/wp-content\/uploads\/2021\/08\/1-2.jpg","width":500,"height":500},{"@type":"BreadcrumbList","@id":"https:\/\/techmasterdemexico.com\/producto\/termometro-ir-fluke-63-mini\/#breadcrumb","itemListElement":[{"@type":"ListItem","position":1,"name":"Portada","item":"https:\/\/techmasterdemexico.com\/"},{"@type":"ListItem","position":2,"name":"Term\u00f3metro IR Fluke 63 Mini"}]},{"@type":"WebSite","@id":"https:\/\/techmasterdemexico.com\/#website","url":"https:\/\/techmasterdemexico.com\/","name":"Techmaster de Mexico","description":"","potentialAction":[{"@type":"SearchAction","target":{"@type":"EntryPoint","urlTemplate":"https:\/\/techmasterdemexico.com\/?s={search_term_string}"},"query-input":{"@type":"PropertyValueSpecification","valueRequired":true,"valueName":"search_term_string"}}],"inLanguage":"en-US"}]}},"brands":[{"id":31,"name":"Fluke","slug":"fluke"}],"_links":{"self":[{"href":"https:\/\/techmasterdemexico.com\/en\/wp-json\/wp\/v2\/product\/8144","targetHints":{"allow":["GET"]}}],"collection":[{"href":"https:\/\/techmasterdemexico.com\/en\/wp-json\/wp\/v2\/product"}],"about":[{"href":"https:\/\/techmasterdemexico.com\/en\/wp-json\/wp\/v2\/types\/product"}],"wp:featuredmedia":[{"embeddable":true,"href":"https:\/\/techmasterdemexico.com\/en\/wp-json\/wp\/v2\/media\/8697"}],"wp:attachment":[{"href":"https:\/\/techmasterdemexico.com\/en\/wp-json\/wp\/v2\/media?parent=8144"}],"wp:term":[{"taxonomy":"pwb-brand","embeddable":true,"href":"https:\/\/techmasterdemexico.com\/en\/wp-json\/wp\/v2\/pwb-brand?post=8144"},{"taxonomy":"product_brand","embeddable":true,"href":"https:\/\/techmasterdemexico.com\/en\/wp-json\/wp\/v2\/product_brand?post=8144"},{"taxonomy":"product_cat","embeddable":true,"href":"https:\/\/techmasterdemexico.com\/en\/wp-json\/wp\/v2\/product_cat?post=8144"},{"taxonomy":"product_tag","embeddable":true,"href":"https:\/\/techmasterdemexico.com\/en\/wp-json\/wp\/v2\/product_tag?post=8144"}],"curies":[{"name":"wp","href":"https:\/\/api.w.org\/{rel}","templated":true}]}}