{"id":8143,"date":"2021-08-19T17:43:15","date_gmt":"2021-08-19T17:43:15","guid":{"rendered":"http:\/\/techmastermx.ddns.net\/producto\/termometro-de-infrarrojos-para-altas-temperaturas-fluke-572-2\/"},"modified":"2021-12-28T22:23:59","modified_gmt":"2021-12-28T22:23:59","slug":"termometro-de-infrarrojos-para-altas-temperaturas-fluke-572-2","status":"publish","type":"product","link":"https:\/\/techmasterdemexico.com\/en\/producto\/termometro-de-infrarrojos-para-altas-temperaturas-fluke-572-2\/","title":{"rendered":"Term\u00f3metro de infrarrojos para altas temperaturas Fluke 572-2"},"content":{"rendered":"<p>Term\u00f3metro de infrarrojos para altas temperaturas Fluke 572-2<\/p>\n<p>El term\u00f3metro IR para altas temperaturas Fluke 572-2 es el mejor que puede usar en entornos industriales exigentes con altas temperaturas en todo el mundo. Tanto si trabaja en instalaciones de electricidad, de refiner\u00eda y fundici\u00f3n de metal, o de tratamiento de vidrio, cemento o productos petroqu\u00edmicos, con el nuevo 572-2 llevar\u00e1 consigo la marca con mayor reconocimiento en herramientas de comprobaci\u00f3n para obtener unas mediciones exactas, realizadas a altas temperaturas y con una alta relaci\u00f3n de distancia al punto de medici\u00f3n.<\/p>\n<p>Con una intuitiva interfaz de usuario y diferentes teclas programables, el Fluke 572-2 hace que hasta las mediciones m\u00e1s complejas resulten sencillas. R\u00e1pidamente navegue y ajuste la emisividad, inicie el registro de los datos o active y desactive las alarmas, con unas pocas pulsaciones de un bot\u00f3n.<\/p>\n","protected":false},"excerpt":{"rendered":"<ul>\n<li>Medici\u00f3n de -30 a 900 \u00b0C (de -22 a 1652 \u00b0F)<\/li>\n<li>Relaci\u00f3n de distancia al punto de medici\u00f3n de 60:1 con doble l\u00e1ser, para apuntar al objetivo con rapidez y exactitud<\/li>\n<li>Interfaz multiling\u00fce (selecci\u00f3n por el usuario)<\/li>\n<li>Pantalla de temperatura actual m\u00e1s MAX, MIN, DIF, AVG<\/li>\n<li>Compatible con los termopares tipo K est\u00e1ndar con miniconector, incluidos los que usted ya tiene y ha instalado<\/li>\n<li>Emisividad ajustable y tabla de emisividades predefinidas<\/li>\n<li>Lectura de temperatura por infrarrojos y termopar en pantalla retroiluminada<\/li>\n<li>Retenci\u00f3n de la \u00faltima lectura (20 segundos)<\/li>\n<li>Alarma de temperatura alta y baja<\/li>\n<li>Almacenamiento y an\u00e1lisis de datos (99 conjuntos de datos)<\/li>\n<\/ul>\n","protected":false},"featured_media":8693,"template":"","meta":{"_acf_changed":false},"pwb-brand":[31],"product_brand":[],"product_cat":[366,30,51],"product_tag":[],"class_list":{"0":"post-8143","1":"product","2":"type-product","3":"status-publish","4":"has-post-thumbnail","6":"pwb-brand-fluke","7":"product_cat-todos-los-productos","8":"product_cat-fluke","9":"product_cat-termometros-infrarrojos","11":"first","12":"instock","13":"taxable","14":"shipping-taxable","15":"product-type-simple"},"acf":[],"yoast_head":"<!-- This site is optimized with the Yoast SEO plugin v27.3 - https:\/\/yoast.com\/product\/yoast-seo-wordpress\/ -->\n<title>Term\u00f3metro de infrarrojos para altas temperaturas Fluke 572-2 - Techmaster de Mexico<\/title>\n<meta name=\"robots\" content=\"index, follow, max-snippet:-1, max-image-preview:large, max-video-preview:-1\" \/>\n<link rel=\"canonical\" href=\"https:\/\/techmasterdemexico.com\/producto\/termometro-de-infrarrojos-para-altas-temperaturas-fluke-572-2\/\" \/>\n<meta property=\"og:locale\" content=\"en_US\" \/>\n<meta property=\"og:type\" content=\"article\" \/>\n<meta property=\"og:title\" content=\"Term\u00f3metro de infrarrojos para altas temperaturas Fluke 572-2 - Techmaster de Mexico\" \/>\n<meta property=\"og:description\" content=\"Medici\u00f3n de -30 a 900 \u00b0C (de -22 a 1652 \u00b0F)   Relaci\u00f3n de distancia al punto de medici\u00f3n de 60:1 con doble l\u00e1ser, para apuntar al objetivo con rapidez y exactitud   Interfaz multiling\u00fce (selecci\u00f3n por el usuario)   Pantalla de temperatura actual m\u00e1s MAX, MIN, DIF, AVG   Compatible con los termopares tipo K est\u00e1ndar con miniconector, incluidos los que usted ya tiene y ha instalado   Emisividad ajustable y tabla de emisividades predefinidas   Lectura de temperatura por infrarrojos y termopar en pantalla retroiluminada   Retenci\u00f3n de la \u00faltima lectura (20 segundos)   Alarma de temperatura alta y baja   Almacenamiento y an\u00e1lisis de datos (99 conjuntos de datos)\" \/>\n<meta property=\"og:url\" content=\"https:\/\/techmasterdemexico.com\/producto\/termometro-de-infrarrojos-para-altas-temperaturas-fluke-572-2\/\" \/>\n<meta property=\"og:site_name\" content=\"Techmaster de Mexico\" \/>\n<meta property=\"article:modified_time\" content=\"2021-12-28T22:23:59+00:00\" \/>\n<meta property=\"og:image\" content=\"https:\/\/techmasterdemexico.com\/wp-content\/uploads\/2021\/08\/1-1.jpg\" \/>\n\t<meta property=\"og:image:width\" content=\"500\" \/>\n\t<meta property=\"og:image:height\" content=\"500\" \/>\n\t<meta property=\"og:image:type\" content=\"image\/jpeg\" \/>\n<meta name=\"twitter:card\" content=\"summary_large_image\" \/>\n<meta name=\"twitter:label1\" content=\"Est. reading time\" \/>\n\t<meta name=\"twitter:data1\" content=\"1 minute\" \/>\n<script type=\"application\/ld+json\" class=\"yoast-schema-graph\">{\"@context\":\"https:\\\/\\\/schema.org\",\"@graph\":[{\"@type\":\"WebPage\",\"@id\":\"https:\\\/\\\/techmasterdemexico.com\\\/producto\\\/termometro-de-infrarrojos-para-altas-temperaturas-fluke-572-2\\\/\",\"url\":\"https:\\\/\\\/techmasterdemexico.com\\\/producto\\\/termometro-de-infrarrojos-para-altas-temperaturas-fluke-572-2\\\/\",\"name\":\"Term\u00f3metro de infrarrojos para altas temperaturas Fluke 572-2 - Techmaster de Mexico\",\"isPartOf\":{\"@id\":\"https:\\\/\\\/techmasterdemexico.com\\\/#website\"},\"primaryImageOfPage\":{\"@id\":\"https:\\\/\\\/techmasterdemexico.com\\\/producto\\\/termometro-de-infrarrojos-para-altas-temperaturas-fluke-572-2\\\/#primaryimage\"},\"image\":{\"@id\":\"https:\\\/\\\/techmasterdemexico.com\\\/producto\\\/termometro-de-infrarrojos-para-altas-temperaturas-fluke-572-2\\\/#primaryimage\"},\"thumbnailUrl\":\"https:\\\/\\\/techmasterdemexico.com\\\/wp-content\\\/uploads\\\/2021\\\/08\\\/1-1.jpg\",\"datePublished\":\"2021-08-19T17:43:15+00:00\",\"dateModified\":\"2021-12-28T22:23:59+00:00\",\"breadcrumb\":{\"@id\":\"https:\\\/\\\/techmasterdemexico.com\\\/producto\\\/termometro-de-infrarrojos-para-altas-temperaturas-fluke-572-2\\\/#breadcrumb\"},\"inLanguage\":\"en-US\",\"potentialAction\":[{\"@type\":\"ReadAction\",\"target\":[\"https:\\\/\\\/techmasterdemexico.com\\\/producto\\\/termometro-de-infrarrojos-para-altas-temperaturas-fluke-572-2\\\/\"]}]},{\"@type\":\"ImageObject\",\"inLanguage\":\"en-US\",\"@id\":\"https:\\\/\\\/techmasterdemexico.com\\\/producto\\\/termometro-de-infrarrojos-para-altas-temperaturas-fluke-572-2\\\/#primaryimage\",\"url\":\"https:\\\/\\\/techmasterdemexico.com\\\/wp-content\\\/uploads\\\/2021\\\/08\\\/1-1.jpg\",\"contentUrl\":\"https:\\\/\\\/techmasterdemexico.com\\\/wp-content\\\/uploads\\\/2021\\\/08\\\/1-1.jpg\",\"width\":500,\"height\":500},{\"@type\":\"BreadcrumbList\",\"@id\":\"https:\\\/\\\/techmasterdemexico.com\\\/producto\\\/termometro-de-infrarrojos-para-altas-temperaturas-fluke-572-2\\\/#breadcrumb\",\"itemListElement\":[{\"@type\":\"ListItem\",\"position\":1,\"name\":\"Portada\",\"item\":\"https:\\\/\\\/techmasterdemexico.com\\\/\"},{\"@type\":\"ListItem\",\"position\":2,\"name\":\"Term\u00f3metro de infrarrojos para altas temperaturas Fluke 572-2\"}]},{\"@type\":\"WebSite\",\"@id\":\"https:\\\/\\\/techmasterdemexico.com\\\/#website\",\"url\":\"https:\\\/\\\/techmasterdemexico.com\\\/\",\"name\":\"Techmaster de Mexico\",\"description\":\"\",\"potentialAction\":[{\"@type\":\"SearchAction\",\"target\":{\"@type\":\"EntryPoint\",\"urlTemplate\":\"https:\\\/\\\/techmasterdemexico.com\\\/?s={search_term_string}\"},\"query-input\":{\"@type\":\"PropertyValueSpecification\",\"valueRequired\":true,\"valueName\":\"search_term_string\"}}],\"inLanguage\":\"en-US\"}]}<\/script>\n<!-- \/ Yoast SEO plugin. -->","yoast_head_json":{"title":"Term\u00f3metro de infrarrojos para altas temperaturas Fluke 572-2 - Techmaster de Mexico","robots":{"index":"index","follow":"follow","max-snippet":"max-snippet:-1","max-image-preview":"max-image-preview:large","max-video-preview":"max-video-preview:-1"},"canonical":"https:\/\/techmasterdemexico.com\/producto\/termometro-de-infrarrojos-para-altas-temperaturas-fluke-572-2\/","og_locale":"en_US","og_type":"article","og_title":"Term\u00f3metro de infrarrojos para altas temperaturas Fluke 572-2 - Techmaster de Mexico","og_description":"Medici\u00f3n de -30 a 900 \u00b0C (de -22 a 1652 \u00b0F)   Relaci\u00f3n de distancia al punto de medici\u00f3n de 60:1 con doble l\u00e1ser, para apuntar al objetivo con rapidez y exactitud   Interfaz multiling\u00fce (selecci\u00f3n por el usuario)   Pantalla de temperatura actual m\u00e1s MAX, MIN, DIF, AVG   Compatible con los termopares tipo K est\u00e1ndar con miniconector, incluidos los que usted ya tiene y ha instalado   Emisividad ajustable y tabla de emisividades predefinidas   Lectura de temperatura por infrarrojos y termopar en pantalla retroiluminada   Retenci\u00f3n de la \u00faltima lectura (20 segundos)   Alarma de temperatura alta y baja   Almacenamiento y an\u00e1lisis de datos (99 conjuntos de datos)","og_url":"https:\/\/techmasterdemexico.com\/producto\/termometro-de-infrarrojos-para-altas-temperaturas-fluke-572-2\/","og_site_name":"Techmaster de Mexico","article_modified_time":"2021-12-28T22:23:59+00:00","og_image":[{"width":500,"height":500,"url":"https:\/\/techmasterdemexico.com\/wp-content\/uploads\/2021\/08\/1-1.jpg","type":"image\/jpeg"}],"twitter_card":"summary_large_image","twitter_misc":{"Est. reading time":"1 minute"},"schema":{"@context":"https:\/\/schema.org","@graph":[{"@type":"WebPage","@id":"https:\/\/techmasterdemexico.com\/producto\/termometro-de-infrarrojos-para-altas-temperaturas-fluke-572-2\/","url":"https:\/\/techmasterdemexico.com\/producto\/termometro-de-infrarrojos-para-altas-temperaturas-fluke-572-2\/","name":"Term\u00f3metro de infrarrojos para altas temperaturas Fluke 572-2 - Techmaster de Mexico","isPartOf":{"@id":"https:\/\/techmasterdemexico.com\/#website"},"primaryImageOfPage":{"@id":"https:\/\/techmasterdemexico.com\/producto\/termometro-de-infrarrojos-para-altas-temperaturas-fluke-572-2\/#primaryimage"},"image":{"@id":"https:\/\/techmasterdemexico.com\/producto\/termometro-de-infrarrojos-para-altas-temperaturas-fluke-572-2\/#primaryimage"},"thumbnailUrl":"https:\/\/techmasterdemexico.com\/wp-content\/uploads\/2021\/08\/1-1.jpg","datePublished":"2021-08-19T17:43:15+00:00","dateModified":"2021-12-28T22:23:59+00:00","breadcrumb":{"@id":"https:\/\/techmasterdemexico.com\/producto\/termometro-de-infrarrojos-para-altas-temperaturas-fluke-572-2\/#breadcrumb"},"inLanguage":"en-US","potentialAction":[{"@type":"ReadAction","target":["https:\/\/techmasterdemexico.com\/producto\/termometro-de-infrarrojos-para-altas-temperaturas-fluke-572-2\/"]}]},{"@type":"ImageObject","inLanguage":"en-US","@id":"https:\/\/techmasterdemexico.com\/producto\/termometro-de-infrarrojos-para-altas-temperaturas-fluke-572-2\/#primaryimage","url":"https:\/\/techmasterdemexico.com\/wp-content\/uploads\/2021\/08\/1-1.jpg","contentUrl":"https:\/\/techmasterdemexico.com\/wp-content\/uploads\/2021\/08\/1-1.jpg","width":500,"height":500},{"@type":"BreadcrumbList","@id":"https:\/\/techmasterdemexico.com\/producto\/termometro-de-infrarrojos-para-altas-temperaturas-fluke-572-2\/#breadcrumb","itemListElement":[{"@type":"ListItem","position":1,"name":"Portada","item":"https:\/\/techmasterdemexico.com\/"},{"@type":"ListItem","position":2,"name":"Term\u00f3metro de infrarrojos para altas temperaturas Fluke 572-2"}]},{"@type":"WebSite","@id":"https:\/\/techmasterdemexico.com\/#website","url":"https:\/\/techmasterdemexico.com\/","name":"Techmaster de Mexico","description":"","potentialAction":[{"@type":"SearchAction","target":{"@type":"EntryPoint","urlTemplate":"https:\/\/techmasterdemexico.com\/?s={search_term_string}"},"query-input":{"@type":"PropertyValueSpecification","valueRequired":true,"valueName":"search_term_string"}}],"inLanguage":"en-US"}]}},"brands":[{"id":31,"name":"Fluke","slug":"fluke"}],"_links":{"self":[{"href":"https:\/\/techmasterdemexico.com\/en\/wp-json\/wp\/v2\/product\/8143","targetHints":{"allow":["GET"]}}],"collection":[{"href":"https:\/\/techmasterdemexico.com\/en\/wp-json\/wp\/v2\/product"}],"about":[{"href":"https:\/\/techmasterdemexico.com\/en\/wp-json\/wp\/v2\/types\/product"}],"wp:featuredmedia":[{"embeddable":true,"href":"https:\/\/techmasterdemexico.com\/en\/wp-json\/wp\/v2\/media\/8693"}],"wp:attachment":[{"href":"https:\/\/techmasterdemexico.com\/en\/wp-json\/wp\/v2\/media?parent=8143"}],"wp:term":[{"taxonomy":"pwb-brand","embeddable":true,"href":"https:\/\/techmasterdemexico.com\/en\/wp-json\/wp\/v2\/pwb-brand?post=8143"},{"taxonomy":"product_brand","embeddable":true,"href":"https:\/\/techmasterdemexico.com\/en\/wp-json\/wp\/v2\/product_brand?post=8143"},{"taxonomy":"product_cat","embeddable":true,"href":"https:\/\/techmasterdemexico.com\/en\/wp-json\/wp\/v2\/product_cat?post=8143"},{"taxonomy":"product_tag","embeddable":true,"href":"https:\/\/techmasterdemexico.com\/en\/wp-json\/wp\/v2\/product_tag?post=8143"}],"curies":[{"name":"wp","href":"https:\/\/api.w.org\/{rel}","templated":true}]}}