{"id":8140,"date":"2021-08-19T17:43:13","date_gmt":"2021-08-19T17:43:13","guid":{"rendered":"http:\/\/techmastermx.ddns.net\/producto\/termometro-de-infrarrojos-fluke-64-max\/"},"modified":"2021-12-28T22:22:58","modified_gmt":"2021-12-28T22:22:58","slug":"termometro-de-infrarrojos-fluke-64-max","status":"publish","type":"product","link":"https:\/\/techmasterdemexico.com\/en\/producto\/termometro-de-infrarrojos-fluke-64-max\/","title":{"rendered":"Term\u00f3metro de infrarrojos Fluke 64 MAX"},"content":{"rendered":"<p>Term\u00f3metro de infrarrojos Fluke 64 MAX<\/p>\n<p>El term\u00f3metro de infrarrojos Fluke 64 MAX ofrece la precisi\u00f3n que necesita para hacer bien su trabajo, sin exceder su presupuesto. Este term\u00f3metro de infrarrojos es un instrumento ligero y compacto que ha sido dise\u00f1ado y probado para resistir ca\u00eddas desde 3 m y que podr\u00e1 utilizar hasta en los entornos m\u00e1s exigentes aunque usted no se encuentre ah\u00ed.<\/p>\n","protected":false},"excerpt":{"rendered":"<ul>\n<li>Tecnolog\u00eda l\u00e1ser avanzada para realizar medidas m\u00e1s precisas y repetibles<\/li>\n<li>Precisi\u00f3n de la temperatura de hasta \u00b1 1\u2103 o \u00b1 1% de la lectura (el valor mayor) con una relaci\u00f3n entre distancia al blanco y di\u00e1metro de la superficie de 20:1<\/li>\n<li>Linterna y gran pantalla LCD retroiluminada que facilita la lectura incluso en zonas oscuras.<\/li>\n<li>Clasificaci\u00f3n IP54 para protecci\u00f3n adicional frente a contaminantes en suspensi\u00f3n<\/li>\n<li>Programe el instrumento para que trabaje por usted. Defina la hora y el intervalo deseado entre medidas y la funci\u00f3n de captura autom\u00e1tica se encargar\u00e1 de capturar la temperatura puntual sin supervisi\u00f3n<\/li>\n<li>Registro de 99 puntos de datos<\/li>\n<li>Autonom\u00eda de la bater\u00eda de 30 horas para que pueda utilizarlo tanto tiempo como necesite<\/li>\n<li>Muestra la temperatura m\u00e1xima, m\u00ednima o promedio, as\u00ed como la diferencia entre dos medidas<\/li>\n<li>Alarma &#8220;Hi&#8221; y &#8220;Lo&#8221; para una visualizaci\u00f3n r\u00e1pida de las medidas que est\u00e1n fuera de los l\u00edmites<\/li>\n<li>Dise\u00f1o peque\u00f1o y ligero, cabe sin problemas en su caja de herramientas<\/li>\n<li>Se alimenta con una (1) pila alcalina AA<\/li>\n<\/ul>\n","protected":false},"featured_media":8713,"template":"","meta":{"_acf_changed":false},"pwb-brand":[31],"product_brand":[],"product_cat":[366,30,51],"product_tag":[],"class_list":{"0":"post-8140","1":"product","2":"type-product","3":"status-publish","4":"has-post-thumbnail","6":"pwb-brand-fluke","7":"product_cat-todos-los-productos","8":"product_cat-fluke","9":"product_cat-termometros-infrarrojos","11":"first","12":"instock","13":"taxable","14":"shipping-taxable","15":"product-type-simple"},"acf":[],"yoast_head":"<!-- This site is optimized with the Yoast SEO plugin v27.4 - https:\/\/yoast.com\/product\/yoast-seo-wordpress\/ -->\n<title>Term\u00f3metro de infrarrojos Fluke 64 MAX - Techmaster de Mexico<\/title>\n<meta name=\"robots\" content=\"index, follow, max-snippet:-1, max-image-preview:large, max-video-preview:-1\" \/>\n<link rel=\"canonical\" href=\"https:\/\/techmasterdemexico.com\/producto\/termometro-de-infrarrojos-fluke-64-max\/\" \/>\n<meta property=\"og:locale\" content=\"en_US\" \/>\n<meta property=\"og:type\" content=\"article\" \/>\n<meta property=\"og:title\" content=\"Term\u00f3metro de infrarrojos Fluke 64 MAX - Techmaster de Mexico\" \/>\n<meta property=\"og:description\" content=\"Tecnolog\u00eda l\u00e1ser avanzada para realizar medidas m\u00e1s precisas y repetibles   Precisi\u00f3n de la temperatura de hasta \u00b1 1\u2103 o \u00b1 1% de la lectura (el valor mayor) con una relaci\u00f3n entre distancia al blanco y di\u00e1metro de la superficie de 20:1   Linterna y gran pantalla LCD retroiluminada que facilita la lectura incluso en zonas oscuras.   Clasificaci\u00f3n IP54 para protecci\u00f3n adicional frente a contaminantes en suspensi\u00f3n   Programe el instrumento para que trabaje por usted. Defina la hora y el intervalo deseado entre medidas y la funci\u00f3n de captura autom\u00e1tica se encargar\u00e1 de capturar la temperatura puntual sin supervisi\u00f3n   Registro de 99 puntos de datos   Autonom\u00eda de la bater\u00eda de 30 horas para que pueda utilizarlo tanto tiempo como necesite   Muestra la temperatura m\u00e1xima, m\u00ednima o promedio, as\u00ed como la diferencia entre dos medidas   Alarma &quot;Hi&quot; y &quot;Lo&quot; para una visualizaci\u00f3n r\u00e1pida de las medidas que est\u00e1n fuera de los l\u00edmites   Dise\u00f1o peque\u00f1o y ligero, cabe sin problemas en su caja de herramientas   Se alimenta con una (1) pila alcalina AA\" \/>\n<meta property=\"og:url\" content=\"https:\/\/techmasterdemexico.com\/producto\/termometro-de-infrarrojos-fluke-64-max\/\" \/>\n<meta property=\"og:site_name\" content=\"Techmaster de Mexico\" \/>\n<meta property=\"article:modified_time\" content=\"2021-12-28T22:22:58+00:00\" \/>\n<meta property=\"og:image\" content=\"https:\/\/techmasterdemexico.com\/wp-content\/uploads\/2021\/08\/1-6.jpg\" \/>\n\t<meta property=\"og:image:width\" content=\"500\" \/>\n\t<meta property=\"og:image:height\" content=\"500\" \/>\n\t<meta property=\"og:image:type\" content=\"image\/jpeg\" \/>\n<meta name=\"twitter:card\" content=\"summary_large_image\" \/>\n<script type=\"application\/ld+json\" class=\"yoast-schema-graph\">{\"@context\":\"https:\\\/\\\/schema.org\",\"@graph\":[{\"@type\":\"WebPage\",\"@id\":\"https:\\\/\\\/techmasterdemexico.com\\\/producto\\\/termometro-de-infrarrojos-fluke-64-max\\\/\",\"url\":\"https:\\\/\\\/techmasterdemexico.com\\\/producto\\\/termometro-de-infrarrojos-fluke-64-max\\\/\",\"name\":\"Term\u00f3metro de infrarrojos Fluke 64 MAX - Techmaster de Mexico\",\"isPartOf\":{\"@id\":\"https:\\\/\\\/techmasterdemexico.com\\\/#website\"},\"primaryImageOfPage\":{\"@id\":\"https:\\\/\\\/techmasterdemexico.com\\\/producto\\\/termometro-de-infrarrojos-fluke-64-max\\\/#primaryimage\"},\"image\":{\"@id\":\"https:\\\/\\\/techmasterdemexico.com\\\/producto\\\/termometro-de-infrarrojos-fluke-64-max\\\/#primaryimage\"},\"thumbnailUrl\":\"https:\\\/\\\/techmasterdemexico.com\\\/wp-content\\\/uploads\\\/2021\\\/08\\\/1-6.jpg\",\"datePublished\":\"2021-08-19T17:43:13+00:00\",\"dateModified\":\"2021-12-28T22:22:58+00:00\",\"breadcrumb\":{\"@id\":\"https:\\\/\\\/techmasterdemexico.com\\\/producto\\\/termometro-de-infrarrojos-fluke-64-max\\\/#breadcrumb\"},\"inLanguage\":\"en-US\",\"potentialAction\":[{\"@type\":\"ReadAction\",\"target\":[\"https:\\\/\\\/techmasterdemexico.com\\\/producto\\\/termometro-de-infrarrojos-fluke-64-max\\\/\"]}]},{\"@type\":\"ImageObject\",\"inLanguage\":\"en-US\",\"@id\":\"https:\\\/\\\/techmasterdemexico.com\\\/producto\\\/termometro-de-infrarrojos-fluke-64-max\\\/#primaryimage\",\"url\":\"https:\\\/\\\/techmasterdemexico.com\\\/wp-content\\\/uploads\\\/2021\\\/08\\\/1-6.jpg\",\"contentUrl\":\"https:\\\/\\\/techmasterdemexico.com\\\/wp-content\\\/uploads\\\/2021\\\/08\\\/1-6.jpg\",\"width\":500,\"height\":500},{\"@type\":\"BreadcrumbList\",\"@id\":\"https:\\\/\\\/techmasterdemexico.com\\\/producto\\\/termometro-de-infrarrojos-fluke-64-max\\\/#breadcrumb\",\"itemListElement\":[{\"@type\":\"ListItem\",\"position\":1,\"name\":\"Portada\",\"item\":\"https:\\\/\\\/techmasterdemexico.com\\\/\"},{\"@type\":\"ListItem\",\"position\":2,\"name\":\"Term\u00f3metro de infrarrojos Fluke 64 MAX\"}]},{\"@type\":\"WebSite\",\"@id\":\"https:\\\/\\\/techmasterdemexico.com\\\/#website\",\"url\":\"https:\\\/\\\/techmasterdemexico.com\\\/\",\"name\":\"Techmaster de Mexico\",\"description\":\"\",\"potentialAction\":[{\"@type\":\"SearchAction\",\"target\":{\"@type\":\"EntryPoint\",\"urlTemplate\":\"https:\\\/\\\/techmasterdemexico.com\\\/?s={search_term_string}\"},\"query-input\":{\"@type\":\"PropertyValueSpecification\",\"valueRequired\":true,\"valueName\":\"search_term_string\"}}],\"inLanguage\":\"en-US\"}]}<\/script>\n<!-- \/ Yoast SEO plugin. -->","yoast_head_json":{"title":"Term\u00f3metro de infrarrojos Fluke 64 MAX - Techmaster de Mexico","robots":{"index":"index","follow":"follow","max-snippet":"max-snippet:-1","max-image-preview":"max-image-preview:large","max-video-preview":"max-video-preview:-1"},"canonical":"https:\/\/techmasterdemexico.com\/producto\/termometro-de-infrarrojos-fluke-64-max\/","og_locale":"en_US","og_type":"article","og_title":"Term\u00f3metro de infrarrojos Fluke 64 MAX - Techmaster de Mexico","og_description":"Tecnolog\u00eda l\u00e1ser avanzada para realizar medidas m\u00e1s precisas y repetibles   Precisi\u00f3n de la temperatura de hasta \u00b1 1\u2103 o \u00b1 1% de la lectura (el valor mayor) con una relaci\u00f3n entre distancia al blanco y di\u00e1metro de la superficie de 20:1   Linterna y gran pantalla LCD retroiluminada que facilita la lectura incluso en zonas oscuras.   Clasificaci\u00f3n IP54 para protecci\u00f3n adicional frente a contaminantes en suspensi\u00f3n   Programe el instrumento para que trabaje por usted. Defina la hora y el intervalo deseado entre medidas y la funci\u00f3n de captura autom\u00e1tica se encargar\u00e1 de capturar la temperatura puntual sin supervisi\u00f3n   Registro de 99 puntos de datos   Autonom\u00eda de la bater\u00eda de 30 horas para que pueda utilizarlo tanto tiempo como necesite   Muestra la temperatura m\u00e1xima, m\u00ednima o promedio, as\u00ed como la diferencia entre dos medidas   Alarma \"Hi\" y \"Lo\" para una visualizaci\u00f3n r\u00e1pida de las medidas que est\u00e1n fuera de los l\u00edmites   Dise\u00f1o peque\u00f1o y ligero, cabe sin problemas en su caja de herramientas   Se alimenta con una (1) pila alcalina AA","og_url":"https:\/\/techmasterdemexico.com\/producto\/termometro-de-infrarrojos-fluke-64-max\/","og_site_name":"Techmaster de Mexico","article_modified_time":"2021-12-28T22:22:58+00:00","og_image":[{"width":500,"height":500,"url":"https:\/\/techmasterdemexico.com\/wp-content\/uploads\/2021\/08\/1-6.jpg","type":"image\/jpeg"}],"twitter_card":"summary_large_image","schema":{"@context":"https:\/\/schema.org","@graph":[{"@type":"WebPage","@id":"https:\/\/techmasterdemexico.com\/producto\/termometro-de-infrarrojos-fluke-64-max\/","url":"https:\/\/techmasterdemexico.com\/producto\/termometro-de-infrarrojos-fluke-64-max\/","name":"Term\u00f3metro de infrarrojos Fluke 64 MAX - Techmaster de Mexico","isPartOf":{"@id":"https:\/\/techmasterdemexico.com\/#website"},"primaryImageOfPage":{"@id":"https:\/\/techmasterdemexico.com\/producto\/termometro-de-infrarrojos-fluke-64-max\/#primaryimage"},"image":{"@id":"https:\/\/techmasterdemexico.com\/producto\/termometro-de-infrarrojos-fluke-64-max\/#primaryimage"},"thumbnailUrl":"https:\/\/techmasterdemexico.com\/wp-content\/uploads\/2021\/08\/1-6.jpg","datePublished":"2021-08-19T17:43:13+00:00","dateModified":"2021-12-28T22:22:58+00:00","breadcrumb":{"@id":"https:\/\/techmasterdemexico.com\/producto\/termometro-de-infrarrojos-fluke-64-max\/#breadcrumb"},"inLanguage":"en-US","potentialAction":[{"@type":"ReadAction","target":["https:\/\/techmasterdemexico.com\/producto\/termometro-de-infrarrojos-fluke-64-max\/"]}]},{"@type":"ImageObject","inLanguage":"en-US","@id":"https:\/\/techmasterdemexico.com\/producto\/termometro-de-infrarrojos-fluke-64-max\/#primaryimage","url":"https:\/\/techmasterdemexico.com\/wp-content\/uploads\/2021\/08\/1-6.jpg","contentUrl":"https:\/\/techmasterdemexico.com\/wp-content\/uploads\/2021\/08\/1-6.jpg","width":500,"height":500},{"@type":"BreadcrumbList","@id":"https:\/\/techmasterdemexico.com\/producto\/termometro-de-infrarrojos-fluke-64-max\/#breadcrumb","itemListElement":[{"@type":"ListItem","position":1,"name":"Portada","item":"https:\/\/techmasterdemexico.com\/"},{"@type":"ListItem","position":2,"name":"Term\u00f3metro de infrarrojos Fluke 64 MAX"}]},{"@type":"WebSite","@id":"https:\/\/techmasterdemexico.com\/#website","url":"https:\/\/techmasterdemexico.com\/","name":"Techmaster de Mexico","description":"","potentialAction":[{"@type":"SearchAction","target":{"@type":"EntryPoint","urlTemplate":"https:\/\/techmasterdemexico.com\/?s={search_term_string}"},"query-input":{"@type":"PropertyValueSpecification","valueRequired":true,"valueName":"search_term_string"}}],"inLanguage":"en-US"}]}},"brands":[{"id":31,"name":"Fluke","slug":"fluke"}],"_links":{"self":[{"href":"https:\/\/techmasterdemexico.com\/en\/wp-json\/wp\/v2\/product\/8140","targetHints":{"allow":["GET"]}}],"collection":[{"href":"https:\/\/techmasterdemexico.com\/en\/wp-json\/wp\/v2\/product"}],"about":[{"href":"https:\/\/techmasterdemexico.com\/en\/wp-json\/wp\/v2\/types\/product"}],"wp:featuredmedia":[{"embeddable":true,"href":"https:\/\/techmasterdemexico.com\/en\/wp-json\/wp\/v2\/media\/8713"}],"wp:attachment":[{"href":"https:\/\/techmasterdemexico.com\/en\/wp-json\/wp\/v2\/media?parent=8140"}],"wp:term":[{"taxonomy":"pwb-brand","embeddable":true,"href":"https:\/\/techmasterdemexico.com\/en\/wp-json\/wp\/v2\/pwb-brand?post=8140"},{"taxonomy":"product_brand","embeddable":true,"href":"https:\/\/techmasterdemexico.com\/en\/wp-json\/wp\/v2\/product_brand?post=8140"},{"taxonomy":"product_cat","embeddable":true,"href":"https:\/\/techmasterdemexico.com\/en\/wp-json\/wp\/v2\/product_cat?post=8140"},{"taxonomy":"product_tag","embeddable":true,"href":"https:\/\/techmasterdemexico.com\/en\/wp-json\/wp\/v2\/product_tag?post=8140"}],"curies":[{"name":"wp","href":"https:\/\/api.w.org\/{rel}","templated":true}]}}