{"id":8139,"date":"2021-08-19T17:43:13","date_gmt":"2021-08-20T00:43:13","guid":{"rendered":"http:\/\/techmastermx.ddns.net\/producto\/termometro-por-infrarrojos-y-de-contacto-fluke-561\/"},"modified":"2025-06-26T12:39:39","modified_gmt":"2025-06-26T19:39:39","slug":"termometro-por-infrarrojos-y-de-contacto-fluke-561","status":"publish","type":"product","link":"https:\/\/techmasterdemexico.com\/en\/producto\/termometro-por-infrarrojos-y-de-contacto-fluke-561\/","title":{"rendered":"Term\u00f3metro por infrarrojos y de contacto Fluke 561"},"content":{"rendered":"<p>Term\u00f3metro por infrarrojos y de contacto Fluke 561<\/p>\n<p>Term\u00f3metro IR con sondas de termopar tipo K<\/p>\n<p>Qu\u00edtese un peso de encima. Term\u00f3metro IR y de contacto Fluke 561 combina en una sola herramienta las funciones de medici\u00f3n de temperatura que necesitan los profesionales industriales, el\u00e9ctricos y de climatizaci\u00f3n\/refrigeraci\u00f3n. Realiza medidas de temperatura por contacto y por infrarrojos, haciendo las funciones de varios instrumentos a la vez. Es r\u00e1pido, eficaz y f\u00e1cil de usar; adem\u00e1s permite ahorrar tiempo y esfuerzo.<\/p>\n<p>Con el term\u00f3metro IR Fluke 561 usted tambi\u00e9n puede medir temperaturas ambiente y por contacto de la manera que le resulte m\u00e1s adecuada. Use el term\u00f3metro IR para realizar medidas de temperatura de forma instant\u00e1nea de objetos calientes, que se encuentren en movimiento, cargados el\u00e9ctricamente o de dif\u00edcil acceso. Apto para una gran variedad de aplicaciones como la comprobaci\u00f3n de motores, equipos de aislamiento, disyuntores, sistemas de calefacci\u00f3n por hilo radiante, tuber\u00edas, conexiones defectuosas y cables. Adem\u00e1s de para exploraciones de conductos y de otros objetos de dif\u00edcil acceso desde el suelo, evitando tener que usar, por ejemplo, una escalera. Puede usar la sonda de tubo flexible del Fluke 561 o conectar el termopar tipo K con miniconector est\u00e1ndar habitual para tomar temperaturas internas o extremadamente calientes.<\/p>\n","protected":false},"excerpt":{"rendered":"<ul>\n<li>Term\u00f3metro IR para todo tipo de medidas r\u00e1pidas, a distancia y sin necesidad de una escalera para llegar al punto de dif\u00edcil acceso.<\/li>\n<li>Gracias a su sensor de medida por contacto, compatible con todos los termopares tipo K con miniconectores est\u00e1ndar, podr\u00e1 proteger su inversi\u00f3n en termopares.<\/li>\n<li>Sonda de tubo con sujeci\u00f3n de velcro para la medici\u00f3n de sobrecalentamiento y subenfriamiento, adem\u00e1s de otras mediciones ambientales y de contacto.<\/li>\n<li>Enfoque con l\u00e1ser de un solo punto<\/li>\n<li>Rango de temperatura de -40 \u00b0C a 550 \u00b0 C (de -40 \u00b0F a 1022 \u00b0F) compatible con la mayor\u00eda de las aplicaciones industriales y dom\u00e9sticas.<\/li>\n<li>F\u00e1cil ajuste de la emisividad (niveles bajo, medio y alto) para mediciones m\u00e1s precisas de tuber\u00edas y otros materiales brillantes.<\/li>\n<li>Ligero (solo 12 onzas o 340 gramos) y port\u00e1til<\/li>\n<li>Muy f\u00e1cil de usar.<\/li>\n<li>Eficaz: sin necesidad de desconectar el equipo al realizar medidas por infrarrojos<\/li>\n<li>Los valores de temperatura m\u00e1ximos, m\u00ednimos y diferenciales ayudan a identificar de forma r\u00e1pida los problemas.<\/li>\n<li>Explora de forma r\u00e1pida y eficaz grandes \u00e1reas o peque\u00f1os objetos<\/li>\n<\/ul>\n","protected":false},"featured_media":20535,"template":"","meta":{"_acf_changed":false},"pwb-brand":[31],"product_brand":[],"product_cat":[366,30,119],"product_tag":[],"class_list":{"0":"post-8139","1":"product","2":"type-product","3":"status-publish","4":"has-post-thumbnail","6":"pwb-brand-fluke","7":"product_cat-todos-los-productos","8":"product_cat-fluke","9":"product_cat-termometros-de-contacto","11":"first","12":"instock","13":"taxable","14":"shipping-taxable","15":"purchasable","16":"product-type-simple"},"acf":[],"yoast_head":"<!-- This site is optimized with the Yoast SEO plugin v27.4 - https:\/\/yoast.com\/product\/yoast-seo-wordpress\/ -->\n<title>Term\u00f3metro por infrarrojos y de contacto Fluke 561 - Techmaster de Mexico<\/title>\n<meta name=\"robots\" content=\"index, follow, max-snippet:-1, max-image-preview:large, max-video-preview:-1\" \/>\n<link rel=\"canonical\" href=\"https:\/\/techmasterdemexico.com\/producto\/termometro-por-infrarrojos-y-de-contacto-fluke-561\/\" \/>\n<meta property=\"og:locale\" content=\"en_US\" \/>\n<meta property=\"og:type\" content=\"article\" \/>\n<meta property=\"og:title\" content=\"Term\u00f3metro por infrarrojos y de contacto Fluke 561 - Techmaster de Mexico\" \/>\n<meta property=\"og:description\" content=\"Term\u00f3metro IR para todo tipo de medidas r\u00e1pidas, a distancia y sin necesidad de una escalera para llegar al punto de dif\u00edcil acceso.    Gracias a su sensor de medida por contacto, compatible con todos los termopares tipo K con miniconectores est\u00e1ndar, podr\u00e1 proteger su inversi\u00f3n en termopares.    Sonda de tubo con sujeci\u00f3n de velcro para la medici\u00f3n de sobrecalentamiento y subenfriamiento, adem\u00e1s de otras mediciones ambientales y de contacto.    Enfoque con l\u00e1ser de un solo punto    Rango de temperatura de -40 \u00b0C a 550 \u00b0 C (de -40 \u00b0F a 1022 \u00b0F) compatible con la mayor\u00eda de las aplicaciones industriales y dom\u00e9sticas.    F\u00e1cil ajuste de la emisividad (niveles bajo, medio y alto) para mediciones m\u00e1s precisas de tuber\u00edas y otros materiales brillantes.    Ligero (solo 12 onzas o 340 gramos) y port\u00e1til    Muy f\u00e1cil de usar.    Eficaz: sin necesidad de desconectar el equipo al realizar medidas por infrarrojos    Los valores de temperatura m\u00e1ximos, m\u00ednimos y diferenciales ayudan a identificar de forma r\u00e1pida los problemas.    Explora de forma r\u00e1pida y eficaz grandes \u00e1reas o peque\u00f1os objetos\" \/>\n<meta property=\"og:url\" content=\"https:\/\/techmasterdemexico.com\/producto\/termometro-por-infrarrojos-y-de-contacto-fluke-561\/\" \/>\n<meta property=\"og:site_name\" content=\"Techmaster de Mexico\" \/>\n<meta property=\"article:modified_time\" content=\"2025-06-26T19:39:39+00:00\" \/>\n<meta property=\"og:image\" content=\"https:\/\/techmasterdemexico.com\/wp-content\/uploads\/Fluke-561.png\" \/>\n\t<meta property=\"og:image:width\" content=\"854\" \/>\n\t<meta property=\"og:image:height\" content=\"854\" \/>\n\t<meta property=\"og:image:type\" content=\"image\/png\" \/>\n<meta name=\"twitter:card\" content=\"summary_large_image\" \/>\n<meta name=\"twitter:label1\" content=\"Est. reading time\" \/>\n\t<meta name=\"twitter:data1\" content=\"1 minute\" \/>\n<script type=\"application\/ld+json\" class=\"yoast-schema-graph\">{\"@context\":\"https:\\\/\\\/schema.org\",\"@graph\":[{\"@type\":\"WebPage\",\"@id\":\"https:\\\/\\\/techmasterdemexico.com\\\/producto\\\/termometro-por-infrarrojos-y-de-contacto-fluke-561\\\/\",\"url\":\"https:\\\/\\\/techmasterdemexico.com\\\/producto\\\/termometro-por-infrarrojos-y-de-contacto-fluke-561\\\/\",\"name\":\"Term\u00f3metro por infrarrojos y de contacto Fluke 561 - Techmaster de Mexico\",\"isPartOf\":{\"@id\":\"https:\\\/\\\/techmasterdemexico.com\\\/#website\"},\"primaryImageOfPage\":{\"@id\":\"https:\\\/\\\/techmasterdemexico.com\\\/producto\\\/termometro-por-infrarrojos-y-de-contacto-fluke-561\\\/#primaryimage\"},\"image\":{\"@id\":\"https:\\\/\\\/techmasterdemexico.com\\\/producto\\\/termometro-por-infrarrojos-y-de-contacto-fluke-561\\\/#primaryimage\"},\"thumbnailUrl\":\"https:\\\/\\\/techmasterdemexico.com\\\/wp-content\\\/uploads\\\/Fluke-561.png\",\"datePublished\":\"2021-08-20T00:43:13+00:00\",\"dateModified\":\"2025-06-26T19:39:39+00:00\",\"breadcrumb\":{\"@id\":\"https:\\\/\\\/techmasterdemexico.com\\\/producto\\\/termometro-por-infrarrojos-y-de-contacto-fluke-561\\\/#breadcrumb\"},\"inLanguage\":\"en-US\",\"potentialAction\":[{\"@type\":\"ReadAction\",\"target\":[\"https:\\\/\\\/techmasterdemexico.com\\\/producto\\\/termometro-por-infrarrojos-y-de-contacto-fluke-561\\\/\"]}]},{\"@type\":\"ImageObject\",\"inLanguage\":\"en-US\",\"@id\":\"https:\\\/\\\/techmasterdemexico.com\\\/producto\\\/termometro-por-infrarrojos-y-de-contacto-fluke-561\\\/#primaryimage\",\"url\":\"https:\\\/\\\/techmasterdemexico.com\\\/wp-content\\\/uploads\\\/Fluke-561.png\",\"contentUrl\":\"https:\\\/\\\/techmasterdemexico.com\\\/wp-content\\\/uploads\\\/Fluke-561.png\",\"width\":854,\"height\":854},{\"@type\":\"BreadcrumbList\",\"@id\":\"https:\\\/\\\/techmasterdemexico.com\\\/producto\\\/termometro-por-infrarrojos-y-de-contacto-fluke-561\\\/#breadcrumb\",\"itemListElement\":[{\"@type\":\"ListItem\",\"position\":1,\"name\":\"Portada\",\"item\":\"https:\\\/\\\/techmasterdemexico.com\\\/\"},{\"@type\":\"ListItem\",\"position\":2,\"name\":\"Term\u00f3metro por infrarrojos y de contacto Fluke 561\"}]},{\"@type\":\"WebSite\",\"@id\":\"https:\\\/\\\/techmasterdemexico.com\\\/#website\",\"url\":\"https:\\\/\\\/techmasterdemexico.com\\\/\",\"name\":\"Techmaster de Mexico\",\"description\":\"\",\"potentialAction\":[{\"@type\":\"SearchAction\",\"target\":{\"@type\":\"EntryPoint\",\"urlTemplate\":\"https:\\\/\\\/techmasterdemexico.com\\\/?s={search_term_string}\"},\"query-input\":{\"@type\":\"PropertyValueSpecification\",\"valueRequired\":true,\"valueName\":\"search_term_string\"}}],\"inLanguage\":\"en-US\"}]}<\/script>\n<!-- \/ Yoast SEO plugin. -->","yoast_head_json":{"title":"Term\u00f3metro por infrarrojos y de contacto Fluke 561 - Techmaster de Mexico","robots":{"index":"index","follow":"follow","max-snippet":"max-snippet:-1","max-image-preview":"max-image-preview:large","max-video-preview":"max-video-preview:-1"},"canonical":"https:\/\/techmasterdemexico.com\/producto\/termometro-por-infrarrojos-y-de-contacto-fluke-561\/","og_locale":"en_US","og_type":"article","og_title":"Term\u00f3metro por infrarrojos y de contacto Fluke 561 - Techmaster de Mexico","og_description":"Term\u00f3metro IR para todo tipo de medidas r\u00e1pidas, a distancia y sin necesidad de una escalera para llegar al punto de dif\u00edcil acceso.    Gracias a su sensor de medida por contacto, compatible con todos los termopares tipo K con miniconectores est\u00e1ndar, podr\u00e1 proteger su inversi\u00f3n en termopares.    Sonda de tubo con sujeci\u00f3n de velcro para la medici\u00f3n de sobrecalentamiento y subenfriamiento, adem\u00e1s de otras mediciones ambientales y de contacto.    Enfoque con l\u00e1ser de un solo punto    Rango de temperatura de -40 \u00b0C a 550 \u00b0 C (de -40 \u00b0F a 1022 \u00b0F) compatible con la mayor\u00eda de las aplicaciones industriales y dom\u00e9sticas.    F\u00e1cil ajuste de la emisividad (niveles bajo, medio y alto) para mediciones m\u00e1s precisas de tuber\u00edas y otros materiales brillantes.    Ligero (solo 12 onzas o 340 gramos) y port\u00e1til    Muy f\u00e1cil de usar.    Eficaz: sin necesidad de desconectar el equipo al realizar medidas por infrarrojos    Los valores de temperatura m\u00e1ximos, m\u00ednimos y diferenciales ayudan a identificar de forma r\u00e1pida los problemas.    Explora de forma r\u00e1pida y eficaz grandes \u00e1reas o peque\u00f1os objetos","og_url":"https:\/\/techmasterdemexico.com\/producto\/termometro-por-infrarrojos-y-de-contacto-fluke-561\/","og_site_name":"Techmaster de Mexico","article_modified_time":"2025-06-26T19:39:39+00:00","og_image":[{"width":854,"height":854,"url":"https:\/\/techmasterdemexico.com\/wp-content\/uploads\/Fluke-561.png","type":"image\/png"}],"twitter_card":"summary_large_image","twitter_misc":{"Est. reading time":"1 minute"},"schema":{"@context":"https:\/\/schema.org","@graph":[{"@type":"WebPage","@id":"https:\/\/techmasterdemexico.com\/producto\/termometro-por-infrarrojos-y-de-contacto-fluke-561\/","url":"https:\/\/techmasterdemexico.com\/producto\/termometro-por-infrarrojos-y-de-contacto-fluke-561\/","name":"Term\u00f3metro por infrarrojos y de contacto Fluke 561 - Techmaster de Mexico","isPartOf":{"@id":"https:\/\/techmasterdemexico.com\/#website"},"primaryImageOfPage":{"@id":"https:\/\/techmasterdemexico.com\/producto\/termometro-por-infrarrojos-y-de-contacto-fluke-561\/#primaryimage"},"image":{"@id":"https:\/\/techmasterdemexico.com\/producto\/termometro-por-infrarrojos-y-de-contacto-fluke-561\/#primaryimage"},"thumbnailUrl":"https:\/\/techmasterdemexico.com\/wp-content\/uploads\/Fluke-561.png","datePublished":"2021-08-20T00:43:13+00:00","dateModified":"2025-06-26T19:39:39+00:00","breadcrumb":{"@id":"https:\/\/techmasterdemexico.com\/producto\/termometro-por-infrarrojos-y-de-contacto-fluke-561\/#breadcrumb"},"inLanguage":"en-US","potentialAction":[{"@type":"ReadAction","target":["https:\/\/techmasterdemexico.com\/producto\/termometro-por-infrarrojos-y-de-contacto-fluke-561\/"]}]},{"@type":"ImageObject","inLanguage":"en-US","@id":"https:\/\/techmasterdemexico.com\/producto\/termometro-por-infrarrojos-y-de-contacto-fluke-561\/#primaryimage","url":"https:\/\/techmasterdemexico.com\/wp-content\/uploads\/Fluke-561.png","contentUrl":"https:\/\/techmasterdemexico.com\/wp-content\/uploads\/Fluke-561.png","width":854,"height":854},{"@type":"BreadcrumbList","@id":"https:\/\/techmasterdemexico.com\/producto\/termometro-por-infrarrojos-y-de-contacto-fluke-561\/#breadcrumb","itemListElement":[{"@type":"ListItem","position":1,"name":"Portada","item":"https:\/\/techmasterdemexico.com\/"},{"@type":"ListItem","position":2,"name":"Term\u00f3metro por infrarrojos y de contacto Fluke 561"}]},{"@type":"WebSite","@id":"https:\/\/techmasterdemexico.com\/#website","url":"https:\/\/techmasterdemexico.com\/","name":"Techmaster de Mexico","description":"","potentialAction":[{"@type":"SearchAction","target":{"@type":"EntryPoint","urlTemplate":"https:\/\/techmasterdemexico.com\/?s={search_term_string}"},"query-input":{"@type":"PropertyValueSpecification","valueRequired":true,"valueName":"search_term_string"}}],"inLanguage":"en-US"}]}},"brands":[{"id":31,"name":"Fluke","slug":"fluke"}],"_links":{"self":[{"href":"https:\/\/techmasterdemexico.com\/en\/wp-json\/wp\/v2\/product\/8139","targetHints":{"allow":["GET"]}}],"collection":[{"href":"https:\/\/techmasterdemexico.com\/en\/wp-json\/wp\/v2\/product"}],"about":[{"href":"https:\/\/techmasterdemexico.com\/en\/wp-json\/wp\/v2\/types\/product"}],"wp:featuredmedia":[{"embeddable":true,"href":"https:\/\/techmasterdemexico.com\/en\/wp-json\/wp\/v2\/media\/20535"}],"wp:attachment":[{"href":"https:\/\/techmasterdemexico.com\/en\/wp-json\/wp\/v2\/media?parent=8139"}],"wp:term":[{"taxonomy":"pwb-brand","embeddable":true,"href":"https:\/\/techmasterdemexico.com\/en\/wp-json\/wp\/v2\/pwb-brand?post=8139"},{"taxonomy":"product_brand","embeddable":true,"href":"https:\/\/techmasterdemexico.com\/en\/wp-json\/wp\/v2\/product_brand?post=8139"},{"taxonomy":"product_cat","embeddable":true,"href":"https:\/\/techmasterdemexico.com\/en\/wp-json\/wp\/v2\/product_cat?post=8139"},{"taxonomy":"product_tag","embeddable":true,"href":"https:\/\/techmasterdemexico.com\/en\/wp-json\/wp\/v2\/product_tag?post=8139"}],"curies":[{"name":"wp","href":"https:\/\/api.w.org\/{rel}","templated":true}]}}