{"id":8137,"date":"2021-08-19T17:43:12","date_gmt":"2021-08-19T17:43:12","guid":{"rendered":"http:\/\/techmastermx.ddns.net\/producto\/modulo-inalambrico-de-temperatura-fluke-t3000-fc\/"},"modified":"2021-12-28T22:22:58","modified_gmt":"2021-12-28T22:22:58","slug":"modulo-inalambrico-de-temperatura-fluke-t3000-fc","status":"publish","type":"product","link":"https:\/\/techmasterdemexico.com\/en\/producto\/modulo-inalambrico-de-temperatura-fluke-t3000-fc\/","title":{"rendered":"M\u00f3dulo inal\u00e1mbrico de temperatura Fluke t3000 FC"},"content":{"rendered":"<p>M\u00f3dulo inal\u00e1mbrico de temperatura Fluke t3000 FC<\/p>\n<p>V\u00e9alo. Gu\u00e1rdelo. Comp\u00e1rtalo.<\/p>\n<p>Todos los datos en el terreno. El m\u00f3dulo inal\u00e1mbrico de temperatura tipo K Fluke t3000 FC es un miembro de una familia de herramientas de prueba inal\u00e1mbricas que le permiten compartir datos de prueba usando la aplicaci\u00f3n Fluke Connect\u00ae con videollamada ShareLive\u2122.<\/p>\n<p>Las herramientas de prueba inal\u00e1mbricas Fluke Connect colocan a las herramientas, no su cuerpo, cerca de los paneles el\u00e9ctricos abiertos. Es sencillo. Conecte el m\u00f3dulo inal\u00e1mbrico de temperatura t3000 FC o cualquier otro m\u00f3dulo remoto Fluke Connect y lea los resultados en el mult\u00edmetro inal\u00e1mbrico Fluke Connect o en una computadora port\u00e1til desde una distancia segura.<\/p>\n<p>A\u00fan mejor, las herramientas de prueba Fluke Connect pueden enviar datos de medici\u00f3n a su smartphone, de modo que puede guardar y compartir mediciones cuando quiera con su equipo desde el terreno o cualquier lugar.<\/p>\n<p>No se complique mientras a\u00edsla fallas el\u00e9ctricas intermitentes<\/p>\n<p>La sincronizaci\u00f3n es fundamental cuando intenta encontrar un problema intermitente y la parte dif\u00edcil es que no siempre aparece cuando tiene un medidor conectado. Hemos resuelto el problema con Fluke Connect: puede dejar sus m\u00f3dulos remotos conectados para registrar mediciones y retirarse para resolver otros problemas. Posteriormente puede descargar los datos para an\u00e1lisis adicionales.<\/p>\n<p>Trabaje de manera segura cerca de paneles el\u00e9ctricos mientras usa menos equipos de protecci\u00f3n personal<\/p>\n<p>El equipo de protecci\u00f3n personal (EPP) puede salvar su vida, pero es voluminoso, caluroso y complica el trabajo. Con Fluke Connect, no hay necesidad de trabajar frente a paneles de control abiertos o maquinaria en movimiento\/peligrosa.<\/p>\n<p>Imagine la capacidad de acceder a lecturas en vivo sin tener que exponerse a un panel abierto. Es sencillo. Solo desenergice la caja, abra el panel mientras usa EPP y conecte uno o m\u00e1s m\u00f3dulos t3000 FC. Cierre la caja, vuelva a energizarla y deje que el sistema Fluke Connect funcione y reduzca los riesgos de crear un arco el\u00e9ctrico al apartarse de situaciones de medici\u00f3n peligrosas.<\/p>\n<p>Las mediciones trif\u00e1sicas son ahora m\u00e1s r\u00e1pidas y baratas<\/p>\n<p>Una vez desconectado el gabinete, conecte un m\u00f3dulo de voltaje Fluke Connect a cada fase. Ci\u00e9rrela, vuelva a energizarla y comience a realizar lecturas. Lo que sol\u00eda demorar horas y requerir costosos equipos ahora se puede hacer en minutos con el econ\u00f3mico sistema inal\u00e1mbrico Fluke Connect.<\/p>\n<p>Realice mediciones trif\u00e1sicas en una tercera parte de tiempo. Agregue su laptop y registre, analice y diagnostique.<\/p>\n<p>Puede resolver problemas m\u00e1s r\u00e1pido al poder ver mediciones en vivo provenientes de varios puntos de prueba en una sola pantalla. Con los m\u00f3dulos de temperatura t3000 FC puede:<\/p>\n<ul>\n<li>Identificar diferencias de temperatura entre las tres fases en un tercio del tiempo en comparaci\u00f3n con m\u00e9todos anteriores.<\/li>\n<li>Enviar datos a su laptop y registrar, analizar y diagnosticar.<\/li>\n<li>Registrar datos para monitorear cambios de carga de circuitos para una hora, un turno o una semana.<\/li>\n<li>Usar el adaptador inal\u00e1mbrico USB Fluke Connect para reunir datos registrados provenientes de m\u00f3dulos remotos al pasar caminando por un m\u00f3dulo en funcionamiento y descargando los datos registrados.<\/li>\n<li>Realice an\u00e1lisis con su PC y comparta los resultados mediante el almacenamiento Fluke Cloud\u2122 y la videollamada ShareLive\u2122. Visualice datos o gr\u00e1ficos para recibir aportes de los miembros del equipo.<\/li>\n<\/ul>\n","protected":false},"excerpt":{"rendered":"<p>El m\u00f3dulo inal\u00e1mbrico de temperatura tipo K Fluke t3000 FC transmite las mediciones de forma inal\u00e1mbrica a las unidades compatibles con Fluke Connect\u00ae que se enumeran a continuaci\u00f3n:<\/p>\n<ul>\n<li>Mult\u00edmetro digital Fluke 3000 FC<\/li>\n<li>C\u00e1mara infrarroja Fluke Ti200\/300\/400<\/li>\n<li>PC v\u00eda adaptador opcional pc3000 FC<\/li>\n<li>Aplicaci\u00f3n m\u00f3vil Fluke Connect<\/li>\n<\/ul>\n<p>Con el m\u00f3dulo inal\u00e1mbrico de temperatura tipo K Fluke t3000 FC puede:<\/p>\n<ul>\n<li>Usar del mult\u00edmetro de manera independiente o como parte de un sistema<\/li>\n<li>Usar la funci\u00f3n de registro para grabar y guardar hasta 65 000 lecturas<\/li>\n<\/ul>\n","protected":false},"featured_media":8718,"template":"","meta":{"_acf_changed":false},"pwb-brand":[31],"product_brand":[],"product_cat":[366,30,119],"product_tag":[],"class_list":{"0":"post-8137","1":"product","2":"type-product","3":"status-publish","4":"has-post-thumbnail","6":"pwb-brand-fluke","7":"product_cat-todos-los-productos","8":"product_cat-fluke","9":"product_cat-termometros-de-contacto","11":"first","12":"instock","13":"taxable","14":"shipping-taxable","15":"product-type-simple"},"acf":[],"yoast_head":"<!-- This site is optimized with the Yoast SEO plugin v27.4 - https:\/\/yoast.com\/product\/yoast-seo-wordpress\/ -->\n<title>M\u00f3dulo inal\u00e1mbrico de temperatura Fluke t3000 FC - Techmaster de Mexico<\/title>\n<meta name=\"robots\" content=\"index, follow, max-snippet:-1, max-image-preview:large, max-video-preview:-1\" \/>\n<link rel=\"canonical\" href=\"https:\/\/techmasterdemexico.com\/producto\/modulo-inalambrico-de-temperatura-fluke-t3000-fc\/\" \/>\n<meta property=\"og:locale\" content=\"en_US\" \/>\n<meta property=\"og:type\" content=\"article\" \/>\n<meta property=\"og:title\" content=\"M\u00f3dulo inal\u00e1mbrico de temperatura Fluke t3000 FC - Techmaster de Mexico\" \/>\n<meta property=\"og:description\" content=\"El m\u00f3dulo inal\u00e1mbrico de temperatura tipo K Fluke t3000 FC transmite las mediciones de forma inal\u00e1mbrica a las unidades compatibles con Fluke Connect\u00ae que se enumeran a continuaci\u00f3n:    Mult\u00edmetro digital Fluke 3000 FC   C\u00e1mara infrarroja Fluke Ti200\/300\/400   PC v\u00eda adaptador opcional pc3000 FC   Aplicaci\u00f3n m\u00f3vil Fluke Connect   Con el m\u00f3dulo inal\u00e1mbrico de temperatura tipo K Fluke t3000 FC puede:    Usar del mult\u00edmetro de manera independiente o como parte de un sistema   Usar la funci\u00f3n de registro para grabar y guardar hasta 65 000 lecturas\" \/>\n<meta property=\"og:url\" content=\"https:\/\/techmasterdemexico.com\/producto\/modulo-inalambrico-de-temperatura-fluke-t3000-fc\/\" \/>\n<meta property=\"og:site_name\" content=\"Techmaster de Mexico\" \/>\n<meta property=\"article:modified_time\" content=\"2021-12-28T22:22:58+00:00\" \/>\n<meta property=\"og:image\" content=\"https:\/\/techmasterdemexico.com\/wp-content\/uploads\/2021\/08\/1-7.jpg\" \/>\n\t<meta property=\"og:image:width\" content=\"500\" \/>\n\t<meta property=\"og:image:height\" content=\"500\" \/>\n\t<meta property=\"og:image:type\" content=\"image\/jpeg\" \/>\n<meta name=\"twitter:card\" content=\"summary_large_image\" \/>\n<meta name=\"twitter:label1\" content=\"Est. reading time\" \/>\n\t<meta name=\"twitter:data1\" content=\"3 minutes\" \/>\n<script type=\"application\/ld+json\" class=\"yoast-schema-graph\">{\"@context\":\"https:\\\/\\\/schema.org\",\"@graph\":[{\"@type\":\"WebPage\",\"@id\":\"https:\\\/\\\/techmasterdemexico.com\\\/producto\\\/modulo-inalambrico-de-temperatura-fluke-t3000-fc\\\/\",\"url\":\"https:\\\/\\\/techmasterdemexico.com\\\/producto\\\/modulo-inalambrico-de-temperatura-fluke-t3000-fc\\\/\",\"name\":\"M\u00f3dulo inal\u00e1mbrico de temperatura Fluke t3000 FC - Techmaster de Mexico\",\"isPartOf\":{\"@id\":\"https:\\\/\\\/techmasterdemexico.com\\\/#website\"},\"primaryImageOfPage\":{\"@id\":\"https:\\\/\\\/techmasterdemexico.com\\\/producto\\\/modulo-inalambrico-de-temperatura-fluke-t3000-fc\\\/#primaryimage\"},\"image\":{\"@id\":\"https:\\\/\\\/techmasterdemexico.com\\\/producto\\\/modulo-inalambrico-de-temperatura-fluke-t3000-fc\\\/#primaryimage\"},\"thumbnailUrl\":\"https:\\\/\\\/techmasterdemexico.com\\\/wp-content\\\/uploads\\\/2021\\\/08\\\/1-7.jpg\",\"datePublished\":\"2021-08-19T17:43:12+00:00\",\"dateModified\":\"2021-12-28T22:22:58+00:00\",\"breadcrumb\":{\"@id\":\"https:\\\/\\\/techmasterdemexico.com\\\/producto\\\/modulo-inalambrico-de-temperatura-fluke-t3000-fc\\\/#breadcrumb\"},\"inLanguage\":\"en-US\",\"potentialAction\":[{\"@type\":\"ReadAction\",\"target\":[\"https:\\\/\\\/techmasterdemexico.com\\\/producto\\\/modulo-inalambrico-de-temperatura-fluke-t3000-fc\\\/\"]}]},{\"@type\":\"ImageObject\",\"inLanguage\":\"en-US\",\"@id\":\"https:\\\/\\\/techmasterdemexico.com\\\/producto\\\/modulo-inalambrico-de-temperatura-fluke-t3000-fc\\\/#primaryimage\",\"url\":\"https:\\\/\\\/techmasterdemexico.com\\\/wp-content\\\/uploads\\\/2021\\\/08\\\/1-7.jpg\",\"contentUrl\":\"https:\\\/\\\/techmasterdemexico.com\\\/wp-content\\\/uploads\\\/2021\\\/08\\\/1-7.jpg\",\"width\":500,\"height\":500},{\"@type\":\"BreadcrumbList\",\"@id\":\"https:\\\/\\\/techmasterdemexico.com\\\/producto\\\/modulo-inalambrico-de-temperatura-fluke-t3000-fc\\\/#breadcrumb\",\"itemListElement\":[{\"@type\":\"ListItem\",\"position\":1,\"name\":\"Portada\",\"item\":\"https:\\\/\\\/techmasterdemexico.com\\\/\"},{\"@type\":\"ListItem\",\"position\":2,\"name\":\"M\u00f3dulo inal\u00e1mbrico de temperatura Fluke t3000 FC\"}]},{\"@type\":\"WebSite\",\"@id\":\"https:\\\/\\\/techmasterdemexico.com\\\/#website\",\"url\":\"https:\\\/\\\/techmasterdemexico.com\\\/\",\"name\":\"Techmaster de Mexico\",\"description\":\"\",\"potentialAction\":[{\"@type\":\"SearchAction\",\"target\":{\"@type\":\"EntryPoint\",\"urlTemplate\":\"https:\\\/\\\/techmasterdemexico.com\\\/?s={search_term_string}\"},\"query-input\":{\"@type\":\"PropertyValueSpecification\",\"valueRequired\":true,\"valueName\":\"search_term_string\"}}],\"inLanguage\":\"en-US\"}]}<\/script>\n<!-- \/ Yoast SEO plugin. -->","yoast_head_json":{"title":"M\u00f3dulo inal\u00e1mbrico de temperatura Fluke t3000 FC - Techmaster de Mexico","robots":{"index":"index","follow":"follow","max-snippet":"max-snippet:-1","max-image-preview":"max-image-preview:large","max-video-preview":"max-video-preview:-1"},"canonical":"https:\/\/techmasterdemexico.com\/producto\/modulo-inalambrico-de-temperatura-fluke-t3000-fc\/","og_locale":"en_US","og_type":"article","og_title":"M\u00f3dulo inal\u00e1mbrico de temperatura Fluke t3000 FC - Techmaster de Mexico","og_description":"El m\u00f3dulo inal\u00e1mbrico de temperatura tipo K Fluke t3000 FC transmite las mediciones de forma inal\u00e1mbrica a las unidades compatibles con Fluke Connect\u00ae que se enumeran a continuaci\u00f3n:    Mult\u00edmetro digital Fluke 3000 FC   C\u00e1mara infrarroja Fluke Ti200\/300\/400   PC v\u00eda adaptador opcional pc3000 FC   Aplicaci\u00f3n m\u00f3vil Fluke Connect   Con el m\u00f3dulo inal\u00e1mbrico de temperatura tipo K Fluke t3000 FC puede:    Usar del mult\u00edmetro de manera independiente o como parte de un sistema   Usar la funci\u00f3n de registro para grabar y guardar hasta 65 000 lecturas","og_url":"https:\/\/techmasterdemexico.com\/producto\/modulo-inalambrico-de-temperatura-fluke-t3000-fc\/","og_site_name":"Techmaster de Mexico","article_modified_time":"2021-12-28T22:22:58+00:00","og_image":[{"width":500,"height":500,"url":"https:\/\/techmasterdemexico.com\/wp-content\/uploads\/2021\/08\/1-7.jpg","type":"image\/jpeg"}],"twitter_card":"summary_large_image","twitter_misc":{"Est. reading time":"3 minutes"},"schema":{"@context":"https:\/\/schema.org","@graph":[{"@type":"WebPage","@id":"https:\/\/techmasterdemexico.com\/producto\/modulo-inalambrico-de-temperatura-fluke-t3000-fc\/","url":"https:\/\/techmasterdemexico.com\/producto\/modulo-inalambrico-de-temperatura-fluke-t3000-fc\/","name":"M\u00f3dulo inal\u00e1mbrico de temperatura Fluke t3000 FC - Techmaster de Mexico","isPartOf":{"@id":"https:\/\/techmasterdemexico.com\/#website"},"primaryImageOfPage":{"@id":"https:\/\/techmasterdemexico.com\/producto\/modulo-inalambrico-de-temperatura-fluke-t3000-fc\/#primaryimage"},"image":{"@id":"https:\/\/techmasterdemexico.com\/producto\/modulo-inalambrico-de-temperatura-fluke-t3000-fc\/#primaryimage"},"thumbnailUrl":"https:\/\/techmasterdemexico.com\/wp-content\/uploads\/2021\/08\/1-7.jpg","datePublished":"2021-08-19T17:43:12+00:00","dateModified":"2021-12-28T22:22:58+00:00","breadcrumb":{"@id":"https:\/\/techmasterdemexico.com\/producto\/modulo-inalambrico-de-temperatura-fluke-t3000-fc\/#breadcrumb"},"inLanguage":"en-US","potentialAction":[{"@type":"ReadAction","target":["https:\/\/techmasterdemexico.com\/producto\/modulo-inalambrico-de-temperatura-fluke-t3000-fc\/"]}]},{"@type":"ImageObject","inLanguage":"en-US","@id":"https:\/\/techmasterdemexico.com\/producto\/modulo-inalambrico-de-temperatura-fluke-t3000-fc\/#primaryimage","url":"https:\/\/techmasterdemexico.com\/wp-content\/uploads\/2021\/08\/1-7.jpg","contentUrl":"https:\/\/techmasterdemexico.com\/wp-content\/uploads\/2021\/08\/1-7.jpg","width":500,"height":500},{"@type":"BreadcrumbList","@id":"https:\/\/techmasterdemexico.com\/producto\/modulo-inalambrico-de-temperatura-fluke-t3000-fc\/#breadcrumb","itemListElement":[{"@type":"ListItem","position":1,"name":"Portada","item":"https:\/\/techmasterdemexico.com\/"},{"@type":"ListItem","position":2,"name":"M\u00f3dulo inal\u00e1mbrico de temperatura Fluke t3000 FC"}]},{"@type":"WebSite","@id":"https:\/\/techmasterdemexico.com\/#website","url":"https:\/\/techmasterdemexico.com\/","name":"Techmaster de Mexico","description":"","potentialAction":[{"@type":"SearchAction","target":{"@type":"EntryPoint","urlTemplate":"https:\/\/techmasterdemexico.com\/?s={search_term_string}"},"query-input":{"@type":"PropertyValueSpecification","valueRequired":true,"valueName":"search_term_string"}}],"inLanguage":"en-US"}]}},"brands":[{"id":31,"name":"Fluke","slug":"fluke"}],"_links":{"self":[{"href":"https:\/\/techmasterdemexico.com\/en\/wp-json\/wp\/v2\/product\/8137","targetHints":{"allow":["GET"]}}],"collection":[{"href":"https:\/\/techmasterdemexico.com\/en\/wp-json\/wp\/v2\/product"}],"about":[{"href":"https:\/\/techmasterdemexico.com\/en\/wp-json\/wp\/v2\/types\/product"}],"wp:featuredmedia":[{"embeddable":true,"href":"https:\/\/techmasterdemexico.com\/en\/wp-json\/wp\/v2\/media\/8718"}],"wp:attachment":[{"href":"https:\/\/techmasterdemexico.com\/en\/wp-json\/wp\/v2\/media?parent=8137"}],"wp:term":[{"taxonomy":"pwb-brand","embeddable":true,"href":"https:\/\/techmasterdemexico.com\/en\/wp-json\/wp\/v2\/pwb-brand?post=8137"},{"taxonomy":"product_brand","embeddable":true,"href":"https:\/\/techmasterdemexico.com\/en\/wp-json\/wp\/v2\/product_brand?post=8137"},{"taxonomy":"product_cat","embeddable":true,"href":"https:\/\/techmasterdemexico.com\/en\/wp-json\/wp\/v2\/product_cat?post=8137"},{"taxonomy":"product_tag","embeddable":true,"href":"https:\/\/techmasterdemexico.com\/en\/wp-json\/wp\/v2\/product_tag?post=8137"}],"curies":[{"name":"wp","href":"https:\/\/api.w.org\/{rel}","templated":true}]}}