{"id":8136,"date":"2021-08-19T17:43:11","date_gmt":"2021-08-19T17:43:11","guid":{"rendered":"http:\/\/techmastermx.ddns.net\/producto\/termometro-digital-de-entrada-unica-fluke-53-ii-con-registro-de-datos\/"},"modified":"2021-12-28T22:22:59","modified_gmt":"2021-12-28T22:22:59","slug":"termometro-digital-de-entrada-unica-fluke-53-ii-con-registro-de-datos","status":"publish","type":"product","link":"https:\/\/techmasterdemexico.com\/en\/producto\/termometro-digital-de-entrada-unica-fluke-53-ii-con-registro-de-datos\/","title":{"rendered":"Term\u00f3metro digital de entrada \u00fanica Fluke 53 II con registro de datos"},"content":{"rendered":"<p>Term\u00f3metro digital de entrada \u00fanica Fluke 53 II con registro de datos<\/p>\n<p>Precisi\u00f3n de laboratorio. Est\u00e9 donde est\u00e9.<\/p>\n<p>Los term\u00f3metros de contacto de la serie II de Fluke 50 ofrecen una respuesta r\u00e1pida y una precisi\u00f3n de laboratorio (0.05 % + 0.3 \u00b0C). Todo ello, en una herramienta resistente y port\u00e1til. Tome la temperatura de contacto para comprobar motores, equipos de aislamiento, disyuntores, tuber\u00edas, conexiones defectuosas, l\u00edquidos y cables con un est\u00e1ndar industrial de termopar tipo J, K, T, E, N, R y S (sensores de temperatura).<\/p>\n","protected":false},"excerpt":{"rendered":"<ul>\n<li>El reloj de tiempo relativo para MIN, MAX y AVG proporciona una referencia de tiempo de las principales eventos.<\/li>\n<li>La funci\u00f3n de desviaci\u00f3n electr\u00f3nica permite compensar los errores de termopares para conseguir la m\u00e1xima precisi\u00f3n global.<\/li>\n<li>Mide termopares tipo J, K, T y E.<\/li>\n<li>Lectura en \u00b0C, \u00b0F o Kelvin (K)<\/li>\n<li>Resistente carcasa impermeable y herm\u00e9tica protegida por una funda a prueba de impactos.<\/li>\n<li>Panel delantero de f\u00e1cil lectura, configuraci\u00f3n y funcionamiento.<\/li>\n<li>El modo de espera permite prolongar la vida \u00fatil de la bater\u00eda; vida \u00fatil en condiciones de funcionamiento normales: 1000 horas.<\/li>\n<li>La puerta del compartimento de bater\u00eda permite el cambio de la misma sin necesidad de romper el sello de calibraci\u00f3n.<\/li>\n<li>El accesorio opcional ToolPak permite colgar el term\u00f3metro de cualquier objeto met\u00e1lico (con el im\u00e1n de tierras raras) o fijarlo a una tuber\u00eda (con las correas de gancho y lazo) para un funcionamiento a manos libres.<\/li>\n<li>3 a\u00f1os de garant\u00eda<\/li>\n<\/ul>\n<p>Los equipos Fluke 53 II y 54 II incluyen todas las caracter\u00edsticas antes mencionadas, adem\u00e1s de las siguientes:<\/p>\n<ul>\n<li>La pantalla de gran tama\u00f1o doble retroiluminada muestra cualquier combinaci\u00f3n de T1, T2 (solo 52 y 54), T1-T2 (solo 52 y 54) y, adem\u00e1s, MIN, MAX o PROM.<\/li>\n<li>Tipos adicionales de termopares R, S y N (haciendo un total de 7 tipos diferentes).<\/li>\n<li>La funci\u00f3n de recuperaci\u00f3n permite registrar datos que puedan revisarse f\u00e1cilmente en la pantalla<\/li>\n<li>El puerto de comunicaciones USB por rayos infrarrojos permite exportar los datos al software opcional para PC FlukeView Forms\u00ae Temperature para su posterior an\u00e1lisis y generaci\u00f3n de gr\u00e1ficos.<\/li>\n<li>Registro de datos de hasta 500 puntos de datos, con intervalo de registro ajustable por el usuario.a<\/li>\n<\/ul>\n","protected":false},"featured_media":8727,"template":"","meta":{"_acf_changed":false},"pwb-brand":[31],"product_brand":[],"product_cat":[366,30,119],"product_tag":[],"class_list":{"0":"post-8136","1":"product","2":"type-product","3":"status-publish","4":"has-post-thumbnail","6":"pwb-brand-fluke","7":"product_cat-todos-los-productos","8":"product_cat-fluke","9":"product_cat-termometros-de-contacto","11":"first","12":"instock","13":"taxable","14":"shipping-taxable","15":"product-type-simple"},"acf":[],"yoast_head":"<!-- This site is optimized with the Yoast SEO plugin v27.4 - https:\/\/yoast.com\/product\/yoast-seo-wordpress\/ -->\n<title>Term\u00f3metro digital de entrada \u00fanica Fluke 53 II con registro de datos - Techmaster de Mexico<\/title>\n<meta name=\"robots\" content=\"index, follow, max-snippet:-1, max-image-preview:large, max-video-preview:-1\" \/>\n<link rel=\"canonical\" href=\"https:\/\/techmasterdemexico.com\/producto\/termometro-digital-de-entrada-unica-fluke-53-ii-con-registro-de-datos\/\" \/>\n<meta property=\"og:locale\" content=\"en_US\" \/>\n<meta property=\"og:type\" content=\"article\" \/>\n<meta property=\"og:title\" content=\"Term\u00f3metro digital de entrada \u00fanica Fluke 53 II con registro de datos - Techmaster de Mexico\" \/>\n<meta property=\"og:description\" content=\"El reloj de tiempo relativo para MIN, MAX y AVG proporciona una referencia de tiempo de las principales eventos.   La funci\u00f3n de desviaci\u00f3n electr\u00f3nica permite compensar los errores de termopares para conseguir la m\u00e1xima precisi\u00f3n global.   Mide termopares tipo J, K, T y E.   Lectura en \u00b0C, \u00b0F o Kelvin (K)   Resistente carcasa impermeable y herm\u00e9tica protegida por una funda a prueba de impactos.   Panel delantero de f\u00e1cil lectura, configuraci\u00f3n y funcionamiento.   El modo de espera permite prolongar la vida \u00fatil de la bater\u00eda; vida \u00fatil en condiciones de funcionamiento normales: 1000 horas.   La puerta del compartimento de bater\u00eda permite el cambio de la misma sin necesidad de romper el sello de calibraci\u00f3n.   El accesorio opcional ToolPak permite colgar el term\u00f3metro de cualquier objeto met\u00e1lico (con el im\u00e1n de tierras raras) o fijarlo a una tuber\u00eda (con las correas de gancho y lazo) para un funcionamiento a manos libres.   3 a\u00f1os de garant\u00eda   Los equipos Fluke 53 II y 54 II incluyen todas las caracter\u00edsticas antes mencionadas, adem\u00e1s de las siguientes:    La pantalla de gran tama\u00f1o doble retroiluminada muestra cualquier combinaci\u00f3n de T1, T2 (solo 52 y 54), T1-T2 (solo 52 y 54) y, adem\u00e1s, MIN, MAX o PROM.   Tipos adicionales de termopares R, S y N (haciendo un total de 7 tipos diferentes).   La funci\u00f3n de recuperaci\u00f3n permite registrar datos que puedan revisarse f\u00e1cilmente en la pantalla   El puerto de comunicaciones USB por rayos infrarrojos permite exportar los datos al software opcional para PC FlukeView Forms\u00ae Temperature para su posterior an\u00e1lisis y generaci\u00f3n de gr\u00e1ficos.   Registro de datos de hasta 500 puntos de datos, con intervalo de registro ajustable por el usuario.a\" \/>\n<meta property=\"og:url\" content=\"https:\/\/techmasterdemexico.com\/producto\/termometro-digital-de-entrada-unica-fluke-53-ii-con-registro-de-datos\/\" \/>\n<meta property=\"og:site_name\" content=\"Techmaster de Mexico\" \/>\n<meta property=\"article:modified_time\" content=\"2021-12-28T22:22:59+00:00\" \/>\n<meta property=\"og:image\" content=\"https:\/\/techmasterdemexico.com\/wp-content\/uploads\/2021\/08\/1-9.jpg\" \/>\n\t<meta property=\"og:image:width\" content=\"500\" \/>\n\t<meta property=\"og:image:height\" content=\"500\" \/>\n\t<meta property=\"og:image:type\" content=\"image\/jpeg\" \/>\n<meta name=\"twitter:card\" content=\"summary_large_image\" \/>\n<script type=\"application\/ld+json\" class=\"yoast-schema-graph\">{\"@context\":\"https:\\\/\\\/schema.org\",\"@graph\":[{\"@type\":\"WebPage\",\"@id\":\"https:\\\/\\\/techmasterdemexico.com\\\/producto\\\/termometro-digital-de-entrada-unica-fluke-53-ii-con-registro-de-datos\\\/\",\"url\":\"https:\\\/\\\/techmasterdemexico.com\\\/producto\\\/termometro-digital-de-entrada-unica-fluke-53-ii-con-registro-de-datos\\\/\",\"name\":\"Term\u00f3metro digital de entrada \u00fanica Fluke 53 II con registro de datos - Techmaster de Mexico\",\"isPartOf\":{\"@id\":\"https:\\\/\\\/techmasterdemexico.com\\\/#website\"},\"primaryImageOfPage\":{\"@id\":\"https:\\\/\\\/techmasterdemexico.com\\\/producto\\\/termometro-digital-de-entrada-unica-fluke-53-ii-con-registro-de-datos\\\/#primaryimage\"},\"image\":{\"@id\":\"https:\\\/\\\/techmasterdemexico.com\\\/producto\\\/termometro-digital-de-entrada-unica-fluke-53-ii-con-registro-de-datos\\\/#primaryimage\"},\"thumbnailUrl\":\"https:\\\/\\\/techmasterdemexico.com\\\/wp-content\\\/uploads\\\/2021\\\/08\\\/1-9.jpg\",\"datePublished\":\"2021-08-19T17:43:11+00:00\",\"dateModified\":\"2021-12-28T22:22:59+00:00\",\"breadcrumb\":{\"@id\":\"https:\\\/\\\/techmasterdemexico.com\\\/producto\\\/termometro-digital-de-entrada-unica-fluke-53-ii-con-registro-de-datos\\\/#breadcrumb\"},\"inLanguage\":\"en-US\",\"potentialAction\":[{\"@type\":\"ReadAction\",\"target\":[\"https:\\\/\\\/techmasterdemexico.com\\\/producto\\\/termometro-digital-de-entrada-unica-fluke-53-ii-con-registro-de-datos\\\/\"]}]},{\"@type\":\"ImageObject\",\"inLanguage\":\"en-US\",\"@id\":\"https:\\\/\\\/techmasterdemexico.com\\\/producto\\\/termometro-digital-de-entrada-unica-fluke-53-ii-con-registro-de-datos\\\/#primaryimage\",\"url\":\"https:\\\/\\\/techmasterdemexico.com\\\/wp-content\\\/uploads\\\/2021\\\/08\\\/1-9.jpg\",\"contentUrl\":\"https:\\\/\\\/techmasterdemexico.com\\\/wp-content\\\/uploads\\\/2021\\\/08\\\/1-9.jpg\",\"width\":500,\"height\":500},{\"@type\":\"BreadcrumbList\",\"@id\":\"https:\\\/\\\/techmasterdemexico.com\\\/producto\\\/termometro-digital-de-entrada-unica-fluke-53-ii-con-registro-de-datos\\\/#breadcrumb\",\"itemListElement\":[{\"@type\":\"ListItem\",\"position\":1,\"name\":\"Portada\",\"item\":\"https:\\\/\\\/techmasterdemexico.com\\\/\"},{\"@type\":\"ListItem\",\"position\":2,\"name\":\"Term\u00f3metro digital de entrada \u00fanica Fluke 53 II con registro de datos\"}]},{\"@type\":\"WebSite\",\"@id\":\"https:\\\/\\\/techmasterdemexico.com\\\/#website\",\"url\":\"https:\\\/\\\/techmasterdemexico.com\\\/\",\"name\":\"Techmaster de Mexico\",\"description\":\"\",\"potentialAction\":[{\"@type\":\"SearchAction\",\"target\":{\"@type\":\"EntryPoint\",\"urlTemplate\":\"https:\\\/\\\/techmasterdemexico.com\\\/?s={search_term_string}\"},\"query-input\":{\"@type\":\"PropertyValueSpecification\",\"valueRequired\":true,\"valueName\":\"search_term_string\"}}],\"inLanguage\":\"en-US\"}]}<\/script>\n<!-- \/ Yoast SEO plugin. -->","yoast_head_json":{"title":"Term\u00f3metro digital de entrada \u00fanica Fluke 53 II con registro de datos - Techmaster de Mexico","robots":{"index":"index","follow":"follow","max-snippet":"max-snippet:-1","max-image-preview":"max-image-preview:large","max-video-preview":"max-video-preview:-1"},"canonical":"https:\/\/techmasterdemexico.com\/producto\/termometro-digital-de-entrada-unica-fluke-53-ii-con-registro-de-datos\/","og_locale":"en_US","og_type":"article","og_title":"Term\u00f3metro digital de entrada \u00fanica Fluke 53 II con registro de datos - Techmaster de Mexico","og_description":"El reloj de tiempo relativo para MIN, MAX y AVG proporciona una referencia de tiempo de las principales eventos.   La funci\u00f3n de desviaci\u00f3n electr\u00f3nica permite compensar los errores de termopares para conseguir la m\u00e1xima precisi\u00f3n global.   Mide termopares tipo J, K, T y E.   Lectura en \u00b0C, \u00b0F o Kelvin (K)   Resistente carcasa impermeable y herm\u00e9tica protegida por una funda a prueba de impactos.   Panel delantero de f\u00e1cil lectura, configuraci\u00f3n y funcionamiento.   El modo de espera permite prolongar la vida \u00fatil de la bater\u00eda; vida \u00fatil en condiciones de funcionamiento normales: 1000 horas.   La puerta del compartimento de bater\u00eda permite el cambio de la misma sin necesidad de romper el sello de calibraci\u00f3n.   El accesorio opcional ToolPak permite colgar el term\u00f3metro de cualquier objeto met\u00e1lico (con el im\u00e1n de tierras raras) o fijarlo a una tuber\u00eda (con las correas de gancho y lazo) para un funcionamiento a manos libres.   3 a\u00f1os de garant\u00eda   Los equipos Fluke 53 II y 54 II incluyen todas las caracter\u00edsticas antes mencionadas, adem\u00e1s de las siguientes:    La pantalla de gran tama\u00f1o doble retroiluminada muestra cualquier combinaci\u00f3n de T1, T2 (solo 52 y 54), T1-T2 (solo 52 y 54) y, adem\u00e1s, MIN, MAX o PROM.   Tipos adicionales de termopares R, S y N (haciendo un total de 7 tipos diferentes).   La funci\u00f3n de recuperaci\u00f3n permite registrar datos que puedan revisarse f\u00e1cilmente en la pantalla   El puerto de comunicaciones USB por rayos infrarrojos permite exportar los datos al software opcional para PC FlukeView Forms\u00ae Temperature para su posterior an\u00e1lisis y generaci\u00f3n de gr\u00e1ficos.   Registro de datos de hasta 500 puntos de datos, con intervalo de registro ajustable por el usuario.a","og_url":"https:\/\/techmasterdemexico.com\/producto\/termometro-digital-de-entrada-unica-fluke-53-ii-con-registro-de-datos\/","og_site_name":"Techmaster de Mexico","article_modified_time":"2021-12-28T22:22:59+00:00","og_image":[{"width":500,"height":500,"url":"https:\/\/techmasterdemexico.com\/wp-content\/uploads\/2021\/08\/1-9.jpg","type":"image\/jpeg"}],"twitter_card":"summary_large_image","schema":{"@context":"https:\/\/schema.org","@graph":[{"@type":"WebPage","@id":"https:\/\/techmasterdemexico.com\/producto\/termometro-digital-de-entrada-unica-fluke-53-ii-con-registro-de-datos\/","url":"https:\/\/techmasterdemexico.com\/producto\/termometro-digital-de-entrada-unica-fluke-53-ii-con-registro-de-datos\/","name":"Term\u00f3metro digital de entrada \u00fanica Fluke 53 II con registro de datos - Techmaster de Mexico","isPartOf":{"@id":"https:\/\/techmasterdemexico.com\/#website"},"primaryImageOfPage":{"@id":"https:\/\/techmasterdemexico.com\/producto\/termometro-digital-de-entrada-unica-fluke-53-ii-con-registro-de-datos\/#primaryimage"},"image":{"@id":"https:\/\/techmasterdemexico.com\/producto\/termometro-digital-de-entrada-unica-fluke-53-ii-con-registro-de-datos\/#primaryimage"},"thumbnailUrl":"https:\/\/techmasterdemexico.com\/wp-content\/uploads\/2021\/08\/1-9.jpg","datePublished":"2021-08-19T17:43:11+00:00","dateModified":"2021-12-28T22:22:59+00:00","breadcrumb":{"@id":"https:\/\/techmasterdemexico.com\/producto\/termometro-digital-de-entrada-unica-fluke-53-ii-con-registro-de-datos\/#breadcrumb"},"inLanguage":"en-US","potentialAction":[{"@type":"ReadAction","target":["https:\/\/techmasterdemexico.com\/producto\/termometro-digital-de-entrada-unica-fluke-53-ii-con-registro-de-datos\/"]}]},{"@type":"ImageObject","inLanguage":"en-US","@id":"https:\/\/techmasterdemexico.com\/producto\/termometro-digital-de-entrada-unica-fluke-53-ii-con-registro-de-datos\/#primaryimage","url":"https:\/\/techmasterdemexico.com\/wp-content\/uploads\/2021\/08\/1-9.jpg","contentUrl":"https:\/\/techmasterdemexico.com\/wp-content\/uploads\/2021\/08\/1-9.jpg","width":500,"height":500},{"@type":"BreadcrumbList","@id":"https:\/\/techmasterdemexico.com\/producto\/termometro-digital-de-entrada-unica-fluke-53-ii-con-registro-de-datos\/#breadcrumb","itemListElement":[{"@type":"ListItem","position":1,"name":"Portada","item":"https:\/\/techmasterdemexico.com\/"},{"@type":"ListItem","position":2,"name":"Term\u00f3metro digital de entrada \u00fanica Fluke 53 II con registro de datos"}]},{"@type":"WebSite","@id":"https:\/\/techmasterdemexico.com\/#website","url":"https:\/\/techmasterdemexico.com\/","name":"Techmaster de Mexico","description":"","potentialAction":[{"@type":"SearchAction","target":{"@type":"EntryPoint","urlTemplate":"https:\/\/techmasterdemexico.com\/?s={search_term_string}"},"query-input":{"@type":"PropertyValueSpecification","valueRequired":true,"valueName":"search_term_string"}}],"inLanguage":"en-US"}]}},"brands":[{"id":31,"name":"Fluke","slug":"fluke"}],"_links":{"self":[{"href":"https:\/\/techmasterdemexico.com\/en\/wp-json\/wp\/v2\/product\/8136","targetHints":{"allow":["GET"]}}],"collection":[{"href":"https:\/\/techmasterdemexico.com\/en\/wp-json\/wp\/v2\/product"}],"about":[{"href":"https:\/\/techmasterdemexico.com\/en\/wp-json\/wp\/v2\/types\/product"}],"wp:featuredmedia":[{"embeddable":true,"href":"https:\/\/techmasterdemexico.com\/en\/wp-json\/wp\/v2\/media\/8727"}],"wp:attachment":[{"href":"https:\/\/techmasterdemexico.com\/en\/wp-json\/wp\/v2\/media?parent=8136"}],"wp:term":[{"taxonomy":"pwb-brand","embeddable":true,"href":"https:\/\/techmasterdemexico.com\/en\/wp-json\/wp\/v2\/pwb-brand?post=8136"},{"taxonomy":"product_brand","embeddable":true,"href":"https:\/\/techmasterdemexico.com\/en\/wp-json\/wp\/v2\/product_brand?post=8136"},{"taxonomy":"product_cat","embeddable":true,"href":"https:\/\/techmasterdemexico.com\/en\/wp-json\/wp\/v2\/product_cat?post=8136"},{"taxonomy":"product_tag","embeddable":true,"href":"https:\/\/techmasterdemexico.com\/en\/wp-json\/wp\/v2\/product_tag?post=8136"}],"curies":[{"name":"wp","href":"https:\/\/api.w.org\/{rel}","templated":true}]}}