{"id":8134,"date":"2021-08-19T17:43:10","date_gmt":"2021-08-19T17:43:10","guid":{"rendered":"http:\/\/techmastermx.ddns.net\/producto\/multimetro-digital-fluke-175-de-valor-eficaz-verdadero\/"},"modified":"2021-12-28T22:23:01","modified_gmt":"2021-12-28T22:23:01","slug":"multimetro-digital-fluke-175-de-valor-eficaz-verdadero","status":"publish","type":"product","link":"https:\/\/techmasterdemexico.com\/en\/producto\/multimetro-digital-fluke-175-de-valor-eficaz-verdadero\/","title":{"rendered":"Mult\u00edmetro digital Fluke 175 de valor eficaz verdadero"},"content":{"rendered":"<p>Mult\u00edmetro digital Fluke 175 de valor eficaz verdadero<\/p>\n<p>Punto de partida para las mediciones industriales<\/p>\n<p>El mult\u00edmetro digital de valor eficaz verdadero Fluke 175 es el punto de partida para los t\u00e9cnicos profesionales de todo el mundo. Adem\u00e1s de incluir todas las funciones necesarias para solucionar problemas y reparar muchas aver\u00edas de los sistemas el\u00e9ctricos y electr\u00f3nicos, el mult\u00edmetro digital Fluke 175, con clasificaci\u00f3n CAT IV 600V\/CAT III 1000 V, tambi\u00e9n ofrece lecturas precisas de valor eficaz verdadero gracias a a\u00f1os de servicio confiable.<\/p>\n<p>\u00bfNecesita m\u00e1s precisi\u00f3n o mediciones de temperatura?<\/p>\n<p>Si necesita un grado m\u00e1s alto de precisi\u00f3n o mediciones de temperatura por contacto, haga clic aqu\u00ed para ver Fluke 177 y Fluke 179 de valor eficaz verdadero Mult\u00edmetros digitales.<\/p>\n","protected":false},"excerpt":{"rendered":"<ul>\n<li>Selecci\u00f3n manual y autom\u00e1tica de rangos<\/li>\n<li>Retenci\u00f3n de valores en pantalla y autoretenci\u00f3n<\/li>\n<li>Medida de frecuencia y capacidad<\/li>\n<li>Medida de resistencia, continuidad y diodos<\/li>\n<li>Registro de m\u00ednimos, m\u00e1ximos y promedio<\/li>\n<li>Calibraci\u00f3n a carcasa cerrada a trav\u00e9s del panel frontal\n<p>-Carcasa ergon\u00f3mica con funda protectora integrada<\/li>\n<\/ul>\n<p>Homologaci\u00f3n de seguridad<\/p>\n<p>Todas las entradas disponen de protecci\u00f3n seg\u00fan IEN61010-1 de CAT IV 600 V\/CAT III 1000 V. UL, CSA, T\u00dcV y VDE pendiente<\/p>\n","protected":false},"featured_media":8732,"template":"","meta":{"_acf_changed":false},"pwb-brand":[31],"product_brand":[],"product_cat":[366,30,138],"product_tag":[],"class_list":{"0":"post-8134","1":"product","2":"type-product","3":"status-publish","4":"has-post-thumbnail","6":"pwb-brand-fluke","7":"product_cat-todos-los-productos","8":"product_cat-fluke","9":"product_cat-multimetros-digitales-fluke","11":"first","12":"instock","13":"taxable","14":"shipping-taxable","15":"product-type-simple"},"acf":[],"yoast_head":"<!-- This site is optimized with the Yoast SEO plugin v27.4 - https:\/\/yoast.com\/product\/yoast-seo-wordpress\/ -->\n<title>Mult\u00edmetro digital Fluke 175 de valor eficaz verdadero - Techmaster de Mexico<\/title>\n<meta name=\"robots\" content=\"index, follow, max-snippet:-1, max-image-preview:large, max-video-preview:-1\" \/>\n<link rel=\"canonical\" href=\"https:\/\/techmasterdemexico.com\/producto\/multimetro-digital-fluke-175-de-valor-eficaz-verdadero\/\" \/>\n<meta property=\"og:locale\" content=\"en_US\" \/>\n<meta property=\"og:type\" content=\"article\" \/>\n<meta property=\"og:title\" content=\"Mult\u00edmetro digital Fluke 175 de valor eficaz verdadero - Techmaster de Mexico\" \/>\n<meta property=\"og:description\" content=\"Selecci\u00f3n manual y autom\u00e1tica de rangos   Retenci\u00f3n de valores en pantalla y autoretenci\u00f3n   Medida de frecuencia y capacidad   Medida de resistencia, continuidad y diodos   Registro de m\u00ednimos, m\u00e1ximos y promedio   Calibraci\u00f3n a carcasa cerrada a trav\u00e9s del panel frontal  -Carcasa ergon\u00f3mica con funda protectora integrada   Homologaci\u00f3n de seguridad  Todas las entradas disponen de protecci\u00f3n seg\u00fan IEN61010-1 de CAT IV 600 V\/CAT III 1000 V. UL, CSA, T\u00dcV y VDE pendiente\" \/>\n<meta property=\"og:url\" content=\"https:\/\/techmasterdemexico.com\/producto\/multimetro-digital-fluke-175-de-valor-eficaz-verdadero\/\" \/>\n<meta property=\"og:site_name\" content=\"Techmaster de Mexico\" \/>\n<meta property=\"article:modified_time\" content=\"2021-12-28T22:23:01+00:00\" \/>\n<meta property=\"og:image\" content=\"https:\/\/techmasterdemexico.com\/wp-content\/uploads\/2021\/08\/1-11.jpg\" \/>\n\t<meta property=\"og:image:width\" content=\"500\" \/>\n\t<meta property=\"og:image:height\" content=\"500\" \/>\n\t<meta property=\"og:image:type\" content=\"image\/jpeg\" \/>\n<meta name=\"twitter:card\" content=\"summary_large_image\" \/>\n<meta name=\"twitter:label1\" content=\"Est. reading time\" \/>\n\t<meta name=\"twitter:data1\" content=\"1 minute\" \/>\n<script type=\"application\/ld+json\" class=\"yoast-schema-graph\">{\"@context\":\"https:\\\/\\\/schema.org\",\"@graph\":[{\"@type\":\"WebPage\",\"@id\":\"https:\\\/\\\/techmasterdemexico.com\\\/producto\\\/multimetro-digital-fluke-175-de-valor-eficaz-verdadero\\\/\",\"url\":\"https:\\\/\\\/techmasterdemexico.com\\\/producto\\\/multimetro-digital-fluke-175-de-valor-eficaz-verdadero\\\/\",\"name\":\"Mult\u00edmetro digital Fluke 175 de valor eficaz verdadero - Techmaster de Mexico\",\"isPartOf\":{\"@id\":\"https:\\\/\\\/techmasterdemexico.com\\\/#website\"},\"primaryImageOfPage\":{\"@id\":\"https:\\\/\\\/techmasterdemexico.com\\\/producto\\\/multimetro-digital-fluke-175-de-valor-eficaz-verdadero\\\/#primaryimage\"},\"image\":{\"@id\":\"https:\\\/\\\/techmasterdemexico.com\\\/producto\\\/multimetro-digital-fluke-175-de-valor-eficaz-verdadero\\\/#primaryimage\"},\"thumbnailUrl\":\"https:\\\/\\\/techmasterdemexico.com\\\/wp-content\\\/uploads\\\/2021\\\/08\\\/1-11.jpg\",\"datePublished\":\"2021-08-19T17:43:10+00:00\",\"dateModified\":\"2021-12-28T22:23:01+00:00\",\"breadcrumb\":{\"@id\":\"https:\\\/\\\/techmasterdemexico.com\\\/producto\\\/multimetro-digital-fluke-175-de-valor-eficaz-verdadero\\\/#breadcrumb\"},\"inLanguage\":\"en-US\",\"potentialAction\":[{\"@type\":\"ReadAction\",\"target\":[\"https:\\\/\\\/techmasterdemexico.com\\\/producto\\\/multimetro-digital-fluke-175-de-valor-eficaz-verdadero\\\/\"]}]},{\"@type\":\"ImageObject\",\"inLanguage\":\"en-US\",\"@id\":\"https:\\\/\\\/techmasterdemexico.com\\\/producto\\\/multimetro-digital-fluke-175-de-valor-eficaz-verdadero\\\/#primaryimage\",\"url\":\"https:\\\/\\\/techmasterdemexico.com\\\/wp-content\\\/uploads\\\/2021\\\/08\\\/1-11.jpg\",\"contentUrl\":\"https:\\\/\\\/techmasterdemexico.com\\\/wp-content\\\/uploads\\\/2021\\\/08\\\/1-11.jpg\",\"width\":500,\"height\":500},{\"@type\":\"BreadcrumbList\",\"@id\":\"https:\\\/\\\/techmasterdemexico.com\\\/producto\\\/multimetro-digital-fluke-175-de-valor-eficaz-verdadero\\\/#breadcrumb\",\"itemListElement\":[{\"@type\":\"ListItem\",\"position\":1,\"name\":\"Portada\",\"item\":\"https:\\\/\\\/techmasterdemexico.com\\\/\"},{\"@type\":\"ListItem\",\"position\":2,\"name\":\"Mult\u00edmetro digital Fluke 175 de valor eficaz verdadero\"}]},{\"@type\":\"WebSite\",\"@id\":\"https:\\\/\\\/techmasterdemexico.com\\\/#website\",\"url\":\"https:\\\/\\\/techmasterdemexico.com\\\/\",\"name\":\"Techmaster de Mexico\",\"description\":\"\",\"potentialAction\":[{\"@type\":\"SearchAction\",\"target\":{\"@type\":\"EntryPoint\",\"urlTemplate\":\"https:\\\/\\\/techmasterdemexico.com\\\/?s={search_term_string}\"},\"query-input\":{\"@type\":\"PropertyValueSpecification\",\"valueRequired\":true,\"valueName\":\"search_term_string\"}}],\"inLanguage\":\"en-US\"}]}<\/script>\n<!-- \/ Yoast SEO plugin. -->","yoast_head_json":{"title":"Mult\u00edmetro digital Fluke 175 de valor eficaz verdadero - Techmaster de Mexico","robots":{"index":"index","follow":"follow","max-snippet":"max-snippet:-1","max-image-preview":"max-image-preview:large","max-video-preview":"max-video-preview:-1"},"canonical":"https:\/\/techmasterdemexico.com\/producto\/multimetro-digital-fluke-175-de-valor-eficaz-verdadero\/","og_locale":"en_US","og_type":"article","og_title":"Mult\u00edmetro digital Fluke 175 de valor eficaz verdadero - Techmaster de Mexico","og_description":"Selecci\u00f3n manual y autom\u00e1tica de rangos   Retenci\u00f3n de valores en pantalla y autoretenci\u00f3n   Medida de frecuencia y capacidad   Medida de resistencia, continuidad y diodos   Registro de m\u00ednimos, m\u00e1ximos y promedio   Calibraci\u00f3n a carcasa cerrada a trav\u00e9s del panel frontal  -Carcasa ergon\u00f3mica con funda protectora integrada   Homologaci\u00f3n de seguridad  Todas las entradas disponen de protecci\u00f3n seg\u00fan IEN61010-1 de CAT IV 600 V\/CAT III 1000 V. UL, CSA, T\u00dcV y VDE pendiente","og_url":"https:\/\/techmasterdemexico.com\/producto\/multimetro-digital-fluke-175-de-valor-eficaz-verdadero\/","og_site_name":"Techmaster de Mexico","article_modified_time":"2021-12-28T22:23:01+00:00","og_image":[{"width":500,"height":500,"url":"https:\/\/techmasterdemexico.com\/wp-content\/uploads\/2021\/08\/1-11.jpg","type":"image\/jpeg"}],"twitter_card":"summary_large_image","twitter_misc":{"Est. reading time":"1 minute"},"schema":{"@context":"https:\/\/schema.org","@graph":[{"@type":"WebPage","@id":"https:\/\/techmasterdemexico.com\/producto\/multimetro-digital-fluke-175-de-valor-eficaz-verdadero\/","url":"https:\/\/techmasterdemexico.com\/producto\/multimetro-digital-fluke-175-de-valor-eficaz-verdadero\/","name":"Mult\u00edmetro digital Fluke 175 de valor eficaz verdadero - Techmaster de Mexico","isPartOf":{"@id":"https:\/\/techmasterdemexico.com\/#website"},"primaryImageOfPage":{"@id":"https:\/\/techmasterdemexico.com\/producto\/multimetro-digital-fluke-175-de-valor-eficaz-verdadero\/#primaryimage"},"image":{"@id":"https:\/\/techmasterdemexico.com\/producto\/multimetro-digital-fluke-175-de-valor-eficaz-verdadero\/#primaryimage"},"thumbnailUrl":"https:\/\/techmasterdemexico.com\/wp-content\/uploads\/2021\/08\/1-11.jpg","datePublished":"2021-08-19T17:43:10+00:00","dateModified":"2021-12-28T22:23:01+00:00","breadcrumb":{"@id":"https:\/\/techmasterdemexico.com\/producto\/multimetro-digital-fluke-175-de-valor-eficaz-verdadero\/#breadcrumb"},"inLanguage":"en-US","potentialAction":[{"@type":"ReadAction","target":["https:\/\/techmasterdemexico.com\/producto\/multimetro-digital-fluke-175-de-valor-eficaz-verdadero\/"]}]},{"@type":"ImageObject","inLanguage":"en-US","@id":"https:\/\/techmasterdemexico.com\/producto\/multimetro-digital-fluke-175-de-valor-eficaz-verdadero\/#primaryimage","url":"https:\/\/techmasterdemexico.com\/wp-content\/uploads\/2021\/08\/1-11.jpg","contentUrl":"https:\/\/techmasterdemexico.com\/wp-content\/uploads\/2021\/08\/1-11.jpg","width":500,"height":500},{"@type":"BreadcrumbList","@id":"https:\/\/techmasterdemexico.com\/producto\/multimetro-digital-fluke-175-de-valor-eficaz-verdadero\/#breadcrumb","itemListElement":[{"@type":"ListItem","position":1,"name":"Portada","item":"https:\/\/techmasterdemexico.com\/"},{"@type":"ListItem","position":2,"name":"Mult\u00edmetro digital Fluke 175 de valor eficaz verdadero"}]},{"@type":"WebSite","@id":"https:\/\/techmasterdemexico.com\/#website","url":"https:\/\/techmasterdemexico.com\/","name":"Techmaster de Mexico","description":"","potentialAction":[{"@type":"SearchAction","target":{"@type":"EntryPoint","urlTemplate":"https:\/\/techmasterdemexico.com\/?s={search_term_string}"},"query-input":{"@type":"PropertyValueSpecification","valueRequired":true,"valueName":"search_term_string"}}],"inLanguage":"en-US"}]}},"brands":[{"id":31,"name":"Fluke","slug":"fluke"}],"_links":{"self":[{"href":"https:\/\/techmasterdemexico.com\/en\/wp-json\/wp\/v2\/product\/8134","targetHints":{"allow":["GET"]}}],"collection":[{"href":"https:\/\/techmasterdemexico.com\/en\/wp-json\/wp\/v2\/product"}],"about":[{"href":"https:\/\/techmasterdemexico.com\/en\/wp-json\/wp\/v2\/types\/product"}],"wp:featuredmedia":[{"embeddable":true,"href":"https:\/\/techmasterdemexico.com\/en\/wp-json\/wp\/v2\/media\/8732"}],"wp:attachment":[{"href":"https:\/\/techmasterdemexico.com\/en\/wp-json\/wp\/v2\/media?parent=8134"}],"wp:term":[{"taxonomy":"pwb-brand","embeddable":true,"href":"https:\/\/techmasterdemexico.com\/en\/wp-json\/wp\/v2\/pwb-brand?post=8134"},{"taxonomy":"product_brand","embeddable":true,"href":"https:\/\/techmasterdemexico.com\/en\/wp-json\/wp\/v2\/product_brand?post=8134"},{"taxonomy":"product_cat","embeddable":true,"href":"https:\/\/techmasterdemexico.com\/en\/wp-json\/wp\/v2\/product_cat?post=8134"},{"taxonomy":"product_tag","embeddable":true,"href":"https:\/\/techmasterdemexico.com\/en\/wp-json\/wp\/v2\/product_tag?post=8134"}],"curies":[{"name":"wp","href":"https:\/\/api.w.org\/{rel}","templated":true}]}}