{"id":8133,"date":"2021-08-19T17:43:10","date_gmt":"2021-08-19T17:43:10","guid":{"rendered":"http:\/\/techmastermx.ddns.net\/producto\/multimetro-para-aplicaciones-industriales-de-respuesta-promedio-fluke-83v\/"},"modified":"2021-12-28T22:23:00","modified_gmt":"2021-12-28T22:23:00","slug":"multimetro-para-aplicaciones-industriales-de-respuesta-promedio-fluke-83v","status":"publish","type":"product","link":"https:\/\/techmasterdemexico.com\/en\/producto\/multimetro-para-aplicaciones-industriales-de-respuesta-promedio-fluke-83v\/","title":{"rendered":"Mult\u00edmetro para aplicaciones industriales de respuesta promedio Fluke 83V"},"content":{"rendered":"<p>Mult\u00edmetro para aplicaciones industriales de respuesta promedio Fluke 83V<\/p>\n<p>Los mejores t\u00e9cnicos usan las mejores herramientas<\/p>\n<p>Electricistas industriales de todo el mundo conf\u00edan en el mult\u00edmetro para aplicaciones industriales Fluke 83V para todo, desde la sala de control hasta la planta. Con su precisi\u00f3n y sus capacidades de soluci\u00f3n de problemas, el mult\u00edmetro para aplicaciones industriales Fluke 83V funciona siempre que lo necesita, incluso en ubicaciones ruidosas, de gran altitud y energ\u00eda.<\/p>\n<p>Identificar problemas de se\u00f1al compleja con rapidez<\/p>\n<p>Cuando la productividad es un factor de primer orden y necesita solucionar los problemas con rapidez, el modelo Fluke 83V proporciona la precisi\u00f3n y las capacidades de resoluci\u00f3n de problemas que necesita.<\/p>\n<p>La funci\u00f3n de m\u00edn.\/m\u00e1x. permite la captura de cambios de se\u00f1al.<\/p>\n<ul>\n<li>Resoluci\u00f3n de pantalla con 6000 recuentos<\/li>\n<li>Categor\u00edas de seguridad el\u00e9ctrica CAT III 1000 V y CAT IV 600 V<\/li>\n<li>Dise\u00f1ado y fabricado en EE. UU.<\/li>\n<li>El mult\u00edmetro industrial que goza de m\u00e1s confianza en el sector<\/li>\n<li>Garant\u00eda de por vida<\/li>\n<\/ul>\n<p>Fluke 83V: solo una de las herramientas de confianza Fluke<\/p>\n<p>Fluke fabrica las herramientas de m\u00e1s confianza del mundo, no solo el Fluke 83V. Si trabaja con un equipo HVAC, necesita un medidor peque\u00f1o para espacios peque\u00f1os o trabaja en el mundo de los instaladores y reparadores el\u00e9ctricos, descubra toda la familia de mult\u00edmetros digitales Fluke.<\/p>\n","protected":false},"excerpt":{"rendered":"<ul>\n<li>Correa con im\u00e1n (opcional) que facilita la medida y su visualizaci\u00f3n en pantalla mientras se tienen las manos libres para realizar otras tareas.<\/li>\n<li>Pantalla de gran tama\u00f1o con retroiluminaci\u00f3n en dos niveles que hace la lectura de los mult\u00edmetros 83V mucho m\u00e1s f\u00e1cil que en modelos m\u00e1s antiguos.<\/li>\n<li>6000 recuentos, 3-3\/4 d\u00edgitos<\/li>\n<li>Mediciones de hasta 1000 V de CA y CC<\/li>\n<li>Medida de hasta 10 A; 20 A por un m\u00e1ximo de 30 segundos<\/li>\n<li>Frecuencia hasta 200 kHz y ciclo de trabajo (en %)<\/li>\n<li>Prueba de resistencia, continuidad y diodos<\/li>\n<li>Rango de capacidad de 10 000 \u00b5F en motores y componentes<\/li>\n<li>Registro de valores m\u00ednimos, m\u00e1ximos y promedio con alarma para captura autom\u00e1tica de variaciones<\/li>\n<li>Modo relativo para compensaci\u00f3n de errores debidos a las puntas de prueba<\/li>\n<li>Selecci\u00f3n autom\u00e1tica y manual de rango<\/li>\n<li>Touch Hold para congelar autom\u00e1ticamente las medidas en pantalla<\/li>\n<li>D\u00edgitos de gran tama\u00f1o y pantalla con retroalimentaci\u00f3n en dos niveles de luz blanca<\/li>\n<li>Barra gr\u00e1fica anal\u00f3gica para visualizaci\u00f3n de cambios r\u00e1pidos en la medida o medidas inestables<\/li>\n<li>Alarma sonora de entrada incorrecta que advierte en caso de conexi\u00f3n err\u00f3nea de las clavijas de entrada<\/li>\n<li>Modo de apagado autom\u00e1tico seleccionable mejorado para alargar la vida \u00fatil de las bater\u00edas<\/li>\n<li>Tapa de acceso al compartimento de las bater\u00edas que permite cambiarlas sin romper el sello de calibraci\u00f3n<\/li>\n<li>Dise\u00f1o &#8220;cl\u00e1sico&#8221; con nueva funda extra\u00edble y compartimento trasero para portar puntas y cables de prueba<\/li>\n<li>Garant\u00eda de por vida<\/li>\n<\/ul>\n<p>Seguridad el\u00e9ctrica<\/p>\n<p>Todas las entradas se han actualizado a la 3a edici\u00f3n de ANSI\/ISA S82.01 y EN61010-1 CAT IV 600 V y CAT III, 1000 V. Pueden soportar impulsos superiores a 8000 V y reducir los riesgos relacionados con sobrecargas y picos.<\/p>\n<ul>\n<li>Mida la corriente CA (con sonda de corriente opcional)<\/li>\n<\/ul>\n","protected":false},"featured_media":8729,"template":"","meta":{"_acf_changed":false},"pwb-brand":[31],"product_brand":[],"product_cat":[366,30,138],"product_tag":[],"class_list":{"0":"post-8133","1":"product","2":"type-product","3":"status-publish","4":"has-post-thumbnail","6":"pwb-brand-fluke","7":"product_cat-todos-los-productos","8":"product_cat-fluke","9":"product_cat-multimetros-digitales-fluke","11":"first","12":"instock","13":"taxable","14":"shipping-taxable","15":"product-type-simple"},"acf":[],"yoast_head":"<!-- This site is optimized with the Yoast SEO plugin v27.4 - https:\/\/yoast.com\/product\/yoast-seo-wordpress\/ -->\n<title>Mult\u00edmetro para aplicaciones industriales de respuesta promedio Fluke 83V - Techmaster de Mexico<\/title>\n<meta name=\"robots\" content=\"index, follow, max-snippet:-1, max-image-preview:large, max-video-preview:-1\" \/>\n<link rel=\"canonical\" href=\"https:\/\/techmasterdemexico.com\/producto\/multimetro-para-aplicaciones-industriales-de-respuesta-promedio-fluke-83v\/\" \/>\n<meta property=\"og:locale\" content=\"en_US\" \/>\n<meta property=\"og:type\" content=\"article\" \/>\n<meta property=\"og:title\" content=\"Mult\u00edmetro para aplicaciones industriales de respuesta promedio Fluke 83V - Techmaster de Mexico\" \/>\n<meta property=\"og:description\" content=\"Correa con im\u00e1n (opcional) que facilita la medida y su visualizaci\u00f3n en pantalla mientras se tienen las manos libres para realizar otras tareas.   Pantalla de gran tama\u00f1o con retroiluminaci\u00f3n en dos niveles que hace la lectura de los mult\u00edmetros 83V mucho m\u00e1s f\u00e1cil que en modelos m\u00e1s antiguos.   6000 recuentos, 3-3\/4 d\u00edgitos   Mediciones de hasta 1000 V de CA y CC   Medida de hasta 10 A; 20 A por un m\u00e1ximo de 30 segundos   Frecuencia hasta 200 kHz y ciclo de trabajo (en %)   Prueba de resistencia, continuidad y diodos   Rango de capacidad de 10 000 \u00b5F en motores y componentes   Registro de valores m\u00ednimos, m\u00e1ximos y promedio con alarma para captura autom\u00e1tica de variaciones   Modo relativo para compensaci\u00f3n de errores debidos a las puntas de prueba   Selecci\u00f3n autom\u00e1tica y manual de rango   Touch Hold para congelar autom\u00e1ticamente las medidas en pantalla   D\u00edgitos de gran tama\u00f1o y pantalla con retroalimentaci\u00f3n en dos niveles de luz blanca   Barra gr\u00e1fica anal\u00f3gica para visualizaci\u00f3n de cambios r\u00e1pidos en la medida o medidas inestables   Alarma sonora de entrada incorrecta que advierte en caso de conexi\u00f3n err\u00f3nea de las clavijas de entrada   Modo de apagado autom\u00e1tico seleccionable mejorado para alargar la vida \u00fatil de las bater\u00edas   Tapa de acceso al compartimento de las bater\u00edas que permite cambiarlas sin romper el sello de calibraci\u00f3n   Dise\u00f1o &quot;cl\u00e1sico&quot; con nueva funda extra\u00edble y compartimento trasero para portar puntas y cables de prueba   Garant\u00eda de por vida   Seguridad el\u00e9ctrica  Todas las entradas se han actualizado a la 3a edici\u00f3n de ANSI\/ISA S82.01 y EN61010-1 CAT IV 600 V y CAT III, 1000 V. Pueden soportar impulsos superiores a 8000 V y reducir los riesgos relacionados con sobrecargas y picos.    Mida la corriente CA (con sonda de corriente opcional)\" \/>\n<meta property=\"og:url\" content=\"https:\/\/techmasterdemexico.com\/producto\/multimetro-para-aplicaciones-industriales-de-respuesta-promedio-fluke-83v\/\" \/>\n<meta property=\"og:site_name\" content=\"Techmaster de Mexico\" \/>\n<meta property=\"article:modified_time\" content=\"2021-12-28T22:23:00+00:00\" \/>\n<meta property=\"og:image\" content=\"https:\/\/techmasterdemexico.com\/wp-content\/uploads\/2021\/08\/1-10.jpg\" \/>\n\t<meta property=\"og:image:width\" content=\"500\" \/>\n\t<meta property=\"og:image:height\" content=\"500\" \/>\n\t<meta property=\"og:image:type\" content=\"image\/jpeg\" \/>\n<meta name=\"twitter:card\" content=\"summary_large_image\" \/>\n<meta name=\"twitter:label1\" content=\"Est. reading time\" \/>\n\t<meta name=\"twitter:data1\" content=\"1 minute\" \/>\n<script type=\"application\/ld+json\" class=\"yoast-schema-graph\">{\"@context\":\"https:\\\/\\\/schema.org\",\"@graph\":[{\"@type\":\"WebPage\",\"@id\":\"https:\\\/\\\/techmasterdemexico.com\\\/producto\\\/multimetro-para-aplicaciones-industriales-de-respuesta-promedio-fluke-83v\\\/\",\"url\":\"https:\\\/\\\/techmasterdemexico.com\\\/producto\\\/multimetro-para-aplicaciones-industriales-de-respuesta-promedio-fluke-83v\\\/\",\"name\":\"Mult\u00edmetro para aplicaciones industriales de respuesta promedio Fluke 83V - Techmaster de Mexico\",\"isPartOf\":{\"@id\":\"https:\\\/\\\/techmasterdemexico.com\\\/#website\"},\"primaryImageOfPage\":{\"@id\":\"https:\\\/\\\/techmasterdemexico.com\\\/producto\\\/multimetro-para-aplicaciones-industriales-de-respuesta-promedio-fluke-83v\\\/#primaryimage\"},\"image\":{\"@id\":\"https:\\\/\\\/techmasterdemexico.com\\\/producto\\\/multimetro-para-aplicaciones-industriales-de-respuesta-promedio-fluke-83v\\\/#primaryimage\"},\"thumbnailUrl\":\"https:\\\/\\\/techmasterdemexico.com\\\/wp-content\\\/uploads\\\/2021\\\/08\\\/1-10.jpg\",\"datePublished\":\"2021-08-19T17:43:10+00:00\",\"dateModified\":\"2021-12-28T22:23:00+00:00\",\"breadcrumb\":{\"@id\":\"https:\\\/\\\/techmasterdemexico.com\\\/producto\\\/multimetro-para-aplicaciones-industriales-de-respuesta-promedio-fluke-83v\\\/#breadcrumb\"},\"inLanguage\":\"en-US\",\"potentialAction\":[{\"@type\":\"ReadAction\",\"target\":[\"https:\\\/\\\/techmasterdemexico.com\\\/producto\\\/multimetro-para-aplicaciones-industriales-de-respuesta-promedio-fluke-83v\\\/\"]}]},{\"@type\":\"ImageObject\",\"inLanguage\":\"en-US\",\"@id\":\"https:\\\/\\\/techmasterdemexico.com\\\/producto\\\/multimetro-para-aplicaciones-industriales-de-respuesta-promedio-fluke-83v\\\/#primaryimage\",\"url\":\"https:\\\/\\\/techmasterdemexico.com\\\/wp-content\\\/uploads\\\/2021\\\/08\\\/1-10.jpg\",\"contentUrl\":\"https:\\\/\\\/techmasterdemexico.com\\\/wp-content\\\/uploads\\\/2021\\\/08\\\/1-10.jpg\",\"width\":500,\"height\":500},{\"@type\":\"BreadcrumbList\",\"@id\":\"https:\\\/\\\/techmasterdemexico.com\\\/producto\\\/multimetro-para-aplicaciones-industriales-de-respuesta-promedio-fluke-83v\\\/#breadcrumb\",\"itemListElement\":[{\"@type\":\"ListItem\",\"position\":1,\"name\":\"Portada\",\"item\":\"https:\\\/\\\/techmasterdemexico.com\\\/\"},{\"@type\":\"ListItem\",\"position\":2,\"name\":\"Mult\u00edmetro para aplicaciones industriales de respuesta promedio Fluke 83V\"}]},{\"@type\":\"WebSite\",\"@id\":\"https:\\\/\\\/techmasterdemexico.com\\\/#website\",\"url\":\"https:\\\/\\\/techmasterdemexico.com\\\/\",\"name\":\"Techmaster de Mexico\",\"description\":\"\",\"potentialAction\":[{\"@type\":\"SearchAction\",\"target\":{\"@type\":\"EntryPoint\",\"urlTemplate\":\"https:\\\/\\\/techmasterdemexico.com\\\/?s={search_term_string}\"},\"query-input\":{\"@type\":\"PropertyValueSpecification\",\"valueRequired\":true,\"valueName\":\"search_term_string\"}}],\"inLanguage\":\"en-US\"}]}<\/script>\n<!-- \/ Yoast SEO plugin. -->","yoast_head_json":{"title":"Mult\u00edmetro para aplicaciones industriales de respuesta promedio Fluke 83V - Techmaster de Mexico","robots":{"index":"index","follow":"follow","max-snippet":"max-snippet:-1","max-image-preview":"max-image-preview:large","max-video-preview":"max-video-preview:-1"},"canonical":"https:\/\/techmasterdemexico.com\/producto\/multimetro-para-aplicaciones-industriales-de-respuesta-promedio-fluke-83v\/","og_locale":"en_US","og_type":"article","og_title":"Mult\u00edmetro para aplicaciones industriales de respuesta promedio Fluke 83V - Techmaster de Mexico","og_description":"Correa con im\u00e1n (opcional) que facilita la medida y su visualizaci\u00f3n en pantalla mientras se tienen las manos libres para realizar otras tareas.   Pantalla de gran tama\u00f1o con retroiluminaci\u00f3n en dos niveles que hace la lectura de los mult\u00edmetros 83V mucho m\u00e1s f\u00e1cil que en modelos m\u00e1s antiguos.   6000 recuentos, 3-3\/4 d\u00edgitos   Mediciones de hasta 1000 V de CA y CC   Medida de hasta 10 A; 20 A por un m\u00e1ximo de 30 segundos   Frecuencia hasta 200 kHz y ciclo de trabajo (en %)   Prueba de resistencia, continuidad y diodos   Rango de capacidad de 10 000 \u00b5F en motores y componentes   Registro de valores m\u00ednimos, m\u00e1ximos y promedio con alarma para captura autom\u00e1tica de variaciones   Modo relativo para compensaci\u00f3n de errores debidos a las puntas de prueba   Selecci\u00f3n autom\u00e1tica y manual de rango   Touch Hold para congelar autom\u00e1ticamente las medidas en pantalla   D\u00edgitos de gran tama\u00f1o y pantalla con retroalimentaci\u00f3n en dos niveles de luz blanca   Barra gr\u00e1fica anal\u00f3gica para visualizaci\u00f3n de cambios r\u00e1pidos en la medida o medidas inestables   Alarma sonora de entrada incorrecta que advierte en caso de conexi\u00f3n err\u00f3nea de las clavijas de entrada   Modo de apagado autom\u00e1tico seleccionable mejorado para alargar la vida \u00fatil de las bater\u00edas   Tapa de acceso al compartimento de las bater\u00edas que permite cambiarlas sin romper el sello de calibraci\u00f3n   Dise\u00f1o \"cl\u00e1sico\" con nueva funda extra\u00edble y compartimento trasero para portar puntas y cables de prueba   Garant\u00eda de por vida   Seguridad el\u00e9ctrica  Todas las entradas se han actualizado a la 3a edici\u00f3n de ANSI\/ISA S82.01 y EN61010-1 CAT IV 600 V y CAT III, 1000 V. Pueden soportar impulsos superiores a 8000 V y reducir los riesgos relacionados con sobrecargas y picos.    Mida la corriente CA (con sonda de corriente opcional)","og_url":"https:\/\/techmasterdemexico.com\/producto\/multimetro-para-aplicaciones-industriales-de-respuesta-promedio-fluke-83v\/","og_site_name":"Techmaster de Mexico","article_modified_time":"2021-12-28T22:23:00+00:00","og_image":[{"width":500,"height":500,"url":"https:\/\/techmasterdemexico.com\/wp-content\/uploads\/2021\/08\/1-10.jpg","type":"image\/jpeg"}],"twitter_card":"summary_large_image","twitter_misc":{"Est. reading time":"1 minute"},"schema":{"@context":"https:\/\/schema.org","@graph":[{"@type":"WebPage","@id":"https:\/\/techmasterdemexico.com\/producto\/multimetro-para-aplicaciones-industriales-de-respuesta-promedio-fluke-83v\/","url":"https:\/\/techmasterdemexico.com\/producto\/multimetro-para-aplicaciones-industriales-de-respuesta-promedio-fluke-83v\/","name":"Mult\u00edmetro para aplicaciones industriales de respuesta promedio Fluke 83V - Techmaster de Mexico","isPartOf":{"@id":"https:\/\/techmasterdemexico.com\/#website"},"primaryImageOfPage":{"@id":"https:\/\/techmasterdemexico.com\/producto\/multimetro-para-aplicaciones-industriales-de-respuesta-promedio-fluke-83v\/#primaryimage"},"image":{"@id":"https:\/\/techmasterdemexico.com\/producto\/multimetro-para-aplicaciones-industriales-de-respuesta-promedio-fluke-83v\/#primaryimage"},"thumbnailUrl":"https:\/\/techmasterdemexico.com\/wp-content\/uploads\/2021\/08\/1-10.jpg","datePublished":"2021-08-19T17:43:10+00:00","dateModified":"2021-12-28T22:23:00+00:00","breadcrumb":{"@id":"https:\/\/techmasterdemexico.com\/producto\/multimetro-para-aplicaciones-industriales-de-respuesta-promedio-fluke-83v\/#breadcrumb"},"inLanguage":"en-US","potentialAction":[{"@type":"ReadAction","target":["https:\/\/techmasterdemexico.com\/producto\/multimetro-para-aplicaciones-industriales-de-respuesta-promedio-fluke-83v\/"]}]},{"@type":"ImageObject","inLanguage":"en-US","@id":"https:\/\/techmasterdemexico.com\/producto\/multimetro-para-aplicaciones-industriales-de-respuesta-promedio-fluke-83v\/#primaryimage","url":"https:\/\/techmasterdemexico.com\/wp-content\/uploads\/2021\/08\/1-10.jpg","contentUrl":"https:\/\/techmasterdemexico.com\/wp-content\/uploads\/2021\/08\/1-10.jpg","width":500,"height":500},{"@type":"BreadcrumbList","@id":"https:\/\/techmasterdemexico.com\/producto\/multimetro-para-aplicaciones-industriales-de-respuesta-promedio-fluke-83v\/#breadcrumb","itemListElement":[{"@type":"ListItem","position":1,"name":"Portada","item":"https:\/\/techmasterdemexico.com\/"},{"@type":"ListItem","position":2,"name":"Mult\u00edmetro para aplicaciones industriales de respuesta promedio Fluke 83V"}]},{"@type":"WebSite","@id":"https:\/\/techmasterdemexico.com\/#website","url":"https:\/\/techmasterdemexico.com\/","name":"Techmaster de Mexico","description":"","potentialAction":[{"@type":"SearchAction","target":{"@type":"EntryPoint","urlTemplate":"https:\/\/techmasterdemexico.com\/?s={search_term_string}"},"query-input":{"@type":"PropertyValueSpecification","valueRequired":true,"valueName":"search_term_string"}}],"inLanguage":"en-US"}]}},"brands":[{"id":31,"name":"Fluke","slug":"fluke"}],"_links":{"self":[{"href":"https:\/\/techmasterdemexico.com\/en\/wp-json\/wp\/v2\/product\/8133","targetHints":{"allow":["GET"]}}],"collection":[{"href":"https:\/\/techmasterdemexico.com\/en\/wp-json\/wp\/v2\/product"}],"about":[{"href":"https:\/\/techmasterdemexico.com\/en\/wp-json\/wp\/v2\/types\/product"}],"wp:featuredmedia":[{"embeddable":true,"href":"https:\/\/techmasterdemexico.com\/en\/wp-json\/wp\/v2\/media\/8729"}],"wp:attachment":[{"href":"https:\/\/techmasterdemexico.com\/en\/wp-json\/wp\/v2\/media?parent=8133"}],"wp:term":[{"taxonomy":"pwb-brand","embeddable":true,"href":"https:\/\/techmasterdemexico.com\/en\/wp-json\/wp\/v2\/pwb-brand?post=8133"},{"taxonomy":"product_brand","embeddable":true,"href":"https:\/\/techmasterdemexico.com\/en\/wp-json\/wp\/v2\/product_brand?post=8133"},{"taxonomy":"product_cat","embeddable":true,"href":"https:\/\/techmasterdemexico.com\/en\/wp-json\/wp\/v2\/product_cat?post=8133"},{"taxonomy":"product_tag","embeddable":true,"href":"https:\/\/techmasterdemexico.com\/en\/wp-json\/wp\/v2\/product_tag?post=8133"}],"curies":[{"name":"wp","href":"https:\/\/api.w.org\/{rel}","templated":true}]}}