{"id":8132,"date":"2021-08-19T17:43:09","date_gmt":"2021-08-19T17:43:09","guid":{"rendered":"http:\/\/techmastermx.ddns.net\/producto\/multimetro-electronico-de-registro-de-datos-de-valor-eficaz-verdadero-fluke-287\/"},"modified":"2021-12-28T22:23:02","modified_gmt":"2021-12-28T22:23:02","slug":"multimetro-electronico-de-registro-de-datos-de-valor-eficaz-verdadero-fluke-287","status":"publish","type":"product","link":"https:\/\/techmasterdemexico.com\/en\/producto\/multimetro-electronico-de-registro-de-datos-de-valor-eficaz-verdadero-fluke-287\/","title":{"rendered":"Mult\u00edmetro electr\u00f3nico de registro de datos de valor eficaz verdadero Fluke 287"},"content":{"rendered":"<p>Mult\u00edmetro electr\u00f3nico de registro de datos de valor eficaz verdadero Fluke 287<\/p>\n<p>Ahora compatible con la app para m\u00f3viles Fluke Connect\u00ae<\/p>\n<p>El mult\u00edmetro electr\u00f3nico de valor eficaz verdadero Fluke 287, con funci\u00f3n de registro de datos TrendCapture documenta r\u00e1pidamente el rendimiento del sistema y muestra gr\u00e1ficamente lo que ha sucedido. Sus capacidades gr\u00e1ficas y de registro le ahorran el tener que descargar lecturas de registro a una PC para detectar una tendencia. El Fluke 287 incluye m\u00e1s exactitud y conveniencia en un mult\u00edmetro manual que ning\u00fan otro equipo anterior.<\/p>\n","protected":false},"excerpt":{"rendered":"<ul>\n<li>NUEVO \u2013 Ahora compatible con la aplicaci\u00f3n m\u00f3vil de Fluke Connect y con todas las herramientas de prueba Fluke FC habilitadas con conector infrarrojo opcional ir3000 FC (se vende por separado).<\/li>\n<li>NUEVO \u2013 Permita que su equipo vea lo que usted ve en un instante con la llamada de video ShareLive\u2122 (requiere la aplicaci\u00f3n m\u00f3vil de Fluke Connect y el conector inal\u00e1mbrico ir3000 FC).<\/li>\n<li>TrendCapture muestra r\u00e1pida y gr\u00e1ficamente la sesi\u00f3n de registros de datos para determinar con rapidez si han ocurrido anomal\u00edas.<\/li>\n<li>La ampliaci\u00f3n de la vista de las tendencias proporciona una capacidad inigualable de visualizaci\u00f3n y an\u00e1lisis de los datos de TrendCapture; ampliaci\u00f3n de hasta 14 veces.<\/li>\n<li>El filtro CA seleccionable (modo de lectura gradual) ayuda a visualizar una lectura m\u00e1s estable cuando la se\u00f1al de entrada cambia r\u00e1pidamente o presenta mucho ruido.<\/li>\n<li>Registro ajustable y umbrales de mantenimiento autom\u00e1tico; especifique un cambio de porcentaje en las lecturas para iniciar un evento nuevo.<\/li>\n<li>Gran pantalla de 1\/4 VGA con 50 000 recuentos y retroiluminaci\u00f3n de luz blanca. Es posible visualizar simult\u00e1neamente varios conjuntos de informaci\u00f3n de medici\u00f3n.<\/li>\n<li>Funci\u00f3n de registro con memoria ampliada para la supervisi\u00f3n desatendida de se\u00f1ales a lo largo del tiempo. Mediante el programa TrendCapture que viene incorporado, los usuarios pueden revisar gr\u00e1ficamente las lecturas registradas sin necesitar una PC. Almacena hasta 15.000 eventos registrados.<\/li>\n<li>Pantallas de ayuda incorporadas para funciones de medici\u00f3n.<\/li>\n<li>Las mediciones guardadas le permiten nombrar y recordar mediciones hechas en terreno.<\/li>\n<li>Interfaz multiling\u00fce.<\/li>\n<li>Posibilidad de varias sesiones de registro sin la necesidad de descargar.<\/li>\n<li>Exactitud b\u00e1sica del 0.025 % al medir CC.<\/li>\n<li>Ancho de banda de 100 kHz CA.<\/li>\n<li>Reloj en tiempo real para el marcado autom\u00e1tico de la hora en las lecturas guardadas.<\/li>\n<li>Valor eficaz verdadero de voltaje y corriente de CA para obtener mediciones exactas en el caso de se\u00f1ales complejas o no lineales. Ancho de banda de CA especificada hasta 100 kHz.<\/li>\n<li>Mediciones de hasta 10 A (20 A en 30 segundos).<\/li>\n<li>Rango de capacitancia de 100 mF.<\/li>\n<li>Funci\u00f3n de temperatura.<\/li>\n<li>Modo relativo que elimina la resistencia del cable de prueba en las mediciones de continuidad o capacitancia.<\/li>\n<li>Captura de picos para registrar transitorios tan r\u00e1pidos como 250 \u00b5s.<\/li>\n<li>Se incluyen las puntas de prueba de primera calidad y las pinzas de caim\u00e1n.<\/li>\n<li>Se incluyen tapas cobertoras de entradas.<\/li>\n<li>El software opcional FlukeView Forms le permite documentar, almacenar y analizar lecturas individuales o conjuntos de mediciones, para luego convertirlas en documentos que parecen profesionales.<\/li>\n<li>Correa con im\u00e1n (opcional) que permite colgar el mult\u00edmetro para facilitar la medida mientras las manos se concentran en el trabajo.<\/li>\n<li>Garant\u00eda limitada de por vida.<\/li>\n<\/ul>\n","protected":false},"featured_media":8742,"template":"","meta":{"_acf_changed":false},"pwb-brand":[31],"product_brand":[],"product_cat":[366,30,138],"product_tag":[],"class_list":{"0":"post-8132","1":"product","2":"type-product","3":"status-publish","4":"has-post-thumbnail","6":"pwb-brand-fluke","7":"product_cat-todos-los-productos","8":"product_cat-fluke","9":"product_cat-multimetros-digitales-fluke","11":"first","12":"instock","13":"taxable","14":"shipping-taxable","15":"product-type-simple"},"acf":[],"yoast_head":"<!-- This site is optimized with the Yoast SEO plugin v27.4 - https:\/\/yoast.com\/product\/yoast-seo-wordpress\/ -->\n<title>Mult\u00edmetro electr\u00f3nico de registro de datos de valor eficaz verdadero Fluke 287 - Techmaster de Mexico<\/title>\n<meta name=\"robots\" content=\"index, follow, max-snippet:-1, max-image-preview:large, max-video-preview:-1\" \/>\n<link rel=\"canonical\" href=\"https:\/\/techmasterdemexico.com\/producto\/multimetro-electronico-de-registro-de-datos-de-valor-eficaz-verdadero-fluke-287\/\" \/>\n<meta property=\"og:locale\" content=\"en_US\" \/>\n<meta property=\"og:type\" content=\"article\" \/>\n<meta property=\"og:title\" content=\"Mult\u00edmetro electr\u00f3nico de registro de datos de valor eficaz verdadero Fluke 287 - Techmaster de Mexico\" \/>\n<meta property=\"og:description\" content=\"NUEVO \u2013 Ahora compatible con la aplicaci\u00f3n m\u00f3vil de Fluke Connect y con todas las herramientas de prueba Fluke FC habilitadas con conector infrarrojo opcional ir3000 FC (se vende por separado).   NUEVO \u2013 Permita que su equipo vea lo que usted ve en un instante con la llamada de video ShareLive\u2122 (requiere la aplicaci\u00f3n m\u00f3vil de Fluke Connect y el conector inal\u00e1mbrico ir3000 FC).   TrendCapture muestra r\u00e1pida y gr\u00e1ficamente la sesi\u00f3n de registros de datos para determinar con rapidez si han ocurrido anomal\u00edas.   La ampliaci\u00f3n de la vista de las tendencias proporciona una capacidad inigualable de visualizaci\u00f3n y an\u00e1lisis de los datos de TrendCapture; ampliaci\u00f3n de hasta 14 veces.   El filtro CA seleccionable (modo de lectura gradual) ayuda a visualizar una lectura m\u00e1s estable cuando la se\u00f1al de entrada cambia r\u00e1pidamente o presenta mucho ruido.   Registro ajustable y umbrales de mantenimiento autom\u00e1tico; especifique un cambio de porcentaje en las lecturas para iniciar un evento nuevo.   Gran pantalla de 1\/4 VGA con 50 000 recuentos y retroiluminaci\u00f3n de luz blanca. Es posible visualizar simult\u00e1neamente varios conjuntos de informaci\u00f3n de medici\u00f3n.   Funci\u00f3n de registro con memoria ampliada para la supervisi\u00f3n desatendida de se\u00f1ales a lo largo del tiempo. Mediante el programa TrendCapture que viene incorporado, los usuarios pueden revisar gr\u00e1ficamente las lecturas registradas sin necesitar una PC. Almacena hasta 15.000 eventos registrados.   Pantallas de ayuda incorporadas para funciones de medici\u00f3n.   Las mediciones guardadas le permiten nombrar y recordar mediciones hechas en terreno.   Interfaz multiling\u00fce.   Posibilidad de varias sesiones de registro sin la necesidad de descargar.   Exactitud b\u00e1sica del 0.025 % al medir CC.   Ancho de banda de 100 kHz CA.   Reloj en tiempo real para el marcado autom\u00e1tico de la hora en las lecturas guardadas.   Valor eficaz verdadero de voltaje y corriente de CA para obtener mediciones exactas en el caso de se\u00f1ales complejas o no lineales. Ancho de banda de CA especificada hasta 100 kHz.   Mediciones de hasta 10 A (20 A en 30 segundos).   Rango de capacitancia de 100 mF.   Funci\u00f3n de temperatura.   Modo relativo que elimina la resistencia del cable de prueba en las mediciones de continuidad o capacitancia.   Captura de picos para registrar transitorios tan r\u00e1pidos como 250 \u00b5s.   Se incluyen las puntas de prueba de primera calidad y las pinzas de caim\u00e1n.   Se incluyen tapas cobertoras de entradas.   El software opcional FlukeView Forms le permite documentar, almacenar y analizar lecturas individuales o conjuntos de mediciones, para luego convertirlas en documentos que parecen profesionales.   Correa con im\u00e1n (opcional) que permite colgar el mult\u00edmetro para facilitar la medida mientras las manos se concentran en el trabajo.   Garant\u00eda limitada de por vida.\" \/>\n<meta property=\"og:url\" content=\"https:\/\/techmasterdemexico.com\/producto\/multimetro-electronico-de-registro-de-datos-de-valor-eficaz-verdadero-fluke-287\/\" \/>\n<meta property=\"og:site_name\" content=\"Techmaster de Mexico\" \/>\n<meta property=\"article:modified_time\" content=\"2021-12-28T22:23:02+00:00\" \/>\n<meta property=\"og:image\" content=\"https:\/\/techmasterdemexico.com\/wp-content\/uploads\/2021\/08\/1-13.jpg\" \/>\n\t<meta property=\"og:image:width\" content=\"500\" \/>\n\t<meta property=\"og:image:height\" content=\"500\" \/>\n\t<meta property=\"og:image:type\" content=\"image\/jpeg\" \/>\n<meta name=\"twitter:card\" content=\"summary_large_image\" \/>\n<script type=\"application\/ld+json\" class=\"yoast-schema-graph\">{\"@context\":\"https:\\\/\\\/schema.org\",\"@graph\":[{\"@type\":\"WebPage\",\"@id\":\"https:\\\/\\\/techmasterdemexico.com\\\/producto\\\/multimetro-electronico-de-registro-de-datos-de-valor-eficaz-verdadero-fluke-287\\\/\",\"url\":\"https:\\\/\\\/techmasterdemexico.com\\\/producto\\\/multimetro-electronico-de-registro-de-datos-de-valor-eficaz-verdadero-fluke-287\\\/\",\"name\":\"Mult\u00edmetro electr\u00f3nico de registro de datos de valor eficaz verdadero Fluke 287 - Techmaster de Mexico\",\"isPartOf\":{\"@id\":\"https:\\\/\\\/techmasterdemexico.com\\\/#website\"},\"primaryImageOfPage\":{\"@id\":\"https:\\\/\\\/techmasterdemexico.com\\\/producto\\\/multimetro-electronico-de-registro-de-datos-de-valor-eficaz-verdadero-fluke-287\\\/#primaryimage\"},\"image\":{\"@id\":\"https:\\\/\\\/techmasterdemexico.com\\\/producto\\\/multimetro-electronico-de-registro-de-datos-de-valor-eficaz-verdadero-fluke-287\\\/#primaryimage\"},\"thumbnailUrl\":\"https:\\\/\\\/techmasterdemexico.com\\\/wp-content\\\/uploads\\\/2021\\\/08\\\/1-13.jpg\",\"datePublished\":\"2021-08-19T17:43:09+00:00\",\"dateModified\":\"2021-12-28T22:23:02+00:00\",\"breadcrumb\":{\"@id\":\"https:\\\/\\\/techmasterdemexico.com\\\/producto\\\/multimetro-electronico-de-registro-de-datos-de-valor-eficaz-verdadero-fluke-287\\\/#breadcrumb\"},\"inLanguage\":\"en-US\",\"potentialAction\":[{\"@type\":\"ReadAction\",\"target\":[\"https:\\\/\\\/techmasterdemexico.com\\\/producto\\\/multimetro-electronico-de-registro-de-datos-de-valor-eficaz-verdadero-fluke-287\\\/\"]}]},{\"@type\":\"ImageObject\",\"inLanguage\":\"en-US\",\"@id\":\"https:\\\/\\\/techmasterdemexico.com\\\/producto\\\/multimetro-electronico-de-registro-de-datos-de-valor-eficaz-verdadero-fluke-287\\\/#primaryimage\",\"url\":\"https:\\\/\\\/techmasterdemexico.com\\\/wp-content\\\/uploads\\\/2021\\\/08\\\/1-13.jpg\",\"contentUrl\":\"https:\\\/\\\/techmasterdemexico.com\\\/wp-content\\\/uploads\\\/2021\\\/08\\\/1-13.jpg\",\"width\":500,\"height\":500},{\"@type\":\"BreadcrumbList\",\"@id\":\"https:\\\/\\\/techmasterdemexico.com\\\/producto\\\/multimetro-electronico-de-registro-de-datos-de-valor-eficaz-verdadero-fluke-287\\\/#breadcrumb\",\"itemListElement\":[{\"@type\":\"ListItem\",\"position\":1,\"name\":\"Portada\",\"item\":\"https:\\\/\\\/techmasterdemexico.com\\\/\"},{\"@type\":\"ListItem\",\"position\":2,\"name\":\"Mult\u00edmetro electr\u00f3nico de registro de datos de valor eficaz verdadero Fluke 287\"}]},{\"@type\":\"WebSite\",\"@id\":\"https:\\\/\\\/techmasterdemexico.com\\\/#website\",\"url\":\"https:\\\/\\\/techmasterdemexico.com\\\/\",\"name\":\"Techmaster de Mexico\",\"description\":\"\",\"potentialAction\":[{\"@type\":\"SearchAction\",\"target\":{\"@type\":\"EntryPoint\",\"urlTemplate\":\"https:\\\/\\\/techmasterdemexico.com\\\/?s={search_term_string}\"},\"query-input\":{\"@type\":\"PropertyValueSpecification\",\"valueRequired\":true,\"valueName\":\"search_term_string\"}}],\"inLanguage\":\"en-US\"}]}<\/script>\n<!-- \/ Yoast SEO plugin. -->","yoast_head_json":{"title":"Mult\u00edmetro electr\u00f3nico de registro de datos de valor eficaz verdadero Fluke 287 - Techmaster de Mexico","robots":{"index":"index","follow":"follow","max-snippet":"max-snippet:-1","max-image-preview":"max-image-preview:large","max-video-preview":"max-video-preview:-1"},"canonical":"https:\/\/techmasterdemexico.com\/producto\/multimetro-electronico-de-registro-de-datos-de-valor-eficaz-verdadero-fluke-287\/","og_locale":"en_US","og_type":"article","og_title":"Mult\u00edmetro electr\u00f3nico de registro de datos de valor eficaz verdadero Fluke 287 - Techmaster de Mexico","og_description":"NUEVO \u2013 Ahora compatible con la aplicaci\u00f3n m\u00f3vil de Fluke Connect y con todas las herramientas de prueba Fluke FC habilitadas con conector infrarrojo opcional ir3000 FC (se vende por separado).   NUEVO \u2013 Permita que su equipo vea lo que usted ve en un instante con la llamada de video ShareLive\u2122 (requiere la aplicaci\u00f3n m\u00f3vil de Fluke Connect y el conector inal\u00e1mbrico ir3000 FC).   TrendCapture muestra r\u00e1pida y gr\u00e1ficamente la sesi\u00f3n de registros de datos para determinar con rapidez si han ocurrido anomal\u00edas.   La ampliaci\u00f3n de la vista de las tendencias proporciona una capacidad inigualable de visualizaci\u00f3n y an\u00e1lisis de los datos de TrendCapture; ampliaci\u00f3n de hasta 14 veces.   El filtro CA seleccionable (modo de lectura gradual) ayuda a visualizar una lectura m\u00e1s estable cuando la se\u00f1al de entrada cambia r\u00e1pidamente o presenta mucho ruido.   Registro ajustable y umbrales de mantenimiento autom\u00e1tico; especifique un cambio de porcentaje en las lecturas para iniciar un evento nuevo.   Gran pantalla de 1\/4 VGA con 50 000 recuentos y retroiluminaci\u00f3n de luz blanca. Es posible visualizar simult\u00e1neamente varios conjuntos de informaci\u00f3n de medici\u00f3n.   Funci\u00f3n de registro con memoria ampliada para la supervisi\u00f3n desatendida de se\u00f1ales a lo largo del tiempo. Mediante el programa TrendCapture que viene incorporado, los usuarios pueden revisar gr\u00e1ficamente las lecturas registradas sin necesitar una PC. Almacena hasta 15.000 eventos registrados.   Pantallas de ayuda incorporadas para funciones de medici\u00f3n.   Las mediciones guardadas le permiten nombrar y recordar mediciones hechas en terreno.   Interfaz multiling\u00fce.   Posibilidad de varias sesiones de registro sin la necesidad de descargar.   Exactitud b\u00e1sica del 0.025 % al medir CC.   Ancho de banda de 100 kHz CA.   Reloj en tiempo real para el marcado autom\u00e1tico de la hora en las lecturas guardadas.   Valor eficaz verdadero de voltaje y corriente de CA para obtener mediciones exactas en el caso de se\u00f1ales complejas o no lineales. Ancho de banda de CA especificada hasta 100 kHz.   Mediciones de hasta 10 A (20 A en 30 segundos).   Rango de capacitancia de 100 mF.   Funci\u00f3n de temperatura.   Modo relativo que elimina la resistencia del cable de prueba en las mediciones de continuidad o capacitancia.   Captura de picos para registrar transitorios tan r\u00e1pidos como 250 \u00b5s.   Se incluyen las puntas de prueba de primera calidad y las pinzas de caim\u00e1n.   Se incluyen tapas cobertoras de entradas.   El software opcional FlukeView Forms le permite documentar, almacenar y analizar lecturas individuales o conjuntos de mediciones, para luego convertirlas en documentos que parecen profesionales.   Correa con im\u00e1n (opcional) que permite colgar el mult\u00edmetro para facilitar la medida mientras las manos se concentran en el trabajo.   Garant\u00eda limitada de por vida.","og_url":"https:\/\/techmasterdemexico.com\/producto\/multimetro-electronico-de-registro-de-datos-de-valor-eficaz-verdadero-fluke-287\/","og_site_name":"Techmaster de Mexico","article_modified_time":"2021-12-28T22:23:02+00:00","og_image":[{"width":500,"height":500,"url":"https:\/\/techmasterdemexico.com\/wp-content\/uploads\/2021\/08\/1-13.jpg","type":"image\/jpeg"}],"twitter_card":"summary_large_image","schema":{"@context":"https:\/\/schema.org","@graph":[{"@type":"WebPage","@id":"https:\/\/techmasterdemexico.com\/producto\/multimetro-electronico-de-registro-de-datos-de-valor-eficaz-verdadero-fluke-287\/","url":"https:\/\/techmasterdemexico.com\/producto\/multimetro-electronico-de-registro-de-datos-de-valor-eficaz-verdadero-fluke-287\/","name":"Mult\u00edmetro electr\u00f3nico de registro de datos de valor eficaz verdadero Fluke 287 - Techmaster de Mexico","isPartOf":{"@id":"https:\/\/techmasterdemexico.com\/#website"},"primaryImageOfPage":{"@id":"https:\/\/techmasterdemexico.com\/producto\/multimetro-electronico-de-registro-de-datos-de-valor-eficaz-verdadero-fluke-287\/#primaryimage"},"image":{"@id":"https:\/\/techmasterdemexico.com\/producto\/multimetro-electronico-de-registro-de-datos-de-valor-eficaz-verdadero-fluke-287\/#primaryimage"},"thumbnailUrl":"https:\/\/techmasterdemexico.com\/wp-content\/uploads\/2021\/08\/1-13.jpg","datePublished":"2021-08-19T17:43:09+00:00","dateModified":"2021-12-28T22:23:02+00:00","breadcrumb":{"@id":"https:\/\/techmasterdemexico.com\/producto\/multimetro-electronico-de-registro-de-datos-de-valor-eficaz-verdadero-fluke-287\/#breadcrumb"},"inLanguage":"en-US","potentialAction":[{"@type":"ReadAction","target":["https:\/\/techmasterdemexico.com\/producto\/multimetro-electronico-de-registro-de-datos-de-valor-eficaz-verdadero-fluke-287\/"]}]},{"@type":"ImageObject","inLanguage":"en-US","@id":"https:\/\/techmasterdemexico.com\/producto\/multimetro-electronico-de-registro-de-datos-de-valor-eficaz-verdadero-fluke-287\/#primaryimage","url":"https:\/\/techmasterdemexico.com\/wp-content\/uploads\/2021\/08\/1-13.jpg","contentUrl":"https:\/\/techmasterdemexico.com\/wp-content\/uploads\/2021\/08\/1-13.jpg","width":500,"height":500},{"@type":"BreadcrumbList","@id":"https:\/\/techmasterdemexico.com\/producto\/multimetro-electronico-de-registro-de-datos-de-valor-eficaz-verdadero-fluke-287\/#breadcrumb","itemListElement":[{"@type":"ListItem","position":1,"name":"Portada","item":"https:\/\/techmasterdemexico.com\/"},{"@type":"ListItem","position":2,"name":"Mult\u00edmetro electr\u00f3nico de registro de datos de valor eficaz verdadero Fluke 287"}]},{"@type":"WebSite","@id":"https:\/\/techmasterdemexico.com\/#website","url":"https:\/\/techmasterdemexico.com\/","name":"Techmaster de Mexico","description":"","potentialAction":[{"@type":"SearchAction","target":{"@type":"EntryPoint","urlTemplate":"https:\/\/techmasterdemexico.com\/?s={search_term_string}"},"query-input":{"@type":"PropertyValueSpecification","valueRequired":true,"valueName":"search_term_string"}}],"inLanguage":"en-US"}]}},"brands":[{"id":31,"name":"Fluke","slug":"fluke"}],"_links":{"self":[{"href":"https:\/\/techmasterdemexico.com\/en\/wp-json\/wp\/v2\/product\/8132","targetHints":{"allow":["GET"]}}],"collection":[{"href":"https:\/\/techmasterdemexico.com\/en\/wp-json\/wp\/v2\/product"}],"about":[{"href":"https:\/\/techmasterdemexico.com\/en\/wp-json\/wp\/v2\/types\/product"}],"wp:featuredmedia":[{"embeddable":true,"href":"https:\/\/techmasterdemexico.com\/en\/wp-json\/wp\/v2\/media\/8742"}],"wp:attachment":[{"href":"https:\/\/techmasterdemexico.com\/en\/wp-json\/wp\/v2\/media?parent=8132"}],"wp:term":[{"taxonomy":"pwb-brand","embeddable":true,"href":"https:\/\/techmasterdemexico.com\/en\/wp-json\/wp\/v2\/pwb-brand?post=8132"},{"taxonomy":"product_brand","embeddable":true,"href":"https:\/\/techmasterdemexico.com\/en\/wp-json\/wp\/v2\/product_brand?post=8132"},{"taxonomy":"product_cat","embeddable":true,"href":"https:\/\/techmasterdemexico.com\/en\/wp-json\/wp\/v2\/product_cat?post=8132"},{"taxonomy":"product_tag","embeddable":true,"href":"https:\/\/techmasterdemexico.com\/en\/wp-json\/wp\/v2\/product_tag?post=8132"}],"curies":[{"name":"wp","href":"https:\/\/api.w.org\/{rel}","templated":true}]}}