{"id":8131,"date":"2021-08-19T17:43:09","date_gmt":"2021-08-19T17:43:09","guid":{"rendered":"http:\/\/techmastermx.ddns.net\/producto\/resistente-multimetro-digital-fluke-28-ii\/"},"modified":"2021-12-28T22:23:01","modified_gmt":"2021-12-28T22:23:01","slug":"resistente-multimetro-digital-fluke-28-ii","status":"publish","type":"product","link":"https:\/\/techmasterdemexico.com\/en\/producto\/resistente-multimetro-digital-fluke-28-ii\/","title":{"rendered":"Resistente mult\u00edmetro digital Fluke 28 II"},"content":{"rendered":"<p>Resistente mult\u00edmetro digital Fluke 28 II<\/p>\n<p>El est\u00e1ndar de resistencia<\/p>\n<p>Los mult\u00edmetros digitales Fluke 28 II definen el patr\u00f3n de funcionamiento en condiciones extremas con las caracter\u00edsticas y la precisi\u00f3n para solucionar la mayor\u00eda de los problemas el\u00e9ctricos. Ambos mult\u00edmetros cuentan con homologaci\u00f3n IP 67 (a prueba de agua y de polvo), homologaci\u00f3n MSHA, un amplio rango de temperatura de funcionamiento de -15 \u00b0C a +55 \u00b0C (5 \u00b0F a 131 \u00b0F; -40 \u00b0C durante 20 minutos) y pueden operar con una humedad relativa del 95 %; asimismo, est\u00e1n dise\u00f1ados y fabricados para soportar una ca\u00edda desde 3 metros (10 pies) de altura. Los mult\u00edmetros de la serie 20 Fluke han sido creados para funcionar en los entornos m\u00e1s exigentes.<\/p>\n","protected":false},"excerpt":{"rendered":"<ul>\n<li>Mediciones de hasta 1000 V de CA y CC<\/li>\n<li>Medida de hasta 10 A (20 A por un m\u00e1ximo de 30 segundos)<\/li>\n<li>Rango de capacidad de 10 000 ?F<\/li>\n<li>Frecuencia hasta 200 kHz<\/li>\n<li>Ancho de banda de voltaje de CA ampliado: 15 Hz a 20 kHz<\/li>\n<li>El term\u00f3metro incorporado le permite tomar lecturas de temperatura sin la necesidad de llevar un instrumento separado.<\/li>\n<li>Prueba de resistencia, continuidad y diodos<\/li>\n<li>Registro de valores m\u00ednimo, m\u00e1ximo y promedio para capturar las variaciones autom\u00e1ticamente<\/li>\n<li>Pico m\u00edn.\/m\u00e1x.<\/li>\n<li>Su innovadora tecnolog\u00eda, que permite realizar medidas precisas de voltaje y frecuencia en variadores de velocidad y otros equipos con gran cantidad de ruido el\u00e9ctrico<\/li>\n<li>Nueva \u2013 Protecci\u00f3n IP 67 contra agua y polvo; completamente estanco para trabajar en entornos adversos<\/li>\n<li>Dise\u00f1ado para soportar una ca\u00edda de 3 metros (con funda)<\/li>\n<li>Modo de pantalla de alta resoluci\u00f3n con 20 000 recuentos<\/li>\n<li>Valor eficaz verdadero de voltaje y corriente de CA para obtener mediciones exactas en el caso de se\u00f1ales no lineales.<\/li>\n<li>Nueva: Retroiluminaci\u00f3n en los botones del teclado para una mayor visibilidad en \u00e1reas poco iluminadas<\/li>\n<li>D\u00edgitos de gran tama\u00f1o y pantalla con retroalimentaci\u00f3n de luz blanca<\/li>\n<li>Funda reversible para brindar mayor protecci\u00f3n al instrumento cuando no se usa<\/li>\n<li>Soporta transitorios de voltaje superiores a los 8.000 V provocadas por conmutaci\u00f3n de cargas y fallos en circuitos industriales, y cumple con la segunda revisi\u00f3n los est\u00e1ndares de seguridad el\u00e9ctrica IEC<\/li>\n<li>Larga duraci\u00f3n de las bater\u00edas (800 horas)<\/li>\n<li>Modo relativo para eliminar la resistencia de los cables de prueba a la hora de realizar medidas de baja resistencia<\/li>\n<li>Selecci\u00f3n autom\u00e1tica y manual de rango<\/li>\n<li>Correa magn\u00e9tica opcional para facilitar la instalaci\u00f3n y visualizaci\u00f3n, a la vez que libera sus manos para otras tareas.<\/li>\n<li>Aprobaci\u00f3n de MSHA<\/li>\n<\/ul>\n","protected":false},"featured_media":8737,"template":"","meta":{"_acf_changed":false},"pwb-brand":[31],"product_brand":[],"product_cat":[366,30,138],"product_tag":[],"class_list":{"0":"post-8131","1":"product","2":"type-product","3":"status-publish","4":"has-post-thumbnail","6":"pwb-brand-fluke","7":"product_cat-todos-los-productos","8":"product_cat-fluke","9":"product_cat-multimetros-digitales-fluke","11":"first","12":"instock","13":"taxable","14":"shipping-taxable","15":"product-type-simple"},"acf":[],"yoast_head":"<!-- This site is optimized with the Yoast SEO plugin v27.3 - https:\/\/yoast.com\/product\/yoast-seo-wordpress\/ -->\n<title>Resistente mult\u00edmetro digital Fluke 28 II - Techmaster de Mexico<\/title>\n<meta name=\"robots\" content=\"index, follow, max-snippet:-1, max-image-preview:large, max-video-preview:-1\" \/>\n<link rel=\"canonical\" href=\"https:\/\/techmasterdemexico.com\/producto\/resistente-multimetro-digital-fluke-28-ii\/\" \/>\n<meta property=\"og:locale\" content=\"en_US\" \/>\n<meta property=\"og:type\" content=\"article\" \/>\n<meta property=\"og:title\" content=\"Resistente mult\u00edmetro digital Fluke 28 II - Techmaster de Mexico\" \/>\n<meta property=\"og:description\" content=\"Mediciones de hasta 1000 V de CA y CC   Medida de hasta 10 A (20 A por un m\u00e1ximo de 30 segundos)   Rango de capacidad de 10 000 ?F   Frecuencia hasta 200 kHz   Ancho de banda de voltaje de CA ampliado: 15 Hz a 20 kHz   El term\u00f3metro incorporado le permite tomar lecturas de temperatura sin la necesidad de llevar un instrumento separado.   Prueba de resistencia, continuidad y diodos   Registro de valores m\u00ednimo, m\u00e1ximo y promedio para capturar las variaciones autom\u00e1ticamente   Pico m\u00edn.\/m\u00e1x.   Su innovadora tecnolog\u00eda, que permite realizar medidas precisas de voltaje y frecuencia en variadores de velocidad y otros equipos con gran cantidad de ruido el\u00e9ctrico   Nueva \u2013 Protecci\u00f3n IP 67 contra agua y polvo; completamente estanco para trabajar en entornos adversos   Dise\u00f1ado para soportar una ca\u00edda de 3 metros (con funda)   Modo de pantalla de alta resoluci\u00f3n con 20 000 recuentos   Valor eficaz verdadero de voltaje y corriente de CA para obtener mediciones exactas en el caso de se\u00f1ales no lineales.   Nueva: Retroiluminaci\u00f3n en los botones del teclado para una mayor visibilidad en \u00e1reas poco iluminadas   D\u00edgitos de gran tama\u00f1o y pantalla con retroalimentaci\u00f3n de luz blanca   Funda reversible para brindar mayor protecci\u00f3n al instrumento cuando no se usa   Soporta transitorios de voltaje superiores a los 8.000 V provocadas por conmutaci\u00f3n de cargas y fallos en circuitos industriales, y cumple con la segunda revisi\u00f3n los est\u00e1ndares de seguridad el\u00e9ctrica IEC   Larga duraci\u00f3n de las bater\u00edas (800 horas)   Modo relativo para eliminar la resistencia de los cables de prueba a la hora de realizar medidas de baja resistencia   Selecci\u00f3n autom\u00e1tica y manual de rango   Correa magn\u00e9tica opcional para facilitar la instalaci\u00f3n y visualizaci\u00f3n, a la vez que libera sus manos para otras tareas.   Aprobaci\u00f3n de MSHA\" \/>\n<meta property=\"og:url\" content=\"https:\/\/techmasterdemexico.com\/producto\/resistente-multimetro-digital-fluke-28-ii\/\" \/>\n<meta property=\"og:site_name\" content=\"Techmaster de Mexico\" \/>\n<meta property=\"article:modified_time\" content=\"2021-12-28T22:23:01+00:00\" \/>\n<meta property=\"og:image\" content=\"https:\/\/techmasterdemexico.com\/wp-content\/uploads\/2021\/08\/1-12.jpg\" \/>\n\t<meta property=\"og:image:width\" content=\"500\" \/>\n\t<meta property=\"og:image:height\" content=\"500\" \/>\n\t<meta property=\"og:image:type\" content=\"image\/jpeg\" \/>\n<meta name=\"twitter:card\" content=\"summary_large_image\" \/>\n<meta name=\"twitter:label1\" content=\"Est. reading time\" \/>\n\t<meta name=\"twitter:data1\" content=\"1 minute\" \/>\n<script type=\"application\/ld+json\" class=\"yoast-schema-graph\">{\"@context\":\"https:\\\/\\\/schema.org\",\"@graph\":[{\"@type\":\"WebPage\",\"@id\":\"https:\\\/\\\/techmasterdemexico.com\\\/producto\\\/resistente-multimetro-digital-fluke-28-ii\\\/\",\"url\":\"https:\\\/\\\/techmasterdemexico.com\\\/producto\\\/resistente-multimetro-digital-fluke-28-ii\\\/\",\"name\":\"Resistente mult\u00edmetro digital Fluke 28 II - Techmaster de Mexico\",\"isPartOf\":{\"@id\":\"https:\\\/\\\/techmasterdemexico.com\\\/#website\"},\"primaryImageOfPage\":{\"@id\":\"https:\\\/\\\/techmasterdemexico.com\\\/producto\\\/resistente-multimetro-digital-fluke-28-ii\\\/#primaryimage\"},\"image\":{\"@id\":\"https:\\\/\\\/techmasterdemexico.com\\\/producto\\\/resistente-multimetro-digital-fluke-28-ii\\\/#primaryimage\"},\"thumbnailUrl\":\"https:\\\/\\\/techmasterdemexico.com\\\/wp-content\\\/uploads\\\/2021\\\/08\\\/1-12.jpg\",\"datePublished\":\"2021-08-19T17:43:09+00:00\",\"dateModified\":\"2021-12-28T22:23:01+00:00\",\"breadcrumb\":{\"@id\":\"https:\\\/\\\/techmasterdemexico.com\\\/producto\\\/resistente-multimetro-digital-fluke-28-ii\\\/#breadcrumb\"},\"inLanguage\":\"en-US\",\"potentialAction\":[{\"@type\":\"ReadAction\",\"target\":[\"https:\\\/\\\/techmasterdemexico.com\\\/producto\\\/resistente-multimetro-digital-fluke-28-ii\\\/\"]}]},{\"@type\":\"ImageObject\",\"inLanguage\":\"en-US\",\"@id\":\"https:\\\/\\\/techmasterdemexico.com\\\/producto\\\/resistente-multimetro-digital-fluke-28-ii\\\/#primaryimage\",\"url\":\"https:\\\/\\\/techmasterdemexico.com\\\/wp-content\\\/uploads\\\/2021\\\/08\\\/1-12.jpg\",\"contentUrl\":\"https:\\\/\\\/techmasterdemexico.com\\\/wp-content\\\/uploads\\\/2021\\\/08\\\/1-12.jpg\",\"width\":500,\"height\":500},{\"@type\":\"BreadcrumbList\",\"@id\":\"https:\\\/\\\/techmasterdemexico.com\\\/producto\\\/resistente-multimetro-digital-fluke-28-ii\\\/#breadcrumb\",\"itemListElement\":[{\"@type\":\"ListItem\",\"position\":1,\"name\":\"Portada\",\"item\":\"https:\\\/\\\/techmasterdemexico.com\\\/\"},{\"@type\":\"ListItem\",\"position\":2,\"name\":\"Resistente mult\u00edmetro digital Fluke 28 II\"}]},{\"@type\":\"WebSite\",\"@id\":\"https:\\\/\\\/techmasterdemexico.com\\\/#website\",\"url\":\"https:\\\/\\\/techmasterdemexico.com\\\/\",\"name\":\"Techmaster de Mexico\",\"description\":\"\",\"potentialAction\":[{\"@type\":\"SearchAction\",\"target\":{\"@type\":\"EntryPoint\",\"urlTemplate\":\"https:\\\/\\\/techmasterdemexico.com\\\/?s={search_term_string}\"},\"query-input\":{\"@type\":\"PropertyValueSpecification\",\"valueRequired\":true,\"valueName\":\"search_term_string\"}}],\"inLanguage\":\"en-US\"}]}<\/script>\n<!-- \/ Yoast SEO plugin. -->","yoast_head_json":{"title":"Resistente mult\u00edmetro digital Fluke 28 II - Techmaster de Mexico","robots":{"index":"index","follow":"follow","max-snippet":"max-snippet:-1","max-image-preview":"max-image-preview:large","max-video-preview":"max-video-preview:-1"},"canonical":"https:\/\/techmasterdemexico.com\/producto\/resistente-multimetro-digital-fluke-28-ii\/","og_locale":"en_US","og_type":"article","og_title":"Resistente mult\u00edmetro digital Fluke 28 II - Techmaster de Mexico","og_description":"Mediciones de hasta 1000 V de CA y CC   Medida de hasta 10 A (20 A por un m\u00e1ximo de 30 segundos)   Rango de capacidad de 10 000 ?F   Frecuencia hasta 200 kHz   Ancho de banda de voltaje de CA ampliado: 15 Hz a 20 kHz   El term\u00f3metro incorporado le permite tomar lecturas de temperatura sin la necesidad de llevar un instrumento separado.   Prueba de resistencia, continuidad y diodos   Registro de valores m\u00ednimo, m\u00e1ximo y promedio para capturar las variaciones autom\u00e1ticamente   Pico m\u00edn.\/m\u00e1x.   Su innovadora tecnolog\u00eda, que permite realizar medidas precisas de voltaje y frecuencia en variadores de velocidad y otros equipos con gran cantidad de ruido el\u00e9ctrico   Nueva \u2013 Protecci\u00f3n IP 67 contra agua y polvo; completamente estanco para trabajar en entornos adversos   Dise\u00f1ado para soportar una ca\u00edda de 3 metros (con funda)   Modo de pantalla de alta resoluci\u00f3n con 20 000 recuentos   Valor eficaz verdadero de voltaje y corriente de CA para obtener mediciones exactas en el caso de se\u00f1ales no lineales.   Nueva: Retroiluminaci\u00f3n en los botones del teclado para una mayor visibilidad en \u00e1reas poco iluminadas   D\u00edgitos de gran tama\u00f1o y pantalla con retroalimentaci\u00f3n de luz blanca   Funda reversible para brindar mayor protecci\u00f3n al instrumento cuando no se usa   Soporta transitorios de voltaje superiores a los 8.000 V provocadas por conmutaci\u00f3n de cargas y fallos en circuitos industriales, y cumple con la segunda revisi\u00f3n los est\u00e1ndares de seguridad el\u00e9ctrica IEC   Larga duraci\u00f3n de las bater\u00edas (800 horas)   Modo relativo para eliminar la resistencia de los cables de prueba a la hora de realizar medidas de baja resistencia   Selecci\u00f3n autom\u00e1tica y manual de rango   Correa magn\u00e9tica opcional para facilitar la instalaci\u00f3n y visualizaci\u00f3n, a la vez que libera sus manos para otras tareas.   Aprobaci\u00f3n de MSHA","og_url":"https:\/\/techmasterdemexico.com\/producto\/resistente-multimetro-digital-fluke-28-ii\/","og_site_name":"Techmaster de Mexico","article_modified_time":"2021-12-28T22:23:01+00:00","og_image":[{"width":500,"height":500,"url":"https:\/\/techmasterdemexico.com\/wp-content\/uploads\/2021\/08\/1-12.jpg","type":"image\/jpeg"}],"twitter_card":"summary_large_image","twitter_misc":{"Est. reading time":"1 minute"},"schema":{"@context":"https:\/\/schema.org","@graph":[{"@type":"WebPage","@id":"https:\/\/techmasterdemexico.com\/producto\/resistente-multimetro-digital-fluke-28-ii\/","url":"https:\/\/techmasterdemexico.com\/producto\/resistente-multimetro-digital-fluke-28-ii\/","name":"Resistente mult\u00edmetro digital Fluke 28 II - Techmaster de Mexico","isPartOf":{"@id":"https:\/\/techmasterdemexico.com\/#website"},"primaryImageOfPage":{"@id":"https:\/\/techmasterdemexico.com\/producto\/resistente-multimetro-digital-fluke-28-ii\/#primaryimage"},"image":{"@id":"https:\/\/techmasterdemexico.com\/producto\/resistente-multimetro-digital-fluke-28-ii\/#primaryimage"},"thumbnailUrl":"https:\/\/techmasterdemexico.com\/wp-content\/uploads\/2021\/08\/1-12.jpg","datePublished":"2021-08-19T17:43:09+00:00","dateModified":"2021-12-28T22:23:01+00:00","breadcrumb":{"@id":"https:\/\/techmasterdemexico.com\/producto\/resistente-multimetro-digital-fluke-28-ii\/#breadcrumb"},"inLanguage":"en-US","potentialAction":[{"@type":"ReadAction","target":["https:\/\/techmasterdemexico.com\/producto\/resistente-multimetro-digital-fluke-28-ii\/"]}]},{"@type":"ImageObject","inLanguage":"en-US","@id":"https:\/\/techmasterdemexico.com\/producto\/resistente-multimetro-digital-fluke-28-ii\/#primaryimage","url":"https:\/\/techmasterdemexico.com\/wp-content\/uploads\/2021\/08\/1-12.jpg","contentUrl":"https:\/\/techmasterdemexico.com\/wp-content\/uploads\/2021\/08\/1-12.jpg","width":500,"height":500},{"@type":"BreadcrumbList","@id":"https:\/\/techmasterdemexico.com\/producto\/resistente-multimetro-digital-fluke-28-ii\/#breadcrumb","itemListElement":[{"@type":"ListItem","position":1,"name":"Portada","item":"https:\/\/techmasterdemexico.com\/"},{"@type":"ListItem","position":2,"name":"Resistente mult\u00edmetro digital Fluke 28 II"}]},{"@type":"WebSite","@id":"https:\/\/techmasterdemexico.com\/#website","url":"https:\/\/techmasterdemexico.com\/","name":"Techmaster de Mexico","description":"","potentialAction":[{"@type":"SearchAction","target":{"@type":"EntryPoint","urlTemplate":"https:\/\/techmasterdemexico.com\/?s={search_term_string}"},"query-input":{"@type":"PropertyValueSpecification","valueRequired":true,"valueName":"search_term_string"}}],"inLanguage":"en-US"}]}},"brands":[{"id":31,"name":"Fluke","slug":"fluke"}],"_links":{"self":[{"href":"https:\/\/techmasterdemexico.com\/en\/wp-json\/wp\/v2\/product\/8131","targetHints":{"allow":["GET"]}}],"collection":[{"href":"https:\/\/techmasterdemexico.com\/en\/wp-json\/wp\/v2\/product"}],"about":[{"href":"https:\/\/techmasterdemexico.com\/en\/wp-json\/wp\/v2\/types\/product"}],"wp:featuredmedia":[{"embeddable":true,"href":"https:\/\/techmasterdemexico.com\/en\/wp-json\/wp\/v2\/media\/8737"}],"wp:attachment":[{"href":"https:\/\/techmasterdemexico.com\/en\/wp-json\/wp\/v2\/media?parent=8131"}],"wp:term":[{"taxonomy":"pwb-brand","embeddable":true,"href":"https:\/\/techmasterdemexico.com\/en\/wp-json\/wp\/v2\/pwb-brand?post=8131"},{"taxonomy":"product_brand","embeddable":true,"href":"https:\/\/techmasterdemexico.com\/en\/wp-json\/wp\/v2\/product_brand?post=8131"},{"taxonomy":"product_cat","embeddable":true,"href":"https:\/\/techmasterdemexico.com\/en\/wp-json\/wp\/v2\/product_cat?post=8131"},{"taxonomy":"product_tag","embeddable":true,"href":"https:\/\/techmasterdemexico.com\/en\/wp-json\/wp\/v2\/product_tag?post=8131"}],"curies":[{"name":"wp","href":"https:\/\/api.w.org\/{rel}","templated":true}]}}