{"id":8130,"date":"2021-08-19T17:43:08","date_gmt":"2021-08-19T17:43:08","guid":{"rendered":"http:\/\/techmastermx.ddns.net\/producto\/multimetro-industrial-de-registro-de-datos-de-valor-eficaz-verdadero-fluke-289\/"},"modified":"2021-12-28T22:23:03","modified_gmt":"2021-12-28T22:23:03","slug":"multimetro-industrial-de-registro-de-datos-de-valor-eficaz-verdadero-fluke-289","status":"publish","type":"product","link":"https:\/\/techmasterdemexico.com\/en\/producto\/multimetro-industrial-de-registro-de-datos-de-valor-eficaz-verdadero-fluke-289\/","title":{"rendered":"Mult\u00edmetro industrial de registro de datos de valor eficaz verdadero Fluke 289"},"content":{"rendered":"<p>Mult\u00edmetro industrial de registro de datos de valor eficaz verdadero Fluke 289<\/p>\n<p>Ahora compatible con la app para m\u00f3viles Fluke Connect\u00ae<\/p>\n<p>El 289 representa la pr\u00f3xima generaci\u00f3n en mult\u00edmetros industriales de registro de alto rendimiento dise\u00f1ado para resolver problemas complejos en equipos electr\u00f3nicos, de automatizaci\u00f3n de plantas, de distribuci\u00f3n el\u00e9ctrica y electromec\u00e1nicos. Con la capacidad de registrar datos y revisarlos gr\u00e1ficamente en la pantalla, podr\u00e1 resolver problemas con mayor rapidez y podr\u00e1 ayudar a minimizar el tiempo de inactividad. Deje que el 289 sea el guardi\u00e1n de sus sistemas o procesos mientras usted realiza otras tareas. Ahora se puede comunicar de forma inal\u00e1mbrica con sus dispositivos iOS y Android con la app para m\u00f3viles Fluke Connect y el conector inal\u00e1mbrico ir3000 FC (se vende por separado).<\/p>\n","protected":false},"excerpt":{"rendered":"<ul>\n<li>NUEVO \u2013 Ahora compatible con la aplicaci\u00f3n m\u00f3vil de Fluke Connect y con todas las herramientas de prueba Fluke FC habilitadas con conector infrarrojo opcional ir3000 FC (se vende por separado).<\/li>\n<li>NUEVO \u2013 Permita que su equipo vea lo que usted ve en un instante con la llamada de video ShareLive\u2122 (requiere la aplicaci\u00f3n m\u00f3vil de Fluke Connect y el conector inal\u00e1mbrico ir3000 FC).<\/li>\n<li>TrendCapture muestra de manera gr\u00e1fica la sesi\u00f3n de registros de datos para determinar con rapidez si han ocurrido anomal\u00edas.<\/li>\n<li>La ampliaci\u00f3n de la vista de las tendencias proporciona una capacidad inigualable de visualizaci\u00f3n y an\u00e1lisis de los datos de TrendCapture; ampliaci\u00f3n de hasta 14 veces.<\/li>\n<li>El filtro CA seleccionable (modo de lectura gradual) ayuda a visualizar una lectura m\u00e1s estable cuando la se\u00f1al de entrada cambia r\u00e1pidamente o presenta mucho ruido.<\/li>\n<li>Registro ajustable y umbrales de mantenimiento autom\u00e1tico; especifique un cambio de porcentaje en las lecturas para iniciar un evento nuevo.<\/li>\n<li>Gran pantalla de matriz de puntos 1\/4 VGA con 50 000 unidades y retroiluminaci\u00f3n de luz blanca.<\/li>\n<li>Funci\u00f3n de registro con memoria ampliada para la supervisi\u00f3n desatendida de se\u00f1ales a lo largo del tiempo. Mediante el programa TrendCapture que viene incorporado, los usuarios pueden revisar gr\u00e1ficamente las lecturas registradas sin necesitar una PC. Almacena hasta 15.000 eventos registrados.<\/li>\n<li>Guarda varias sesiones de registro antes de que sea necesario descargarlas a una computadora.<\/li>\n<li>Rango de 50 ohmios en dos terminales con una resoluci\u00f3n de 1 milliohmio y una generaci\u00f3n de corriente de 10 mA. Esto resulta \u00fatil para medir y comparar diferencias en la resistencia del devanado del motor o en la resistencia de los contactos.<\/li>\n<li>Filtro de paso bajo para mediciones exactas de voltaje y frecuencia al mismo tiempo, en accionadores de motor de velocidad ajustable y otros equipos el\u00e9ctricamente aparatosos.<\/li>\n<li>Voltios LoZ (de baja impedancia). Funci\u00f3n de voltaje de baja impedancia para eliminar voltajes fantasmas. Tambi\u00e9n se recomienda al probar la ausencia o presencia de potencia activa.<\/li>\n<li>Pantallas de ayuda incorporadas para funciones de medici\u00f3n. Si no est\u00e1 seguro con respecto a una funci\u00f3n, vaya a dicha funci\u00f3n y pulse el bot\u00f3n \u201ci\u201d.<\/li>\n<li>Reloj en tiempo real para el marcado autom\u00e1tico de la hora en las lecturas guardadas.<\/li>\n<li>Modo relativo que elimina la resistencia del cable de prueba en las mediciones de continuidad o capacitancia.<\/li>\n<li>Corriente y voltaje de AC con valor eficaz verdadero para obtener mediciones exactas en se\u00f1ales no lineales.<\/li>\n<li>Mediciones de hasta 10 A (20 A en 30 segundos).<\/li>\n<li>Rango de capacitancia de 100 mF.<\/li>\n<li>Captura de picos para registrar transitorios tan r\u00e1pidos como 250 \u00b5s.<\/li>\n<li>Se incluyen las puntas de prueba de primera calidad y las pinzas de caim\u00e1n.<\/li>\n<li>Se incluyen tapas cobertoras de entradas.<\/li>\n<li>Correa magn\u00e9tica opcional para facilitar la instalaci\u00f3n y visualizaci\u00f3n, a la vez que libera sus manos para otras tareas.<\/li>\n<li>El software opcional FlukeView Forms le permite documentar, almacenar y analizar lecturas individuales o conjuntos de mediciones, para luego convertirlas en documentos que parecen profesionales.<\/li>\n<li>Garant\u00eda limitada de por vida.<\/li>\n<\/ul>\n","protected":false},"featured_media":8751,"template":"","meta":{"_acf_changed":false},"pwb-brand":[31],"product_brand":[],"product_cat":[366,30,138],"product_tag":[],"class_list":{"0":"post-8130","1":"product","2":"type-product","3":"status-publish","4":"has-post-thumbnail","6":"pwb-brand-fluke","7":"product_cat-todos-los-productos","8":"product_cat-fluke","9":"product_cat-multimetros-digitales-fluke","11":"first","12":"instock","13":"taxable","14":"shipping-taxable","15":"product-type-simple"},"acf":[],"yoast_head":"<!-- This site is optimized with the Yoast SEO plugin v27.4 - https:\/\/yoast.com\/product\/yoast-seo-wordpress\/ -->\n<title>Mult\u00edmetro industrial de registro de datos de valor eficaz verdadero Fluke 289 - Techmaster de Mexico<\/title>\n<meta name=\"robots\" content=\"index, follow, max-snippet:-1, max-image-preview:large, max-video-preview:-1\" \/>\n<link rel=\"canonical\" href=\"https:\/\/techmasterdemexico.com\/producto\/multimetro-industrial-de-registro-de-datos-de-valor-eficaz-verdadero-fluke-289\/\" \/>\n<meta property=\"og:locale\" content=\"en_US\" \/>\n<meta property=\"og:type\" content=\"article\" \/>\n<meta property=\"og:title\" content=\"Mult\u00edmetro industrial de registro de datos de valor eficaz verdadero Fluke 289 - Techmaster de Mexico\" \/>\n<meta property=\"og:description\" content=\"NUEVO \u2013 Ahora compatible con la aplicaci\u00f3n m\u00f3vil de Fluke Connect y con todas las herramientas de prueba Fluke FC habilitadas con conector infrarrojo opcional ir3000 FC (se vende por separado).   NUEVO \u2013 Permita que su equipo vea lo que usted ve en un instante con la llamada de video ShareLive\u2122 (requiere la aplicaci\u00f3n m\u00f3vil de Fluke Connect y el conector inal\u00e1mbrico ir3000 FC).   TrendCapture muestra de manera gr\u00e1fica la sesi\u00f3n de registros de datos para determinar con rapidez si han ocurrido anomal\u00edas.   La ampliaci\u00f3n de la vista de las tendencias proporciona una capacidad inigualable de visualizaci\u00f3n y an\u00e1lisis de los datos de TrendCapture; ampliaci\u00f3n de hasta 14 veces.   El filtro CA seleccionable (modo de lectura gradual) ayuda a visualizar una lectura m\u00e1s estable cuando la se\u00f1al de entrada cambia r\u00e1pidamente o presenta mucho ruido.   Registro ajustable y umbrales de mantenimiento autom\u00e1tico; especifique un cambio de porcentaje en las lecturas para iniciar un evento nuevo.   Gran pantalla de matriz de puntos 1\/4 VGA con 50 000 unidades y retroiluminaci\u00f3n de luz blanca.   Funci\u00f3n de registro con memoria ampliada para la supervisi\u00f3n desatendida de se\u00f1ales a lo largo del tiempo. Mediante el programa TrendCapture que viene incorporado, los usuarios pueden revisar gr\u00e1ficamente las lecturas registradas sin necesitar una PC. Almacena hasta 15.000 eventos registrados.   Guarda varias sesiones de registro antes de que sea necesario descargarlas a una computadora.   Rango de 50 ohmios en dos terminales con una resoluci\u00f3n de 1 milliohmio y una generaci\u00f3n de corriente de 10 mA. Esto resulta \u00fatil para medir y comparar diferencias en la resistencia del devanado del motor o en la resistencia de los contactos.   Filtro de paso bajo para mediciones exactas de voltaje y frecuencia al mismo tiempo, en accionadores de motor de velocidad ajustable y otros equipos el\u00e9ctricamente aparatosos.   Voltios LoZ (de baja impedancia). Funci\u00f3n de voltaje de baja impedancia para eliminar voltajes fantasmas. Tambi\u00e9n se recomienda al probar la ausencia o presencia de potencia activa.   Pantallas de ayuda incorporadas para funciones de medici\u00f3n. Si no est\u00e1 seguro con respecto a una funci\u00f3n, vaya a dicha funci\u00f3n y pulse el bot\u00f3n \u201ci\u201d.   Reloj en tiempo real para el marcado autom\u00e1tico de la hora en las lecturas guardadas.   Modo relativo que elimina la resistencia del cable de prueba en las mediciones de continuidad o capacitancia.   Corriente y voltaje de AC con valor eficaz verdadero para obtener mediciones exactas en se\u00f1ales no lineales.   Mediciones de hasta 10 A (20 A en 30 segundos).   Rango de capacitancia de 100 mF.   Captura de picos para registrar transitorios tan r\u00e1pidos como 250 \u00b5s.   Se incluyen las puntas de prueba de primera calidad y las pinzas de caim\u00e1n.   Se incluyen tapas cobertoras de entradas.   Correa magn\u00e9tica opcional para facilitar la instalaci\u00f3n y visualizaci\u00f3n, a la vez que libera sus manos para otras tareas.   El software opcional FlukeView Forms le permite documentar, almacenar y analizar lecturas individuales o conjuntos de mediciones, para luego convertirlas en documentos que parecen profesionales.   Garant\u00eda limitada de por vida.\" \/>\n<meta property=\"og:url\" content=\"https:\/\/techmasterdemexico.com\/producto\/multimetro-industrial-de-registro-de-datos-de-valor-eficaz-verdadero-fluke-289\/\" \/>\n<meta property=\"og:site_name\" content=\"Techmaster de Mexico\" \/>\n<meta property=\"article:modified_time\" content=\"2021-12-28T22:23:03+00:00\" \/>\n<meta property=\"og:image\" content=\"https:\/\/techmasterdemexico.com\/wp-content\/uploads\/2021\/08\/2-13.jpg\" \/>\n\t<meta property=\"og:image:width\" content=\"500\" \/>\n\t<meta property=\"og:image:height\" content=\"500\" \/>\n\t<meta property=\"og:image:type\" content=\"image\/jpeg\" \/>\n<meta name=\"twitter:card\" content=\"summary_large_image\" \/>\n<meta name=\"twitter:label1\" content=\"Est. reading time\" \/>\n\t<meta name=\"twitter:data1\" content=\"1 minute\" \/>\n<script type=\"application\/ld+json\" class=\"yoast-schema-graph\">{\"@context\":\"https:\\\/\\\/schema.org\",\"@graph\":[{\"@type\":\"WebPage\",\"@id\":\"https:\\\/\\\/techmasterdemexico.com\\\/producto\\\/multimetro-industrial-de-registro-de-datos-de-valor-eficaz-verdadero-fluke-289\\\/\",\"url\":\"https:\\\/\\\/techmasterdemexico.com\\\/producto\\\/multimetro-industrial-de-registro-de-datos-de-valor-eficaz-verdadero-fluke-289\\\/\",\"name\":\"Mult\u00edmetro industrial de registro de datos de valor eficaz verdadero Fluke 289 - Techmaster de Mexico\",\"isPartOf\":{\"@id\":\"https:\\\/\\\/techmasterdemexico.com\\\/#website\"},\"primaryImageOfPage\":{\"@id\":\"https:\\\/\\\/techmasterdemexico.com\\\/producto\\\/multimetro-industrial-de-registro-de-datos-de-valor-eficaz-verdadero-fluke-289\\\/#primaryimage\"},\"image\":{\"@id\":\"https:\\\/\\\/techmasterdemexico.com\\\/producto\\\/multimetro-industrial-de-registro-de-datos-de-valor-eficaz-verdadero-fluke-289\\\/#primaryimage\"},\"thumbnailUrl\":\"https:\\\/\\\/techmasterdemexico.com\\\/wp-content\\\/uploads\\\/2021\\\/08\\\/2-13.jpg\",\"datePublished\":\"2021-08-19T17:43:08+00:00\",\"dateModified\":\"2021-12-28T22:23:03+00:00\",\"breadcrumb\":{\"@id\":\"https:\\\/\\\/techmasterdemexico.com\\\/producto\\\/multimetro-industrial-de-registro-de-datos-de-valor-eficaz-verdadero-fluke-289\\\/#breadcrumb\"},\"inLanguage\":\"en-US\",\"potentialAction\":[{\"@type\":\"ReadAction\",\"target\":[\"https:\\\/\\\/techmasterdemexico.com\\\/producto\\\/multimetro-industrial-de-registro-de-datos-de-valor-eficaz-verdadero-fluke-289\\\/\"]}]},{\"@type\":\"ImageObject\",\"inLanguage\":\"en-US\",\"@id\":\"https:\\\/\\\/techmasterdemexico.com\\\/producto\\\/multimetro-industrial-de-registro-de-datos-de-valor-eficaz-verdadero-fluke-289\\\/#primaryimage\",\"url\":\"https:\\\/\\\/techmasterdemexico.com\\\/wp-content\\\/uploads\\\/2021\\\/08\\\/2-13.jpg\",\"contentUrl\":\"https:\\\/\\\/techmasterdemexico.com\\\/wp-content\\\/uploads\\\/2021\\\/08\\\/2-13.jpg\",\"width\":500,\"height\":500},{\"@type\":\"BreadcrumbList\",\"@id\":\"https:\\\/\\\/techmasterdemexico.com\\\/producto\\\/multimetro-industrial-de-registro-de-datos-de-valor-eficaz-verdadero-fluke-289\\\/#breadcrumb\",\"itemListElement\":[{\"@type\":\"ListItem\",\"position\":1,\"name\":\"Portada\",\"item\":\"https:\\\/\\\/techmasterdemexico.com\\\/\"},{\"@type\":\"ListItem\",\"position\":2,\"name\":\"Mult\u00edmetro industrial de registro de datos de valor eficaz verdadero Fluke 289\"}]},{\"@type\":\"WebSite\",\"@id\":\"https:\\\/\\\/techmasterdemexico.com\\\/#website\",\"url\":\"https:\\\/\\\/techmasterdemexico.com\\\/\",\"name\":\"Techmaster de Mexico\",\"description\":\"\",\"potentialAction\":[{\"@type\":\"SearchAction\",\"target\":{\"@type\":\"EntryPoint\",\"urlTemplate\":\"https:\\\/\\\/techmasterdemexico.com\\\/?s={search_term_string}\"},\"query-input\":{\"@type\":\"PropertyValueSpecification\",\"valueRequired\":true,\"valueName\":\"search_term_string\"}}],\"inLanguage\":\"en-US\"}]}<\/script>\n<!-- \/ Yoast SEO plugin. -->","yoast_head_json":{"title":"Mult\u00edmetro industrial de registro de datos de valor eficaz verdadero Fluke 289 - Techmaster de Mexico","robots":{"index":"index","follow":"follow","max-snippet":"max-snippet:-1","max-image-preview":"max-image-preview:large","max-video-preview":"max-video-preview:-1"},"canonical":"https:\/\/techmasterdemexico.com\/producto\/multimetro-industrial-de-registro-de-datos-de-valor-eficaz-verdadero-fluke-289\/","og_locale":"en_US","og_type":"article","og_title":"Mult\u00edmetro industrial de registro de datos de valor eficaz verdadero Fluke 289 - Techmaster de Mexico","og_description":"NUEVO \u2013 Ahora compatible con la aplicaci\u00f3n m\u00f3vil de Fluke Connect y con todas las herramientas de prueba Fluke FC habilitadas con conector infrarrojo opcional ir3000 FC (se vende por separado).   NUEVO \u2013 Permita que su equipo vea lo que usted ve en un instante con la llamada de video ShareLive\u2122 (requiere la aplicaci\u00f3n m\u00f3vil de Fluke Connect y el conector inal\u00e1mbrico ir3000 FC).   TrendCapture muestra de manera gr\u00e1fica la sesi\u00f3n de registros de datos para determinar con rapidez si han ocurrido anomal\u00edas.   La ampliaci\u00f3n de la vista de las tendencias proporciona una capacidad inigualable de visualizaci\u00f3n y an\u00e1lisis de los datos de TrendCapture; ampliaci\u00f3n de hasta 14 veces.   El filtro CA seleccionable (modo de lectura gradual) ayuda a visualizar una lectura m\u00e1s estable cuando la se\u00f1al de entrada cambia r\u00e1pidamente o presenta mucho ruido.   Registro ajustable y umbrales de mantenimiento autom\u00e1tico; especifique un cambio de porcentaje en las lecturas para iniciar un evento nuevo.   Gran pantalla de matriz de puntos 1\/4 VGA con 50 000 unidades y retroiluminaci\u00f3n de luz blanca.   Funci\u00f3n de registro con memoria ampliada para la supervisi\u00f3n desatendida de se\u00f1ales a lo largo del tiempo. Mediante el programa TrendCapture que viene incorporado, los usuarios pueden revisar gr\u00e1ficamente las lecturas registradas sin necesitar una PC. Almacena hasta 15.000 eventos registrados.   Guarda varias sesiones de registro antes de que sea necesario descargarlas a una computadora.   Rango de 50 ohmios en dos terminales con una resoluci\u00f3n de 1 milliohmio y una generaci\u00f3n de corriente de 10 mA. Esto resulta \u00fatil para medir y comparar diferencias en la resistencia del devanado del motor o en la resistencia de los contactos.   Filtro de paso bajo para mediciones exactas de voltaje y frecuencia al mismo tiempo, en accionadores de motor de velocidad ajustable y otros equipos el\u00e9ctricamente aparatosos.   Voltios LoZ (de baja impedancia). Funci\u00f3n de voltaje de baja impedancia para eliminar voltajes fantasmas. Tambi\u00e9n se recomienda al probar la ausencia o presencia de potencia activa.   Pantallas de ayuda incorporadas para funciones de medici\u00f3n. Si no est\u00e1 seguro con respecto a una funci\u00f3n, vaya a dicha funci\u00f3n y pulse el bot\u00f3n \u201ci\u201d.   Reloj en tiempo real para el marcado autom\u00e1tico de la hora en las lecturas guardadas.   Modo relativo que elimina la resistencia del cable de prueba en las mediciones de continuidad o capacitancia.   Corriente y voltaje de AC con valor eficaz verdadero para obtener mediciones exactas en se\u00f1ales no lineales.   Mediciones de hasta 10 A (20 A en 30 segundos).   Rango de capacitancia de 100 mF.   Captura de picos para registrar transitorios tan r\u00e1pidos como 250 \u00b5s.   Se incluyen las puntas de prueba de primera calidad y las pinzas de caim\u00e1n.   Se incluyen tapas cobertoras de entradas.   Correa magn\u00e9tica opcional para facilitar la instalaci\u00f3n y visualizaci\u00f3n, a la vez que libera sus manos para otras tareas.   El software opcional FlukeView Forms le permite documentar, almacenar y analizar lecturas individuales o conjuntos de mediciones, para luego convertirlas en documentos que parecen profesionales.   Garant\u00eda limitada de por vida.","og_url":"https:\/\/techmasterdemexico.com\/producto\/multimetro-industrial-de-registro-de-datos-de-valor-eficaz-verdadero-fluke-289\/","og_site_name":"Techmaster de Mexico","article_modified_time":"2021-12-28T22:23:03+00:00","og_image":[{"width":500,"height":500,"url":"https:\/\/techmasterdemexico.com\/wp-content\/uploads\/2021\/08\/2-13.jpg","type":"image\/jpeg"}],"twitter_card":"summary_large_image","twitter_misc":{"Est. reading time":"1 minute"},"schema":{"@context":"https:\/\/schema.org","@graph":[{"@type":"WebPage","@id":"https:\/\/techmasterdemexico.com\/producto\/multimetro-industrial-de-registro-de-datos-de-valor-eficaz-verdadero-fluke-289\/","url":"https:\/\/techmasterdemexico.com\/producto\/multimetro-industrial-de-registro-de-datos-de-valor-eficaz-verdadero-fluke-289\/","name":"Mult\u00edmetro industrial de registro de datos de valor eficaz verdadero Fluke 289 - Techmaster de Mexico","isPartOf":{"@id":"https:\/\/techmasterdemexico.com\/#website"},"primaryImageOfPage":{"@id":"https:\/\/techmasterdemexico.com\/producto\/multimetro-industrial-de-registro-de-datos-de-valor-eficaz-verdadero-fluke-289\/#primaryimage"},"image":{"@id":"https:\/\/techmasterdemexico.com\/producto\/multimetro-industrial-de-registro-de-datos-de-valor-eficaz-verdadero-fluke-289\/#primaryimage"},"thumbnailUrl":"https:\/\/techmasterdemexico.com\/wp-content\/uploads\/2021\/08\/2-13.jpg","datePublished":"2021-08-19T17:43:08+00:00","dateModified":"2021-12-28T22:23:03+00:00","breadcrumb":{"@id":"https:\/\/techmasterdemexico.com\/producto\/multimetro-industrial-de-registro-de-datos-de-valor-eficaz-verdadero-fluke-289\/#breadcrumb"},"inLanguage":"en-US","potentialAction":[{"@type":"ReadAction","target":["https:\/\/techmasterdemexico.com\/producto\/multimetro-industrial-de-registro-de-datos-de-valor-eficaz-verdadero-fluke-289\/"]}]},{"@type":"ImageObject","inLanguage":"en-US","@id":"https:\/\/techmasterdemexico.com\/producto\/multimetro-industrial-de-registro-de-datos-de-valor-eficaz-verdadero-fluke-289\/#primaryimage","url":"https:\/\/techmasterdemexico.com\/wp-content\/uploads\/2021\/08\/2-13.jpg","contentUrl":"https:\/\/techmasterdemexico.com\/wp-content\/uploads\/2021\/08\/2-13.jpg","width":500,"height":500},{"@type":"BreadcrumbList","@id":"https:\/\/techmasterdemexico.com\/producto\/multimetro-industrial-de-registro-de-datos-de-valor-eficaz-verdadero-fluke-289\/#breadcrumb","itemListElement":[{"@type":"ListItem","position":1,"name":"Portada","item":"https:\/\/techmasterdemexico.com\/"},{"@type":"ListItem","position":2,"name":"Mult\u00edmetro industrial de registro de datos de valor eficaz verdadero Fluke 289"}]},{"@type":"WebSite","@id":"https:\/\/techmasterdemexico.com\/#website","url":"https:\/\/techmasterdemexico.com\/","name":"Techmaster de Mexico","description":"","potentialAction":[{"@type":"SearchAction","target":{"@type":"EntryPoint","urlTemplate":"https:\/\/techmasterdemexico.com\/?s={search_term_string}"},"query-input":{"@type":"PropertyValueSpecification","valueRequired":true,"valueName":"search_term_string"}}],"inLanguage":"en-US"}]}},"brands":[{"id":31,"name":"Fluke","slug":"fluke"}],"_links":{"self":[{"href":"https:\/\/techmasterdemexico.com\/en\/wp-json\/wp\/v2\/product\/8130","targetHints":{"allow":["GET"]}}],"collection":[{"href":"https:\/\/techmasterdemexico.com\/en\/wp-json\/wp\/v2\/product"}],"about":[{"href":"https:\/\/techmasterdemexico.com\/en\/wp-json\/wp\/v2\/types\/product"}],"wp:featuredmedia":[{"embeddable":true,"href":"https:\/\/techmasterdemexico.com\/en\/wp-json\/wp\/v2\/media\/8751"}],"wp:attachment":[{"href":"https:\/\/techmasterdemexico.com\/en\/wp-json\/wp\/v2\/media?parent=8130"}],"wp:term":[{"taxonomy":"pwb-brand","embeddable":true,"href":"https:\/\/techmasterdemexico.com\/en\/wp-json\/wp\/v2\/pwb-brand?post=8130"},{"taxonomy":"product_brand","embeddable":true,"href":"https:\/\/techmasterdemexico.com\/en\/wp-json\/wp\/v2\/product_brand?post=8130"},{"taxonomy":"product_cat","embeddable":true,"href":"https:\/\/techmasterdemexico.com\/en\/wp-json\/wp\/v2\/product_cat?post=8130"},{"taxonomy":"product_tag","embeddable":true,"href":"https:\/\/techmasterdemexico.com\/en\/wp-json\/wp\/v2\/product_tag?post=8130"}],"curies":[{"name":"wp","href":"https:\/\/api.w.org\/{rel}","templated":true}]}}