{"id":8128,"date":"2021-08-19T17:43:07","date_gmt":"2021-08-20T00:43:07","guid":{"rendered":"http:\/\/techmastermx.ddns.net\/producto\/multimetro-termografico-fluke-279-fc-trms\/"},"modified":"2025-06-26T12:37:54","modified_gmt":"2025-06-26T19:37:54","slug":"multimetro-termografico-fluke-279-fc-trms","status":"publish","type":"product","link":"https:\/\/techmasterdemexico.com\/en\/producto\/multimetro-termografico-fluke-279-fc-trms\/","title":{"rendered":"Mult\u00edmetro termogr\u00e1fico Fluke 279 FC TRMS"},"content":{"rendered":"<p>Mult\u00edmetro termogr\u00e1fico Fluke 279 FC TRMS<\/p>\n<p>V\u00e9alo. Gu\u00e1rdelo. Comp\u00e1rtalo.<\/p>\n<p>El mult\u00edmetro termogr\u00e1fico de valor eficaz verdadero Fluke 279 FC ayuda a encontrar, reparar, validad e informar muchos problemas el\u00e9ctricos r\u00e1pidamente, a fin de asegurarse de que los problemas se solucionen.<\/p>\n<p>Localizar el problema inmediatamente<\/p>\n<p>Los mult\u00edmetros con im\u00e1genes termogr\u00e1ficas son una herramienta de primer nivel para la soluci\u00f3n de problemas en equipos el\u00e9ctricos, que es capaz de verificar los puntos calientes de los equipos y transformadores de alta tensi\u00f3n, adem\u00e1s de detectar el calentamiento de fusibles, cables, aisladores, conectores, empalmes y conmutadores. El an\u00e1lisis con la c\u00e1mara termogr\u00e1fica del mult\u00edmetro 279 FC revela muchos problemas el\u00e9ctricos r\u00e1pidamente desde una distancia segura. Con la combinaci\u00f3n de dos herramientas en una, el mult\u00edmetro termogr\u00e1fico aligera la carga y aumenta la productividad.<\/p>\n<p>Funcionalidad ampliada<\/p>\n<p>Es compatible con iFlex\u00ae (una pinza de corriente flexible) para ampliar las capacidades de medici\u00f3n y poder alcanzar lugares reducidos o de dif\u00edcil acceso para realizar mediciones de corriente (hasta 2500 A de CA). La amplia pantalla LCD a todo color hace m\u00e1s f\u00e1cil y clara la visualizaci\u00f3n de im\u00e1genes y lecturas. La bater\u00eda recargable con duraci\u00f3n de m\u00e1s de 10 horas permite trabajar todo el d\u00eda en condiciones normales.<\/p>\n<p>Comunicar los resultados<\/p>\n<p>Con Fluke Connect\u00ae integrado, es posible transmitir los resultados de manera inal\u00e1mbrica a un smartphone y ahorrar tiempo en la creaci\u00f3n de informes para validar que se ha completado el trabajo. Solucione problemas con mayor eficacia mediante el seguimiento y la determinaci\u00f3n de tendencias de las mediciones en directo en la pantalla del smartphone. Crear y enviar informes por correo electr\u00f3nico directamente desde el terreno.<\/p>\n","protected":false},"excerpt":{"rendered":"<p>Caracter\u00edsticas<\/p>\n<ul>\n<li>Mult\u00edmetro completo con c\u00e1mara termogr\u00e1fica integrada<\/li>\n<li>15 funciones de medici\u00f3n, incluidas: tensi\u00f3n de CA con filtro de paso bajo, tensi\u00f3n de CC, resistencia, continuidad, capacitancia, prueba de diodos, m\u00edn.\/m\u00e1x.\/prom., corriente alterna (con iFlex), frecuencia<\/li>\n<li>Las im\u00e1genes termogr\u00e1ficas revelan muchos problemas el\u00e9ctricos de manera r\u00e1pida y segura, lo que elimina la necesidad de realizar pruebas y validaciones que requieren mucho tiempo<\/li>\n<li>Esta herramienta dos en uno est\u00e1 dise\u00f1ada para aumentar la productividad; no hay necesidad de volver al cami\u00f3n o a la oficina para recuperar una c\u00e1mara de uso compartido o esperar a un term\u00f3grafo, por lo que es posible realizar m\u00e1s tareas en menos tiempo.<\/li>\n<li>iFlex ampl\u00eda las capacidades de medici\u00f3n; es posible alcanzar lugares reducidos o de dif\u00edcil acceso para medir corrientes (CA de hasta 2500 A)<\/li>\n<li>Puede guardar mediciones e im\u00e1genes a la vez que se comunica de forma inal\u00e1mbrica con un tel\u00e9fono inteligente a distancias de hasta 20 pies\/6,1 metros (sin obst\u00e1culos)<\/li>\n<li>Resoluci\u00f3n de las im\u00e1genes: 80 x 60<\/li>\n<li>Pantalla LCD en color de 3,5 pulg.\/8,89 cm<\/li>\n<li>La bater\u00eda recargable de iones de litio permite utilizarlo durante un d\u00eda completo de trabajo (m\u00e1s de 10 horas) bajo condiciones normales<\/li>\n<li>Ensamblado en los EE. UU.<\/li>\n<li>Garant\u00eda est\u00e1ndar por tres a\u00f1os<\/li>\n<li>Apagado autom\u00e1tico para ahorrar carga de la bater\u00eda<\/li>\n<li>Categor\u00eda de medici\u00f3n CAT III, 1000 V, CAT IV, 600 V<\/li>\n<li>Accesorios opcionales: sondas de corriente flexibles Fluke i2500-10 o i2500- 18 iFlex\u00ae, cargador de CA Fluke BC500TDMM y bater\u00eda de iones de litio Fluke BP500 de 3000 mAh<\/li>\n<li>Dise\u00f1ado para ofrecer durabilidad, construido para soportar ca\u00eddas de hasta 1 m (3 pies), con aislamiento doble de funda de goma para mayor protecci\u00f3n<\/li>\n<\/ul>\n<p>Fluke Connect<\/p>\n<p>Fluke Connect permite conectar el mult\u00edmetro con un tel\u00e9fono a trav\u00e9s de Bluetooth para ayudar a realizar tareas de forma m\u00e1s r\u00e1pida y segura<\/p>\n<ul>\n<li>Puede guardar mediciones e im\u00e1genes a la vez que se comunica de forma inal\u00e1mbrica con un tel\u00e9fono inteligente a distancias de hasta 20 pies\/6,1 metros (sin obst\u00e1culos)<\/li>\n<li>Solucione problemas con mayor eficacia mediante el seguimiento y la determinaci\u00f3n de tendencias de las mediciones en directo en la pantalla del tel\u00e9fono<\/li>\n<li>Crear y enviar informes por correo electr\u00f3nico directamente desde el terreno. \u00bfLos informes no son suficientes? Fluke Connect cuenta con videollamadas ShareLive, que permiten transmitir video y mediciones en directo y en la misma pantalla<\/li>\n<\/ul>\n<p>Funciones de medici\u00f3n<\/p>\n<ul>\n<li>Medida de tensi\u00f3n de CA y CC de 1000 V<\/li>\n<li>Medici\u00f3n de corriente alterna de hasta 2500 A (opcional iFlex)<\/li>\n<li>Medici\u00f3n de temperatura desde -10 \u00b0C a 200 \u00b0C (14 \u00b0F a 392 \u00b0F)<\/li>\n<li>Medici\u00f3n de resistencia de hasta 50 k\u03a9<\/li>\n<li>Continuidad<\/li>\n<li>Prueba de diodos<\/li>\n<li>Grabaci\u00f3n de valores m\u00edn. y m\u00e1x. para capturar las variaciones autom\u00e1ticamente<\/li>\n<li>Frecuencia<\/li>\n<li>Medici\u00f3n de capacitancia de 9999 \u03bcF<\/li>\n<li>Valor eficaz verdadero de tensi\u00f3n y corriente para obtener mediciones exactas en se\u00f1ales no lineales<\/li>\n<\/ul>\n<p>Otras caracter\u00edsticas<\/p>\n<ul>\n<li>Categor\u00eda de medici\u00f3n CAT IV 600 V, CAT III 1000 V<\/li>\n<li>Bater\u00eda recargable de iones de litio y cargador<\/li>\n<li>Tres a\u00f1os de garant\u00eda<\/li>\n<li>Correa (opcional) que permite colgar el mult\u00edmetro mientras utiliza las sondas<\/li>\n<li>Estuche de transporte flexible (opcional)<\/li>\n<\/ul>\n","protected":false},"featured_media":21033,"template":"","meta":{"_acf_changed":false},"pwb-brand":[31],"product_brand":[],"product_cat":[366,30,138],"product_tag":[],"class_list":{"0":"post-8128","1":"product","2":"type-product","3":"status-publish","4":"has-post-thumbnail","6":"pwb-brand-fluke","7":"product_cat-todos-los-productos","8":"product_cat-fluke","9":"product_cat-multimetros-digitales-fluke","11":"first","12":"instock","13":"taxable","14":"shipping-taxable","15":"purchasable","16":"product-type-simple"},"acf":[],"yoast_head":"<!-- This site is optimized with the Yoast SEO plugin v27.4 - https:\/\/yoast.com\/product\/yoast-seo-wordpress\/ -->\n<title>Mult\u00edmetro termogr\u00e1fico Fluke 279 FC TRMS - Techmaster de Mexico<\/title>\n<meta name=\"robots\" content=\"index, follow, max-snippet:-1, max-image-preview:large, max-video-preview:-1\" \/>\n<link rel=\"canonical\" href=\"https:\/\/techmasterdemexico.com\/producto\/multimetro-termografico-fluke-279-fc-trms\/\" \/>\n<meta property=\"og:locale\" content=\"en_US\" \/>\n<meta property=\"og:type\" content=\"article\" \/>\n<meta property=\"og:title\" content=\"Mult\u00edmetro termogr\u00e1fico Fluke 279 FC TRMS - Techmaster de Mexico\" \/>\n<meta property=\"og:description\" content=\"Caracter\u00edsticas       Mult\u00edmetro completo con c\u00e1mara termogr\u00e1fica integrada    15 funciones de medici\u00f3n, incluidas: tensi\u00f3n de CA con filtro de paso bajo, tensi\u00f3n de CC, resistencia, continuidad, capacitancia, prueba de diodos, m\u00edn.\/m\u00e1x.\/prom., corriente alterna (con iFlex), frecuencia    Las im\u00e1genes termogr\u00e1ficas revelan muchos problemas el\u00e9ctricos de manera r\u00e1pida y segura, lo que elimina la necesidad de realizar pruebas y validaciones que requieren mucho tiempo    Esta herramienta dos en uno est\u00e1 dise\u00f1ada para aumentar la productividad; no hay necesidad de volver al cami\u00f3n o a la oficina para recuperar una c\u00e1mara de uso compartido o esperar a un term\u00f3grafo, por lo que es posible realizar m\u00e1s tareas en menos tiempo.    iFlex ampl\u00eda las capacidades de medici\u00f3n; es posible alcanzar lugares reducidos o de dif\u00edcil acceso para medir corrientes (CA de hasta 2500 A)    Puede guardar mediciones e im\u00e1genes a la vez que se comunica de forma inal\u00e1mbrica con un tel\u00e9fono inteligente a distancias de hasta 20 pies\/6,1 metros (sin obst\u00e1culos)    Resoluci\u00f3n de las im\u00e1genes: 80 x 60    Pantalla LCD en color de 3,5 pulg.\/8,89 cm    La bater\u00eda recargable de iones de litio permite utilizarlo durante un d\u00eda completo de trabajo (m\u00e1s de 10 horas) bajo condiciones normales    Ensamblado en los EE. UU.    Garant\u00eda est\u00e1ndar por tres a\u00f1os    Apagado autom\u00e1tico para ahorrar carga de la bater\u00eda    Categor\u00eda de medici\u00f3n CAT III, 1000 V, CAT IV, 600 V    Accesorios opcionales: sondas de corriente flexibles Fluke i2500-10 o i2500- 18 iFlex\u00ae, cargador de CA Fluke BC500TDMM y bater\u00eda de iones de litio Fluke BP500 de 3000 mAh    Dise\u00f1ado para ofrecer durabilidad, construido para soportar ca\u00eddas de hasta 1 m (3 pies), con aislamiento doble de funda de goma para mayor protecci\u00f3n      Fluke Connect   Fluke Connect permite conectar el mult\u00edmetro con un tel\u00e9fono a trav\u00e9s de Bluetooth para ayudar a realizar tareas de forma m\u00e1s r\u00e1pida y segura       Puede guardar mediciones e im\u00e1genes a la vez que se comunica de forma inal\u00e1mbrica con un tel\u00e9fono inteligente a distancias de hasta 20 pies\/6,1 metros (sin obst\u00e1culos)    Solucione problemas con mayor eficacia mediante el seguimiento y la determinaci\u00f3n de tendencias de las mediciones en directo en la pantalla del tel\u00e9fono    Crear y enviar informes por correo electr\u00f3nico directamente desde el terreno. \u00bfLos informes no son suficientes? Fluke Connect cuenta con videollamadas ShareLive, que permiten transmitir video y mediciones en directo y en la misma pantalla      Funciones de medici\u00f3n       Medida de tensi\u00f3n de CA y CC de 1000 V    Medici\u00f3n de corriente alterna de hasta 2500 A (opcional iFlex)    Medici\u00f3n de temperatura desde -10 \u00b0C a 200 \u00b0C (14 \u00b0F a 392 \u00b0F)    Medici\u00f3n de resistencia de hasta 50 k\u03a9    Continuidad    Prueba de diodos    Grabaci\u00f3n de valores m\u00edn. y m\u00e1x. para capturar las variaciones autom\u00e1ticamente    Frecuencia    Medici\u00f3n de capacitancia de 9999 \u03bcF    Valor eficaz verdadero de tensi\u00f3n y corriente para obtener mediciones exactas en se\u00f1ales no lineales      Otras caracter\u00edsticas       Categor\u00eda de medici\u00f3n CAT IV 600 V, CAT III 1000 V    Bater\u00eda recargable de iones de litio y cargador    Tres a\u00f1os de garant\u00eda    Correa (opcional) que permite colgar el mult\u00edmetro mientras utiliza las sondas    Estuche de transporte flexible (opcional)\" \/>\n<meta property=\"og:url\" content=\"https:\/\/techmasterdemexico.com\/producto\/multimetro-termografico-fluke-279-fc-trms\/\" \/>\n<meta property=\"og:site_name\" content=\"Techmaster de Mexico\" \/>\n<meta property=\"article:modified_time\" content=\"2025-06-26T19:37:54+00:00\" \/>\n<meta property=\"og:image\" content=\"https:\/\/techmasterdemexico.com\/wp-content\/uploads\/Fluke-279-FC.png\" \/>\n\t<meta property=\"og:image:width\" content=\"1000\" \/>\n\t<meta property=\"og:image:height\" content=\"1000\" \/>\n\t<meta property=\"og:image:type\" content=\"image\/png\" \/>\n<meta name=\"twitter:card\" content=\"summary_large_image\" \/>\n<meta name=\"twitter:label1\" content=\"Est. reading time\" \/>\n\t<meta name=\"twitter:data1\" content=\"2 minutes\" \/>\n<script type=\"application\/ld+json\" class=\"yoast-schema-graph\">{\"@context\":\"https:\\\/\\\/schema.org\",\"@graph\":[{\"@type\":\"WebPage\",\"@id\":\"https:\\\/\\\/techmasterdemexico.com\\\/producto\\\/multimetro-termografico-fluke-279-fc-trms\\\/\",\"url\":\"https:\\\/\\\/techmasterdemexico.com\\\/producto\\\/multimetro-termografico-fluke-279-fc-trms\\\/\",\"name\":\"Mult\u00edmetro termogr\u00e1fico Fluke 279 FC TRMS - Techmaster de Mexico\",\"isPartOf\":{\"@id\":\"https:\\\/\\\/techmasterdemexico.com\\\/#website\"},\"primaryImageOfPage\":{\"@id\":\"https:\\\/\\\/techmasterdemexico.com\\\/producto\\\/multimetro-termografico-fluke-279-fc-trms\\\/#primaryimage\"},\"image\":{\"@id\":\"https:\\\/\\\/techmasterdemexico.com\\\/producto\\\/multimetro-termografico-fluke-279-fc-trms\\\/#primaryimage\"},\"thumbnailUrl\":\"https:\\\/\\\/techmasterdemexico.com\\\/wp-content\\\/uploads\\\/Fluke-279-FC.png\",\"datePublished\":\"2021-08-20T00:43:07+00:00\",\"dateModified\":\"2025-06-26T19:37:54+00:00\",\"breadcrumb\":{\"@id\":\"https:\\\/\\\/techmasterdemexico.com\\\/producto\\\/multimetro-termografico-fluke-279-fc-trms\\\/#breadcrumb\"},\"inLanguage\":\"en-US\",\"potentialAction\":[{\"@type\":\"ReadAction\",\"target\":[\"https:\\\/\\\/techmasterdemexico.com\\\/producto\\\/multimetro-termografico-fluke-279-fc-trms\\\/\"]}]},{\"@type\":\"ImageObject\",\"inLanguage\":\"en-US\",\"@id\":\"https:\\\/\\\/techmasterdemexico.com\\\/producto\\\/multimetro-termografico-fluke-279-fc-trms\\\/#primaryimage\",\"url\":\"https:\\\/\\\/techmasterdemexico.com\\\/wp-content\\\/uploads\\\/Fluke-279-FC.png\",\"contentUrl\":\"https:\\\/\\\/techmasterdemexico.com\\\/wp-content\\\/uploads\\\/Fluke-279-FC.png\",\"width\":1000,\"height\":1000},{\"@type\":\"BreadcrumbList\",\"@id\":\"https:\\\/\\\/techmasterdemexico.com\\\/producto\\\/multimetro-termografico-fluke-279-fc-trms\\\/#breadcrumb\",\"itemListElement\":[{\"@type\":\"ListItem\",\"position\":1,\"name\":\"Portada\",\"item\":\"https:\\\/\\\/techmasterdemexico.com\\\/\"},{\"@type\":\"ListItem\",\"position\":2,\"name\":\"Mult\u00edmetro termogr\u00e1fico Fluke 279 FC TRMS\"}]},{\"@type\":\"WebSite\",\"@id\":\"https:\\\/\\\/techmasterdemexico.com\\\/#website\",\"url\":\"https:\\\/\\\/techmasterdemexico.com\\\/\",\"name\":\"Techmaster de Mexico\",\"description\":\"\",\"potentialAction\":[{\"@type\":\"SearchAction\",\"target\":{\"@type\":\"EntryPoint\",\"urlTemplate\":\"https:\\\/\\\/techmasterdemexico.com\\\/?s={search_term_string}\"},\"query-input\":{\"@type\":\"PropertyValueSpecification\",\"valueRequired\":true,\"valueName\":\"search_term_string\"}}],\"inLanguage\":\"en-US\"}]}<\/script>\n<!-- \/ Yoast SEO plugin. -->","yoast_head_json":{"title":"Mult\u00edmetro termogr\u00e1fico Fluke 279 FC TRMS - Techmaster de Mexico","robots":{"index":"index","follow":"follow","max-snippet":"max-snippet:-1","max-image-preview":"max-image-preview:large","max-video-preview":"max-video-preview:-1"},"canonical":"https:\/\/techmasterdemexico.com\/producto\/multimetro-termografico-fluke-279-fc-trms\/","og_locale":"en_US","og_type":"article","og_title":"Mult\u00edmetro termogr\u00e1fico Fluke 279 FC TRMS - Techmaster de Mexico","og_description":"Caracter\u00edsticas       Mult\u00edmetro completo con c\u00e1mara termogr\u00e1fica integrada    15 funciones de medici\u00f3n, incluidas: tensi\u00f3n de CA con filtro de paso bajo, tensi\u00f3n de CC, resistencia, continuidad, capacitancia, prueba de diodos, m\u00edn.\/m\u00e1x.\/prom., corriente alterna (con iFlex), frecuencia    Las im\u00e1genes termogr\u00e1ficas revelan muchos problemas el\u00e9ctricos de manera r\u00e1pida y segura, lo que elimina la necesidad de realizar pruebas y validaciones que requieren mucho tiempo    Esta herramienta dos en uno est\u00e1 dise\u00f1ada para aumentar la productividad; no hay necesidad de volver al cami\u00f3n o a la oficina para recuperar una c\u00e1mara de uso compartido o esperar a un term\u00f3grafo, por lo que es posible realizar m\u00e1s tareas en menos tiempo.    iFlex ampl\u00eda las capacidades de medici\u00f3n; es posible alcanzar lugares reducidos o de dif\u00edcil acceso para medir corrientes (CA de hasta 2500 A)    Puede guardar mediciones e im\u00e1genes a la vez que se comunica de forma inal\u00e1mbrica con un tel\u00e9fono inteligente a distancias de hasta 20 pies\/6,1 metros (sin obst\u00e1culos)    Resoluci\u00f3n de las im\u00e1genes: 80 x 60    Pantalla LCD en color de 3,5 pulg.\/8,89 cm    La bater\u00eda recargable de iones de litio permite utilizarlo durante un d\u00eda completo de trabajo (m\u00e1s de 10 horas) bajo condiciones normales    Ensamblado en los EE. UU.    Garant\u00eda est\u00e1ndar por tres a\u00f1os    Apagado autom\u00e1tico para ahorrar carga de la bater\u00eda    Categor\u00eda de medici\u00f3n CAT III, 1000 V, CAT IV, 600 V    Accesorios opcionales: sondas de corriente flexibles Fluke i2500-10 o i2500- 18 iFlex\u00ae, cargador de CA Fluke BC500TDMM y bater\u00eda de iones de litio Fluke BP500 de 3000 mAh    Dise\u00f1ado para ofrecer durabilidad, construido para soportar ca\u00eddas de hasta 1 m (3 pies), con aislamiento doble de funda de goma para mayor protecci\u00f3n      Fluke Connect   Fluke Connect permite conectar el mult\u00edmetro con un tel\u00e9fono a trav\u00e9s de Bluetooth para ayudar a realizar tareas de forma m\u00e1s r\u00e1pida y segura       Puede guardar mediciones e im\u00e1genes a la vez que se comunica de forma inal\u00e1mbrica con un tel\u00e9fono inteligente a distancias de hasta 20 pies\/6,1 metros (sin obst\u00e1culos)    Solucione problemas con mayor eficacia mediante el seguimiento y la determinaci\u00f3n de tendencias de las mediciones en directo en la pantalla del tel\u00e9fono    Crear y enviar informes por correo electr\u00f3nico directamente desde el terreno. \u00bfLos informes no son suficientes? Fluke Connect cuenta con videollamadas ShareLive, que permiten transmitir video y mediciones en directo y en la misma pantalla      Funciones de medici\u00f3n       Medida de tensi\u00f3n de CA y CC de 1000 V    Medici\u00f3n de corriente alterna de hasta 2500 A (opcional iFlex)    Medici\u00f3n de temperatura desde -10 \u00b0C a 200 \u00b0C (14 \u00b0F a 392 \u00b0F)    Medici\u00f3n de resistencia de hasta 50 k\u03a9    Continuidad    Prueba de diodos    Grabaci\u00f3n de valores m\u00edn. y m\u00e1x. para capturar las variaciones autom\u00e1ticamente    Frecuencia    Medici\u00f3n de capacitancia de 9999 \u03bcF    Valor eficaz verdadero de tensi\u00f3n y corriente para obtener mediciones exactas en se\u00f1ales no lineales      Otras caracter\u00edsticas       Categor\u00eda de medici\u00f3n CAT IV 600 V, CAT III 1000 V    Bater\u00eda recargable de iones de litio y cargador    Tres a\u00f1os de garant\u00eda    Correa (opcional) que permite colgar el mult\u00edmetro mientras utiliza las sondas    Estuche de transporte flexible (opcional)","og_url":"https:\/\/techmasterdemexico.com\/producto\/multimetro-termografico-fluke-279-fc-trms\/","og_site_name":"Techmaster de Mexico","article_modified_time":"2025-06-26T19:37:54+00:00","og_image":[{"width":1000,"height":1000,"url":"https:\/\/techmasterdemexico.com\/wp-content\/uploads\/Fluke-279-FC.png","type":"image\/png"}],"twitter_card":"summary_large_image","twitter_misc":{"Est. reading time":"2 minutes"},"schema":{"@context":"https:\/\/schema.org","@graph":[{"@type":"WebPage","@id":"https:\/\/techmasterdemexico.com\/producto\/multimetro-termografico-fluke-279-fc-trms\/","url":"https:\/\/techmasterdemexico.com\/producto\/multimetro-termografico-fluke-279-fc-trms\/","name":"Mult\u00edmetro termogr\u00e1fico Fluke 279 FC TRMS - Techmaster de Mexico","isPartOf":{"@id":"https:\/\/techmasterdemexico.com\/#website"},"primaryImageOfPage":{"@id":"https:\/\/techmasterdemexico.com\/producto\/multimetro-termografico-fluke-279-fc-trms\/#primaryimage"},"image":{"@id":"https:\/\/techmasterdemexico.com\/producto\/multimetro-termografico-fluke-279-fc-trms\/#primaryimage"},"thumbnailUrl":"https:\/\/techmasterdemexico.com\/wp-content\/uploads\/Fluke-279-FC.png","datePublished":"2021-08-20T00:43:07+00:00","dateModified":"2025-06-26T19:37:54+00:00","breadcrumb":{"@id":"https:\/\/techmasterdemexico.com\/producto\/multimetro-termografico-fluke-279-fc-trms\/#breadcrumb"},"inLanguage":"en-US","potentialAction":[{"@type":"ReadAction","target":["https:\/\/techmasterdemexico.com\/producto\/multimetro-termografico-fluke-279-fc-trms\/"]}]},{"@type":"ImageObject","inLanguage":"en-US","@id":"https:\/\/techmasterdemexico.com\/producto\/multimetro-termografico-fluke-279-fc-trms\/#primaryimage","url":"https:\/\/techmasterdemexico.com\/wp-content\/uploads\/Fluke-279-FC.png","contentUrl":"https:\/\/techmasterdemexico.com\/wp-content\/uploads\/Fluke-279-FC.png","width":1000,"height":1000},{"@type":"BreadcrumbList","@id":"https:\/\/techmasterdemexico.com\/producto\/multimetro-termografico-fluke-279-fc-trms\/#breadcrumb","itemListElement":[{"@type":"ListItem","position":1,"name":"Portada","item":"https:\/\/techmasterdemexico.com\/"},{"@type":"ListItem","position":2,"name":"Mult\u00edmetro termogr\u00e1fico Fluke 279 FC TRMS"}]},{"@type":"WebSite","@id":"https:\/\/techmasterdemexico.com\/#website","url":"https:\/\/techmasterdemexico.com\/","name":"Techmaster de Mexico","description":"","potentialAction":[{"@type":"SearchAction","target":{"@type":"EntryPoint","urlTemplate":"https:\/\/techmasterdemexico.com\/?s={search_term_string}"},"query-input":{"@type":"PropertyValueSpecification","valueRequired":true,"valueName":"search_term_string"}}],"inLanguage":"en-US"}]}},"brands":[{"id":31,"name":"Fluke","slug":"fluke"}],"_links":{"self":[{"href":"https:\/\/techmasterdemexico.com\/en\/wp-json\/wp\/v2\/product\/8128","targetHints":{"allow":["GET"]}}],"collection":[{"href":"https:\/\/techmasterdemexico.com\/en\/wp-json\/wp\/v2\/product"}],"about":[{"href":"https:\/\/techmasterdemexico.com\/en\/wp-json\/wp\/v2\/types\/product"}],"wp:featuredmedia":[{"embeddable":true,"href":"https:\/\/techmasterdemexico.com\/en\/wp-json\/wp\/v2\/media\/21033"}],"wp:attachment":[{"href":"https:\/\/techmasterdemexico.com\/en\/wp-json\/wp\/v2\/media?parent=8128"}],"wp:term":[{"taxonomy":"pwb-brand","embeddable":true,"href":"https:\/\/techmasterdemexico.com\/en\/wp-json\/wp\/v2\/pwb-brand?post=8128"},{"taxonomy":"product_brand","embeddable":true,"href":"https:\/\/techmasterdemexico.com\/en\/wp-json\/wp\/v2\/product_brand?post=8128"},{"taxonomy":"product_cat","embeddable":true,"href":"https:\/\/techmasterdemexico.com\/en\/wp-json\/wp\/v2\/product_cat?post=8128"},{"taxonomy":"product_tag","embeddable":true,"href":"https:\/\/techmasterdemexico.com\/en\/wp-json\/wp\/v2\/product_tag?post=8128"}],"curies":[{"name":"wp","href":"https:\/\/api.w.org\/{rel}","templated":true}]}}