{"id":8127,"date":"2021-08-19T17:43:07","date_gmt":"2021-08-19T17:43:07","guid":{"rendered":"http:\/\/techmastermx.ddns.net\/producto\/multimetro-digital-de-verdadero-valor-eficaz-fluke-87v-max\/"},"modified":"2024-03-21T10:36:04","modified_gmt":"2024-03-21T17:36:04","slug":"multimetro-digital-de-verdadero-valor-eficaz-fluke-87v-max","status":"publish","type":"product","link":"https:\/\/techmasterdemexico.com\/en\/producto\/multimetro-digital-de-verdadero-valor-eficaz-fluke-87v-max\/","title":{"rendered":"Mult\u00edmetro digital de verdadero valor eficaz Fluke 87V MAX"},"content":{"rendered":"<p>Mult\u00edmetro digital de verdadero valor eficaz Fluke 87V MAX<\/p>\n<p>El 87V MAX cuenta con todas las caracter\u00edsticas de eficacia demostrada del mult\u00edmetro digital m\u00e1s conocido utilizado en la actualidad, el Fluke 87V, y mucho m\u00e1s.<\/p>\n<p>Soporta ca\u00eddas de hasta 4 metros (13 pies)<\/p>\n<p>El mult\u00edmetro digital m\u00e1s resistente de Fluke. El 87V MAX est\u00e1 fabricado con una carcasa especial para entornos industriales y una funda extra\u00edble. La funda sirve tambi\u00e9n como portasondas de prueba para su uso con una sola mano.<\/p>\n<p>Grado de protecci\u00f3n IP67<\/p>\n<p>Totalmente resistente al agua y al polvo para trabajar sin dificultades en cualquier lugar.<\/p>\n<p>Resistente al calor y al fr\u00edo<\/p>\n<p>El medidor tiene un rango de temperatura de funcionamiento ampliado de entre \u221240 \u00b0C (hasta 20 minutos) y +55 \u00b0C.<\/p>\n<p>Otros aspectos destacados del producto<\/p>\n<ul>\n<li>Corriente y tensi\u00f3n de CA de verdadero valor eficaz para mediciones precisas en se\u00f1ales no lineales<\/li>\n<li>Permite realizar mediciones de hasta 1000 V de CA y CC<\/li>\n<li>Permite realizar mediciones de hasta 10 A (20 A durante 30 segundos)<\/li>\n<li>Frecuencias de hasta 200 kHz<\/li>\n<li>Term\u00f3metro integrado que permite realizar mediciones de temperatura sin necesidad de otros instrumentos<\/li>\n<li>Registro de valores m\u00edn.\/m\u00e1x.\/medio, m\u00e1s picos m\u00edn. y m\u00e1x. de 250 \u03bcs para registrar variaciones autom\u00e1ticamente<\/li>\n<li>Exclusiva funci\u00f3n para mediciones de tensi\u00f3n y frecuencia de alta precisi\u00f3n en variadores de frecuencia de motores (VFD) y otros equipos grados de ruido el\u00e9ctrico elevados<\/li>\n<li>D\u00edgitos en pantalla grandes, 2 niveles de retroiluminaci\u00f3n blanca brillante y teclado con teclas retroiluminadas para una mayor visibilidad<\/li>\n<li>Modo de visualizaci\u00f3n de alta resoluci\u00f3n de hasta 19 999 recuentos<\/li>\n<li>Pilas de vida \u00fatil prolongada (800 horas)<\/li>\n<\/ul>\n","protected":false},"excerpt":{"rendered":"<ul>\n<li>Soporta ca\u00eddas de hasta 4 metros (13 pies) gracias a una carcasa y una funda aptas para entornos industriales<\/li>\n<li>Carcasa resistente al agua y al polvo con grado de protecci\u00f3n IP67 para los entornos de prueba m\u00e1s extremos<\/li>\n<li>Cables de medici\u00f3n TL175 TwistGuard\u2122 de la m\u00e1s alta calidad<\/li>\n<li>Duplica la duraci\u00f3n de las pilas del 87V (hasta 800 horas); teclas retroiluminadas para entornos con escasa iluminaci\u00f3n<\/li>\n<\/ul>\n","protected":false},"featured_media":21030,"template":"","meta":{"_acf_changed":false},"pwb-brand":[31],"product_brand":[],"product_cat":[366,30,138],"product_tag":[],"class_list":{"0":"post-8127","1":"product","2":"type-product","3":"status-publish","4":"has-post-thumbnail","6":"pwb-brand-fluke","7":"product_cat-todos-los-productos","8":"product_cat-fluke","9":"product_cat-multimetros-digitales-fluke","11":"first","12":"instock","13":"taxable","14":"shipping-taxable","15":"product-type-simple"},"acf":[],"yoast_head":"<!-- This site is optimized with the Yoast SEO plugin v27.4 - https:\/\/yoast.com\/product\/yoast-seo-wordpress\/ -->\n<title>Mult\u00edmetro digital de verdadero valor eficaz Fluke 87V MAX - Techmaster de Mexico<\/title>\n<meta name=\"robots\" content=\"index, follow, max-snippet:-1, max-image-preview:large, max-video-preview:-1\" \/>\n<link rel=\"canonical\" href=\"https:\/\/techmasterdemexico.com\/producto\/multimetro-digital-de-verdadero-valor-eficaz-fluke-87v-max\/\" \/>\n<meta property=\"og:locale\" content=\"en_US\" \/>\n<meta property=\"og:type\" content=\"article\" \/>\n<meta property=\"og:title\" content=\"Mult\u00edmetro digital de verdadero valor eficaz Fluke 87V MAX - Techmaster de Mexico\" \/>\n<meta property=\"og:description\" content=\"Soporta ca\u00eddas de hasta 4 metros (13 pies) gracias a una carcasa y una funda aptas para entornos industriales    Carcasa resistente al agua y al polvo con grado de protecci\u00f3n IP67 para los entornos de prueba m\u00e1s extremos    Cables de medici\u00f3n TL175 TwistGuard\u2122 de la m\u00e1s alta calidad    Duplica la duraci\u00f3n de las pilas del 87V (hasta 800 horas); teclas retroiluminadas para entornos con escasa iluminaci\u00f3n\" \/>\n<meta property=\"og:url\" content=\"https:\/\/techmasterdemexico.com\/producto\/multimetro-digital-de-verdadero-valor-eficaz-fluke-87v-max\/\" \/>\n<meta property=\"og:site_name\" content=\"Techmaster de Mexico\" \/>\n<meta property=\"article:modified_time\" content=\"2024-03-21T17:36:04+00:00\" \/>\n<meta property=\"og:image\" content=\"https:\/\/techmasterdemexico.com\/wp-content\/uploads\/Fluke-87V-Max.png\" \/>\n\t<meta property=\"og:image:width\" content=\"1000\" \/>\n\t<meta property=\"og:image:height\" content=\"1000\" \/>\n\t<meta property=\"og:image:type\" content=\"image\/png\" \/>\n<meta name=\"twitter:card\" content=\"summary_large_image\" \/>\n<meta name=\"twitter:label1\" content=\"Est. reading time\" \/>\n\t<meta name=\"twitter:data1\" content=\"2 minutes\" \/>\n<script type=\"application\/ld+json\" class=\"yoast-schema-graph\">{\"@context\":\"https:\\\/\\\/schema.org\",\"@graph\":[{\"@type\":\"WebPage\",\"@id\":\"https:\\\/\\\/techmasterdemexico.com\\\/producto\\\/multimetro-digital-de-verdadero-valor-eficaz-fluke-87v-max\\\/\",\"url\":\"https:\\\/\\\/techmasterdemexico.com\\\/producto\\\/multimetro-digital-de-verdadero-valor-eficaz-fluke-87v-max\\\/\",\"name\":\"Mult\u00edmetro digital de verdadero valor eficaz Fluke 87V MAX - Techmaster de Mexico\",\"isPartOf\":{\"@id\":\"https:\\\/\\\/techmasterdemexico.com\\\/#website\"},\"primaryImageOfPage\":{\"@id\":\"https:\\\/\\\/techmasterdemexico.com\\\/producto\\\/multimetro-digital-de-verdadero-valor-eficaz-fluke-87v-max\\\/#primaryimage\"},\"image\":{\"@id\":\"https:\\\/\\\/techmasterdemexico.com\\\/producto\\\/multimetro-digital-de-verdadero-valor-eficaz-fluke-87v-max\\\/#primaryimage\"},\"thumbnailUrl\":\"https:\\\/\\\/techmasterdemexico.com\\\/wp-content\\\/uploads\\\/Fluke-87V-Max.png\",\"datePublished\":\"2021-08-19T17:43:07+00:00\",\"dateModified\":\"2024-03-21T17:36:04+00:00\",\"breadcrumb\":{\"@id\":\"https:\\\/\\\/techmasterdemexico.com\\\/producto\\\/multimetro-digital-de-verdadero-valor-eficaz-fluke-87v-max\\\/#breadcrumb\"},\"inLanguage\":\"en-US\",\"potentialAction\":[{\"@type\":\"ReadAction\",\"target\":[\"https:\\\/\\\/techmasterdemexico.com\\\/producto\\\/multimetro-digital-de-verdadero-valor-eficaz-fluke-87v-max\\\/\"]}]},{\"@type\":\"ImageObject\",\"inLanguage\":\"en-US\",\"@id\":\"https:\\\/\\\/techmasterdemexico.com\\\/producto\\\/multimetro-digital-de-verdadero-valor-eficaz-fluke-87v-max\\\/#primaryimage\",\"url\":\"https:\\\/\\\/techmasterdemexico.com\\\/wp-content\\\/uploads\\\/Fluke-87V-Max.png\",\"contentUrl\":\"https:\\\/\\\/techmasterdemexico.com\\\/wp-content\\\/uploads\\\/Fluke-87V-Max.png\",\"width\":1000,\"height\":1000},{\"@type\":\"BreadcrumbList\",\"@id\":\"https:\\\/\\\/techmasterdemexico.com\\\/producto\\\/multimetro-digital-de-verdadero-valor-eficaz-fluke-87v-max\\\/#breadcrumb\",\"itemListElement\":[{\"@type\":\"ListItem\",\"position\":1,\"name\":\"Portada\",\"item\":\"https:\\\/\\\/techmasterdemexico.com\\\/\"},{\"@type\":\"ListItem\",\"position\":2,\"name\":\"Mult\u00edmetro digital de verdadero valor eficaz Fluke 87V MAX\"}]},{\"@type\":\"WebSite\",\"@id\":\"https:\\\/\\\/techmasterdemexico.com\\\/#website\",\"url\":\"https:\\\/\\\/techmasterdemexico.com\\\/\",\"name\":\"Techmaster de Mexico\",\"description\":\"\",\"potentialAction\":[{\"@type\":\"SearchAction\",\"target\":{\"@type\":\"EntryPoint\",\"urlTemplate\":\"https:\\\/\\\/techmasterdemexico.com\\\/?s={search_term_string}\"},\"query-input\":{\"@type\":\"PropertyValueSpecification\",\"valueRequired\":true,\"valueName\":\"search_term_string\"}}],\"inLanguage\":\"en-US\"}]}<\/script>\n<!-- \/ Yoast SEO plugin. -->","yoast_head_json":{"title":"Mult\u00edmetro digital de verdadero valor eficaz Fluke 87V MAX - Techmaster de Mexico","robots":{"index":"index","follow":"follow","max-snippet":"max-snippet:-1","max-image-preview":"max-image-preview:large","max-video-preview":"max-video-preview:-1"},"canonical":"https:\/\/techmasterdemexico.com\/producto\/multimetro-digital-de-verdadero-valor-eficaz-fluke-87v-max\/","og_locale":"en_US","og_type":"article","og_title":"Mult\u00edmetro digital de verdadero valor eficaz Fluke 87V MAX - Techmaster de Mexico","og_description":"Soporta ca\u00eddas de hasta 4 metros (13 pies) gracias a una carcasa y una funda aptas para entornos industriales    Carcasa resistente al agua y al polvo con grado de protecci\u00f3n IP67 para los entornos de prueba m\u00e1s extremos    Cables de medici\u00f3n TL175 TwistGuard\u2122 de la m\u00e1s alta calidad    Duplica la duraci\u00f3n de las pilas del 87V (hasta 800 horas); teclas retroiluminadas para entornos con escasa iluminaci\u00f3n","og_url":"https:\/\/techmasterdemexico.com\/producto\/multimetro-digital-de-verdadero-valor-eficaz-fluke-87v-max\/","og_site_name":"Techmaster de Mexico","article_modified_time":"2024-03-21T17:36:04+00:00","og_image":[{"width":1000,"height":1000,"url":"https:\/\/techmasterdemexico.com\/wp-content\/uploads\/Fluke-87V-Max.png","type":"image\/png"}],"twitter_card":"summary_large_image","twitter_misc":{"Est. reading time":"2 minutes"},"schema":{"@context":"https:\/\/schema.org","@graph":[{"@type":"WebPage","@id":"https:\/\/techmasterdemexico.com\/producto\/multimetro-digital-de-verdadero-valor-eficaz-fluke-87v-max\/","url":"https:\/\/techmasterdemexico.com\/producto\/multimetro-digital-de-verdadero-valor-eficaz-fluke-87v-max\/","name":"Mult\u00edmetro digital de verdadero valor eficaz Fluke 87V MAX - Techmaster de Mexico","isPartOf":{"@id":"https:\/\/techmasterdemexico.com\/#website"},"primaryImageOfPage":{"@id":"https:\/\/techmasterdemexico.com\/producto\/multimetro-digital-de-verdadero-valor-eficaz-fluke-87v-max\/#primaryimage"},"image":{"@id":"https:\/\/techmasterdemexico.com\/producto\/multimetro-digital-de-verdadero-valor-eficaz-fluke-87v-max\/#primaryimage"},"thumbnailUrl":"https:\/\/techmasterdemexico.com\/wp-content\/uploads\/Fluke-87V-Max.png","datePublished":"2021-08-19T17:43:07+00:00","dateModified":"2024-03-21T17:36:04+00:00","breadcrumb":{"@id":"https:\/\/techmasterdemexico.com\/producto\/multimetro-digital-de-verdadero-valor-eficaz-fluke-87v-max\/#breadcrumb"},"inLanguage":"en-US","potentialAction":[{"@type":"ReadAction","target":["https:\/\/techmasterdemexico.com\/producto\/multimetro-digital-de-verdadero-valor-eficaz-fluke-87v-max\/"]}]},{"@type":"ImageObject","inLanguage":"en-US","@id":"https:\/\/techmasterdemexico.com\/producto\/multimetro-digital-de-verdadero-valor-eficaz-fluke-87v-max\/#primaryimage","url":"https:\/\/techmasterdemexico.com\/wp-content\/uploads\/Fluke-87V-Max.png","contentUrl":"https:\/\/techmasterdemexico.com\/wp-content\/uploads\/Fluke-87V-Max.png","width":1000,"height":1000},{"@type":"BreadcrumbList","@id":"https:\/\/techmasterdemexico.com\/producto\/multimetro-digital-de-verdadero-valor-eficaz-fluke-87v-max\/#breadcrumb","itemListElement":[{"@type":"ListItem","position":1,"name":"Portada","item":"https:\/\/techmasterdemexico.com\/"},{"@type":"ListItem","position":2,"name":"Mult\u00edmetro digital de verdadero valor eficaz Fluke 87V MAX"}]},{"@type":"WebSite","@id":"https:\/\/techmasterdemexico.com\/#website","url":"https:\/\/techmasterdemexico.com\/","name":"Techmaster de Mexico","description":"","potentialAction":[{"@type":"SearchAction","target":{"@type":"EntryPoint","urlTemplate":"https:\/\/techmasterdemexico.com\/?s={search_term_string}"},"query-input":{"@type":"PropertyValueSpecification","valueRequired":true,"valueName":"search_term_string"}}],"inLanguage":"en-US"}]}},"brands":[{"id":31,"name":"Fluke","slug":"fluke"}],"_links":{"self":[{"href":"https:\/\/techmasterdemexico.com\/en\/wp-json\/wp\/v2\/product\/8127","targetHints":{"allow":["GET"]}}],"collection":[{"href":"https:\/\/techmasterdemexico.com\/en\/wp-json\/wp\/v2\/product"}],"about":[{"href":"https:\/\/techmasterdemexico.com\/en\/wp-json\/wp\/v2\/types\/product"}],"wp:featuredmedia":[{"embeddable":true,"href":"https:\/\/techmasterdemexico.com\/en\/wp-json\/wp\/v2\/media\/21030"}],"wp:attachment":[{"href":"https:\/\/techmasterdemexico.com\/en\/wp-json\/wp\/v2\/media?parent=8127"}],"wp:term":[{"taxonomy":"pwb-brand","embeddable":true,"href":"https:\/\/techmasterdemexico.com\/en\/wp-json\/wp\/v2\/pwb-brand?post=8127"},{"taxonomy":"product_brand","embeddable":true,"href":"https:\/\/techmasterdemexico.com\/en\/wp-json\/wp\/v2\/product_brand?post=8127"},{"taxonomy":"product_cat","embeddable":true,"href":"https:\/\/techmasterdemexico.com\/en\/wp-json\/wp\/v2\/product_cat?post=8127"},{"taxonomy":"product_tag","embeddable":true,"href":"https:\/\/techmasterdemexico.com\/en\/wp-json\/wp\/v2\/product_tag?post=8127"}],"curies":[{"name":"wp","href":"https:\/\/api.w.org\/{rel}","templated":true}]}}