{"id":8126,"date":"2021-08-19T17:43:06","date_gmt":"2021-08-20T00:43:06","guid":{"rendered":"http:\/\/techmastermx.ddns.net\/producto\/kit-combinado-para-tecnicos-fluke-116-62-max\/"},"modified":"2025-06-26T12:39:14","modified_gmt":"2025-06-26T19:39:14","slug":"kit-combinado-para-tecnicos-fluke-116-62-max","status":"publish","type":"product","link":"https:\/\/techmasterdemexico.com\/en\/producto\/kit-combinado-para-tecnicos-fluke-116-62-max\/","title":{"rendered":"Kit combinado para t\u00e9cnicos Fluke 116\/62 MAX+"},"content":{"rendered":"<p>Kit combinado para t\u00e9cnicos Fluke 116\/62 MAX+<\/p>\n<p>Disponer de la herramienta correcta para el trabajo es esencial. Pero tener todas las herramientas adecuadas cuando las necesita es a\u00fan mejor. El kit combinado HVAC Fluke 116\/323 le aporta lo mejor de un mult\u00edmetro resistente y vers\u00e1til, y de unas pinzas amperim\u00e9tricas generales y de acci\u00f3n r\u00e1pida.<\/p>\n<p>El Fluke 116 se suministra con la sonda de temperatura integrada para mult\u00edmetros digitales Fluke 80BK-A. La funci\u00f3n de microamperios permite realizar medidas en sensores de llama con una precisi\u00f3n de hasta 0.1 microamperios. La funci\u00f3n AutoV\/LoZ evita las lecturas falsas producidas por voltaje fantasma. El Fluke 116 tambi\u00e9n dispone de un sistema de retroiluminaci\u00f3n de pantalla blanca para trabajar en lugares poco iluminados. Realiza medidas de resistencia, continuidad, frecuencia y capacidad, y proporciona lecturas de m\u00edn.\/m\u00e1x.\/promedio con el tiempo transcurrido para registrar las fluctuaciones de las se\u00f1ales.<\/p>\n<p>La seguridad de uso de los mult\u00edmetros Fluke 116 se determina en pruebas independientes realizadas en entornos de CAT III 600V.<\/p>\n<p>El term\u00f3metro IR Fluke 62 MAX+ es todo lo que se puede desear en la caja de herramientas. Peque\u00f1o en tama\u00f1o, extremadamente preciso y muy f\u00e1cil de usar. Clasificaci\u00f3n IP54 a prueba de polvo y agua Preciso y lo suficientemente resistente para soportar una ca\u00edda de hasta 3 metros de altura.<\/p>\n<p>Combinados, el mult\u00edmetro para climatizaci\u00f3n Fluke 116 y el term\u00f3metro IR 62 MAX+ aportan a los t\u00e9cnicos de climatizaci\u00f3n las herramientas perfectas para el trabajo.<\/p>\n","protected":false},"excerpt":{"rendered":"<ul>\n<li>Term\u00f3metro integrado para aplicaciones de calefacci\u00f3n, ventilaci\u00f3n y aire acondicionado<\/li>\n<li>Medida de microamperios para la comprobaci\u00f3n de los sensores de llama<\/li>\n<li>La funci\u00f3n de impedancia de entrada baja ayuda a evitar lecturas falsas producidas por voltaje fantasma<\/li>\n<li>Trabajo en lugares poco iluminados con la pantalla de gran tama\u00f1o con retroiluminaci\u00f3n<\/li>\n<li>Valor eficaz verdadero de voltaje y corriente de CA para obtener mediciones precisas en cargas no lineales<\/li>\n<li>Mide 10 A directamente (sobrecarga de 20 A durante 30 segundos) sin pinzas de corriente<\/li>\n<li>Resistencia, continuidad, frecuencia y capacidad<\/li>\n<li>Registro de las fluctuaciones de la se\u00f1al mediante la funci\u00f3n m\u00edn.\/m\u00e1x.\/promedio e indicaciones de tiempo transcurrido<\/li>\n<li>F\u00e1cil de usar con una mano<\/li>\n<li>Trabajo con las manos libres gracias a la opci\u00f3n de correa con im\u00e1n (ToolPak\u2122)<\/li>\n<li>Clasificaci\u00f3n de seguridad CAT III 600 V<\/li>\n<\/ul>\n<p>Term\u00f3metro IR Fluke 62 MAX+<\/p>\n<ul>\n<li>Medici\u00f3n de -30 a 650 \u00b0C (de -22 a 1202 \u00b0F)<\/li>\n<li>Extremadamente precisos: hasta +1.0 \u00b0C o +1.0 % de alcance (Fluke 62 MAX+)<\/li>\n<li>La clasificaci\u00f3n IP54 de resistencia al agua y al polvo le permite trabajar bajo cualquier condici\u00f3n climatol\u00f3gica e incluso en las zonas industriales m\u00e1s sucias o polvorientas.<\/li>\n<li>Suficientemente resistentes como para aguantar ca\u00eddas de hasta 3m. Ya no tendr\u00e1 que preocuparse si tiene que trabajar subido a una escalera.<\/li>\n<li>Peque\u00f1o y liviano; se puede enganchar al cintur\u00f3n de herramientas o a la presilla y cabe sin problemas en su caja de herramientas.<\/li>\n<li>Doble l\u00e1ser: el term\u00f3metro 62 MAX+ dispone de dos l\u00e1seres que le ayudan a identificar la zona que desea medir.<\/li>\n<\/ul>\n","protected":false},"featured_media":8770,"template":"","meta":{"_acf_changed":false},"pwb-brand":[31],"product_brand":[],"product_cat":[366,30,138],"product_tag":[],"class_list":{"0":"post-8126","1":"product","2":"type-product","3":"status-publish","4":"has-post-thumbnail","6":"pwb-brand-fluke","7":"product_cat-todos-los-productos","8":"product_cat-fluke","9":"product_cat-multimetros-digitales-fluke","11":"first","12":"outofstock","13":"taxable","14":"shipping-taxable","15":"purchasable","16":"product-type-simple"},"acf":[],"yoast_head":"<!-- This site is optimized with the Yoast SEO plugin v27.4 - https:\/\/yoast.com\/product\/yoast-seo-wordpress\/ -->\n<title>Kit combinado para t\u00e9cnicos Fluke 116\/62 MAX+ - Techmaster de Mexico<\/title>\n<meta name=\"robots\" content=\"index, follow, max-snippet:-1, max-image-preview:large, max-video-preview:-1\" \/>\n<link rel=\"canonical\" href=\"https:\/\/techmasterdemexico.com\/producto\/kit-combinado-para-tecnicos-fluke-116-62-max\/\" \/>\n<meta property=\"og:locale\" content=\"en_US\" \/>\n<meta property=\"og:type\" content=\"article\" \/>\n<meta property=\"og:title\" content=\"Kit combinado para t\u00e9cnicos Fluke 116\/62 MAX+ - Techmaster de Mexico\" \/>\n<meta property=\"og:description\" content=\"Term\u00f3metro integrado para aplicaciones de calefacci\u00f3n, ventilaci\u00f3n y aire acondicionado   Medida de microamperios para la comprobaci\u00f3n de los sensores de llama   La funci\u00f3n de impedancia de entrada baja ayuda a evitar lecturas falsas producidas por voltaje fantasma   Trabajo en lugares poco iluminados con la pantalla de gran tama\u00f1o con retroiluminaci\u00f3n   Valor eficaz verdadero de voltaje y corriente de CA para obtener mediciones precisas en cargas no lineales   Mide 10 A directamente (sobrecarga de 20 A durante 30 segundos) sin pinzas de corriente   Resistencia, continuidad, frecuencia y capacidad   Registro de las fluctuaciones de la se\u00f1al mediante la funci\u00f3n m\u00edn.\/m\u00e1x.\/promedio e indicaciones de tiempo transcurrido   F\u00e1cil de usar con una mano   Trabajo con las manos libres gracias a la opci\u00f3n de correa con im\u00e1n (ToolPak\u2122)   Clasificaci\u00f3n de seguridad CAT III 600 V   Term\u00f3metro IR Fluke 62 MAX+    Medici\u00f3n de -30 a 650 \u00b0C (de -22 a 1202 \u00b0F)   Extremadamente precisos: hasta +1.0 \u00b0C o +1.0 % de alcance (Fluke 62 MAX+)   La clasificaci\u00f3n IP54 de resistencia al agua y al polvo le permite trabajar bajo cualquier condici\u00f3n climatol\u00f3gica e incluso en las zonas industriales m\u00e1s sucias o polvorientas.   Suficientemente resistentes como para aguantar ca\u00eddas de hasta 3m. Ya no tendr\u00e1 que preocuparse si tiene que trabajar subido a una escalera.   Peque\u00f1o y liviano; se puede enganchar al cintur\u00f3n de herramientas o a la presilla y cabe sin problemas en su caja de herramientas.   Doble l\u00e1ser: el term\u00f3metro 62 MAX+ dispone de dos l\u00e1seres que le ayudan a identificar la zona que desea medir.\" \/>\n<meta property=\"og:url\" content=\"https:\/\/techmasterdemexico.com\/producto\/kit-combinado-para-tecnicos-fluke-116-62-max\/\" \/>\n<meta property=\"og:site_name\" content=\"Techmaster de Mexico\" \/>\n<meta property=\"article:modified_time\" content=\"2025-06-26T19:39:14+00:00\" \/>\n<meta property=\"og:image\" content=\"https:\/\/techmasterdemexico.com\/wp-content\/uploads\/2021\/08\/1-18.jpg\" \/>\n\t<meta property=\"og:image:width\" content=\"500\" \/>\n\t<meta property=\"og:image:height\" content=\"500\" \/>\n\t<meta property=\"og:image:type\" content=\"image\/jpeg\" \/>\n<meta name=\"twitter:card\" content=\"summary_large_image\" \/>\n<meta name=\"twitter:label1\" content=\"Est. reading time\" \/>\n\t<meta name=\"twitter:data1\" content=\"1 minute\" \/>\n<script type=\"application\/ld+json\" class=\"yoast-schema-graph\">{\"@context\":\"https:\\\/\\\/schema.org\",\"@graph\":[{\"@type\":\"WebPage\",\"@id\":\"https:\\\/\\\/techmasterdemexico.com\\\/producto\\\/kit-combinado-para-tecnicos-fluke-116-62-max\\\/\",\"url\":\"https:\\\/\\\/techmasterdemexico.com\\\/producto\\\/kit-combinado-para-tecnicos-fluke-116-62-max\\\/\",\"name\":\"Kit combinado para t\u00e9cnicos Fluke 116\\\/62 MAX+ - Techmaster de Mexico\",\"isPartOf\":{\"@id\":\"https:\\\/\\\/techmasterdemexico.com\\\/#website\"},\"primaryImageOfPage\":{\"@id\":\"https:\\\/\\\/techmasterdemexico.com\\\/producto\\\/kit-combinado-para-tecnicos-fluke-116-62-max\\\/#primaryimage\"},\"image\":{\"@id\":\"https:\\\/\\\/techmasterdemexico.com\\\/producto\\\/kit-combinado-para-tecnicos-fluke-116-62-max\\\/#primaryimage\"},\"thumbnailUrl\":\"https:\\\/\\\/techmasterdemexico.com\\\/wp-content\\\/uploads\\\/2021\\\/08\\\/1-18.jpg\",\"datePublished\":\"2021-08-20T00:43:06+00:00\",\"dateModified\":\"2025-06-26T19:39:14+00:00\",\"breadcrumb\":{\"@id\":\"https:\\\/\\\/techmasterdemexico.com\\\/producto\\\/kit-combinado-para-tecnicos-fluke-116-62-max\\\/#breadcrumb\"},\"inLanguage\":\"en-US\",\"potentialAction\":[{\"@type\":\"ReadAction\",\"target\":[\"https:\\\/\\\/techmasterdemexico.com\\\/producto\\\/kit-combinado-para-tecnicos-fluke-116-62-max\\\/\"]}]},{\"@type\":\"ImageObject\",\"inLanguage\":\"en-US\",\"@id\":\"https:\\\/\\\/techmasterdemexico.com\\\/producto\\\/kit-combinado-para-tecnicos-fluke-116-62-max\\\/#primaryimage\",\"url\":\"https:\\\/\\\/techmasterdemexico.com\\\/wp-content\\\/uploads\\\/2021\\\/08\\\/1-18.jpg\",\"contentUrl\":\"https:\\\/\\\/techmasterdemexico.com\\\/wp-content\\\/uploads\\\/2021\\\/08\\\/1-18.jpg\",\"width\":500,\"height\":500},{\"@type\":\"BreadcrumbList\",\"@id\":\"https:\\\/\\\/techmasterdemexico.com\\\/producto\\\/kit-combinado-para-tecnicos-fluke-116-62-max\\\/#breadcrumb\",\"itemListElement\":[{\"@type\":\"ListItem\",\"position\":1,\"name\":\"Portada\",\"item\":\"https:\\\/\\\/techmasterdemexico.com\\\/\"},{\"@type\":\"ListItem\",\"position\":2,\"name\":\"Kit combinado para t\u00e9cnicos Fluke 116\\\/62 MAX+\"}]},{\"@type\":\"WebSite\",\"@id\":\"https:\\\/\\\/techmasterdemexico.com\\\/#website\",\"url\":\"https:\\\/\\\/techmasterdemexico.com\\\/\",\"name\":\"Techmaster de Mexico\",\"description\":\"\",\"potentialAction\":[{\"@type\":\"SearchAction\",\"target\":{\"@type\":\"EntryPoint\",\"urlTemplate\":\"https:\\\/\\\/techmasterdemexico.com\\\/?s={search_term_string}\"},\"query-input\":{\"@type\":\"PropertyValueSpecification\",\"valueRequired\":true,\"valueName\":\"search_term_string\"}}],\"inLanguage\":\"en-US\"}]}<\/script>\n<!-- \/ Yoast SEO plugin. -->","yoast_head_json":{"title":"Kit combinado para t\u00e9cnicos Fluke 116\/62 MAX+ - Techmaster de Mexico","robots":{"index":"index","follow":"follow","max-snippet":"max-snippet:-1","max-image-preview":"max-image-preview:large","max-video-preview":"max-video-preview:-1"},"canonical":"https:\/\/techmasterdemexico.com\/producto\/kit-combinado-para-tecnicos-fluke-116-62-max\/","og_locale":"en_US","og_type":"article","og_title":"Kit combinado para t\u00e9cnicos Fluke 116\/62 MAX+ - Techmaster de Mexico","og_description":"Term\u00f3metro integrado para aplicaciones de calefacci\u00f3n, ventilaci\u00f3n y aire acondicionado   Medida de microamperios para la comprobaci\u00f3n de los sensores de llama   La funci\u00f3n de impedancia de entrada baja ayuda a evitar lecturas falsas producidas por voltaje fantasma   Trabajo en lugares poco iluminados con la pantalla de gran tama\u00f1o con retroiluminaci\u00f3n   Valor eficaz verdadero de voltaje y corriente de CA para obtener mediciones precisas en cargas no lineales   Mide 10 A directamente (sobrecarga de 20 A durante 30 segundos) sin pinzas de corriente   Resistencia, continuidad, frecuencia y capacidad   Registro de las fluctuaciones de la se\u00f1al mediante la funci\u00f3n m\u00edn.\/m\u00e1x.\/promedio e indicaciones de tiempo transcurrido   F\u00e1cil de usar con una mano   Trabajo con las manos libres gracias a la opci\u00f3n de correa con im\u00e1n (ToolPak\u2122)   Clasificaci\u00f3n de seguridad CAT III 600 V   Term\u00f3metro IR Fluke 62 MAX+    Medici\u00f3n de -30 a 650 \u00b0C (de -22 a 1202 \u00b0F)   Extremadamente precisos: hasta +1.0 \u00b0C o +1.0 % de alcance (Fluke 62 MAX+)   La clasificaci\u00f3n IP54 de resistencia al agua y al polvo le permite trabajar bajo cualquier condici\u00f3n climatol\u00f3gica e incluso en las zonas industriales m\u00e1s sucias o polvorientas.   Suficientemente resistentes como para aguantar ca\u00eddas de hasta 3m. Ya no tendr\u00e1 que preocuparse si tiene que trabajar subido a una escalera.   Peque\u00f1o y liviano; se puede enganchar al cintur\u00f3n de herramientas o a la presilla y cabe sin problemas en su caja de herramientas.   Doble l\u00e1ser: el term\u00f3metro 62 MAX+ dispone de dos l\u00e1seres que le ayudan a identificar la zona que desea medir.","og_url":"https:\/\/techmasterdemexico.com\/producto\/kit-combinado-para-tecnicos-fluke-116-62-max\/","og_site_name":"Techmaster de Mexico","article_modified_time":"2025-06-26T19:39:14+00:00","og_image":[{"width":500,"height":500,"url":"https:\/\/techmasterdemexico.com\/wp-content\/uploads\/2021\/08\/1-18.jpg","type":"image\/jpeg"}],"twitter_card":"summary_large_image","twitter_misc":{"Est. reading time":"1 minute"},"schema":{"@context":"https:\/\/schema.org","@graph":[{"@type":"WebPage","@id":"https:\/\/techmasterdemexico.com\/producto\/kit-combinado-para-tecnicos-fluke-116-62-max\/","url":"https:\/\/techmasterdemexico.com\/producto\/kit-combinado-para-tecnicos-fluke-116-62-max\/","name":"Kit combinado para t\u00e9cnicos Fluke 116\/62 MAX+ - Techmaster de Mexico","isPartOf":{"@id":"https:\/\/techmasterdemexico.com\/#website"},"primaryImageOfPage":{"@id":"https:\/\/techmasterdemexico.com\/producto\/kit-combinado-para-tecnicos-fluke-116-62-max\/#primaryimage"},"image":{"@id":"https:\/\/techmasterdemexico.com\/producto\/kit-combinado-para-tecnicos-fluke-116-62-max\/#primaryimage"},"thumbnailUrl":"https:\/\/techmasterdemexico.com\/wp-content\/uploads\/2021\/08\/1-18.jpg","datePublished":"2021-08-20T00:43:06+00:00","dateModified":"2025-06-26T19:39:14+00:00","breadcrumb":{"@id":"https:\/\/techmasterdemexico.com\/producto\/kit-combinado-para-tecnicos-fluke-116-62-max\/#breadcrumb"},"inLanguage":"en-US","potentialAction":[{"@type":"ReadAction","target":["https:\/\/techmasterdemexico.com\/producto\/kit-combinado-para-tecnicos-fluke-116-62-max\/"]}]},{"@type":"ImageObject","inLanguage":"en-US","@id":"https:\/\/techmasterdemexico.com\/producto\/kit-combinado-para-tecnicos-fluke-116-62-max\/#primaryimage","url":"https:\/\/techmasterdemexico.com\/wp-content\/uploads\/2021\/08\/1-18.jpg","contentUrl":"https:\/\/techmasterdemexico.com\/wp-content\/uploads\/2021\/08\/1-18.jpg","width":500,"height":500},{"@type":"BreadcrumbList","@id":"https:\/\/techmasterdemexico.com\/producto\/kit-combinado-para-tecnicos-fluke-116-62-max\/#breadcrumb","itemListElement":[{"@type":"ListItem","position":1,"name":"Portada","item":"https:\/\/techmasterdemexico.com\/"},{"@type":"ListItem","position":2,"name":"Kit combinado para t\u00e9cnicos Fluke 116\/62 MAX+"}]},{"@type":"WebSite","@id":"https:\/\/techmasterdemexico.com\/#website","url":"https:\/\/techmasterdemexico.com\/","name":"Techmaster de Mexico","description":"","potentialAction":[{"@type":"SearchAction","target":{"@type":"EntryPoint","urlTemplate":"https:\/\/techmasterdemexico.com\/?s={search_term_string}"},"query-input":{"@type":"PropertyValueSpecification","valueRequired":true,"valueName":"search_term_string"}}],"inLanguage":"en-US"}]}},"brands":[{"id":31,"name":"Fluke","slug":"fluke"}],"_links":{"self":[{"href":"https:\/\/techmasterdemexico.com\/en\/wp-json\/wp\/v2\/product\/8126","targetHints":{"allow":["GET"]}}],"collection":[{"href":"https:\/\/techmasterdemexico.com\/en\/wp-json\/wp\/v2\/product"}],"about":[{"href":"https:\/\/techmasterdemexico.com\/en\/wp-json\/wp\/v2\/types\/product"}],"wp:featuredmedia":[{"embeddable":true,"href":"https:\/\/techmasterdemexico.com\/en\/wp-json\/wp\/v2\/media\/8770"}],"wp:attachment":[{"href":"https:\/\/techmasterdemexico.com\/en\/wp-json\/wp\/v2\/media?parent=8126"}],"wp:term":[{"taxonomy":"pwb-brand","embeddable":true,"href":"https:\/\/techmasterdemexico.com\/en\/wp-json\/wp\/v2\/pwb-brand?post=8126"},{"taxonomy":"product_brand","embeddable":true,"href":"https:\/\/techmasterdemexico.com\/en\/wp-json\/wp\/v2\/product_brand?post=8126"},{"taxonomy":"product_cat","embeddable":true,"href":"https:\/\/techmasterdemexico.com\/en\/wp-json\/wp\/v2\/product_cat?post=8126"},{"taxonomy":"product_tag","embeddable":true,"href":"https:\/\/techmasterdemexico.com\/en\/wp-json\/wp\/v2\/product_tag?post=8126"}],"curies":[{"name":"wp","href":"https:\/\/api.w.org\/{rel}","templated":true}]}}