{"id":8125,"date":"2021-08-19T17:43:06","date_gmt":"2021-08-19T17:43:06","guid":{"rendered":"http:\/\/techmastermx.ddns.net\/producto\/kit-combinado-de-multimetro-para-electricistas-fluke-117-324\/"},"modified":"2021-12-28T22:23:04","modified_gmt":"2021-12-28T22:23:04","slug":"kit-combinado-de-multimetro-para-electricistas-fluke-117-324","status":"publish","type":"product","link":"https:\/\/techmasterdemexico.com\/en\/producto\/kit-combinado-de-multimetro-para-electricistas-fluke-117-324\/","title":{"rendered":"Kit combinado de mult\u00edmetro para electricistas Fluke 117\/324"},"content":{"rendered":"<p>Kit combinado de mult\u00edmetro para electricistas Fluke 117\/323<\/p>\n<p>Disponer de la herramienta correcta para el trabajo es esencial. Pero tener todas las herramientas adecuadas cuando las necesita es a\u00fan mejor. El kit combinado de mult\u00edmetros para electricistas Fluke 117\/323 le aporta lo mejor de un mult\u00edmetro resistente y vers\u00e1til, y de unas pinzas amperim\u00e9tricas generales y de acci\u00f3n r\u00e1pida.<\/p>\n<p>El Fluke 117 proporciona detecci\u00f3n de voltaje sin contacto, funci\u00f3n AutoV\/LoZ, lecturas de m\u00edn.\/m\u00e1x.\/promedio, adem\u00e1s de mediciones de frecuencia y capacitancia. F\u00e1cil de usar y ahorra tiempo.<\/p>\n<p>Los medidores el\u00e9ctricos deben poder manejar todo lo que surja en el trabajo. Por eso los mult\u00edmetros para electricistas Fluke 117 est\u00e1n certificados para usarse en entornos de CAT III 600 V.<\/p>\n<p>Las medidas de valor eficaz verdadero y la ergonom\u00eda optimizada hacen de las pinzas amperim\u00e9tricas de valor eficaz verdadero Fluke 323 las mejores pinzas amperim\u00e9tricas de uso general para los electricistas comerciales y residenciales. El modelo Fluke 323 resulta especialmente id\u00f3neo para realizar mediciones de corriente de hasta 400 A en espacios reducidos.<\/p>\n<p>Combinados, el mult\u00edmetro para electricistas Fluke 117 y las pinzas amperim\u00e9tricas de valor eficaz verdadero 323 aportan a los electricistas las herramientas perfectas para el trabajo.<\/p>\n","protected":false},"excerpt":{"rendered":"<ul>\n<li>Prueba de tipo &#8220;superada\/no superada&#8221; r\u00e1pida con detecci\u00f3n de voltaje sin contacto VoltAlert\u2122<\/li>\n<li>Funci\u00f3n AutoVolt para selecci\u00f3n autom\u00e1tica del voltaje CA\/CC<\/li>\n<li>La funci\u00f3n de impedancia de entrada baja ayuda a evitar lecturas falsas producidas por voltaje fantasma<\/li>\n<li>Trabajo en lugares poco iluminados con la pantalla de gran tama\u00f1o con retroiluminaci\u00f3n<\/li>\n<li>Valor eficaz verdadero de voltaje y corriente para obtener mediciones precisas en cargas no lineales<\/li>\n<li>Mide 10 A directamente (sobrecarga de 20 A durante 30 segundos) sin pinzas de corriente<\/li>\n<li>Resistencia, continuidad, frecuencia y capacidad<\/li>\n<li>Registro de las fluctuaciones de la se\u00f1al mediante la funci\u00f3n m\u00edn.\/m\u00e1x.\/promedio e indicaciones de tiempo transcurrido<\/li>\n<li>F\u00e1cil de usar con una mano<\/li>\n<li>Trabajo con las manos libres gracias a la opci\u00f3n de correa con im\u00e1n (ToolPak\u2122)<\/li>\n<li>Clasificaci\u00f3n de seguridad CAT III 600 V<\/li>\n<\/ul>\n<p>Pinza amperim\u00e9trica de valor eficaz verdadero Fluke 323<\/p>\n<ul>\n<li>Medida de corriente CA de 400 A<\/li>\n<li>Medida de voltaje de CA y CC de 600 V<\/li>\n<li>Voltaje y corriente de CA con valor eficaz verdadero para obtener mediciones exactas en se\u00f1ales no lineales<\/li>\n<li>Medida de resistencia de hasta 40 k? con detecci\u00f3n de continuidad<\/li>\n<\/ul>\n","protected":false},"featured_media":8767,"template":"","meta":{"_acf_changed":false},"pwb-brand":[31],"product_brand":[],"product_cat":[366,30,138],"product_tag":[],"class_list":{"0":"post-8125","1":"product","2":"type-product","3":"status-publish","4":"has-post-thumbnail","6":"pwb-brand-fluke","7":"product_cat-todos-los-productos","8":"product_cat-fluke","9":"product_cat-multimetros-digitales-fluke","11":"first","12":"instock","13":"taxable","14":"shipping-taxable","15":"product-type-simple"},"acf":[],"yoast_head":"<!-- This site is optimized with the Yoast SEO plugin v27.4 - https:\/\/yoast.com\/product\/yoast-seo-wordpress\/ -->\n<title>Kit combinado de mult\u00edmetro para electricistas Fluke 117\/324 - Techmaster de Mexico<\/title>\n<meta name=\"robots\" content=\"index, follow, max-snippet:-1, max-image-preview:large, max-video-preview:-1\" \/>\n<link rel=\"canonical\" href=\"https:\/\/techmasterdemexico.com\/producto\/kit-combinado-de-multimetro-para-electricistas-fluke-117-324\/\" \/>\n<meta property=\"og:locale\" content=\"en_US\" \/>\n<meta property=\"og:type\" content=\"article\" \/>\n<meta property=\"og:title\" content=\"Kit combinado de mult\u00edmetro para electricistas Fluke 117\/324 - Techmaster de Mexico\" \/>\n<meta property=\"og:description\" content=\"Prueba de tipo &quot;superada\/no superada&quot; r\u00e1pida con detecci\u00f3n de voltaje sin contacto VoltAlert\u2122   Funci\u00f3n AutoVolt para selecci\u00f3n autom\u00e1tica del voltaje CA\/CC   La funci\u00f3n de impedancia de entrada baja ayuda a evitar lecturas falsas producidas por voltaje fantasma   Trabajo en lugares poco iluminados con la pantalla de gran tama\u00f1o con retroiluminaci\u00f3n   Valor eficaz verdadero de voltaje y corriente para obtener mediciones precisas en cargas no lineales   Mide 10 A directamente (sobrecarga de 20 A durante 30 segundos) sin pinzas de corriente   Resistencia, continuidad, frecuencia y capacidad   Registro de las fluctuaciones de la se\u00f1al mediante la funci\u00f3n m\u00edn.\/m\u00e1x.\/promedio e indicaciones de tiempo transcurrido   F\u00e1cil de usar con una mano   Trabajo con las manos libres gracias a la opci\u00f3n de correa con im\u00e1n (ToolPak\u2122)   Clasificaci\u00f3n de seguridad CAT III 600 V   Pinza amperim\u00e9trica de valor eficaz verdadero Fluke 323    Medida de corriente CA de 400 A   Medida de voltaje de CA y CC de 600 V   Voltaje y corriente de CA con valor eficaz verdadero para obtener mediciones exactas en se\u00f1ales no lineales   Medida de resistencia de hasta 40 k? con detecci\u00f3n de continuidad\" \/>\n<meta property=\"og:url\" content=\"https:\/\/techmasterdemexico.com\/producto\/kit-combinado-de-multimetro-para-electricistas-fluke-117-324\/\" \/>\n<meta property=\"og:site_name\" content=\"Techmaster de Mexico\" \/>\n<meta property=\"article:modified_time\" content=\"2021-12-28T22:23:04+00:00\" \/>\n<meta property=\"og:image\" content=\"https:\/\/techmasterdemexico.com\/wp-content\/uploads\/2021\/08\/1-17.jpg\" \/>\n\t<meta property=\"og:image:width\" content=\"500\" \/>\n\t<meta property=\"og:image:height\" content=\"500\" \/>\n\t<meta property=\"og:image:type\" content=\"image\/jpeg\" \/>\n<meta name=\"twitter:card\" content=\"summary_large_image\" \/>\n<meta name=\"twitter:label1\" content=\"Est. reading time\" \/>\n\t<meta name=\"twitter:data1\" content=\"1 minute\" \/>\n<script type=\"application\/ld+json\" class=\"yoast-schema-graph\">{\"@context\":\"https:\\\/\\\/schema.org\",\"@graph\":[{\"@type\":\"WebPage\",\"@id\":\"https:\\\/\\\/techmasterdemexico.com\\\/producto\\\/kit-combinado-de-multimetro-para-electricistas-fluke-117-324\\\/\",\"url\":\"https:\\\/\\\/techmasterdemexico.com\\\/producto\\\/kit-combinado-de-multimetro-para-electricistas-fluke-117-324\\\/\",\"name\":\"Kit combinado de mult\u00edmetro para electricistas Fluke 117\\\/324 - Techmaster de Mexico\",\"isPartOf\":{\"@id\":\"https:\\\/\\\/techmasterdemexico.com\\\/#website\"},\"primaryImageOfPage\":{\"@id\":\"https:\\\/\\\/techmasterdemexico.com\\\/producto\\\/kit-combinado-de-multimetro-para-electricistas-fluke-117-324\\\/#primaryimage\"},\"image\":{\"@id\":\"https:\\\/\\\/techmasterdemexico.com\\\/producto\\\/kit-combinado-de-multimetro-para-electricistas-fluke-117-324\\\/#primaryimage\"},\"thumbnailUrl\":\"https:\\\/\\\/techmasterdemexico.com\\\/wp-content\\\/uploads\\\/2021\\\/08\\\/1-17.jpg\",\"datePublished\":\"2021-08-19T17:43:06+00:00\",\"dateModified\":\"2021-12-28T22:23:04+00:00\",\"breadcrumb\":{\"@id\":\"https:\\\/\\\/techmasterdemexico.com\\\/producto\\\/kit-combinado-de-multimetro-para-electricistas-fluke-117-324\\\/#breadcrumb\"},\"inLanguage\":\"en-US\",\"potentialAction\":[{\"@type\":\"ReadAction\",\"target\":[\"https:\\\/\\\/techmasterdemexico.com\\\/producto\\\/kit-combinado-de-multimetro-para-electricistas-fluke-117-324\\\/\"]}]},{\"@type\":\"ImageObject\",\"inLanguage\":\"en-US\",\"@id\":\"https:\\\/\\\/techmasterdemexico.com\\\/producto\\\/kit-combinado-de-multimetro-para-electricistas-fluke-117-324\\\/#primaryimage\",\"url\":\"https:\\\/\\\/techmasterdemexico.com\\\/wp-content\\\/uploads\\\/2021\\\/08\\\/1-17.jpg\",\"contentUrl\":\"https:\\\/\\\/techmasterdemexico.com\\\/wp-content\\\/uploads\\\/2021\\\/08\\\/1-17.jpg\",\"width\":500,\"height\":500},{\"@type\":\"BreadcrumbList\",\"@id\":\"https:\\\/\\\/techmasterdemexico.com\\\/producto\\\/kit-combinado-de-multimetro-para-electricistas-fluke-117-324\\\/#breadcrumb\",\"itemListElement\":[{\"@type\":\"ListItem\",\"position\":1,\"name\":\"Portada\",\"item\":\"https:\\\/\\\/techmasterdemexico.com\\\/\"},{\"@type\":\"ListItem\",\"position\":2,\"name\":\"Kit combinado de mult\u00edmetro para electricistas Fluke 117\\\/324\"}]},{\"@type\":\"WebSite\",\"@id\":\"https:\\\/\\\/techmasterdemexico.com\\\/#website\",\"url\":\"https:\\\/\\\/techmasterdemexico.com\\\/\",\"name\":\"Techmaster de Mexico\",\"description\":\"\",\"potentialAction\":[{\"@type\":\"SearchAction\",\"target\":{\"@type\":\"EntryPoint\",\"urlTemplate\":\"https:\\\/\\\/techmasterdemexico.com\\\/?s={search_term_string}\"},\"query-input\":{\"@type\":\"PropertyValueSpecification\",\"valueRequired\":true,\"valueName\":\"search_term_string\"}}],\"inLanguage\":\"en-US\"}]}<\/script>\n<!-- \/ Yoast SEO plugin. -->","yoast_head_json":{"title":"Kit combinado de mult\u00edmetro para electricistas Fluke 117\/324 - Techmaster de Mexico","robots":{"index":"index","follow":"follow","max-snippet":"max-snippet:-1","max-image-preview":"max-image-preview:large","max-video-preview":"max-video-preview:-1"},"canonical":"https:\/\/techmasterdemexico.com\/producto\/kit-combinado-de-multimetro-para-electricistas-fluke-117-324\/","og_locale":"en_US","og_type":"article","og_title":"Kit combinado de mult\u00edmetro para electricistas Fluke 117\/324 - Techmaster de Mexico","og_description":"Prueba de tipo \"superada\/no superada\" r\u00e1pida con detecci\u00f3n de voltaje sin contacto VoltAlert\u2122   Funci\u00f3n AutoVolt para selecci\u00f3n autom\u00e1tica del voltaje CA\/CC   La funci\u00f3n de impedancia de entrada baja ayuda a evitar lecturas falsas producidas por voltaje fantasma   Trabajo en lugares poco iluminados con la pantalla de gran tama\u00f1o con retroiluminaci\u00f3n   Valor eficaz verdadero de voltaje y corriente para obtener mediciones precisas en cargas no lineales   Mide 10 A directamente (sobrecarga de 20 A durante 30 segundos) sin pinzas de corriente   Resistencia, continuidad, frecuencia y capacidad   Registro de las fluctuaciones de la se\u00f1al mediante la funci\u00f3n m\u00edn.\/m\u00e1x.\/promedio e indicaciones de tiempo transcurrido   F\u00e1cil de usar con una mano   Trabajo con las manos libres gracias a la opci\u00f3n de correa con im\u00e1n (ToolPak\u2122)   Clasificaci\u00f3n de seguridad CAT III 600 V   Pinza amperim\u00e9trica de valor eficaz verdadero Fluke 323    Medida de corriente CA de 400 A   Medida de voltaje de CA y CC de 600 V   Voltaje y corriente de CA con valor eficaz verdadero para obtener mediciones exactas en se\u00f1ales no lineales   Medida de resistencia de hasta 40 k? con detecci\u00f3n de continuidad","og_url":"https:\/\/techmasterdemexico.com\/producto\/kit-combinado-de-multimetro-para-electricistas-fluke-117-324\/","og_site_name":"Techmaster de Mexico","article_modified_time":"2021-12-28T22:23:04+00:00","og_image":[{"width":500,"height":500,"url":"https:\/\/techmasterdemexico.com\/wp-content\/uploads\/2021\/08\/1-17.jpg","type":"image\/jpeg"}],"twitter_card":"summary_large_image","twitter_misc":{"Est. reading time":"1 minute"},"schema":{"@context":"https:\/\/schema.org","@graph":[{"@type":"WebPage","@id":"https:\/\/techmasterdemexico.com\/producto\/kit-combinado-de-multimetro-para-electricistas-fluke-117-324\/","url":"https:\/\/techmasterdemexico.com\/producto\/kit-combinado-de-multimetro-para-electricistas-fluke-117-324\/","name":"Kit combinado de mult\u00edmetro para electricistas Fluke 117\/324 - Techmaster de Mexico","isPartOf":{"@id":"https:\/\/techmasterdemexico.com\/#website"},"primaryImageOfPage":{"@id":"https:\/\/techmasterdemexico.com\/producto\/kit-combinado-de-multimetro-para-electricistas-fluke-117-324\/#primaryimage"},"image":{"@id":"https:\/\/techmasterdemexico.com\/producto\/kit-combinado-de-multimetro-para-electricistas-fluke-117-324\/#primaryimage"},"thumbnailUrl":"https:\/\/techmasterdemexico.com\/wp-content\/uploads\/2021\/08\/1-17.jpg","datePublished":"2021-08-19T17:43:06+00:00","dateModified":"2021-12-28T22:23:04+00:00","breadcrumb":{"@id":"https:\/\/techmasterdemexico.com\/producto\/kit-combinado-de-multimetro-para-electricistas-fluke-117-324\/#breadcrumb"},"inLanguage":"en-US","potentialAction":[{"@type":"ReadAction","target":["https:\/\/techmasterdemexico.com\/producto\/kit-combinado-de-multimetro-para-electricistas-fluke-117-324\/"]}]},{"@type":"ImageObject","inLanguage":"en-US","@id":"https:\/\/techmasterdemexico.com\/producto\/kit-combinado-de-multimetro-para-electricistas-fluke-117-324\/#primaryimage","url":"https:\/\/techmasterdemexico.com\/wp-content\/uploads\/2021\/08\/1-17.jpg","contentUrl":"https:\/\/techmasterdemexico.com\/wp-content\/uploads\/2021\/08\/1-17.jpg","width":500,"height":500},{"@type":"BreadcrumbList","@id":"https:\/\/techmasterdemexico.com\/producto\/kit-combinado-de-multimetro-para-electricistas-fluke-117-324\/#breadcrumb","itemListElement":[{"@type":"ListItem","position":1,"name":"Portada","item":"https:\/\/techmasterdemexico.com\/"},{"@type":"ListItem","position":2,"name":"Kit combinado de mult\u00edmetro para electricistas Fluke 117\/324"}]},{"@type":"WebSite","@id":"https:\/\/techmasterdemexico.com\/#website","url":"https:\/\/techmasterdemexico.com\/","name":"Techmaster de Mexico","description":"","potentialAction":[{"@type":"SearchAction","target":{"@type":"EntryPoint","urlTemplate":"https:\/\/techmasterdemexico.com\/?s={search_term_string}"},"query-input":{"@type":"PropertyValueSpecification","valueRequired":true,"valueName":"search_term_string"}}],"inLanguage":"en-US"}]}},"brands":[{"id":31,"name":"Fluke","slug":"fluke"}],"_links":{"self":[{"href":"https:\/\/techmasterdemexico.com\/en\/wp-json\/wp\/v2\/product\/8125","targetHints":{"allow":["GET"]}}],"collection":[{"href":"https:\/\/techmasterdemexico.com\/en\/wp-json\/wp\/v2\/product"}],"about":[{"href":"https:\/\/techmasterdemexico.com\/en\/wp-json\/wp\/v2\/types\/product"}],"wp:featuredmedia":[{"embeddable":true,"href":"https:\/\/techmasterdemexico.com\/en\/wp-json\/wp\/v2\/media\/8767"}],"wp:attachment":[{"href":"https:\/\/techmasterdemexico.com\/en\/wp-json\/wp\/v2\/media?parent=8125"}],"wp:term":[{"taxonomy":"pwb-brand","embeddable":true,"href":"https:\/\/techmasterdemexico.com\/en\/wp-json\/wp\/v2\/pwb-brand?post=8125"},{"taxonomy":"product_brand","embeddable":true,"href":"https:\/\/techmasterdemexico.com\/en\/wp-json\/wp\/v2\/product_brand?post=8125"},{"taxonomy":"product_cat","embeddable":true,"href":"https:\/\/techmasterdemexico.com\/en\/wp-json\/wp\/v2\/product_cat?post=8125"},{"taxonomy":"product_tag","embeddable":true,"href":"https:\/\/techmasterdemexico.com\/en\/wp-json\/wp\/v2\/product_tag?post=8125"}],"curies":[{"name":"wp","href":"https:\/\/api.w.org\/{rel}","templated":true}]}}