{"id":8124,"date":"2021-08-19T17:43:05","date_gmt":"2021-08-19T17:43:05","guid":{"rendered":"http:\/\/techmastermx.ddns.net\/producto\/herramienta-de-alineacion-de-eje-laser-fluke-830\/"},"modified":"2021-12-28T22:23:06","modified_gmt":"2021-12-28T22:23:06","slug":"herramienta-de-alineacion-de-eje-laser-fluke-830","status":"publish","type":"product","link":"https:\/\/techmasterdemexico.com\/en\/producto\/herramienta-de-alineacion-de-eje-laser-fluke-830\/","title":{"rendered":"Herramienta de alineaci\u00f3n de eje l\u00e1ser Fluke 830"},"content":{"rendered":"<p>Herramienta de alineaci\u00f3n de eje l\u00e1ser Fluke 830<\/p>\n<p>La Herramienta de alineaci\u00f3n de ejes l\u00e1ser Fluke 830 es la herramienta de prueba ideal para la alineaci\u00f3n precisa de ejes giratorios en sus instalaciones.<\/p>\n<p>Es un hecho conocido: toda maquinaria giratoria es susceptible a desalineaciones. Si todav\u00eda usa reglas e indicadores de cuadrante para asegurarse de que su maquinaria giratoria se encuentra adecuadamente alineada, es posible que est\u00e9 perdiendo miles de d\u00f3lares por a\u00f1o en costos de rodamientos de repuesto, horas innecesarias de reparaci\u00f3n y tiempo fuera de servicio no planeado, sin considerar la disminuci\u00f3n en la vida \u00fatil de su maquinaria.<\/p>\n<p>La Herramienta de alineaci\u00f3n de ejes l\u00e1ser Fluke 830 es f\u00e1cil de usar, lo que le proporciona de manera r\u00e1pida y precisa respuestas pr\u00e1cticas que mantendr\u00e1n su planta en funcionamiento. Cuando se trata de la alineaci\u00f3n de ejes por l\u00e1ser, los datos son buenos, pero las respuestas que se brindan son mejores.<\/p>\n<p>En contraposici\u00f3n con el m\u00e9todo de borde recto o los indicadores de cuadrante, Fluke 830 realiza los c\u00e1lculos de alineaci\u00f3n complicados por usted, lo que significa que obtendr\u00e1 las respuestas que necesita para alinear en forma r\u00e1pida su m\u00e1quina y tener su planta en funcionamiento lo antes posible. Una interfaz de usuario mejorada provee resultados f\u00e1cil de entender que no necesitan de conocimientos avanzados en alineaci\u00f3n. Asimismo, la pantalla de resultados \u201cTodo en uno\u201d le muestra tanto los resultados de acople y correcciones de pies (verticales y horizontales) en t\u00e9rminos reales que hacen simple llevar a cabo acciones correctivas.<\/p>\n<p>Dado que el tiempo fuera de servicio de las m\u00e1quinas es costoso, la repetibilidad de pruebas es indispensable. El Fluke 830 utiliza un sistema patentado de alineaci\u00f3n de precisi\u00f3n de \u00fanico l\u00e1ser que provee resultados de medici\u00f3n precisos y repetibles, por lo que puede asegurarse de abordar los problemas de alineaci\u00f3n en forma adecuada.<\/p>\n","protected":false},"excerpt":{"rendered":"<ul>\n<li>La tecnolog\u00eda para la medici\u00f3n por l\u00e1ser \u00fanico implica menos errores de simetr\u00eda, lo que origina una mayor precisi\u00f3n de los datos.<\/li>\n<li>La interfaz de usuario intuitiva y guiada completa las alineaciones del equipo de manera r\u00e1pida y f\u00e1cil<\/li>\n<li>El modo de medici\u00f3n por br\u00fajula permite efectuar mediciones flexibles, confiables y repetibles con la usaci\u00f3n de un inclin\u00f3metro electr\u00f3nico activado.<\/li>\n<li>La verificaci\u00f3n din\u00e1mica de la tolerancia del equipo le proporciona una evaluaci\u00f3n permanente de los ajustes de alineaci\u00f3n, de manera que usted sabe cu\u00e1ndo su equipo se encuentra dentro de los valores aceptables<\/li>\n<li>El modo extendido \u00fanico maneja las alineaciones incorrectas graves mediante el aumento del tama\u00f1o del detector l\u00e1ser<\/li>\n<li>La protecci\u00f3n de datos asegura que sus datos est\u00e1n all\u00ed cuando usted los necesite, con la capacidad de guardado autom\u00e1tico y reanudaci\u00f3n.<\/li>\n<\/ul>\n","protected":false},"featured_media":8779,"template":"","meta":{"_acf_changed":false},"pwb-brand":[31],"product_brand":[],"product_cat":[366,137,30],"product_tag":[],"class_list":{"0":"post-8124","1":"product","2":"type-product","3":"status-publish","4":"has-post-thumbnail","6":"pwb-brand-fluke","7":"product_cat-todos-los-productos","8":"product_cat-alineacion-laser","9":"product_cat-fluke","11":"first","12":"instock","13":"taxable","14":"shipping-taxable","15":"product-type-simple"},"acf":[],"yoast_head":"<!-- This site is optimized with the Yoast SEO plugin v27.4 - https:\/\/yoast.com\/product\/yoast-seo-wordpress\/ -->\n<title>Herramienta de alineaci\u00f3n de eje l\u00e1ser Fluke 830 - Techmaster de Mexico<\/title>\n<meta name=\"robots\" content=\"index, follow, max-snippet:-1, max-image-preview:large, max-video-preview:-1\" \/>\n<link rel=\"canonical\" href=\"https:\/\/techmasterdemexico.com\/producto\/herramienta-de-alineacion-de-eje-laser-fluke-830\/\" \/>\n<meta property=\"og:locale\" content=\"en_US\" \/>\n<meta property=\"og:type\" content=\"article\" \/>\n<meta property=\"og:title\" content=\"Herramienta de alineaci\u00f3n de eje l\u00e1ser Fluke 830 - Techmaster de Mexico\" \/>\n<meta property=\"og:description\" content=\"La tecnolog\u00eda para la medici\u00f3n por l\u00e1ser \u00fanico implica menos errores de simetr\u00eda, lo que origina una mayor precisi\u00f3n de los datos.   La interfaz de usuario intuitiva y guiada completa las alineaciones del equipo de manera r\u00e1pida y f\u00e1cil   El modo de medici\u00f3n por br\u00fajula permite efectuar mediciones flexibles, confiables y repetibles con la usaci\u00f3n de un inclin\u00f3metro electr\u00f3nico activado.   La verificaci\u00f3n din\u00e1mica de la tolerancia del equipo le proporciona una evaluaci\u00f3n permanente de los ajustes de alineaci\u00f3n, de manera que usted sabe cu\u00e1ndo su equipo se encuentra dentro de los valores aceptables   El modo extendido \u00fanico maneja las alineaciones incorrectas graves mediante el aumento del tama\u00f1o del detector l\u00e1ser   La protecci\u00f3n de datos asegura que sus datos est\u00e1n all\u00ed cuando usted los necesite, con la capacidad de guardado autom\u00e1tico y reanudaci\u00f3n.\" \/>\n<meta property=\"og:url\" content=\"https:\/\/techmasterdemexico.com\/producto\/herramienta-de-alineacion-de-eje-laser-fluke-830\/\" \/>\n<meta property=\"og:site_name\" content=\"Techmaster de Mexico\" \/>\n<meta property=\"article:modified_time\" content=\"2021-12-28T22:23:06+00:00\" \/>\n<meta property=\"og:image\" content=\"https:\/\/techmasterdemexico.com\/wp-content\/uploads\/2021\/08\/1-20.jpg\" \/>\n\t<meta property=\"og:image:width\" content=\"500\" \/>\n\t<meta property=\"og:image:height\" content=\"500\" \/>\n\t<meta property=\"og:image:type\" content=\"image\/jpeg\" \/>\n<meta name=\"twitter:card\" content=\"summary_large_image\" \/>\n<meta name=\"twitter:label1\" content=\"Est. reading time\" \/>\n\t<meta name=\"twitter:data1\" content=\"2 minutes\" \/>\n<script type=\"application\/ld+json\" class=\"yoast-schema-graph\">{\"@context\":\"https:\\\/\\\/schema.org\",\"@graph\":[{\"@type\":\"WebPage\",\"@id\":\"https:\\\/\\\/techmasterdemexico.com\\\/producto\\\/herramienta-de-alineacion-de-eje-laser-fluke-830\\\/\",\"url\":\"https:\\\/\\\/techmasterdemexico.com\\\/producto\\\/herramienta-de-alineacion-de-eje-laser-fluke-830\\\/\",\"name\":\"Herramienta de alineaci\u00f3n de eje l\u00e1ser Fluke 830 - Techmaster de Mexico\",\"isPartOf\":{\"@id\":\"https:\\\/\\\/techmasterdemexico.com\\\/#website\"},\"primaryImageOfPage\":{\"@id\":\"https:\\\/\\\/techmasterdemexico.com\\\/producto\\\/herramienta-de-alineacion-de-eje-laser-fluke-830\\\/#primaryimage\"},\"image\":{\"@id\":\"https:\\\/\\\/techmasterdemexico.com\\\/producto\\\/herramienta-de-alineacion-de-eje-laser-fluke-830\\\/#primaryimage\"},\"thumbnailUrl\":\"https:\\\/\\\/techmasterdemexico.com\\\/wp-content\\\/uploads\\\/2021\\\/08\\\/1-20.jpg\",\"datePublished\":\"2021-08-19T17:43:05+00:00\",\"dateModified\":\"2021-12-28T22:23:06+00:00\",\"breadcrumb\":{\"@id\":\"https:\\\/\\\/techmasterdemexico.com\\\/producto\\\/herramienta-de-alineacion-de-eje-laser-fluke-830\\\/#breadcrumb\"},\"inLanguage\":\"en-US\",\"potentialAction\":[{\"@type\":\"ReadAction\",\"target\":[\"https:\\\/\\\/techmasterdemexico.com\\\/producto\\\/herramienta-de-alineacion-de-eje-laser-fluke-830\\\/\"]}]},{\"@type\":\"ImageObject\",\"inLanguage\":\"en-US\",\"@id\":\"https:\\\/\\\/techmasterdemexico.com\\\/producto\\\/herramienta-de-alineacion-de-eje-laser-fluke-830\\\/#primaryimage\",\"url\":\"https:\\\/\\\/techmasterdemexico.com\\\/wp-content\\\/uploads\\\/2021\\\/08\\\/1-20.jpg\",\"contentUrl\":\"https:\\\/\\\/techmasterdemexico.com\\\/wp-content\\\/uploads\\\/2021\\\/08\\\/1-20.jpg\",\"width\":500,\"height\":500},{\"@type\":\"BreadcrumbList\",\"@id\":\"https:\\\/\\\/techmasterdemexico.com\\\/producto\\\/herramienta-de-alineacion-de-eje-laser-fluke-830\\\/#breadcrumb\",\"itemListElement\":[{\"@type\":\"ListItem\",\"position\":1,\"name\":\"Portada\",\"item\":\"https:\\\/\\\/techmasterdemexico.com\\\/\"},{\"@type\":\"ListItem\",\"position\":2,\"name\":\"Herramienta de alineaci\u00f3n de eje l\u00e1ser Fluke 830\"}]},{\"@type\":\"WebSite\",\"@id\":\"https:\\\/\\\/techmasterdemexico.com\\\/#website\",\"url\":\"https:\\\/\\\/techmasterdemexico.com\\\/\",\"name\":\"Techmaster de Mexico\",\"description\":\"\",\"potentialAction\":[{\"@type\":\"SearchAction\",\"target\":{\"@type\":\"EntryPoint\",\"urlTemplate\":\"https:\\\/\\\/techmasterdemexico.com\\\/?s={search_term_string}\"},\"query-input\":{\"@type\":\"PropertyValueSpecification\",\"valueRequired\":true,\"valueName\":\"search_term_string\"}}],\"inLanguage\":\"en-US\"}]}<\/script>\n<!-- \/ Yoast SEO plugin. -->","yoast_head_json":{"title":"Herramienta de alineaci\u00f3n de eje l\u00e1ser Fluke 830 - Techmaster de Mexico","robots":{"index":"index","follow":"follow","max-snippet":"max-snippet:-1","max-image-preview":"max-image-preview:large","max-video-preview":"max-video-preview:-1"},"canonical":"https:\/\/techmasterdemexico.com\/producto\/herramienta-de-alineacion-de-eje-laser-fluke-830\/","og_locale":"en_US","og_type":"article","og_title":"Herramienta de alineaci\u00f3n de eje l\u00e1ser Fluke 830 - Techmaster de Mexico","og_description":"La tecnolog\u00eda para la medici\u00f3n por l\u00e1ser \u00fanico implica menos errores de simetr\u00eda, lo que origina una mayor precisi\u00f3n de los datos.   La interfaz de usuario intuitiva y guiada completa las alineaciones del equipo de manera r\u00e1pida y f\u00e1cil   El modo de medici\u00f3n por br\u00fajula permite efectuar mediciones flexibles, confiables y repetibles con la usaci\u00f3n de un inclin\u00f3metro electr\u00f3nico activado.   La verificaci\u00f3n din\u00e1mica de la tolerancia del equipo le proporciona una evaluaci\u00f3n permanente de los ajustes de alineaci\u00f3n, de manera que usted sabe cu\u00e1ndo su equipo se encuentra dentro de los valores aceptables   El modo extendido \u00fanico maneja las alineaciones incorrectas graves mediante el aumento del tama\u00f1o del detector l\u00e1ser   La protecci\u00f3n de datos asegura que sus datos est\u00e1n all\u00ed cuando usted los necesite, con la capacidad de guardado autom\u00e1tico y reanudaci\u00f3n.","og_url":"https:\/\/techmasterdemexico.com\/producto\/herramienta-de-alineacion-de-eje-laser-fluke-830\/","og_site_name":"Techmaster de Mexico","article_modified_time":"2021-12-28T22:23:06+00:00","og_image":[{"width":500,"height":500,"url":"https:\/\/techmasterdemexico.com\/wp-content\/uploads\/2021\/08\/1-20.jpg","type":"image\/jpeg"}],"twitter_card":"summary_large_image","twitter_misc":{"Est. reading time":"2 minutes"},"schema":{"@context":"https:\/\/schema.org","@graph":[{"@type":"WebPage","@id":"https:\/\/techmasterdemexico.com\/producto\/herramienta-de-alineacion-de-eje-laser-fluke-830\/","url":"https:\/\/techmasterdemexico.com\/producto\/herramienta-de-alineacion-de-eje-laser-fluke-830\/","name":"Herramienta de alineaci\u00f3n de eje l\u00e1ser Fluke 830 - Techmaster de Mexico","isPartOf":{"@id":"https:\/\/techmasterdemexico.com\/#website"},"primaryImageOfPage":{"@id":"https:\/\/techmasterdemexico.com\/producto\/herramienta-de-alineacion-de-eje-laser-fluke-830\/#primaryimage"},"image":{"@id":"https:\/\/techmasterdemexico.com\/producto\/herramienta-de-alineacion-de-eje-laser-fluke-830\/#primaryimage"},"thumbnailUrl":"https:\/\/techmasterdemexico.com\/wp-content\/uploads\/2021\/08\/1-20.jpg","datePublished":"2021-08-19T17:43:05+00:00","dateModified":"2021-12-28T22:23:06+00:00","breadcrumb":{"@id":"https:\/\/techmasterdemexico.com\/producto\/herramienta-de-alineacion-de-eje-laser-fluke-830\/#breadcrumb"},"inLanguage":"en-US","potentialAction":[{"@type":"ReadAction","target":["https:\/\/techmasterdemexico.com\/producto\/herramienta-de-alineacion-de-eje-laser-fluke-830\/"]}]},{"@type":"ImageObject","inLanguage":"en-US","@id":"https:\/\/techmasterdemexico.com\/producto\/herramienta-de-alineacion-de-eje-laser-fluke-830\/#primaryimage","url":"https:\/\/techmasterdemexico.com\/wp-content\/uploads\/2021\/08\/1-20.jpg","contentUrl":"https:\/\/techmasterdemexico.com\/wp-content\/uploads\/2021\/08\/1-20.jpg","width":500,"height":500},{"@type":"BreadcrumbList","@id":"https:\/\/techmasterdemexico.com\/producto\/herramienta-de-alineacion-de-eje-laser-fluke-830\/#breadcrumb","itemListElement":[{"@type":"ListItem","position":1,"name":"Portada","item":"https:\/\/techmasterdemexico.com\/"},{"@type":"ListItem","position":2,"name":"Herramienta de alineaci\u00f3n de eje l\u00e1ser Fluke 830"}]},{"@type":"WebSite","@id":"https:\/\/techmasterdemexico.com\/#website","url":"https:\/\/techmasterdemexico.com\/","name":"Techmaster de Mexico","description":"","potentialAction":[{"@type":"SearchAction","target":{"@type":"EntryPoint","urlTemplate":"https:\/\/techmasterdemexico.com\/?s={search_term_string}"},"query-input":{"@type":"PropertyValueSpecification","valueRequired":true,"valueName":"search_term_string"}}],"inLanguage":"en-US"}]}},"brands":[{"id":31,"name":"Fluke","slug":"fluke"}],"_links":{"self":[{"href":"https:\/\/techmasterdemexico.com\/en\/wp-json\/wp\/v2\/product\/8124","targetHints":{"allow":["GET"]}}],"collection":[{"href":"https:\/\/techmasterdemexico.com\/en\/wp-json\/wp\/v2\/product"}],"about":[{"href":"https:\/\/techmasterdemexico.com\/en\/wp-json\/wp\/v2\/types\/product"}],"wp:featuredmedia":[{"embeddable":true,"href":"https:\/\/techmasterdemexico.com\/en\/wp-json\/wp\/v2\/media\/8779"}],"wp:attachment":[{"href":"https:\/\/techmasterdemexico.com\/en\/wp-json\/wp\/v2\/media?parent=8124"}],"wp:term":[{"taxonomy":"pwb-brand","embeddable":true,"href":"https:\/\/techmasterdemexico.com\/en\/wp-json\/wp\/v2\/pwb-brand?post=8124"},{"taxonomy":"product_brand","embeddable":true,"href":"https:\/\/techmasterdemexico.com\/en\/wp-json\/wp\/v2\/product_brand?post=8124"},{"taxonomy":"product_cat","embeddable":true,"href":"https:\/\/techmasterdemexico.com\/en\/wp-json\/wp\/v2\/product_cat?post=8124"},{"taxonomy":"product_tag","embeddable":true,"href":"https:\/\/techmasterdemexico.com\/en\/wp-json\/wp\/v2\/product_tag?post=8124"}],"curies":[{"name":"wp","href":"https:\/\/api.w.org\/{rel}","templated":true}]}}