{"id":8123,"date":"2021-08-19T17:43:05","date_gmt":"2021-08-19T17:43:05","guid":{"rendered":"http:\/\/techmastermx.ddns.net\/producto\/estroboscopio-led-820-2-de-fluke\/"},"modified":"2021-12-28T22:23:05","modified_gmt":"2021-12-28T22:23:05","slug":"estroboscopio-led-820-2-de-fluke","status":"publish","type":"product","link":"https:\/\/techmasterdemexico.com\/en\/producto\/estroboscopio-led-820-2-de-fluke\/","title":{"rendered":"Estroboscopio LED 820-2 de Fluke"},"content":{"rendered":"<p>Estroboscopio LED 820-2 de Fluke<\/p>\n<p>Revise y observe posibles fallas mec\u00e1nicas con plena confianza<\/p>\n<p>Identificar la velocidad de marcha de equipos de rotaci\u00f3n puede ser dif\u00edcil, pero el estroboscopio LED 820-2 de Fluke simplifica el proceso al permitirle realizar diagn\u00f3sticos con movimiento detenido sin detenerlo realmente, o entrar en contacto con la m\u00e1quina en la que se est\u00e1 trabajando. Ya sea que est\u00e1 tratando de diagnosticar oscilaciones parasitarias, deslizamientos o distorsiones no deseadas, el estroboscopio LED 820-2 es la herramienta de primera l\u00ednea adecuada para la soluci\u00f3n de problemas, la investigaci\u00f3n y desarrollo de productos, y procesos.<\/p>\n","protected":false},"excerpt":{"rendered":"<ul>\n<li>Conjunto de 7 LED de alta intensidad: 4800 Lux a 6000 FPM\/30 cm<\/li>\n<li>Fuente de luz s\u00f3lida del LED de alta eficiencia con caracter\u00edsticas de destellos uniformes que permite \u00edndices de destello superiores: 30-300 000 FPM (destellos por minuto)<\/li>\n<li>Modulaci\u00f3n del ancho de pulsos digitales para obtener im\u00e1genes excepcionalmente n\u00edtidas a velocidades altas<\/li>\n<li>El dise\u00f1o durable y resistente usa LED s\u00f3lidos sin filamentos, gases, cavidades huecas ni vidrio (ca\u00edda de 1 metro)<\/li>\n<li>El sistema de control con la precisi\u00f3n del cuarzo ofrece gran precisi\u00f3n: 0.02 % (+\/- 1 d\u00edgito)<\/li>\n<li>Pantalla LCD de m\u00faltiples l\u00edneas<\/li>\n<li>Revise la velocidad de rotaci\u00f3n de la maquinaria sin contacto f\u00edsico ni necesidad de una cinta reflectante<\/li>\n<li>Adelante o retrase el tiempo de los destellos para ver los dientes de engranajes, las superficies de corte, las repeticiones o los equipos que derivan<\/li>\n<li>Funcionamiento simple mediante pulsador con botones 2x y \u00f72 para un ajuste f\u00e1cil<\/li>\n<\/ul>\n<p>Duraci\u00f3n de los destellos ajustable<\/p>\n<p>La duraci\u00f3n est\u00e1ndar de los destellos ser\u00e1 adecuada para la mayor\u00eda de las aplicaciones, sin realizar ning\u00fan ajuste. En otras aplicaciones con rpm m\u00e1s altas o en la que los objetos en rotaci\u00f3n son m\u00e1s grandes, y tienen velocidades superficiales altas, es necesaria una duraci\u00f3n de destellos ajustable. En aplicaciones de velocidad alta, los objetos se pueden mover durante el breve per\u00edodo que dura un solo destello; por lo que la imagen se ve borrosa. Disminuyendo la duraci\u00f3n del destello, los objetos quedan iluminados durante menos tiempo, y la imagen se ve m\u00e1s n\u00edtida.<\/p>\n<p>Aplicaciones comunes para el 820-2<\/p>\n<p>El estroboscopio LED 820-2 de Fluke es m\u00e1s que una herramienta que permite medir la velocidad de giro de una m\u00e1quina sin contacto f\u00edsico. Tambi\u00e9n es una excelente herramienta de diagn\u00f3stico para una amplia variedad de aplicaciones:<\/p>\n<ul>\n<li>M\u00e1quinas accionadas por correa: ventiladores con sistemas de calefacci\u00f3n, ventilaci\u00f3n y aire acondicionado (HVAC), bombas<\/li>\n<li>Cojinetes de rodillos, ejes, dientes de engranajes y dem\u00e1s componentes de maquinaria<\/li>\n<li>Embragues y ruedas dentadas<\/li>\n<li>Cimientos, vibraciones de resonancia<\/li>\n<li>Desgaste o da\u00f1os en cables o tuber\u00edas<\/li>\n<li>Procesos de mezclado y dosificaci\u00f3n<\/li>\n<\/ul>\n<p>Adem\u00e1s, el estroboscopio LED se puede usar como tac\u00f3metro estrobosc\u00f3pico para medir la velocidad en lugar de un tac\u00f3metro l\u00e1ser. Para usar el estroboscopio, el componente que se desea medir debe ser visible y tener una marca de identificaci\u00f3n que se pueda usar como punto de referencia. Un tac\u00f3metro estrobosc\u00f3pico es una herramienta \u00fatil dado que no siempre se puede acceder al eje de la m\u00e1quina para pegar cinta reflectante para usar un tac\u00f3metro l\u00e1ser, ni entrar en contacto con el eje m\u00f3vil para usar un tac\u00f3metro de contacto. Con un estroboscopio se puede \u201cfrenar\u201d el eje hasta 30 RPM (FPM).<\/p>\n<p>Use el 820-2 para:<\/p>\n<ul>\n<li>Turbinas con variaci\u00f3n de velocidad y que cambian frecuentemente de velocidad<\/li>\n<li>Motores con variador de frecuencia que var\u00edan en velocidad, pero no cambian con frecuencia<\/li>\n<li>Encuentre la velocidad de rotaci\u00f3n de correas y busque deslizamientos de las correas<\/li>\n<li>Encuentre los componentes para elementos de m\u00e1quinas: palas de ventiladores, \u00e1labes de bombas, tornillos de compresores y dientes de engranajes<\/li>\n<li>Medici\u00f3n de RPM e investigaci\u00f3n de frecuencias<\/li>\n<li>Medici\u00f3n de deslizamientos<\/li>\n<\/ul>\n","protected":false},"featured_media":8773,"template":"","meta":{"_acf_changed":false},"pwb-brand":[31],"product_brand":[],"product_cat":[366,30,37],"product_tag":[],"class_list":{"0":"post-8123","1":"product","2":"type-product","3":"status-publish","4":"has-post-thumbnail","6":"pwb-brand-fluke","7":"product_cat-todos-los-productos","8":"product_cat-fluke","9":"product_cat-medidores-de-vibracion","11":"first","12":"instock","13":"taxable","14":"shipping-taxable","15":"product-type-simple"},"acf":[],"yoast_head":"<!-- This site is optimized with the Yoast SEO plugin v27.4 - https:\/\/yoast.com\/product\/yoast-seo-wordpress\/ -->\n<title>Estroboscopio LED 820-2 de Fluke - Techmaster de Mexico<\/title>\n<meta name=\"robots\" content=\"index, follow, max-snippet:-1, max-image-preview:large, max-video-preview:-1\" \/>\n<link rel=\"canonical\" href=\"https:\/\/techmasterdemexico.com\/producto\/estroboscopio-led-820-2-de-fluke\/\" \/>\n<meta property=\"og:locale\" content=\"en_US\" \/>\n<meta property=\"og:type\" content=\"article\" \/>\n<meta property=\"og:title\" content=\"Estroboscopio LED 820-2 de Fluke - Techmaster de Mexico\" \/>\n<meta property=\"og:description\" content=\"Conjunto de 7 LED de alta intensidad: 4800 Lux a 6000 FPM\/30 cm   Fuente de luz s\u00f3lida del LED de alta eficiencia con caracter\u00edsticas de destellos uniformes que permite \u00edndices de destello superiores: 30-300 000 FPM (destellos por minuto)   Modulaci\u00f3n del ancho de pulsos digitales para obtener im\u00e1genes excepcionalmente n\u00edtidas a velocidades altas   El dise\u00f1o durable y resistente usa LED s\u00f3lidos sin filamentos, gases, cavidades huecas ni vidrio (ca\u00edda de 1 metro)   El sistema de control con la precisi\u00f3n del cuarzo ofrece gran precisi\u00f3n: 0.02 % (+\/- 1 d\u00edgito)   Pantalla LCD de m\u00faltiples l\u00edneas   Revise la velocidad de rotaci\u00f3n de la maquinaria sin contacto f\u00edsico ni necesidad de una cinta reflectante   Adelante o retrase el tiempo de los destellos para ver los dientes de engranajes, las superficies de corte, las repeticiones o los equipos que derivan   Funcionamiento simple mediante pulsador con botones 2x y \u00f72 para un ajuste f\u00e1cil   Duraci\u00f3n de los destellos ajustable  La duraci\u00f3n est\u00e1ndar de los destellos ser\u00e1 adecuada para la mayor\u00eda de las aplicaciones, sin realizar ning\u00fan ajuste. En otras aplicaciones con rpm m\u00e1s altas o en la que los objetos en rotaci\u00f3n son m\u00e1s grandes, y tienen velocidades superficiales altas, es necesaria una duraci\u00f3n de destellos ajustable. En aplicaciones de velocidad alta, los objetos se pueden mover durante el breve per\u00edodo que dura un solo destello; por lo que la imagen se ve borrosa. Disminuyendo la duraci\u00f3n del destello, los objetos quedan iluminados durante menos tiempo, y la imagen se ve m\u00e1s n\u00edtida.   Aplicaciones comunes para el 820-2  El estroboscopio LED 820-2 de Fluke es m\u00e1s que una herramienta que permite medir la velocidad de giro de una m\u00e1quina sin contacto f\u00edsico. Tambi\u00e9n es una excelente herramienta de diagn\u00f3stico para una amplia variedad de aplicaciones:    M\u00e1quinas accionadas por correa: ventiladores con sistemas de calefacci\u00f3n, ventilaci\u00f3n y aire acondicionado (HVAC), bombas   Cojinetes de rodillos, ejes, dientes de engranajes y dem\u00e1s componentes de maquinaria   Embragues y ruedas dentadas   Cimientos, vibraciones de resonancia   Desgaste o da\u00f1os en cables o tuber\u00edas   Procesos de mezclado y dosificaci\u00f3n   Adem\u00e1s, el estroboscopio LED se puede usar como tac\u00f3metro estrobosc\u00f3pico para medir la velocidad en lugar de un tac\u00f3metro l\u00e1ser. Para usar el estroboscopio, el componente que se desea medir debe ser visible y tener una marca de identificaci\u00f3n que se pueda usar como punto de referencia. Un tac\u00f3metro estrobosc\u00f3pico es una herramienta \u00fatil dado que no siempre se puede acceder al eje de la m\u00e1quina para pegar cinta reflectante para usar un tac\u00f3metro l\u00e1ser, ni entrar en contacto con el eje m\u00f3vil para usar un tac\u00f3metro de contacto. Con un estroboscopio se puede \u201cfrenar\u201d el eje hasta 30 RPM (FPM).   Use el 820-2 para:    Turbinas con variaci\u00f3n de velocidad y que cambian frecuentemente de velocidad   Motores con variador de frecuencia que var\u00edan en velocidad, pero no cambian con frecuencia   Encuentre la velocidad de rotaci\u00f3n de correas y busque deslizamientos de las correas   Encuentre los componentes para elementos de m\u00e1quinas: palas de ventiladores, \u00e1labes de bombas, tornillos de compresores y dientes de engranajes   Medici\u00f3n de RPM e investigaci\u00f3n de frecuencias   Medici\u00f3n de deslizamientos\" \/>\n<meta property=\"og:url\" content=\"https:\/\/techmasterdemexico.com\/producto\/estroboscopio-led-820-2-de-fluke\/\" \/>\n<meta property=\"og:site_name\" content=\"Techmaster de Mexico\" \/>\n<meta property=\"article:modified_time\" content=\"2021-12-28T22:23:05+00:00\" \/>\n<meta property=\"og:image\" content=\"https:\/\/techmasterdemexico.com\/wp-content\/uploads\/2021\/08\/1-19.jpg\" \/>\n\t<meta property=\"og:image:width\" content=\"500\" \/>\n\t<meta property=\"og:image:height\" content=\"500\" \/>\n\t<meta property=\"og:image:type\" content=\"image\/jpeg\" \/>\n<meta name=\"twitter:card\" content=\"summary_large_image\" \/>\n<meta name=\"twitter:label1\" content=\"Est. reading time\" \/>\n\t<meta name=\"twitter:data1\" content=\"1 minute\" \/>\n<script type=\"application\/ld+json\" class=\"yoast-schema-graph\">{\"@context\":\"https:\\\/\\\/schema.org\",\"@graph\":[{\"@type\":\"WebPage\",\"@id\":\"https:\\\/\\\/techmasterdemexico.com\\\/producto\\\/estroboscopio-led-820-2-de-fluke\\\/\",\"url\":\"https:\\\/\\\/techmasterdemexico.com\\\/producto\\\/estroboscopio-led-820-2-de-fluke\\\/\",\"name\":\"Estroboscopio LED 820-2 de Fluke - Techmaster de Mexico\",\"isPartOf\":{\"@id\":\"https:\\\/\\\/techmasterdemexico.com\\\/#website\"},\"primaryImageOfPage\":{\"@id\":\"https:\\\/\\\/techmasterdemexico.com\\\/producto\\\/estroboscopio-led-820-2-de-fluke\\\/#primaryimage\"},\"image\":{\"@id\":\"https:\\\/\\\/techmasterdemexico.com\\\/producto\\\/estroboscopio-led-820-2-de-fluke\\\/#primaryimage\"},\"thumbnailUrl\":\"https:\\\/\\\/techmasterdemexico.com\\\/wp-content\\\/uploads\\\/2021\\\/08\\\/1-19.jpg\",\"datePublished\":\"2021-08-19T17:43:05+00:00\",\"dateModified\":\"2021-12-28T22:23:05+00:00\",\"breadcrumb\":{\"@id\":\"https:\\\/\\\/techmasterdemexico.com\\\/producto\\\/estroboscopio-led-820-2-de-fluke\\\/#breadcrumb\"},\"inLanguage\":\"en-US\",\"potentialAction\":[{\"@type\":\"ReadAction\",\"target\":[\"https:\\\/\\\/techmasterdemexico.com\\\/producto\\\/estroboscopio-led-820-2-de-fluke\\\/\"]}]},{\"@type\":\"ImageObject\",\"inLanguage\":\"en-US\",\"@id\":\"https:\\\/\\\/techmasterdemexico.com\\\/producto\\\/estroboscopio-led-820-2-de-fluke\\\/#primaryimage\",\"url\":\"https:\\\/\\\/techmasterdemexico.com\\\/wp-content\\\/uploads\\\/2021\\\/08\\\/1-19.jpg\",\"contentUrl\":\"https:\\\/\\\/techmasterdemexico.com\\\/wp-content\\\/uploads\\\/2021\\\/08\\\/1-19.jpg\",\"width\":500,\"height\":500},{\"@type\":\"BreadcrumbList\",\"@id\":\"https:\\\/\\\/techmasterdemexico.com\\\/producto\\\/estroboscopio-led-820-2-de-fluke\\\/#breadcrumb\",\"itemListElement\":[{\"@type\":\"ListItem\",\"position\":1,\"name\":\"Portada\",\"item\":\"https:\\\/\\\/techmasterdemexico.com\\\/\"},{\"@type\":\"ListItem\",\"position\":2,\"name\":\"Estroboscopio LED 820-2 de Fluke\"}]},{\"@type\":\"WebSite\",\"@id\":\"https:\\\/\\\/techmasterdemexico.com\\\/#website\",\"url\":\"https:\\\/\\\/techmasterdemexico.com\\\/\",\"name\":\"Techmaster de Mexico\",\"description\":\"\",\"potentialAction\":[{\"@type\":\"SearchAction\",\"target\":{\"@type\":\"EntryPoint\",\"urlTemplate\":\"https:\\\/\\\/techmasterdemexico.com\\\/?s={search_term_string}\"},\"query-input\":{\"@type\":\"PropertyValueSpecification\",\"valueRequired\":true,\"valueName\":\"search_term_string\"}}],\"inLanguage\":\"en-US\"}]}<\/script>\n<!-- \/ Yoast SEO plugin. -->","yoast_head_json":{"title":"Estroboscopio LED 820-2 de Fluke - Techmaster de Mexico","robots":{"index":"index","follow":"follow","max-snippet":"max-snippet:-1","max-image-preview":"max-image-preview:large","max-video-preview":"max-video-preview:-1"},"canonical":"https:\/\/techmasterdemexico.com\/producto\/estroboscopio-led-820-2-de-fluke\/","og_locale":"en_US","og_type":"article","og_title":"Estroboscopio LED 820-2 de Fluke - Techmaster de Mexico","og_description":"Conjunto de 7 LED de alta intensidad: 4800 Lux a 6000 FPM\/30 cm   Fuente de luz s\u00f3lida del LED de alta eficiencia con caracter\u00edsticas de destellos uniformes que permite \u00edndices de destello superiores: 30-300 000 FPM (destellos por minuto)   Modulaci\u00f3n del ancho de pulsos digitales para obtener im\u00e1genes excepcionalmente n\u00edtidas a velocidades altas   El dise\u00f1o durable y resistente usa LED s\u00f3lidos sin filamentos, gases, cavidades huecas ni vidrio (ca\u00edda de 1 metro)   El sistema de control con la precisi\u00f3n del cuarzo ofrece gran precisi\u00f3n: 0.02 % (+\/- 1 d\u00edgito)   Pantalla LCD de m\u00faltiples l\u00edneas   Revise la velocidad de rotaci\u00f3n de la maquinaria sin contacto f\u00edsico ni necesidad de una cinta reflectante   Adelante o retrase el tiempo de los destellos para ver los dientes de engranajes, las superficies de corte, las repeticiones o los equipos que derivan   Funcionamiento simple mediante pulsador con botones 2x y \u00f72 para un ajuste f\u00e1cil   Duraci\u00f3n de los destellos ajustable  La duraci\u00f3n est\u00e1ndar de los destellos ser\u00e1 adecuada para la mayor\u00eda de las aplicaciones, sin realizar ning\u00fan ajuste. En otras aplicaciones con rpm m\u00e1s altas o en la que los objetos en rotaci\u00f3n son m\u00e1s grandes, y tienen velocidades superficiales altas, es necesaria una duraci\u00f3n de destellos ajustable. En aplicaciones de velocidad alta, los objetos se pueden mover durante el breve per\u00edodo que dura un solo destello; por lo que la imagen se ve borrosa. Disminuyendo la duraci\u00f3n del destello, los objetos quedan iluminados durante menos tiempo, y la imagen se ve m\u00e1s n\u00edtida.   Aplicaciones comunes para el 820-2  El estroboscopio LED 820-2 de Fluke es m\u00e1s que una herramienta que permite medir la velocidad de giro de una m\u00e1quina sin contacto f\u00edsico. Tambi\u00e9n es una excelente herramienta de diagn\u00f3stico para una amplia variedad de aplicaciones:    M\u00e1quinas accionadas por correa: ventiladores con sistemas de calefacci\u00f3n, ventilaci\u00f3n y aire acondicionado (HVAC), bombas   Cojinetes de rodillos, ejes, dientes de engranajes y dem\u00e1s componentes de maquinaria   Embragues y ruedas dentadas   Cimientos, vibraciones de resonancia   Desgaste o da\u00f1os en cables o tuber\u00edas   Procesos de mezclado y dosificaci\u00f3n   Adem\u00e1s, el estroboscopio LED se puede usar como tac\u00f3metro estrobosc\u00f3pico para medir la velocidad en lugar de un tac\u00f3metro l\u00e1ser. Para usar el estroboscopio, el componente que se desea medir debe ser visible y tener una marca de identificaci\u00f3n que se pueda usar como punto de referencia. Un tac\u00f3metro estrobosc\u00f3pico es una herramienta \u00fatil dado que no siempre se puede acceder al eje de la m\u00e1quina para pegar cinta reflectante para usar un tac\u00f3metro l\u00e1ser, ni entrar en contacto con el eje m\u00f3vil para usar un tac\u00f3metro de contacto. Con un estroboscopio se puede \u201cfrenar\u201d el eje hasta 30 RPM (FPM).   Use el 820-2 para:    Turbinas con variaci\u00f3n de velocidad y que cambian frecuentemente de velocidad   Motores con variador de frecuencia que var\u00edan en velocidad, pero no cambian con frecuencia   Encuentre la velocidad de rotaci\u00f3n de correas y busque deslizamientos de las correas   Encuentre los componentes para elementos de m\u00e1quinas: palas de ventiladores, \u00e1labes de bombas, tornillos de compresores y dientes de engranajes   Medici\u00f3n de RPM e investigaci\u00f3n de frecuencias   Medici\u00f3n de deslizamientos","og_url":"https:\/\/techmasterdemexico.com\/producto\/estroboscopio-led-820-2-de-fluke\/","og_site_name":"Techmaster de Mexico","article_modified_time":"2021-12-28T22:23:05+00:00","og_image":[{"width":500,"height":500,"url":"https:\/\/techmasterdemexico.com\/wp-content\/uploads\/2021\/08\/1-19.jpg","type":"image\/jpeg"}],"twitter_card":"summary_large_image","twitter_misc":{"Est. reading time":"1 minute"},"schema":{"@context":"https:\/\/schema.org","@graph":[{"@type":"WebPage","@id":"https:\/\/techmasterdemexico.com\/producto\/estroboscopio-led-820-2-de-fluke\/","url":"https:\/\/techmasterdemexico.com\/producto\/estroboscopio-led-820-2-de-fluke\/","name":"Estroboscopio LED 820-2 de Fluke - Techmaster de Mexico","isPartOf":{"@id":"https:\/\/techmasterdemexico.com\/#website"},"primaryImageOfPage":{"@id":"https:\/\/techmasterdemexico.com\/producto\/estroboscopio-led-820-2-de-fluke\/#primaryimage"},"image":{"@id":"https:\/\/techmasterdemexico.com\/producto\/estroboscopio-led-820-2-de-fluke\/#primaryimage"},"thumbnailUrl":"https:\/\/techmasterdemexico.com\/wp-content\/uploads\/2021\/08\/1-19.jpg","datePublished":"2021-08-19T17:43:05+00:00","dateModified":"2021-12-28T22:23:05+00:00","breadcrumb":{"@id":"https:\/\/techmasterdemexico.com\/producto\/estroboscopio-led-820-2-de-fluke\/#breadcrumb"},"inLanguage":"en-US","potentialAction":[{"@type":"ReadAction","target":["https:\/\/techmasterdemexico.com\/producto\/estroboscopio-led-820-2-de-fluke\/"]}]},{"@type":"ImageObject","inLanguage":"en-US","@id":"https:\/\/techmasterdemexico.com\/producto\/estroboscopio-led-820-2-de-fluke\/#primaryimage","url":"https:\/\/techmasterdemexico.com\/wp-content\/uploads\/2021\/08\/1-19.jpg","contentUrl":"https:\/\/techmasterdemexico.com\/wp-content\/uploads\/2021\/08\/1-19.jpg","width":500,"height":500},{"@type":"BreadcrumbList","@id":"https:\/\/techmasterdemexico.com\/producto\/estroboscopio-led-820-2-de-fluke\/#breadcrumb","itemListElement":[{"@type":"ListItem","position":1,"name":"Portada","item":"https:\/\/techmasterdemexico.com\/"},{"@type":"ListItem","position":2,"name":"Estroboscopio LED 820-2 de Fluke"}]},{"@type":"WebSite","@id":"https:\/\/techmasterdemexico.com\/#website","url":"https:\/\/techmasterdemexico.com\/","name":"Techmaster de Mexico","description":"","potentialAction":[{"@type":"SearchAction","target":{"@type":"EntryPoint","urlTemplate":"https:\/\/techmasterdemexico.com\/?s={search_term_string}"},"query-input":{"@type":"PropertyValueSpecification","valueRequired":true,"valueName":"search_term_string"}}],"inLanguage":"en-US"}]}},"brands":[{"id":31,"name":"Fluke","slug":"fluke"}],"_links":{"self":[{"href":"https:\/\/techmasterdemexico.com\/en\/wp-json\/wp\/v2\/product\/8123","targetHints":{"allow":["GET"]}}],"collection":[{"href":"https:\/\/techmasterdemexico.com\/en\/wp-json\/wp\/v2\/product"}],"about":[{"href":"https:\/\/techmasterdemexico.com\/en\/wp-json\/wp\/v2\/types\/product"}],"wp:featuredmedia":[{"embeddable":true,"href":"https:\/\/techmasterdemexico.com\/en\/wp-json\/wp\/v2\/media\/8773"}],"wp:attachment":[{"href":"https:\/\/techmasterdemexico.com\/en\/wp-json\/wp\/v2\/media?parent=8123"}],"wp:term":[{"taxonomy":"pwb-brand","embeddable":true,"href":"https:\/\/techmasterdemexico.com\/en\/wp-json\/wp\/v2\/pwb-brand?post=8123"},{"taxonomy":"product_brand","embeddable":true,"href":"https:\/\/techmasterdemexico.com\/en\/wp-json\/wp\/v2\/product_brand?post=8123"},{"taxonomy":"product_cat","embeddable":true,"href":"https:\/\/techmasterdemexico.com\/en\/wp-json\/wp\/v2\/product_cat?post=8123"},{"taxonomy":"product_tag","embeddable":true,"href":"https:\/\/techmasterdemexico.com\/en\/wp-json\/wp\/v2\/product_tag?post=8123"}],"curies":[{"name":"wp","href":"https:\/\/api.w.org\/{rel}","templated":true}]}}