{"id":8122,"date":"2021-08-19T17:43:04","date_gmt":"2021-08-19T17:43:04","guid":{"rendered":"http:\/\/techmastermx.ddns.net\/producto\/medidor-de-vibraciones-fluke-805-fc\/"},"modified":"2021-12-28T22:22:06","modified_gmt":"2021-12-28T22:22:06","slug":"medidor-de-vibraciones-fluke-805-fc","status":"publish","type":"product","link":"https:\/\/techmasterdemexico.com\/en\/producto\/medidor-de-vibraciones-fluke-805-fc\/","title":{"rendered":"Medidor de vibraciones Fluke 805 FC"},"content":{"rendered":"<p>Medidor de vibraciones Fluke 805 FC<\/p>\n<p>El modo m\u00e1s fiable, preciso y repetible de comprobar el estado de rodamientos y m\u00e1quinas.<\/p>\n<p>Tome decisiones de mantenimiento sobre si un equipo supera o no la prueba con total confianza. El medidor de vibraciones 805 FC de Fluke es el dispositivo de detecci\u00f3n de vibraciones m\u00e1s fiable del mercado, ideal para t\u00e9cnicos de primera l\u00ednea que necesitan realizar lecturas repetibles y basadas en escalas de gravedad de las vibraciones en general, el estado de los rodamientos y de la m\u00e1quina.<\/p>\n<p>Gestione y supervise el flujo de trabajo para unos mejores resultados de mantenimiento<\/p>\n<p>Gracias a la app Fluke Connect, la detecci\u00f3n de vibraciones es ahora m\u00e1s f\u00e1cil que nunca, ya que permite crear perfiles de las m\u00e1quinas, configurarlos y, a continuaci\u00f3n, enviarlos directamente a su medidor de vibraciones 805 FC. De esta forma, los usuarios pueden aprovechar la lista de los perfiles de m\u00e1quinas para crear \u00f3rdenes de trabajo y para programar el mantenimiento en ruta, que se pueden mandar de forma din\u00e1mica a los t\u00e9cnicos en el campo. Esto ayuda a garantizar el enfoque adecuado en los activos fundamentales. Una vez realizada la prueba de una m\u00e1quina, el 805 FC env\u00eda los resultados directamente a la app y los asocia con el perfil y la ruta correspondientes. Estos datos se pueden compartir f\u00e1cilmente entre equipos para facilitar la toma de decisiones de mantenimiento.<\/p>\n<p>Otras caracter\u00edsticas \u00fatiles:<\/p>\n<ul>\n<li>Un dispositivo fiable, preciso y con resultados repetibles que permite comprobar el estado de los rodamientos y las vibraciones en general.<\/li>\n<li>El dise\u00f1o innovador de su sensor reduce las variaciones en las medidas provocadas por el \u00e1ngulo del instrumento o la presi\u00f3n de contacto.<\/li>\n<li>Ofrece una calidad de datos uniforme para altas y bajas frecuencias.<\/li>\n<li>Proporciona una escala de cuatro niveles de gravedad para evaluar la urgencia de los problemas y el estado de los rodamientos.<\/li>\n<li>Permite exportar los datos mediante USB o de forma inal\u00e1mbrica a trav\u00e9s de la app Fluke Connect\u00ae.<\/li>\n<li>Es compatible con la app Fluke Connect\u00ae, que puede transmitir medidas a su smartphone para compartirlas en tiempo real.<\/li>\n<li>Con la app Fluke Connect\u2122 podr\u00e1 obtener en un instante la autorizaci\u00f3n para seguir los pasos necesarios para solucionar cualquier riesgo para la m\u00e1quina*.<\/li>\n<li>Le permite visualizar an\u00e1lisis de tendencias en Microsoft\u00ae Excel con las plantillas incorporadas.<\/li>\n<li>Mide la vibraci\u00f3n total (de 10 a 1000 Hz) en unidades de medida de aceleraci\u00f3n, velocidad y desplazamiento en una amplia variedad de m\u00e1quinas.<\/li>\n<li>Cuenta con la tecnolog\u00eda Factor de cresta plus (CF+) para una evaluaci\u00f3n fiable del estado de los rodamientos gracias a las medidas directas con la punta del sensor en un rango de 4000 a 20.000 Hz.<\/li>\n<li>Compara los niveles de vibraci\u00f3n con las escalas de gravedad ISO-10816 y almacena los resultados en la nube de Fluke Connect.<\/li>\n<li>Cuenta con un sistema de se\u00f1alizaci\u00f3n mediante luces de colores (rojo y verde) y comentarios en pantalla para indicar el nivel de presi\u00f3n necesario para realizar medidas.<\/li>\n<li>Mide la temperatura con un sensor infrarrojo para aumentar la capacidad de diagn\u00f3stico.<\/li>\n<li>Retiene y almacena hasta 3500 medidas en una memoria integrada.<\/li>\n<li>Conexi\u00f3n a aceler\u00f3metro externo (opcional) para acceder a lugares dif\u00edciles.<\/li>\n<li>Linterna integrada que permite ver el \u00e1rea de medida si est\u00e1 oscura.<\/li>\n<li>Gran pantalla de alta resoluci\u00f3n que facilita la navegaci\u00f3n y la visualizaci\u00f3n.<\/li>\n<\/ul>\n","protected":false},"excerpt":{"rendered":"<ul>\n<li>CONFIGURACI\u00d3N SENCILLA\n<p>Cree r\u00e1pidamente listas de activos y \u00f3rdenes de trabajo en su ordenador, configure perfiles de m\u00e1quinas con la app Fluke Connect en su dispositivo inteligente y env\u00ede rutas a su 805 FC para que los t\u00e9cnicos las utilicen en el campo.<\/li>\n<li>CALIDAD DE DATOS UNIFORME\n<p>Realice medidas precisas y fiables con bajas y altas frecuencias.<\/li>\n<li>ACCESO A DATOS M\u00d3VILES\n<p>Almacene los resultados en la nube y comparta los datos con su equipo de forma remota.<\/li>\n<li>DISE\u00d1O DE SENSOR INNOVADOR\n<p>Reduzca las variaciones de las medidas provocadas por el \u00e1ngulo del instrumento o la presi\u00f3n ejercida.<\/li>\n<\/ul>\n","protected":false},"featured_media":8784,"template":"","meta":{"_acf_changed":false},"pwb-brand":[31],"product_brand":[],"product_cat":[366,30,37],"product_tag":[],"class_list":{"0":"post-8122","1":"product","2":"type-product","3":"status-publish","4":"has-post-thumbnail","6":"pwb-brand-fluke","7":"product_cat-todos-los-productos","8":"product_cat-fluke","9":"product_cat-medidores-de-vibracion","11":"first","12":"instock","13":"taxable","14":"shipping-taxable","15":"product-type-simple"},"acf":[],"yoast_head":"<!-- This site is optimized with the Yoast SEO plugin v27.4 - https:\/\/yoast.com\/product\/yoast-seo-wordpress\/ -->\n<title>Medidor de vibraciones Fluke 805 FC - Techmaster de Mexico<\/title>\n<meta name=\"robots\" content=\"index, follow, max-snippet:-1, max-image-preview:large, max-video-preview:-1\" \/>\n<link rel=\"canonical\" href=\"https:\/\/techmasterdemexico.com\/producto\/medidor-de-vibraciones-fluke-805-fc\/\" \/>\n<meta property=\"og:locale\" content=\"en_US\" \/>\n<meta property=\"og:type\" content=\"article\" \/>\n<meta property=\"og:title\" content=\"Medidor de vibraciones Fluke 805 FC - Techmaster de Mexico\" \/>\n<meta property=\"og:description\" content=\"CONFIGURACI\u00d3N SENCILLA  Cree r\u00e1pidamente listas de activos y \u00f3rdenes de trabajo en su ordenador, configure perfiles de m\u00e1quinas con la app Fluke Connect en su dispositivo inteligente y env\u00ede rutas a su 805 FC para que los t\u00e9cnicos las utilicen en el campo.   CALIDAD DE DATOS UNIFORME  Realice medidas precisas y fiables con bajas y altas frecuencias.   ACCESO A DATOS M\u00d3VILES  Almacene los resultados en la nube y comparta los datos con su equipo de forma remota.   DISE\u00d1O DE SENSOR INNOVADOR  Reduzca las variaciones de las medidas provocadas por el \u00e1ngulo del instrumento o la presi\u00f3n ejercida.\" \/>\n<meta property=\"og:url\" content=\"https:\/\/techmasterdemexico.com\/producto\/medidor-de-vibraciones-fluke-805-fc\/\" \/>\n<meta property=\"og:site_name\" content=\"Techmaster de Mexico\" \/>\n<meta property=\"article:modified_time\" content=\"2021-12-28T22:22:06+00:00\" \/>\n<meta property=\"og:image\" content=\"https:\/\/techmasterdemexico.com\/wp-content\/uploads\/2021\/08\/1-21.jpg\" \/>\n\t<meta property=\"og:image:width\" content=\"500\" \/>\n\t<meta property=\"og:image:height\" content=\"500\" \/>\n\t<meta property=\"og:image:type\" content=\"image\/jpeg\" \/>\n<meta name=\"twitter:card\" content=\"summary_large_image\" \/>\n<meta name=\"twitter:label1\" content=\"Est. reading time\" \/>\n\t<meta name=\"twitter:data1\" content=\"3 minutes\" \/>\n<script type=\"application\/ld+json\" class=\"yoast-schema-graph\">{\"@context\":\"https:\\\/\\\/schema.org\",\"@graph\":[{\"@type\":\"WebPage\",\"@id\":\"https:\\\/\\\/techmasterdemexico.com\\\/producto\\\/medidor-de-vibraciones-fluke-805-fc\\\/\",\"url\":\"https:\\\/\\\/techmasterdemexico.com\\\/producto\\\/medidor-de-vibraciones-fluke-805-fc\\\/\",\"name\":\"Medidor de vibraciones Fluke 805 FC - Techmaster de Mexico\",\"isPartOf\":{\"@id\":\"https:\\\/\\\/techmasterdemexico.com\\\/#website\"},\"primaryImageOfPage\":{\"@id\":\"https:\\\/\\\/techmasterdemexico.com\\\/producto\\\/medidor-de-vibraciones-fluke-805-fc\\\/#primaryimage\"},\"image\":{\"@id\":\"https:\\\/\\\/techmasterdemexico.com\\\/producto\\\/medidor-de-vibraciones-fluke-805-fc\\\/#primaryimage\"},\"thumbnailUrl\":\"https:\\\/\\\/techmasterdemexico.com\\\/wp-content\\\/uploads\\\/2021\\\/08\\\/1-21.jpg\",\"datePublished\":\"2021-08-19T17:43:04+00:00\",\"dateModified\":\"2021-12-28T22:22:06+00:00\",\"breadcrumb\":{\"@id\":\"https:\\\/\\\/techmasterdemexico.com\\\/producto\\\/medidor-de-vibraciones-fluke-805-fc\\\/#breadcrumb\"},\"inLanguage\":\"en-US\",\"potentialAction\":[{\"@type\":\"ReadAction\",\"target\":[\"https:\\\/\\\/techmasterdemexico.com\\\/producto\\\/medidor-de-vibraciones-fluke-805-fc\\\/\"]}]},{\"@type\":\"ImageObject\",\"inLanguage\":\"en-US\",\"@id\":\"https:\\\/\\\/techmasterdemexico.com\\\/producto\\\/medidor-de-vibraciones-fluke-805-fc\\\/#primaryimage\",\"url\":\"https:\\\/\\\/techmasterdemexico.com\\\/wp-content\\\/uploads\\\/2021\\\/08\\\/1-21.jpg\",\"contentUrl\":\"https:\\\/\\\/techmasterdemexico.com\\\/wp-content\\\/uploads\\\/2021\\\/08\\\/1-21.jpg\",\"width\":500,\"height\":500},{\"@type\":\"BreadcrumbList\",\"@id\":\"https:\\\/\\\/techmasterdemexico.com\\\/producto\\\/medidor-de-vibraciones-fluke-805-fc\\\/#breadcrumb\",\"itemListElement\":[{\"@type\":\"ListItem\",\"position\":1,\"name\":\"Portada\",\"item\":\"https:\\\/\\\/techmasterdemexico.com\\\/\"},{\"@type\":\"ListItem\",\"position\":2,\"name\":\"Medidor de vibraciones Fluke 805 FC\"}]},{\"@type\":\"WebSite\",\"@id\":\"https:\\\/\\\/techmasterdemexico.com\\\/#website\",\"url\":\"https:\\\/\\\/techmasterdemexico.com\\\/\",\"name\":\"Techmaster de Mexico\",\"description\":\"\",\"potentialAction\":[{\"@type\":\"SearchAction\",\"target\":{\"@type\":\"EntryPoint\",\"urlTemplate\":\"https:\\\/\\\/techmasterdemexico.com\\\/?s={search_term_string}\"},\"query-input\":{\"@type\":\"PropertyValueSpecification\",\"valueRequired\":true,\"valueName\":\"search_term_string\"}}],\"inLanguage\":\"en-US\"}]}<\/script>\n<!-- \/ Yoast SEO plugin. -->","yoast_head_json":{"title":"Medidor de vibraciones Fluke 805 FC - Techmaster de Mexico","robots":{"index":"index","follow":"follow","max-snippet":"max-snippet:-1","max-image-preview":"max-image-preview:large","max-video-preview":"max-video-preview:-1"},"canonical":"https:\/\/techmasterdemexico.com\/producto\/medidor-de-vibraciones-fluke-805-fc\/","og_locale":"en_US","og_type":"article","og_title":"Medidor de vibraciones Fluke 805 FC - Techmaster de Mexico","og_description":"CONFIGURACI\u00d3N SENCILLA  Cree r\u00e1pidamente listas de activos y \u00f3rdenes de trabajo en su ordenador, configure perfiles de m\u00e1quinas con la app Fluke Connect en su dispositivo inteligente y env\u00ede rutas a su 805 FC para que los t\u00e9cnicos las utilicen en el campo.   CALIDAD DE DATOS UNIFORME  Realice medidas precisas y fiables con bajas y altas frecuencias.   ACCESO A DATOS M\u00d3VILES  Almacene los resultados en la nube y comparta los datos con su equipo de forma remota.   DISE\u00d1O DE SENSOR INNOVADOR  Reduzca las variaciones de las medidas provocadas por el \u00e1ngulo del instrumento o la presi\u00f3n ejercida.","og_url":"https:\/\/techmasterdemexico.com\/producto\/medidor-de-vibraciones-fluke-805-fc\/","og_site_name":"Techmaster de Mexico","article_modified_time":"2021-12-28T22:22:06+00:00","og_image":[{"width":500,"height":500,"url":"https:\/\/techmasterdemexico.com\/wp-content\/uploads\/2021\/08\/1-21.jpg","type":"image\/jpeg"}],"twitter_card":"summary_large_image","twitter_misc":{"Est. reading time":"3 minutes"},"schema":{"@context":"https:\/\/schema.org","@graph":[{"@type":"WebPage","@id":"https:\/\/techmasterdemexico.com\/producto\/medidor-de-vibraciones-fluke-805-fc\/","url":"https:\/\/techmasterdemexico.com\/producto\/medidor-de-vibraciones-fluke-805-fc\/","name":"Medidor de vibraciones Fluke 805 FC - Techmaster de Mexico","isPartOf":{"@id":"https:\/\/techmasterdemexico.com\/#website"},"primaryImageOfPage":{"@id":"https:\/\/techmasterdemexico.com\/producto\/medidor-de-vibraciones-fluke-805-fc\/#primaryimage"},"image":{"@id":"https:\/\/techmasterdemexico.com\/producto\/medidor-de-vibraciones-fluke-805-fc\/#primaryimage"},"thumbnailUrl":"https:\/\/techmasterdemexico.com\/wp-content\/uploads\/2021\/08\/1-21.jpg","datePublished":"2021-08-19T17:43:04+00:00","dateModified":"2021-12-28T22:22:06+00:00","breadcrumb":{"@id":"https:\/\/techmasterdemexico.com\/producto\/medidor-de-vibraciones-fluke-805-fc\/#breadcrumb"},"inLanguage":"en-US","potentialAction":[{"@type":"ReadAction","target":["https:\/\/techmasterdemexico.com\/producto\/medidor-de-vibraciones-fluke-805-fc\/"]}]},{"@type":"ImageObject","inLanguage":"en-US","@id":"https:\/\/techmasterdemexico.com\/producto\/medidor-de-vibraciones-fluke-805-fc\/#primaryimage","url":"https:\/\/techmasterdemexico.com\/wp-content\/uploads\/2021\/08\/1-21.jpg","contentUrl":"https:\/\/techmasterdemexico.com\/wp-content\/uploads\/2021\/08\/1-21.jpg","width":500,"height":500},{"@type":"BreadcrumbList","@id":"https:\/\/techmasterdemexico.com\/producto\/medidor-de-vibraciones-fluke-805-fc\/#breadcrumb","itemListElement":[{"@type":"ListItem","position":1,"name":"Portada","item":"https:\/\/techmasterdemexico.com\/"},{"@type":"ListItem","position":2,"name":"Medidor de vibraciones Fluke 805 FC"}]},{"@type":"WebSite","@id":"https:\/\/techmasterdemexico.com\/#website","url":"https:\/\/techmasterdemexico.com\/","name":"Techmaster de Mexico","description":"","potentialAction":[{"@type":"SearchAction","target":{"@type":"EntryPoint","urlTemplate":"https:\/\/techmasterdemexico.com\/?s={search_term_string}"},"query-input":{"@type":"PropertyValueSpecification","valueRequired":true,"valueName":"search_term_string"}}],"inLanguage":"en-US"}]}},"brands":[{"id":31,"name":"Fluke","slug":"fluke"}],"_links":{"self":[{"href":"https:\/\/techmasterdemexico.com\/en\/wp-json\/wp\/v2\/product\/8122","targetHints":{"allow":["GET"]}}],"collection":[{"href":"https:\/\/techmasterdemexico.com\/en\/wp-json\/wp\/v2\/product"}],"about":[{"href":"https:\/\/techmasterdemexico.com\/en\/wp-json\/wp\/v2\/types\/product"}],"wp:featuredmedia":[{"embeddable":true,"href":"https:\/\/techmasterdemexico.com\/en\/wp-json\/wp\/v2\/media\/8784"}],"wp:attachment":[{"href":"https:\/\/techmasterdemexico.com\/en\/wp-json\/wp\/v2\/media?parent=8122"}],"wp:term":[{"taxonomy":"pwb-brand","embeddable":true,"href":"https:\/\/techmasterdemexico.com\/en\/wp-json\/wp\/v2\/pwb-brand?post=8122"},{"taxonomy":"product_brand","embeddable":true,"href":"https:\/\/techmasterdemexico.com\/en\/wp-json\/wp\/v2\/product_brand?post=8122"},{"taxonomy":"product_cat","embeddable":true,"href":"https:\/\/techmasterdemexico.com\/en\/wp-json\/wp\/v2\/product_cat?post=8122"},{"taxonomy":"product_tag","embeddable":true,"href":"https:\/\/techmasterdemexico.com\/en\/wp-json\/wp\/v2\/product_tag?post=8122"}],"curies":[{"name":"wp","href":"https:\/\/api.w.org\/{rel}","templated":true}]}}