{"id":8121,"date":"2021-08-19T17:43:04","date_gmt":"2021-08-19T17:43:04","guid":{"rendered":"http:\/\/techmastermx.ddns.net\/producto\/medidor-de-vibraciones-fluke-805\/"},"modified":"2021-12-28T22:22:05","modified_gmt":"2021-12-28T22:22:05","slug":"medidor-de-vibraciones-fluke-805","status":"publish","type":"product","link":"https:\/\/techmasterdemexico.com\/en\/producto\/medidor-de-vibraciones-fluke-805\/","title":{"rendered":"Medidor de vibraciones Fluke 805"},"content":{"rendered":"<p>Medidor de vibraciones Fluke 805<\/p>\n<p>El modo m\u00e1s fiable, preciso y repetible de comprobar el estado de los cojinetes y las vibraciones en general<\/p>\n<p>Tome decisiones de mantenimiento con total confianza sobre si un equipo &#8220;pasa&#8221; o &#8220;no pasa&#8221; la prueba. El medidor de vibraciones Fluke 805 es el dispositivo de supervisi\u00f3n de las vibraciones m\u00e1s fiable del mercado para los equipos de actuaci\u00f3n en el punto de trabajo que necesitan realizar lecturas frecuentes y basadas en escalas de gravedad sobre el estado de los rodamientos y la vibraciones generales.<\/p>\n<p>Caracter\u00edsticas que hacen del 805 la mejor opci\u00f3n<\/p>\n<ul>\n<li>Un medidor (no un l\u00e1piz analizador) que mide las vibraciones globales y las variables espec\u00edficas, como el estado y la temperatura de los rodamientos, para proporcionar una imagen completa.<\/li>\n<li>Una punta sensora que mide la vibraci\u00f3n y la fuerza compensa las variaciones introducidas por el usuario (fuerza o \u00e1ngulo), proporcionando lecturas precisas y repetibles.<\/li>\n<li>Una escala de gravedad de cuatro niveles y un procesador integrado que eval\u00faan el estado de los rodamientos y las vibraciones generales con alertas de texto de f\u00e1cil comprensi\u00f3n (Bueno, Satisfactorio, Insatisfactorio, Inaceptable).<\/li>\n<li>Una sensibilidad de sensor que puede leer un amplio rango de frecuencias (de 10 a 1000 Hz y de 4000 a 20 000 Hz) y que cubre la mayor\u00eda de tipos de m\u00e1quinas y componentes.<\/li>\n<li>Una sencilla interfaz de usuario que minimiza las entradas de datos del usuario en relaci\u00f3n al rango RPM y el tipo de equipo<\/li>\n<\/ul>\n","protected":false},"excerpt":{"rendered":"<ul>\n<li>El dise\u00f1o innovador del sensor contribuye a minimizar las variaciones de las medidas causadas por el \u00e1ngulo del instrumento y la presi\u00f3n ejercida<\/li>\n<li>Calidad de datos consistente tanto a alta como a baja frecuencia<\/li>\n<li>La escala de cuatro niveles indica la gravedad de los problemas de vibraci\u00f3n general y de estado de los rodamientos<\/li>\n<li>Exportaci\u00f3n de datos mediante USB<\/li>\n<li>An\u00e1lisis de tendencias en Microsoft\u00ae Excel usando plantillas integradas<\/li>\n<li>Medici\u00f3n de vibraciones generales (de 10 a 1000 Hz) para unidades de medici\u00f3n de aceleraci\u00f3n, velocidad y desplazamiento y para una amplia variedad de m\u00e1quinas<\/li>\n<li>Tecnolog\u00eda Crest Factor+ que eval\u00faa de manera fiable el estado de los rodamientos al realizar medidas directas en la punta del sensor y en el rango de 4000 y 20 000 Hz<\/li>\n<li>Sistema de iluminaci\u00f3n de colores (rojo y verde) y comentarios en pantalla que indican el nivel de presi\u00f3n necesario para realizar las mediciones<\/li>\n<li>Medida de la temperatura con sensor de infrarrojos que aumenta la capacidad de diagn\u00f3stico<\/li>\n<li>La memoria integrada almacena hasta 3500 mediciones<\/li>\n<li>Salida de audio para escuchar el sonido de los cojinetes directamente<\/li>\n<li>Soporte de aceler\u00f3metro externo para llegar a lugares dif\u00edciles de acceder<\/li>\n<li>Linterna para ver ubicaciones de medici\u00f3n en zonas oscuras<\/li>\n<li>Gran pantalla de alta resoluci\u00f3n para una navegaci\u00f3n y visualizaci\u00f3n m\u00e1s sencilla<\/li>\n<\/ul>\n<p>Con el 805, puede comprobar las siguientes categor\u00edas de m\u00e1quinas:<\/p>\n<ul>\n<li>Enfriadores (refrigeraci\u00f3n)<\/li>\n<li>Ventiladores<\/li>\n<li>Accionadores de torre de enfriamiento<\/li>\n<li>Bombas centr\u00edfugas<\/li>\n<li>Bombas de desplazamiento positivo<\/li>\n<li>Compresores de aire<\/li>\n<li>Sopladores<\/li>\n<li>Cajas de cambios gen\u00e9ricas (cojinetes de elementos rodantes)<\/li>\n<li>Maquinas herramienta (motor, cajas de cambios, husillos, etc).<\/li>\n<\/ul>\n<p>\u00bfQu\u00e9 es Crest Factor+?<\/p>\n<p>Crest Factor+ es un nuevo algoritmo patentado (o una nueva tecnolog\u00eda) que elimina las confusiones de las valoraciones de los rodamientos. Los especialistas en vibraci\u00f3n usan el Factor de cresta original para identificar los problemas en los cojinetes. Este factor se define como la relaci\u00f3n entre el valor de pico y el valor de RMS de una se\u00f1al de vibraci\u00f3n del dominio temporal.<\/p>\n<p>Una limitaci\u00f3n importante del algoritmo de Factor de cresta original es que no aumenta de forma lineal mientras se degrada el rodamiento, lo que dificulta la determinaci\u00f3n de la gravedad de los problemas mec\u00e1nicos. De hecho, el Factor de cresta incluso se puede reducir a medida que el estado del rodamiento empeora, debido a los altos valores de RMS.<\/p>\n<p>Para superar esta limitaci\u00f3n, Fluke usa un algoritmo propio, conocido como Crest Factor+ (CF+). Los valores de CF+ van de 1 a 16. A medida que empeoran las condiciones del rodamiento, el valor de CF+ aumenta, lo que permite al usuario reconocer la gravedad del problema. Para simplificar a\u00fan m\u00e1s las cosas, Fluke tambi\u00e9n ha incluido una escala de gravedad de cuatro niveles que identifica el estado del rodamiento como Bueno, Satisfactorio, Insatisfactorio o Inaceptable.<\/p>\n<p>Exportaci\u00f3n y an\u00e1lisis de tendencias con el 805<\/p>\n<p>Haga clic en la imagen para ampliarla<\/p>\n<p>El an\u00e1lisis de tendencias, o las mediciones de vibraci\u00f3n repetidas guardadas en una hoja de c\u00e1lculo seg\u00fan el tiempo, son el mejor m\u00e9todo para hacer el seguimiento del estado de la m\u00e1quina. Con el 805, podr\u00e1 sin ninguna dificultad:<\/p>\n<ul>\n<li>Exportar los resultados a Excel mediante una conexi\u00f3n USB<\/li>\n<li>Analizar las tendencias de las lecturas con las plantillas y gr\u00e1ficos incorporados de Microsoft\u00ae Excel<\/li>\n<li>Comparar las lecturas de vibraciones generales con los est\u00e1ndares ISO (10816-1, 10816-3, 10816-7)<\/li>\n<\/ul>\n","protected":false},"featured_media":8789,"template":"","meta":{"_acf_changed":false},"pwb-brand":[31],"product_brand":[],"product_cat":[366,30,37],"product_tag":[],"class_list":{"0":"post-8121","1":"product","2":"type-product","3":"status-publish","4":"has-post-thumbnail","6":"pwb-brand-fluke","7":"product_cat-todos-los-productos","8":"product_cat-fluke","9":"product_cat-medidores-de-vibracion","11":"first","12":"instock","13":"taxable","14":"shipping-taxable","15":"product-type-simple"},"acf":[],"yoast_head":"<!-- This site is optimized with the Yoast SEO plugin v27.4 - https:\/\/yoast.com\/product\/yoast-seo-wordpress\/ -->\n<title>Medidor de vibraciones Fluke 805 - Techmaster de Mexico<\/title>\n<meta name=\"robots\" content=\"index, follow, max-snippet:-1, max-image-preview:large, max-video-preview:-1\" \/>\n<link rel=\"canonical\" href=\"https:\/\/techmasterdemexico.com\/producto\/medidor-de-vibraciones-fluke-805\/\" \/>\n<meta property=\"og:locale\" content=\"en_US\" \/>\n<meta property=\"og:type\" content=\"article\" \/>\n<meta property=\"og:title\" content=\"Medidor de vibraciones Fluke 805 - Techmaster de Mexico\" \/>\n<meta property=\"og:description\" content=\"El dise\u00f1o innovador del sensor contribuye a minimizar las variaciones de las medidas causadas por el \u00e1ngulo del instrumento y la presi\u00f3n ejercida   Calidad de datos consistente tanto a alta como a baja frecuencia   La escala de cuatro niveles indica la gravedad de los problemas de vibraci\u00f3n general y de estado de los rodamientos   Exportaci\u00f3n de datos mediante USB   An\u00e1lisis de tendencias en Microsoft\u00ae Excel usando plantillas integradas   Medici\u00f3n de vibraciones generales (de 10 a 1000 Hz) para unidades de medici\u00f3n de aceleraci\u00f3n, velocidad y desplazamiento y para una amplia variedad de m\u00e1quinas   Tecnolog\u00eda Crest Factor+ que eval\u00faa de manera fiable el estado de los rodamientos al realizar medidas directas en la punta del sensor y en el rango de 4000 y 20 000 Hz   Sistema de iluminaci\u00f3n de colores (rojo y verde) y comentarios en pantalla que indican el nivel de presi\u00f3n necesario para realizar las mediciones   Medida de la temperatura con sensor de infrarrojos que aumenta la capacidad de diagn\u00f3stico   La memoria integrada almacena hasta 3500 mediciones   Salida de audio para escuchar el sonido de los cojinetes directamente   Soporte de aceler\u00f3metro externo para llegar a lugares dif\u00edciles de acceder   Linterna para ver ubicaciones de medici\u00f3n en zonas oscuras   Gran pantalla de alta resoluci\u00f3n para una navegaci\u00f3n y visualizaci\u00f3n m\u00e1s sencilla   Con el 805, puede comprobar las siguientes categor\u00edas de m\u00e1quinas:    Enfriadores (refrigeraci\u00f3n)   Ventiladores   Accionadores de torre de enfriamiento   Bombas centr\u00edfugas   Bombas de desplazamiento positivo   Compresores de aire   Sopladores   Cajas de cambios gen\u00e9ricas (cojinetes de elementos rodantes)   Maquinas herramienta (motor, cajas de cambios, husillos, etc).   \u00bfQu\u00e9 es Crest Factor+?  Crest Factor+ es un nuevo algoritmo patentado (o una nueva tecnolog\u00eda) que elimina las confusiones de las valoraciones de los rodamientos. Los especialistas en vibraci\u00f3n usan el Factor de cresta original para identificar los problemas en los cojinetes. Este factor se define como la relaci\u00f3n entre el valor de pico y el valor de RMS de una se\u00f1al de vibraci\u00f3n del dominio temporal.   Una limitaci\u00f3n importante del algoritmo de Factor de cresta original es que no aumenta de forma lineal mientras se degrada el rodamiento, lo que dificulta la determinaci\u00f3n de la gravedad de los problemas mec\u00e1nicos. De hecho, el Factor de cresta incluso se puede reducir a medida que el estado del rodamiento empeora, debido a los altos valores de RMS.   Para superar esta limitaci\u00f3n, Fluke usa un algoritmo propio, conocido como Crest Factor+ (CF+). Los valores de CF+ van de 1 a 16. A medida que empeoran las condiciones del rodamiento, el valor de CF+ aumenta, lo que permite al usuario reconocer la gravedad del problema. Para simplificar a\u00fan m\u00e1s las cosas, Fluke tambi\u00e9n ha incluido una escala de gravedad de cuatro niveles que identifica el estado del rodamiento como Bueno, Satisfactorio, Insatisfactorio o Inaceptable.   Exportaci\u00f3n y an\u00e1lisis de tendencias con el 805  Haga clic en la imagen para ampliarla   El an\u00e1lisis de tendencias, o las mediciones de vibraci\u00f3n repetidas guardadas en una hoja de c\u00e1lculo seg\u00fan el tiempo, son el mejor m\u00e9todo para hacer el seguimiento del estado de la m\u00e1quina. Con el 805, podr\u00e1 sin ninguna dificultad:    Exportar los resultados a Excel mediante una conexi\u00f3n USB   Analizar las tendencias de las lecturas con las plantillas y gr\u00e1ficos incorporados de Microsoft\u00ae Excel   Comparar las lecturas de vibraciones generales con los est\u00e1ndares ISO (10816-1, 10816-3, 10816-7)\" \/>\n<meta property=\"og:url\" content=\"https:\/\/techmasterdemexico.com\/producto\/medidor-de-vibraciones-fluke-805\/\" \/>\n<meta property=\"og:site_name\" content=\"Techmaster de Mexico\" \/>\n<meta property=\"article:modified_time\" content=\"2021-12-28T22:22:05+00:00\" \/>\n<meta property=\"og:image\" content=\"https:\/\/techmasterdemexico.com\/wp-content\/uploads\/2021\/08\/1-22.jpg\" \/>\n\t<meta property=\"og:image:width\" content=\"500\" \/>\n\t<meta property=\"og:image:height\" content=\"500\" \/>\n\t<meta property=\"og:image:type\" content=\"image\/jpeg\" \/>\n<meta name=\"twitter:card\" content=\"summary_large_image\" \/>\n<meta name=\"twitter:label1\" content=\"Est. reading time\" \/>\n\t<meta name=\"twitter:data1\" content=\"1 minute\" \/>\n<script type=\"application\/ld+json\" class=\"yoast-schema-graph\">{\"@context\":\"https:\\\/\\\/schema.org\",\"@graph\":[{\"@type\":\"WebPage\",\"@id\":\"https:\\\/\\\/techmasterdemexico.com\\\/producto\\\/medidor-de-vibraciones-fluke-805\\\/\",\"url\":\"https:\\\/\\\/techmasterdemexico.com\\\/producto\\\/medidor-de-vibraciones-fluke-805\\\/\",\"name\":\"Medidor de vibraciones Fluke 805 - Techmaster de Mexico\",\"isPartOf\":{\"@id\":\"https:\\\/\\\/techmasterdemexico.com\\\/#website\"},\"primaryImageOfPage\":{\"@id\":\"https:\\\/\\\/techmasterdemexico.com\\\/producto\\\/medidor-de-vibraciones-fluke-805\\\/#primaryimage\"},\"image\":{\"@id\":\"https:\\\/\\\/techmasterdemexico.com\\\/producto\\\/medidor-de-vibraciones-fluke-805\\\/#primaryimage\"},\"thumbnailUrl\":\"https:\\\/\\\/techmasterdemexico.com\\\/wp-content\\\/uploads\\\/2021\\\/08\\\/1-22.jpg\",\"datePublished\":\"2021-08-19T17:43:04+00:00\",\"dateModified\":\"2021-12-28T22:22:05+00:00\",\"breadcrumb\":{\"@id\":\"https:\\\/\\\/techmasterdemexico.com\\\/producto\\\/medidor-de-vibraciones-fluke-805\\\/#breadcrumb\"},\"inLanguage\":\"en-US\",\"potentialAction\":[{\"@type\":\"ReadAction\",\"target\":[\"https:\\\/\\\/techmasterdemexico.com\\\/producto\\\/medidor-de-vibraciones-fluke-805\\\/\"]}]},{\"@type\":\"ImageObject\",\"inLanguage\":\"en-US\",\"@id\":\"https:\\\/\\\/techmasterdemexico.com\\\/producto\\\/medidor-de-vibraciones-fluke-805\\\/#primaryimage\",\"url\":\"https:\\\/\\\/techmasterdemexico.com\\\/wp-content\\\/uploads\\\/2021\\\/08\\\/1-22.jpg\",\"contentUrl\":\"https:\\\/\\\/techmasterdemexico.com\\\/wp-content\\\/uploads\\\/2021\\\/08\\\/1-22.jpg\",\"width\":500,\"height\":500},{\"@type\":\"BreadcrumbList\",\"@id\":\"https:\\\/\\\/techmasterdemexico.com\\\/producto\\\/medidor-de-vibraciones-fluke-805\\\/#breadcrumb\",\"itemListElement\":[{\"@type\":\"ListItem\",\"position\":1,\"name\":\"Portada\",\"item\":\"https:\\\/\\\/techmasterdemexico.com\\\/\"},{\"@type\":\"ListItem\",\"position\":2,\"name\":\"Medidor de vibraciones Fluke 805\"}]},{\"@type\":\"WebSite\",\"@id\":\"https:\\\/\\\/techmasterdemexico.com\\\/#website\",\"url\":\"https:\\\/\\\/techmasterdemexico.com\\\/\",\"name\":\"Techmaster de Mexico\",\"description\":\"\",\"potentialAction\":[{\"@type\":\"SearchAction\",\"target\":{\"@type\":\"EntryPoint\",\"urlTemplate\":\"https:\\\/\\\/techmasterdemexico.com\\\/?s={search_term_string}\"},\"query-input\":{\"@type\":\"PropertyValueSpecification\",\"valueRequired\":true,\"valueName\":\"search_term_string\"}}],\"inLanguage\":\"en-US\"}]}<\/script>\n<!-- \/ Yoast SEO plugin. -->","yoast_head_json":{"title":"Medidor de vibraciones Fluke 805 - Techmaster de Mexico","robots":{"index":"index","follow":"follow","max-snippet":"max-snippet:-1","max-image-preview":"max-image-preview:large","max-video-preview":"max-video-preview:-1"},"canonical":"https:\/\/techmasterdemexico.com\/producto\/medidor-de-vibraciones-fluke-805\/","og_locale":"en_US","og_type":"article","og_title":"Medidor de vibraciones Fluke 805 - Techmaster de Mexico","og_description":"El dise\u00f1o innovador del sensor contribuye a minimizar las variaciones de las medidas causadas por el \u00e1ngulo del instrumento y la presi\u00f3n ejercida   Calidad de datos consistente tanto a alta como a baja frecuencia   La escala de cuatro niveles indica la gravedad de los problemas de vibraci\u00f3n general y de estado de los rodamientos   Exportaci\u00f3n de datos mediante USB   An\u00e1lisis de tendencias en Microsoft\u00ae Excel usando plantillas integradas   Medici\u00f3n de vibraciones generales (de 10 a 1000 Hz) para unidades de medici\u00f3n de aceleraci\u00f3n, velocidad y desplazamiento y para una amplia variedad de m\u00e1quinas   Tecnolog\u00eda Crest Factor+ que eval\u00faa de manera fiable el estado de los rodamientos al realizar medidas directas en la punta del sensor y en el rango de 4000 y 20 000 Hz   Sistema de iluminaci\u00f3n de colores (rojo y verde) y comentarios en pantalla que indican el nivel de presi\u00f3n necesario para realizar las mediciones   Medida de la temperatura con sensor de infrarrojos que aumenta la capacidad de diagn\u00f3stico   La memoria integrada almacena hasta 3500 mediciones   Salida de audio para escuchar el sonido de los cojinetes directamente   Soporte de aceler\u00f3metro externo para llegar a lugares dif\u00edciles de acceder   Linterna para ver ubicaciones de medici\u00f3n en zonas oscuras   Gran pantalla de alta resoluci\u00f3n para una navegaci\u00f3n y visualizaci\u00f3n m\u00e1s sencilla   Con el 805, puede comprobar las siguientes categor\u00edas de m\u00e1quinas:    Enfriadores (refrigeraci\u00f3n)   Ventiladores   Accionadores de torre de enfriamiento   Bombas centr\u00edfugas   Bombas de desplazamiento positivo   Compresores de aire   Sopladores   Cajas de cambios gen\u00e9ricas (cojinetes de elementos rodantes)   Maquinas herramienta (motor, cajas de cambios, husillos, etc).   \u00bfQu\u00e9 es Crest Factor+?  Crest Factor+ es un nuevo algoritmo patentado (o una nueva tecnolog\u00eda) que elimina las confusiones de las valoraciones de los rodamientos. Los especialistas en vibraci\u00f3n usan el Factor de cresta original para identificar los problemas en los cojinetes. Este factor se define como la relaci\u00f3n entre el valor de pico y el valor de RMS de una se\u00f1al de vibraci\u00f3n del dominio temporal.   Una limitaci\u00f3n importante del algoritmo de Factor de cresta original es que no aumenta de forma lineal mientras se degrada el rodamiento, lo que dificulta la determinaci\u00f3n de la gravedad de los problemas mec\u00e1nicos. De hecho, el Factor de cresta incluso se puede reducir a medida que el estado del rodamiento empeora, debido a los altos valores de RMS.   Para superar esta limitaci\u00f3n, Fluke usa un algoritmo propio, conocido como Crest Factor+ (CF+). Los valores de CF+ van de 1 a 16. A medida que empeoran las condiciones del rodamiento, el valor de CF+ aumenta, lo que permite al usuario reconocer la gravedad del problema. Para simplificar a\u00fan m\u00e1s las cosas, Fluke tambi\u00e9n ha incluido una escala de gravedad de cuatro niveles que identifica el estado del rodamiento como Bueno, Satisfactorio, Insatisfactorio o Inaceptable.   Exportaci\u00f3n y an\u00e1lisis de tendencias con el 805  Haga clic en la imagen para ampliarla   El an\u00e1lisis de tendencias, o las mediciones de vibraci\u00f3n repetidas guardadas en una hoja de c\u00e1lculo seg\u00fan el tiempo, son el mejor m\u00e9todo para hacer el seguimiento del estado de la m\u00e1quina. Con el 805, podr\u00e1 sin ninguna dificultad:    Exportar los resultados a Excel mediante una conexi\u00f3n USB   Analizar las tendencias de las lecturas con las plantillas y gr\u00e1ficos incorporados de Microsoft\u00ae Excel   Comparar las lecturas de vibraciones generales con los est\u00e1ndares ISO (10816-1, 10816-3, 10816-7)","og_url":"https:\/\/techmasterdemexico.com\/producto\/medidor-de-vibraciones-fluke-805\/","og_site_name":"Techmaster de Mexico","article_modified_time":"2021-12-28T22:22:05+00:00","og_image":[{"width":500,"height":500,"url":"https:\/\/techmasterdemexico.com\/wp-content\/uploads\/2021\/08\/1-22.jpg","type":"image\/jpeg"}],"twitter_card":"summary_large_image","twitter_misc":{"Est. reading time":"1 minute"},"schema":{"@context":"https:\/\/schema.org","@graph":[{"@type":"WebPage","@id":"https:\/\/techmasterdemexico.com\/producto\/medidor-de-vibraciones-fluke-805\/","url":"https:\/\/techmasterdemexico.com\/producto\/medidor-de-vibraciones-fluke-805\/","name":"Medidor de vibraciones Fluke 805 - Techmaster de Mexico","isPartOf":{"@id":"https:\/\/techmasterdemexico.com\/#website"},"primaryImageOfPage":{"@id":"https:\/\/techmasterdemexico.com\/producto\/medidor-de-vibraciones-fluke-805\/#primaryimage"},"image":{"@id":"https:\/\/techmasterdemexico.com\/producto\/medidor-de-vibraciones-fluke-805\/#primaryimage"},"thumbnailUrl":"https:\/\/techmasterdemexico.com\/wp-content\/uploads\/2021\/08\/1-22.jpg","datePublished":"2021-08-19T17:43:04+00:00","dateModified":"2021-12-28T22:22:05+00:00","breadcrumb":{"@id":"https:\/\/techmasterdemexico.com\/producto\/medidor-de-vibraciones-fluke-805\/#breadcrumb"},"inLanguage":"en-US","potentialAction":[{"@type":"ReadAction","target":["https:\/\/techmasterdemexico.com\/producto\/medidor-de-vibraciones-fluke-805\/"]}]},{"@type":"ImageObject","inLanguage":"en-US","@id":"https:\/\/techmasterdemexico.com\/producto\/medidor-de-vibraciones-fluke-805\/#primaryimage","url":"https:\/\/techmasterdemexico.com\/wp-content\/uploads\/2021\/08\/1-22.jpg","contentUrl":"https:\/\/techmasterdemexico.com\/wp-content\/uploads\/2021\/08\/1-22.jpg","width":500,"height":500},{"@type":"BreadcrumbList","@id":"https:\/\/techmasterdemexico.com\/producto\/medidor-de-vibraciones-fluke-805\/#breadcrumb","itemListElement":[{"@type":"ListItem","position":1,"name":"Portada","item":"https:\/\/techmasterdemexico.com\/"},{"@type":"ListItem","position":2,"name":"Medidor de vibraciones Fluke 805"}]},{"@type":"WebSite","@id":"https:\/\/techmasterdemexico.com\/#website","url":"https:\/\/techmasterdemexico.com\/","name":"Techmaster de Mexico","description":"","potentialAction":[{"@type":"SearchAction","target":{"@type":"EntryPoint","urlTemplate":"https:\/\/techmasterdemexico.com\/?s={search_term_string}"},"query-input":{"@type":"PropertyValueSpecification","valueRequired":true,"valueName":"search_term_string"}}],"inLanguage":"en-US"}]}},"brands":[{"id":31,"name":"Fluke","slug":"fluke"}],"_links":{"self":[{"href":"https:\/\/techmasterdemexico.com\/en\/wp-json\/wp\/v2\/product\/8121","targetHints":{"allow":["GET"]}}],"collection":[{"href":"https:\/\/techmasterdemexico.com\/en\/wp-json\/wp\/v2\/product"}],"about":[{"href":"https:\/\/techmasterdemexico.com\/en\/wp-json\/wp\/v2\/types\/product"}],"wp:featuredmedia":[{"embeddable":true,"href":"https:\/\/techmasterdemexico.com\/en\/wp-json\/wp\/v2\/media\/8789"}],"wp:attachment":[{"href":"https:\/\/techmasterdemexico.com\/en\/wp-json\/wp\/v2\/media?parent=8121"}],"wp:term":[{"taxonomy":"pwb-brand","embeddable":true,"href":"https:\/\/techmasterdemexico.com\/en\/wp-json\/wp\/v2\/pwb-brand?post=8121"},{"taxonomy":"product_brand","embeddable":true,"href":"https:\/\/techmasterdemexico.com\/en\/wp-json\/wp\/v2\/product_brand?post=8121"},{"taxonomy":"product_cat","embeddable":true,"href":"https:\/\/techmasterdemexico.com\/en\/wp-json\/wp\/v2\/product_cat?post=8121"},{"taxonomy":"product_tag","embeddable":true,"href":"https:\/\/techmasterdemexico.com\/en\/wp-json\/wp\/v2\/product_tag?post=8121"}],"curies":[{"name":"wp","href":"https:\/\/api.w.org\/{rel}","templated":true}]}}