{"id":8120,"date":"2021-08-19T17:42:58","date_gmt":"2021-08-19T17:42:58","guid":{"rendered":"http:\/\/techmastermx.ddns.net\/producto\/analizador-de-vibraciones-fluke-810\/"},"modified":"2021-12-28T22:22:06","modified_gmt":"2021-12-28T22:22:06","slug":"analizador-de-vibraciones-fluke-810","status":"publish","type":"product","link":"https:\/\/techmasterdemexico.com\/en\/producto\/analizador-de-vibraciones-fluke-810\/","title":{"rendered":"Analizador de vibraciones Fluke 810"},"content":{"rendered":"<p>Analizador de vibraciones Fluke 810<\/p>\n<p>Comprobador de vibraciones Fluke 810: para una respuesta inmediata&#8230;<\/p>\n<p>Controle las paradas no programadas, evite problemas recurrentes, establezca prioridades de reparaci\u00f3n y gestione sus recursos con un enfoque completamente nuevo del an\u00e1lisis de vibraciones.<\/p>\n<p>El analizador de vibraciones Fluke 810 es la herramienta de soluci\u00f3n de problemas m\u00e1s avanzada para los equipos de mantenimiento mec\u00e1nico que necesiten obtener respuestas al instante. La exclusiva tecnolog\u00eda de diagn\u00f3stico lo ayuda r\u00e1pidamente a identificar y priorizar problemas mec\u00e1nicos, y pone la experiencia de un analista en vibraciones a su alcance.<\/p>\n<p>Se sentir\u00e1 orgulloso de su instalaci\u00f3n, de su equipo y de su trabajo. A pesar de hacer todo lo posible por mantener sus equipos en marcha, a veces no se dispone ni del tiempo suficiente ni de los recursos necesarios para estar al d\u00eda con la carga de trabajo y, mucho menos, para ser proactivo en el mantenimiento mec\u00e1nico. Disfrute de la ventaja que le ofrece el analizador de vibraciones Fluke 810 al combinar un poderoso motor de diagn\u00f3stico con un sencillo proceso paso a paso para generar informes sobre fallas espec\u00edficas de la m\u00e1quina y su gravedad la primera vez que se realizan las mediciones, sin historial de medici\u00f3n previo. Las mediciones de vibraci\u00f3n general y los diagramas espectrales le permiten a los t\u00e9cnicos evaluar r\u00e1pidamente el funcionamiento de la m\u00e1quina, mientras que los informes mejorados y las recomendaciones pr\u00e1cticas le brindan la confianza que necesita para atender primero los problemas m\u00e1s cr\u00edticos.<\/p>\n<p>Disponible en distribuidores seleccionados.<\/p>\n","protected":false},"excerpt":{"rendered":"<ul>\n<li>La identificaci\u00f3n y localizaci\u00f3n conjunta de las aver\u00edas mec\u00e1nicas m\u00e1s comunes (cojinetes, alineaci\u00f3n incorrecta, desequilibrio, holguras) concentra los trabajos de mantenimiento en el origen del problema, con lo que se reducen los tiempos de parada no planificados.<\/li>\n<li>El nivel general de vibraciones le permite evaluar r\u00e1pidamente el estado general de la m\u00e1quina directamente desde la pantalla de diagn\u00f3stico<\/li>\n<li>La escala con indicaciones de gravedad de la aver\u00eda (leve, moderada, grave, cr\u00edtica) ayuda a priorizar el trabajo de mantenimiento<\/li>\n<li>Las recomendaciones de reparaci\u00f3n advierten a los t\u00e9cnicos sobre las medidas correctoras.<\/li>\n<li>Los informes de diagn\u00f3stico detallados junto con los diagramas espectrales ayudan a confirmar la calidad de los datos y a acotar las posibilidades para la determinaci\u00f3n de la causa originaria de la falla.<\/li>\n<li>La ayuda en pantalla sensible al contexto ofrece consejos en tiempo real y sirve de gu\u00eda a los nuevos usuarios<\/li>\n<li>La configuraci\u00f3n de velocidad flexible de la m\u00e1quina brinda la posibilidad de evaluar una amplia gama de elementos, que incluyen sistemas de transmisi\u00f3n, cajas de cambios y engranajes c\u00f3nicos.<\/li>\n<li>La memoria integrada ampliable de 2GB proporciona espacio suficiente para los datos de sus maquinas<\/li>\n<li>La funci\u00f3n de autocomprobaci\u00f3n garantiza un rendimiento \u00f3ptimo y m\u00e1s tiempo para el trabajo.<\/li>\n<li>El tac\u00f3metro l\u00e1ser proporciona precisi\u00f3n en la medida de la velocidad de las m\u00e1quinas en funcionamiento y favorece un diagn\u00f3stico seguro<\/li>\n<li>El aceler\u00f3metro triaxial reduce en 2\/3 el tiempo de medida comparado con un sistema que use aceler\u00f3metros de eje \u00fanico<\/li>\n<li>El software Viewer para PC ampl\u00eda la capacidad de almacenamiento de datos y el seguimiento de los equipos.<\/li>\n<\/ul>\n<p>Use el analizador de vibraciones Fluke 810 para las siguientes tareas:<\/p>\n<p>-Solucionar r\u00e1pidamente los problemas que presentan los equipos y comprender la causa principal de las aver\u00edas.<\/p>\n<p>-Inspeccionar el equipo antes y despu\u00e9s del mantenimiento planificado y confirmar la reparaci\u00f3n.<\/p>\n<p>-Poner en marcha nuevos equipos y garantizar una instalaci\u00f3n correcta.<\/p>\n<p>-Proporcionar una prueba cuantificable de las condiciones de trabajo de los equipos y guiar las inversiones en cuanto a reparar o sustituir un equipo.<\/p>\n<p>-Priorizar y planificar las reparaciones y trabajar con mayor eficiencia.<\/p>\n<p>-Anticiparse a la aparici\u00f3n de aver\u00edas en los equipos y tener el control sobre el inventario de piezas de repuesto.<\/p>\n<p>-Formar a t\u00e9cnicos nuevos o con menor experiencia para mejorar la propia confianza y las habilidades en el seno del equipo de mantenimiento.<\/p>\n","protected":false},"featured_media":8793,"template":"","meta":{"_acf_changed":false},"pwb-brand":[31],"product_brand":[],"product_cat":[366,30,37],"product_tag":[],"class_list":{"0":"post-8120","1":"product","2":"type-product","3":"status-publish","4":"has-post-thumbnail","6":"pwb-brand-fluke","7":"product_cat-todos-los-productos","8":"product_cat-fluke","9":"product_cat-medidores-de-vibracion","11":"first","12":"instock","13":"taxable","14":"shipping-taxable","15":"product-type-simple"},"acf":[],"yoast_head":"<!-- This site is optimized with the Yoast SEO plugin v27.4 - https:\/\/yoast.com\/product\/yoast-seo-wordpress\/ -->\n<title>Analizador de vibraciones Fluke 810 - Techmaster de Mexico<\/title>\n<meta name=\"robots\" content=\"index, follow, max-snippet:-1, max-image-preview:large, max-video-preview:-1\" \/>\n<link rel=\"canonical\" href=\"https:\/\/techmasterdemexico.com\/producto\/analizador-de-vibraciones-fluke-810\/\" \/>\n<meta property=\"og:locale\" content=\"en_US\" \/>\n<meta property=\"og:type\" content=\"article\" \/>\n<meta property=\"og:title\" content=\"Analizador de vibraciones Fluke 810 - Techmaster de Mexico\" \/>\n<meta property=\"og:description\" content=\"La identificaci\u00f3n y localizaci\u00f3n conjunta de las aver\u00edas mec\u00e1nicas m\u00e1s comunes (cojinetes, alineaci\u00f3n incorrecta, desequilibrio, holguras) concentra los trabajos de mantenimiento en el origen del problema, con lo que se reducen los tiempos de parada no planificados.   El nivel general de vibraciones le permite evaluar r\u00e1pidamente el estado general de la m\u00e1quina directamente desde la pantalla de diagn\u00f3stico   La escala con indicaciones de gravedad de la aver\u00eda (leve, moderada, grave, cr\u00edtica) ayuda a priorizar el trabajo de mantenimiento   Las recomendaciones de reparaci\u00f3n advierten a los t\u00e9cnicos sobre las medidas correctoras.   Los informes de diagn\u00f3stico detallados junto con los diagramas espectrales ayudan a confirmar la calidad de los datos y a acotar las posibilidades para la determinaci\u00f3n de la causa originaria de la falla.   La ayuda en pantalla sensible al contexto ofrece consejos en tiempo real y sirve de gu\u00eda a los nuevos usuarios   La configuraci\u00f3n de velocidad flexible de la m\u00e1quina brinda la posibilidad de evaluar una amplia gama de elementos, que incluyen sistemas de transmisi\u00f3n, cajas de cambios y engranajes c\u00f3nicos.   La memoria integrada ampliable de 2GB proporciona espacio suficiente para los datos de sus maquinas   La funci\u00f3n de autocomprobaci\u00f3n garantiza un rendimiento \u00f3ptimo y m\u00e1s tiempo para el trabajo.   El tac\u00f3metro l\u00e1ser proporciona precisi\u00f3n en la medida de la velocidad de las m\u00e1quinas en funcionamiento y favorece un diagn\u00f3stico seguro   El aceler\u00f3metro triaxial reduce en 2\/3 el tiempo de medida comparado con un sistema que use aceler\u00f3metros de eje \u00fanico   El software Viewer para PC ampl\u00eda la capacidad de almacenamiento de datos y el seguimiento de los equipos.   Use el analizador de vibraciones Fluke 810 para las siguientes tareas:  -Solucionar r\u00e1pidamente los problemas que presentan los equipos y comprender la causa principal de las aver\u00edas.  -Inspeccionar el equipo antes y despu\u00e9s del mantenimiento planificado y confirmar la reparaci\u00f3n.  -Poner en marcha nuevos equipos y garantizar una instalaci\u00f3n correcta.  -Proporcionar una prueba cuantificable de las condiciones de trabajo de los equipos y guiar las inversiones en cuanto a reparar o sustituir un equipo.  -Priorizar y planificar las reparaciones y trabajar con mayor eficiencia.  -Anticiparse a la aparici\u00f3n de aver\u00edas en los equipos y tener el control sobre el inventario de piezas de repuesto.  -Formar a t\u00e9cnicos nuevos o con menor experiencia para mejorar la propia confianza y las habilidades en el seno del equipo de mantenimiento.\" \/>\n<meta property=\"og:url\" content=\"https:\/\/techmasterdemexico.com\/producto\/analizador-de-vibraciones-fluke-810\/\" \/>\n<meta property=\"og:site_name\" content=\"Techmaster de Mexico\" \/>\n<meta property=\"article:modified_time\" content=\"2021-12-28T22:22:06+00:00\" \/>\n<meta property=\"og:image\" content=\"https:\/\/techmasterdemexico.com\/wp-content\/uploads\/2021\/08\/1-23.jpg\" \/>\n\t<meta property=\"og:image:width\" content=\"500\" \/>\n\t<meta property=\"og:image:height\" content=\"500\" \/>\n\t<meta property=\"og:image:type\" content=\"image\/jpeg\" \/>\n<meta name=\"twitter:card\" content=\"summary_large_image\" \/>\n<meta name=\"twitter:label1\" content=\"Est. reading time\" \/>\n\t<meta name=\"twitter:data1\" content=\"1 minute\" \/>\n<script type=\"application\/ld+json\" class=\"yoast-schema-graph\">{\"@context\":\"https:\\\/\\\/schema.org\",\"@graph\":[{\"@type\":\"WebPage\",\"@id\":\"https:\\\/\\\/techmasterdemexico.com\\\/producto\\\/analizador-de-vibraciones-fluke-810\\\/\",\"url\":\"https:\\\/\\\/techmasterdemexico.com\\\/producto\\\/analizador-de-vibraciones-fluke-810\\\/\",\"name\":\"Analizador de vibraciones Fluke 810 - Techmaster de Mexico\",\"isPartOf\":{\"@id\":\"https:\\\/\\\/techmasterdemexico.com\\\/#website\"},\"primaryImageOfPage\":{\"@id\":\"https:\\\/\\\/techmasterdemexico.com\\\/producto\\\/analizador-de-vibraciones-fluke-810\\\/#primaryimage\"},\"image\":{\"@id\":\"https:\\\/\\\/techmasterdemexico.com\\\/producto\\\/analizador-de-vibraciones-fluke-810\\\/#primaryimage\"},\"thumbnailUrl\":\"https:\\\/\\\/techmasterdemexico.com\\\/wp-content\\\/uploads\\\/2021\\\/08\\\/1-23.jpg\",\"datePublished\":\"2021-08-19T17:42:58+00:00\",\"dateModified\":\"2021-12-28T22:22:06+00:00\",\"breadcrumb\":{\"@id\":\"https:\\\/\\\/techmasterdemexico.com\\\/producto\\\/analizador-de-vibraciones-fluke-810\\\/#breadcrumb\"},\"inLanguage\":\"en-US\",\"potentialAction\":[{\"@type\":\"ReadAction\",\"target\":[\"https:\\\/\\\/techmasterdemexico.com\\\/producto\\\/analizador-de-vibraciones-fluke-810\\\/\"]}]},{\"@type\":\"ImageObject\",\"inLanguage\":\"en-US\",\"@id\":\"https:\\\/\\\/techmasterdemexico.com\\\/producto\\\/analizador-de-vibraciones-fluke-810\\\/#primaryimage\",\"url\":\"https:\\\/\\\/techmasterdemexico.com\\\/wp-content\\\/uploads\\\/2021\\\/08\\\/1-23.jpg\",\"contentUrl\":\"https:\\\/\\\/techmasterdemexico.com\\\/wp-content\\\/uploads\\\/2021\\\/08\\\/1-23.jpg\",\"width\":500,\"height\":500},{\"@type\":\"BreadcrumbList\",\"@id\":\"https:\\\/\\\/techmasterdemexico.com\\\/producto\\\/analizador-de-vibraciones-fluke-810\\\/#breadcrumb\",\"itemListElement\":[{\"@type\":\"ListItem\",\"position\":1,\"name\":\"Portada\",\"item\":\"https:\\\/\\\/techmasterdemexico.com\\\/\"},{\"@type\":\"ListItem\",\"position\":2,\"name\":\"Analizador de vibraciones Fluke 810\"}]},{\"@type\":\"WebSite\",\"@id\":\"https:\\\/\\\/techmasterdemexico.com\\\/#website\",\"url\":\"https:\\\/\\\/techmasterdemexico.com\\\/\",\"name\":\"Techmaster de Mexico\",\"description\":\"\",\"potentialAction\":[{\"@type\":\"SearchAction\",\"target\":{\"@type\":\"EntryPoint\",\"urlTemplate\":\"https:\\\/\\\/techmasterdemexico.com\\\/?s={search_term_string}\"},\"query-input\":{\"@type\":\"PropertyValueSpecification\",\"valueRequired\":true,\"valueName\":\"search_term_string\"}}],\"inLanguage\":\"en-US\"}]}<\/script>\n<!-- \/ Yoast SEO plugin. -->","yoast_head_json":{"title":"Analizador de vibraciones Fluke 810 - Techmaster de Mexico","robots":{"index":"index","follow":"follow","max-snippet":"max-snippet:-1","max-image-preview":"max-image-preview:large","max-video-preview":"max-video-preview:-1"},"canonical":"https:\/\/techmasterdemexico.com\/producto\/analizador-de-vibraciones-fluke-810\/","og_locale":"en_US","og_type":"article","og_title":"Analizador de vibraciones Fluke 810 - Techmaster de Mexico","og_description":"La identificaci\u00f3n y localizaci\u00f3n conjunta de las aver\u00edas mec\u00e1nicas m\u00e1s comunes (cojinetes, alineaci\u00f3n incorrecta, desequilibrio, holguras) concentra los trabajos de mantenimiento en el origen del problema, con lo que se reducen los tiempos de parada no planificados.   El nivel general de vibraciones le permite evaluar r\u00e1pidamente el estado general de la m\u00e1quina directamente desde la pantalla de diagn\u00f3stico   La escala con indicaciones de gravedad de la aver\u00eda (leve, moderada, grave, cr\u00edtica) ayuda a priorizar el trabajo de mantenimiento   Las recomendaciones de reparaci\u00f3n advierten a los t\u00e9cnicos sobre las medidas correctoras.   Los informes de diagn\u00f3stico detallados junto con los diagramas espectrales ayudan a confirmar la calidad de los datos y a acotar las posibilidades para la determinaci\u00f3n de la causa originaria de la falla.   La ayuda en pantalla sensible al contexto ofrece consejos en tiempo real y sirve de gu\u00eda a los nuevos usuarios   La configuraci\u00f3n de velocidad flexible de la m\u00e1quina brinda la posibilidad de evaluar una amplia gama de elementos, que incluyen sistemas de transmisi\u00f3n, cajas de cambios y engranajes c\u00f3nicos.   La memoria integrada ampliable de 2GB proporciona espacio suficiente para los datos de sus maquinas   La funci\u00f3n de autocomprobaci\u00f3n garantiza un rendimiento \u00f3ptimo y m\u00e1s tiempo para el trabajo.   El tac\u00f3metro l\u00e1ser proporciona precisi\u00f3n en la medida de la velocidad de las m\u00e1quinas en funcionamiento y favorece un diagn\u00f3stico seguro   El aceler\u00f3metro triaxial reduce en 2\/3 el tiempo de medida comparado con un sistema que use aceler\u00f3metros de eje \u00fanico   El software Viewer para PC ampl\u00eda la capacidad de almacenamiento de datos y el seguimiento de los equipos.   Use el analizador de vibraciones Fluke 810 para las siguientes tareas:  -Solucionar r\u00e1pidamente los problemas que presentan los equipos y comprender la causa principal de las aver\u00edas.  -Inspeccionar el equipo antes y despu\u00e9s del mantenimiento planificado y confirmar la reparaci\u00f3n.  -Poner en marcha nuevos equipos y garantizar una instalaci\u00f3n correcta.  -Proporcionar una prueba cuantificable de las condiciones de trabajo de los equipos y guiar las inversiones en cuanto a reparar o sustituir un equipo.  -Priorizar y planificar las reparaciones y trabajar con mayor eficiencia.  -Anticiparse a la aparici\u00f3n de aver\u00edas en los equipos y tener el control sobre el inventario de piezas de repuesto.  -Formar a t\u00e9cnicos nuevos o con menor experiencia para mejorar la propia confianza y las habilidades en el seno del equipo de mantenimiento.","og_url":"https:\/\/techmasterdemexico.com\/producto\/analizador-de-vibraciones-fluke-810\/","og_site_name":"Techmaster de Mexico","article_modified_time":"2021-12-28T22:22:06+00:00","og_image":[{"width":500,"height":500,"url":"https:\/\/techmasterdemexico.com\/wp-content\/uploads\/2021\/08\/1-23.jpg","type":"image\/jpeg"}],"twitter_card":"summary_large_image","twitter_misc":{"Est. reading time":"1 minute"},"schema":{"@context":"https:\/\/schema.org","@graph":[{"@type":"WebPage","@id":"https:\/\/techmasterdemexico.com\/producto\/analizador-de-vibraciones-fluke-810\/","url":"https:\/\/techmasterdemexico.com\/producto\/analizador-de-vibraciones-fluke-810\/","name":"Analizador de vibraciones Fluke 810 - Techmaster de Mexico","isPartOf":{"@id":"https:\/\/techmasterdemexico.com\/#website"},"primaryImageOfPage":{"@id":"https:\/\/techmasterdemexico.com\/producto\/analizador-de-vibraciones-fluke-810\/#primaryimage"},"image":{"@id":"https:\/\/techmasterdemexico.com\/producto\/analizador-de-vibraciones-fluke-810\/#primaryimage"},"thumbnailUrl":"https:\/\/techmasterdemexico.com\/wp-content\/uploads\/2021\/08\/1-23.jpg","datePublished":"2021-08-19T17:42:58+00:00","dateModified":"2021-12-28T22:22:06+00:00","breadcrumb":{"@id":"https:\/\/techmasterdemexico.com\/producto\/analizador-de-vibraciones-fluke-810\/#breadcrumb"},"inLanguage":"en-US","potentialAction":[{"@type":"ReadAction","target":["https:\/\/techmasterdemexico.com\/producto\/analizador-de-vibraciones-fluke-810\/"]}]},{"@type":"ImageObject","inLanguage":"en-US","@id":"https:\/\/techmasterdemexico.com\/producto\/analizador-de-vibraciones-fluke-810\/#primaryimage","url":"https:\/\/techmasterdemexico.com\/wp-content\/uploads\/2021\/08\/1-23.jpg","contentUrl":"https:\/\/techmasterdemexico.com\/wp-content\/uploads\/2021\/08\/1-23.jpg","width":500,"height":500},{"@type":"BreadcrumbList","@id":"https:\/\/techmasterdemexico.com\/producto\/analizador-de-vibraciones-fluke-810\/#breadcrumb","itemListElement":[{"@type":"ListItem","position":1,"name":"Portada","item":"https:\/\/techmasterdemexico.com\/"},{"@type":"ListItem","position":2,"name":"Analizador de vibraciones Fluke 810"}]},{"@type":"WebSite","@id":"https:\/\/techmasterdemexico.com\/#website","url":"https:\/\/techmasterdemexico.com\/","name":"Techmaster de Mexico","description":"","potentialAction":[{"@type":"SearchAction","target":{"@type":"EntryPoint","urlTemplate":"https:\/\/techmasterdemexico.com\/?s={search_term_string}"},"query-input":{"@type":"PropertyValueSpecification","valueRequired":true,"valueName":"search_term_string"}}],"inLanguage":"en-US"}]}},"brands":[{"id":31,"name":"Fluke","slug":"fluke"}],"_links":{"self":[{"href":"https:\/\/techmasterdemexico.com\/en\/wp-json\/wp\/v2\/product\/8120","targetHints":{"allow":["GET"]}}],"collection":[{"href":"https:\/\/techmasterdemexico.com\/en\/wp-json\/wp\/v2\/product"}],"about":[{"href":"https:\/\/techmasterdemexico.com\/en\/wp-json\/wp\/v2\/types\/product"}],"wp:featuredmedia":[{"embeddable":true,"href":"https:\/\/techmasterdemexico.com\/en\/wp-json\/wp\/v2\/media\/8793"}],"wp:attachment":[{"href":"https:\/\/techmasterdemexico.com\/en\/wp-json\/wp\/v2\/media?parent=8120"}],"wp:term":[{"taxonomy":"pwb-brand","embeddable":true,"href":"https:\/\/techmasterdemexico.com\/en\/wp-json\/wp\/v2\/pwb-brand?post=8120"},{"taxonomy":"product_brand","embeddable":true,"href":"https:\/\/techmasterdemexico.com\/en\/wp-json\/wp\/v2\/product_brand?post=8120"},{"taxonomy":"product_cat","embeddable":true,"href":"https:\/\/techmasterdemexico.com\/en\/wp-json\/wp\/v2\/product_cat?post=8120"},{"taxonomy":"product_tag","embeddable":true,"href":"https:\/\/techmasterdemexico.com\/en\/wp-json\/wp\/v2\/product_tag?post=8120"}],"curies":[{"name":"wp","href":"https:\/\/api.w.org\/{rel}","templated":true}]}}